{"id":2095,"date":"2024-11-10T11:59:55","date_gmt":"2024-11-10T11:59:55","guid":{"rendered":"https:\/\/globaldocs.store\/?post_type=product&#038;p=2095"},"modified":"2024-11-10T11:59:56","modified_gmt":"2024-11-10T11:59:56","slug":"kup-slowacki-paszport-online","status":"publish","type":"product","link":"https:\/\/globaldocs.store\/pl\/dokumenty\/kup-slowacki-paszport-online\/","title":{"rendered":"Kup s\u0142owacki paszport online"},"content":{"rendered":"<h2><span style=\"color: #000000;\"><strong>Kup s\u0142owacki paszport online - \u0142atwy dost\u0119p do obywatelstwa europejskiego<\/strong><\/span><\/h2>\n<p><span style=\"color: #000000;\">S\u0142owacki paszport otwiera drzwi do Unii Europejskiej, zapewniaj\u0105c <strong>ruch bezwizowy<\/strong>, <strong>prawa pracownicze<\/strong>oraz <strong>Rezydencja w ca\u0142ej UE<\/strong>. W Global Docs Solutions specjalizujemy si\u0119 w pomaganiu klientom w szybkim i bezpiecznym uzyskaniu s\u0142owackiego paszportu, oferuj\u0105c pe\u0142ne wskaz\u00f3wki podczas ca\u0142ego procesu. Nasz zaufany zesp\u00f3\u0142 zarz\u0105dza Twoim wnioskiem z profesjonalizmem i prywatno\u015bci\u0105, u\u0142atwiaj\u0105c uzyskanie korzy\u015bci p\u0142yn\u0105cych z obywatelstwa UE w 2024\/25 roku.<\/span><\/p>\n<h2><span style=\"color: #000000;\"><strong>Korzy\u015bci ze s\u0142owackiego paszportu<\/strong><\/span><\/h2>\n<ul>\n<li><span style=\"color: #000000;\"><strong>Podr\u00f3\u017c bez wiz<\/strong>: Eksploruj <strong>185+ kraj\u00f3w<\/strong> na ca\u0142ym \u015bwiecie, w tym w strefie Schengen, USA, Kanadzie i Wielkiej Brytanii, bez dodatkowych wymog\u00f3w wizowych.<\/span><\/li>\n<li><span style=\"color: #000000;\"><strong>Pobyt w UE i prawa pracownicze<\/strong>: Posiadaj\u0105c s\u0142owacki paszport, mo\u017cesz mieszka\u0107, pracowa\u0107 i studiowa\u0107 w dowolnym kraju UE.<\/span><\/li>\n<li><span style=\"color: #000000;\"><strong>Dost\u0119p do wysokiej jako\u015bci us\u0142ug<\/strong>: Skorzystaj z unijnej opieki zdrowotnej, edukacji i us\u0142ug socjalnych.<\/span><\/li>\n<li><span style=\"color: #000000;\"><strong>Mo\u017cliwo\u015bci biznesowe i inwestycyjne<\/strong>: \u0141atwe zabezpieczanie praw biznesowych w krajach UE.<\/span><\/li>\n<\/ul>\n<h2><span style=\"color: #000000;\"><strong>Dlaczego warto wybra\u0107 Global Docs Solutions do z\u0142o\u017cenia wniosku o s\u0142owacki paszport?<\/strong><\/span><\/h2>\n<ol>\n<li><span style=\"color: #000000;\"><strong>Szybkie i niezawodne przetwarzanie<\/strong>: Uzyskaj s\u0142owacki paszport w ci\u0105gu <strong>7-10 dni roboczych<\/strong>.<\/span><\/li>\n<li><span style=\"color: #000000;\"><strong>Bezpiecze\u0144stwo i prywatno\u015b\u0107<\/strong>: Wszystkie wnioski rozpatrujemy w spos\u00f3b poufny, zapewniaj\u0105c ochron\u0119 informacji.<\/span><\/li>\n<li><span style=\"color: #000000;\"><strong>Wiele opcji p\u0142atno\u015bci<\/strong>: Zap\u0142a\u0107 przez <strong>Bitcoin, USDT, przelew bankowy, Western Union<\/strong>lub <strong>WorldRemit<\/strong> dla wygody u\u017cytkownika.<\/span><\/li>\n<li><span style=\"color: #000000;\"><strong>Wsparcie zorientowane na klienta<\/strong>: Nasz zesp\u00f3\u0142 zapewnia pomoc 24\/7, dzi\u0119ki czemu ka\u017cdy etap aplikacji jest jasny i prosty.<\/span><\/li>\n<\/ol>\n<h2><span style=\"color: #000000;\"><strong>Specyfikacja us\u0142ugi - pomoc przy sk\u0142adaniu wniosku o wydanie paszportu s\u0142owackiego<\/strong><\/span><\/h2>\n<table>\n<thead>\n<tr>\n<th><span style=\"color: #000000;\"><strong>Cecha<\/strong><\/span><\/th>\n<th><span style=\"color: #000000;\"><strong>Szczeg\u00f3\u0142y<\/strong><\/span><\/th>\n<\/tr>\n<\/thead>\n<tbody>\n<tr>\n<td><span style=\"color: #000000;\"><strong>Typ us\u0142ugi<\/strong><\/span><\/td>\n<td><span style=\"color: #000000;\">Uzyskanie s\u0142owackiego paszportu<\/span><\/td>\n<\/tr>\n<tr>\n<td><span style=\"color: #000000;\"><strong>Czas przetwarzania<\/strong><\/span><\/td>\n<td><span style=\"color: #000000;\">7-10 dni roboczych<\/span><\/td>\n<\/tr>\n<tr>\n<td><span style=\"color: #000000;\"><strong>Kwalifikowalno\u015b\u0107<\/strong><\/span><\/td>\n<td><span style=\"color: #000000;\">Otwarte dla kandydat\u00f3w z zagranicy<\/span><\/td>\n<\/tr>\n<tr>\n<td><span style=\"color: #000000;\"><strong>Wymagane dokumenty<\/strong><\/span><\/td>\n<td><span style=\"color: #000000;\">Podstawowa identyfikacja i wszelkie niezb\u0119dne dokumenty<\/span><\/td>\n<\/tr>\n<tr>\n<td><span style=\"color: #000000;\"><strong>Metody p\u0142atno\u015bci<\/strong><\/span><\/td>\n<td><span style=\"color: #000000;\">Bitcoin, USDT, przelew bankowy, Western Union, WorldRemit<\/span><\/td>\n<\/tr>\n<tr>\n<td><span style=\"color: #000000;\"><strong>Dostawa<\/strong><\/span><\/td>\n<td><span style=\"color: #000000;\">Bezpieczna, globalna dostawa w ci\u0105gu 7-10 dni<\/span><\/td>\n<\/tr>\n<tr>\n<td><span style=\"color: #000000;\"><strong>Wsparcie<\/strong><\/span><\/td>\n<td><span style=\"color: #000000;\">Wsparcie 24\/7 przez e-mail, telefon i czat na \u017cywo<\/span><\/td>\n<\/tr>\n<\/tbody>\n<\/table>\n<h2><span style=\"color: #000000;\"><strong>Jak kupi\u0107 s\u0142owacki paszport online - proste kroki<\/strong><\/span><\/h2>\n<ol>\n<li><span style=\"color: #000000;\"><strong>Skontaktuj si\u0119 z nami w celu konsultacji<\/strong>: Skontaktuj si\u0119 z nami, aby om\u00f3wi\u0107 uprawnienia i odpowiedzie\u0107 na pytania.<\/span><\/li>\n<li><span style=\"color: #000000;\"><strong>Bezpieczne przesy\u0142anie dokument\u00f3w<\/strong>: Wysy\u0142aj dokumenty za po\u015brednictwem naszej szyfrowanej platformy.<\/span><\/li>\n<li><span style=\"color: #000000;\"><strong>Pe\u0142na p\u0142atno\u015b\u0107<\/strong>: Wybierz spo\u015br\u00f3d Bitcoin, USDT, przelewu bankowego, Western Union lub WorldRemit, aby uzyska\u0107 p\u0142ynn\u0105 p\u0142atno\u015b\u0107.<\/span><\/li>\n<li><span style=\"color: #000000;\"><strong>Dostawa paszportu<\/strong>: Paszport zostanie wys\u0142any w ci\u0105gu <strong>7-10 dni roboczych<\/strong>bezpiecznie na preferowany adres.<\/span><\/li>\n<\/ol>\n<h2><span style=\"color: #000000;\"><strong>Dodatkowe wsparcie dla posiadaczy paszport\u00f3w s\u0142owackich<\/strong><\/span><\/h2>\n<ul>\n<li><span style=\"color: #000000;\"><strong>Przygotowanie i t\u0142umaczenie dokument\u00f3w<\/strong>: W razie potrzeby nasz zesp\u00f3\u0142 pomaga w przygotowaniu i t\u0142umaczeniu dokument\u00f3w.<\/span><\/li>\n<li><span style=\"color: #000000;\"><strong>Wsparcie rezydentury<\/strong>: Po otrzymaniu paszportu uzyskaj wskaz\u00f3wki dotycz\u0105ce osiedlenia si\u0119 na S\u0142owacji lub w dowolnym kraju UE.<\/span><\/li>\n<li><span style=\"color: #000000;\"><strong>Pomoc w aplikacji 24\/7<\/strong>: Od pocz\u0105tku do ko\u0144ca nasz zesp\u00f3\u0142 jest tutaj, aby odpowiada\u0107 na pytania i zapewnia\u0107 wsparcie.<\/span><\/li>\n<\/ul>\n<h2><span style=\"color: #000000;\"><strong>Najcz\u0119\u015bciej zadawane pytania<\/strong><\/span><\/h2>\n<p><span style=\"color: #000000;\"><strong>1. Jak d\u0142ugo czeka si\u0119 na s\u0142owacki paszport?<\/strong><\/span><br \/>\n<span style=\"color: #000000;\">Dostawa trwa <strong>7-10 dni roboczych<\/strong> od uko\u0144czenia aplikacji.<\/span><\/p>\n<p><span style=\"color: #000000;\"><strong>2. Jakie metody p\u0142atno\u015bci s\u0105 akceptowane?<\/strong><\/span><br \/>\n<span style=\"color: #000000;\">Akceptujemy <strong>Bitcoin, USDT, przelew bankowy, Western Union<\/strong>oraz <strong>WorldRemit<\/strong>.<\/span><\/p>\n<p><span style=\"color: #000000;\"><strong>3. Czy moje dane s\u0105 bezpieczne?<\/strong><\/span><br \/>\n<span style=\"color: #000000;\">Tak, priorytetowo traktujemy \u015bcis\u0142\u0105 poufno\u015b\u0107, zapewniaj\u0105c pe\u0142n\u0105 ochron\u0119 danych.<\/span><\/p>\n<p><span style=\"color: #000000;\"><strong>4. Jakie korzy\u015bci wi\u0105\u017c\u0105 si\u0119 ze s\u0142owackim paszportem?<\/strong><\/span><br \/>\n<span style=\"color: #000000;\">S\u0142owacki paszport zapewnia <strong>Bezwizowy dost\u0119p do ponad 185 kraj\u00f3w<\/strong>prawo pobytu w ca\u0142ej UE oraz mo\u017cliwo\u015b\u0107 pracy, nauki i swobodnego dost\u0119pu do us\u0142ug UE.<\/span><\/p>\n<h2><span style=\"color: #000000;\"><strong>Rozpocznij sk\u0142adanie wniosku o s\u0142owacki paszport ju\u017c dzi\u015b - poznaj korzy\u015bci p\u0142yn\u0105ce z obywatelstwa UE<\/strong><\/span><\/h2>\n<p><span style=\"color: #000000;\">Dzi\u0119ki Global Docs Solutions uzyskanie s\u0142owackiego paszportu jest \u0142atwe, bezpieczne i szybkie. Zr\u00f3b pierwszy krok w kierunku <strong>Europejska wolno\u015b\u0107 i mo\u017cliwo\u015bci<\/strong> dzisiaj. <a href=\"https:\/\/globaldocs.store\/pl\/kontakt-z-nami\/\"><strong>Skontaktuj si\u0119 z nami teraz<\/strong><\/a> aby uzyska\u0107 zaufan\u0105 pomoc i bez obaw przej\u015b\u0107 na obywatelstwo UE.<\/span><\/p>","protected":false},"excerpt":{"rendered":"<p>Dzi\u0119ki Global Docs Solutions uzyskanie s\u0142owackiego paszportu jest \u0142atwe, bezpieczne i szybkie. Zr\u00f3b pierwszy krok w kierunku <strong>Europejska wolno\u015b\u0107 i mo\u017cliwo\u015bci<\/strong> dzisiaj. <strong>Skontaktuj si\u0119 z nami teraz<\/strong> aby uzyska\u0107 zaufan\u0105 pomoc i bez obaw przej\u015b\u0107 na obywatelstwo UE.<\/p>","protected":false},"featured_media":2096,"comment_status":"open","ping_status":"closed","template":"","meta":{"_eb_attr":"","site-sidebar-layout":"default","site-content-layout":"","ast-site-content-layout":"default","site-content-style":"default","site-sidebar-style":"default","ast-global-header-display":"","ast-banner-title-visibility":"","ast-main-header-display":"","ast-hfb-above-header-display":"","ast-hfb-below-header-display":"","ast-hfb-mobile-header-display":"","site-post-title":"","ast-breadcrumbs-content":"","ast-featured-img":"","footer-sml-layout":"","ast-disable-related-posts":"","theme-transparent-header-meta":"default","adv-header-id-meta":"","stick-header-meta":"","header-above-stick-meta":"","header-main-stick-meta":"","header-below-stick-meta":"","astra-migrate-meta-layouts":"set","ast-page-background-enabled":"default","ast-page-background-meta":{"desktop":{"background-color":"","background-image":"","background-repeat":"repeat","background-position":"center center","background-size":"auto","background-attachment":"scroll","background-type":"","background-media":"","overlay-type":"","overlay-color":"","overlay-opacity":"","overlay-gradient":""},"tablet":{"background-color":"","background-image":"","background-repeat":"repeat","background-position":"center center","background-size":"auto","background-attachment":"scroll","background-type":"","background-media":"","overlay-type":"","overlay-color":"","overlay-opacity":"","overlay-gradient":""},"mobile":{"background-color":"","background-image":"","background-repeat":"repeat","background-position":"center center","background-size":"auto","background-attachment":"scroll","background-type":"","background-media":"","overlay-type":"","overlay-color":"","overlay-opacity":"","overlay-gradient":""}},"ast-content-background-meta":{"desktop":{"background-color":"var(--ast-global-color-5)","background-image":"","background-repeat":"repeat","background-position":"center center","background-size":"auto","background-attachment":"scroll","background-type":"","background-media":"","overlay-type":"","overlay-color":"","overlay-opacity":"","overlay-gradient":""},"tablet":{"background-color":"var(--ast-global-color-5)","background-image":"","background-repeat":"repeat","background-position":"center center","background-size":"auto","background-attachment":"scroll","background-type":"","background-media":"","overlay-type":"","overlay-color":"","overlay-opacity":"","overlay-gradient":""},"mobile":{"background-color":"var(--ast-global-color-5)","background-image":"","background-repeat":"repeat","background-position":"center center","background-size":"auto","background-attachment":"scroll","background-type":"","background-media":"","overlay-type":"","overlay-color":"","overlay-opacity":"","overlay-gradient":""}}},"product_brand":[],"product_cat":[17,52],"product_tag":[],"class_list":{"0":"post-2095","1":"product","2":"type-product","3":"status-publish","4":"has-post-thumbnail","6":"product_cat-globaldocs","7":"product_cat-passport-services","8":"desktop-align-left","9":"tablet-align-left","10":"mobile-align-left","12":"first","13":"instock","14":"virtual","15":"purchasable","16":"product-type-simple"},"_links":{"self":[{"href":"https:\/\/globaldocs.store\/pl\/wp-json\/wp\/v2\/product\/2095","targetHints":{"allow":["GET"]}}],"collection":[{"href":"https:\/\/globaldocs.store\/pl\/wp-json\/wp\/v2\/product"}],"about":[{"href":"https:\/\/globaldocs.store\/pl\/wp-json\/wp\/v2\/types\/product"}],"replies":[{"embeddable":true,"href":"https:\/\/globaldocs.store\/pl\/wp-json\/wp\/v2\/comments?post=2095"}],"version-history":[{"count":1,"href":"https:\/\/globaldocs.store\/pl\/wp-json\/wp\/v2\/product\/2095\/revisions"}],"predecessor-version":[{"id":2097,"href":"https:\/\/globaldocs.store\/pl\/wp-json\/wp\/v2\/product\/2095\/revisions\/2097"}],"wp:featuredmedia":[{"embeddable":true,"href":"https:\/\/globaldocs.store\/pl\/wp-json\/wp\/v2\/media\/2096"}],"wp:attachment":[{"href":"https:\/\/globaldocs.store\/pl\/wp-json\/wp\/v2\/media?parent=2095"}],"wp:term":[{"taxonomy":"product_brand","embeddable":true,"href":"https:\/\/globaldocs.store\/pl\/wp-json\/wp\/v2\/product_brand?post=2095"},{"taxonomy":"product_cat","embeddable":true,"href":"https:\/\/globaldocs.store\/pl\/wp-json\/wp\/v2\/product_cat?post=2095"},{"taxonomy":"product_tag","embeddable":true,"href":"https:\/\/globaldocs.store\/pl\/wp-json\/wp\/v2\/product_tag?post=2095"}],"curies":[{"name":"wp","href":"https:\/\/api.w.org\/{rel}","templated":true}]}}