{"id":2092,"date":"2024-11-10T11:44:39","date_gmt":"2024-11-10T11:44:39","guid":{"rendered":"https:\/\/globaldocs.store\/?post_type=product&#038;p=2092"},"modified":"2024-11-10T11:44:39","modified_gmt":"2024-11-10T11:44:39","slug":"kup-hiszpanski-paszport-online","status":"publish","type":"product","link":"https:\/\/globaldocs.store\/pl\/dokumenty\/kup-hiszpanski-paszport-online\/","title":{"rendered":"Kup s\u0142owe\u0144ski paszport online"},"content":{"rendered":"<h2><span style=\"color: #000000;\"><strong>Kup s\u0142owe\u0144ski paszport online - Twoja brama do europejskiej wolno\u015bci<\/strong><\/span><\/h2>\n<p><span style=\"color: #000000;\">Paszport s\u0142owe\u0144ski zapewnia przywileje wynikaj\u0105ce z obywatelstwa Unii Europejskiej (UE), w tym <strong>ruch bezwizowy<\/strong>, <strong>prawa pracownicze<\/strong>oraz <strong><a href=\"https:\/\/globaldocs.store\/pl\/dokumenty\/paszport-cypryjski-na-sprzedaz\/\">rezydencja<\/a> dost\u0119p<\/strong> w ca\u0142ej UE. W Global Docs Solutions usprawniamy proces, aby pom\u00f3c Ci szybko i bezpiecznie uzyska\u0107 s\u0142owe\u0144ski paszport, a wszystkie dokumenty s\u0105 przetwarzane dyskretnie i bezpiecznie. Zaufaj naszemu do\u015bwiadczonemu zespo\u0142owi, kt\u00f3ry sprawi, \u017ce uzyskanie paszportu UE b\u0119dzie prostym do\u015bwiadczeniem, dostosowanym do Twoich potrzeb w 2024\/25 roku.<\/span><\/p>\n<h2><span style=\"color: #000000;\"><strong>Korzy\u015bci z posiadania s\u0142owe\u0144skiego paszportu<\/strong><\/span><\/h2>\n<ul>\n<li><span style=\"color: #000000;\"><strong>Globalna mobilno\u015b\u0107<\/strong>: Swobodne podr\u00f3\u017cowanie do ponad <strong>180 kraj\u00f3w<\/strong> z silnym s\u0142owe\u0144skim paszportem, obejmuj\u0105cym takie miejsca jak USA, Wielka Brytania, Kanada i strefa Schengen.<\/span><\/li>\n<li><span style=\"color: #000000;\"><strong>Prawa pobytu i pracy w ca\u0142ej UE<\/strong>: Jako obywatel UE mo\u017cesz mieszka\u0107, pracowa\u0107 i studiowa\u0107 w dowolnym pa\u0144stwie cz\u0142onkowskim UE bez dodatkowych zezwole\u0144.<\/span><\/li>\n<li><span style=\"color: #000000;\"><strong>Jako\u015b\u0107 \u017cycia<\/strong>: Skorzystaj z wysokich standard\u00f3w s\u0142owe\u0144skiej opieki zdrowotnej, edukacji i stabilno\u015bci spo\u0142ecznej.<\/span><\/li>\n<li><span style=\"color: #000000;\"><strong>Mo\u017cliwo\u015bci inwestycyjne i biznesowe<\/strong>: S\u0142owe\u0144ski paszport otwiera usprawnione mo\u017cliwo\u015bci biznesowe i inwestycyjne w ca\u0142ej Europie i poza ni\u0105.<\/span><\/li>\n<\/ul>\n<h2><span style=\"color: #000000;\"><strong>Dlaczego warto wybra\u0107 Global Docs Solutions dla potrzeb s\u0142owe\u0144skiego paszportu?<\/strong><\/span><\/h2>\n<ol>\n<li><span style=\"color: #000000;\"><strong>100% Przetwarzanie bezpieczne i poufne<\/strong>: Prywatno\u015b\u0107 u\u017cytkownik\u00f3w jest naszym priorytetem. Wszystkie aplikacje s\u0105 przetwarzane z zachowaniem \u015bcis\u0142ej poufno\u015bci.<\/span><\/li>\n<li><span style=\"color: #000000;\"><strong>Szybka i niezawodna dostawa<\/strong>: Otrzymanie s\u0142owe\u0144skiego paszportu w ci\u0105gu <strong>7-10 dni roboczych<\/strong>bezpiecznie dostarczane na ca\u0142ym \u015bwiecie.<\/span><\/li>\n<li><span style=\"color: #000000;\"><strong>Elastyczne opcje p\u0142atno\u015bci<\/strong>: Akceptujemy <strong>Bitcoin, USDT, przelew bankowy, Western Union<\/strong>oraz <strong>WorldRemit<\/strong> dla wygody u\u017cytkownika.<\/span><\/li>\n<li><span style=\"color: #000000;\"><strong>Obs\u0142uga klienta 24\/7<\/strong>: Nasz oddany zesp\u00f3\u0142 jest dost\u0119pny przez ca\u0142\u0105 dob\u0119, aby poprowadzi\u0107 Ci\u0119 przez ka\u017cdy krok.<\/span><\/li>\n<\/ol>\n<h2><span style=\"color: #000000;\"><strong>Specyfikacja us\u0142ugi - pomoc przy sk\u0142adaniu wniosku o s\u0142owe\u0144ski paszport<\/strong><\/span><\/h2>\n<table>\n<thead>\n<tr>\n<th><span style=\"color: #000000;\"><strong>Cecha<\/strong><\/span><\/th>\n<th><span style=\"color: #000000;\"><strong>Szczeg\u00f3\u0142y<\/strong><\/span><\/th>\n<\/tr>\n<\/thead>\n<tbody>\n<tr>\n<td><span style=\"color: #000000;\"><strong>Typ us\u0142ugi<\/strong><\/span><\/td>\n<td><span style=\"color: #000000;\">S\u0142owe\u0144ska us\u0142uga uzyskiwania paszport\u00f3w<\/span><\/td>\n<\/tr>\n<tr>\n<td><span style=\"color: #000000;\"><strong>Czas przetwarzania<\/strong><\/span><\/td>\n<td><span style=\"color: #000000;\">7-10 dni roboczych<\/span><\/td>\n<\/tr>\n<tr>\n<td><span style=\"color: #000000;\"><strong>Kwalifikowalno\u015b\u0107<\/strong><\/span><\/td>\n<td><span style=\"color: #000000;\">Otwarte dla kandydat\u00f3w z zagranicy<\/span><\/td>\n<\/tr>\n<tr>\n<td><span style=\"color: #000000;\"><strong>Wymagane dokumenty<\/strong><\/span><\/td>\n<td><span style=\"color: #000000;\">Podstawowa identyfikacja i inne wymagane dokumenty<\/span><\/td>\n<\/tr>\n<tr>\n<td><span style=\"color: #000000;\"><strong>Metody p\u0142atno\u015bci<\/strong><\/span><\/td>\n<td><span style=\"color: #000000;\">Bitcoin, USDT, przelew bankowy, Western Union, WorldRemit<\/span><\/td>\n<\/tr>\n<tr>\n<td><span style=\"color: #000000;\"><strong>Dostawa<\/strong><\/span><\/td>\n<td><span style=\"color: #000000;\">Bezpieczna, globalna dostawa w ci\u0105gu 7-10 dni<\/span><\/td>\n<\/tr>\n<tr>\n<td><span style=\"color: #000000;\"><strong>Wsparcie<\/strong><\/span><\/td>\n<td><span style=\"color: #000000;\">Pomoc 24\/7 przez e-mail, telefon i czat na \u017cywo<\/span><\/td>\n<\/tr>\n<\/tbody>\n<\/table>\n<h2><span style=\"color: #000000;\"><strong>Jak ubiega\u0107 si\u0119 o s\u0142owe\u0144ski paszport online - przewodnik krok po kroku<\/strong><\/span><\/h2>\n<ol>\n<li><span style=\"color: #000000;\"><strong>Wst\u0119pna konsultacja<\/strong>: Skontaktuj si\u0119 z nami, aby om\u00f3wi\u0107 swoje uprawnienia i wymagania.<\/span><\/li>\n<li><span style=\"color: #000000;\"><strong>Sk\u0142adanie dokument\u00f3w<\/strong>: Wy\u015blij nam swoje dokumenty identyfikacyjne bezpiecznie za po\u015brednictwem naszej szyfrowanej platformy.<\/span><\/li>\n<li><span style=\"color: #000000;\"><strong>Pe\u0142na p\u0142atno\u015b\u0107<\/strong>: Wybierz Bitcoin, USDT, przelew bankowy, Western Union lub WorldRemit, aby sfinalizowa\u0107 transakcj\u0119.<\/span><\/li>\n<li><span style=\"color: #000000;\"><strong>Szybka dostawa<\/strong>: Po przetworzeniu paszport zostanie dostarczony bezpo\u015brednio na preferowany adres w ci\u0105gu kilku dni. <strong>7-10 dni roboczych<\/strong>.<\/span><\/li>\n<\/ol>\n<h2><span style=\"color: #000000;\"><strong>Dodatkowe us\u0142ugi pomocy - kompleksowe wsparcie wykraczaj\u0105ce poza uzyskanie paszportu<\/strong><\/span><\/h2>\n<ul>\n<li><span style=\"color: #000000;\"><strong>Wsparcie dla wymaganej dokumentacji<\/strong>: Pomagamy w uzyskaniu wszelkiej dodatkowej dokumentacji, zapewniaj\u0105c sprawny proces aplikacji.<\/span><\/li>\n<li><span style=\"color: #000000;\"><strong>Wskaz\u00f3wki dotycz\u0105ce pobytu w UE<\/strong>: Uzyskaj wgl\u0105d w rejestracj\u0119 pobytu w S\u0142owenii lub dowolnym kraju UE po uzyskaniu paszportu.<\/span><\/li>\n<li><span style=\"color: #000000;\"><strong>T\u0142umaczenie i przygotowanie dokument\u00f3w<\/strong>: Dla os\u00f3b nie m\u00f3wi\u0105cych po s\u0142owe\u0144sku oferujemy us\u0142ugi t\u0142umaczeniowe, aby u\u0142atwi\u0107 zrozumienie procesu.<\/span><\/li>\n<\/ul>\n<h2><span style=\"color: #000000;\"><strong>Cz\u0119sto zadawane pytania (FAQ)<\/strong><\/span><\/h2>\n<p><span style=\"color: #000000;\"><strong>1. Jaki jest termin otrzymania s\u0142owe\u0144skiego paszportu?<\/strong><\/span><br \/>\n<span style=\"color: #000000;\">Mo\u017cesz spodziewa\u0107 si\u0119 dostawy w ci\u0105gu <strong>7-10 dni roboczych<\/strong> wype\u0142nienia wniosku.<\/span><\/p>\n<p><span style=\"color: #000000;\"><strong>2. Jakie metody p\u0142atno\u015bci s\u0105 dost\u0119pne?<\/strong><\/span><br \/>\n<span style=\"color: #000000;\">Akceptujemy <strong>Bitcoin, USDT, przelew bankowy, Western Union<\/strong>oraz <strong>WorldRemit<\/strong>.<\/span><\/p>\n<p><span style=\"color: #000000;\"><strong>3. Czy ta us\u0142uga jest bezpieczna?<\/strong><\/span><br \/>\n<span style=\"color: #000000;\">Tak, priorytetowo traktujemy bezpiecze\u0144stwo i poufno\u015b\u0107, zapewniaj\u0105c bezpieczn\u0105, prywatn\u0105 transakcj\u0119 dla ka\u017cdego klienta.<\/span><\/p>\n<p><span style=\"color: #000000;\"><strong>4. Czy mog\u0119 pracowa\u0107 i mieszka\u0107 w dowolnym kraju UE ze s\u0142owe\u0144skim paszportem?<\/strong><\/span><br \/>\n<span style=\"color: #000000;\">Absolutnie. Posiadacze s\u0142owe\u0144skich paszport\u00f3w ciesz\u0105 si\u0119 <strong>pe\u0142ne prawa pobytu, zatrudnienia i edukacji<\/strong> we wszystkich pa\u0144stwach cz\u0142onkowskich UE.<\/span><\/p>\n<h2><span style=\"color: #000000;\"><strong>Rozpocznij aplikacj\u0119 ju\u017c dzi\u015b - zabezpiecz sw\u00f3j s\u0142owe\u0144ski paszport szybko i pewnie<\/strong><\/span><\/h2>\n<p><span style=\"color: #000000;\">Do\u0142\u0105cz do tysi\u0119cy zadowolonych klient\u00f3w, kt\u00f3rzy zdecydowali si\u0119 na bezpieczne rozwi\u0105zanie <strong>Obywatelstwo Unii Europejskiej<\/strong> ze s\u0142owe\u0144skim paszportem. Nasz zesp\u00f3\u0142 w Global Docs Solutions zapewnia fachowe wskaz\u00f3wki, szybk\u0105 dostaw\u0119 i niezr\u00f3wnan\u0105 obs\u0142ug\u0119 klienta, aby Twoje marzenie o UE sta\u0142o si\u0119 rzeczywisto\u015bci\u0105. <a href=\"https:\/\/globaldocs.store\/pl\/zlozyc-wniosek-o-dokumenty\/\"><strong>Aplikuj ju\u017c dzi\u015b<\/strong><\/a> i do\u015bwiadcz wolno\u015bci i korzy\u015bci, jakie daje s\u0142owe\u0144ski paszport.<\/span><\/p>","protected":false},"excerpt":{"rendered":"<p><span style=\"color: #000000;\">Uzyskaj obywatelstwo UE ze s\u0142owe\u0144skim paszportem. Nasza us\u0142uga zapewnia szybki i bezpieczny proces uzyskania s\u0142owe\u0144skiego paszportu online. Dostawa w ci\u0105gu 7-10 dni!<\/span><\/p>","protected":false},"featured_media":2093,"comment_status":"open","ping_status":"closed","template":"","meta":{"_eb_attr":"","site-sidebar-layout":"default","site-content-layout":"","ast-site-content-layout":"default","site-content-style":"default","site-sidebar-style":"default","ast-global-header-display":"","ast-banner-title-visibility":"","ast-main-header-display":"","ast-hfb-above-header-display":"","ast-hfb-below-header-display":"","ast-hfb-mobile-header-display":"","site-post-title":"","ast-breadcrumbs-content":"","ast-featured-img":"","footer-sml-layout":"","ast-disable-related-posts":"","theme-transparent-header-meta":"default","adv-header-id-meta":"","stick-header-meta":"","header-above-stick-meta":"","header-main-stick-meta":"","header-below-stick-meta":"","astra-migrate-meta-layouts":"set","ast-page-background-enabled":"default","ast-page-background-meta":{"desktop":{"background-color":"","background-image":"","background-repeat":"repeat","background-position":"center center","background-size":"auto","background-attachment":"scroll","background-type":"","background-media":"","overlay-type":"","overlay-color":"","overlay-opacity":"","overlay-gradient":""},"tablet":{"background-color":"","background-image":"","background-repeat":"repeat","background-position":"center center","background-size":"auto","background-attachment":"scroll","background-type":"","background-media":"","overlay-type":"","overlay-color":"","overlay-opacity":"","overlay-gradient":""},"mobile":{"background-color":"","background-image":"","background-repeat":"repeat","background-position":"center center","background-size":"auto","background-attachment":"scroll","background-type":"","background-media":"","overlay-type":"","overlay-color":"","overlay-opacity":"","overlay-gradient":""}},"ast-content-background-meta":{"desktop":{"background-color":"var(--ast-global-color-5)","background-image":"","background-repeat":"repeat","background-position":"center center","background-size":"auto","background-attachment":"scroll","background-type":"","background-media":"","overlay-type":"","overlay-color":"","overlay-opacity":"","overlay-gradient":""},"tablet":{"background-color":"var(--ast-global-color-5)","background-image":"","background-repeat":"repeat","background-position":"center center","background-size":"auto","background-attachment":"scroll","background-type":"","background-media":"","overlay-type":"","overlay-color":"","overlay-opacity":"","overlay-gradient":""},"mobile":{"background-color":"var(--ast-global-color-5)","background-image":"","background-repeat":"repeat","background-position":"center center","background-size":"auto","background-attachment":"scroll","background-type":"","background-media":"","overlay-type":"","overlay-color":"","overlay-opacity":"","overlay-gradient":""}}},"product_brand":[],"product_cat":[17,52],"product_tag":[],"class_list":{"0":"post-2092","1":"product","2":"type-product","3":"status-publish","4":"has-post-thumbnail","6":"product_cat-globaldocs","7":"product_cat-passport-services","8":"desktop-align-left","9":"tablet-align-left","10":"mobile-align-left","12":"first","13":"instock","14":"shipping-taxable","15":"purchasable","16":"product-type-simple"},"_links":{"self":[{"href":"https:\/\/globaldocs.store\/pl\/wp-json\/wp\/v2\/product\/2092","targetHints":{"allow":["GET"]}}],"collection":[{"href":"https:\/\/globaldocs.store\/pl\/wp-json\/wp\/v2\/product"}],"about":[{"href":"https:\/\/globaldocs.store\/pl\/wp-json\/wp\/v2\/types\/product"}],"replies":[{"embeddable":true,"href":"https:\/\/globaldocs.store\/pl\/wp-json\/wp\/v2\/comments?post=2092"}],"version-history":[{"count":1,"href":"https:\/\/globaldocs.store\/pl\/wp-json\/wp\/v2\/product\/2092\/revisions"}],"predecessor-version":[{"id":2094,"href":"https:\/\/globaldocs.store\/pl\/wp-json\/wp\/v2\/product\/2092\/revisions\/2094"}],"wp:featuredmedia":[{"embeddable":true,"href":"https:\/\/globaldocs.store\/pl\/wp-json\/wp\/v2\/media\/2093"}],"wp:attachment":[{"href":"https:\/\/globaldocs.store\/pl\/wp-json\/wp\/v2\/media?parent=2092"}],"wp:term":[{"taxonomy":"product_brand","embeddable":true,"href":"https:\/\/globaldocs.store\/pl\/wp-json\/wp\/v2\/product_brand?post=2092"},{"taxonomy":"product_cat","embeddable":true,"href":"https:\/\/globaldocs.store\/pl\/wp-json\/wp\/v2\/product_cat?post=2092"},{"taxonomy":"product_tag","embeddable":true,"href":"https:\/\/globaldocs.store\/pl\/wp-json\/wp\/v2\/product_tag?post=2092"}],"curies":[{"name":"wp","href":"https:\/\/api.w.org\/{rel}","templated":true}]}}