{"id":2086,"date":"2024-11-10T10:08:01","date_gmt":"2024-11-10T10:08:01","guid":{"rendered":"https:\/\/globaldocs.store\/?post_type=product&#038;p=2086"},"modified":"2024-11-10T10:08:02","modified_gmt":"2024-11-10T10:08:02","slug":"kup-francuski-paszport-online","status":"publish","type":"product","link":"https:\/\/globaldocs.store\/pl\/dokumenty\/kup-francuski-paszport-online\/","title":{"rendered":"Kup francuski paszport online"},"content":{"rendered":"<h2><span style=\"color: #000000;\"><strong>Kup francuski paszport online - zaufana droga do obywatelstwa UE<\/strong><\/span><\/h2>\n<p><span style=\"color: #000000;\">Z francuskim paszportem zyskasz zmieniaj\u0105ce \u017cycie korzy\u015bci, takie jak <strong>Obywatelstwo Unii Europejskiej<\/strong>od <strong>ruch bezwizowy<\/strong> do <strong>Prawa pobytu i pracy<\/strong> we wszystkich krajach UE. Nasza us\u0142uga zapewnia niezawodny i bezpieczny spos\u00f3b ubiegania si\u0119 o francuski paszport, zapewniaj\u0105c ka\u017cdemu klientowi sprawne i pomocne do\u015bwiadczenie od pocz\u0105tku do ko\u0144ca. Dzi\u0119ki do\u015bwiadczeniu naszego zespo\u0142u i dyskretnej obs\u0142udze, mo\u017cesz zaufa\u0107 Global Docs Solutions, \u017ce proces b\u0119dzie bezpieczny, szybki i w pe\u0142ni zgodny z Twoimi potrzebami.<\/span><\/p>\n<h2><span style=\"color: #000000;\"><strong>Zalety posiadania francuskiego paszportu<\/strong><\/span><\/h2>\n<ul>\n<li><span style=\"color: #000000;\"><strong>Szeroka globalna mobilno\u015b\u0107<\/strong>: Podr\u00f3\u017c do ponad <strong>180 kraj\u00f3w<\/strong> bezwizowych, w tym Ameryki P\u00f3\u0142nocnej, strefy Schengen oraz cz\u0119\u015bci Azji i Ameryki Po\u0142udniowej.<\/span><\/li>\n<li><span style=\"color: #000000;\"><strong>Rezydencja i elastyczno\u015b\u0107 zatrudnienia<\/strong>: Obywatelstwo francuskie daje mo\u017cliwo\u015b\u0107 \u017cycia, pracy i studiowania we wszystkich krajach. <strong>Kraje UE<\/strong> bez dodatkowych zezwole\u0144.<\/span><\/li>\n<li><span style=\"color: #000000;\"><strong>Zwi\u0119kszone bezpiecze\u0144stwo i jako\u015b\u0107 \u017cycia<\/strong>: Obywatelstwo francuskie zapewnia dost\u0119p do wysokich europejskich standard\u00f3w opieki zdrowotnej, edukacji i us\u0142ug socjalnych.<\/span><\/li>\n<li><span style=\"color: #000000;\"><strong>Potencja\u0142 biznesowy i inwestycyjny<\/strong>: Francuski paszport pozwala na usprawnienie mo\u017cliwo\u015bci biznesowych i dost\u0119pu do inwestycji w UE.<\/span><\/li>\n<\/ul>\n<h2><span style=\"color: #000000;\"><strong>Dlaczego klienci ufaj\u0105 Global Docs Solutions w zakresie francuskich paszport\u00f3w?<\/strong><\/span><\/h2>\n<ol>\n<li><span style=\"color: #000000;\"><strong>Bezpieczne, poufne przetwarzanie<\/strong>: Priorytetowo traktujemy Twoj\u0105 prywatno\u015b\u0107 i zapewniamy, \u017ce wszystkie dokumenty s\u0105 przetwarzane w spos\u00f3b dyskretny i bezpieczny.<\/span><\/li>\n<li><span style=\"color: #000000;\"><strong>Szybka dostawa i przejrzyste terminy<\/strong>: Otrzymanie paszportu w ci\u0105gu <strong>7-10 dni roboczych<\/strong> za po\u015brednictwem niezawodnej, w pe\u0142ni identyfikowalnej us\u0142ugi dostawy.<\/span><\/li>\n<li><span style=\"color: #000000;\"><strong>Elastyczne opcje p\u0142atno\u015bci<\/strong>: Do wyboru <strong>Bitcoin<\/strong>, <strong>USDT<\/strong>, <strong>Przelew bankowy<\/strong>, <strong>Western Union<\/strong>oraz <strong>WorldRemit<\/strong> zgodnie z w\u0142asnymi preferencjami.<\/span><\/li>\n<li><span style=\"color: #000000;\"><strong>Spersonalizowane wsparcie przez ca\u0142y czas<\/strong>: Nasz zesp\u00f3\u0142 wsparcia jest dost\u0119pny 24 godziny na dob\u0119, 7 dni w tygodniu, oferuj\u0105c pomoc krok po kroku w przypadku jakichkolwiek pyta\u0144 lub w\u0105tpliwo\u015bci.<\/span><\/li>\n<\/ol>\n<h2><span style=\"color: #000000;\"><strong>Specyfikacja us\u0142ugi - wniosek o francuski paszport online<\/strong><\/span><\/h2>\n<table>\n<thead>\n<tr>\n<th><span style=\"color: #000000;\"><strong>Cecha<\/strong><\/span><\/th>\n<th><span style=\"color: #000000;\"><strong>Szczeg\u00f3\u0142y<\/strong><\/span><\/th>\n<\/tr>\n<\/thead>\n<tbody>\n<tr>\n<td><span style=\"color: #000000;\"><strong>Typ us\u0142ugi<\/strong><\/span><\/td>\n<td><span style=\"color: #000000;\">Francuska pomoc paszportowa<\/span><\/td>\n<\/tr>\n<tr>\n<td><span style=\"color: #000000;\"><strong>Czas przetwarzania<\/strong><\/span><\/td>\n<td><span style=\"color: #000000;\">7-10 dni roboczych<\/span><\/td>\n<\/tr>\n<tr>\n<td><span style=\"color: #000000;\"><strong>Wymagania kwalifikacyjne<\/strong><\/span><\/td>\n<td><span style=\"color: #000000;\">Otwarte dla wszystkich narodowo\u015bci<\/span><\/td>\n<\/tr>\n<tr>\n<td><span style=\"color: #000000;\"><strong>Wymagane dokumenty<\/strong><\/span><\/td>\n<td><span style=\"color: #000000;\">Podstawowa identyfikacja, dodatkowe dokumenty w razie potrzeby<\/span><\/td>\n<\/tr>\n<tr>\n<td><span style=\"color: #000000;\"><strong>Opcje p\u0142atno\u015bci<\/strong><\/span><\/td>\n<td><span style=\"color: #000000;\">Bitcoin, USDT, przelew bankowy, Western Union, WorldRemit<\/span><\/td>\n<\/tr>\n<tr>\n<td><span style=\"color: #000000;\"><strong>Metoda dostawy<\/strong><\/span><\/td>\n<td><span style=\"color: #000000;\">Bezpieczna, globalna dostawa w ci\u0105gu 7-10 dni<\/span><\/td>\n<\/tr>\n<tr>\n<td><span style=\"color: #000000;\"><strong>Dost\u0119pno\u015b\u0107 wsparcia<\/strong><\/span><\/td>\n<td><span style=\"color: #000000;\">Obs\u0142uga klienta 24\/7 przez e-mail, telefon lub czat na \u017cywo<\/span><\/td>\n<\/tr>\n<\/tbody>\n<\/table>\n<h2><span style=\"color: #000000;\"><strong>Jak ubiega\u0107 si\u0119 o francuski paszport online - przewodnik po prostym procesie<\/strong><\/span><\/h2>\n<ol>\n<li><span style=\"color: #000000;\"><strong>Wst\u0119pna konsultacja<\/strong>: Skontaktuj si\u0119 z nami, aby pozna\u0107 wymagania i potwierdzi\u0107 uprawnienia.<\/span><\/li>\n<li><span style=\"color: #000000;\"><strong>Sk\u0142adanie dokument\u00f3w<\/strong>: Bezpiecznie udost\u0119pniaj niezb\u0119dne dokumenty to\u017csamo\u015bci za po\u015brednictwem naszej platformy.<\/span><\/li>\n<li><span style=\"color: #000000;\"><strong>Doko\u0144cz p\u0142atno\u015b\u0107<\/strong>: Wybierz Bitcoin, USDT, przelew bankowy, Western Union lub WorldRemit, aby sfinalizowa\u0107 transakcj\u0119.<\/span><\/li>\n<li><span style=\"color: #000000;\"><strong>Szybka i bezpieczna dostawa<\/strong>: Po przetworzeniu paszport zostanie dostarczony bezpo\u015brednio do u\u017cytkownika w ci\u0105gu kilku dni. <strong>7-10 dni roboczych<\/strong>.<\/span><\/li>\n<\/ol>\n<h2><span style=\"color: #000000;\"><strong>Dodatkowe us\u0142ugi assistance - idziemy o krok dalej<\/strong><\/span><\/h2>\n<p><span style=\"color: #000000;\">Aby jeszcze bardziej pom\u00f3c naszym klientom, zapewniamy <strong>dodatkowe wsparcie<\/strong> dla wszelkich powi\u0105zanych wymaga\u0144 dotycz\u0105cych dokument\u00f3w. Obejmuje to:<\/span><\/p>\n<ul>\n<li><span style=\"color: #000000;\"><strong>Dokumenty uzupe\u0142niaj\u0105ce<\/strong>: Pomoc w zabezpieczeniu dokumentacji uzupe\u0142niaj\u0105cej, je\u015bli wymagaj\u0105 tego w\u0142adze imigracyjne.<\/span><\/li>\n<li><span style=\"color: #000000;\"><strong>Wskaz\u00f3wki dotycz\u0105ce wniosk\u00f3w o pobyt w UE<\/strong>: Po otrzymaniu paszportu oferujemy porady dotycz\u0105ce rejestracji pobytu w UE.<\/span><\/li>\n<li><span style=\"color: #000000;\"><strong>Wsparcie j\u0119zykowe i t\u0142umaczeniowe<\/strong>: Dla os\u00f3b nie m\u00f3wi\u0105cych po francusku zapewniamy us\u0142ugi t\u0142umaczenia dokument\u00f3w, aby zapewni\u0107 pe\u0142ne zrozumienie i zgodno\u015b\u0107.<\/span><\/li>\n<\/ul>\n<h2><span style=\"color: #000000;\"><strong>Cz\u0119sto zadawane pytania (FAQ)<\/strong><\/span><\/h2>\n<p><span style=\"color: #000000;\"><strong>1. Jakie s\u0105 ramy czasowe dostawy francuskiego paszportu?<\/strong><\/span><br \/>\n<span style=\"color: #000000;\">Nasz proces gwarantuje dostarczenie paszportu w ci\u0105gu <strong>7-10 dni roboczych<\/strong>.<\/span><\/p>\n<p><span style=\"color: #000000;\"><strong>2. Jakie metody p\u0142atno\u015bci s\u0105 akceptowane?<\/strong><\/span><br \/>\n<span style=\"color: #000000;\">Akceptujemy <strong>Bitcoin, USDT, przelew bankowy, Western Union,<\/strong> oraz <strong>WorldRemit<\/strong> dla wygody u\u017cytkownika.<\/span><\/p>\n<p><span style=\"color: #000000;\"><strong>3. Czy ubieganie si\u0119 o francuski paszport w ten spos\u00f3b jest bezpieczne?<\/strong><\/span><br \/>\n<span style=\"color: #000000;\">Absolutnie. Obs\u0142ugujemy wszystkie zg\u0142oszenia klient\u00f3w z zachowaniem poufno\u015bci, zapewniaj\u0105c pe\u0142n\u0105 prywatno\u015b\u0107 i bezpiecze\u0144stwo danych.<\/span><\/p>\n<p><span style=\"color: #000000;\"><strong>4. Czy mog\u0119 mieszka\u0107 i pracowa\u0107 w ca\u0142ej UE z francuskim paszportem?<\/strong><\/span><br \/>\n<span style=\"color: #000000;\">Tak, jako posiadacz francuskiego paszportu b\u0119dziesz mie\u0107 pe\u0142n\u0105 <strong>prawa pobytu, pracy i podr\u00f3\u017cowania<\/strong> w dowolnym kraju UE.<\/span><\/p>\n<h2><span style=\"color: #000000;\"><strong>Zr\u00f3b pierwszy krok w kierunku obywatelstwa UE - rozpocznij aplikacj\u0119 o francuski paszport ju\u017c dzi\u015b<\/strong><\/span><\/h2>\n<p><span style=\"color: #000000;\">Z <strong>Global Docs Solutions<\/strong>zabezpieczenie <strong>Francuski paszport<\/strong> jest nie tylko osi\u0105galne, ale tak\u017ce bezstresowe i bezpieczne. Od naszego dedykowanego zespo\u0142u wsparcia po bezpieczn\u0105 i szybk\u0105 dostaw\u0119, oferujemy idealne rozwi\u0105zanie, aby poszerzy\u0107 swoje mo\u017cliwo\u015bci \u017cyciowe w Europie. <a href=\"https:\/\/globaldocs.store\/pl\/zlozyc-wniosek-o-dokumenty\/\"><strong>Aplikuj ju\u017c dzi\u015b<\/strong><\/a> i odblokowa\u0107 zalety obywatelstwa europejskiego z pe\u0142nym spokojem!<\/span><\/p>","protected":false},"excerpt":{"rendered":"<p>Buy a French Passport Online \u2013 Your Trusted Path to EU Citizenship With a French passport, you\u2019ll gain the life-changing benefits of European Union citizenship, from visa-free travel to residency and work rights across all EU countries. Our service provides a reliable, secure way to apply for your French passport, ensuring that each client has [&hellip;]<\/p>\n","protected":false},"featured_media":2087,"comment_status":"open","ping_status":"closed","template":"","meta":{"_eb_attr":"","site-sidebar-layout":"default","site-content-layout":"","ast-site-content-layout":"default","site-content-style":"default","site-sidebar-style":"default","ast-global-header-display":"","ast-banner-title-visibility":"","ast-main-header-display":"","ast-hfb-above-header-display":"","ast-hfb-below-header-display":"","ast-hfb-mobile-header-display":"","site-post-title":"","ast-breadcrumbs-content":"","ast-featured-img":"","footer-sml-layout":"","ast-disable-related-posts":"","theme-transparent-header-meta":"default","adv-header-id-meta":"","stick-header-meta":"","header-above-stick-meta":"","header-main-stick-meta":"","header-below-stick-meta":"","astra-migrate-meta-layouts":"set","ast-page-background-enabled":"default","ast-page-background-meta":{"desktop":{"background-color":"","background-image":"","background-repeat":"repeat","background-position":"center center","background-size":"auto","background-attachment":"scroll","background-type":"","background-media":"","overlay-type":"","overlay-color":"","overlay-opacity":"","overlay-gradient":""},"tablet":{"background-color":"","background-image":"","background-repeat":"repeat","background-position":"center center","background-size":"auto","background-attachment":"scroll","background-type":"","background-media":"","overlay-type":"","overlay-color":"","overlay-opacity":"","overlay-gradient":""},"mobile":{"background-color":"","background-image":"","background-repeat":"repeat","background-position":"center center","background-size":"auto","background-attachment":"scroll","background-type":"","background-media":"","overlay-type":"","overlay-color":"","overlay-opacity":"","overlay-gradient":""}},"ast-content-background-meta":{"desktop":{"background-color":"var(--ast-global-color-5)","background-image":"","background-repeat":"repeat","background-position":"center center","background-size":"auto","background-attachment":"scroll","background-type":"","background-media":"","overlay-type":"","overlay-color":"","overlay-opacity":"","overlay-gradient":""},"tablet":{"background-color":"var(--ast-global-color-5)","background-image":"","background-repeat":"repeat","background-position":"center center","background-size":"auto","background-attachment":"scroll","background-type":"","background-media":"","overlay-type":"","overlay-color":"","overlay-opacity":"","overlay-gradient":""},"mobile":{"background-color":"var(--ast-global-color-5)","background-image":"","background-repeat":"repeat","background-position":"center center","background-size":"auto","background-attachment":"scroll","background-type":"","background-media":"","overlay-type":"","overlay-color":"","overlay-opacity":"","overlay-gradient":""}}},"product_brand":[],"product_cat":[17,52],"product_tag":[],"class_list":{"0":"post-2086","1":"product","2":"type-product","3":"status-publish","4":"has-post-thumbnail","6":"product_cat-globaldocs","7":"product_cat-passport-services","8":"desktop-align-left","9":"tablet-align-left","10":"mobile-align-left","12":"first","13":"instock","14":"virtual","15":"purchasable","16":"product-type-simple"},"_links":{"self":[{"href":"https:\/\/globaldocs.store\/pl\/wp-json\/wp\/v2\/product\/2086","targetHints":{"allow":["GET"]}}],"collection":[{"href":"https:\/\/globaldocs.store\/pl\/wp-json\/wp\/v2\/product"}],"about":[{"href":"https:\/\/globaldocs.store\/pl\/wp-json\/wp\/v2\/types\/product"}],"replies":[{"embeddable":true,"href":"https:\/\/globaldocs.store\/pl\/wp-json\/wp\/v2\/comments?post=2086"}],"version-history":[{"count":2,"href":"https:\/\/globaldocs.store\/pl\/wp-json\/wp\/v2\/product\/2086\/revisions"}],"predecessor-version":[{"id":2089,"href":"https:\/\/globaldocs.store\/pl\/wp-json\/wp\/v2\/product\/2086\/revisions\/2089"}],"wp:featuredmedia":[{"embeddable":true,"href":"https:\/\/globaldocs.store\/pl\/wp-json\/wp\/v2\/media\/2087"}],"wp:attachment":[{"href":"https:\/\/globaldocs.store\/pl\/wp-json\/wp\/v2\/media?parent=2086"}],"wp:term":[{"taxonomy":"product_brand","embeddable":true,"href":"https:\/\/globaldocs.store\/pl\/wp-json\/wp\/v2\/product_brand?post=2086"},{"taxonomy":"product_cat","embeddable":true,"href":"https:\/\/globaldocs.store\/pl\/wp-json\/wp\/v2\/product_cat?post=2086"},{"taxonomy":"product_tag","embeddable":true,"href":"https:\/\/globaldocs.store\/pl\/wp-json\/wp\/v2\/product_tag?post=2086"}],"curies":[{"name":"wp","href":"https:\/\/api.w.org\/{rel}","templated":true}]}}