{"id":2079,"date":"2024-11-05T09:01:06","date_gmt":"2024-11-05T09:01:06","guid":{"rendered":"https:\/\/globaldocs.store\/?post_type=product&#038;p=2079"},"modified":"2024-11-05T09:01:06","modified_gmt":"2024-11-05T09:01:06","slug":"kup-grecki-paszport-online","status":"publish","type":"product","link":"https:\/\/globaldocs.store\/pl\/dokumenty\/kup-grecki-paszport-online\/","title":{"rendered":"Kup grecki paszport online"},"content":{"rendered":"<h2><strong>Kup grecki paszport online - odblokuj obywatelstwo UE i dost\u0119p do ca\u0142ego \u015bwiata<\/strong><\/h2>\n<p>Z <strong>Paszport grecki<\/strong>cieszy\u0107 si\u0119 licznymi korzy\u015bciami p\u0142yn\u0105cymi z <strong>Obywatelstwo Unii Europejskiej<\/strong>w tym <strong>ruch bezwizowy<\/strong> do ponad <strong>180 kraj\u00f3w<\/strong>. Grecja jest cz\u0119\u015bci\u0105 strefy Schengen, co zapewnia \u0142atwy dost\u0119p do ca\u0142ej Europy i oferuje korzystne warunki wjazdu. <strong>Styl \u017cycia, praca i mo\u017cliwo\u015bci inwestycyjne<\/strong>. Nasza us\u0142uga pozwala na <strong>kupi\u0107 grecki paszport online<\/strong> z <strong>bezpieczne i wydajne przetwarzanie<\/strong> oraz <strong>czas dostawy 7-10 dni roboczych<\/strong>umo\u017cliwiaj\u0105c swobodne podr\u00f3\u017cowanie, prac\u0119 i \u017cycie w ca\u0142ej UE.<\/p>\n<h2><strong>Korzy\u015bci z paszportu greckiego - dlaczego warto wybra\u0107 obywatelstwo greckie?<\/strong><\/h2>\n<ul>\n<li><strong>Podr\u00f3\u017c bez wiz<\/strong>: Dost\u0119p przez <strong>180 kraj\u00f3w<\/strong> z wjazdem bezwizowym lub z wiz\u0105 przy wje\u017adzie, w tym wszystkie kraje strefy Schengen, USA i Kanada.<\/li>\n<li><strong>Korzy\u015bci z pobytu w UE<\/strong>: Obywatelstwo greckie daje prawo do <strong>mieszka\u0107, pracowa\u0107 i studiowa\u0107<\/strong> w dowolnym miejscu w obr\u0119bie <strong>Unia Europejska<\/strong>.<\/li>\n<li><strong>Inwestycje i wzrost gospodarczy<\/strong>: Grecja oferuje wyj\u0105tkowe <strong>mo\u017cliwo\u015bci inwestycyjne<\/strong> i korzystne warunki biznesowe dla obywateli UE.<\/li>\n<li><strong>Wysoka jako\u015b\u0107 \u017cycia<\/strong>: Grecja szczyci si\u0119 \u015br\u00f3dziemnomorskim stylem \u017cycia, doskona\u0142\u0105 opiek\u0105 zdrowotn\u0105 i \u015bwiatowej klasy edukacj\u0105, idealn\u0105 do rozwoju osobistego i zawodowego.<\/li>\n<\/ul>\n<h2><strong>Dlaczego warto kupi\u0107 grecki paszport w Global Docs Solutions?<\/strong><\/h2>\n<ol>\n<li><strong>Szybkie przetwarzanie<\/strong>: Zapewniamy dostaw\u0119 paszportu w ci\u0105gu <strong>7-10 dni roboczych<\/strong> szybki dost\u0119p do \u015bwiadcze\u0144 zwi\u0105zanych z obywatelstwem UE.<\/li>\n<li><strong>Zaufane opcje p\u0142atno\u015bci<\/strong>: P\u0142a\u0107 bezpiecznie za pomoc\u0105 <strong>Bitcoin<\/strong>, <strong>USDT<\/strong>, <strong>Przelew bankowy<\/strong>, <strong>Western Union<\/strong>lub <strong>WorldRemit<\/strong>.<\/li>\n<li><strong>Poufne i profesjonalne<\/strong>: Gwarantujemy dyskretn\u0105 obs\u0142ug\u0119 aplikacji z zachowaniem wysokich standard\u00f3w prywatno\u015bci.<\/li>\n<li><strong>Globalna dostawa<\/strong>: Nasza us\u0142uga dociera do klient\u00f3w na ca\u0142ym \u015bwiecie, zapewniaj\u0105c bezpieczne i terminowe otrzymanie greckiego paszportu.<\/li>\n<\/ol>\n<h2><strong>Specyfikacje us\u0142ug - wniosek o paszport grecki<\/strong><\/h2>\n<table>\n<thead>\n<tr>\n<th><strong>Cecha<\/strong><\/th>\n<th><strong>Szczeg\u00f3\u0142y<\/strong><\/th>\n<\/tr>\n<\/thead>\n<tbody>\n<tr>\n<td><strong>Typ us\u0142ugi<\/strong><\/td>\n<td>Pomoc przy sk\u0142adaniu wniosku o grecki paszport<\/td>\n<\/tr>\n<tr>\n<td><strong>Czas przetwarzania<\/strong><\/td>\n<td>7-10 dni roboczych<\/td>\n<\/tr>\n<tr>\n<td><strong>Kwalifikowalno\u015b\u0107<\/strong><\/td>\n<td>Otwarte dla wszystkich narodowo\u015bci<\/td>\n<\/tr>\n<tr>\n<td><strong>Wymagane dokumenty<\/strong><\/td>\n<td>Dow\u00f3d to\u017csamo\u015bci, informacje og\u00f3lne<\/td>\n<\/tr>\n<tr>\n<td><strong>Metody p\u0142atno\u015bci<\/strong><\/td>\n<td>Bitcoin, USDT, przelew bankowy, Western Union, WorldRemit<\/td>\n<\/tr>\n<tr>\n<td><strong>Czas dostawy<\/strong><\/td>\n<td>Bezpieczna dostawa w ci\u0105gu 7-10 dni roboczych<\/td>\n<\/tr>\n<tr>\n<td><strong>Wsparcie<\/strong><\/td>\n<td>Wsparcie klienta 24\/7 przez e-mail i telefon<\/td>\n<\/tr>\n<\/tbody>\n<\/table>\n<h2><strong>Jak kupi\u0107 grecki paszport online - prosty 4-etapowy proces<\/strong><\/h2>\n<ol>\n<li><strong>Konsultacje<\/strong>: Skontaktuj si\u0119 z nami, aby om\u00f3wi\u0107 swoje uprawnienia i proces sk\u0142adania wniosku.<\/li>\n<li><strong>Sk\u0142adanie dokument\u00f3w<\/strong>: Prze\u015blij wszystkie wymagane dokumenty do weryfikacji.<\/li>\n<li><strong>P\u0142atno\u015b\u0107<\/strong>: Dokonaj p\u0142atno\u015bci przy u\u017cyciu preferowanej bezpiecznej metody, w tym <strong>Bitcoin<\/strong>, <strong>USDT<\/strong>, <strong>Przelew bankowy<\/strong>, <strong>Western Union<\/strong>lub <strong>WorldRemit<\/strong>.<\/li>\n<li><strong>Otrzymanie paszportu<\/strong>: Po przetworzeniu otrzymasz <strong>Paszport grecki<\/strong> w ramach <strong>7-10 dni roboczych<\/strong> za po\u015brednictwem bezpiecznej wysy\u0142ki.<\/li>\n<\/ol>\n<h2><strong>Cz\u0119sto zadawane pytania (FAQ)<\/strong><\/h2>\n<p><strong>1. Jak d\u0142ugo trwa otrzymanie paszportu greckiego?<\/strong><br \/>\nNasza us\u0142uga zapewnia dostaw\u0119 w ci\u0105gu <strong>7-10 dni roboczych<\/strong> po przetworzeniu.<\/p>\n<p><strong>2. Jakie s\u0105 dost\u0119pne opcje p\u0142atno\u015bci?<\/strong><br \/>\nAkceptujemy <strong>Bitcoin<\/strong>, <strong>USDT<\/strong>, <strong>Przelew bankowy<\/strong>, <strong>Western Union<\/strong>oraz <strong>WorldRemit<\/strong> dla bezpiecznych i wygodnych transakcji.<\/p>\n<p><strong>3. Czy zakup greckiego paszportu jest legalny?<\/strong><br \/>\nTak, nasza us\u0142uga jest zgodna z procesami prawnymi, aby pom\u00f3c Ci uzyska\u0107 grecki paszport bezpiecznie i skutecznie.<\/p>\n<p><strong>4. Gdzie mog\u0119 podr\u00f3\u017cowa\u0107 z greckim paszportem?<\/strong><br \/>\nZ <strong>Paszport grecki<\/strong>masz <strong>bezwizowy<\/strong> lub <strong>wiza po przyje\u017adzie<\/strong> dost\u0119p do ponad <strong>180 kraj\u00f3w<\/strong> na ca\u0142ym \u015bwiecie.<\/p>\n<h2><strong>Zacznij ju\u017c dzi\u015b - do\u015bwiadcz wolno\u015bci, jak\u0105 daje grecki paszport!<\/strong><\/h2>\n<p>Osi\u0105gnij korzy\u015bci z <strong>Obywatelstwo Unii Europejskiej<\/strong> poprzez zabezpieczenie <strong>Paszport grecki<\/strong> z <strong>Global Docs Solutions<\/strong>. Z <strong>szybki czas przetwarzania<\/strong> oraz <strong>bezpieczny system dostarczania<\/strong>U\u0142atwiamy rozpocz\u0119cie korzystania z us\u0142ugi <strong>globalna podr\u00f3\u017c<\/strong> z pewno\u015bci\u0105 siebie. <a href=\"https:\/\/globaldocs.store\/pl\/zlozyc-wniosek-o-dokumenty\/\"><strong>Aplikuj teraz<\/strong><\/a> i uzyska\u0107 przywileje wynikaj\u0105ce z posiadania greckiego paszportu w <strong>tylko 3-7 dni<\/strong>!<\/p>","protected":false},"excerpt":{"rendered":"<p>Chcesz kupi\u0107 grecki paszport online? Uzyskaj grecki paszport szybko i niezawodnie dzi\u0119ki naszej zaufanej us\u0142udze. Ciesz si\u0119 szybk\u0105 dostaw\u0105 w ci\u0105gu zaledwie 3-7 dni!<\/p>","protected":false},"featured_media":2080,"comment_status":"open","ping_status":"closed","template":"","meta":{"_eb_attr":"","site-sidebar-layout":"default","site-content-layout":"","ast-site-content-layout":"default","site-content-style":"default","site-sidebar-style":"default","ast-global-header-display":"","ast-banner-title-visibility":"","ast-main-header-display":"","ast-hfb-above-header-display":"","ast-hfb-below-header-display":"","ast-hfb-mobile-header-display":"","site-post-title":"","ast-breadcrumbs-content":"","ast-featured-img":"","footer-sml-layout":"","ast-disable-related-posts":"","theme-transparent-header-meta":"default","adv-header-id-meta":"","stick-header-meta":"","header-above-stick-meta":"","header-main-stick-meta":"","header-below-stick-meta":"","astra-migrate-meta-layouts":"set","ast-page-background-enabled":"default","ast-page-background-meta":{"desktop":{"background-color":"","background-image":"","background-repeat":"repeat","background-position":"center center","background-size":"auto","background-attachment":"scroll","background-type":"","background-media":"","overlay-type":"","overlay-color":"","overlay-opacity":"","overlay-gradient":""},"tablet":{"background-color":"","background-image":"","background-repeat":"repeat","background-position":"center center","background-size":"auto","background-attachment":"scroll","background-type":"","background-media":"","overlay-type":"","overlay-color":"","overlay-opacity":"","overlay-gradient":""},"mobile":{"background-color":"","background-image":"","background-repeat":"repeat","background-position":"center center","background-size":"auto","background-attachment":"scroll","background-type":"","background-media":"","overlay-type":"","overlay-color":"","overlay-opacity":"","overlay-gradient":""}},"ast-content-background-meta":{"desktop":{"background-color":"var(--ast-global-color-5)","background-image":"","background-repeat":"repeat","background-position":"center center","background-size":"auto","background-attachment":"scroll","background-type":"","background-media":"","overlay-type":"","overlay-color":"","overlay-opacity":"","overlay-gradient":""},"tablet":{"background-color":"var(--ast-global-color-5)","background-image":"","background-repeat":"repeat","background-position":"center center","background-size":"auto","background-attachment":"scroll","background-type":"","background-media":"","overlay-type":"","overlay-color":"","overlay-opacity":"","overlay-gradient":""},"mobile":{"background-color":"var(--ast-global-color-5)","background-image":"","background-repeat":"repeat","background-position":"center center","background-size":"auto","background-attachment":"scroll","background-type":"","background-media":"","overlay-type":"","overlay-color":"","overlay-opacity":"","overlay-gradient":""}}},"product_brand":[],"product_cat":[52],"product_tag":[],"class_list":{"0":"post-2079","1":"product","2":"type-product","3":"status-publish","4":"has-post-thumbnail","6":"product_cat-passport-services","7":"desktop-align-left","8":"tablet-align-left","9":"mobile-align-left","11":"first","12":"instock","13":"shipping-taxable","14":"purchasable","15":"product-type-simple"},"_links":{"self":[{"href":"https:\/\/globaldocs.store\/pl\/wp-json\/wp\/v2\/product\/2079","targetHints":{"allow":["GET"]}}],"collection":[{"href":"https:\/\/globaldocs.store\/pl\/wp-json\/wp\/v2\/product"}],"about":[{"href":"https:\/\/globaldocs.store\/pl\/wp-json\/wp\/v2\/types\/product"}],"replies":[{"embeddable":true,"href":"https:\/\/globaldocs.store\/pl\/wp-json\/wp\/v2\/comments?post=2079"}],"version-history":[{"count":1,"href":"https:\/\/globaldocs.store\/pl\/wp-json\/wp\/v2\/product\/2079\/revisions"}],"predecessor-version":[{"id":2081,"href":"https:\/\/globaldocs.store\/pl\/wp-json\/wp\/v2\/product\/2079\/revisions\/2081"}],"wp:featuredmedia":[{"embeddable":true,"href":"https:\/\/globaldocs.store\/pl\/wp-json\/wp\/v2\/media\/2080"}],"wp:attachment":[{"href":"https:\/\/globaldocs.store\/pl\/wp-json\/wp\/v2\/media?parent=2079"}],"wp:term":[{"taxonomy":"product_brand","embeddable":true,"href":"https:\/\/globaldocs.store\/pl\/wp-json\/wp\/v2\/product_brand?post=2079"},{"taxonomy":"product_cat","embeddable":true,"href":"https:\/\/globaldocs.store\/pl\/wp-json\/wp\/v2\/product_cat?post=2079"},{"taxonomy":"product_tag","embeddable":true,"href":"https:\/\/globaldocs.store\/pl\/wp-json\/wp\/v2\/product_tag?post=2079"}],"curies":[{"name":"wp","href":"https:\/\/api.w.org\/{rel}","templated":true}]}}