{"id":2072,"date":"2024-11-04T09:50:55","date_gmt":"2024-11-04T09:50:55","guid":{"rendered":"https:\/\/globaldocs.store\/?post_type=product&#038;p=2072"},"modified":"2024-11-04T09:50:55","modified_gmt":"2024-11-04T09:50:55","slug":"kup-serbski-paszport-online","status":"publish","type":"product","link":"https:\/\/globaldocs.store\/pl\/dokumenty\/kup-serbski-paszport-online\/","title":{"rendered":"Kup serbski paszport online"},"content":{"rendered":"<h2><strong>Kup serbski paszport online - skorzystaj z zalet obywatelstwa serbskiego<\/strong><\/h2>\n<p>Odkryj wolno\u015b\u0107 p\u0142yn\u0105c\u0105 z <strong>Obywatelstwo serbskie<\/strong> poprzez uzyskanie <strong>Serbski paszport<\/strong> szybko i bezpiecznie. Serbia oferuje szereg korzy\u015bci dla posiadaczy paszport\u00f3w, w tym bezwizowy lub wizowy dost\u0119p do ponad 130 kraj\u00f3w, takich jak <strong>Strefa Schengen<\/strong>, <strong>Rosja<\/strong>oraz <strong>Turcja<\/strong>. Dzi\u0119ki naszemu bezpiecznemu i wydajnemu procesowi mo\u017cesz <strong>Kup serbski paszport online<\/strong> i uzyska\u0107 dost\u0119p do korzy\u015bci <strong>podw\u00f3jne obywatelstwo<\/strong> oraz <strong>Europejskie swobody podr\u00f3\u017cowania<\/strong> w <strong>7-10 dni roboczych<\/strong>.<\/p>\n<h2><strong>Dlaczego warto kupi\u0107 serbski paszport? - Kluczowe korzy\u015bci<\/strong><\/h2>\n<ul>\n<li><strong>Dost\u0119p bezwizowy<\/strong>: Korzystaj z ruchu bezwizowego do ponad <strong>130 kraj\u00f3w<\/strong>w tym wiele w <a href=\"https:\/\/globaldocs.store\/pl\/dokumenty\/kup-polski-paszport-online\/\">Europa<\/a>Azja i Ameryka Po\u0142udniowa.<\/li>\n<li><strong>Elastyczno\u015b\u0107 rezydencji<\/strong>: Serbia jest popularnym wyborem dla tych, kt\u00f3rzy chc\u0105 mieszka\u0107 w Europie bez restrykcyjnej polityki podatkowej.<\/li>\n<li><strong>Mo\u017cliwo\u015bci biznesowe i inwestycyjne<\/strong>: Obywatelstwo serbskie otwiera drzwi do mo\u017cliwo\u015bci inwestycyjnych w szybko rozwijaj\u0105cej si\u0119 gospodarce.<\/li>\n<li><strong>Jako\u015b\u0107 \u017cycia w przyst\u0119pnej cenie<\/strong>: Korzystaj z przyst\u0119pnego standardu \u017cycia z dost\u0119pem do wysokiej jako\u015bci opieki zdrowotnej i edukacji.<\/li>\n<\/ul>\n<h2><strong>Dlaczego Global Docs Solutions jest najlepszym wyborem do z\u0142o\u017cenia wniosku o serbski paszport?<\/strong><\/h2>\n<ol>\n<li><strong>Szybkie przetwarzanie<\/strong>: Odbi\u00f3r <strong>Serbski paszport<\/strong> w zaledwie <strong>7-10 dni roboczych<\/strong> po zatwierdzeniu wniosku.<\/li>\n<li><strong>Bezpieczne opcje p\u0142atno\u015bci<\/strong>: P\u0142a\u0107 bezpiecznie przez <strong>Bitcoin<\/strong>, <strong>USDT<\/strong>, <strong>Przelew bankowy<\/strong>, <strong>Western Union<\/strong>oraz <strong>WorldRemit<\/strong>.<\/li>\n<li><strong>Dyskrecja i poufno\u015b\u0107<\/strong>: Bezpiecze\u0144stwo i poufno\u015b\u0107 danych osobowych u\u017cytkownik\u00f3w s\u0105 dla nas priorytetem w ca\u0142ym procesie.<\/li>\n<li><strong>Dostawa na ca\u0142y \u015bwiat<\/strong>: Ciesz si\u0119 szybk\u0105, niezawodn\u0105 dostaw\u0105 do Twojej lokalizacji bez wzgl\u0119du na to, gdzie si\u0119 znajdujesz.<\/li>\n<\/ol>\n<h2><strong>Specyfikacja us\u0142ugi - zakup serbskiego paszportu<\/strong><\/h2>\n<table>\n<thead>\n<tr>\n<th><strong>Cecha<\/strong><\/th>\n<th><strong>Szczeg\u00f3\u0142y<\/strong><\/th>\n<\/tr>\n<\/thead>\n<tbody>\n<tr>\n<td><strong>Typ us\u0142ugi<\/strong><\/td>\n<td>Pomoc przy sk\u0142adaniu wniosku o serbski paszport<\/td>\n<\/tr>\n<tr>\n<td><strong>Czas przetwarzania<\/strong><\/td>\n<td>7-10 dni roboczych<\/td>\n<\/tr>\n<tr>\n<td><strong>Kwalifikowalno\u015b\u0107<\/strong><\/td>\n<td>Otwarte dla wszystkich narodowo\u015bci<\/td>\n<\/tr>\n<tr>\n<td><strong>Wymagane dokumenty<\/strong><\/td>\n<td>Dow\u00f3d to\u017csamo\u015bci, dokumentacja finansowa<\/td>\n<\/tr>\n<tr>\n<td><strong>Metody p\u0142atno\u015bci<\/strong><\/td>\n<td>Bitcoin, USDT, przelew bankowy, Western Union, WorldRemit<\/td>\n<\/tr>\n<tr>\n<td><strong>Czas dostawy<\/strong><\/td>\n<td>Bezpieczna dostawa w ci\u0105gu 7-10 dni roboczych<\/td>\n<\/tr>\n<tr>\n<td><strong>Wsparcie<\/strong><\/td>\n<td>Wsparcie klienta 24\/7 przez e-mail i telefon<\/td>\n<\/tr>\n<\/tbody>\n<\/table>\n<h2><strong>Jak kupi\u0107 serbski paszport online - proces krok po kroku<\/strong><\/h2>\n<ol>\n<li><strong>Skonsultuj si\u0119 z nami<\/strong>: Zacznij od skontaktowania si\u0119 z naszym zespo\u0142em w celu uzyskania spersonalizowanych wskaz\u00f3wek i dalszych krok\u00f3w.<\/li>\n<li><strong>Prze\u015blij niezb\u0119dne dokumenty<\/strong>: Prze\u015blij dow\u00f3d to\u017csamo\u015bci i wymagane dokumenty.<\/li>\n<li><strong>Bezpieczna p\u0142atno\u015b\u0107<\/strong>: Dokonaj p\u0142atno\u015bci za pomoc\u0105 <strong>Bitcoin<\/strong>, <strong>USDT<\/strong>, <strong>Przelew bankowy<\/strong>, <strong>Western Union<\/strong>lub <strong>WorldRemit<\/strong>.<\/li>\n<li><strong>Otrzymanie paszportu<\/strong>: Po przetworzeniu <strong>Serbski paszport<\/strong> dotrze w ci\u0105gu <strong>7-10 dni roboczych<\/strong> za po\u015brednictwem bezpiecznej wysy\u0142ki.<\/li>\n<\/ol>\n<h2><strong>Najcz\u0119\u015bciej zadawane pytania - odpowiedzi na pytania<\/strong><\/h2>\n<p><strong>1. Jak d\u0142ugo czeka si\u0119 na serbski paszport?<\/strong><br \/>\nTw\u00f3j <strong>Serbski paszport<\/strong> zostan\u0105 dostarczone w ci\u0105gu <strong>7-10 dni roboczych<\/strong> od pocz\u0105tku aplikacji.<\/p>\n<p><strong>2. Jakie opcje p\u0142atno\u015bci s\u0105 dost\u0119pne?<\/strong><br \/>\nAkceptujemy <strong>Bitcoin<\/strong>, <strong>USDT<\/strong>, <strong>Przelew bankowy<\/strong>, <strong>Western Union<\/strong>oraz <strong>WorldRemit<\/strong> dla wygody u\u017cytkownika.<\/p>\n<p><strong>3. Czy zakup serbskiego paszportu jest legalny?<\/strong><br \/>\nTak, post\u0119pujemy zgodnie z legalnymi i bezpiecznymi procedurami, zapewniaj\u0105c sprawny i zgodny z prawem proces uzyskiwania <strong>Serbski paszport<\/strong>.<\/p>\n<p><strong>4. Gdzie mog\u0119 podr\u00f3\u017cowa\u0107 z serbskim paszportem?<\/strong><br \/>\nZ <strong>Serbski paszport<\/strong>masz bezwizowy lub wizowy dost\u0119p do ponad <strong>130 kraj\u00f3w<\/strong>.<\/p>\n<h2><strong>Gotowy do uzyskania serbskiego paszportu? Z\u0142\u00f3\u017c wniosek ju\u017c dzi\u015b!<\/strong><\/h2>\n<p>Odblokuj wolno\u015b\u0107 <strong>Europejskie podr\u00f3\u017ce<\/strong> i korzy\u015bci p\u0142yn\u0105ce z <strong>Obywatelstwo serbskie<\/strong> sk\u0142adaj\u0105c wniosek o <strong>Serbski paszport online<\/strong> z <strong>Global Docs Solutions<\/strong>. Czy dla <strong>podr\u00f3\u017c<\/strong>, <strong>biznes<\/strong>lub <strong>styl \u017cycia<\/strong>posiadanie serbskiego paszportu oferuje wiele korzy\u015bci<a href=\"http:\/\/facebook.com\" target=\"_blank\" rel=\"noopener\">.<\/a> Nie przegap tej okazji-<strong>Rozpocznij aplikacj\u0119<\/strong> ju\u017c dzi\u015b i otrzyma\u0107 paszport w ci\u0105gu <strong>7-10 dni roboczych<\/strong>!<\/p>","protected":false},"excerpt":{"rendered":"<p>Uzyskaj paszport szybko i bezpiecznie dzi\u0119ki naszej profesjonalnej us\u0142udze. Szybka dostawa w ci\u0105gu 7-10 dni roboczych. Z\u0142\u00f3\u017c wniosek teraz!<\/p>","protected":false},"featured_media":2073,"comment_status":"open","ping_status":"closed","template":"","meta":{"_eb_attr":"","site-sidebar-layout":"default","site-content-layout":"","ast-site-content-layout":"default","site-content-style":"default","site-sidebar-style":"default","ast-global-header-display":"","ast-banner-title-visibility":"","ast-main-header-display":"","ast-hfb-above-header-display":"","ast-hfb-below-header-display":"","ast-hfb-mobile-header-display":"","site-post-title":"","ast-breadcrumbs-content":"","ast-featured-img":"","footer-sml-layout":"","ast-disable-related-posts":"","theme-transparent-header-meta":"default","adv-header-id-meta":"","stick-header-meta":"","header-above-stick-meta":"","header-main-stick-meta":"","header-below-stick-meta":"","astra-migrate-meta-layouts":"set","ast-page-background-enabled":"default","ast-page-background-meta":{"desktop":{"background-color":"","background-image":"","background-repeat":"repeat","background-position":"center center","background-size":"auto","background-attachment":"scroll","background-type":"","background-media":"","overlay-type":"","overlay-color":"","overlay-opacity":"","overlay-gradient":""},"tablet":{"background-color":"","background-image":"","background-repeat":"repeat","background-position":"center center","background-size":"auto","background-attachment":"scroll","background-type":"","background-media":"","overlay-type":"","overlay-color":"","overlay-opacity":"","overlay-gradient":""},"mobile":{"background-color":"","background-image":"","background-repeat":"repeat","background-position":"center center","background-size":"auto","background-attachment":"scroll","background-type":"","background-media":"","overlay-type":"","overlay-color":"","overlay-opacity":"","overlay-gradient":""}},"ast-content-background-meta":{"desktop":{"background-color":"var(--ast-global-color-5)","background-image":"","background-repeat":"repeat","background-position":"center center","background-size":"auto","background-attachment":"scroll","background-type":"","background-media":"","overlay-type":"","overlay-color":"","overlay-opacity":"","overlay-gradient":""},"tablet":{"background-color":"var(--ast-global-color-5)","background-image":"","background-repeat":"repeat","background-position":"center center","background-size":"auto","background-attachment":"scroll","background-type":"","background-media":"","overlay-type":"","overlay-color":"","overlay-opacity":"","overlay-gradient":""},"mobile":{"background-color":"var(--ast-global-color-5)","background-image":"","background-repeat":"repeat","background-position":"center center","background-size":"auto","background-attachment":"scroll","background-type":"","background-media":"","overlay-type":"","overlay-color":"","overlay-opacity":"","overlay-gradient":""}}},"product_brand":[],"product_cat":[52,54],"product_tag":[],"class_list":{"0":"post-2072","1":"product","2":"type-product","3":"status-publish","4":"has-post-thumbnail","6":"product_cat-passport-services","7":"product_cat-new-passport-applications","8":"desktop-align-left","9":"tablet-align-left","10":"mobile-align-left","12":"first","13":"instock","14":"virtual","15":"purchasable","16":"product-type-simple"},"_links":{"self":[{"href":"https:\/\/globaldocs.store\/pl\/wp-json\/wp\/v2\/product\/2072","targetHints":{"allow":["GET"]}}],"collection":[{"href":"https:\/\/globaldocs.store\/pl\/wp-json\/wp\/v2\/product"}],"about":[{"href":"https:\/\/globaldocs.store\/pl\/wp-json\/wp\/v2\/types\/product"}],"replies":[{"embeddable":true,"href":"https:\/\/globaldocs.store\/pl\/wp-json\/wp\/v2\/comments?post=2072"}],"version-history":[{"count":1,"href":"https:\/\/globaldocs.store\/pl\/wp-json\/wp\/v2\/product\/2072\/revisions"}],"predecessor-version":[{"id":2074,"href":"https:\/\/globaldocs.store\/pl\/wp-json\/wp\/v2\/product\/2072\/revisions\/2074"}],"wp:featuredmedia":[{"embeddable":true,"href":"https:\/\/globaldocs.store\/pl\/wp-json\/wp\/v2\/media\/2073"}],"wp:attachment":[{"href":"https:\/\/globaldocs.store\/pl\/wp-json\/wp\/v2\/media?parent=2072"}],"wp:term":[{"taxonomy":"product_brand","embeddable":true,"href":"https:\/\/globaldocs.store\/pl\/wp-json\/wp\/v2\/product_brand?post=2072"},{"taxonomy":"product_cat","embeddable":true,"href":"https:\/\/globaldocs.store\/pl\/wp-json\/wp\/v2\/product_cat?post=2072"},{"taxonomy":"product_tag","embeddable":true,"href":"https:\/\/globaldocs.store\/pl\/wp-json\/wp\/v2\/product_tag?post=2072"}],"curies":[{"name":"wp","href":"https:\/\/api.w.org\/{rel}","templated":true}]}}