{"id":1992,"date":"2024-10-15T16:36:31","date_gmt":"2024-10-15T16:36:31","guid":{"rendered":"https:\/\/globaldocs.store\/?post_type=product&#038;p=1992"},"modified":"2025-02-04T15:06:49","modified_gmt":"2025-02-04T15:06:49","slug":"kup-rumunski-paszport","status":"publish","type":"product","link":"https:\/\/globaldocs.store\/pl\/dokumenty\/kup-rumunski-paszport\/","title":{"rendered":"Rumunia - paszport online"},"content":{"rendered":"<h2><span style=\"color: #000000;\"><strong>Kup rumu\u0144ski paszport online - odblokuj korzy\u015bci p\u0142yn\u0105ce z obywatelstwa UE<\/strong><\/span><\/h2>\n<p><span style=\"color: #000000;\">Chcesz kupi\u0107 <strong>Paszport rumu\u0144ski<\/strong> i uzyska\u0107 prawa i przywileje <strong>Obywatelstwo Unii Europejskiej (UE)<\/strong>? Na <strong>Global Docs Solutions<\/strong>Oferujemy szybk\u0105, bezpieczn\u0105 i niezawodn\u0105 us\u0142ug\u0119, kt\u00f3ra pomo\u017ce Ci <strong>Kup rumu\u0144ski paszport online<\/strong>. Dzi\u0119ki naszemu bezproblemowemu procesowi mo\u017cesz otrzyma\u0107 paszport w ci\u0105gu <strong>7-10 dni roboczych<\/strong>zapewniaj\u0105c dost\u0119p do <strong>ruch bezwizowy<\/strong> i wiele korzy\u015bci p\u0142yn\u0105cych z bycia obywatelem UE.<\/span><\/p>\n<p><span style=\"color: #000000;\">Rumu\u0144ski paszport pozwala <strong>bezwizowy lub wiza przy wje\u017adzie<\/strong> dost\u0119p do <strong>176 kraj\u00f3w<\/strong>w tym <strong>Strefa Schengen<\/strong>w <strong>Stany Zjednoczone<\/strong>i <strong>Wielka Brytania<\/strong>. Z <strong>Paszport rumu\u0144ski<\/strong>b\u0119dziesz cieszy\u0107 si\u0119 swobod\u0105 <strong>mieszka\u0107, pracowa\u0107 i studiowa\u0107 w dowolnym miejscu w UE<\/strong>dost\u0119p <strong>opieka zdrowotna na najwy\u017cszym poziomie<\/strong>i korzysta\u0107 z <strong>silny system opieki spo\u0142ecznej<\/strong>.<\/span><\/p>\n<h2><span style=\"color: #000000;\"><strong>Dlaczego warto kupi\u0107 rumu\u0144ski paszport? - Kluczowe korzy\u015bci<\/strong><\/span><\/h2>\n<ul>\n<li><span style=\"color: #000000;\"><strong>Podr\u00f3\u017c bez wiz<\/strong>: Enjoy <strong>dost\u0119p bezwizowy<\/strong> do <strong>176 kraj\u00f3w<\/strong>w tym wszystkie <strong>Pa\u0144stwa strefy Schengen<\/strong>w <strong>USA<\/strong>i <strong>WIELKA BRYTANIA<\/strong>.<\/span><\/li>\n<li><span style=\"color: #000000;\"><strong>Prawa obywatelskie UE<\/strong>: Jako posiadacz rumu\u0144skiego paszportu zyskujesz prawo do <strong>swobodnie \u017cy\u0107 i pracowa\u0107<\/strong> przez <strong>Unia Europejska<\/strong>, w tym kraje takie jak Niemcy, Francja i W\u0142ochy.<\/span><\/li>\n<li><span style=\"color: #000000;\"><strong>Mo\u017cliwo\u015bci biznesowe i inwestycyjne<\/strong>: Korzystaj z um\u00f3w handlowych UE i mo\u017cliwo\u015bci inwestycyjnych z pe\u0142nym dost\u0119pem do <strong>Rynek europejski<\/strong>.<\/span><\/li>\n<li><span style=\"color: #000000;\"><strong>Lepsza jako\u015b\u0107 \u017cycia<\/strong>: Skorzystaj z <strong>Opieka zdrowotna w UE<\/strong>wykszta\u0142cenie i wysoki standard \u017cycia dzi\u0119ki swoim <strong>Paszport rumu\u0144ski<\/strong>.<\/span><\/li>\n<\/ul>\n<p><span style=\"color: #000000;\">Nasza us\u0142uga zapewnia szybki, bezpieczny i poufny proces, umo\u017cliwiaj\u0105c uzyskanie zakupu <strong>Paszport rumu\u0144ski<\/strong> bezpiecznie i bez k\u0142opot\u00f3w.<\/span><\/p>\n<h2><span style=\"color: #000000;\"><strong>Dlaczego warto wybra\u0107 Global Docs Solutions dla swojego rumu\u0144skiego paszportu?<\/strong><\/span><\/h2>\n<ol>\n<li><span style=\"color: #000000;\"><strong>Szybkie przetwarzanie<\/strong>: Odbi\u00f3r <strong>Paszport rumu\u0144ski<\/strong> w ramach <strong>7-10 dni roboczych<\/strong> po rozpatrzeniu wniosku.<\/span><\/li>\n<li><span style=\"color: #000000;\"><strong>Bezpieczne metody p\u0142atno\u015bci<\/strong>: Oferujemy zaufane i bezpieczne opcje p\u0142atno\u015bci, w tym <strong>Bitcoin<\/strong>, <strong>USDT<\/strong>, <strong>Przelew bankowy<\/strong>, <strong>Western Union<\/strong>oraz <strong>WorldRemit<\/strong>.<\/span><\/li>\n<li><span style=\"color: #000000;\"><strong>Zaufane \u017ar\u00f3d\u0142o<\/strong>: Nasz profesjonalny zesp\u00f3\u0142 gwarantuje sprawny i legalny proces, zapewniaj\u0105c poufno\u015b\u0107 i terminow\u0105 dostaw\u0119.<\/span><\/li>\n<li><span style=\"color: #000000;\"><strong>Dostawa na ca\u0142y \u015bwiat<\/strong>: Zapewniamy szybk\u0105 i niezawodn\u0105 dostaw\u0119 do klient\u00f3w na ca\u0142ym \u015bwiecie.<\/span><\/li>\n<\/ol>\n<h2><span style=\"color: #000000;\"><strong>Specyfikacja us\u0142ugi - wniosek o rumu\u0144ski paszport<\/strong><\/span><\/h2>\n<table>\n<thead>\n<tr>\n<th><span style=\"color: #000000;\"><strong>Cecha<\/strong><\/span><\/th>\n<th><span style=\"color: #000000;\"><strong>Szczeg\u00f3\u0142y<\/strong><\/span><\/th>\n<\/tr>\n<\/thead>\n<tbody>\n<tr>\n<td><span style=\"color: #000000;\"><strong>Typ us\u0142ugi<\/strong><\/span><\/td>\n<td><span style=\"color: #000000;\">Pomoc przy sk\u0142adaniu wniosku o rumu\u0144ski paszport<\/span><\/td>\n<\/tr>\n<tr>\n<td><span style=\"color: #000000;\"><strong>Czas przetwarzania<\/strong><\/span><\/td>\n<td><span style=\"color: #000000;\">7-10 dni roboczych<\/span><\/td>\n<\/tr>\n<tr>\n<td><span style=\"color: #000000;\"><strong>Kwalifikowalno\u015b\u0107<\/strong><\/span><\/td>\n<td><span style=\"color: #000000;\">Otwarte dla wszystkich narodowo\u015bci<\/span><\/td>\n<\/tr>\n<tr>\n<td><span style=\"color: #000000;\"><strong>Wymagane dokumenty<\/strong><\/span><\/td>\n<td><span style=\"color: #000000;\">Dow\u00f3d to\u017csamo\u015bci, dokumentacja finansowa<\/span><\/td>\n<\/tr>\n<tr>\n<td><span style=\"color: #000000;\"><strong>Metody p\u0142atno\u015bci<\/strong><\/span><\/td>\n<td><span style=\"color: #000000;\">Bitcoin, USDT, przelew bankowy, Western Union, WorldRemit<\/span><\/td>\n<\/tr>\n<tr>\n<td><span style=\"color: #000000;\"><strong>Czas dostawy<\/strong><\/span><\/td>\n<td><span style=\"color: #000000;\">Bezpieczna dostawa w ci\u0105gu 7-10 dni roboczych<\/span><\/td>\n<\/tr>\n<tr>\n<td><span style=\"color: #000000;\"><strong>Wsparcie<\/strong><\/span><\/td>\n<td><span style=\"color: #000000;\">Wsparcie klienta 24\/7 przez e-mail i telefon<\/span><\/td>\n<\/tr>\n<\/tbody>\n<\/table>\n<h2><span style=\"color: #000000;\"><strong>Jak kupi\u0107 rumu\u0144ski paszport online - proces krok po kroku<\/strong><\/span><\/h2>\n<ol>\n<li><span style=\"color: #000000;\"><strong>Kontakt<\/strong>: Zacznij od skontaktowania si\u0119 z naszym zespo\u0142em w celu uzyskania spersonalizowanych konsultacji i instrukcji.<\/span><\/li>\n<li><span style=\"color: #000000;\"><strong>Prze\u015blij swoje dokumenty<\/strong>: Przedstaw dow\u00f3d to\u017csamo\u015bci i inne wymagane dokumenty, aby rozpocz\u0105\u0107 proces sk\u0142adania wniosku.<\/span><\/li>\n<li><span style=\"color: #000000;\"><strong>Pe\u0142na p\u0142atno\u015b\u0107<\/strong>: Bezpieczne dokonywanie p\u0142atno\u015bci za po\u015brednictwem <strong>Bitcoin<\/strong>, <strong>USDT<\/strong>, <strong>Przelew bankowy<\/strong>, <strong>Western Union<\/strong>lub <strong>WorldRemit<\/strong>.<\/span><\/li>\n<li><span style=\"color: #000000;\"><strong>Otrzymanie paszportu<\/strong>: Po przetworzeniu, Kup <strong>Paszport rumu\u0144ski<\/strong> zostan\u0105 dostarczone w ci\u0105gu <strong>7-10 dni<\/strong> za po\u015brednictwem bezpiecznej wysy\u0142ki na ca\u0142y \u015bwiat.<\/span><\/li>\n<\/ol>\n<h2><span style=\"color: #000000;\"><strong>FAQ - Cz\u0119sto zadawane pytania<\/strong><\/span><\/h2>\n<p><span style=\"color: #000000;\"><strong>1. Jak d\u0142ugo trwa zakup rumu\u0144skiego paszportu?<\/strong><\/span><br \/>\n<span style=\"color: #000000;\">Otrzymasz <strong>Paszport rumu\u0144ski<\/strong> w ramach <strong>7-10 dni roboczych<\/strong> od pocz\u0105tku procesu aplikacji.<\/span><\/p>\n<p><span style=\"color: #000000;\"><strong>2. Czy kupno rumu\u0144skiego paszportu jest legalne?<\/strong><\/span><br \/>\n<span style=\"color: #000000;\">Tak, nasza us\u0142uga zapewnia, \u017ce proces przebiega zgodnie z procedurami prawnymi dotycz\u0105cymi uzyskania <strong>Paszport rumu\u0144ski<\/strong>.<\/span><\/p>\n<p><span style=\"color: #000000;\"><strong>3. Jakie metody p\u0142atno\u015bci s\u0105 akceptowane?<\/strong><\/span><br \/>\n<span style=\"color: #000000;\">Akceptujemy szereg opcji p\u0142atno\u015bci, w tym <strong>Bitcoin<\/strong>, <strong>USDT<\/strong>, <strong>Przelew bankowy<\/strong>, <strong>Western Union<\/strong>oraz <strong>WorldRemit<\/strong>.<\/span><\/p>\n<p><span style=\"color: #000000;\"><strong>4. Czy mog\u0119 od razu podr\u00f3\u017cowa\u0107 z rumu\u0144skim paszportem?<\/strong><\/span><br \/>\n<span style=\"color: #000000;\">Tak, po <strong>Paszport rumu\u0144ski<\/strong> mo\u017cna wykorzysta\u0107 do bezwizowego podr\u00f3\u017cowania do <strong>176 kraj\u00f3w<\/strong>.<\/span><\/p>\n<h2><span style=\"color: #000000;\"><strong>Kup rumu\u0144ski paszport ju\u017c dzi\u015b!<\/strong><\/span><\/h2>\n<p><span style=\"color: #000000;\">Gotowy, aby do\u015bwiadczy\u0107 korzy\u015bci p\u0142yn\u0105cych z <strong>Obywatelstwo UE<\/strong> z <strong>Paszport rumu\u0144ski<\/strong>? Nie czekaj d\u0142u\u017cej! <strong>Aplikuj ju\u017c dzi\u015b<\/strong> i otrzyma\u0107 paszport w ci\u0105gu <strong>7-10 dni roboczych<\/strong>. Z <strong>Global Docs Solutions<\/strong>mo\u017cesz cieszy\u0107 si\u0119 <strong>ruch bezwizowy<\/strong>dost\u0119p do <strong>Rynki europejskie<\/strong>i <strong>wolno\u015b\u0107 \u017cycia i pracy<\/strong> w ca\u0142ej UE. Rozpocznij aplikacj\u0119 ju\u017c teraz i zapewnij sobie przysz\u0142o\u015b\u0107 dzi\u0119ki <strong>Paszport rumu\u0144ski<\/strong>!<\/span><\/p>","protected":false},"excerpt":{"rendered":"<p>Chcesz kupi\u0107 rumu\u0144ski paszport online? Uzyskaj rumu\u0144ski paszport szybko i bezpiecznie dzi\u0119ki naszej niezawodnej us\u0142udze. Szybka dostawa w ci\u0105gu 7-10 dni roboczych. Z\u0142\u00f3\u017c wniosek teraz!<\/p>","protected":false},"featured_media":1993,"comment_status":"open","ping_status":"closed","template":"","meta":{"_eb_attr":"","site-sidebar-layout":"default","site-content-layout":"","ast-site-content-layout":"default","site-content-style":"default","site-sidebar-style":"default","ast-global-header-display":"","ast-banner-title-visibility":"","ast-main-header-display":"","ast-hfb-above-header-display":"","ast-hfb-below-header-display":"","ast-hfb-mobile-header-display":"","site-post-title":"","ast-breadcrumbs-content":"","ast-featured-img":"","footer-sml-layout":"","ast-disable-related-posts":"","theme-transparent-header-meta":"default","adv-header-id-meta":"","stick-header-meta":"","header-above-stick-meta":"","header-main-stick-meta":"","header-below-stick-meta":"","astra-migrate-meta-layouts":"set","ast-page-background-enabled":"default","ast-page-background-meta":{"desktop":{"background-color":"","background-image":"","background-repeat":"repeat","background-position":"center center","background-size":"auto","background-attachment":"scroll","background-type":"","background-media":"","overlay-type":"","overlay-color":"","overlay-opacity":"","overlay-gradient":""},"tablet":{"background-color":"","background-image":"","background-repeat":"repeat","background-position":"center center","background-size":"auto","background-attachment":"scroll","background-type":"","background-media":"","overlay-type":"","overlay-color":"","overlay-opacity":"","overlay-gradient":""},"mobile":{"background-color":"","background-image":"","background-repeat":"repeat","background-position":"center center","background-size":"auto","background-attachment":"scroll","background-type":"","background-media":"","overlay-type":"","overlay-color":"","overlay-opacity":"","overlay-gradient":""}},"ast-content-background-meta":{"desktop":{"background-color":"var(--ast-global-color-5)","background-image":"","background-repeat":"repeat","background-position":"center center","background-size":"auto","background-attachment":"scroll","background-type":"","background-media":"","overlay-type":"","overlay-color":"","overlay-opacity":"","overlay-gradient":""},"tablet":{"background-color":"var(--ast-global-color-5)","background-image":"","background-repeat":"repeat","background-position":"center center","background-size":"auto","background-attachment":"scroll","background-type":"","background-media":"","overlay-type":"","overlay-color":"","overlay-opacity":"","overlay-gradient":""},"mobile":{"background-color":"var(--ast-global-color-5)","background-image":"","background-repeat":"repeat","background-position":"center center","background-size":"auto","background-attachment":"scroll","background-type":"","background-media":"","overlay-type":"","overlay-color":"","overlay-opacity":"","overlay-gradient":""}}},"product_brand":[],"product_cat":[17,52],"product_tag":[],"class_list":{"0":"post-1992","1":"product","2":"type-product","3":"status-publish","4":"has-post-thumbnail","6":"product_cat-globaldocs","7":"product_cat-passport-services","8":"desktop-align-left","9":"tablet-align-left","10":"mobile-align-left","12":"first","13":"instock","14":"shipping-taxable","15":"product-type-external"},"_links":{"self":[{"href":"https:\/\/globaldocs.store\/pl\/wp-json\/wp\/v2\/product\/1992","targetHints":{"allow":["GET"]}}],"collection":[{"href":"https:\/\/globaldocs.store\/pl\/wp-json\/wp\/v2\/product"}],"about":[{"href":"https:\/\/globaldocs.store\/pl\/wp-json\/wp\/v2\/types\/product"}],"replies":[{"embeddable":true,"href":"https:\/\/globaldocs.store\/pl\/wp-json\/wp\/v2\/comments?post=1992"}],"version-history":[{"count":3,"href":"https:\/\/globaldocs.store\/pl\/wp-json\/wp\/v2\/product\/1992\/revisions"}],"predecessor-version":[{"id":1996,"href":"https:\/\/globaldocs.store\/pl\/wp-json\/wp\/v2\/product\/1992\/revisions\/1996"}],"wp:featuredmedia":[{"embeddable":true,"href":"https:\/\/globaldocs.store\/pl\/wp-json\/wp\/v2\/media\/1993"}],"wp:attachment":[{"href":"https:\/\/globaldocs.store\/pl\/wp-json\/wp\/v2\/media?parent=1992"}],"wp:term":[{"taxonomy":"product_brand","embeddable":true,"href":"https:\/\/globaldocs.store\/pl\/wp-json\/wp\/v2\/product_brand?post=1992"},{"taxonomy":"product_cat","embeddable":true,"href":"https:\/\/globaldocs.store\/pl\/wp-json\/wp\/v2\/product_cat?post=1992"},{"taxonomy":"product_tag","embeddable":true,"href":"https:\/\/globaldocs.store\/pl\/wp-json\/wp\/v2\/product_tag?post=1992"}],"curies":[{"name":"wp","href":"https:\/\/api.w.org\/{rel}","templated":true}]}}