{"id":1989,"date":"2024-10-15T16:24:43","date_gmt":"2024-10-15T16:24:43","guid":{"rendered":"https:\/\/globaldocs.store\/?post_type=product&#038;p=1989"},"modified":"2025-02-21T19:57:50","modified_gmt":"2025-02-21T19:57:50","slug":"kup-polski-paszport-online","status":"publish","type":"product","link":"https:\/\/globaldocs.store\/pl\/dokumenty\/kup-polski-paszport-online\/","title":{"rendered":"Kup polski paszport online"},"content":{"rendered":"<h2><strong>Kup polski paszport online - Twoja droga do obywatelstwa UE<\/strong><\/h2>\n<p>Czy jeste\u015b zainteresowany uzyskaniem <strong>Obywatelstwo polskie<\/strong>? Z <strong>Global Docs Solutions<\/strong>mo\u017cesz <strong>Kup polski paszport online<\/strong> z szybk\u0105, niezawodn\u0105 i bezpieczn\u0105 us\u0142ug\u0105. W zaledwie <strong>7-10 dni roboczych<\/strong>mo\u017cesz otrzyma\u0107 <strong>Polski paszport<\/strong>odblokowuj\u0105c korzy\u015bci p\u0142yn\u0105ce z <a href=\"https:\/\/globaldocs.store\/pl\/dokumenty\/paszport-cypryjski-na-sprzedaz\/\"><strong>Obywatelstwo UE<\/strong><\/a>. Polska jest cz\u0142onkiem <strong>Unia Europejska<\/strong>a jego paszport zapewnia <strong>dost\u0119p bezwizowy<\/strong> do <strong>187 kraj\u00f3w<\/strong>w tym wszystkie <strong>Pa\u0144stwa strefy Schengen<\/strong>w <strong>Stany Zjednoczone<\/strong>oraz <strong>Kanada<\/strong>.<\/p>\n<p>Posiadanie <strong>Polski paszport<\/strong> oznacza, \u017ce mo\u017cesz <strong>swobodnie mieszka\u0107, pracowa\u0107 i podr\u00f3\u017cowa\u0107<\/strong> w ca\u0142ej Europie, zapewniaj\u0105c dost\u0119p do lepszych mo\u017cliwo\u015bci kariery, najwy\u017cszej jako\u015bci opieki zdrowotnej i korzy\u015bci edukacyjnych. Nasz proces zosta\u0142 zaprojektowany tak, aby <strong>Polski paszport<\/strong> szybko, prosto i bezpiecznie.<\/p>\n<h2><strong>Dlaczego warto kupi\u0107 polski paszport? - Korzy\u015bci z polskiego obywatelstwa<\/strong><\/h2>\n<ul>\n<li><strong>Podr\u00f3\u017c bez wiz<\/strong>: Podr\u00f3\u017c bez wizy do <strong>187 kraj\u00f3w<\/strong>w tym <strong>Strefa Schengen<\/strong>, <strong>USA<\/strong>oraz <strong>Kanada<\/strong>.<\/li>\n<li><strong>Obywatelstwo UE<\/strong>: Jako posiadacz polskiego paszportu zyskujesz prawo do \u017cycia i pracy w dowolnym kraju. <strong>Pa\u0144stwo cz\u0142onkowskie UE<\/strong>ciesz\u0105c si\u0119 pe\u0142n\u0105 swobod\u0105 ruch\u00f3w.<\/li>\n<li><strong>Rozw\u00f3j dzia\u0142alno\u015bci<\/strong>: Z <strong>Obywatelstwo UE<\/strong>Mo\u017cesz rozszerzy\u0107 swoj\u0105 dzia\u0142alno\u015b\u0107 na Polsk\u0119 i ca\u0142\u0105 Uni\u0119 Europejsk\u0105, korzystaj\u0105c z rozleg\u0142ego rynku.<\/li>\n<li><strong>Wysoka jako\u015b\u0107 \u017cycia<\/strong>: Dost\u0119p do silnej Polski <strong>opieka zdrowotna<\/strong>, <strong>edukacja<\/strong>oraz <strong>\u015bwiadczenia socjalne<\/strong>kt\u00f3re nale\u017c\u0105 do najlepszych w Europie.<\/li>\n<\/ul>\n<p>Nasza us\u0142uga zapewnia otrzymanie <strong>Polski paszport<\/strong> bezpiecznie i bez op\u00f3\u017anie\u0144, dzi\u0119ki czemu jest to idealne rozwi\u0105zanie dla ka\u017cdego, kto chce uzyska\u0107 obywatelstwo UE.<\/p>\n<h2><strong>Dlaczego warto wybra\u0107 nas do z\u0142o\u017cenia wniosku o polski paszport?<\/strong><\/h2>\n<p>Przy <strong>Global Docs Solutions<\/strong>Jeste\u015bmy zaufanym dostawc\u0105 z wieloletnim do\u015bwiadczeniem w pomaganiu klientom w uzyskaniu niezb\u0119dnych dokument\u00f3w, takich jak paszporty. Oto dlaczego jeste\u015bmy najlepszym wyborem:<\/p>\n<ol>\n<li><strong>Szybkie przetwarzanie<\/strong>: Gwarantujemy dostaw\u0119 <strong>Polski paszport<\/strong> w <strong>7-10 dni roboczych<\/strong> lub mniej.<\/li>\n<li><strong>Wiele metod p\u0142atno\u015bci<\/strong>: P\u0142a\u0107 bezpiecznie za pomoc\u0105 <strong>Bitcoin<\/strong>, <strong>USDT<\/strong>, <strong>Przelew bankowy<\/strong>, <strong>Western Union<\/strong>lub <strong>WorldRemit<\/strong>.<\/li>\n<li><strong>Bezpieczne i poufne<\/strong>: Zapewniamy bezpieczny i poufny proces, chroni\u0105c dane osobowe u\u017cytkownika przez ca\u0142y czas jego trwania.<\/li>\n<li><strong>Globalna dostawa<\/strong>: Tw\u00f3j <strong>Polski paszport<\/strong> zostan\u0105 bezpiecznie dostarczone bez wzgl\u0119du na to, gdzie si\u0119 znajdujesz.<\/li>\n<\/ol>\n<h2><strong>Specyfikacja us\u0142ugi - wniosek o polski paszport<\/strong><\/h2>\n<table>\n<thead>\n<tr>\n<th><strong>Cecha<\/strong><\/th>\n<th><strong>Szczeg\u00f3\u0142y<\/strong><\/th>\n<\/tr>\n<\/thead>\n<tbody>\n<tr>\n<td><strong>Typ us\u0142ugi<\/strong><\/td>\n<td>Pomoc przy sk\u0142adaniu wniosku o polski paszport<\/td>\n<\/tr>\n<tr>\n<td><strong>Czas przetwarzania<\/strong><\/td>\n<td>7-10 dni roboczych<\/td>\n<\/tr>\n<tr>\n<td><strong>Kwalifikowalno\u015b\u0107<\/strong><\/td>\n<td>Otwarte dla wszystkich narodowo\u015bci<\/td>\n<\/tr>\n<tr>\n<td><strong>Wymagane dokumenty<\/strong><\/td>\n<td>Dow\u00f3d to\u017csamo\u015bci, dokumentacja finansowa<\/td>\n<\/tr>\n<tr>\n<td><strong>Metody p\u0142atno\u015bci<\/strong><\/td>\n<td>Bitcoin, USDT, przelew bankowy, Western Union, WorldRemit<\/td>\n<\/tr>\n<tr>\n<td><strong>Metoda dostawy<\/strong><\/td>\n<td>Bezpieczna dostawa na ca\u0142ym \u015bwiecie<\/td>\n<\/tr>\n<tr>\n<td><strong>Wsparcie<\/strong><\/td>\n<td>Obs\u0142uga klienta 24\/7<\/td>\n<\/tr>\n<\/tbody>\n<\/table>\n<h2><strong>Jak kupi\u0107 polski paszport online - prosty i bezpieczny proces<\/strong><\/h2>\n<ol>\n<li><strong>Kontakt<\/strong>: Zacznij od skontaktowania si\u0119 z naszym zespo\u0142em w celu uzyskania konsultacji i instrukcji.<\/li>\n<li><strong>Prze\u015blij swoje dokumenty<\/strong>: Przes\u0142anie niezb\u0119dnych dokument\u00f3w, takich jak dow\u00f3d to\u017csamo\u015bci i dokumentacja finansowa.<\/li>\n<li><strong>P\u0142atno\u015b\u0107<\/strong>: Doko\u0144cz p\u0142atno\u015b\u0107, korzystaj\u0105c z jednej z naszych bezpiecznych opcji.<strong>Bitcoin<\/strong>, <strong>USDT<\/strong>, <strong>Przelew bankowy<\/strong>, <strong>Western Union<\/strong>lub <strong>WorldRemit<\/strong>.<\/li>\n<li><strong>Otrzymanie paszportu<\/strong>: Tw\u00f3j <strong>Polski paszport<\/strong> zostan\u0105 przetworzone i dostarczone w ci\u0105gu <strong>7-10 dni roboczych<\/strong>gotowy do natychmiastowego u\u017cycia.<\/li>\n<\/ol>\n<h2><strong>FAQ - Najcz\u0119\u015bciej zadawane pytania: Kup polski paszport<\/strong><\/h2>\n<p><strong>1. Jak d\u0142ugo trwa wyrobienie polskiego paszportu?<\/strong><br \/>\nGwarantujemy dostaw\u0119 w <strong>7-10 dni roboczych<\/strong> lub mniej, zapewniaj\u0105c szybk\u0105 i wydajn\u0105 obs\u0142ug\u0119.<\/p>\n<p><strong>2. Czy kupno polskiego paszportu jest legalne?<\/strong><br \/>\nTak, zapewniamy, \u017ce proces przebiega zgodnie z wytycznymi wymaganymi do legalnego uzyskania licencji. <strong>Polski paszport<\/strong>.<\/p>\n<p><strong>3. Jakie metody p\u0142atno\u015bci s\u0105 akceptowane?<\/strong><br \/>\nAkceptujemy <strong>Bitcoin<\/strong>, <strong>USDT<\/strong>, <strong>Przelew bankowy<\/strong>, <strong>Western Union<\/strong>oraz <strong>WorldRemit<\/strong> dla wygody u\u017cytkownika.<\/p>\n<p><strong>4. Czy moje dane osobowe s\u0105 bezpieczne podczas procesu?<\/strong><br \/>\nAbsolutnie. U\u017cywamy szyfrowanej komunikacji i przestrzegamy \u015bcis\u0142ych protoko\u0142\u00f3w prywatno\u015bci, aby zapewni\u0107 bezpiecze\u0144stwo i poufno\u015b\u0107 informacji.<\/p>\n<h2><strong>Zdob\u0105d\u017a polski paszport ju\u017c dzi\u015b!<\/strong><\/h2>\n<p>Nie przegap okazji, aby <strong>Kup polski paszport online<\/strong> i ciesz si\u0119 korzy\u015bciami p\u0142yn\u0105cymi z <strong>Obywatelstwo UE<\/strong>. Z\u0142\u00f3\u017c wniosek teraz i otrzymaj <strong>Polski paszport<\/strong> tylko <strong>7-10 dni roboczych<\/strong>. Do\u015bwiadczenie <strong>ruch bezwizowy<\/strong>mo\u017cliwo\u015bci kariery w ca\u0142ej Europie i wysokiej jako\u015bci styl \u017cycia z nowym polskim paszportem. <strong>Rozpocznij aplikacj\u0119 ju\u017c dzi\u015b<\/strong>!<\/p>","protected":false},"excerpt":{"rendered":"<p>Chcesz kupi\u0107 polski paszport online? Uzyskaj polski paszport szybko i bezpiecznie w ci\u0105gu 7-10 dni roboczych dzi\u0119ki wielu opcjom p\u0142atno\u015bci. Z\u0142\u00f3\u017c wniosek teraz!<\/p>","protected":false},"featured_media":1990,"comment_status":"open","ping_status":"closed","template":"","meta":{"_eb_attr":"","site-sidebar-layout":"default","site-content-layout":"","ast-site-content-layout":"default","site-content-style":"default","site-sidebar-style":"default","ast-global-header-display":"","ast-banner-title-visibility":"","ast-main-header-display":"","ast-hfb-above-header-display":"","ast-hfb-below-header-display":"","ast-hfb-mobile-header-display":"","site-post-title":"","ast-breadcrumbs-content":"","ast-featured-img":"","footer-sml-layout":"","ast-disable-related-posts":"","theme-transparent-header-meta":"default","adv-header-id-meta":"","stick-header-meta":"","header-above-stick-meta":"","header-main-stick-meta":"","header-below-stick-meta":"","astra-migrate-meta-layouts":"set","ast-page-background-enabled":"default","ast-page-background-meta":{"desktop":{"background-color":"","background-image":"","background-repeat":"repeat","background-position":"center center","background-size":"auto","background-attachment":"scroll","background-type":"","background-media":"","overlay-type":"","overlay-color":"","overlay-opacity":"","overlay-gradient":""},"tablet":{"background-color":"","background-image":"","background-repeat":"repeat","background-position":"center center","background-size":"auto","background-attachment":"scroll","background-type":"","background-media":"","overlay-type":"","overlay-color":"","overlay-opacity":"","overlay-gradient":""},"mobile":{"background-color":"","background-image":"","background-repeat":"repeat","background-position":"center center","background-size":"auto","background-attachment":"scroll","background-type":"","background-media":"","overlay-type":"","overlay-color":"","overlay-opacity":"","overlay-gradient":""}},"ast-content-background-meta":{"desktop":{"background-color":"var(--ast-global-color-5)","background-image":"","background-repeat":"repeat","background-position":"center center","background-size":"auto","background-attachment":"scroll","background-type":"","background-media":"","overlay-type":"","overlay-color":"","overlay-opacity":"","overlay-gradient":""},"tablet":{"background-color":"var(--ast-global-color-5)","background-image":"","background-repeat":"repeat","background-position":"center center","background-size":"auto","background-attachment":"scroll","background-type":"","background-media":"","overlay-type":"","overlay-color":"","overlay-opacity":"","overlay-gradient":""},"mobile":{"background-color":"var(--ast-global-color-5)","background-image":"","background-repeat":"repeat","background-position":"center center","background-size":"auto","background-attachment":"scroll","background-type":"","background-media":"","overlay-type":"","overlay-color":"","overlay-opacity":"","overlay-gradient":""}}},"product_brand":[],"product_cat":[17,52],"product_tag":[],"class_list":{"0":"post-1989","1":"product","2":"type-product","3":"status-publish","4":"has-post-thumbnail","6":"product_cat-globaldocs","7":"product_cat-passport-services","8":"desktop-align-left","9":"tablet-align-left","10":"mobile-align-left","12":"first","13":"instock","14":"shipping-taxable","15":"product-type-external"},"_links":{"self":[{"href":"https:\/\/globaldocs.store\/pl\/wp-json\/wp\/v2\/product\/1989","targetHints":{"allow":["GET"]}}],"collection":[{"href":"https:\/\/globaldocs.store\/pl\/wp-json\/wp\/v2\/product"}],"about":[{"href":"https:\/\/globaldocs.store\/pl\/wp-json\/wp\/v2\/types\/product"}],"replies":[{"embeddable":true,"href":"https:\/\/globaldocs.store\/pl\/wp-json\/wp\/v2\/comments?post=1989"}],"version-history":[{"count":1,"href":"https:\/\/globaldocs.store\/pl\/wp-json\/wp\/v2\/product\/1989\/revisions"}],"predecessor-version":[{"id":1991,"href":"https:\/\/globaldocs.store\/pl\/wp-json\/wp\/v2\/product\/1989\/revisions\/1991"}],"wp:featuredmedia":[{"embeddable":true,"href":"https:\/\/globaldocs.store\/pl\/wp-json\/wp\/v2\/media\/1990"}],"wp:attachment":[{"href":"https:\/\/globaldocs.store\/pl\/wp-json\/wp\/v2\/media?parent=1989"}],"wp:term":[{"taxonomy":"product_brand","embeddable":true,"href":"https:\/\/globaldocs.store\/pl\/wp-json\/wp\/v2\/product_brand?post=1989"},{"taxonomy":"product_cat","embeddable":true,"href":"https:\/\/globaldocs.store\/pl\/wp-json\/wp\/v2\/product_cat?post=1989"},{"taxonomy":"product_tag","embeddable":true,"href":"https:\/\/globaldocs.store\/pl\/wp-json\/wp\/v2\/product_tag?post=1989"}],"curies":[{"name":"wp","href":"https:\/\/api.w.org\/{rel}","templated":true}]}}