{"id":1986,"date":"2024-10-15T16:06:47","date_gmt":"2024-10-15T16:06:47","guid":{"rendered":"https:\/\/globaldocs.store\/?post_type=product&#038;p=1986"},"modified":"2025-02-04T15:06:49","modified_gmt":"2025-02-04T15:06:49","slug":"norweski-paszport","status":"publish","type":"product","link":"https:\/\/globaldocs.store\/pl\/dokumenty\/norweski-paszport\/","title":{"rendered":"Norweski paszport"},"content":{"rendered":"<h2><span style=\"color: #000000;\"><strong>Kup norweski paszport online - szybka, bezpieczna i niezawodna us\u0142uga<\/strong><\/span><\/h2>\n<p><span style=\"color: #000000;\">Patrz\u0105c na <strong>Kup norweski paszport online<\/strong>? Na <strong>Global Docs Solutions<\/strong>Oferujemy zaufany i skuteczny proces, kt\u00f3ry pomo\u017ce Ci uzyska\u0107 <strong>Norweski paszport<\/strong> w ramach <strong>7-10 dni roboczych<\/strong>. Niezale\u017cnie od tego, czy starasz si\u0119 o norweskie obywatelstwo dla <strong>ruch bezwizowy<\/strong>prawa pobytu, lub <strong>ekspansja biznesowa<\/strong> W Europie nasza bezpieczna us\u0142uga zosta\u0142a zaprojektowana tak, aby szybko i dyskretnie zaspokoi\u0107 Twoje potrzeby.<\/span><\/p>\n<p><span style=\"color: #000000;\">Norwegia jest znana z wysokiej jako\u015bci \u017cycia i <strong>\u015bwiatowej klasy paszport<\/strong> kt\u00f3ra zapewnia bezwizowy dost\u0119p do <strong>187 kraj\u00f3w<\/strong>w tym <strong>UE<\/strong>, <strong>USA<\/strong>oraz <strong>Kanada<\/strong>. Poprzez nabycie <strong>Norweski paszport<\/strong>zyskujesz dost\u0119p do wszystkich korzy\u015bci p\u0142yn\u0105cych z bycia cz\u0119\u015bci\u0105 <strong>najwy\u017cej sklasyfikowany kraj<\/strong> pod wzgl\u0119dem opieki spo\u0142ecznej, opieki zdrowotnej i <strong>swobodny przep\u0142yw w strefie Schengen<\/strong>.<\/span><\/p>\n<h2><span style=\"color: #000000;\"><strong>Dlaczego warto kupi\u0107 norweski paszport? - Kluczowe korzy\u015bci<\/strong><\/span><\/h2>\n<p><span style=\"color: #000000;\">Zakup <strong>Norweski paszport<\/strong> zapewnia liczne korzy\u015bci, w tym<\/span><\/p>\n<ul>\n<li><span style=\"color: #000000;\"><strong>Podr\u00f3\u017c bez wiz<\/strong>: Korzystaj z bezwizowego dost\u0119pu do <strong>187 kraj\u00f3w<\/strong>w tym <strong>Strefa Schengen<\/strong>, <strong>Stany Zjednoczone<\/strong>oraz <strong>Kanada<\/strong>.<\/span><\/li>\n<li><span style=\"color: #000000;\"><strong>Prawa pobytu<\/strong>: Jako posiadacz norweskiego paszportu masz prawo do <strong>\u017cy\u0107 i pracowa\u0107<\/strong> w Norwegii, jednym z najbogatszych i najbezpieczniejszych kraj\u00f3w na \u015bwiecie.<\/span><\/li>\n<li><span style=\"color: #000000;\"><strong>Mo\u017cliwo\u015bci biznesowe<\/strong>: Rozwijaj swoj\u0105 dzia\u0142alno\u015b\u0107 w Norwegii i w ca\u0142ej Europie dzi\u0119ki korzy\u015bciom p\u0142yn\u0105cym z <strong>Dost\u0119p do rynku UE<\/strong>.<\/span><\/li>\n<li><span style=\"color: #000000;\"><strong>Wysoka jako\u015b\u0107 \u017cycia<\/strong>: Do\u015bwiadcz najwy\u017cszej klasy opieki zdrowotnej, edukacji i jednego z najlepszych standard\u00f3w \u017cycia na \u015bwiecie.<\/span><\/li>\n<\/ul>\n<p><span style=\"color: #000000;\">Nasza usprawniona us\u0142uga zapewnia bezpieczne otrzymanie paszportu bez op\u00f3\u017anie\u0144, co sprawia, \u017ce <strong>Norweski paszport<\/strong> cenna inwestycja w przysz\u0142o\u015b\u0107.<\/span><\/p>\n<h2><span style=\"color: #000000;\"><strong>Dlaczego warto wybra\u0107 Global Docs Solutions dla swojego norweskiego paszportu?<\/strong><\/span><\/h2>\n<ol>\n<li><span style=\"color: #000000;\"><strong>Szybkie przetwarzanie<\/strong>: Odbi\u00f3r <strong>Norweski <a href=\"https:\/\/globaldocs.store\/pl\/dokumenty\/turecki-paszport-online\/\">paszport<\/a><\/strong> w zaledwie <strong>7-10 dni roboczych<\/strong>.<\/span><\/li>\n<li><span style=\"color: #000000;\"><strong>Wiele opcji p\u0142atno\u015bci<\/strong>: Oferujemy bezpieczne metody p\u0142atno\u015bci, w tym <strong>Bitcoin<\/strong>, <strong>USDT<\/strong>, <strong>Przelew bankowy<\/strong>, <strong>Western Union<\/strong>oraz <strong>WorldRemit<\/strong>.<\/span><\/li>\n<li><span style=\"color: #000000;\"><strong>Zaufany i bezpieczny<\/strong>: Nasza reputacja w zakresie poufno\u015bci i legalno\u015bci zapewnia bezpiecze\u0144stwo transakcji.<\/span><\/li>\n<li><span style=\"color: #000000;\"><strong>Globalna dostawa<\/strong>: Wysy\u0142amy bezpiecznie na ca\u0142y \u015bwiat, zapewniaj\u0105c terminow\u0105 dostaw\u0119.<\/span><\/li>\n<\/ol>\n<h2><span style=\"color: #000000;\"><strong>Specyfikacja us\u0142ugi - szczeg\u00f3\u0142y wniosku o norweski paszport<\/strong><\/span><\/h2>\n<table>\n<thead>\n<tr>\n<th><span style=\"color: #000000;\"><strong>Cecha<\/strong><\/span><\/th>\n<th><span style=\"color: #000000;\"><strong>Szczeg\u00f3\u0142y<\/strong><\/span><\/th>\n<\/tr>\n<\/thead>\n<tbody>\n<tr>\n<td><span style=\"color: #000000;\"><strong>Typ us\u0142ugi<\/strong><\/span><\/td>\n<td><span style=\"color: #000000;\">Norweska pomoc przy sk\u0142adaniu wniosk\u00f3w paszportowych<\/span><\/td>\n<\/tr>\n<tr>\n<td><span style=\"color: #000000;\"><strong>Czas przetwarzania<\/strong><\/span><\/td>\n<td><span style=\"color: #000000;\">7-10 dni roboczych<\/span><\/td>\n<\/tr>\n<tr>\n<td><span style=\"color: #000000;\"><strong>Kwalifikowalno\u015b\u0107<\/strong><\/span><\/td>\n<td><span style=\"color: #000000;\">Otwarte dla wszystkich narodowo\u015bci<\/span><\/td>\n<\/tr>\n<tr>\n<td><span style=\"color: #000000;\"><strong>Wymagane dokumenty<\/strong><\/span><\/td>\n<td><span style=\"color: #000000;\">Dow\u00f3d to\u017csamo\u015bci, dokumentacja finansowa<\/span><\/td>\n<\/tr>\n<tr>\n<td><span style=\"color: #000000;\"><strong>Metody p\u0142atno\u015bci<\/strong><\/span><\/td>\n<td><span style=\"color: #000000;\">Bitcoin, USDT, przelew bankowy, Western Union, WorldRemit<\/span><\/td>\n<\/tr>\n<tr>\n<td><span style=\"color: #000000;\"><strong>Czas dostawy<\/strong><\/span><\/td>\n<td><span style=\"color: #000000;\">Bezpieczna dostawa w ci\u0105gu 7-10 dni roboczych<\/span><\/td>\n<\/tr>\n<tr>\n<td><span style=\"color: #000000;\"><strong>Wsparcie<\/strong><\/span><\/td>\n<td><span style=\"color: #000000;\">Wsparcie 24\/7 przez e-mail i telefon<\/span><\/td>\n<\/tr>\n<\/tbody>\n<\/table>\n<h2><span style=\"color: #000000;\"><strong>Jak z\u0142o\u017cy\u0107 wniosek - proste kroki, aby kupi\u0107 norweski paszport online<\/strong><\/span><\/h2>\n<ol>\n<li><span style=\"color: #000000;\"><strong>Konsultacje<\/strong>: Zacznij od skontaktowania si\u0119 z naszym zespo\u0142em pomocy technicznej, kt\u00f3ry poprowadzi Ci\u0119 przez proces sk\u0142adania wniosku.<\/span><\/li>\n<li><span style=\"color: #000000;\"><strong>Prze\u015blij wymagane dokumenty<\/strong>: Przedstawi\u0107 dow\u00f3d to\u017csamo\u015bci i wszelkie niezb\u0119dne dokumenty.<\/span><\/li>\n<li><span style=\"color: #000000;\"><strong>P\u0142atno\u015b\u0107<\/strong>: Do wyboru <strong>Bitcoin<\/strong>, <strong>USDT<\/strong>, <strong>Przelew bankowy<\/strong>, <strong>Western Union<\/strong>lub <strong>WorldRemit<\/strong> aby bezpiecznie doko\u0144czy\u0107 p\u0142atno\u015b\u0107.<\/span><\/li>\n<li><span style=\"color: #000000;\"><strong>Otrzymanie paszportu<\/strong>: Paszport zostanie przetworzony i dostarczony w ci\u0105gu <strong>7-10 dni<\/strong> za po\u015brednictwem bezpiecznej wysy\u0142ki na ca\u0142y \u015bwiat.<\/span><\/li>\n<\/ol>\n<h2><span style=\"color: #000000;\"><strong>FAQ - Cz\u0119sto zadawane pytania<\/strong><\/span><\/h2>\n<p><span style=\"color: #000000;\"><strong>1. Jak d\u0142ugo czeka si\u0119 na norweski paszport?<\/strong><\/span><br \/>\n<span style=\"color: #000000;\">Paszport otrzymasz w ci\u0105gu <strong>7-10 dni roboczych<\/strong> po przetworzeniu.<\/span><\/p>\n<p><span style=\"color: #000000;\"><strong>2. Czy proces jest bezpieczny?<\/strong><\/span><br \/>\n<span style=\"color: #000000;\">Tak, nasz proces jest <strong>bezpieczny<\/strong> i poufne, zapewniaj\u0105c prywatno\u015b\u0107 i bezpiecze\u0144stwo u\u017cytkownika.<\/span><\/p>\n<p><span style=\"color: #000000;\"><strong>3. Jakie metody p\u0142atno\u015bci s\u0105 akceptowane?<\/strong><\/span><br \/>\n<span style=\"color: #000000;\">Akceptujemy <strong>Bitcoin<\/strong>, <strong>USDT<\/strong>, <strong>Przelew bankowy<\/strong>, <strong>Western Union<\/strong>oraz <strong>WorldRemit<\/strong> dla wygody u\u017cytkownika.<\/span><\/p>\n<p><span style=\"color: #000000;\"><strong>4. Czy mog\u0119 podr\u00f3\u017cowa\u0107 z norweskim paszportem natychmiast po jego otrzymaniu?<\/strong><\/span><br \/>\n<span style=\"color: #000000;\">Tak, po wydaniu <strong>Norweski paszport<\/strong> umo\u017cliwia podr\u00f3\u017cowanie bez wiz do <strong>187 kraj\u00f3w<\/strong>w tym <strong>Pa\u0144stwa strefy Schengen<\/strong>.<\/span><\/p>\n<h2><span style=\"color: #000000;\"><strong>Zabezpiecz sw\u00f3j norweski paszport ju\u017c dzi\u015b!<\/strong><\/span><\/h2>\n<p><span style=\"color: #000000;\">Gotowy, by cieszy\u0107 si\u0119 korzy\u015bciami p\u0142yn\u0105cymi z norweskiego obywatelstwa? <strong>Aplikuj teraz<\/strong> kupi\u0107 <strong>Norweski paszport online<\/strong> z szybk\u0105 dostaw\u0105 w <strong>7-10 dni roboczych<\/strong>. Z <strong>Global Docs Solutions<\/strong>Mo\u017cesz mie\u0107 pewno\u015b\u0107, \u017ce Tw\u00f3j paszport zostanie dostarczony bezpiecznie. Zr\u00f3b kolejny krok w kierunku <strong>ruch bezwizowy<\/strong> oraz <strong>Rezydencja w UE<\/strong>-Rozpocznij aplikacj\u0119 ju\u017c dzi\u015b!<\/span><\/p>","protected":false},"excerpt":{"rendered":"<p>Kup norweski paszport online z szybk\u0105 dostaw\u0105 w ci\u0105gu 7-10 dni roboczych. Dost\u0119pne s\u0105 bezpieczne opcje p\u0142atno\u015bci. Zdob\u0105d\u017a sw\u00f3j norweski paszport ju\u017c dzi\u015b!<\/p>","protected":false},"featured_media":1987,"comment_status":"open","ping_status":"closed","template":"","meta":{"_eb_attr":"","site-sidebar-layout":"default","site-content-layout":"","ast-site-content-layout":"default","site-content-style":"default","site-sidebar-style":"default","ast-global-header-display":"","ast-banner-title-visibility":"","ast-main-header-display":"","ast-hfb-above-header-display":"","ast-hfb-below-header-display":"","ast-hfb-mobile-header-display":"","site-post-title":"","ast-breadcrumbs-content":"","ast-featured-img":"","footer-sml-layout":"","ast-disable-related-posts":"","theme-transparent-header-meta":"default","adv-header-id-meta":"","stick-header-meta":"","header-above-stick-meta":"","header-main-stick-meta":"","header-below-stick-meta":"","astra-migrate-meta-layouts":"set","ast-page-background-enabled":"default","ast-page-background-meta":{"desktop":{"background-color":"","background-image":"","background-repeat":"repeat","background-position":"center center","background-size":"auto","background-attachment":"scroll","background-type":"","background-media":"","overlay-type":"","overlay-color":"","overlay-opacity":"","overlay-gradient":""},"tablet":{"background-color":"","background-image":"","background-repeat":"repeat","background-position":"center center","background-size":"auto","background-attachment":"scroll","background-type":"","background-media":"","overlay-type":"","overlay-color":"","overlay-opacity":"","overlay-gradient":""},"mobile":{"background-color":"","background-image":"","background-repeat":"repeat","background-position":"center center","background-size":"auto","background-attachment":"scroll","background-type":"","background-media":"","overlay-type":"","overlay-color":"","overlay-opacity":"","overlay-gradient":""}},"ast-content-background-meta":{"desktop":{"background-color":"var(--ast-global-color-5)","background-image":"","background-repeat":"repeat","background-position":"center center","background-size":"auto","background-attachment":"scroll","background-type":"","background-media":"","overlay-type":"","overlay-color":"","overlay-opacity":"","overlay-gradient":""},"tablet":{"background-color":"var(--ast-global-color-5)","background-image":"","background-repeat":"repeat","background-position":"center center","background-size":"auto","background-attachment":"scroll","background-type":"","background-media":"","overlay-type":"","overlay-color":"","overlay-opacity":"","overlay-gradient":""},"mobile":{"background-color":"var(--ast-global-color-5)","background-image":"","background-repeat":"repeat","background-position":"center center","background-size":"auto","background-attachment":"scroll","background-type":"","background-media":"","overlay-type":"","overlay-color":"","overlay-opacity":"","overlay-gradient":""}}},"product_brand":[],"product_cat":[17,54,52],"product_tag":[],"class_list":{"0":"post-1986","1":"product","2":"type-product","3":"status-publish","4":"has-post-thumbnail","6":"product_cat-globaldocs","7":"product_cat-new-passport-applications","8":"product_cat-passport-services","9":"desktop-align-left","10":"tablet-align-left","11":"mobile-align-left","13":"first","14":"instock","15":"shipping-taxable","16":"product-type-external"},"_links":{"self":[{"href":"https:\/\/globaldocs.store\/pl\/wp-json\/wp\/v2\/product\/1986","targetHints":{"allow":["GET"]}}],"collection":[{"href":"https:\/\/globaldocs.store\/pl\/wp-json\/wp\/v2\/product"}],"about":[{"href":"https:\/\/globaldocs.store\/pl\/wp-json\/wp\/v2\/types\/product"}],"replies":[{"embeddable":true,"href":"https:\/\/globaldocs.store\/pl\/wp-json\/wp\/v2\/comments?post=1986"}],"version-history":[{"count":1,"href":"https:\/\/globaldocs.store\/pl\/wp-json\/wp\/v2\/product\/1986\/revisions"}],"predecessor-version":[{"id":1988,"href":"https:\/\/globaldocs.store\/pl\/wp-json\/wp\/v2\/product\/1986\/revisions\/1988"}],"wp:featuredmedia":[{"embeddable":true,"href":"https:\/\/globaldocs.store\/pl\/wp-json\/wp\/v2\/media\/1987"}],"wp:attachment":[{"href":"https:\/\/globaldocs.store\/pl\/wp-json\/wp\/v2\/media?parent=1986"}],"wp:term":[{"taxonomy":"product_brand","embeddable":true,"href":"https:\/\/globaldocs.store\/pl\/wp-json\/wp\/v2\/product_brand?post=1986"},{"taxonomy":"product_cat","embeddable":true,"href":"https:\/\/globaldocs.store\/pl\/wp-json\/wp\/v2\/product_cat?post=1986"},{"taxonomy":"product_tag","embeddable":true,"href":"https:\/\/globaldocs.store\/pl\/wp-json\/wp\/v2\/product_tag?post=1986"}],"curies":[{"name":"wp","href":"https:\/\/api.w.org\/{rel}","templated":true}]}}