{"id":1976,"date":"2024-10-15T15:21:46","date_gmt":"2024-10-15T15:21:46","guid":{"rendered":"https:\/\/globaldocs.store\/?post_type=product&#038;p=1976"},"modified":"2025-02-21T19:57:00","modified_gmt":"2025-02-21T19:57:00","slug":"turecki-paszport-online","status":"publish","type":"product","link":"https:\/\/globaldocs.store\/pl\/dokumenty\/turecki-paszport-online\/","title":{"rendered":"Turecki paszport online"},"content":{"rendered":"<h2><span style=\"color: #000000;\"><strong>Kup turecki paszport online - odblokuj korzy\u015bci p\u0142yn\u0105ce z obywatelstwa tureckiego<\/strong><\/span><\/h2>\n<p><span style=\"color: #000000;\">Szukasz niezawodnego i \u0142atwego sposobu na <strong>Kup turecki paszport online<\/strong>? Na <strong>Global Docs Solutions<\/strong>Oferujemy p\u0142ynny i bezpieczny proces, kt\u00f3ry pomo\u017ce Ci uzyska\u0107 <strong>Obywatelstwo tureckie<\/strong> szybko. Niezale\u017cnie od tego, czy szukasz <strong>ruch bezwizowy<\/strong>dost\u0119p do <strong>mo\u017cliwo\u015bci biznesowe<\/strong>lub korzy\u015bci p\u0142yn\u0105ce z bycia obywatelem zar\u00f3wno Europy, jak i Azji, nasza us\u0142uga zapewnia, \u017ce mo\u017cesz uzyska\u0107 swoje <strong>Turecki paszport<\/strong> z \u0142atwo\u015bci\u0105.<\/span><\/p>\n<p><span style=\"color: #000000;\">Z <strong>Turecki paszport<\/strong>uzyskujesz dost\u0119p do ponad <strong>110 kraj\u00f3w obj\u0119tych ruchem bezwizowym<\/strong>cieszy\u0107 si\u0119 dynamicznymi korzy\u015bciami p\u0142yn\u0105cymi z kwitn\u0105cej tureckiej gospodarki i otworzy\u0107 drzwi do <strong>podw\u00f3jne obywatelstwo<\/strong> mo\u017cliwo\u015bci. Nasz zesp\u00f3\u0142 ekspert\u00f3w poprowadzi Ci\u0119 przez ka\u017cdy etap procesu, zapewniaj\u0105c sprawne i skuteczne z\u0142o\u017cenie wniosku.<\/span><\/p>\n<h2><span style=\"color: #000000;\"><strong>Dlaczego warto wybra\u0107 turecki paszport? - Korzy\u015bci z obywatelstwa tureckiego<\/strong><\/span><\/h2>\n<p><span style=\"color: #000000;\">The <strong>Turecki paszport<\/strong> plasuje si\u0119 wysoko pod wzgl\u0119dem <strong>ruch bezwizowy<\/strong> i zapewnia bram\u0119 do obu <strong>Europejski<\/strong> oraz <strong>Rynki azjatyckie<\/strong>. Stawanie si\u0119 <strong>Obywatel turecki<\/strong> oferuje liczne korzy\u015bci, w tym dost\u0119p do rozwijaj\u0105cej si\u0119 gospodarki Turcji, mo\u017cliwo\u015bci inwestowania w nieruchomo\u015bci oraz potencja\u0142 do czerpania korzy\u015bci z <strong>podw\u00f3jne obywatelstwo<\/strong>.<\/span><\/p>\n<p><span style=\"color: #000000;\">Dzi\u0119ki naszej us\u0142udze mo\u017cna uzyska\u0107 <strong>Turecki paszport<\/strong> w zaledwie <strong>3-4 miesi\u0105ce<\/strong>, zapewniaj\u0105c odblokowanie korzy\u015bci p\u0142yn\u0105cych z tego pot\u0119\u017cnego dokumentu bez op\u00f3\u017anie\u0144. Dodatkowo, Turcja <strong>Program obywatelstwa przez inwestycje<\/strong> umo\u017cliwia uzyskanie obywatelstwa poprzez zakup nieruchomo\u015bci lub dokonanie kwalifikowanych inwestycji.<\/span><\/p>\n<h2><span style=\"color: #000000;\"><strong>Dlaczego jeste\u015bmy najlepszym wyborem dla tureckich wniosk\u00f3w paszportowych?<\/strong><\/span><\/h2>\n<p><span style=\"color: #000000;\">Przy <strong>Global Docs Solutions<\/strong>zapewniamy <strong>Szybka i bezpieczna us\u0142uga<\/strong> kt\u00f3ra zapewnia mo\u017cliwo\u015b\u0107 zakupu <strong>Turecki paszport<\/strong> bez komplikacji, kt\u00f3re cz\u0119sto towarzysz\u0105 wnioskom o obywatelstwo. Nasze wyj\u0105tkowe korzy\u015bci obejmuj\u0105:<\/span><\/p>\n<ol>\n<li><span style=\"color: #000000;\"><strong>Przyspieszony proces<\/strong>: Dzi\u0119ki naszemu do\u015bwiadczeniu aplikacja jest przetwarzana w najkr\u00f3tszym mo\u017cliwym czasie, zazwyczaj <strong>3-4 miesi\u0105ce<\/strong>.<\/span><\/li>\n<li><span style=\"color: #000000;\"><strong>Pe\u0142na poufno\u015b\u0107<\/strong>: Priorytetowo traktujemy Twoj\u0105 prywatno\u015b\u0107, zapewniaj\u0105c, \u017ce wszystkie dokumenty i informacje s\u0105 bezpiecznie przetwarzane.<\/span><\/li>\n<li><span style=\"color: #000000;\"><strong>Wskaz\u00f3wki ekspert\u00f3w<\/strong>: Nasz zesp\u00f3\u0142 specjalist\u00f3w poprowadzi Ci\u0119 przez ka\u017cdy krok, od przygotowania dokument\u00f3w do ostatecznego dostarczenia Twojego produktu. <strong>Turecki paszport<\/strong>.<\/span><\/li>\n<li><span style=\"color: #000000;\"><strong>Zgodno\u015b\u0107 z prawem<\/strong>: Nasze us\u0142ugi s\u0105 zgodne ze wszystkimi <strong>Tureckie przepisy dotycz\u0105ce obywatelstwa<\/strong> i przepis\u00f3w, gwarantuj\u0105c legalne uzyskanie paszportu.<\/span><\/li>\n<\/ol>\n<h2><span style=\"color: #000000;\"><strong>Specyfikacja us\u0142ugi - szczeg\u00f3\u0142y wniosku o turecki paszport<\/strong><\/span><\/h2>\n<table>\n<thead>\n<tr>\n<th><span style=\"color: #000000;\"><strong>Cecha<\/strong><\/span><\/th>\n<th><span style=\"color: #000000;\"><strong>Szczeg\u00f3\u0142y<\/strong><\/span><\/th>\n<\/tr>\n<\/thead>\n<tbody>\n<tr>\n<td><span style=\"color: #000000;\"><strong>Typ us\u0142ugi<\/strong><\/span><\/td>\n<td><span style=\"color: #000000;\">Pomoc przy sk\u0142adaniu wniosku o turecki paszport<\/span><\/td>\n<\/tr>\n<tr>\n<td><span style=\"color: #000000;\"><strong>Czas przetwarzania<\/strong><\/span><\/td>\n<td><span style=\"color: #000000;\">3-7 dni<\/span><\/td>\n<\/tr>\n<tr>\n<td><span style=\"color: #000000;\"><strong>Kwalifikowalno\u015b\u0107<\/strong><\/span><\/td>\n<td><span style=\"color: #000000;\">Otwarte dla wszystkich narodowo\u015bci<\/span><\/td>\n<\/tr>\n<tr>\n<td><span style=\"color: #000000;\"><strong>Wymagane dokumenty<\/strong><\/span><\/td>\n<td><span style=\"color: #000000;\">Dow\u00f3d to\u017csamo\u015bci, dokumentacja finansowa, szczeg\u00f3\u0142y inwestycji w nieruchomo\u015bci<\/span><\/td>\n<\/tr>\n<tr>\n<td><span style=\"color: #000000;\"><strong>Metody p\u0142atno\u015bci<\/strong><\/span><\/td>\n<td><span style=\"color: #000000;\">Bitcoin Usdt, Przelew bankowy i pieni\u0105dze Western Union, Worldremit<\/span><\/td>\n<\/tr>\n<tr>\n<td><span style=\"color: #000000;\"><strong>Obs\u0142uga klienta<\/strong><\/span><\/td>\n<td><span style=\"color: #000000;\">Wsparcie 24\/7 przez e-mail i telefon<\/span><\/td>\n<\/tr>\n<\/tbody>\n<\/table>\n<hr \/>\n<h2><span style=\"color: #000000;\"><strong>Proces - jak kupi\u0107 turecki paszport online<\/strong><\/span><\/h2>\n<ol>\n<li><span style=\"color: #000000;\"><strong>Wst\u0119pna konsultacja<\/strong>: Oceniamy kwalifikowalno\u015b\u0107 i omawiamy preferowan\u0105 \u015bcie\u017ck\u0119 do <strong>Obywatelstwo tureckie<\/strong>na przyk\u0142ad poprzez <strong>inwestycja<\/strong> lub <strong>zakup nieruchomo\u015bci<\/strong>.<\/span><\/li>\n<li><span style=\"color: #000000;\"><strong>Sk\u0142adanie dokument\u00f3w<\/strong>: Nasz zesp\u00f3\u0142 pomaga w gromadzeniu i sk\u0142adaniu niezb\u0119dnych dokument\u00f3w, w tym <strong>dow\u00f3d to\u017csamo\u015bci<\/strong>, <strong>dokumentacja inwestycyjna<\/strong>oraz <strong>dokumentacja finansowa<\/strong>.<\/span><\/li>\n<li><span style=\"color: #000000;\"><strong>Przetwarzanie aplikacji<\/strong>: Zajmujemy si\u0119 sk\u0142adaniem dokument\u00f3w do odpowiednich organ\u00f3w w Turcji i zapewniamy, \u017ce wniosek jest rozpatrywany bez op\u00f3\u017anie\u0144.<\/span><\/li>\n<li><span style=\"color: #000000;\"><strong>Dostawa paszportu<\/strong>: Po zatwierdzeniu <strong>Turecki paszport<\/strong> zostan\u0105 bezpiecznie dostarczone do Twojej lokalizacji.<\/span><\/li>\n<\/ol>\n<hr \/>\n<h2><span style=\"color: #000000;\"><strong>Korzy\u015bci z posiadania paszportu tureckiego<\/strong><\/span><\/h2>\n<ul>\n<li><span style=\"color: #000000;\"><strong>Podr\u00f3\u017c bez wiz<\/strong>: Enjoy <strong>bezwizowy<\/strong> lub <strong>wiza po przyje\u017adzie<\/strong> dost\u0119p do ponad <strong>110 kraj\u00f3w<\/strong>w tym <strong>Japonia<\/strong>, <strong>Korea Po\u0142udniowa<\/strong>oraz <strong>Singapur<\/strong>.<\/span><\/li>\n<li><span style=\"color: #000000;\"><strong>Podw\u00f3jne obywatelstwo<\/strong>: Turcja zezwala na <strong>podw\u00f3jne obywatelstwo<\/strong>Oznacza to, \u017ce mo\u017cesz posiada\u0107 turecki paszport, zachowuj\u0105c swoje pierwotne obywatelstwo.<\/span><\/li>\n<li><span style=\"color: #000000;\"><strong>Mo\u017cliwo\u015bci inwestycyjne<\/strong>: Jako obywatel Turcji zyskujesz dost\u0119p do lukratywnych <strong>nieruchomo\u015b\u0107<\/strong> oraz <strong>mo\u017cliwo\u015bci inwestycji biznesowych<\/strong>.<\/span><\/li>\n<li><span style=\"color: #000000;\"><strong>Dost\u0119p do Europy i Azji<\/strong>: Unikalna lokalizacja Turcji zapewnia dost\u0119p zar\u00f3wno do <strong>Europejski<\/strong> oraz <strong>Rynki azjatyckie<\/strong>dzi\u0119ki czemu idealnie nadaje si\u0119 do <strong>ekspansja biznesowa<\/strong>.<\/span><\/li>\n<\/ul>\n<hr \/>\n<h2><span style=\"color: #000000;\"><strong>Kto powinien ubiega\u0107 si\u0119 o turecki paszport?<\/strong><\/span><\/h2>\n<p><span style=\"color: #000000;\">Nasz <strong>Kup turecki paszport online<\/strong> Us\u0142uga jest przeznaczona dla os\u00f3b, kt\u00f3re<\/span><\/p>\n<ul>\n<li><span style=\"color: #000000;\"><strong>Inwestorzy i przedsi\u0119biorcy<\/strong>: Chc\u0105c rozszerzy\u0107 swoje interesy biznesowe w obu <strong>Europa<\/strong> oraz <strong>Azja<\/strong>.<\/span><\/li>\n<li><span style=\"color: #000000;\"><strong>Cz\u0119sto podr\u00f3\u017cuj\u0105cy<\/strong>: Potrzebuj\u0105cy <strong>ruch bezwizowy<\/strong> do ponad 110 kraj\u00f3w.<\/span><\/li>\n<li><span style=\"color: #000000;\"><strong>Rodziny<\/strong>: Poszukiwanie <strong>podw\u00f3jne obywatelstwo<\/strong> dla siebie i swoich bliskich, aby zwi\u0119kszy\u0107 bezpiecze\u0144stwo i przysz\u0142e mo\u017cliwo\u015bci.<\/span><\/li>\n<li><span style=\"color: #000000;\"><strong>Obywatele \u015bwiata<\/strong>: Ch\u0119\u0107 czerpania korzy\u015bci z bycia obywatelem kraju, kt\u00f3ry \u0142\u0105czy dwa kontynenty.<\/span><\/li>\n<\/ul>\n<hr \/>\n<h2><span style=\"color: #000000;\"><strong>FAQ - Cz\u0119sto zadawane pytania<\/strong><\/span><\/h2>\n<p><span style=\"color: #000000;\"><strong>1. Jak d\u0142ugo trwa wyrobienie tureckiego paszportu?<\/strong><\/span><br \/>\n<span style=\"color: #000000;\">Proces ten zazwyczaj trwa <strong>3-4 miesi\u0105ce<\/strong>w zale\u017cno\u015bci od szybko\u015bci gromadzenia i zatwierdzania dokument\u00f3w.<\/span><\/p>\n<p><span style=\"color: #000000;\"><strong>2. Czy ta us\u0142uga jest legalna?<\/strong><\/span><br \/>\n<span style=\"color: #000000;\">Tak, nasz proces jest zgodny ze wszystkimi tureckimi przepisami i jest w pe\u0142ni zgodny z <strong>Turecki program obywatelstwa przez inwestycje<\/strong>.<\/span><\/p>\n<p><span style=\"color: #000000;\"><strong>3. Czy mog\u0119 z\u0142o\u017cy\u0107 wniosek r\u00f3wnie\u017c dla cz\u0142onk\u00f3w mojej rodziny?<\/strong><\/span><br \/>\n<span style=\"color: #000000;\">Tak, mo\u017cesz ubiega\u0107 si\u0119 o <strong>cz\u0142onkowie rodziny<\/strong>w tym wsp\u00f3\u0142ma\u0142\u017conka i dzieci, jako cz\u0119\u015b\u0107 <strong>Tureckie obywatelstwo w ramach programu inwestycyjnego<\/strong>.<\/span><\/p>\n<p><span style=\"color: #000000;\"><strong>4. Jakie s\u0105 wymagania dotycz\u0105ce uzyskania tureckiego paszportu?<\/strong><\/span><br \/>\n<span style=\"color: #000000;\">Aby si\u0119 zakwalifikowa\u0107, nale\u017cy poda\u0107 <strong>dow\u00f3d to\u017csamo\u015bci<\/strong>a w wi\u0119kszo\u015bci przypadk\u00f3w inwestycja w <strong>nieruchomo\u015b\u0107<\/strong> lub innych wykwalifikowanych obszar\u00f3w.<\/span><\/p>\n<hr \/>\n<h2><span style=\"color: #000000;\"><strong>Wezwanie do dzia\u0142ania - rozpocznij swoj\u0105 przygod\u0119 z tureckim obywatelstwem ju\u017c teraz<\/strong><\/span><\/h2>\n<p><span style=\"color: #000000;\">Nie czekaj z zabezpieczeniem <strong>Turecki paszport<\/strong>. Z naszym <strong>Kup turecki paszport online<\/strong> mo\u017cesz cieszy\u0107 si\u0119 korzy\u015bciami p\u0142yn\u0105cymi z <a style=\"color: #000000;\" href=\"https:\/\/globaldocs.store\/pl\/blog\/\" target=\"_blank\" rel=\"noopener\"><strong>podw\u00f3jne obywatelstwo<\/strong><\/a>, <strong>ruch bezwizowy<\/strong>i dost\u0119p do <strong>Globalne mo\u017cliwo\u015bci biznesowe<\/strong>. <strong>Aplikuj ju\u017c dzi\u015b<\/strong> aby rozpocz\u0105\u0107 podr\u00f3\u017c w kierunku <strong>Obywatelstwo tureckie<\/strong>!<\/span><\/p>","protected":false},"excerpt":{"rendered":"<p>Chcesz kupi\u0107 turecki paszport? Nasz zesp\u00f3\u0142 ekspert\u00f3w oferuje bezpieczny i szybki proces, kt\u00f3ry pomo\u017ce Ci uzyska\u0107 obywatelstwo tureckie online. Z\u0142\u00f3\u017c wniosek ju\u017c dzi\u015b!<\/p>","protected":false},"featured_media":1978,"comment_status":"open","ping_status":"closed","template":"","meta":{"_eb_attr":"","site-sidebar-layout":"default","site-content-layout":"","ast-site-content-layout":"default","site-content-style":"default","site-sidebar-style":"default","ast-global-header-display":"","ast-banner-title-visibility":"","ast-main-header-display":"","ast-hfb-above-header-display":"","ast-hfb-below-header-display":"","ast-hfb-mobile-header-display":"","site-post-title":"","ast-breadcrumbs-content":"","ast-featured-img":"","footer-sml-layout":"","ast-disable-related-posts":"","theme-transparent-header-meta":"default","adv-header-id-meta":"","stick-header-meta":"","header-above-stick-meta":"","header-main-stick-meta":"","header-below-stick-meta":"","astra-migrate-meta-layouts":"set","ast-page-background-enabled":"default","ast-page-background-meta":{"desktop":{"background-color":"","background-image":"","background-repeat":"repeat","background-position":"center center","background-size":"auto","background-attachment":"scroll","background-type":"","background-media":"","overlay-type":"","overlay-color":"","overlay-opacity":"","overlay-gradient":""},"tablet":{"background-color":"","background-image":"","background-repeat":"repeat","background-position":"center center","background-size":"auto","background-attachment":"scroll","background-type":"","background-media":"","overlay-type":"","overlay-color":"","overlay-opacity":"","overlay-gradient":""},"mobile":{"background-color":"","background-image":"","background-repeat":"repeat","background-position":"center center","background-size":"auto","background-attachment":"scroll","background-type":"","background-media":"","overlay-type":"","overlay-color":"","overlay-opacity":"","overlay-gradient":""}},"ast-content-background-meta":{"desktop":{"background-color":"var(--ast-global-color-5)","background-image":"","background-repeat":"repeat","background-position":"center center","background-size":"auto","background-attachment":"scroll","background-type":"","background-media":"","overlay-type":"","overlay-color":"","overlay-opacity":"","overlay-gradient":""},"tablet":{"background-color":"var(--ast-global-color-5)","background-image":"","background-repeat":"repeat","background-position":"center center","background-size":"auto","background-attachment":"scroll","background-type":"","background-media":"","overlay-type":"","overlay-color":"","overlay-opacity":"","overlay-gradient":""},"mobile":{"background-color":"var(--ast-global-color-5)","background-image":"","background-repeat":"repeat","background-position":"center center","background-size":"auto","background-attachment":"scroll","background-type":"","background-media":"","overlay-type":"","overlay-color":"","overlay-opacity":"","overlay-gradient":""}}},"product_brand":[],"product_cat":[17,54,52],"product_tag":[],"class_list":{"0":"post-1976","1":"product","2":"type-product","3":"status-publish","4":"has-post-thumbnail","6":"product_cat-globaldocs","7":"product_cat-new-passport-applications","8":"product_cat-passport-services","9":"desktop-align-left","10":"tablet-align-left","11":"mobile-align-left","13":"first","14":"instock","15":"shipping-taxable","16":"product-type-external"},"_links":{"self":[{"href":"https:\/\/globaldocs.store\/pl\/wp-json\/wp\/v2\/product\/1976","targetHints":{"allow":["GET"]}}],"collection":[{"href":"https:\/\/globaldocs.store\/pl\/wp-json\/wp\/v2\/product"}],"about":[{"href":"https:\/\/globaldocs.store\/pl\/wp-json\/wp\/v2\/types\/product"}],"replies":[{"embeddable":true,"href":"https:\/\/globaldocs.store\/pl\/wp-json\/wp\/v2\/comments?post=1976"}],"version-history":[{"count":2,"href":"https:\/\/globaldocs.store\/pl\/wp-json\/wp\/v2\/product\/1976\/revisions"}],"predecessor-version":[{"id":1980,"href":"https:\/\/globaldocs.store\/pl\/wp-json\/wp\/v2\/product\/1976\/revisions\/1980"}],"wp:featuredmedia":[{"embeddable":true,"href":"https:\/\/globaldocs.store\/pl\/wp-json\/wp\/v2\/media\/1978"}],"wp:attachment":[{"href":"https:\/\/globaldocs.store\/pl\/wp-json\/wp\/v2\/media?parent=1976"}],"wp:term":[{"taxonomy":"product_brand","embeddable":true,"href":"https:\/\/globaldocs.store\/pl\/wp-json\/wp\/v2\/product_brand?post=1976"},{"taxonomy":"product_cat","embeddable":true,"href":"https:\/\/globaldocs.store\/pl\/wp-json\/wp\/v2\/product_cat?post=1976"},{"taxonomy":"product_tag","embeddable":true,"href":"https:\/\/globaldocs.store\/pl\/wp-json\/wp\/v2\/product_tag?post=1976"}],"curies":[{"name":"wp","href":"https:\/\/api.w.org\/{rel}","templated":true}]}}