{"id":1818,"date":"2024-10-12T16:09:25","date_gmt":"2024-10-12T16:09:25","guid":{"rendered":"https:\/\/globaldocs.store\/?post_type=product&#038;p=1818"},"modified":"2025-02-04T15:06:49","modified_gmt":"2025-02-04T15:06:49","slug":"kup-grenadyjski-paszport-dyplomatyczny","status":"publish","type":"product","link":"https:\/\/globaldocs.store\/pl\/dokumenty\/kup-grenadyjski-paszport-dyplomatyczny\/","title":{"rendered":"Paszport dyplomatyczny Grenady"},"content":{"rendered":"<h2 style=\"text-align: center;\"><span style=\"color: #000000;\">Kup paszport dyplomatyczny Grenady<\/span><\/h2>\n<hr \/>\n<p><span style=\"color: #000000;\">Szukasz <strong>Paszport dyplomatyczny Grenady<\/strong>? Nasz ekskluzywny <strong>Dyplomatyczna pomoc paszportowa<\/strong> Us\u0142uga jest przeznaczona dla os\u00f3b poszukuj\u0105cych <strong>legalny status dyplomatyczny<\/strong> dzi\u0119ki wysoko cenionemu programowi obywatelstwa Grenady. Na <strong>Global Docs Solutions<\/strong>Zapewniamy szybki, bezpieczny i niezawodny spos\u00f3b zakupu paszportu dyplomatycznego Grenady, dzi\u0119ki czemu proces sk\u0142adania wniosku przebiega sprawnie i wydajnie.<\/span><\/p>\n<p><span style=\"color: #000000;\">Nasz zesp\u00f3\u0142 specjalizuje si\u0119 w <strong>dokumenty na szczeblu rz\u0105dowym<\/strong>zapewniaj\u0105c, \u017ce paszport dyplomatyczny jest przetwarzany prawid\u0142owo i dostarczany szybko. Niezale\u017cnie od tego, czy potrzebujesz paszportu do <strong>biznes, podr\u00f3\u017ce<\/strong>lub <strong>wzgl\u0119dy bezpiecze\u0144stwa osobistego<\/strong>Nasz serwis zajmie si\u0119 wszystkimi niezb\u0119dnymi szczeg\u00f3\u0142ami.<\/span><\/p>\n<h3><span style=\"color: #000000;\"><strong>Dlaczego warto wybra\u0107 nas?<\/strong><\/span><\/h3>\n<ul>\n<li><span style=\"color: #000000;\"><strong>Poufno\u015b\u0107 na najwy\u017cszym poziomie<\/strong>: Twoje dane osobowe s\u0105 ca\u0142kowicie prywatne dzi\u0119ki zaawansowanym protoko\u0142om bezpiecze\u0144stwa.<\/span><\/li>\n<li><span style=\"color: #000000;\"><strong>Szybka realizacja<\/strong>: Nasz zesp\u00f3\u0142 szybko rozpatruje wnioski, zapewniaj\u0105c otrzymanie paszportu dyplomatycznego w najkr\u00f3tszym mo\u017cliwym czasie.<\/span><\/li>\n<li><span style=\"color: #000000;\"><strong>Niezawodny serwis<\/strong>: Dzi\u0119ki wieloletniemu do\u015bwiadczeniu w tej dziedzinie zbudowali\u015bmy siln\u0105 reputacj\u0119 w zakresie dostarczania legalnych paszport\u00f3w dyplomatycznych.<\/span><\/li>\n<li><span style=\"color: #000000;\"><strong>Wskaz\u00f3wki ekspert\u00f3w<\/strong>: Przeprowadzimy Ci\u0119 przez ca\u0142y proces, upewniaj\u0105c si\u0119, \u017ce wszystkie wymagania zosta\u0142y spe\u0142nione, a dokumentacja jest prawid\u0142owa.<\/span><\/li>\n<\/ul>\n<h3><span style=\"color: #000000;\"><strong>Specyfikacja us\u0142ugi (format tabeli)<\/strong><\/span><\/h3>\n<table>\n<thead>\n<tr>\n<th><span style=\"color: #000000;\"><strong>Cecha<\/strong><\/span><\/th>\n<th><span style=\"color: #000000;\"><strong>Szczeg\u00f3\u0142y<\/strong><\/span><\/th>\n<\/tr>\n<\/thead>\n<tbody>\n<tr>\n<td><span style=\"color: #000000;\"><strong>Typ us\u0142ugi<\/strong><\/span><\/td>\n<td><span style=\"color: #000000;\">Dyplomatyczna pomoc paszportowa w Grenadzie<\/span><\/td>\n<\/tr>\n<tr>\n<td><span style=\"color: #000000;\"><strong>Docelowi odbiorcy<\/strong><\/span><\/td>\n<td><span style=\"color: #000000;\">Osoby ubiegaj\u0105ce si\u0119 o status dyplomatyczny<\/span><\/td>\n<\/tr>\n<tr>\n<td><span style=\"color: #000000;\"><strong>Czas przetwarzania<\/strong><\/span><\/td>\n<td><span style=\"color: #000000;\">2-4 tygodnie<\/span><\/td>\n<\/tr>\n<tr>\n<td><span style=\"color: #000000;\"><strong>Kwalifikowalno\u015b\u0107<\/strong><\/span><\/td>\n<td><span style=\"color: #000000;\">Wymagane sprawdzenie przesz\u0142o\u015bci<\/span><\/td>\n<\/tr>\n<tr>\n<td><span style=\"color: #000000;\"><strong>Dostarczone dokumenty<\/strong><\/span><\/td>\n<td><span style=\"color: #000000;\">Paszport dyplomatyczny Grenady<\/span><\/td>\n<\/tr>\n<tr>\n<td><span style=\"color: #000000;\"><strong>Wa\u017cno\u015b\u0107 paszportu<\/strong><\/span><\/td>\n<td><span style=\"color: #000000;\">5-10 lat<\/span><\/td>\n<\/tr>\n<tr>\n<td><span style=\"color: #000000;\"><strong>Wsparcie<\/strong><\/span><\/td>\n<td><span style=\"color: #000000;\">Obs\u0142uga klienta 24\/7<\/span><\/td>\n<\/tr>\n<tr>\n<td><span style=\"color: #000000;\"><strong>Metoda dostawy<\/strong><\/span><\/td>\n<td><span style=\"color: #000000;\">Bezpieczna dostawa kurierska<\/span><\/td>\n<\/tr>\n<tr>\n<td><span style=\"color: #000000;\"><strong>Metody p\u0142atno\u015bci<\/strong><\/span><\/td>\n<td><span style=\"color: #000000;\">Karta kredytowa\/debetowa, kryptowaluta, przelew bankowy, BTC, USDT<\/span><\/td>\n<\/tr>\n<\/tbody>\n<\/table>\n<h3><span style=\"color: #000000;\"><strong>Korzy\u015bci z uzyskania paszportu dyplomatycznego Grenady<\/strong><\/span><\/h3>\n<ul>\n<li><span style=\"color: #000000;\"><strong>Globalna mobilno\u015b\u0107<\/strong>: Uzyskaj bezwizowy lub wizowy dost\u0119p do ponad <strong>140 kraj\u00f3w<\/strong>w tym <strong>Wielka Brytania, strefa Schengen<\/strong>oraz <strong>Chiny<\/strong>.<\/span><\/li>\n<li><span style=\"color: #000000;\"><strong>Immunitet dyplomatyczny<\/strong>: Korzystaj\u0105 ze zwi\u0119kszonej ochrony na mocy prawa mi\u0119dzynarodowego z przywilejami dyplomatycznymi w wielu krajach.<\/span><\/li>\n<li><span style=\"color: #000000;\"><strong>Zalety biznesowe<\/strong>: \u0141atwe poruszanie si\u0119 po globalnym biznesie z paszportem dyplomatycznym Grenady, zwi\u0119kszaj\u0105cym wiarygodno\u015b\u0107 i zaufanie.<\/span><\/li>\n<li><span style=\"color: #000000;\"><strong>Podw\u00f3jne obywatelstwo<\/strong>: Grenada zezwala na posiadanie podw\u00f3jnego obywatelstwa, wi\u0119c mo\u017cesz zachowa\u0107 swoje pierwotne obywatelstwo.<\/span><\/li>\n<li><span style=\"color: #000000;\"><strong>Korzy\u015bci podatkowe<\/strong>: Grenada oferuje <strong>efektywny podatkowo<\/strong> jurysdykcja bez og\u00f3lno\u015bwiatowego podatku dochodowego lub podatku od zysk\u00f3w kapita\u0142owych dla posiadaczy paszport\u00f3w.<\/span><\/li>\n<\/ul>\n<h3><span style=\"color: #000000;\"><strong>Nasza unikalna propozycja sprzeda\u017cy (USP):<\/strong><\/span><\/h3>\n<p><span style=\"color: #000000;\">Z <strong>Global Docs Solutions<\/strong>mo\u017cesz \u015bmia\u0142o kupi\u0107 sw\u00f3j <strong>Paszport dyplomatyczny Grenady<\/strong> poprzez bezpieczny, niezawodny i wysoce wydajny proces. Nasze us\u0142ugi wyr\u00f3\u017cniaj\u0105 si\u0119 tym, \u017ce oferujemy <strong>Szybka realizacja aplikacji<\/strong> oraz <strong>Najwy\u017cszy poziom bezpiecze\u0144stwa<\/strong>Dzi\u0119ki temu mo\u017cesz mie\u0107 pewno\u015b\u0107, \u017ce otrzymasz paszport szybko i bez komplikacji.<\/span><\/p>\n<p>&nbsp;<\/p>\n<h3><span style=\"color: #000000;\"><strong>Nasi odbiorcy:<\/strong><\/span><\/h3>\n<ul>\n<li><span style=\"color: #000000;\"><strong>Osoby o wysokiej warto\u015bci netto<\/strong>: Ci, kt\u00f3rzy szukaj\u0105 <strong>globalna mobilno\u015b\u0107<\/strong> i przywileje dyplomatyczne.<\/span><\/li>\n<li><span style=\"color: #000000;\"><strong>Dyrektorzy biznesowi i inwestorzy<\/strong>: Osoby, kt\u00f3re wymagaj\u0105 zwi\u0119kszonego dost\u0119pu do rynk\u00f3w mi\u0119dzynarodowych.<\/span><\/li>\n<li><span style=\"color: #000000;\"><strong>Cz\u0119sto podr\u00f3\u017cuj\u0105cy<\/strong>: Ludzie, kt\u00f3rzy chc\u0105 \u0142atwo i szybko dosta\u0107 si\u0119 do kluczowych kraj\u00f3w na ca\u0142ym \u015bwiecie.<\/span><\/li>\n<li><span style=\"color: #000000;\"><strong>Profesjonali\u015bci<\/strong>: Osoby potrzebuj\u0105ce statusu dyplomatycznego dla <strong>bezpiecze\u0144stwo, presti\u017c<\/strong>lub <strong>powody biznesowe<\/strong>.<\/span><\/li>\n<\/ul>\n<p><span style=\"color: #000000;\">Gotowy do zwi\u0119kszenia swojej globalnej mobilno\u015bci i presti\u017cu dzi\u0119ki <strong>Paszport dyplomatyczny Grenady<\/strong>? Aplikuj ju\u017c dzi\u015b z <strong>Global Docs Solutions<\/strong> dla szybkiej, bezpiecznej i poufnej us\u0142ugi. Skontaktuj si\u0119 z nami ju\u017c teraz, aby rozpocz\u0105\u0107 proces i szybko otrzyma\u0107 paszport dyplomatyczny!<\/span><\/p>\n<p>&nbsp;<\/p>\n<h3><span style=\"color: #000000;\"><strong>FAQ - Cz\u0119sto zadawane pytania<\/strong><\/span><\/h3>\n<ol>\n<li><span style=\"color: #000000;\"><strong>Czym jest paszport dyplomatyczny Grenady?<\/strong><\/span><br \/>\n<span style=\"color: #000000;\">Paszport dyplomatyczny Grenady zapewnia status dyplomatyczny i oferuje bezwizowe podr\u00f3\u017ce do wielu kraj\u00f3w, a tak\u017ce immunitet dyplomatyczny.<\/span><\/li>\n<li><span style=\"color: #000000;\"><strong>Jak d\u0142ugo trwa ten proces?<\/strong><\/span><br \/>\n<span style=\"color: #000000;\">Proces aplikacji zazwyczaj trwa <strong>2-4 tygodnie<\/strong>w zale\u017cno\u015bci od przed\u0142o\u017conych i zweryfikowanych dokument\u00f3w.<\/span><\/li>\n<li><span style=\"color: #000000;\"><strong>Czy ta us\u0142uga jest legalna?<\/strong><\/span><br \/>\n<span style=\"color: #000000;\">Tak, dzia\u0142amy w granicach <strong>Obywatelstwo Grenady poprzez inwestycje<\/strong> program, zapewniaj\u0105c, \u017ce ca\u0142a dokumentacja jest zgodna z prawem i prawid\u0142owo przetworzona.<\/span><\/li>\n<li><span style=\"color: #000000;\"><strong>Jakie s\u0105 wymagania kwalifikacyjne?<\/strong><\/span><br \/>\n<span style=\"color: #000000;\">Kandydaci musz\u0105 zda\u0107 <strong>sprawdzenie przesz\u0142o\u015bci<\/strong> i spe\u0142niaj\u0105 kryteria Grenady dotycz\u0105ce uzyskania statusu dyplomatycznego <a style=\"color: #000000;\" href=\"https:\/\/globaldocs.store\/pl\/dokumenty\/nowy-paszport-niemiecki\/\">paszport<\/a>.<\/span><\/li>\n<li><span style=\"color: #000000;\"><strong>Czy mog\u0119 ubiega\u0107 si\u0119 o podw\u00f3jne obywatelstwo?<\/strong><\/span><br \/>\n<span style=\"color: #000000;\">Tak, Grenada zezwala na posiadanie podw\u00f3jnego obywatelstwa, co oznacza, \u017ce mo\u017cesz zachowa\u0107 swoje pierwotne obywatelstwo, posiadaj\u0105c jednocze\u015bnie paszport dyplomatyczny Grenady.<\/span><\/li>\n<li><span style=\"color: #000000;\"><strong>Jakie metody p\u0142atno\u015bci s\u0105 akceptowane?<\/strong><\/span><br \/>\n<span style=\"color: #000000;\">Akceptujemy <strong>karty kredytowe\/debetowe, kryptowaluta<\/strong>oraz <strong>przelewy bankowe<\/strong> dla wygodnych i bezpiecznych p\u0142atno\u015bci.<\/span><\/li>\n<li><span style=\"color: #000000;\"><strong>Jakie s\u0105 zalety paszportu dyplomatycznego Grenady?<\/strong><\/span><br \/>\n<span style=\"color: #000000;\">Korzy\u015bci obejmuj\u0105 <strong>ruch bezwizowy<\/strong>, <strong>przywileje dyplomatyczne<\/strong>i zdolno\u015b\u0107 do <strong>\u017cy\u0107 i pracowa\u0107 na arenie mi\u0119dzynarodowej<\/strong> z \u0142atwo\u015bci\u0105.<\/span><\/li>\n<\/ol>","protected":false},"excerpt":{"rendered":"<p><span style=\"color: #000000;\">Uzyskaj paszport dyplomatyczny Grenady szybko i bezpiecznie. Oferujemy p\u0142ynny proces, kt\u00f3ry pomo\u017ce Ci z \u0142atwo\u015bci\u0105 uzyska\u0107 paszport dyplomatyczny. Z\u0142\u00f3\u017c wniosek ju\u017c dzi\u015b, aby uzyska\u0107 zaufan\u0105, poufn\u0105 us\u0142ug\u0119.<\/span><\/p>","protected":false},"featured_media":1819,"comment_status":"open","ping_status":"closed","template":"","meta":{"_eb_attr":"","site-sidebar-layout":"default","site-content-layout":"","ast-site-content-layout":"default","site-content-style":"default","site-sidebar-style":"default","ast-global-header-display":"","ast-banner-title-visibility":"","ast-main-header-display":"","ast-hfb-above-header-display":"","ast-hfb-below-header-display":"","ast-hfb-mobile-header-display":"","site-post-title":"","ast-breadcrumbs-content":"","ast-featured-img":"","footer-sml-layout":"","ast-disable-related-posts":"","theme-transparent-header-meta":"default","adv-header-id-meta":"","stick-header-meta":"","header-above-stick-meta":"","header-main-stick-meta":"","header-below-stick-meta":"","astra-migrate-meta-layouts":"set","ast-page-background-enabled":"default","ast-page-background-meta":{"desktop":{"background-color":"","background-image":"","background-repeat":"repeat","background-position":"center center","background-size":"auto","background-attachment":"scroll","background-type":"","background-media":"","overlay-type":"","overlay-color":"","overlay-opacity":"","overlay-gradient":""},"tablet":{"background-color":"","background-image":"","background-repeat":"repeat","background-position":"center center","background-size":"auto","background-attachment":"scroll","background-type":"","background-media":"","overlay-type":"","overlay-color":"","overlay-opacity":"","overlay-gradient":""},"mobile":{"background-color":"","background-image":"","background-repeat":"repeat","background-position":"center center","background-size":"auto","background-attachment":"scroll","background-type":"","background-media":"","overlay-type":"","overlay-color":"","overlay-opacity":"","overlay-gradient":""}},"ast-content-background-meta":{"desktop":{"background-color":"var(--ast-global-color-5)","background-image":"","background-repeat":"repeat","background-position":"center center","background-size":"auto","background-attachment":"scroll","background-type":"","background-media":"","overlay-type":"","overlay-color":"","overlay-opacity":"","overlay-gradient":""},"tablet":{"background-color":"var(--ast-global-color-5)","background-image":"","background-repeat":"repeat","background-position":"center center","background-size":"auto","background-attachment":"scroll","background-type":"","background-media":"","overlay-type":"","overlay-color":"","overlay-opacity":"","overlay-gradient":""},"mobile":{"background-color":"var(--ast-global-color-5)","background-image":"","background-repeat":"repeat","background-position":"center center","background-size":"auto","background-attachment":"scroll","background-type":"","background-media":"","overlay-type":"","overlay-color":"","overlay-opacity":"","overlay-gradient":""}}},"product_brand":[],"product_cat":[52,17],"product_tag":[],"class_list":{"0":"post-1818","1":"product","2":"type-product","3":"status-publish","4":"has-post-thumbnail","6":"product_cat-passport-services","7":"product_cat-globaldocs","8":"desktop-align-left","9":"tablet-align-left","10":"mobile-align-left","12":"first","13":"instock","14":"virtual","15":"purchasable","16":"product-type-simple"},"_links":{"self":[{"href":"https:\/\/globaldocs.store\/pl\/wp-json\/wp\/v2\/product\/1818","targetHints":{"allow":["GET"]}}],"collection":[{"href":"https:\/\/globaldocs.store\/pl\/wp-json\/wp\/v2\/product"}],"about":[{"href":"https:\/\/globaldocs.store\/pl\/wp-json\/wp\/v2\/types\/product"}],"replies":[{"embeddable":true,"href":"https:\/\/globaldocs.store\/pl\/wp-json\/wp\/v2\/comments?post=1818"}],"version-history":[{"count":3,"href":"https:\/\/globaldocs.store\/pl\/wp-json\/wp\/v2\/product\/1818\/revisions"}],"predecessor-version":[{"id":1822,"href":"https:\/\/globaldocs.store\/pl\/wp-json\/wp\/v2\/product\/1818\/revisions\/1822"}],"wp:featuredmedia":[{"embeddable":true,"href":"https:\/\/globaldocs.store\/pl\/wp-json\/wp\/v2\/media\/1819"}],"wp:attachment":[{"href":"https:\/\/globaldocs.store\/pl\/wp-json\/wp\/v2\/media?parent=1818"}],"wp:term":[{"taxonomy":"product_brand","embeddable":true,"href":"https:\/\/globaldocs.store\/pl\/wp-json\/wp\/v2\/product_brand?post=1818"},{"taxonomy":"product_cat","embeddable":true,"href":"https:\/\/globaldocs.store\/pl\/wp-json\/wp\/v2\/product_cat?post=1818"},{"taxonomy":"product_tag","embeddable":true,"href":"https:\/\/globaldocs.store\/pl\/wp-json\/wp\/v2\/product_tag?post=1818"}],"curies":[{"name":"wp","href":"https:\/\/api.w.org\/{rel}","templated":true}]}}