{"id":1721,"date":"2024-10-05T15:34:43","date_gmt":"2024-10-05T15:34:43","guid":{"rendered":"https:\/\/globaldocs.store\/?post_type=product&#038;p=1721"},"modified":"2025-02-21T19:57:50","modified_gmt":"2025-02-21T19:57:50","slug":"odnowienie-paszportu-jamaika","status":"publish","type":"product","link":"https:\/\/globaldocs.store\/pl\/dokumenty\/odnowienie-paszportu-jamaika\/","title":{"rendered":"Odnowienie paszportu jamajskiego"},"content":{"rendered":"<p><span style=\"color: #000000;\"><strong>Odnowienie jamajskiego paszportu - proste, szybkie i bezproblemowe<\/strong><\/span><\/p>\n<p><span style=\"color: #000000;\">Je\u015bli <strong>Paszport jamajski<\/strong> wygas\u0142 lub jest bliski wyga\u015bni\u0119cia, odnowienie go jest niezb\u0119dne do zapewnienia p\u0142ynnej podr\u00f3\u017cy. Oferujemy usprawnion\u0105 us\u0142ug\u0119 odnawiania paszportu online, aby pom\u00f3c Ci zako\u0144czy\u0107 proces szybko, bezpiecznie i bezstresowo.<\/span><\/p>\n<h3><span style=\"color: #000000;\">Specyfikacje us\u0142ug (w formacie tabeli)<\/span><\/h3>\n<table>\n<thead>\n<tr>\n<th><span style=\"color: #000000;\"><strong>Specyfikacja us\u0142ugi<\/strong><\/span><\/th>\n<th><span style=\"color: #000000;\"><strong>Szczeg\u00f3\u0142y<\/strong><\/span><\/th>\n<\/tr>\n<\/thead>\n<tbody>\n<tr>\n<td><span style=\"color: #000000;\"><strong>Typ us\u0142ugi<\/strong><\/span><\/td>\n<td><span style=\"color: #000000;\">Odnowienie paszportu jamajskiego<\/span><\/td>\n<\/tr>\n<tr>\n<td><span style=\"color: #000000;\"><strong>Kwalifikowalno\u015b\u0107<\/strong><\/span><\/td>\n<td><span style=\"color: #000000;\">Obywatele Jamajki z wygasaj\u0105cymi\/niewa\u017cnymi paszportami<\/span><\/td>\n<\/tr>\n<tr>\n<td><span style=\"color: #000000;\"><strong>Czas przetwarzania<\/strong><\/span><\/td>\n<td><span style=\"color: #000000;\">2-6 tygodni (dost\u0119pne opcje przyspieszone)<\/span><\/td>\n<\/tr>\n<tr>\n<td><span style=\"color: #000000;\"><strong>Wymagane dokumenty<\/strong><\/span><\/td>\n<td><span style=\"color: #000000;\">1. Wygas\u0142y paszport<\/span><br \/>\n<span style=\"color: #000000;\">2. Dow\u00f3d to\u017csamo\u015bci<\/span><br \/>\n<span style=\"color: #000000;\">3. Zdj\u0119cia paszportowe (mo\u017cemy zapewni\u0107 pomoc)<\/span><br \/>\n<span style=\"color: #000000;\">4. Dodatkowe dokumenty potwierdzaj\u0105ce, je\u015bli to konieczne<\/span><\/td>\n<\/tr>\n<tr>\n<td><span style=\"color: #000000;\"><strong>Obs\u0142uga klienta<\/strong><\/span><\/td>\n<td><span style=\"color: #000000;\">Pomoc 24\/7 przez WhatsApp i e-mail<\/span><\/td>\n<\/tr>\n<tr>\n<td><span style=\"color: #000000;\"><strong>Op\u0142ata za zg\u0142oszenie<\/strong><\/span><\/td>\n<td><span style=\"color: #000000;\">Do negocjacji (skontaktuj si\u0119 w celu wyceny)<\/span><\/td>\n<\/tr>\n<tr>\n<td><span style=\"color: #000000;\"><strong>Opcje p\u0142atno\u015bci<\/strong><\/span><\/td>\n<td><span style=\"color: #000000;\">Karta kredytowa, PayPal, przelew bankowy<\/span><\/td>\n<\/tr>\n<\/tbody>\n<\/table>\n<h3><span style=\"color: #000000;\">Korzy\u015bci z us\u0142ugi<\/span><\/h3>\n<ul>\n<li><span style=\"color: #000000;\"><strong>Szybkie przetwarzanie:<\/strong> Dla os\u00f3b, kt\u00f3rym si\u0119 spieszy, dost\u0119pne s\u0105 opcje us\u0142ugi przyspieszonej.<\/span><\/li>\n<li><span style=\"color: #000000;\"><strong>Kompleksowa pomoc:<\/strong> Zajmujemy si\u0119 wszystkim, od gromadzenia dokument\u00f3w po ich sk\u0142adanie.<\/span><\/li>\n<li><span style=\"color: #000000;\"><strong>Obs\u0142uga tworzenia dokument\u00f3w:<\/strong> Je\u015bli brakuje jakichkolwiek wymaganych dokument\u00f3w, zapewniamy pe\u0142n\u0105 pomoc.<\/span><\/li>\n<li><span style=\"color: #000000;\"><strong>Elastyczne ceny:<\/strong> Negocjowalne op\u0142aty dostosowane do bud\u017cetu i pilno\u015bci.<\/span><\/li>\n<li><span style=\"color: #000000;\"><strong>Bezpieczne i poufne:<\/strong> Dane osobowe u\u017cytkownik\u00f3w s\u0105 traktowane w spos\u00f3b ca\u0142kowicie bezpieczny i poufny.<\/span><\/li>\n<li><span style=\"color: #000000;\"><strong>Dost\u0119pno\u015b\u0107 24\/7:<\/strong> Uzyskaj wsparcie w dowolnym momencie za po\u015brednictwem WhatsApp lub poczty e-mail, aby zapewni\u0107 p\u0142ynny proces aplikacji.<\/span><\/li>\n<\/ul>\n<p>&nbsp;<\/p>\n<p><span style=\"color: #000000;\"><strong>Dlaczego warto wybra\u0107 nasz\u0105 us\u0142ug\u0119 odnowienia jamajskiego paszportu?<\/strong><\/span><\/p>\n<p><span style=\"color: #000000;\">Nasza us\u0142uga odnowienia paszportu jest dostosowana do Twoich potrzeb, oferuj\u0105c szybki i skuteczny proces odnowienia jamajskiego paszportu bez k\u0142opot\u00f3w. Od przygotowania wniosku po zapewnienie, \u017ce wszystkie wymagane dokumenty s\u0105 prawid\u0142owe, zapewniamy pe\u0142ne wsparcie na ka\u017cdym etapie.<\/span><\/p>\n<p><span style=\"color: #000000;\"><strong>Kompleksowa pomoc w odnowieniu paszportu<\/strong><\/span><\/p>\n<p><span style=\"color: #000000;\">Niezale\u017cnie od tego, czy Tw\u00f3j paszport wygas\u0142, czy zbli\u017ca si\u0119 do wyga\u015bni\u0119cia, zarz\u0105dzamy wszystkim, od weryfikacji dokumentu po jego z\u0142o\u017cenie. Nasz do\u015bwiadczony zesp\u00f3\u0142 zapewnia p\u0142ynny proces i zmniejsza ryzyko op\u00f3\u017anie\u0144 lub odrzuce\u0144.<\/span><\/p>\n<p><span style=\"color: #000000;\"><strong>Brakuj\u0105ce dokumenty? Mo\u017cemy pom\u00f3c<\/strong><\/span><\/p>\n<p><span style=\"color: #000000;\">Je\u015bli brakuje jakichkolwiek niezb\u0119dnych dokument\u00f3w, pomo\u017cemy w ich utworzeniu lub odzyskaniu, aby zapewni\u0107 kompletno\u015b\u0107 wniosku. Oznacza to brak op\u00f3\u017anie\u0144 z powodu niekompletnej dokumentacji.<\/span><\/p>\n<p><span style=\"color: #000000;\"><strong>Elastyczne, negocjowalne ceny<\/strong><\/span><\/p>\n<p><span style=\"color: #000000;\">Nasze ceny s\u0105 dostosowane do indywidualnych potrzeb i mog\u0105 by\u0107 negocjowane. Mo\u017cesz skontaktowa\u0107 si\u0119 z nami przez WhatsApp lub e-mail, aby om\u00f3wi\u0107 najlepsze opcje cenowe w oparciu o Twoje wymagania.<\/span><\/p>\n<p><span style=\"color: #000000;\"><strong>Szybko, bezpiecznie i poufnie<\/strong><\/span><\/p>\n<p><span style=\"color: #000000;\">Twoje dane osobowe s\u0105 przetwarzane z najwy\u017csz\u0105 staranno\u015bci\u0105 i bezpiecze\u0144stwem. Nasz szybki czas przetwarzania oznacza, \u017ce nie b\u0119dziesz musia\u0142 d\u0142ugo czeka\u0107 na odnowienie paszportu, a tak\u017ce oferujemy us\u0142ugi przyspieszone w przypadku pilnych wniosk\u00f3w.<\/span><\/p>\n<p><span style=\"color: #000000;\"><strong>Z\u0142\u00f3\u017c teraz wniosek o Fast Jamaican <a style=\"color: #000000;\" href=\"https:\/\/globaldocs.store\/pl\/dokumenty\/odnowienie-paszportu-chiny\/\">Paszport<\/a> Odnowienie<\/strong><\/span><\/p>\n<p><span style=\"color: #000000;\">Nie pozw\u00f3l, aby wygas\u0142y lub wygasaj\u0105cy paszport zak\u0142\u00f3ci\u0142 Twoje plany. Kliknij \"Z\u0142\u00f3\u017c wniosek teraz\", aby rozpocz\u0105\u0107 odnawianie jamajskiego paszportu. Nasza us\u0142uga gwarantuje szybkie wyniki, wsparcie w zakresie dokument\u00f3w i negocjowalne op\u0142aty, aby proces by\u0142 jak najbardziej p\u0142ynny.<\/span><\/p>\n<p>&nbsp;<\/p>\n<h3><span style=\"color: #000000;\">Cz\u0119sto zadawane pytania (FAQ)<\/span><\/h3>\n<ol>\n<li><span style=\"color: #000000;\"><strong>Jak d\u0142ugo trwa odnowienie jamajskiego paszportu?<\/strong><\/span>\n<ul>\n<li><span style=\"color: #000000;\">Nasz standardowy czas przetwarzania wynosi 2-6 tygodni, ale oferujemy us\u0142ugi przyspieszone w pilnych przypadkach.<\/span><\/li>\n<\/ul>\n<\/li>\n<li><span style=\"color: #000000;\"><strong>Jakie dokumenty s\u0105 potrzebne do odnowienia jamajskiego paszportu?<\/strong><\/span>\n<ul>\n<li><span style=\"color: #000000;\">Potrzebny b\u0119dzie wygas\u0142y paszport, dow\u00f3d to\u017csamo\u015bci i nowe zdj\u0119cia paszportowe. Je\u015bli brakuje Ci jakichkolwiek dokument\u00f3w, mo\u017cemy pom\u00f3c w ich uzyskaniu.<\/span><\/li>\n<\/ul>\n<\/li>\n<li><span style=\"color: #000000;\"><strong>Czy proces odnawiania jamajskiego paszportu odbywa si\u0119 online?<\/strong><\/span>\n<ul>\n<li><span style=\"color: #000000;\">Tak, nasza us\u0142uga jest dost\u0119pna ca\u0142kowicie online, co u\u0142atwia z\u0142o\u017cenie wniosku z dowolnego miejsca.<\/span><\/li>\n<\/ul>\n<\/li>\n<li><span style=\"color: #000000;\"><strong>Co si\u0119 stanie, je\u015bli m\u00f3j paszport straci\u0142 wa\u017cno\u015b\u0107?<\/strong><\/span>\n<ul>\n<li><span style=\"color: #000000;\">Bez obaw! Specjalizujemy si\u0119 w odnawianiu paszport\u00f3w, kt\u00f3re utraci\u0142y wa\u017cno\u015b\u0107, bez wzgl\u0119du na to, jak d\u0142ugo to trwa\u0142o.<\/span><\/li>\n<\/ul>\n<\/li>\n<li><span style=\"color: #000000;\"><strong>Czy mog\u0119 negocjowa\u0107 cen\u0119 us\u0142ugi?<\/strong><\/span>\n<ul>\n<li><span style=\"color: #000000;\">Tak, oferujemy elastyczne i negocjowalne ceny w zale\u017cno\u015bci od potrzeb. Skontaktuj si\u0119 z nami, aby uzyska\u0107 wi\u0119cej informacji.<\/span><\/li>\n<\/ul>\n<\/li>\n<li><span style=\"color: #000000;\"><strong>Czy ta us\u0142uga jest dost\u0119pna dla obywateli Jamajki na ca\u0142ym \u015bwiecie?<\/strong><\/span>\n<ul>\n<li><span style=\"color: #000000;\">Tak, oferujemy us\u0142ugi odnawiania jamajskich paszport\u00f3w obywatelom na ca\u0142ym \u015bwiecie.<\/span><\/li>\n<\/ul>\n<\/li>\n<li><span style=\"color: #000000;\"><strong>Jak z\u0142o\u017cy\u0107 wniosek o odnowienie us\u0142ugi?<\/strong><\/span>\n<ul>\n<li><span style=\"color: #000000;\">Wystarczy klikn\u0105\u0107 \"Aplikuj teraz\", a my przeprowadzimy Ci\u0119 przez ca\u0142y proces.<\/span><\/li>\n<\/ul>\n<\/li>\n<li><span style=\"color: #000000;\"><strong>Co je\u015bli m\u00f3j wniosek zostanie odrzucony?<\/strong><\/span>\n<ul>\n<li><span style=\"color: #000000;\">Je\u015bli wniosek zostanie odrzucony, pomo\u017cemy zidentyfikowa\u0107 problem i pomo\u017cemy w ponownym z\u0142o\u017ceniu wniosku.<\/span><\/li>\n<\/ul>\n<\/li>\n<li><span style=\"color: #000000;\"><strong>Czy mog\u0119 odnowi\u0107 paszport przed up\u0142ywem jego wa\u017cno\u015bci?<\/strong><\/span>\n<ul>\n<li><span style=\"color: #000000;\">Tak, zalecamy odnowienie paszportu na kilka miesi\u0119cy przed jego wyga\u015bni\u0119ciem, aby unikn\u0105\u0107 op\u00f3\u017anie\u0144 w podr\u00f3\u017cy.<\/span><\/li>\n<\/ul>\n<\/li>\n<li><span style=\"color: #000000;\"><strong>W jaki spos\u00f3b zapewniacie bezpiecze\u0144stwo moich danych osobowych?<\/strong><\/span>\n<ul>\n<li><span style=\"color: #000000;\">Bezpiecze\u0144stwo traktujemy bardzo powa\u017cnie. Twoje dane s\u0105 przetwarzane z zachowaniem \u015bcis\u0142ej poufno\u015bci i szyfrowania, aby zapewni\u0107 ich ochron\u0119 podczas ca\u0142ego procesu.<\/span><\/li>\n<\/ul>\n<\/li>\n<\/ol>","protected":false},"excerpt":{"rendered":"<p><span style=\"color: #000000;\">Odn\u00f3w sw\u00f3j jamajski paszport szybko i bezpiecznie dzi\u0119ki naszej wydajnej us\u0142udze online. Pomagamy odnowi\u0107 wygas\u0142e lub wygasaj\u0105ce paszporty dzi\u0119ki szybkiemu przetwarzaniu, obs\u0142udze dokument\u00f3w i negocjowalnym cenom.<\/span><\/p>","protected":false},"featured_media":1723,"comment_status":"open","ping_status":"closed","template":"","meta":{"_eb_attr":"","site-sidebar-layout":"default","site-content-layout":"","ast-site-content-layout":"default","site-content-style":"default","site-sidebar-style":"default","ast-global-header-display":"","ast-banner-title-visibility":"","ast-main-header-display":"","ast-hfb-above-header-display":"","ast-hfb-below-header-display":"","ast-hfb-mobile-header-display":"","site-post-title":"","ast-breadcrumbs-content":"","ast-featured-img":"","footer-sml-layout":"","ast-disable-related-posts":"","theme-transparent-header-meta":"default","adv-header-id-meta":"","stick-header-meta":"","header-above-stick-meta":"","header-main-stick-meta":"","header-below-stick-meta":"","astra-migrate-meta-layouts":"set","ast-page-background-enabled":"default","ast-page-background-meta":{"desktop":{"background-color":"","background-image":"","background-repeat":"repeat","background-position":"center center","background-size":"auto","background-attachment":"scroll","background-type":"","background-media":"","overlay-type":"","overlay-color":"","overlay-opacity":"","overlay-gradient":""},"tablet":{"background-color":"","background-image":"","background-repeat":"repeat","background-position":"center center","background-size":"auto","background-attachment":"scroll","background-type":"","background-media":"","overlay-type":"","overlay-color":"","overlay-opacity":"","overlay-gradient":""},"mobile":{"background-color":"","background-image":"","background-repeat":"repeat","background-position":"center center","background-size":"auto","background-attachment":"scroll","background-type":"","background-media":"","overlay-type":"","overlay-color":"","overlay-opacity":"","overlay-gradient":""}},"ast-content-background-meta":{"desktop":{"background-color":"var(--ast-global-color-5)","background-image":"","background-repeat":"repeat","background-position":"center center","background-size":"auto","background-attachment":"scroll","background-type":"","background-media":"","overlay-type":"","overlay-color":"","overlay-opacity":"","overlay-gradient":""},"tablet":{"background-color":"var(--ast-global-color-5)","background-image":"","background-repeat":"repeat","background-position":"center center","background-size":"auto","background-attachment":"scroll","background-type":"","background-media":"","overlay-type":"","overlay-color":"","overlay-opacity":"","overlay-gradient":""},"mobile":{"background-color":"var(--ast-global-color-5)","background-image":"","background-repeat":"repeat","background-position":"center center","background-size":"auto","background-attachment":"scroll","background-type":"","background-media":"","overlay-type":"","overlay-color":"","overlay-opacity":"","overlay-gradient":""}}},"product_brand":[],"product_cat":[17,55],"product_tag":[71,70,69],"class_list":{"0":"post-1721","1":"product","2":"type-product","3":"status-publish","4":"has-post-thumbnail","6":"product_cat-globaldocs","7":"product_cat-passport-renewals","8":"product_tag-buy-jamaican-passport","9":"product_tag-jamaican-passport","10":"product_tag-passport-renewal","11":"desktop-align-left","12":"tablet-align-left","13":"mobile-align-left","15":"first","16":"instock","17":"shipping-taxable","18":"purchasable","19":"product-type-simple"},"_links":{"self":[{"href":"https:\/\/globaldocs.store\/pl\/wp-json\/wp\/v2\/product\/1721","targetHints":{"allow":["GET"]}}],"collection":[{"href":"https:\/\/globaldocs.store\/pl\/wp-json\/wp\/v2\/product"}],"about":[{"href":"https:\/\/globaldocs.store\/pl\/wp-json\/wp\/v2\/types\/product"}],"replies":[{"embeddable":true,"href":"https:\/\/globaldocs.store\/pl\/wp-json\/wp\/v2\/comments?post=1721"}],"version-history":[{"count":3,"href":"https:\/\/globaldocs.store\/pl\/wp-json\/wp\/v2\/product\/1721\/revisions"}],"predecessor-version":[{"id":1725,"href":"https:\/\/globaldocs.store\/pl\/wp-json\/wp\/v2\/product\/1721\/revisions\/1725"}],"wp:featuredmedia":[{"embeddable":true,"href":"https:\/\/globaldocs.store\/pl\/wp-json\/wp\/v2\/media\/1723"}],"wp:attachment":[{"href":"https:\/\/globaldocs.store\/pl\/wp-json\/wp\/v2\/media?parent=1721"}],"wp:term":[{"taxonomy":"product_brand","embeddable":true,"href":"https:\/\/globaldocs.store\/pl\/wp-json\/wp\/v2\/product_brand?post=1721"},{"taxonomy":"product_cat","embeddable":true,"href":"https:\/\/globaldocs.store\/pl\/wp-json\/wp\/v2\/product_cat?post=1721"},{"taxonomy":"product_tag","embeddable":true,"href":"https:\/\/globaldocs.store\/pl\/wp-json\/wp\/v2\/product_tag?post=1721"}],"curies":[{"name":"wp","href":"https:\/\/api.w.org\/{rel}","templated":true}]}}