{"id":1712,"date":"2024-10-05T13:43:30","date_gmt":"2024-10-05T13:43:30","guid":{"rendered":"https:\/\/globaldocs.store\/?post_type=product&#038;p=1712"},"modified":"2025-02-21T19:57:50","modified_gmt":"2025-02-21T19:57:50","slug":"wiza-do-chin-dla-posiadacza-paszportu-koreanskiego-z-usa","status":"publish","type":"product","link":"https:\/\/globaldocs.store\/pl\/dokumenty\/wiza-do-chin-dla-posiadacza-paszportu-koreanskiego-z-usa\/","title":{"rendered":"Wiza dla posiadaczy korea\u0144skich paszport\u00f3w do Chin z USA"},"content":{"rendered":"<p><span style=\"color: #000000;\"><strong>Wiza dla posiadaczy korea\u0144skich paszport\u00f3w do Chin z USA - szybka i niezawodna aplikacja wizowa<\/strong><\/span><\/p>\n<p><span style=\"color: #000000;\">Czy jeste\u015b posiadaczem korea\u0144skiego paszportu mieszkaj\u0105cym obecnie w USA i potrzebujesz wizy do Chin? Niezale\u017cnie od tego, czy podr\u00f3\u017cujesz w celach biznesowych, turystycznych czy osobistych, szybkie uzyskanie chi\u0144skiej wizy jest niezb\u0119dne. Nasza us\u0142uga specjalizuje si\u0119 w przetwarzaniu wiz dla posiadaczy korea\u0144skich paszport\u00f3w mieszkaj\u0105cych w USA, zapewniaj\u0105c sprawny i skuteczny proces sk\u0142adania wniosk\u00f3w.<\/span><\/p>\n<h3><span style=\"color: #000000;\">Specyfikacja us\u0142ugi :<\/span><\/h3>\n<table>\n<thead>\n<tr>\n<th><span style=\"color: #000000;\"><strong>Specyfikacja us\u0142ugi<\/strong><\/span><\/th>\n<th><span style=\"color: #000000;\"><strong>Szczeg\u00f3\u0142y<\/strong><\/span><\/th>\n<\/tr>\n<\/thead>\n<tbody>\n<tr>\n<td><span style=\"color: #000000;\"><strong>Typ us\u0142ugi<\/strong><\/span><\/td>\n<td><span style=\"color: #000000;\">Wniosek o chi\u0144sk\u0105 wiz\u0119 dla posiadaczy korea\u0144skich paszport\u00f3w mieszkaj\u0105cych w USA<\/span><\/td>\n<\/tr>\n<tr>\n<td><span style=\"color: #000000;\"><strong>Kwalifikowalno\u015b\u0107<\/strong><\/span><\/td>\n<td><span style=\"color: #000000;\">Posiadacze korea\u0144skich paszport\u00f3w w USA<\/span><\/td>\n<\/tr>\n<tr>\n<td><span style=\"color: #000000;\"><strong>Czas przetwarzania<\/strong><\/span><\/td>\n<td><span style=\"color: #000000;\">2-4 tygodnie (dost\u0119pne opcje przyspieszone)<\/span><\/td>\n<\/tr>\n<tr>\n<td><span style=\"color: #000000;\"><strong>Wymagane dokumenty<\/strong><\/span><\/td>\n<td><span style=\"color: #000000;\">1. Wa\u017cny korea\u0144ski paszport<\/span><br \/>\n<span style=\"color: #000000;\">2. Dow\u00f3d zamieszkania w USA<\/span><br \/>\n<span style=\"color: #000000;\">3. Plan podr\u00f3\u017cy<\/span><br \/>\n<span style=\"color: #000000;\">4. Wype\u0142niony formularz wniosku wizowego<\/span><br \/>\n<span style=\"color: #000000;\">5. Zdj\u0119cie paszportowe (mo\u017ce by\u0107 dostarczone w razie potrzeby)<\/span><\/td>\n<\/tr>\n<tr>\n<td><span style=\"color: #000000;\"><strong>Obs\u0142uga klienta<\/strong><\/span><\/td>\n<td><span style=\"color: #000000;\">Pomoc 24\/7 przez e-mail i WhatsApp<\/span><\/td>\n<\/tr>\n<tr>\n<td><span style=\"color: #000000;\"><strong>Op\u0142ata za zg\u0142oszenie<\/strong><\/span><\/td>\n<td><span style=\"color: #000000;\">Do negocjacji (skontaktuj si\u0119 z nami w celu uzyskania szczeg\u00f3\u0142\u00f3w)<\/span><\/td>\n<\/tr>\n<tr>\n<td><span style=\"color: #000000;\"><strong>Opcje p\u0142atno\u015bci<\/strong><\/span><\/td>\n<td><span style=\"color: #000000;\">Karta kredytowa, PayPal, przelew bankowy, BTC, USDT<\/span><\/td>\n<\/tr>\n<\/tbody>\n<\/table>\n<h3>Korzy\u015bci z us\u0142ugi<\/h3>\n<ul>\n<li><strong>Szybkie przetwarzanie:<\/strong> Uzyskaj wiz\u0119 szybko, dzi\u0119ki opcjom przyspieszonej obs\u0142ugi.<\/li>\n<li><strong>Kompleksowa pomoc:<\/strong> Zajmujemy si\u0119 wszystkim, od weryfikacji dokument\u00f3w po z\u0142o\u017cenie wizy, zapewniaj\u0105c p\u0142ynny proces.<\/li>\n<li><strong>Cena do negocjacji:<\/strong> Nasze ceny s\u0105 elastyczne i mog\u0105 by\u0107 dostosowane do konkretnych potrzeb.<\/li>\n<li><strong>Bezpieczne i poufne:<\/strong> Powa\u017cnie traktujemy prywatno\u015b\u0107, zapewniaj\u0105c, \u017ce dane osobowe u\u017cytkownik\u00f3w s\u0105 traktowane z nale\u017cyt\u0105 staranno\u015bci\u0105.<\/li>\n<li><strong>Obs\u0142uga tworzenia dokument\u00f3w:<\/strong> Je\u015bli brakuje Ci niezb\u0119dnych dokument\u00f3w, zapewniamy wsparcie w tworzeniu dokument\u00f3w potrzebnych do z\u0142o\u017cenia wniosku wizowego.<\/li>\n<li><strong>Obs\u0142uga klienta 24\/7:<\/strong> Oferujemy ca\u0142odobowe wsparcie, aby przeprowadzi\u0107 Ci\u0119 przez ca\u0142y proces.<\/li>\n<li><strong>Do\u015bwiadczony zesp\u00f3\u0142:<\/strong> Nasi specjali\u015bci maj\u0105 wieloletnie do\u015bwiadczenie w rozpatrywaniu wniosk\u00f3w wizowych, zapewniaj\u0105c fachow\u0105 obs\u0142ug\u0119 aplikacji.<\/li>\n<\/ul>\n<p>&nbsp;<\/p>\n<p><span style=\"color: #000000;\"><strong>Dlaczego warto wybra\u0107 nas do z\u0142o\u017cenia wniosku o chi\u0144sk\u0105 wiz\u0119?<\/strong><\/span><\/p>\n<p><span style=\"color: #000000;\">Ubieganie si\u0119 o wiz\u0119 mo\u017ce by\u0107 stresuj\u0105ce, zw\u0142aszcza gdy mieszka si\u0119 za granic\u0105. Upraszczamy proces dla posiadaczy korea\u0144skich paszport\u00f3w potrzebuj\u0105cych wizy do Chin z USA. Nasz do\u015bwiadczony zesp\u00f3\u0142 poprowadzi Ci\u0119 krok po kroku, zapewniaj\u0105c, \u017ce Tw\u00f3j wniosek wizowy jest dok\u0142adny i kompletny. Dzi\u0119ki naszej niezawodnej us\u0142udze mo\u017cesz unikn\u0105\u0107 op\u00f3\u017anie\u0144 i skupi\u0107 si\u0119 na planach podr\u00f3\u017cy.<\/span><\/p>\n<p><span style=\"color: #000000;\"><strong>Kompleksowa obs\u0142uga dokument\u00f3w<\/strong><\/span><\/p>\n<p><span style=\"color: #000000;\">Je\u015bli brakuje Ci jakichkolwiek dokument\u00f3w wymaganych do z\u0142o\u017cenia wniosku wizowego, oferujemy pe\u0142ne wsparcie w ich tworzeniu. Niezale\u017cnie od tego, czy chodzi o dodatkowy dow\u00f3d pobytu, weryfikacj\u0119 to\u017csamo\u015bci czy plany podr\u00f3\u017cy, upewnimy si\u0119, \u017ce masz wszystko, co potrzebne do pomy\u015blnego z\u0142o\u017cenia wniosku.<\/span><\/p>\n<p><span style=\"color: #000000;\"><strong>Negocjowalne ceny - dostosowane do Twoich potrzeb<\/strong><\/span><\/p>\n<p><span style=\"color: #000000;\">Rozumiemy, \u017ce ka\u017cda sytuacja jest wyj\u0105tkowa, dlatego oferujemy negocjowalne ceny naszych us\u0142ug. Skontaktuj si\u0119 z nami przez WhatsApp lub e-mail, aby om\u00f3wi\u0107 opcje cenowe w oparciu o Twoje konkretne potrzeby.<\/span><\/p>\n<p><span style=\"color: #000000;\"><strong>Jak ubiega\u0107 si\u0119 o chi\u0144sk\u0105 wiz\u0119 jako posiadacz korea\u0144skiego paszportu w USA?<\/strong><\/span><\/p>\n<p><span style=\"color: #000000;\">Z\u0142o\u017cenie wniosku za po\u015brednictwem naszego serwisu jest proste! Wystarczy klikn\u0105\u0107 \"Aplikuj teraz\", wype\u0142ni\u0107 niezb\u0119dne dane i pozwoli\u0107 nam zaj\u0105\u0107 si\u0119 reszt\u0105. Poprowadzimy Ci\u0119 przez proces sk\u0142adania dokument\u00f3w i ubiegania si\u0119 o wiz\u0119, aby zapewni\u0107 bezproblemowe do\u015bwiadczenie.<\/span><\/p>\n<p><span style=\"color: #000000;\"><strong>Szybkie, profesjonalne i niedrogie przetwarzanie wiz<\/strong><\/span><\/p>\n<p><span style=\"color: #000000;\">Nasza us\u0142uga jest przeznaczona dla os\u00f3b, kt\u00f3re potrzebuj\u0105 szybko i sprawnie uzyska\u0107 wiz\u0119 do Chin. Naszym priorytetem jest szybko\u015b\u0107 i dok\u0142adno\u015b\u0107, dzi\u0119ki czemu wniosek wizowy jest przetwarzany bez zb\u0119dnych op\u00f3\u017anie\u0144. Ponadto, dzi\u0119ki negocjowalnym cenom, mo\u017cesz znale\u017a\u0107 rozwi\u0105zanie, kt\u00f3re pasuje do Twojego bud\u017cetu.<\/span><\/p>\n<p><span style=\"color: #000000;\"><strong>Tworzenie dokument\u00f3w i negocjowalne ceny<\/strong><\/span><\/p>\n<p><span style=\"color: #000000;\">Brakuje wa\u017cnych dokument\u00f3w? Nie martw si\u0119! Mo\u017cemy przygotowa\u0107 wszelkie niezb\u0119dne dokumenty do wniosku wizowego. Niezale\u017cnie od tego, czy chodzi o dow\u00f3d zamieszkania w USA, czy korea\u0144sk\u0105 weryfikacj\u0119 paszportu, mamy wszystko pod kontrol\u0105. Ceny s\u0105 elastyczne, wi\u0119c skontaktuj si\u0119 z nami przez WhatsApp lub e-mail, aby wynegocjowa\u0107 odpowiedni\u0105 dla siebie stawk\u0119.<\/span><\/p>\n<p><span style=\"color: #000000;\"><strong>Rozpocznij teraz<\/strong><\/span><\/p>\n<p><span style=\"color: #000000;\">Gotowy do ubiegania si\u0119 o wiz\u0119 chi\u0144sk\u0105 jako posiadacz korea\u0144skiego paszportu w USA? Kliknij \"Aplikuj teraz\" i rozpocznij proces aplikacji z pomoc\u0105 naszych ekspert\u00f3w.<\/span><\/p>","protected":false},"excerpt":{"rendered":"<p>&nbsp;<\/p>\n<p>Uzyskaj wiz\u0119 do Chin \u0142atwo i szybko jako posiadacz korea\u0144skiego paszportu mieszkaj\u0105cy w USA. Nasza us\u0142uga upraszcza proces, zapewniaj\u0105c wskaz\u00f3wki krok po kroku i negocjowalne ceny. Z\u0142\u00f3\u017c wniosek ju\u017c teraz i ciesz si\u0119 szybk\u0105, niezawodn\u0105 obs\u0142ug\u0105.<\/p>","protected":false},"featured_media":1714,"comment_status":"open","ping_status":"closed","template":"","meta":{"_eb_attr":"","site-sidebar-layout":"default","site-content-layout":"","ast-site-content-layout":"default","site-content-style":"default","site-sidebar-style":"default","ast-global-header-display":"","ast-banner-title-visibility":"","ast-main-header-display":"","ast-hfb-above-header-display":"","ast-hfb-below-header-display":"","ast-hfb-mobile-header-display":"","site-post-title":"","ast-breadcrumbs-content":"","ast-featured-img":"","footer-sml-layout":"","ast-disable-related-posts":"","theme-transparent-header-meta":"default","adv-header-id-meta":"","stick-header-meta":"","header-above-stick-meta":"","header-main-stick-meta":"","header-below-stick-meta":"","astra-migrate-meta-layouts":"set","ast-page-background-enabled":"default","ast-page-background-meta":{"desktop":{"background-color":"","background-image":"","background-repeat":"repeat","background-position":"center center","background-size":"auto","background-attachment":"scroll","background-type":"","background-media":"","overlay-type":"","overlay-color":"","overlay-opacity":"","overlay-gradient":""},"tablet":{"background-color":"","background-image":"","background-repeat":"repeat","background-position":"center center","background-size":"auto","background-attachment":"scroll","background-type":"","background-media":"","overlay-type":"","overlay-color":"","overlay-opacity":"","overlay-gradient":""},"mobile":{"background-color":"","background-image":"","background-repeat":"repeat","background-position":"center center","background-size":"auto","background-attachment":"scroll","background-type":"","background-media":"","overlay-type":"","overlay-color":"","overlay-opacity":"","overlay-gradient":""}},"ast-content-background-meta":{"desktop":{"background-color":"var(--ast-global-color-5)","background-image":"","background-repeat":"repeat","background-position":"center center","background-size":"auto","background-attachment":"scroll","background-type":"","background-media":"","overlay-type":"","overlay-color":"","overlay-opacity":"","overlay-gradient":""},"tablet":{"background-color":"var(--ast-global-color-5)","background-image":"","background-repeat":"repeat","background-position":"center center","background-size":"auto","background-attachment":"scroll","background-type":"","background-media":"","overlay-type":"","overlay-color":"","overlay-opacity":"","overlay-gradient":""},"mobile":{"background-color":"var(--ast-global-color-5)","background-image":"","background-repeat":"repeat","background-position":"center center","background-size":"auto","background-attachment":"scroll","background-type":"","background-media":"","overlay-type":"","overlay-color":"","overlay-opacity":"","overlay-gradient":""}}},"product_brand":[],"product_cat":[17,54,52],"product_tag":[],"class_list":{"0":"post-1712","1":"product","2":"type-product","3":"status-publish","4":"has-post-thumbnail","6":"product_cat-globaldocs","7":"product_cat-new-passport-applications","8":"product_cat-passport-services","9":"desktop-align-left","10":"tablet-align-left","11":"mobile-align-left","13":"first","14":"instock","15":"virtual","16":"purchasable","17":"product-type-simple"},"_links":{"self":[{"href":"https:\/\/globaldocs.store\/pl\/wp-json\/wp\/v2\/product\/1712","targetHints":{"allow":["GET"]}}],"collection":[{"href":"https:\/\/globaldocs.store\/pl\/wp-json\/wp\/v2\/product"}],"about":[{"href":"https:\/\/globaldocs.store\/pl\/wp-json\/wp\/v2\/types\/product"}],"replies":[{"embeddable":true,"href":"https:\/\/globaldocs.store\/pl\/wp-json\/wp\/v2\/comments?post=1712"}],"version-history":[{"count":2,"href":"https:\/\/globaldocs.store\/pl\/wp-json\/wp\/v2\/product\/1712\/revisions"}],"predecessor-version":[{"id":1715,"href":"https:\/\/globaldocs.store\/pl\/wp-json\/wp\/v2\/product\/1712\/revisions\/1715"}],"wp:featuredmedia":[{"embeddable":true,"href":"https:\/\/globaldocs.store\/pl\/wp-json\/wp\/v2\/media\/1714"}],"wp:attachment":[{"href":"https:\/\/globaldocs.store\/pl\/wp-json\/wp\/v2\/media?parent=1712"}],"wp:term":[{"taxonomy":"product_brand","embeddable":true,"href":"https:\/\/globaldocs.store\/pl\/wp-json\/wp\/v2\/product_brand?post=1712"},{"taxonomy":"product_cat","embeddable":true,"href":"https:\/\/globaldocs.store\/pl\/wp-json\/wp\/v2\/product_cat?post=1712"},{"taxonomy":"product_tag","embeddable":true,"href":"https:\/\/globaldocs.store\/pl\/wp-json\/wp\/v2\/product_tag?post=1712"}],"curies":[{"name":"wp","href":"https:\/\/api.w.org\/{rel}","templated":true}]}}