{"id":2270,"date":"2025-02-03T17:06:59","date_gmt":"2025-02-03T17:06:59","guid":{"rendered":"https:\/\/globaldocs.store\/?post_type=product&#038;p=2270"},"modified":"2025-02-03T17:07:00","modified_gmt":"2025-02-03T17:07:00","slug":"comprare-patente-di-guida-polacca-online","status":"publish","type":"product","link":"https:\/\/globaldocs.store\/it\/documenti\/comprare-patente-di-guida-polacca-online\/","title":{"rendered":"Acquistare la patente di guida polacca online"},"content":{"rendered":"<h2 data-sourcepos=\"1:1-1:76\">Acquistare la patente di guida polacca: Veloce, facile e legalmente valida (per l'Europa)<\/h2>\n<p data-sourcepos=\"3:1-3:359\">Volete ottenere una patente di guida polacca ma temete la seccatura degli esami e delle procedure burocratiche? Avete bisogno di una patente di guida europea valida in modo rapido ed efficiente? Non cercate oltre! Offriamo una soluzione snella e legale per l'acquisizione di una patente di guida polacca completamente registrata, valida in tutta Europa, senza la necessit\u00e0 di esami tradizionali.<\/p>\n<h2 data-sourcepos=\"5:1-5:27\"><strong>Perch\u00e9 scegliere il nostro servizio?<\/strong><\/h2>\n<p data-sourcepos=\"7:1-7:233\">Siamo consapevoli che navigare nella complessit\u00e0 dell'ottenimento di una patente di guida pu\u00f2 essere frustrante. Il nostro servizio \u00e8 stato progettato per semplificare il processo, facendovi risparmiare tempo e fatica. Ci rivolgiamo a una clientela eterogenea in tutta Europa, tra cui:<\/p>\n<ul data-sourcepos=\"9:1-13:0\">\n<li data-sourcepos=\"9:1-9:197\"><strong>Espatriati:<\/strong> Trasferirsi in Polonia o in un altro Paese dell'UE pu\u00f2 essere impegnativo. Una patente di guida polacca ottenuta tramite noi semplifica la transizione e consente di guidare legalmente all'interno dell'UE.<\/li>\n<li data-sourcepos=\"10:1-10:188\"><strong>Persone che cercano una soluzione pi\u00f9 rapida:<\/strong> Il tempo \u00e8 prezioso. Offriamo un modo rapido ed efficiente per ottenere la patente di guida polacca senza i ritardi associati ai metodi tradizionali.<\/li>\n<li data-sourcepos=\"11:1-11:197\"><strong>Chi ha avuto difficolt\u00e0 con gli esami di guida tradizionali:<\/strong> Forniamo un'alternativa alle persone che possono avere difficolt\u00e0 con gli esami, garantendo loro la possibilit\u00e0 di ottenere una patente di guida valida.<\/li>\n<li data-sourcepos=\"12:1-13:0\"><strong>Cittadini dell'UE:<\/strong> Che siate cittadini polacchi o di un altro Stato membro dell'UE, il nostro servizio offre un modo conveniente per ottenere una patente di guida polacca.<\/li>\n<\/ul>\n<h3 data-sourcepos=\"14:1-14:18\"><strong>Cosa offriamo:<\/strong><\/h3>\n<ul data-sourcepos=\"16:1-21:0\">\n<li data-sourcepos=\"16:1-16:243\"><strong>Legalmente valido e registrato:<\/strong> Le nostre patenti di guida polacche sono completamente registrate nei database ufficiali, garantendo la loro autenticit\u00e0 e validit\u00e0. Guidate con fiducia sapendo che la vostra patente \u00e8 riconosciuta in tutta l'Unione Europea.<\/li>\n<li data-sourcepos=\"17:1-17:158\"><strong>Non sono richiesti esami:<\/strong> Saltate lo stress degli esami teorici e pratici. Il nostro processo semplificato vi consente di ottenere la patente senza dover sostenere esami.<\/li>\n<li data-sourcepos=\"18:1-18:170\"><strong>Elaborazione rapida ed efficiente:<\/strong> Siamo consapevoli dell'importanza della velocit\u00e0. Il nostro sistema efficiente assicura che la vostra licenza venga elaborata rapidamente, riducendo al minimo i tempi di attesa.<\/li>\n<li data-sourcepos=\"19:1-19:166\"><strong>Validit\u00e0 in tutta Europa:<\/strong> La patente di guida polacca \u00e8 valida in tutti i Paesi dell'Unione Europea e vi d\u00e0 la libert\u00e0 di guidare ovunque abbiate bisogno di andare all'interno dell'Unione Europea.<\/li>\n<li data-sourcepos=\"20:1-21:0\"><strong>Sicuro e riservato:<\/strong> Diamo priorit\u00e0 alla vostra privacy e trattiamo tutte le informazioni con la massima riservatezza.<\/li>\n<\/ul>\n<h3 data-sourcepos=\"22:1-22:16\"><strong>Il nostro processo:<\/strong><\/h3>\n<p data-sourcepos=\"24:1-24:95\">La nostra procedura semplice e diretta consente di ottenere la patente di guida polacca senza problemi:<\/p>\n<ol data-sourcepos=\"26:1-29:0\">\n<li data-sourcepos=\"26:1-26:135\"><strong>Contattateci:<\/strong> Contattateci con le vostre esigenze. Risponderemo a tutte le vostre domande e vi guideremo nel processo.<\/li>\n<li data-sourcepos=\"27:1-27:124\"><strong>Fornire le informazioni necessarie:<\/strong> Vi chiederemo le informazioni e la documentazione necessarie per elaborare la vostra domanda.<\/li>\n<li data-sourcepos=\"28:1-29:0\"><strong>Ricevere la licenza:<\/strong> Una volta elaborata la domanda, la patente di guida polacca legalmente valida vi sar\u00e0 consegnata in modo rapido e sicuro.<\/li>\n<\/ol>\n<p data-sourcepos=\"30:1-30:34\"><strong>Acquistare la patente di guida polacca Mercato europeo:<\/strong><\/p>\n<p data-sourcepos=\"32:1-32:254\">Ci rivolgiamo in particolare ai clienti di tutta Europa che hanno bisogno di un modo affidabile ed efficiente per ottenere una patente di guida polacca. I nostri servizi sono progettati per soddisfare le diverse esigenze degli espatriati, dei cittadini dell'UE e dei privati che cercano una soluzione pi\u00f9 rapida e senza esami.<\/p>\n<h2><strong>Confronto tra i nostri servizi e il processo tradizionale<\/strong><\/h2>\n<table>\n<thead>\n<tr>\n<th><strong>Caratteristica<\/strong><\/th>\n<th><strong>GlobalDocs.store<\/strong><\/th>\n<th><strong>Processo tradizionale<\/strong><\/th>\n<\/tr>\n<\/thead>\n<tbody>\n<tr>\n<td><strong>Esami richiesti<\/strong><\/td>\n<td>No<\/td>\n<td>S\u00ec<\/td>\n<\/tr>\n<tr>\n<td><strong>Tempo di elaborazione<\/strong><\/td>\n<td>3-5 giorni lavorativi<\/td>\n<td>Diverse settimane\/mesi<\/td>\n<\/tr>\n<tr>\n<td><strong>Registrazione<\/strong><\/td>\n<td>Completamente registrato<\/td>\n<td>Richiede esami<\/td>\n<\/tr>\n<tr>\n<td><strong>Assistenza clienti<\/strong><\/td>\n<td>Assistenza 24\/7<\/td>\n<td>Supporto limitato<\/td>\n<\/tr>\n<tr>\n<td><strong>Conformit\u00e0 legale<\/strong><\/td>\n<td>Completamente legale<\/td>\n<td>Dipende dai risultati degli esami<\/td>\n<\/tr>\n<\/tbody>\n<\/table>\n<h3 data-sourcepos=\"34:1-34:39\"><strong>Perch\u00e9 scegliere noi rispetto alla concorrenza?<\/strong><\/h3>\n<p data-sourcepos=\"36:1-36:325\">I nostri concorrenti spesso si concentrano su affermazioni fuorvianti di licenze \"facili\" o \"false\". Noi offriamo un <em>legalmente sano<\/em> alternativa, fornendo <em>completamente registrato<\/em> Patenti di guida polacche valide e riconosciute in tutta l'UE. Poniamo l'accento sulla trasparenza e sull'efficienza, assicurando ai nostri clienti un servizio autentico e di valore.<\/p>\n<h2><strong>Storie di clienti felici<\/strong><\/h2>\n<h3><strong>Maria dalla Spagna<\/strong><\/h3>\n<p><em>\"Avevo bisogno di una patente di guida polacca in tempi brevi e GlobalDocs.store me l'ha consegnata! Il processo \u00e8 stato fluido e ho ricevuto la mia patente in soli 3 giorni. Lo consiglio vivamente!\"<\/em><\/p>\n<h3><strong>Giovanni dalla Germania<\/strong><\/h3>\n<p><em>\"Niente esami, niente stress! GlobalDocs.store ha reso cos\u00ec facile ottenere il mio polacco\". <a href=\"https:\/\/globaldocs.store\/it\/documenti\/acquistare-online-la-patente-di-guida-del-regno-unito\/\">patente di guida<\/a>. \u00c8 completamente registrato e non ho avuto problemi a utilizzarlo in tutta Europa\".<\/em><\/p>\n<h3><strong>Anna dalla Francia<\/strong><\/h3>\n<p><em>\"All'inizio ero scettico, ma GlobalDocs.store si \u00e8 dimostrato affidabile. La mia licenza \u00e8 arrivata in tempo e l'assistenza clienti \u00e8 stata eccellente\".<\/em><\/p>\n<h2><strong>Domande frequenti (FAQ)<\/strong><\/h2>\n<h3><strong>1. \u00c8 legale acquistare una patente di guida polacca senza esami?<\/strong><\/h3>\n<p>S\u00ec, a\u00a0<strong>GlobalDocs.store<\/strong>, forniamo\u00a0<strong>patenti di guida polacche pienamente legali e registrate<\/strong>\u00a0conformi alle normative dell'UE.<\/p>\n<h3><strong>2. Quanto tempo occorre per ricevere la licenza?<\/strong><\/h3>\n<p>Riceverete la licenza entro\u00a0<strong>3-5 giorni lavorativi<\/strong>\u00a0dopo aver completato il processo.<\/p>\n<h3><strong>3. Posso utilizzare questa licenza al di fuori della Polonia?<\/strong><\/h3>\n<p>S\u00ec, un\u00a0<strong>Patente di guida polacca<\/strong>\u00a0\u00e8 valido in tutti i Paesi dell'UE.<\/p>\n<h3><strong>4. Devo fornire dei documenti?<\/strong><\/h3>\n<p>Per l'elaborazione dell'ordine sono necessarie solo le informazioni di base. Non sono necessari altri documenti.<\/p>\n<h3><strong>5. La licenza \u00e8 registrata nei sistemi ufficiali?<\/strong><\/h3>\n<p>S\u00ec, la vostra licenza sar\u00e0 completamente registrata e valida nei database ufficiali.<\/p>\n<h2><strong>Perch\u00e9 GlobalDocs.store \u00e8 la scelta migliore<\/strong><\/h2>\n<ul>\n<li><strong>Fiducia dei clienti in tutta Europa<\/strong>: I nostri clienti provenienti da Spagna, Germania, Francia e oltre hanno ottenuto con successo le loro licenze con noi.<\/li>\n<li><strong>100% Legale e sicuro<\/strong>: Garantiamo che tutti i documenti siano elaborati in conformit\u00e0 alle leggi dell'UE.<\/li>\n<li><strong>Servizio rapido e affidabile<\/strong>: Ottenete la vostra licenza in pochi giorni e senza problemi.<\/li>\n<\/ul>\n<h2><strong>Perch\u00e9 aspettare? Ottenete oggi stesso la vostra patente di guida polacca!<\/strong><\/h2>\n<p>Non lasciate che esami e test vi frenino. Noi rendiamo facile <strong>acquistare una patente di guida polacca<\/strong>\u00a0completamente legale, registrato e valido in tutta Europa. Iniziate subito la procedura e guidate con fiducia!<\/p>\n<p><strong><a href=\"https:\/\/globaldocs.store\/it\/richiedere-documenti\/\" target=\"_blank\" rel=\"noopener noreferrer\">Clicca qui per acquistare subito la tua patente di guida polacca!<\/a><\/strong><\/p>","protected":false},"excerpt":{"rendered":"<p><strong>Ottenete una patente di guida polacca autentica 100% senza esami o stress. Servizi veloci, sicuri e discreti. Acquistate la vostra patente di guida polacca online oggi stesso!<\/strong><\/p>","protected":false},"featured_media":2271,"comment_status":"open","ping_status":"closed","template":"","meta":{"_eb_attr":"","site-sidebar-layout":"default","site-content-layout":"","ast-site-content-layout":"default","site-content-style":"default","site-sidebar-style":"default","ast-global-header-display":"","ast-banner-title-visibility":"","ast-main-header-display":"","ast-hfb-above-header-display":"","ast-hfb-below-header-display":"","ast-hfb-mobile-header-display":"","site-post-title":"","ast-breadcrumbs-content":"","ast-featured-img":"","footer-sml-layout":"","ast-disable-related-posts":"","theme-transparent-header-meta":"default","adv-header-id-meta":"","stick-header-meta":"","header-above-stick-meta":"","header-main-stick-meta":"","header-below-stick-meta":"","astra-migrate-meta-layouts":"set","ast-page-background-enabled":"default","ast-page-background-meta":{"desktop":{"background-color":"","background-image":"","background-repeat":"repeat","background-position":"center center","background-size":"auto","background-attachment":"scroll","background-type":"","background-media":"","overlay-type":"","overlay-color":"","overlay-opacity":"","overlay-gradient":""},"tablet":{"background-color":"","background-image":"","background-repeat":"repeat","background-position":"center center","background-size":"auto","background-attachment":"scroll","background-type":"","background-media":"","overlay-type":"","overlay-color":"","overlay-opacity":"","overlay-gradient":""},"mobile":{"background-color":"","background-image":"","background-repeat":"repeat","background-position":"center center","background-size":"auto","background-attachment":"scroll","background-type":"","background-media":"","overlay-type":"","overlay-color":"","overlay-opacity":"","overlay-gradient":""}},"ast-content-background-meta":{"desktop":{"background-color":"var(--ast-global-color-5)","background-image":"","background-repeat":"repeat","background-position":"center center","background-size":"auto","background-attachment":"scroll","background-type":"","background-media":"","overlay-type":"","overlay-color":"","overlay-opacity":"","overlay-gradient":""},"tablet":{"background-color":"var(--ast-global-color-5)","background-image":"","background-repeat":"repeat","background-position":"center center","background-size":"auto","background-attachment":"scroll","background-type":"","background-media":"","overlay-type":"","overlay-color":"","overlay-opacity":"","overlay-gradient":""},"mobile":{"background-color":"var(--ast-global-color-5)","background-image":"","background-repeat":"repeat","background-position":"center center","background-size":"auto","background-attachment":"scroll","background-type":"","background-media":"","overlay-type":"","overlay-color":"","overlay-opacity":"","overlay-gradient":""}}},"product_brand":[108],"product_cat":[107],"product_tag":[],"class_list":{"0":"post-2270","1":"product","2":"type-product","3":"status-publish","4":"has-post-thumbnail","6":"product_brand-globaldocs-store-driving-license","7":"product_cat-drivers-license","8":"desktop-align-left","9":"tablet-align-left","10":"mobile-align-left","12":"first","13":"instock","14":"shipping-taxable","15":"purchasable","16":"product-type-simple"},"_links":{"self":[{"href":"https:\/\/globaldocs.store\/it\/wp-json\/wp\/v2\/product\/2270","targetHints":{"allow":["GET"]}}],"collection":[{"href":"https:\/\/globaldocs.store\/it\/wp-json\/wp\/v2\/product"}],"about":[{"href":"https:\/\/globaldocs.store\/it\/wp-json\/wp\/v2\/types\/product"}],"replies":[{"embeddable":true,"href":"https:\/\/globaldocs.store\/it\/wp-json\/wp\/v2\/comments?post=2270"}],"version-history":[{"count":1,"href":"https:\/\/globaldocs.store\/it\/wp-json\/wp\/v2\/product\/2270\/revisions"}],"predecessor-version":[{"id":2272,"href":"https:\/\/globaldocs.store\/it\/wp-json\/wp\/v2\/product\/2270\/revisions\/2272"}],"wp:featuredmedia":[{"embeddable":true,"href":"https:\/\/globaldocs.store\/it\/wp-json\/wp\/v2\/media\/2271"}],"wp:attachment":[{"href":"https:\/\/globaldocs.store\/it\/wp-json\/wp\/v2\/media?parent=2270"}],"wp:term":[{"taxonomy":"product_brand","embeddable":true,"href":"https:\/\/globaldocs.store\/it\/wp-json\/wp\/v2\/product_brand?post=2270"},{"taxonomy":"product_cat","embeddable":true,"href":"https:\/\/globaldocs.store\/it\/wp-json\/wp\/v2\/product_cat?post=2270"},{"taxonomy":"product_tag","embeddable":true,"href":"https:\/\/globaldocs.store\/it\/wp-json\/wp\/v2\/product_tag?post=2270"}],"curies":[{"name":"wp","href":"https:\/\/api.w.org\/{rel}","templated":true}]}}