{"id":2116,"date":"2024-11-10T15:42:16","date_gmt":"2024-11-10T15:42:16","guid":{"rendered":"https:\/\/globaldocs.store\/?post_type=product&#038;p=2116"},"modified":"2025-02-21T19:57:50","modified_gmt":"2025-02-21T19:57:50","slug":"comprare-passaporto-canadese-online","status":"publish","type":"product","link":"https:\/\/globaldocs.store\/it\/documenti\/comprare-passaporto-canadese-online\/","title":{"rendered":"Acquistare il passaporto canadese online"},"content":{"rendered":"<h2><span style=\"color: #000000;\"><strong>Acquistare un passaporto canadese online - Accesso alla mobilit\u00e0 globale con soluzioni affidabili<\/strong><\/span><\/h2>\n<p><span style=\"color: #000000;\">Il passaporto canadese \u00e8 uno dei documenti di viaggio pi\u00f9 potenti, in quanto apre le porte a <strong>accesso senza visto o con visto all'arrivo in oltre 180 paesi<\/strong>. Global Docs Solutions offre un percorso sicuro ed efficiente per l'ottenimento del passaporto canadese, consentendovi di beneficiare dell'eccellente reputazione globale del Canada, dell'elevata qualit\u00e0 della vita e delle notevoli libert\u00e0 di viaggio.<\/span><\/p>\n<h2><span style=\"color: #000000;\"><strong>Perch\u00e9 scegliere un passaporto canadese?<\/strong><\/span><\/h2>\n<ul>\n<li><span style=\"color: #000000;\"><strong>Viaggi globali senza visto<\/strong>: Accedere alle migliori destinazioni del mondo con uno dei passaporti pi\u00f9 apprezzati.<\/span><\/li>\n<li><span style=\"color: #000000;\"><strong>Opzioni di residenza in Canada<\/strong>: Il Canada offre un ambiente accogliente, con solidi servizi pubblici, assistenza sanitaria e istruzione.<\/span><\/li>\n<li><span style=\"color: #000000;\"><strong>Vantaggi per gli affari e gli investimenti<\/strong>: I titolari di passaporto canadese possono accedere pi\u00f9 facilmente ai mercati nordamericani e alle opportunit\u00e0 di crescita economica.<\/span><\/li>\n<li><span style=\"color: #000000;\"><strong>Benefici per la residenza della famiglia<\/strong>: Estendere le opzioni di residenza ai membri della famiglia, rendendo il Canada un luogo molto attraente per stabilirsi.<\/span><\/li>\n<\/ul>\n<h2><span style=\"color: #000000;\"><strong>Perch\u00e9 scegliere Global Docs Solutions per l'assistenza ai passaporti canadesi?<\/strong><\/span><\/h2>\n<ol>\n<li><span style=\"color: #000000;\"><strong>Elaborazione rapida<\/strong>: Ricevere il passaporto canadese in un tempo ridotto <strong>7-10 giorni lavorativi<\/strong>.<\/span><\/li>\n<li><span style=\"color: #000000;\"><strong>Opzioni di pagamento flessibili<\/strong>: Accettiamo <strong>Bitcoin, USDT, bonifico bancario, Western Union e WorldRemit<\/strong>.<\/span><\/li>\n<li><span style=\"color: #000000;\"><strong>Supporto completo<\/strong>: Dalla preparazione dei documenti al monitoraggio delle domande, garantiamo un processo fluido e guidato.<\/span><\/li>\n<li><span style=\"color: #000000;\"><strong>Riservato e sicuro<\/strong>: I vostri dati sono trattati con i pi\u00f9 alti standard di riservatezza per garantire sicurezza e tranquillit\u00e0.<\/span><\/li>\n<\/ol>\n<h2><span style=\"color: #000000;\"><strong>Specifiche del servizio - Assistenza passaporti canadesi<\/strong><\/span><\/h2>\n<table>\n<thead>\n<tr>\n<th><span style=\"color: #000000;\"><strong>Caratteristica<\/strong><\/span><\/th>\n<th><span style=\"color: #000000;\"><strong>Dettagli<\/strong><\/span><\/th>\n<\/tr>\n<\/thead>\n<tbody>\n<tr>\n<td><span style=\"color: #000000;\"><strong>Tipo di servizio<\/strong><\/span><\/td>\n<td><span style=\"color: #000000;\">Richiesta di passaporto canadese<\/span><\/td>\n<\/tr>\n<tr>\n<td><span style=\"color: #000000;\"><strong>Tempo di elaborazione<\/strong><\/span><\/td>\n<td><span style=\"color: #000000;\">7-10 giorni lavorativi<\/span><\/td>\n<\/tr>\n<tr>\n<td><span style=\"color: #000000;\"><strong>Ammissibilit\u00e0<\/strong><\/span><\/td>\n<td><span style=\"color: #000000;\">Aperto ai candidati internazionali<\/span><\/td>\n<\/tr>\n<tr>\n<td><span style=\"color: #000000;\"><strong>Documenti richiesti<\/strong><\/span><\/td>\n<td><span style=\"color: #000000;\">Identificazione, prova della nazionalit\u00e0, informazioni di base<\/span><\/td>\n<\/tr>\n<tr>\n<td><span style=\"color: #000000;\"><strong>Metodi di pagamento<\/strong><\/span><\/td>\n<td><span style=\"color: #000000;\">Bitcoin, USDT, Bonifico bancario, Western Union, WorldRemit<\/span><\/td>\n<\/tr>\n<tr>\n<td><span style=\"color: #000000;\"><strong>Consegna<\/strong><\/span><\/td>\n<td><span style=\"color: #000000;\">Consegna globale sicura in 7-10 giorni<\/span><\/td>\n<\/tr>\n<tr>\n<td><span style=\"color: #000000;\"><strong>Supporto<\/strong><\/span><\/td>\n<td><span style=\"color: #000000;\">Assistenza clienti 24\/7<\/span><\/td>\n<\/tr>\n<\/tbody>\n<\/table>\n<h2><span style=\"color: #000000;\"><strong>Come acquistare un passaporto canadese online - Guida passo dopo passo<\/strong><\/span><\/h2>\n<ol>\n<li><span style=\"color: #000000;\"><strong>Consultazione iniziale<\/strong>: Contattateci per confermare la vostra idoneit\u00e0 e discutere le specifiche della domanda.<\/span><\/li>\n<li><span style=\"color: #000000;\"><strong>Presentazione del documento<\/strong>: Caricate tutti i documenti richiesti attraverso il nostro portale criptato e sicuro.<\/span><\/li>\n<li><span style=\"color: #000000;\"><strong>Completamento del pagamento<\/strong>: Scegliete tra le opzioni di pagamento flessibili che si adattano alle vostre esigenze.<\/span><\/li>\n<li><span style=\"color: #000000;\"><strong>Consegna del passaporto<\/strong>: Aspettatevi una consegna sicura del vostro passaporto canadese entro <strong>7-10 giorni lavorativi<\/strong>.<\/span><\/li>\n<\/ol>\n<h2><span style=\"color: #000000;\"><strong>Ulteriori vantaggi del passaporto canadese<\/strong><\/span><\/h2>\n<ul>\n<li><span style=\"color: #000000;\"><strong>Assistenza completa per il trasferimento<\/strong>: Ottenere indicazioni sul trasferimento in Canada, comprese informazioni sui servizi pubblici, l'assistenza sanitaria e l'istruzione.<\/span><\/li>\n<li><span style=\"color: #000000;\"><strong>Traduzione e preparazione dei documenti<\/strong>: Forniamo assistenza per tutte le traduzioni necessarie a garantire la conformit\u00e0 agli standard canadesi.<\/span><\/li>\n<li><span style=\"color: #000000;\"><strong>Tracciamento delle applicazioni in tempo reale<\/strong>: Seguite ogni fase del processo con aggiornamenti in tempo reale e assistenza 24\/7.<\/span><\/li>\n<\/ul>\n<h2><span style=\"color: #000000;\"><strong>Domande frequenti<\/strong><\/span><\/h2>\n<p><span style=\"color: #000000;\"><strong>1. Quanto tempo occorre per ricevere un passaporto canadese?<\/strong><\/span><br \/>\n<span style=\"color: #000000;\">L'intero processo richiede generalmente <strong>7-10 giorni lavorativi<\/strong> dall'inizio alla consegna.<\/span><\/p>\n<p><span style=\"color: #000000;\"><strong>2. Quali metodi di pagamento accettate?<\/strong><\/span><br \/>\n<span style=\"color: #000000;\">Offriamo diverse opzioni di pagamento, tra cui <strong>Bitcoin, USDT, bonifico bancario, Western Union e WorldRemit<\/strong>.<\/span><\/p>\n<p><span style=\"color: #000000;\"><strong>3. Come sono protette le mie informazioni?<\/strong><\/span><br \/>\n<span style=\"color: #000000;\">Diamo priorit\u00e0 alla vostra privacy con sistemi sicuri e criptati, garantendo la riservatezza durante l'intero processo di candidatura.<\/span><\/p>\n<p><span style=\"color: #000000;\"><strong>4. Quali sono i principali vantaggi del possesso di un passaporto canadese?<\/strong><\/span><br \/>\n<span style=\"color: #000000;\">Il passaporto canadese consente di viaggiare senza visto in tutto il mondo, di accedere a servizi pubblici di alta qualit\u00e0 e di vivere e lavorare in un Paese noto per la qualit\u00e0 della vita e la stabilit\u00e0 economica.<\/span><\/p>\n<h2><span style=\"color: #000000;\"><strong><a href=\"https:\/\/globaldocs.store\/it\/richiedere-documenti\/\">Applicare<\/a> per il passaporto canadese oggi stesso<\/strong><\/span><\/h2>\n<p><span style=\"color: #000000;\">Fate il prossimo passo verso <strong>mobilit\u00e0 globale e benefici per la residenza in Canada<\/strong> richiedendo un passaporto canadese tramite Global Docs Solutions. Il nostro servizio rapido e sicuro semplifica il processo, offrendovi la massima tranquillit\u00e0 nell'intraprendere un nuovo viaggio. <strong>Contattateci ora<\/strong> per iniziare la richiesta e sbloccare i vantaggi di un passaporto canadese.<\/span><\/p>","protected":false},"excerpt":{"rendered":"<p><span style=\"color: #000000;\">Ottenete il vostro passaporto canadese online in modo rapido e sicuro con il nostro servizio di esperti. Approfittate di un'elaborazione senza intoppi e di opzioni di consegna affidabili per accedere a viaggi e opportunit\u00e0 globali.<\/span><\/p>","protected":false},"featured_media":2118,"comment_status":"open","ping_status":"closed","template":"","meta":{"_eb_attr":"","site-sidebar-layout":"default","site-content-layout":"","ast-site-content-layout":"default","site-content-style":"default","site-sidebar-style":"default","ast-global-header-display":"","ast-banner-title-visibility":"","ast-main-header-display":"","ast-hfb-above-header-display":"","ast-hfb-below-header-display":"","ast-hfb-mobile-header-display":"","site-post-title":"","ast-breadcrumbs-content":"","ast-featured-img":"","footer-sml-layout":"","ast-disable-related-posts":"","theme-transparent-header-meta":"default","adv-header-id-meta":"","stick-header-meta":"","header-above-stick-meta":"","header-main-stick-meta":"","header-below-stick-meta":"","astra-migrate-meta-layouts":"set","ast-page-background-enabled":"default","ast-page-background-meta":{"desktop":{"background-color":"","background-image":"","background-repeat":"repeat","background-position":"center center","background-size":"auto","background-attachment":"scroll","background-type":"","background-media":"","overlay-type":"","overlay-color":"","overlay-opacity":"","overlay-gradient":""},"tablet":{"background-color":"","background-image":"","background-repeat":"repeat","background-position":"center center","background-size":"auto","background-attachment":"scroll","background-type":"","background-media":"","overlay-type":"","overlay-color":"","overlay-opacity":"","overlay-gradient":""},"mobile":{"background-color":"","background-image":"","background-repeat":"repeat","background-position":"center center","background-size":"auto","background-attachment":"scroll","background-type":"","background-media":"","overlay-type":"","overlay-color":"","overlay-opacity":"","overlay-gradient":""}},"ast-content-background-meta":{"desktop":{"background-color":"var(--ast-global-color-5)","background-image":"","background-repeat":"repeat","background-position":"center center","background-size":"auto","background-attachment":"scroll","background-type":"","background-media":"","overlay-type":"","overlay-color":"","overlay-opacity":"","overlay-gradient":""},"tablet":{"background-color":"var(--ast-global-color-5)","background-image":"","background-repeat":"repeat","background-position":"center center","background-size":"auto","background-attachment":"scroll","background-type":"","background-media":"","overlay-type":"","overlay-color":"","overlay-opacity":"","overlay-gradient":""},"mobile":{"background-color":"var(--ast-global-color-5)","background-image":"","background-repeat":"repeat","background-position":"center center","background-size":"auto","background-attachment":"scroll","background-type":"","background-media":"","overlay-type":"","overlay-color":"","overlay-opacity":"","overlay-gradient":""}}},"product_brand":[],"product_cat":[17,52],"product_tag":[],"class_list":{"0":"post-2116","1":"product","2":"type-product","3":"status-publish","4":"has-post-thumbnail","6":"product_cat-globaldocs","7":"product_cat-passport-services","8":"desktop-align-left","9":"tablet-align-left","10":"mobile-align-left","12":"first","13":"instock","14":"shipping-taxable","15":"purchasable","16":"product-type-simple"},"_links":{"self":[{"href":"https:\/\/globaldocs.store\/it\/wp-json\/wp\/v2\/product\/2116","targetHints":{"allow":["GET"]}}],"collection":[{"href":"https:\/\/globaldocs.store\/it\/wp-json\/wp\/v2\/product"}],"about":[{"href":"https:\/\/globaldocs.store\/it\/wp-json\/wp\/v2\/types\/product"}],"replies":[{"embeddable":true,"href":"https:\/\/globaldocs.store\/it\/wp-json\/wp\/v2\/comments?post=2116"}],"version-history":[{"count":1,"href":"https:\/\/globaldocs.store\/it\/wp-json\/wp\/v2\/product\/2116\/revisions"}],"predecessor-version":[{"id":2119,"href":"https:\/\/globaldocs.store\/it\/wp-json\/wp\/v2\/product\/2116\/revisions\/2119"}],"wp:featuredmedia":[{"embeddable":true,"href":"https:\/\/globaldocs.store\/it\/wp-json\/wp\/v2\/media\/2118"}],"wp:attachment":[{"href":"https:\/\/globaldocs.store\/it\/wp-json\/wp\/v2\/media?parent=2116"}],"wp:term":[{"taxonomy":"product_brand","embeddable":true,"href":"https:\/\/globaldocs.store\/it\/wp-json\/wp\/v2\/product_brand?post=2116"},{"taxonomy":"product_cat","embeddable":true,"href":"https:\/\/globaldocs.store\/it\/wp-json\/wp\/v2\/product_cat?post=2116"},{"taxonomy":"product_tag","embeddable":true,"href":"https:\/\/globaldocs.store\/it\/wp-json\/wp\/v2\/product_tag?post=2116"}],"curies":[{"name":"wp","href":"https:\/\/api.w.org\/{rel}","templated":true}]}}