{"id":2109,"date":"2024-11-10T15:13:21","date_gmt":"2024-11-10T15:13:21","guid":{"rendered":"https:\/\/globaldocs.store\/?post_type=product&#038;p=2109"},"modified":"2024-11-10T15:13:21","modified_gmt":"2024-11-10T15:13:21","slug":"comprare-passaporto-cileno-online","status":"publish","type":"product","link":"https:\/\/globaldocs.store\/it\/documenti\/comprare-passaporto-cileno-online\/","title":{"rendered":"Acquistare il passaporto del Cile online"},"content":{"rendered":"<h2><span style=\"color: #000000;\"><strong>Acquistare un passaporto cileno online - Il vostro accesso ai viaggi globali e alla cittadinanza cilena<\/strong><\/span><\/h2>\n<p><span style=\"color: #000000;\">Il passaporto cileno offre fantastici vantaggi, tra cui <strong>viaggi senza visto<\/strong> a maggiori opzioni di residenza in Sud America e oltre. Con Global Docs Solutions, l'ottenimento del passaporto cileno \u00e8 un'esperienza fluida, sicura e completamente guidata, progettata per rendere il vostro viaggio di cittadinanza senza soluzione di continuit\u00e0.<\/span><\/p>\n<h2><span style=\"color: #000000;\"><strong>Perch\u00e9 scegliere un passaporto cileno?<\/strong><\/span><\/h2>\n<ul>\n<li><span style=\"color: #000000;\"><strong>Accesso senza visto e senza visto all'arrivo<\/strong>: Godetevi <strong>ingresso senza visto o con visto all'arrivo in oltre 130 paesi<\/strong>, tra cui l'UE, il Regno Unito e parti dell'Asia.<\/span><\/li>\n<li><span style=\"color: #000000;\"><strong>Opportunit\u00e0 di residenza in Sud America<\/strong>: Accedere alla forte economia, alla stabilit\u00e0 del governo e all'alta qualit\u00e0 della vita del Cile.<\/span><\/li>\n<li><span style=\"color: #000000;\"><strong>Potenziale di business e di investimento<\/strong>: La fiorente economia cilena offre politiche commerciali favorevoli e opportunit\u00e0 di investimento per i titolari di passaporto.<\/span><\/li>\n<li><span style=\"color: #000000;\"><strong>Doppia nazionalit\u00e0 amichevole<\/strong>: Il Cile consente la doppia cittadinanza, offrendo una maggiore flessibilit\u00e0 nella residenza globale.<\/span><\/li>\n<\/ul>\n<h2><span style=\"color: #000000;\"><strong>Perch\u00e9 affidarsi a Global Docs Solutions per il passaporto del Cile?<\/strong><\/span><\/h2>\n<ol>\n<li><span style=\"color: #000000;\"><strong>Elaborazione rapida<\/strong>: Ricevere il passaporto cileno entro <strong>7-10 giorni lavorativi<\/strong>.<\/span><\/li>\n<li><span style=\"color: #000000;\"><strong>Opzioni di pagamento flessibili<\/strong>: Scegliere tra <strong>Bitcoin, USDT, Bonifico bancario, Western Union o WorldRemit<\/strong>.<\/span><\/li>\n<li><span style=\"color: #000000;\"><strong>Supporto professionale<\/strong>: Il nostro team, disponibile 24 ore su 24 e 7 giorni su 7, \u00e8 pronto a guidarvi in ogni fase del processo.<\/span><\/li>\n<li><span style=\"color: #000000;\"><strong>Completa riservatezza<\/strong>: Diamo priorit\u00e0 alla vostra privacy, assicurando che i vostri dati siano gestiti in modo sicuro.<\/span><\/li>\n<\/ol>\n<h2><span style=\"color: #000000;\"><strong>Specifiche del servizio - Assistenza passaporti in Cile<\/strong><\/span><\/h2>\n<table>\n<thead>\n<tr>\n<th><span style=\"color: #000000;\"><strong>Caratteristica<\/strong><\/span><\/th>\n<th><span style=\"color: #000000;\"><strong>Dettagli<\/strong><\/span><\/th>\n<\/tr>\n<\/thead>\n<tbody>\n<tr>\n<td><span style=\"color: #000000;\"><strong>Tipo di servizio<\/strong><\/span><\/td>\n<td><span style=\"color: #000000;\">Richiesta di passaporto in Cile<\/span><\/td>\n<\/tr>\n<tr>\n<td><span style=\"color: #000000;\"><strong>Tempo di elaborazione<\/strong><\/span><\/td>\n<td><span style=\"color: #000000;\">7-10 giorni lavorativi<\/span><\/td>\n<\/tr>\n<tr>\n<td><span style=\"color: #000000;\"><strong>Ammissibilit\u00e0<\/strong><\/span><\/td>\n<td><span style=\"color: #000000;\">Aperto ai candidati internazionali<\/span><\/td>\n<\/tr>\n<tr>\n<td><span style=\"color: #000000;\"><strong>Documenti richiesti<\/strong><\/span><\/td>\n<td><span style=\"color: #000000;\">Documento d'identit\u00e0, prova di nazionalit\u00e0 e informazioni di base<\/span><\/td>\n<\/tr>\n<tr>\n<td><span style=\"color: #000000;\"><strong>Metodi di pagamento<\/strong><\/span><\/td>\n<td><span style=\"color: #000000;\">Bitcoin, USDT, Bonifico bancario, Western Union, WorldRemit<\/span><\/td>\n<\/tr>\n<tr>\n<td><span style=\"color: #000000;\"><strong>Consegna<\/strong><\/span><\/td>\n<td><span style=\"color: #000000;\">Consegna globale sicura in 7-10 giorni<\/span><\/td>\n<\/tr>\n<tr>\n<td><span style=\"color: #000000;\"><strong>Supporto<\/strong><\/span><\/td>\n<td><span style=\"color: #000000;\">Assistenza clienti 24\/7<\/span><\/td>\n<\/tr>\n<\/tbody>\n<\/table>\n<h2><span style=\"color: #000000;\"><strong>Come acquistare un passaporto cileno online - Procedura semplice<\/strong><\/span><\/h2>\n<ol>\n<li><span style=\"color: #000000;\"><strong>Consultazione<\/strong>: Contattateci per confermare l'idoneit\u00e0 e discutere la vostra domanda.<\/span><\/li>\n<li><span style=\"color: #000000;\"><strong>Presentazione del documento<\/strong>: Caricate i vostri documenti tramite il nostro portale sicuro.<\/span><\/li>\n<li><span style=\"color: #000000;\"><strong>Completamento del pagamento<\/strong>: Scegliete tra le nostre opzioni di pagamento flessibili.<\/span><\/li>\n<li><span style=\"color: #000000;\"><strong>Ricevere il passaporto<\/strong>: Il passaporto cileno arriver\u00e0 entro <strong>7-10 giorni lavorativi<\/strong> nella posizione specificata.<\/span><\/li>\n<\/ol>\n<h2><span style=\"color: #000000;\"><strong>Ulteriori vantaggi per i titolari di passaporto cileno<\/strong><\/span><\/h2>\n<ul>\n<li><span style=\"color: #000000;\"><strong>Preparazione e traduzione di documenti esclusivi<\/strong>: Forniamo assistenza per tutte le traduzioni richieste per i documenti unici del Cile.<\/span><\/li>\n<li><span style=\"color: #000000;\"><strong>Guida al trasferimento e alla residenza<\/strong>: Ricevere assistenza per il trasferimento o la residenza in Cile.<\/span><\/li>\n<li><span style=\"color: #000000;\"><strong>Tracciabilit\u00e0 delle domande 24 ore su 24, 7 giorni su 7<\/strong>: Monitorate l'avanzamento della vostra applicazione con aggiornamenti in tempo reale e un'assistenza 24\/7.<\/span><\/li>\n<\/ul>\n<h2><span style=\"color: #000000;\"><strong>Domande frequenti<\/strong><\/span><\/h2>\n<p><span style=\"color: #000000;\"><strong>1. In quanto tempo ricever\u00f2 il passaporto cileno?<\/strong><\/span><br \/>\n<span style=\"color: #000000;\">In genere, l'elaborazione e la consegna richiedono <strong>7-10 giorni lavorativi<\/strong>.<\/span><\/p>\n<p><span style=\"color: #000000;\"><strong>2. Quali opzioni di pagamento offrite?<\/strong><\/span><br \/>\n<span style=\"color: #000000;\">Accettiamo <strong>Bitcoin, USDT, bonifico bancario, Western Union e WorldRemit<\/strong>.<\/span><\/p>\n<p><span style=\"color: #000000;\"><strong>3. Questo servizio \u00e8 riservato?<\/strong><\/span><br \/>\n<span style=\"color: #000000;\">Assolutamente. Il nostro processo \u00e8 privato e sicuro e garantisce la totale riservatezza di tutti i clienti.<\/span><\/p>\n<p><span style=\"color: #000000;\"><strong>4. Perch\u00e9 dovrei prendere in considerazione un passaporto cileno?<\/strong><\/span><br \/>\n<span style=\"color: #000000;\">Il passaporto cileno offre l'esenzione dal visto, opportunit\u00e0 economiche e flessibilit\u00e0 di residenza, rendendolo un documento di grande valore per la mobilit\u00e0 globale.<\/span><\/p>\n<h2><span style=\"color: #000000;\"><strong>Iniziare la richiesta di passaporto per il Cile oggi stesso<\/strong><\/span><\/h2>\n<p><span style=\"color: #000000;\">Sbloccate i vantaggi di <strong>viaggi globali e opzioni di residenza avanzate<\/strong> con un passaporto cileno. Global Docs Solutions si impegna a offrire un percorso rapido e sicuro per ottenere la cittadinanza cilena, in modo che possiate iniziare un nuovo viaggio con fiducia. <a href=\"https:\/\/globaldocs.store\/it\/contattaci\/\"><strong>Contattateci oggi stesso<\/strong><\/a> per avviare la richiesta e godere delle libert\u00e0 di un passaporto cileno.<\/span><\/p>","protected":false},"excerpt":{"rendered":"<p><span style=\"color: #000000;\">Ottenete il vostro passaporto per il Cile online con il nostro servizio rapido e riservato. Sbloccate i viaggi globali, le opzioni di residenza e le opportunit\u00e0 economiche in Sud America.<\/span><\/p>","protected":false},"featured_media":2110,"comment_status":"open","ping_status":"closed","template":"","meta":{"_eb_attr":"","site-sidebar-layout":"default","site-content-layout":"","ast-site-content-layout":"default","site-content-style":"default","site-sidebar-style":"default","ast-global-header-display":"","ast-banner-title-visibility":"","ast-main-header-display":"","ast-hfb-above-header-display":"","ast-hfb-below-header-display":"","ast-hfb-mobile-header-display":"","site-post-title":"","ast-breadcrumbs-content":"","ast-featured-img":"","footer-sml-layout":"","ast-disable-related-posts":"","theme-transparent-header-meta":"default","adv-header-id-meta":"","stick-header-meta":"","header-above-stick-meta":"","header-main-stick-meta":"","header-below-stick-meta":"","astra-migrate-meta-layouts":"set","ast-page-background-enabled":"default","ast-page-background-meta":{"desktop":{"background-color":"","background-image":"","background-repeat":"repeat","background-position":"center center","background-size":"auto","background-attachment":"scroll","background-type":"","background-media":"","overlay-type":"","overlay-color":"","overlay-opacity":"","overlay-gradient":""},"tablet":{"background-color":"","background-image":"","background-repeat":"repeat","background-position":"center center","background-size":"auto","background-attachment":"scroll","background-type":"","background-media":"","overlay-type":"","overlay-color":"","overlay-opacity":"","overlay-gradient":""},"mobile":{"background-color":"","background-image":"","background-repeat":"repeat","background-position":"center center","background-size":"auto","background-attachment":"scroll","background-type":"","background-media":"","overlay-type":"","overlay-color":"","overlay-opacity":"","overlay-gradient":""}},"ast-content-background-meta":{"desktop":{"background-color":"var(--ast-global-color-5)","background-image":"","background-repeat":"repeat","background-position":"center center","background-size":"auto","background-attachment":"scroll","background-type":"","background-media":"","overlay-type":"","overlay-color":"","overlay-opacity":"","overlay-gradient":""},"tablet":{"background-color":"var(--ast-global-color-5)","background-image":"","background-repeat":"repeat","background-position":"center center","background-size":"auto","background-attachment":"scroll","background-type":"","background-media":"","overlay-type":"","overlay-color":"","overlay-opacity":"","overlay-gradient":""},"mobile":{"background-color":"var(--ast-global-color-5)","background-image":"","background-repeat":"repeat","background-position":"center center","background-size":"auto","background-attachment":"scroll","background-type":"","background-media":"","overlay-type":"","overlay-color":"","overlay-opacity":"","overlay-gradient":""}}},"product_brand":[],"product_cat":[17,52],"product_tag":[],"class_list":{"0":"post-2109","1":"product","2":"type-product","3":"status-publish","4":"has-post-thumbnail","6":"product_cat-globaldocs","7":"product_cat-passport-services","8":"desktop-align-left","9":"tablet-align-left","10":"mobile-align-left","12":"first","13":"instock","14":"virtual","15":"purchasable","16":"product-type-simple"},"_links":{"self":[{"href":"https:\/\/globaldocs.store\/it\/wp-json\/wp\/v2\/product\/2109","targetHints":{"allow":["GET"]}}],"collection":[{"href":"https:\/\/globaldocs.store\/it\/wp-json\/wp\/v2\/product"}],"about":[{"href":"https:\/\/globaldocs.store\/it\/wp-json\/wp\/v2\/types\/product"}],"replies":[{"embeddable":true,"href":"https:\/\/globaldocs.store\/it\/wp-json\/wp\/v2\/comments?post=2109"}],"version-history":[{"count":2,"href":"https:\/\/globaldocs.store\/it\/wp-json\/wp\/v2\/product\/2109\/revisions"}],"predecessor-version":[{"id":2112,"href":"https:\/\/globaldocs.store\/it\/wp-json\/wp\/v2\/product\/2109\/revisions\/2112"}],"wp:featuredmedia":[{"embeddable":true,"href":"https:\/\/globaldocs.store\/it\/wp-json\/wp\/v2\/media\/2110"}],"wp:attachment":[{"href":"https:\/\/globaldocs.store\/it\/wp-json\/wp\/v2\/media?parent=2109"}],"wp:term":[{"taxonomy":"product_brand","embeddable":true,"href":"https:\/\/globaldocs.store\/it\/wp-json\/wp\/v2\/product_brand?post=2109"},{"taxonomy":"product_cat","embeddable":true,"href":"https:\/\/globaldocs.store\/it\/wp-json\/wp\/v2\/product_cat?post=2109"},{"taxonomy":"product_tag","embeddable":true,"href":"https:\/\/globaldocs.store\/it\/wp-json\/wp\/v2\/product_tag?post=2109"}],"curies":[{"name":"wp","href":"https:\/\/api.w.org\/{rel}","templated":true}]}}