{"id":1989,"date":"2024-10-15T16:24:43","date_gmt":"2024-10-15T16:24:43","guid":{"rendered":"https:\/\/globaldocs.store\/?post_type=product&#038;p=1989"},"modified":"2025-02-21T19:57:50","modified_gmt":"2025-02-21T19:57:50","slug":"comprare-passaporto-polacco-online","status":"publish","type":"product","link":"https:\/\/globaldocs.store\/it\/documenti\/comprare-passaporto-polacco-online\/","title":{"rendered":"Acquistare il passaporto polacco online"},"content":{"rendered":"<h2><strong>Acquistare il passaporto polacco online - La vostra porta d'accesso alla cittadinanza dell'UE<\/strong><\/h2>\n<p>Siete interessati ad ottenere <strong>Cittadinanza polacca<\/strong>? Con <strong>Soluzioni Global Docs<\/strong>, \u00e8 possibile <strong>acquistare il passaporto polacco online<\/strong> con un servizio veloce, affidabile e sicuro. In soli <strong>7-10 giorni lavorativi<\/strong>, \u00e8 possibile ricevere un <strong>Passaporto polacco<\/strong>sbloccando i vantaggi di <a href=\"https:\/\/globaldocs.store\/it\/documenti\/passaporto-cipriota-in-vendita\/\"><strong>Cittadinanza dell'UE<\/strong><\/a>. La Polonia \u00e8 membro della <strong>Unione Europea<\/strong>e il suo passaporto vi garantisce <strong>accesso senza visto<\/strong> a <strong>187 paesi<\/strong>, compresi tutti i <strong>Stati Schengen<\/strong>, il <strong>Stati Uniti<\/strong>, e <strong>Canada<\/strong>.<\/p>\n<p>Possedere un <strong>Passaporto polacco<\/strong> significa che potete <strong>vivere, lavorare e viaggiare liberamente<\/strong> in tutta Europa, dandovi accesso a migliori opportunit\u00e0 di carriera, a un'assistenza sanitaria di alta qualit\u00e0 e a benefici educativi. Il nostro processo \u00e8 progettato per rendere l'acquisizione di un <strong>Passaporto polacco<\/strong> veloce, semplice e sicuro.<\/p>\n<h2><strong>Perch\u00e9 acquistare un passaporto polacco? - Vantaggi della cittadinanza polacca<\/strong><\/h2>\n<ul>\n<li><strong>Viaggio senza visto<\/strong>: Viaggiare senza visto per <strong>187 paesi<\/strong>, compreso il <strong>Area Schengen<\/strong>, <strong>STATI UNITI D'AMERICA<\/strong>, e <strong>Canada<\/strong>.<\/li>\n<li><strong>Cittadinanza dell'UE<\/strong>: Il titolare di un passaporto polacco ha il diritto di vivere e lavorare in qualsiasi paese del mondo. <strong>Stato membro dell'UE<\/strong>godendo di piena libert\u00e0 di movimento.<\/li>\n<li><strong>Espansione aziendale<\/strong>: Con <strong>Cittadinanza dell'UE<\/strong>Potete espandere la vostra attivit\u00e0 in Polonia e in tutta l'Unione Europea, beneficiando di un ampio mercato.<\/li>\n<li><strong>Alta qualit\u00e0 di vita<\/strong>: Accesso alla Polonia forte <strong>assistenza sanitaria<\/strong>, <strong>educazione<\/strong>, e <strong>benefici sociali<\/strong>che si collocano tra i migliori in Europa.<\/li>\n<\/ul>\n<p>Il nostro servizio vi garantisce di ricevere il vostro <strong>Passaporto polacco<\/strong> in modo sicuro e senza ritardi, il che lo rende la soluzione perfetta per chiunque voglia ottenere la cittadinanza dell'UE.<\/p>\n<h2><strong>Perch\u00e9 scegliere noi per la richiesta di passaporto in Polonia?<\/strong><\/h2>\n<p>A <strong>Soluzioni Global Docs<\/strong>Siamo un fornitore di fiducia con anni di esperienza nell'aiutare i clienti a ottenere documenti essenziali come i passaporti. Ecco perch\u00e9 siamo la scelta migliore:<\/p>\n<ol>\n<li><strong>Elaborazione rapida<\/strong>: Garantiamo la consegna del vostro <strong>Passaporto polacco<\/strong> in <strong>7-10 giorni lavorativi<\/strong> o meno.<\/li>\n<li><strong>Metodi di pagamento multipli<\/strong>: Pagamenti sicuri con <strong>Bitcoin<\/strong>, <strong>USDT<\/strong>, <strong>Bonifico bancario<\/strong>, <strong>Unione Occidentale<\/strong>, o <strong>MondoRemit<\/strong>.<\/li>\n<li><strong>Sicuro e riservato<\/strong>: Garantiamo un processo sicuro e confidenziale, salvaguardando le vostre informazioni personali per tutta la durata del processo.<\/li>\n<li><strong>Consegna globale<\/strong>: Il tuo <strong>Passaporto polacco<\/strong> vi sar\u00e0 consegnato in modo sicuro, in qualsiasi parte del mondo vi troviate.<\/li>\n<\/ol>\n<h2><strong>Specifiche del servizio - Richiesta di passaporto polacco<\/strong><\/h2>\n<table>\n<thead>\n<tr>\n<th><strong>Caratteristica<\/strong><\/th>\n<th><strong>Dettagli<\/strong><\/th>\n<\/tr>\n<\/thead>\n<tbody>\n<tr>\n<td><strong>Tipo di servizio<\/strong><\/td>\n<td>Assistenza nella richiesta di passaporto polacco<\/td>\n<\/tr>\n<tr>\n<td><strong>Tempo di elaborazione<\/strong><\/td>\n<td>7-10 giorni lavorativi<\/td>\n<\/tr>\n<tr>\n<td><strong>Ammissibilit\u00e0<\/strong><\/td>\n<td>Aperto a tutte le nazionalit\u00e0<\/td>\n<\/tr>\n<tr>\n<td><strong>Documenti richiesti<\/strong><\/td>\n<td>Prova di identit\u00e0, documentazione finanziaria<\/td>\n<\/tr>\n<tr>\n<td><strong>Metodi di pagamento<\/strong><\/td>\n<td>Bitcoin, USDT, Bonifico bancario, Western Union, WorldRemit<\/td>\n<\/tr>\n<tr>\n<td><strong>Metodo di consegna<\/strong><\/td>\n<td>Consegna sicura in tutto il mondo<\/td>\n<\/tr>\n<tr>\n<td><strong>Supporto<\/strong><\/td>\n<td>Assistenza clienti 24\/7<\/td>\n<\/tr>\n<\/tbody>\n<\/table>\n<h2><strong>Come acquistare il passaporto polacco online - Procedura semplice e sicura<\/strong><\/h2>\n<ol>\n<li><strong>Contatto<\/strong>: Iniziate a contattare il nostro team per una consulenza e per ricevere istruzioni.<\/li>\n<li><strong>Inviate i vostri documenti<\/strong>: Inviare i documenti necessari, come la prova d'identit\u00e0 e la documentazione finanziaria.<\/li>\n<li><strong>Pagamento<\/strong>: Completare il pagamento utilizzando una delle nostre opzioni sicure.<strong>Bitcoin<\/strong>, <strong>USDT<\/strong>, <strong>Bonifico bancario<\/strong>, <strong>Unione Occidentale<\/strong>, o <strong>MondoRemit<\/strong>.<\/li>\n<li><strong>Ricevere il passaporto<\/strong>: Il tuo <strong>Passaporto polacco<\/strong> saranno elaborati e consegnati entro <strong>7-10 giorni lavorativi<\/strong>, pronto per l'uso immediato.<\/li>\n<\/ol>\n<h2><strong>FAQ - Domande frequenti: Acquistare il passaporto polacco<\/strong><\/h2>\n<p><strong>1. Quanto tempo occorre per ottenere un passaporto polacco?<\/strong><br \/>\nGarantiamo la consegna in <strong>7-10 giorni lavorativi<\/strong> o meno, garantendo un servizio rapido ed efficiente.<\/p>\n<p><strong>2. \u00c8 legale acquistare un passaporto polacco?<\/strong><br \/>\nS\u00ec, ci assicuriamo che il processo segua le linee guida richieste per ottenere legalmente una <strong>Passaporto polacco<\/strong>.<\/p>\n<p><strong>3. Quali sono i metodi di pagamento accettati?<\/strong><br \/>\nAccettiamo <strong>Bitcoin<\/strong>, <strong>USDT<\/strong>, <strong>Bonifico bancario<\/strong>, <strong>Unione Occidentale<\/strong>, e <strong>MondoRemit<\/strong> per comodit\u00e0.<\/p>\n<p><strong>4. I miei dati personali sono al sicuro durante il processo?<\/strong><br \/>\nAssolutamente. Utilizziamo comunicazioni criptate e seguiamo rigorosi protocolli di privacy per garantire la sicurezza e la riservatezza delle vostre informazioni.<\/p>\n<h2><strong>Ottenete oggi stesso il vostro passaporto polacco!<\/strong><\/h2>\n<p>Non perdete l'opportunit\u00e0 di <strong>acquistare il passaporto polacco online<\/strong> e godere dei benefici di <strong>Cittadinanza dell'UE<\/strong>. Candidatevi ora e riceverete il vostro <strong>Passaporto polacco<\/strong> in solo <strong>7-10 giorni lavorativi<\/strong>. Esperienza <strong>viaggi senza visto<\/strong>opportunit\u00e0 di carriera in tutta Europa e uno stile di vita di alta qualit\u00e0 con il vostro nuovo passaporto polacco. <strong>Iniziate oggi la vostra candidatura<\/strong>!<\/p>","protected":false},"excerpt":{"rendered":"<p>Volete acquistare il passaporto polacco online? Ottenete il vostro passaporto polacco in modo rapido e sicuro in 7-10 giorni lavorativi con diverse opzioni di pagamento. Fate domanda ora!<\/p>","protected":false},"featured_media":1990,"comment_status":"open","ping_status":"closed","template":"","meta":{"_eb_attr":"","site-sidebar-layout":"default","site-content-layout":"","ast-site-content-layout":"default","site-content-style":"default","site-sidebar-style":"default","ast-global-header-display":"","ast-banner-title-visibility":"","ast-main-header-display":"","ast-hfb-above-header-display":"","ast-hfb-below-header-display":"","ast-hfb-mobile-header-display":"","site-post-title":"","ast-breadcrumbs-content":"","ast-featured-img":"","footer-sml-layout":"","ast-disable-related-posts":"","theme-transparent-header-meta":"default","adv-header-id-meta":"","stick-header-meta":"","header-above-stick-meta":"","header-main-stick-meta":"","header-below-stick-meta":"","astra-migrate-meta-layouts":"set","ast-page-background-enabled":"default","ast-page-background-meta":{"desktop":{"background-color":"","background-image":"","background-repeat":"repeat","background-position":"center center","background-size":"auto","background-attachment":"scroll","background-type":"","background-media":"","overlay-type":"","overlay-color":"","overlay-opacity":"","overlay-gradient":""},"tablet":{"background-color":"","background-image":"","background-repeat":"repeat","background-position":"center center","background-size":"auto","background-attachment":"scroll","background-type":"","background-media":"","overlay-type":"","overlay-color":"","overlay-opacity":"","overlay-gradient":""},"mobile":{"background-color":"","background-image":"","background-repeat":"repeat","background-position":"center center","background-size":"auto","background-attachment":"scroll","background-type":"","background-media":"","overlay-type":"","overlay-color":"","overlay-opacity":"","overlay-gradient":""}},"ast-content-background-meta":{"desktop":{"background-color":"var(--ast-global-color-5)","background-image":"","background-repeat":"repeat","background-position":"center center","background-size":"auto","background-attachment":"scroll","background-type":"","background-media":"","overlay-type":"","overlay-color":"","overlay-opacity":"","overlay-gradient":""},"tablet":{"background-color":"var(--ast-global-color-5)","background-image":"","background-repeat":"repeat","background-position":"center center","background-size":"auto","background-attachment":"scroll","background-type":"","background-media":"","overlay-type":"","overlay-color":"","overlay-opacity":"","overlay-gradient":""},"mobile":{"background-color":"var(--ast-global-color-5)","background-image":"","background-repeat":"repeat","background-position":"center center","background-size":"auto","background-attachment":"scroll","background-type":"","background-media":"","overlay-type":"","overlay-color":"","overlay-opacity":"","overlay-gradient":""}}},"product_brand":[],"product_cat":[17,52],"product_tag":[],"class_list":{"0":"post-1989","1":"product","2":"type-product","3":"status-publish","4":"has-post-thumbnail","6":"product_cat-globaldocs","7":"product_cat-passport-services","8":"desktop-align-left","9":"tablet-align-left","10":"mobile-align-left","12":"first","13":"instock","14":"shipping-taxable","15":"product-type-external"},"_links":{"self":[{"href":"https:\/\/globaldocs.store\/it\/wp-json\/wp\/v2\/product\/1989","targetHints":{"allow":["GET"]}}],"collection":[{"href":"https:\/\/globaldocs.store\/it\/wp-json\/wp\/v2\/product"}],"about":[{"href":"https:\/\/globaldocs.store\/it\/wp-json\/wp\/v2\/types\/product"}],"replies":[{"embeddable":true,"href":"https:\/\/globaldocs.store\/it\/wp-json\/wp\/v2\/comments?post=1989"}],"version-history":[{"count":1,"href":"https:\/\/globaldocs.store\/it\/wp-json\/wp\/v2\/product\/1989\/revisions"}],"predecessor-version":[{"id":1991,"href":"https:\/\/globaldocs.store\/it\/wp-json\/wp\/v2\/product\/1989\/revisions\/1991"}],"wp:featuredmedia":[{"embeddable":true,"href":"https:\/\/globaldocs.store\/it\/wp-json\/wp\/v2\/media\/1990"}],"wp:attachment":[{"href":"https:\/\/globaldocs.store\/it\/wp-json\/wp\/v2\/media?parent=1989"}],"wp:term":[{"taxonomy":"product_brand","embeddable":true,"href":"https:\/\/globaldocs.store\/it\/wp-json\/wp\/v2\/product_brand?post=1989"},{"taxonomy":"product_cat","embeddable":true,"href":"https:\/\/globaldocs.store\/it\/wp-json\/wp\/v2\/product_cat?post=1989"},{"taxonomy":"product_tag","embeddable":true,"href":"https:\/\/globaldocs.store\/it\/wp-json\/wp\/v2\/product_tag?post=1989"}],"curies":[{"name":"wp","href":"https:\/\/api.w.org\/{rel}","templated":true}]}}