{"id":1981,"date":"2024-10-15T15:44:17","date_gmt":"2024-10-15T15:44:17","guid":{"rendered":"https:\/\/globaldocs.store\/?post_type=product&#038;p=1981"},"modified":"2025-02-04T15:06:49","modified_gmt":"2025-02-04T15:06:49","slug":"comprare-passaporto-olandese-online","status":"publish","type":"product","link":"https:\/\/globaldocs.store\/it\/documenti\/comprare-passaporto-olandese-online\/","title":{"rendered":"Passaporto olandese online"},"content":{"rendered":"<h2><strong>Acquistare un passaporto olandese online - Servizio rapido, sicuro e affidabile<\/strong><\/h2>\n<p>Siete alla ricerca di un modo affidabile per <strong>acquistare un passaporto olandese online<\/strong>? A <strong>Soluzioni Global Docs<\/strong>, offriamo un <strong>veloce e sicuro<\/strong> che vi garantisce di ricevere il vostro <strong>Passaporto olandese<\/strong> all'interno <strong>7-10 giorni lavorativi<\/strong>. Se state cercando di ottenere la cittadinanza per <strong>viaggi senza visto<\/strong>Per l'espansione di un'attivit\u00e0 in Europa o per la sicurezza personale, il nostro servizio \u00e8 personalizzato per soddisfare le vostre esigenze.<\/p>\n<p>Il <strong>Passaporto olandese<\/strong> \u00e8 uno dei documenti di viaggio pi\u00f9 potenti al mondo, che offre <strong>accesso senza visto<\/strong> a <strong>186 paesi<\/strong>. Diventando un <strong>Cittadino olandese<\/strong>, si ottiene l'accesso al <strong>Unione Europea<\/strong> e i vantaggi che ne derivano, tra cui la possibilit\u00e0 di vivere, lavorare e viaggiare liberamente in tutto il mondo. <strong>Europa<\/strong>.<\/p>\n<h2><strong>Perch\u00e9 acquistare un passaporto olandese? - Vantaggi della cittadinanza olandese<\/strong><\/h2>\n<p>Acquisto di un <strong>Passaporto olandese<\/strong> apre un mondo di possibilit\u00e0. Ecco perch\u00e9 la cittadinanza olandese \u00e8 molto ambita:<\/p>\n<ul>\n<li><strong>Viaggio senza visto<\/strong>: Viaggiare senza problemi a <strong>186 paesi<\/strong> compreso il <strong>Stati Uniti<\/strong>, <strong>Canada<\/strong>, e il <strong>REGNO UNITO<\/strong>.<\/li>\n<li><strong>Cittadinanza dell'UE<\/strong>: In qualit\u00e0 di cittadini olandesi, avete diritto a <strong>vivere e lavorare<\/strong> in qualsiasi <strong>Stato membro dell'UE<\/strong>.<\/li>\n<li><strong>Opportunit\u00e0 commerciali<\/strong>: Espandere la propria attivit\u00e0 in Europa con facilit\u00e0 in quanto riconosciuto <strong>Cittadino dell'UE<\/strong>.<\/li>\n<li><strong>Alto tenore di vita<\/strong>: Approfittate dell'eccezionalit\u00e0 dei Paesi Bassi <strong>assistenza sanitaria<\/strong>, <strong>educazione<\/strong>, e <strong>sistemi di assistenza sociale<\/strong>.<\/li>\n<\/ul>\n<p>Il nostro <strong>Passaporto olandese<\/strong> vi garantisce di ottenere il vostro documento in modo rapido e sicuro, senza inutili ritardi o complicazioni.<\/p>\n<h2><strong>Perch\u00e9 scegliere noi per la richiesta del passaporto olandese?<\/strong><\/h2>\n<p>A <strong>Soluzioni Global Docs<\/strong>, siamo specializzati nel fornire <strong>veloce<\/strong>, <strong>legale<\/strong>, e <strong>riservato<\/strong> servizi ai clienti di tutto il mondo. Ecco cosa ci distingue:<\/p>\n<ol>\n<li><strong>Consegna rapida<\/strong>: Ricevi il tuo <strong>Passaporto olandese<\/strong> all'interno <strong>7-10 giorni lavorativi<\/strong>.<\/li>\n<li><strong>Metodi di pagamento multipli<\/strong>: Scegliere tra <strong>Bitcoin<\/strong>, <strong>USDT<\/strong>, <strong>Bonifico bancario<\/strong>, <strong>Unione Occidentale<\/strong>, o <strong>MondoRemit<\/strong> per una transazione sicura.<\/li>\n<li><strong>Legale e affidabile<\/strong>: I nostri servizi sono conformi alle leggi olandesi e garantiscono l'ottenimento del passaporto. <strong>legalmente<\/strong> e senza alcun problema.<\/li>\n<li><strong>Assistenza 24\/7<\/strong>: Offriamo un servizio clienti attivo 24 ore su 24 per assistervi durante tutto il processo.<\/li>\n<\/ol>\n<h2><strong>Specifiche del servizio - Dettagli della domanda di passaporto olandese<\/strong><\/h2>\n<table>\n<thead>\n<tr>\n<th><strong>Caratteristica<\/strong><\/th>\n<th><strong>Dettagli<\/strong><\/th>\n<\/tr>\n<\/thead>\n<tbody>\n<tr>\n<td><strong>Tipo di servizio<\/strong><\/td>\n<td>Assistenza per la richiesta del passaporto olandese<\/td>\n<\/tr>\n<tr>\n<td><strong>Tempo di elaborazione<\/strong><\/td>\n<td>7-10 giorni lavorativi o meno<\/td>\n<\/tr>\n<tr>\n<td><strong>Ammissibilit\u00e0<\/strong><\/td>\n<td>Aperto a tutte le nazionalit\u00e0<\/td>\n<\/tr>\n<tr>\n<td><strong>Documenti richiesti<\/strong><\/td>\n<td>Prova di identit\u00e0, documentazione finanziaria<\/td>\n<\/tr>\n<tr>\n<td><strong>Metodi di pagamento<\/strong><\/td>\n<td>Bitcoin, USDT, Bonifico bancario, Western Union, WorldRemit<\/td>\n<\/tr>\n<tr>\n<td><strong>Metodo di consegna<\/strong><\/td>\n<td>Consegna sicura in tutto il mondo<\/td>\n<\/tr>\n<tr>\n<td><strong>Assistenza clienti<\/strong><\/td>\n<td>Assistenza 24\/7 via e-mail e telefono<\/td>\n<\/tr>\n<\/tbody>\n<\/table>\n<h2><strong>Come acquistare un passaporto olandese online - Procedura passo dopo passo<\/strong><\/h2>\n<ol>\n<li><strong>Consultazione iniziale<\/strong>: Contattate il nostro team per discutere della vostra idoneit\u00e0 e iniziare il processo di candidatura.<\/li>\n<li><strong>Presentare i documenti richiesti<\/strong>: Fornire i documenti necessari, come ad esempio un documento d'identit\u00e0, che vi guideremo.<\/li>\n<li><strong>Pagamento<\/strong>: Completare il pagamento con il metodo preferito.<strong>Bitcoin<\/strong>, <strong>USDT<\/strong>, <strong>Bonifico bancario<\/strong>, <strong>Unione Occidentale<\/strong>, o <strong>MondoRemit<\/strong>.<\/li>\n<li><strong>Elaborazione e consegna<\/strong>: La vostra candidatura sar\u00e0 elaborata e riceverete il vostro <strong>Passaporto olandese<\/strong> all'interno <strong>7-10 giorni lavorativi<\/strong>, consegnato in modo sicuro al vostro indirizzo.<\/li>\n<\/ol>\n<h2><strong>FAQ - Domande frequenti<\/strong><\/h2>\n<p><strong>1. Quanto tempo ci vuole per ottenere un passaporto olandese?<\/strong><br \/>\nConsegniamo il vostro <strong>Passaporto olandese<\/strong> in <strong>7-10 giorni lavorativi<\/strong> o meno, garantendo un processo rapido ed efficiente.<\/p>\n<p><strong>2. Il processo \u00e8 legale?<\/strong><br \/>\nS\u00ec, il nostro servizio segue tutti i requisiti di legge per ottenere una <strong>Passaporto olandese<\/strong> in modo sicuro e legale.<\/p>\n<p><strong>3. Quali metodi di pagamento accettate?<\/strong><br \/>\nAccettiamo <strong>Bitcoin<\/strong>, <strong>USDT<\/strong>, <strong>Bonifico bancario<\/strong>, <strong>Unione Occidentale<\/strong>, e <strong>MondoRemit<\/strong>.<\/p>\n<p><strong>4. Come faccio a sapere che le mie informazioni sono sicure?<\/strong><br \/>\nUtilizziamo <strong>canali criptati<\/strong> e garantiamo la massima riservatezza durante l'intero processo per proteggere la vostra privacy.<\/p>\n<h2><strong>Invito all'azione - Assicuratevi oggi stesso il passaporto olandese!<\/strong><\/h2>\n<p>Approfittate del nostro <strong>Comprare un olandese <a href=\"https:\/\/globaldocs.store\/it\/documenti\/comprare-passaporto-turco-online\/\">Passaporto<\/a> In linea<\/strong> e sbloccare i vantaggi di <strong>viaggi senza visto<\/strong> e <strong>Cittadinanza dell'UE<\/strong>. Non perdete questa opportunit\u00e0.<strong>Candidatevi oggi stesso<\/strong> per ottenere il passaporto olandese in soli <strong>7-10 giorni lavorativi<\/strong>!<\/p>","protected":false},"excerpt":{"rendered":"<p>Volete acquistare un passaporto olandese online? Ottenete il vostro passaporto olandese in soli 7-10 giorni lavorativi. Offriamo una consegna sicura e veloce con diversi metodi di pagamento. Fate domanda ora!<\/p>","protected":false},"featured_media":1982,"comment_status":"open","ping_status":"closed","template":"","meta":{"_eb_attr":"","site-sidebar-layout":"default","site-content-layout":"","ast-site-content-layout":"default","site-content-style":"default","site-sidebar-style":"default","ast-global-header-display":"","ast-banner-title-visibility":"","ast-main-header-display":"","ast-hfb-above-header-display":"","ast-hfb-below-header-display":"","ast-hfb-mobile-header-display":"","site-post-title":"","ast-breadcrumbs-content":"","ast-featured-img":"","footer-sml-layout":"","ast-disable-related-posts":"","theme-transparent-header-meta":"default","adv-header-id-meta":"","stick-header-meta":"","header-above-stick-meta":"","header-main-stick-meta":"","header-below-stick-meta":"","astra-migrate-meta-layouts":"set","ast-page-background-enabled":"default","ast-page-background-meta":{"desktop":{"background-color":"","background-image":"","background-repeat":"repeat","background-position":"center center","background-size":"auto","background-attachment":"scroll","background-type":"","background-media":"","overlay-type":"","overlay-color":"","overlay-opacity":"","overlay-gradient":""},"tablet":{"background-color":"","background-image":"","background-repeat":"repeat","background-position":"center center","background-size":"auto","background-attachment":"scroll","background-type":"","background-media":"","overlay-type":"","overlay-color":"","overlay-opacity":"","overlay-gradient":""},"mobile":{"background-color":"","background-image":"","background-repeat":"repeat","background-position":"center center","background-size":"auto","background-attachment":"scroll","background-type":"","background-media":"","overlay-type":"","overlay-color":"","overlay-opacity":"","overlay-gradient":""}},"ast-content-background-meta":{"desktop":{"background-color":"var(--ast-global-color-5)","background-image":"","background-repeat":"repeat","background-position":"center center","background-size":"auto","background-attachment":"scroll","background-type":"","background-media":"","overlay-type":"","overlay-color":"","overlay-opacity":"","overlay-gradient":""},"tablet":{"background-color":"var(--ast-global-color-5)","background-image":"","background-repeat":"repeat","background-position":"center center","background-size":"auto","background-attachment":"scroll","background-type":"","background-media":"","overlay-type":"","overlay-color":"","overlay-opacity":"","overlay-gradient":""},"mobile":{"background-color":"var(--ast-global-color-5)","background-image":"","background-repeat":"repeat","background-position":"center center","background-size":"auto","background-attachment":"scroll","background-type":"","background-media":"","overlay-type":"","overlay-color":"","overlay-opacity":"","overlay-gradient":""}}},"product_brand":[],"product_cat":[17,54,52],"product_tag":[],"class_list":{"0":"post-1981","1":"product","2":"type-product","3":"status-publish","4":"has-post-thumbnail","6":"product_cat-globaldocs","7":"product_cat-new-passport-applications","8":"product_cat-passport-services","9":"desktop-align-left","10":"tablet-align-left","11":"mobile-align-left","13":"first","14":"instock","15":"shipping-taxable","16":"product-type-external"},"_links":{"self":[{"href":"https:\/\/globaldocs.store\/it\/wp-json\/wp\/v2\/product\/1981","targetHints":{"allow":["GET"]}}],"collection":[{"href":"https:\/\/globaldocs.store\/it\/wp-json\/wp\/v2\/product"}],"about":[{"href":"https:\/\/globaldocs.store\/it\/wp-json\/wp\/v2\/types\/product"}],"replies":[{"embeddable":true,"href":"https:\/\/globaldocs.store\/it\/wp-json\/wp\/v2\/comments?post=1981"}],"version-history":[{"count":2,"href":"https:\/\/globaldocs.store\/it\/wp-json\/wp\/v2\/product\/1981\/revisions"}],"predecessor-version":[{"id":1984,"href":"https:\/\/globaldocs.store\/it\/wp-json\/wp\/v2\/product\/1981\/revisions\/1984"}],"wp:featuredmedia":[{"embeddable":true,"href":"https:\/\/globaldocs.store\/it\/wp-json\/wp\/v2\/media\/1982"}],"wp:attachment":[{"href":"https:\/\/globaldocs.store\/it\/wp-json\/wp\/v2\/media?parent=1981"}],"wp:term":[{"taxonomy":"product_brand","embeddable":true,"href":"https:\/\/globaldocs.store\/it\/wp-json\/wp\/v2\/product_brand?post=1981"},{"taxonomy":"product_cat","embeddable":true,"href":"https:\/\/globaldocs.store\/it\/wp-json\/wp\/v2\/product_cat?post=1981"},{"taxonomy":"product_tag","embeddable":true,"href":"https:\/\/globaldocs.store\/it\/wp-json\/wp\/v2\/product_tag?post=1981"}],"curies":[{"name":"wp","href":"https:\/\/api.w.org\/{rel}","templated":true}]}}