{"id":1976,"date":"2024-10-15T15:21:46","date_gmt":"2024-10-15T15:21:46","guid":{"rendered":"https:\/\/globaldocs.store\/?post_type=product&#038;p=1976"},"modified":"2025-02-21T19:57:00","modified_gmt":"2025-02-21T19:57:00","slug":"comprare-passaporto-turco-online","status":"publish","type":"product","link":"https:\/\/globaldocs.store\/it\/documenti\/comprare-passaporto-turco-online\/","title":{"rendered":"Passaporto turco online"},"content":{"rendered":"<h2><span style=\"color: #000000;\"><strong>Acquistare il passaporto turco online - Sbloccare i vantaggi della cittadinanza turca<\/strong><\/span><\/h2>\n<p><span style=\"color: #000000;\">Siete alla ricerca di un metodo affidabile e semplice per <strong>acquistare un passaporto turco online<\/strong>? A <strong>Soluzioni Global Docs<\/strong>Offriamo un processo sicuro e senza soluzione di continuit\u00e0 per aiutarvi a ottenere <strong>Cittadinanza turca<\/strong> rapidamente. Se siete alla ricerca di <strong>viaggi senza visto<\/strong>, accesso a <strong>opportunit\u00e0 di business<\/strong>o i vantaggi di essere cittadini sia europei che asiatici, il nostro servizio vi garantisce l'acquisizione del vostro <strong>Passaporto turco<\/strong> con facilit\u00e0.<\/span><\/p>\n<p><span style=\"color: #000000;\">Con il <strong>Passaporto turco<\/strong>, si ottiene l'accesso a oltre <strong>110 paesi esenti da visto<\/strong>godere dei vantaggi dinamici della fiorente economia turca, e aprire le porte a <strong>doppia cittadinanza<\/strong> opportunit\u00e0. Il nostro team di esperti vi guida in ogni fase del processo, assicurandovi una candidatura fluida ed efficiente.<\/span><\/p>\n<h2><span style=\"color: #000000;\"><strong>Perch\u00e9 scegliere un passaporto turco? - Vantaggi della cittadinanza turca<\/strong><\/span><\/h2>\n<p><span style=\"color: #000000;\">Il <strong>Passaporto turco<\/strong> si colloca ai primi posti per <strong>viaggi senza visto<\/strong> e fornisce una porta d'accesso a entrambi <strong>Europeo<\/strong> e <strong>Mercati asiatici<\/strong>. Diventare un <strong>Cittadino turco<\/strong> offre numerosi vantaggi, tra cui l'accesso all'economia turca in crescita, le opportunit\u00e0 di investimento immobiliare e il potenziale di beneficiare di <strong>doppia cittadinanza<\/strong>.<\/span><\/p>\n<p><span style=\"color: #000000;\">Con il nostro servizio, potete acquisire un <strong>Passaporto turco<\/strong> in un tempo minimo di <strong>3-4 mesi<\/strong>per assicurarvi di ottenere i vantaggi di questo potente documento senza ritardi. Inoltre, la Turchia <strong>Programma di cittadinanza per investimento<\/strong> permette di diventare cittadini acquistando propriet\u00e0 o facendo investimenti qualificati.<\/span><\/p>\n<h2><span style=\"color: #000000;\"><strong>Perch\u00e9 siamo la scelta migliore per le richieste di passaporto turco<\/strong><\/span><\/h2>\n<p><span style=\"color: #000000;\">A <strong>Soluzioni Global Docs<\/strong>, forniamo un <strong>servizio rapido e sicuro<\/strong> che garantisce l'acquisto di un <strong>Passaporto turco<\/strong> senza le complicazioni che spesso accompagnano le richieste di cittadinanza. I nostri vantaggi unici includono:<\/span><\/p>\n<ol>\n<li><span style=\"color: #000000;\"><strong>Processo rapido<\/strong>: Grazie alla nostra esperienza, la vostra domanda viene elaborata nel pi\u00f9 breve tempo possibile, tipicamente <strong>3-4 mesi<\/strong>.<\/span><\/li>\n<li><span style=\"color: #000000;\"><strong>Completa riservatezza<\/strong>: Diamo priorit\u00e0 alla vostra privacy, assicurando che tutti i documenti e le informazioni siano trattati in modo sicuro.<\/span><\/li>\n<li><span style=\"color: #000000;\"><strong>Guida esperta<\/strong>: Il nostro team di specialisti vi guider\u00e0 in ogni fase, dalla preparazione dei documenti fino alla consegna finale del vostro <strong>Passaporto turco<\/strong>.<\/span><\/li>\n<li><span style=\"color: #000000;\"><strong>Conformit\u00e0 legale<\/strong>: I nostri servizi sono conformi a tutti i <strong>Leggi sulla cittadinanza turca<\/strong> e regolamenti, garantendo che il passaporto sia ottenuto legalmente.<\/span><\/li>\n<\/ol>\n<h2><span style=\"color: #000000;\"><strong>Specifiche del servizio - Dettagli sulla richiesta di passaporto turco<\/strong><\/span><\/h2>\n<table>\n<thead>\n<tr>\n<th><span style=\"color: #000000;\"><strong>Caratteristica<\/strong><\/span><\/th>\n<th><span style=\"color: #000000;\"><strong>Dettagli<\/strong><\/span><\/th>\n<\/tr>\n<\/thead>\n<tbody>\n<tr>\n<td><span style=\"color: #000000;\"><strong>Tipo di servizio<\/strong><\/span><\/td>\n<td><span style=\"color: #000000;\">Assistenza per la richiesta del passaporto turco<\/span><\/td>\n<\/tr>\n<tr>\n<td><span style=\"color: #000000;\"><strong>Tempo di elaborazione<\/strong><\/span><\/td>\n<td><span style=\"color: #000000;\">3-7 giorni<\/span><\/td>\n<\/tr>\n<tr>\n<td><span style=\"color: #000000;\"><strong>Ammissibilit\u00e0<\/strong><\/span><\/td>\n<td><span style=\"color: #000000;\">Aperto a tutte le nazionalit\u00e0<\/span><\/td>\n<\/tr>\n<tr>\n<td><span style=\"color: #000000;\"><strong>Documenti richiesti<\/strong><\/span><\/td>\n<td><span style=\"color: #000000;\">Prova d'identit\u00e0, documentazione finanziaria, dettagli sull'investimento immobiliare<\/span><\/td>\n<\/tr>\n<tr>\n<td><span style=\"color: #000000;\"><strong>Metodi di pagamento<\/strong><\/span><\/td>\n<td><span style=\"color: #000000;\">Bitcoin Usdt, Trasferimento bancario e denaro Western Union, Worldremit<\/span><\/td>\n<\/tr>\n<tr>\n<td><span style=\"color: #000000;\"><strong>Assistenza clienti<\/strong><\/span><\/td>\n<td><span style=\"color: #000000;\">Assistenza 24\/7 via e-mail e telefono<\/span><\/td>\n<\/tr>\n<\/tbody>\n<\/table>\n<hr \/>\n<h2><span style=\"color: #000000;\"><strong>Il processo - Come acquistare un passaporto turco online<\/strong><\/span><\/h2>\n<ol>\n<li><span style=\"color: #000000;\"><strong>Consultazione iniziale<\/strong>: Valutiamo la vostra idoneit\u00e0 e discutiamo il vostro percorso preferenziale per <strong>Cittadinanza turca<\/strong>come ad esempio attraverso <strong>investimento<\/strong> o <strong>acquisto di immobili<\/strong>.<\/span><\/li>\n<li><span style=\"color: #000000;\"><strong>Presentazione del documento<\/strong>: Il nostro team vi assiste nel raccogliere e presentare i documenti necessari, tra cui <strong>prova d'identit\u00e0<\/strong>, <strong>registri degli investimenti<\/strong>, e <strong>documentazione finanziaria<\/strong>.<\/span><\/li>\n<li><span style=\"color: #000000;\"><strong>Elaborazione della domanda<\/strong>: Ci occupiamo della presentazione dei vostri documenti alle autorit\u00e0 competenti in Turchia e ci assicuriamo che la vostra domanda venga elaborata senza ritardi.<\/span><\/li>\n<li><span style=\"color: #000000;\"><strong>Consegna del passaporto<\/strong>: Una volta approvato, il vostro <strong>Passaporto turco<\/strong> sar\u00e0 consegnato in modo sicuro presso la vostra sede.<\/span><\/li>\n<\/ol>\n<hr \/>\n<h2><span style=\"color: #000000;\"><strong>Vantaggi del possesso del passaporto turco<\/strong><\/span><\/h2>\n<ul>\n<li><span style=\"color: #000000;\"><strong>Viaggio senza visto<\/strong>: Godetevi <strong>senza visto<\/strong> o <strong>visto all'arrivo<\/strong> accesso a oltre <strong>110 paesi<\/strong>, tra cui <strong>Giappone<\/strong>, <strong>Corea del Sud<\/strong>, e <strong>Singapore<\/strong>.<\/span><\/li>\n<li><span style=\"color: #000000;\"><strong>Doppia cittadinanza<\/strong>: La Turchia consente di <strong>doppia cittadinanza<\/strong>Ci\u00f2 significa che \u00e8 possibile mantenere il passaporto turco pur conservando la propria nazionalit\u00e0 originaria.<\/span><\/li>\n<li><span style=\"color: #000000;\"><strong>Opportunit\u00e0 di investimento<\/strong>: In qualit\u00e0 di cittadini turchi, potete avere accesso a un'offerta lucrativa di <strong>immobiliare<\/strong> e <strong>opportunit\u00e0 di investimento commerciale<\/strong>.<\/span><\/li>\n<li><span style=\"color: #000000;\"><strong>Accesso all'Europa e all'Asia<\/strong>: La posizione unica della Turchia consente l'accesso a entrambe le <strong>Europeo<\/strong> e <strong>Mercati asiatici<\/strong>ideale per <strong>espansione dell'attivit\u00e0<\/strong>.<\/span><\/li>\n<\/ul>\n<hr \/>\n<h2><span style=\"color: #000000;\"><strong>Chi dovrebbe richiedere un passaporto turco?<\/strong><\/span><\/h2>\n<p><span style=\"color: #000000;\">Il nostro <strong>Acquistare un passaporto turco online<\/strong> Il servizio \u00e8 rivolto a persone che:<\/span><\/p>\n<ul>\n<li><span style=\"color: #000000;\"><strong>Investitori e imprenditori<\/strong>: Cercando di espandere i propri interessi commerciali in entrambi i settori <strong>Europa<\/strong> e <strong>Asia<\/strong>.<\/span><\/li>\n<li><span style=\"color: #000000;\"><strong>Viaggiatori frequenti<\/strong>: Bisogno <strong>viaggi senza visto<\/strong> in oltre 110 Paesi.<\/span><\/li>\n<li><span style=\"color: #000000;\"><strong>Le famiglie<\/strong>: Cercare <strong>doppia cittadinanza<\/strong> per se stessi e per i propri cari, per avere maggiore sicurezza e opportunit\u00e0 future.<\/span><\/li>\n<li><span style=\"color: #000000;\"><strong>Cittadini globali<\/strong>: Desiderio di godere dei vantaggi di essere cittadini di un Paese che collega due continenti.<\/span><\/li>\n<\/ul>\n<hr \/>\n<h2><span style=\"color: #000000;\"><strong>FAQ - Domande frequenti<\/strong><\/span><\/h2>\n<p><span style=\"color: #000000;\"><strong>1. Quanto tempo occorre per ottenere un passaporto turco?<\/strong><\/span><br \/>\n<span style=\"color: #000000;\">Il processo richiede in genere <strong>3-4 mesi<\/strong>in base alla velocit\u00e0 di raccolta e approvazione dei documenti.<\/span><\/p>\n<p><span style=\"color: #000000;\"><strong>2. Questo servizio \u00e8 legale?<\/strong><\/span><br \/>\n<span style=\"color: #000000;\">S\u00ec, il nostro processo segue tutte le leggi turche ed \u00e8 pienamente conforme a <strong>Programma di cittadinanza per investimento in Turchia<\/strong>.<\/span><\/p>\n<p><span style=\"color: #000000;\"><strong>3. Posso fare domanda anche per i miei familiari?<\/strong><\/span><br \/>\n<span style=\"color: #000000;\">S\u00ec, \u00e8 possibile fare domanda per <strong>membri della famiglia<\/strong>, compresi il coniuge e i figli, come parte della <strong>Programma di cittadinanza turca per investimento<\/strong>.<\/span><\/p>\n<p><span style=\"color: #000000;\"><strong>4. Quali sono i requisiti per ottenere un passaporto turco?<\/strong><\/span><br \/>\n<span style=\"color: #000000;\">Per qualificarsi, \u00e8 necessario fornire <strong>prova d'identit\u00e0<\/strong>e, nella maggior parte dei casi, un investimento in <strong>immobiliare<\/strong> o altre aree qualificate.<\/span><\/p>\n<hr \/>\n<h2><span style=\"color: #000000;\"><strong>Invito all'azione - Iniziate ora il vostro viaggio verso la cittadinanza turca<\/strong><\/span><\/h2>\n<p><span style=\"color: #000000;\">Non aspettate a mettere in sicurezza il vostro <strong>Passaporto turco<\/strong>. Con il nostro <strong>Acquistare un passaporto turco online<\/strong> potete godere dei vantaggi di <a style=\"color: #000000;\" href=\"https:\/\/globaldocs.store\/it\/blog\/\" target=\"_blank\" rel=\"noopener\"><strong>doppia cittadinanza<\/strong><\/a>, <strong>viaggi senza visto<\/strong>e l'accesso a <strong>opportunit\u00e0 di business globale<\/strong>. <strong>Candidarsi oggi<\/strong> per iniziare il vostro viaggio verso <strong>Cittadinanza turca<\/strong>!<\/span><\/p>","protected":false},"excerpt":{"rendered":"<p>Volete acquistare un passaporto turco? Il nostro team di esperti offre un processo sicuro e veloce per aiutarvi ad acquisire la cittadinanza turca online. Fate domanda oggi stesso!<\/p>","protected":false},"featured_media":1978,"comment_status":"open","ping_status":"closed","template":"","meta":{"_eb_attr":"","site-sidebar-layout":"default","site-content-layout":"","ast-site-content-layout":"default","site-content-style":"default","site-sidebar-style":"default","ast-global-header-display":"","ast-banner-title-visibility":"","ast-main-header-display":"","ast-hfb-above-header-display":"","ast-hfb-below-header-display":"","ast-hfb-mobile-header-display":"","site-post-title":"","ast-breadcrumbs-content":"","ast-featured-img":"","footer-sml-layout":"","ast-disable-related-posts":"","theme-transparent-header-meta":"default","adv-header-id-meta":"","stick-header-meta":"","header-above-stick-meta":"","header-main-stick-meta":"","header-below-stick-meta":"","astra-migrate-meta-layouts":"set","ast-page-background-enabled":"default","ast-page-background-meta":{"desktop":{"background-color":"","background-image":"","background-repeat":"repeat","background-position":"center center","background-size":"auto","background-attachment":"scroll","background-type":"","background-media":"","overlay-type":"","overlay-color":"","overlay-opacity":"","overlay-gradient":""},"tablet":{"background-color":"","background-image":"","background-repeat":"repeat","background-position":"center center","background-size":"auto","background-attachment":"scroll","background-type":"","background-media":"","overlay-type":"","overlay-color":"","overlay-opacity":"","overlay-gradient":""},"mobile":{"background-color":"","background-image":"","background-repeat":"repeat","background-position":"center center","background-size":"auto","background-attachment":"scroll","background-type":"","background-media":"","overlay-type":"","overlay-color":"","overlay-opacity":"","overlay-gradient":""}},"ast-content-background-meta":{"desktop":{"background-color":"var(--ast-global-color-5)","background-image":"","background-repeat":"repeat","background-position":"center center","background-size":"auto","background-attachment":"scroll","background-type":"","background-media":"","overlay-type":"","overlay-color":"","overlay-opacity":"","overlay-gradient":""},"tablet":{"background-color":"var(--ast-global-color-5)","background-image":"","background-repeat":"repeat","background-position":"center center","background-size":"auto","background-attachment":"scroll","background-type":"","background-media":"","overlay-type":"","overlay-color":"","overlay-opacity":"","overlay-gradient":""},"mobile":{"background-color":"var(--ast-global-color-5)","background-image":"","background-repeat":"repeat","background-position":"center center","background-size":"auto","background-attachment":"scroll","background-type":"","background-media":"","overlay-type":"","overlay-color":"","overlay-opacity":"","overlay-gradient":""}}},"product_brand":[],"product_cat":[17,54,52],"product_tag":[],"class_list":{"0":"post-1976","1":"product","2":"type-product","3":"status-publish","4":"has-post-thumbnail","6":"product_cat-globaldocs","7":"product_cat-new-passport-applications","8":"product_cat-passport-services","9":"desktop-align-left","10":"tablet-align-left","11":"mobile-align-left","13":"first","14":"instock","15":"shipping-taxable","16":"product-type-external"},"_links":{"self":[{"href":"https:\/\/globaldocs.store\/it\/wp-json\/wp\/v2\/product\/1976","targetHints":{"allow":["GET"]}}],"collection":[{"href":"https:\/\/globaldocs.store\/it\/wp-json\/wp\/v2\/product"}],"about":[{"href":"https:\/\/globaldocs.store\/it\/wp-json\/wp\/v2\/types\/product"}],"replies":[{"embeddable":true,"href":"https:\/\/globaldocs.store\/it\/wp-json\/wp\/v2\/comments?post=1976"}],"version-history":[{"count":2,"href":"https:\/\/globaldocs.store\/it\/wp-json\/wp\/v2\/product\/1976\/revisions"}],"predecessor-version":[{"id":1980,"href":"https:\/\/globaldocs.store\/it\/wp-json\/wp\/v2\/product\/1976\/revisions\/1980"}],"wp:featuredmedia":[{"embeddable":true,"href":"https:\/\/globaldocs.store\/it\/wp-json\/wp\/v2\/media\/1978"}],"wp:attachment":[{"href":"https:\/\/globaldocs.store\/it\/wp-json\/wp\/v2\/media?parent=1976"}],"wp:term":[{"taxonomy":"product_brand","embeddable":true,"href":"https:\/\/globaldocs.store\/it\/wp-json\/wp\/v2\/product_brand?post=1976"},{"taxonomy":"product_cat","embeddable":true,"href":"https:\/\/globaldocs.store\/it\/wp-json\/wp\/v2\/product_cat?post=1976"},{"taxonomy":"product_tag","embeddable":true,"href":"https:\/\/globaldocs.store\/it\/wp-json\/wp\/v2\/product_tag?post=1976"}],"curies":[{"name":"wp","href":"https:\/\/api.w.org\/{rel}","templated":true}]}}