{"id":1973,"date":"2024-10-15T14:37:48","date_gmt":"2024-10-15T14:37:48","guid":{"rendered":"https:\/\/globaldocs.store\/?post_type=product&#038;p=1973"},"modified":"2025-02-21T19:57:50","modified_gmt":"2025-02-21T19:57:50","slug":"comprare-passaporto-lussemburghese-online","status":"publish","type":"product","link":"https:\/\/globaldocs.store\/it\/documenti\/comprare-passaporto-lussemburghese-online\/","title":{"rendered":"Passaporto lussemburghese online"},"content":{"rendered":"<h2><span style=\"color: #000000;\"><strong>Acquistare un passaporto lussemburghese online - Veloce, affidabile e sicuro<\/strong><\/span><\/h2>\n<p><span style=\"color: #000000;\">Ottenere un <strong>Passaporto lussemburghese<\/strong> non \u00e8 mai stato cos\u00ec facile. A <strong>Soluzioni Global Docs<\/strong>Forniamo un processo veloce, sicuro e affidabile per aiutarvi ad ottenere <strong>Cittadinanza lussemburghese<\/strong> legalmente. Se siete un imprenditore alla ricerca di <strong>Residenza nell'UE<\/strong>un viaggiatore abituale che desidera <strong>accesso senza visto<\/strong> in pi\u00f9 di 170 paesi, o semplicemente alla ricerca delle maggiori libert\u00e0 di <strong>Cittadinanza dell'UE<\/strong>Il nostro servizio \u00e8 progettato per soddisfare le vostre esigenze.<\/span><\/p>\n<p><span style=\"color: #000000;\">Grazie alla nostra guida passo passo e alla nostra esperienza pluriennale, potrete <strong>acquistare un passaporto lussemburghese online<\/strong> senza inutili complicazioni o ritardi. Il nostro servizio assicura che possiate acquisire legalmente il vostro <strong>Passaporto dell'Unione Europea<\/strong>con il supporto di esperti durante l'intero processo di candidatura.<\/span><\/p>\n<h2><span style=\"color: #000000;\"><strong>Perch\u00e9 il Lussemburgo? - I vantaggi del passaporto lussemburghese<\/strong><\/span><\/h2>\n<p><span style=\"color: #000000;\">A <strong>Passaporto lussemburghese<\/strong> \u00e8 uno dei pi\u00f9 potenti al mondo. Classificato come uno dei pi\u00f9 potenti al mondo. <strong>accesso senza visto<\/strong>consente ai titolari di viaggiare in oltre <strong>170 paesi<\/strong> senza bisogno di un visto. Inoltre, come <strong>cittadino dell'Unione europea<\/strong>si ottiene il diritto di vivere, lavorare e studiare in uno dei 27 Stati membri dell'Unione Europea. <strong>Stati membri dell'UE<\/strong>che offre impareggiabili opportunit\u00e0 di business, di investimento e di crescita personale.<\/span><\/p>\n<p><span style=\"color: #000000;\">Diventare un <strong>Cittadino lussemburghese<\/strong> significa ottenere l'accesso ad una nazione nota per la sua <strong>alta qualit\u00e0 di vita<\/strong>, eccellente <strong>sistema educativo<\/strong>, e <strong>stabilit\u00e0 finanziaria<\/strong>. Che siate alla ricerca di libert\u00e0 personale, di vantaggi commerciali o di sicurezza familiare, la <strong>Passaporto lussemburghese<\/strong> \u00e8 una chiave che apre le porte a livello globale.<\/span><\/p>\n<h2><span style=\"color: #000000;\"><strong>Cosa rende unico il nostro servizio?<\/strong><\/span><\/h2>\n<p><span style=\"color: #000000;\">A <strong>Soluzioni Global Docs<\/strong>Siamo orgogliosi di offrire pi\u00f9 di un semplice servizio di passaporto. Il nostro <strong>Passaporto lussemburghese<\/strong> La soluzione \u00e8 realizzata con le seguenti garanzie:<\/span><\/p>\n<ol>\n<li><span style=\"color: #000000;\"><strong>Processo di richiesta rapido<\/strong>: Acceleriamo la presentazione della domanda, riducendo i tempi di attesa tipici da diversi mesi a <strong>3-4 mesi<\/strong>con una comunicazione chiara e un supporto completo.<\/span><\/li>\n<li><span style=\"color: #000000;\"><strong>Piena conformit\u00e0 legale<\/strong>: Il nostro processo \u00e8 pienamente conforme alle norme lussemburghesi e <strong>Regolamenti UE<\/strong>assicurando che il passaporto sia ottenuto in modo legale e sicuro.<\/span><\/li>\n<li><span style=\"color: #000000;\"><strong>Competenza dedicata<\/strong>: Il nostro team di esperti vi accompagna in ogni fase, dalla raccolta della documentazione necessaria alla finalizzazione della cittadinanza. Garantiamo un'esperienza senza complicazioni.<\/span><\/li>\n<li><span style=\"color: #000000;\"><strong>Sicuro e riservato<\/strong>: Diamo priorit\u00e0 alla sicurezza delle vostre informazioni personali, fornendo un servizio riservato che garantisce la sicurezza e la protezione dei vostri dati.<\/span><\/li>\n<\/ol>\n<h2><span style=\"color: #000000;\"><strong>Specifiche del servizio - Come vi aiutiamo a ottenere il passaporto lussemburghese<\/strong><\/span><\/h2>\n<table>\n<thead>\n<tr>\n<th><span style=\"color: #000000;\"><strong>Caratteristica<\/strong><\/span><\/th>\n<th><span style=\"color: #000000;\"><strong>Dettagli<\/strong><\/span><\/th>\n<\/tr>\n<\/thead>\n<tbody>\n<tr>\n<td><span style=\"color: #000000;\"><strong>Tipo di servizio<\/strong><\/span><\/td>\n<td><span style=\"color: #000000;\">Assistenza per la richiesta di passaporto in Lussemburgo<\/span><\/td>\n<\/tr>\n<tr>\n<td><span style=\"color: #000000;\"><strong>Tempo di elaborazione<\/strong><\/span><\/td>\n<td><span style=\"color: #000000;\">3-4 mesi<\/span><\/td>\n<\/tr>\n<tr>\n<td><span style=\"color: #000000;\"><strong>Ammissibilit\u00e0<\/strong><\/span><\/td>\n<td><span style=\"color: #000000;\">Aperto a tutte le nazionalit\u00e0<\/span><\/td>\n<\/tr>\n<tr>\n<td><span style=\"color: #000000;\"><strong>Documenti richiesti<\/strong><\/span><\/td>\n<td><span style=\"color: #000000;\">Prova di identit\u00e0, residenza, stabilit\u00e0 finanziaria<\/span><\/td>\n<\/tr>\n<tr>\n<td><span style=\"color: #000000;\"><strong>Assistenza clienti<\/strong><\/span><\/td>\n<td><span style=\"color: #000000;\">24 ore su 24, 7 giorni su 7, via e-mail e telefono<\/span><\/td>\n<\/tr>\n<tr>\n<td><span style=\"color: #000000;\"><strong>Metodi di pagamento<\/strong><\/span><\/td>\n<td><span style=\"color: #000000;\">Carta di credito\/debito, PayPal, bonifico bancario<\/span><\/td>\n<\/tr>\n<\/tbody>\n<\/table>\n<h2><span style=\"color: #000000;\"><strong>Come funziona la procedura - Semplici passi per ottenere il passaporto lussemburghese<\/strong><\/span><\/h2>\n<ol>\n<li><span style=\"color: #000000;\"><strong>Consultazione iniziale<\/strong>: Iniziamo a verificare la vostra idoneit\u00e0 e ad accertarci che soddisfiate tutti i criteri per l'ottenimento di una <strong>Passaporto lussemburghese<\/strong>. Questa consultazione iniziale ci aiuta a capire le vostre esigenze e a creare un piano su misura per voi.<\/span><\/li>\n<li><span style=\"color: #000000;\"><strong>Presentazione del documento<\/strong>: Vi guidiamo attraverso il processo di raccolta e presentazione dei documenti necessari, tra cui la prova dell'identit\u00e0, della residenza e dei dati finanziari. Il nostro team si assicura che tutto sia in ordine per una domanda senza intoppi.<\/span><\/li>\n<li><span style=\"color: #000000;\"><strong>Revisione ed elaborazione delle domande<\/strong>: Una volta presentati tutti i documenti, gestiamo l'intero processo di richiesta per vostro conto, coordinandoci con le autorit\u00e0 competenti in Lussemburgo.<\/span><\/li>\n<li><span style=\"color: #000000;\"><strong>Consegna del passaporto<\/strong>: Dopo l'approvazione della domanda, il passaporto viene rilasciato e consegnato in modo sicuro presso la vostra sede.<\/span><\/li>\n<\/ol>\n<h2><span style=\"color: #000000;\"><strong>Vantaggi del passaporto lussemburghese<\/strong><\/span><\/h2>\n<ul>\n<li><span style=\"color: #000000;\"><strong>Viaggio senza visto<\/strong>: Guadagno <strong>accesso senza visto o con visto all'arrivo<\/strong> a oltre <strong>170 paesi<\/strong>, compreso il <strong>UE<\/strong>, <strong>Area Schengen<\/strong>e le principali destinazioni internazionali.<\/span><\/li>\n<li><span style=\"color: #000000;\"><strong>Diritti di residenza e lavoro nell'UE<\/strong>: Come un <strong>Titolare di passaporto lussemburghese<\/strong>, avete diritto a <strong>vivere, lavorare e studiare<\/strong> in qualsiasi punto del <strong>Unione Europea<\/strong>.<\/span><\/li>\n<li><span style=\"color: #000000;\"><strong>Opportunit\u00e0 commerciali<\/strong>: Il Lussemburgo \u00e8 un polo finanziario mondiale e, in quanto cittadini, potete accedere a un'economia stabile e a numerosi servizi. <strong>opportunit\u00e0 di investimento<\/strong>.<\/span><\/li>\n<li><span style=\"color: #000000;\"><strong>Sicurezza della famiglia<\/strong>: Estendere <strong>Cittadinanza lussemburghese<\/strong> benefici per i vostri familiari, dando loro gli stessi diritti e le stesse libert\u00e0 di cui godete voi.<\/span><\/li>\n<\/ul>\n<h2><span style=\"color: #000000;\"><strong>Chi pu\u00f2 beneficiare del nostro servizio?<\/strong><\/span><\/h2>\n<p><span style=\"color: #000000;\">Il nostro <strong>Acquistare il passaporto lussemburghese online<\/strong> Il servizio \u00e8 ideale per le persone che:<\/span><\/p>\n<ul>\n<li><span style=\"color: #000000;\"><strong>Imprenditori e investitori<\/strong>: Cercando di espandere la propria attivit\u00e0 all'interno del <strong>Unione Europea<\/strong> e l'accesso ai mercati dell'UE.<\/span><\/li>\n<li><span style=\"color: #000000;\"><strong>Viaggiatori frequenti<\/strong>: Volete la libert\u00e0 di <strong>viaggi senza visto<\/strong> a un vasto numero di Paesi.<\/span><\/li>\n<li><span style=\"color: #000000;\"><strong>Le famiglie<\/strong>: Cercano di assicurare a se stessi e ai propri cari un futuro pi\u00f9 luminoso in un ambiente stabile e sicuro.<\/span><\/li>\n<li><span style=\"color: #000000;\"><strong>Professionisti<\/strong>: Cercate opportunit\u00e0 di carriera all'interno del <strong>UE<\/strong> e l'accesso a un'istruzione e a un'assistenza sanitaria di livello mondiale.<\/span><\/li>\n<\/ul>\n<h2><span style=\"color: #000000;\"><strong>FAQ - Domande frequenti<\/strong><\/span><\/h2>\n<p><span style=\"color: #000000;\"><strong>1. Quanto tempo occorre per ottenere un passaporto lussemburghese?<\/strong><\/span><br \/>\n<span style=\"color: #000000;\">In genere, il processo richiede <strong>3-4 mesi<\/strong>a seconda delle tempistiche di presentazione e approvazione dei documenti.<\/span><\/p>\n<p><span style=\"color: #000000;\"><strong>2. Questo servizio \u00e8 legale?<\/strong><\/span><br \/>\n<span style=\"color: #000000;\">S\u00ec, il nostro processo segue tutte le <strong>Lussemburgo e leggi dell'UE<\/strong>garantendo un percorso pienamente conforme e legale verso la cittadinanza.<\/span><\/p>\n<p><span style=\"color: #000000;\"><strong>3. Posso fare domanda per la mia famiglia?<\/strong><\/span><br \/>\n<span style=\"color: #000000;\">S\u00ec, il nostro servizio copre le applicazioni per la famiglia, permettendovi di estendere i vantaggi di <strong>Cittadinanza lussemburghese<\/strong> al coniuge e ai figli.<\/span><\/p>\n<p><span style=\"color: #000000;\"><strong>4. Di quali documenti ho bisogno?<\/strong><\/span><br \/>\n<span style=\"color: #000000;\">Dovrete fornire <strong>prova d'identit\u00e0<\/strong>, <strong>documentazione di residenza<\/strong>, e <strong>documentazione finanziaria<\/strong> per un processo di candidatura senza intoppi.<\/span><\/p>\n<h2><span style=\"color: #000000;\"><strong>Iniziate oggi il vostro viaggio verso la cittadinanza dell'UE<\/strong><\/span><\/h2>\n<p><span style=\"color: #000000;\">Fate il primo passo verso lo sblocco dei benefici di <strong>Cittadinanza lussemburghese<\/strong>. Con il nostro <strong>Acquistare il passaporto lussemburghese online<\/strong> servizio, si pu\u00f2 godere della libert\u00e0 di <strong>viaggi senza visto<\/strong>, <strong>crescita aziendale<\/strong>, e <strong>Residenza nell'UE<\/strong>. <strong>Candidarsi ora<\/strong> per proteggere il vostro <strong>Lussemburgo <a href=\"https:\/\/globaldocs.store\/it\/documenti\/passaporto-cipriota-in-vendita\/\">passaporto<\/a><\/strong> e sperimentate tutti i vantaggi di essere cittadini dell'UE!<\/span><\/p>","protected":false},"excerpt":{"rendered":"<p>Cercate un modo affidabile per acquistare un passaporto lussemburghese online? Il nostro servizio di esperti offre un processo senza soluzione di continuit\u00e0 per ottenere la cittadinanza dell'UE in modo rapido e legale. Fate domanda ora!<\/p>","protected":false},"featured_media":1974,"comment_status":"open","ping_status":"closed","template":"","meta":{"_eb_attr":"","site-sidebar-layout":"default","site-content-layout":"","ast-site-content-layout":"default","site-content-style":"default","site-sidebar-style":"default","ast-global-header-display":"","ast-banner-title-visibility":"","ast-main-header-display":"","ast-hfb-above-header-display":"","ast-hfb-below-header-display":"","ast-hfb-mobile-header-display":"","site-post-title":"","ast-breadcrumbs-content":"","ast-featured-img":"","footer-sml-layout":"","ast-disable-related-posts":"","theme-transparent-header-meta":"default","adv-header-id-meta":"","stick-header-meta":"","header-above-stick-meta":"","header-main-stick-meta":"","header-below-stick-meta":"","astra-migrate-meta-layouts":"set","ast-page-background-enabled":"default","ast-page-background-meta":{"desktop":{"background-color":"","background-image":"","background-repeat":"repeat","background-position":"center center","background-size":"auto","background-attachment":"scroll","background-type":"","background-media":"","overlay-type":"","overlay-color":"","overlay-opacity":"","overlay-gradient":""},"tablet":{"background-color":"","background-image":"","background-repeat":"repeat","background-position":"center center","background-size":"auto","background-attachment":"scroll","background-type":"","background-media":"","overlay-type":"","overlay-color":"","overlay-opacity":"","overlay-gradient":""},"mobile":{"background-color":"","background-image":"","background-repeat":"repeat","background-position":"center center","background-size":"auto","background-attachment":"scroll","background-type":"","background-media":"","overlay-type":"","overlay-color":"","overlay-opacity":"","overlay-gradient":""}},"ast-content-background-meta":{"desktop":{"background-color":"var(--ast-global-color-5)","background-image":"","background-repeat":"repeat","background-position":"center center","background-size":"auto","background-attachment":"scroll","background-type":"","background-media":"","overlay-type":"","overlay-color":"","overlay-opacity":"","overlay-gradient":""},"tablet":{"background-color":"var(--ast-global-color-5)","background-image":"","background-repeat":"repeat","background-position":"center center","background-size":"auto","background-attachment":"scroll","background-type":"","background-media":"","overlay-type":"","overlay-color":"","overlay-opacity":"","overlay-gradient":""},"mobile":{"background-color":"var(--ast-global-color-5)","background-image":"","background-repeat":"repeat","background-position":"center center","background-size":"auto","background-attachment":"scroll","background-type":"","background-media":"","overlay-type":"","overlay-color":"","overlay-opacity":"","overlay-gradient":""}}},"product_brand":[],"product_cat":[52,17,54],"product_tag":[],"class_list":{"0":"post-1973","1":"product","2":"type-product","3":"status-publish","4":"has-post-thumbnail","6":"product_cat-passport-services","7":"product_cat-globaldocs","8":"product_cat-new-passport-applications","9":"desktop-align-left","10":"tablet-align-left","11":"mobile-align-left","13":"first","14":"instock","15":"shipping-taxable","16":"product-type-external"},"_links":{"self":[{"href":"https:\/\/globaldocs.store\/it\/wp-json\/wp\/v2\/product\/1973","targetHints":{"allow":["GET"]}}],"collection":[{"href":"https:\/\/globaldocs.store\/it\/wp-json\/wp\/v2\/product"}],"about":[{"href":"https:\/\/globaldocs.store\/it\/wp-json\/wp\/v2\/types\/product"}],"replies":[{"embeddable":true,"href":"https:\/\/globaldocs.store\/it\/wp-json\/wp\/v2\/comments?post=1973"}],"version-history":[{"count":1,"href":"https:\/\/globaldocs.store\/it\/wp-json\/wp\/v2\/product\/1973\/revisions"}],"predecessor-version":[{"id":1975,"href":"https:\/\/globaldocs.store\/it\/wp-json\/wp\/v2\/product\/1973\/revisions\/1975"}],"wp:featuredmedia":[{"embeddable":true,"href":"https:\/\/globaldocs.store\/it\/wp-json\/wp\/v2\/media\/1974"}],"wp:attachment":[{"href":"https:\/\/globaldocs.store\/it\/wp-json\/wp\/v2\/media?parent=1973"}],"wp:term":[{"taxonomy":"product_brand","embeddable":true,"href":"https:\/\/globaldocs.store\/it\/wp-json\/wp\/v2\/product_brand?post=1973"},{"taxonomy":"product_cat","embeddable":true,"href":"https:\/\/globaldocs.store\/it\/wp-json\/wp\/v2\/product_cat?post=1973"},{"taxonomy":"product_tag","embeddable":true,"href":"https:\/\/globaldocs.store\/it\/wp-json\/wp\/v2\/product_tag?post=1973"}],"curies":[{"name":"wp","href":"https:\/\/api.w.org\/{rel}","templated":true}]}}