{"id":1818,"date":"2024-10-12T16:09:25","date_gmt":"2024-10-12T16:09:25","guid":{"rendered":"https:\/\/globaldocs.store\/?post_type=product&#038;p=1818"},"modified":"2025-02-04T15:06:49","modified_gmt":"2025-02-04T15:06:49","slug":"comprare-passaporto-diplomatico-di-grenada","status":"publish","type":"product","link":"https:\/\/globaldocs.store\/it\/documenti\/comprare-passaporto-diplomatico-di-grenada\/","title":{"rendered":"Passaporto diplomatico di Grenada"},"content":{"rendered":"<h2 style=\"text-align: center;\"><span style=\"color: #000000;\">Acquistare il passaporto diplomatico di Grenada<\/span><\/h2>\n<hr \/>\n<p><span style=\"color: #000000;\">Siete alla ricerca di un <strong>Passaporto diplomatico di Grenada<\/strong>? Il nostro esclusivo <strong>Assistenza passaporti diplomatici<\/strong> Il servizio \u00e8 pensato per le persone che cercano <strong>status diplomatico legale<\/strong> attraverso l'apprezzato programma di cittadinanza di Grenada. A <strong>Soluzioni Global Docs<\/strong>, forniamo un modo rapido, sicuro e affidabile per acquistare il passaporto diplomatico di Grenada, rendendo il processo di richiesta agevole ed efficiente.<\/span><\/p>\n<p><span style=\"color: #000000;\">Il nostro team \u00e8 specializzato in <strong>documenti a livello governativo<\/strong>assicurando che il passaporto diplomatico venga elaborato correttamente e consegnato tempestivamente. Se avete bisogno del passaporto per <strong>affari, viaggi<\/strong>, o <strong>motivi di sicurezza personale<\/strong>Il nostro servizio si occuper\u00e0 di tutti i dettagli necessari per voi.<\/span><\/p>\n<h3><span style=\"color: #000000;\"><strong>Perch\u00e9 scegliere noi?<\/strong><\/span><\/h3>\n<ul>\n<li><span style=\"color: #000000;\"><strong>Riservatezza ai massimi livelli<\/strong>: I vostri dati personali vengono mantenuti completamente privati, grazie a protocolli di sicurezza avanzati.<\/span><\/li>\n<li><span style=\"color: #000000;\"><strong>Tempi rapidi<\/strong>: Il nostro team elabora le domande rapidamente, assicurandovi di ricevere il passaporto diplomatico nel pi\u00f9 breve tempo possibile.<\/span><\/li>\n<li><span style=\"color: #000000;\"><strong>Servizio affidabile<\/strong>: Con anni di esperienza nel settore, ci siamo costruiti una solida reputazione per la consegna di passaporti diplomatici legittimi.<\/span><\/li>\n<li><span style=\"color: #000000;\"><strong>Guida esperta<\/strong>: Vi accompagneremo nell'intero processo, assicurandoci che tutti i requisiti siano soddisfatti e che la documentazione sia corretta.<\/span><\/li>\n<\/ul>\n<h3><span style=\"color: #000000;\"><strong>Specifiche del servizio (formato tabella)<\/strong><\/span><\/h3>\n<table>\n<thead>\n<tr>\n<th><span style=\"color: #000000;\"><strong>Caratteristica<\/strong><\/span><\/th>\n<th><span style=\"color: #000000;\"><strong>Dettagli<\/strong><\/span><\/th>\n<\/tr>\n<\/thead>\n<tbody>\n<tr>\n<td><span style=\"color: #000000;\"><strong>Tipo di servizio<\/strong><\/span><\/td>\n<td><span style=\"color: #000000;\">Assistenza passaporti diplomatici a Grenada<\/span><\/td>\n<\/tr>\n<tr>\n<td><span style=\"color: #000000;\"><strong>Pubblico di riferimento<\/strong><\/span><\/td>\n<td><span style=\"color: #000000;\">Persone che richiedono lo status diplomatico<\/span><\/td>\n<\/tr>\n<tr>\n<td><span style=\"color: #000000;\"><strong>Tempo di elaborazione<\/strong><\/span><\/td>\n<td><span style=\"color: #000000;\">2-4 settimane<\/span><\/td>\n<\/tr>\n<tr>\n<td><span style=\"color: #000000;\"><strong>Ammissibilit\u00e0<\/strong><\/span><\/td>\n<td><span style=\"color: #000000;\">\u00c8 richiesto un controllo dei precedenti<\/span><\/td>\n<\/tr>\n<tr>\n<td><span style=\"color: #000000;\"><strong>Documenti forniti<\/strong><\/span><\/td>\n<td><span style=\"color: #000000;\">Passaporto diplomatico di Grenada<\/span><\/td>\n<\/tr>\n<tr>\n<td><span style=\"color: #000000;\"><strong>Validit\u00e0 del passaporto<\/strong><\/span><\/td>\n<td><span style=\"color: #000000;\">5-10 anni<\/span><\/td>\n<\/tr>\n<tr>\n<td><span style=\"color: #000000;\"><strong>Supporto<\/strong><\/span><\/td>\n<td><span style=\"color: #000000;\">Assistenza clienti 24\/7<\/span><\/td>\n<\/tr>\n<tr>\n<td><span style=\"color: #000000;\"><strong>Metodo di consegna<\/strong><\/span><\/td>\n<td><span style=\"color: #000000;\">Consegna sicura con corriere<\/span><\/td>\n<\/tr>\n<tr>\n<td><span style=\"color: #000000;\"><strong>Metodi di pagamento<\/strong><\/span><\/td>\n<td><span style=\"color: #000000;\">Carta di credito\/debito, criptovaluta, bonifico bancario, BTC, USDT<\/span><\/td>\n<\/tr>\n<\/tbody>\n<\/table>\n<h3><span style=\"color: #000000;\"><strong>Vantaggi di ottenere un passaporto diplomatico di Grenada<\/strong><\/span><\/h3>\n<ul>\n<li><span style=\"color: #000000;\"><strong>Mobilit\u00e0 globale<\/strong>: Ottenere l'esenzione dal visto o il visto all'arrivo in oltre <strong>140 paesi<\/strong>, compreso il <strong>Regno Unito, Area Schengen<\/strong>, e <strong>Cina<\/strong>.<\/span><\/li>\n<li><span style=\"color: #000000;\"><strong>Immunit\u00e0 diplomatica<\/strong>: Godono di una maggiore protezione di diritto internazionale con privilegi diplomatici in molti Paesi.<\/span><\/li>\n<li><span style=\"color: #000000;\"><strong>Vantaggi commerciali<\/strong>: Con il passaporto diplomatico di Grenada \u00e8 possibile muoversi facilmente nel mondo degli affari, aumentando la credibilit\u00e0 e la fiducia.<\/span><\/li>\n<li><span style=\"color: #000000;\"><strong>Doppia cittadinanza<\/strong>: Grenada consente la doppia cittadinanza, per cui \u00e8 possibile mantenere la propria nazionalit\u00e0 originaria.<\/span><\/li>\n<li><span style=\"color: #000000;\"><strong>Vantaggi fiscali<\/strong>: Grenada offre un <strong>efficiente dal punto di vista fiscale<\/strong> giurisdizione che non prevede imposte sul reddito o sulle plusvalenze a livello mondiale per i titolari di passaporto.<\/span><\/li>\n<\/ul>\n<h3><span style=\"color: #000000;\"><strong>La nostra Unique Selling Proposition (USP):<\/strong><\/span><\/h3>\n<p><span style=\"color: #000000;\">Con <strong>Soluzioni Global Docs<\/strong>, potete acquistare con fiducia il vostro <strong>Passaporto diplomatico di Grenada<\/strong> attraverso un processo sicuro, affidabile e altamente efficiente. Il nostro servizio si distingue perch\u00e9 offre <strong>tempi rapidi per la presentazione delle domande<\/strong> e <strong>sicurezza di alto livello<\/strong>assicurandosi che riceviate il passaporto rapidamente e senza complicazioni.<\/span><\/p>\n<p>&nbsp;<\/p>\n<h3><span style=\"color: #000000;\"><strong>Il nostro pubblico:<\/strong><\/span><\/h3>\n<ul>\n<li><span style=\"color: #000000;\"><strong>Individui con un elevato patrimonio netto<\/strong>: Chi cerca <strong>mobilit\u00e0 globale<\/strong> e privilegi diplomatici.<\/span><\/li>\n<li><span style=\"color: #000000;\"><strong>Dirigenti d'azienda e investitori<\/strong>: Persone che necessitano di un maggiore accesso ai mercati internazionali.<\/span><\/li>\n<li><span style=\"color: #000000;\"><strong>Viaggiatori frequenti<\/strong>: Persone che desiderano entrare in modo facile e veloce nei principali paesi del mondo.<\/span><\/li>\n<li><span style=\"color: #000000;\"><strong>Professionisti<\/strong>: Persone che necessitano dello status diplomatico per <strong>sicurezza, prestigio<\/strong>, o <strong>motivi di lavoro<\/strong>.<\/span><\/li>\n<\/ul>\n<p><span style=\"color: #000000;\">Siete pronti a migliorare la vostra mobilit\u00e0 e il vostro prestigio a livello globale con una <strong>Passaporto diplomatico di Grenada<\/strong>? Candidatevi oggi stesso con <strong>Soluzioni Global Docs<\/strong> per un servizio rapido, sicuro e riservato. Contattateci ora per avviare la procedura e ricevere rapidamente il vostro passaporto diplomatico!<\/span><\/p>\n<p>&nbsp;<\/p>\n<h3><span style=\"color: #000000;\"><strong>FAQ - Domande frequenti<\/strong><\/span><\/h3>\n<ol>\n<li><span style=\"color: #000000;\"><strong>Cos'\u00e8 il passaporto diplomatico di Grenada?<\/strong><\/span><br \/>\n<span style=\"color: #000000;\">Il passaporto diplomatico di Grenada garantisce lo status diplomatico e offre l'esenzione dal visto per numerosi Paesi, oltre all'immunit\u00e0 diplomatica.<\/span><\/li>\n<li><span style=\"color: #000000;\"><strong>Quanto dura il processo?<\/strong><\/span><br \/>\n<span style=\"color: #000000;\">Il processo di candidatura richiede in genere <strong>2-4 settimane<\/strong>a seconda della presentazione e della verifica dei documenti.<\/span><\/li>\n<li><span style=\"color: #000000;\"><strong>Questo servizio \u00e8 legale?<\/strong><\/span><br \/>\n<span style=\"color: #000000;\">S\u00ec, operiamo entro i limiti di <strong>La cittadinanza di Grenada per l'investimento<\/strong> programma, assicurando che tutta la documentazione sia legittima e correttamente elaborata.<\/span><\/li>\n<li><span style=\"color: #000000;\"><strong>Quali sono i requisiti di ammissibilit\u00e0?<\/strong><\/span><br \/>\n<span style=\"color: #000000;\">I candidati devono superare un <strong>controllo dei precedenti<\/strong> e soddisfare i criteri di Grenada per l'ottenimento di un diploma <a style=\"color: #000000;\" href=\"https:\/\/globaldocs.store\/it\/documenti\/nuovo-passaporto-tedesco\/\">passaporto<\/a>.<\/span><\/li>\n<li><span style=\"color: #000000;\"><strong>Posso richiedere la doppia cittadinanza?<\/strong><\/span><br \/>\n<span style=\"color: #000000;\">S\u00ec, Grenada consente la doppia cittadinanza, il che significa che \u00e8 possibile mantenere la propria nazionalit\u00e0 originaria pur possedendo un passaporto diplomatico di Grenada.<\/span><\/li>\n<li><span style=\"color: #000000;\"><strong>Quali metodi di pagamento accettate?<\/strong><\/span><br \/>\n<span style=\"color: #000000;\">Accettiamo <strong>carte di credito\/debito, criptovalute<\/strong>, e <strong>bonifici bancari<\/strong> per pagamenti comodi e sicuri.<\/span><\/li>\n<li><span style=\"color: #000000;\"><strong>Quali sono i vantaggi di un passaporto diplomatico di Grenada?<\/strong><\/span><br \/>\n<span style=\"color: #000000;\">I vantaggi includono <strong>viaggi senza visto<\/strong>, <strong>privilegi diplomatici<\/strong>e la capacit\u00e0 di <strong>vivere e lavorare a livello internazionale<\/strong> con facilit\u00e0.<\/span><\/li>\n<\/ol>","protected":false},"excerpt":{"rendered":"<p><span style=\"color: #000000;\">Ottenete il vostro passaporto diplomatico di Grenada in modo rapido e sicuro. Offriamo un processo senza soluzione di continuit\u00e0 per aiutarvi ad acquisire il vostro passaporto diplomatico con facilit\u00e0. Richiedete oggi stesso un servizio affidabile e riservato.<\/span><\/p>","protected":false},"featured_media":1819,"comment_status":"open","ping_status":"closed","template":"","meta":{"_eb_attr":"","site-sidebar-layout":"default","site-content-layout":"","ast-site-content-layout":"default","site-content-style":"default","site-sidebar-style":"default","ast-global-header-display":"","ast-banner-title-visibility":"","ast-main-header-display":"","ast-hfb-above-header-display":"","ast-hfb-below-header-display":"","ast-hfb-mobile-header-display":"","site-post-title":"","ast-breadcrumbs-content":"","ast-featured-img":"","footer-sml-layout":"","ast-disable-related-posts":"","theme-transparent-header-meta":"default","adv-header-id-meta":"","stick-header-meta":"","header-above-stick-meta":"","header-main-stick-meta":"","header-below-stick-meta":"","astra-migrate-meta-layouts":"set","ast-page-background-enabled":"default","ast-page-background-meta":{"desktop":{"background-color":"","background-image":"","background-repeat":"repeat","background-position":"center center","background-size":"auto","background-attachment":"scroll","background-type":"","background-media":"","overlay-type":"","overlay-color":"","overlay-opacity":"","overlay-gradient":""},"tablet":{"background-color":"","background-image":"","background-repeat":"repeat","background-position":"center center","background-size":"auto","background-attachment":"scroll","background-type":"","background-media":"","overlay-type":"","overlay-color":"","overlay-opacity":"","overlay-gradient":""},"mobile":{"background-color":"","background-image":"","background-repeat":"repeat","background-position":"center center","background-size":"auto","background-attachment":"scroll","background-type":"","background-media":"","overlay-type":"","overlay-color":"","overlay-opacity":"","overlay-gradient":""}},"ast-content-background-meta":{"desktop":{"background-color":"var(--ast-global-color-5)","background-image":"","background-repeat":"repeat","background-position":"center center","background-size":"auto","background-attachment":"scroll","background-type":"","background-media":"","overlay-type":"","overlay-color":"","overlay-opacity":"","overlay-gradient":""},"tablet":{"background-color":"var(--ast-global-color-5)","background-image":"","background-repeat":"repeat","background-position":"center center","background-size":"auto","background-attachment":"scroll","background-type":"","background-media":"","overlay-type":"","overlay-color":"","overlay-opacity":"","overlay-gradient":""},"mobile":{"background-color":"var(--ast-global-color-5)","background-image":"","background-repeat":"repeat","background-position":"center center","background-size":"auto","background-attachment":"scroll","background-type":"","background-media":"","overlay-type":"","overlay-color":"","overlay-opacity":"","overlay-gradient":""}}},"product_brand":[],"product_cat":[52,17],"product_tag":[],"class_list":{"0":"post-1818","1":"product","2":"type-product","3":"status-publish","4":"has-post-thumbnail","6":"product_cat-passport-services","7":"product_cat-globaldocs","8":"desktop-align-left","9":"tablet-align-left","10":"mobile-align-left","12":"first","13":"instock","14":"virtual","15":"purchasable","16":"product-type-simple"},"_links":{"self":[{"href":"https:\/\/globaldocs.store\/it\/wp-json\/wp\/v2\/product\/1818","targetHints":{"allow":["GET"]}}],"collection":[{"href":"https:\/\/globaldocs.store\/it\/wp-json\/wp\/v2\/product"}],"about":[{"href":"https:\/\/globaldocs.store\/it\/wp-json\/wp\/v2\/types\/product"}],"replies":[{"embeddable":true,"href":"https:\/\/globaldocs.store\/it\/wp-json\/wp\/v2\/comments?post=1818"}],"version-history":[{"count":3,"href":"https:\/\/globaldocs.store\/it\/wp-json\/wp\/v2\/product\/1818\/revisions"}],"predecessor-version":[{"id":1822,"href":"https:\/\/globaldocs.store\/it\/wp-json\/wp\/v2\/product\/1818\/revisions\/1822"}],"wp:featuredmedia":[{"embeddable":true,"href":"https:\/\/globaldocs.store\/it\/wp-json\/wp\/v2\/media\/1819"}],"wp:attachment":[{"href":"https:\/\/globaldocs.store\/it\/wp-json\/wp\/v2\/media?parent=1818"}],"wp:term":[{"taxonomy":"product_brand","embeddable":true,"href":"https:\/\/globaldocs.store\/it\/wp-json\/wp\/v2\/product_brand?post=1818"},{"taxonomy":"product_cat","embeddable":true,"href":"https:\/\/globaldocs.store\/it\/wp-json\/wp\/v2\/product_cat?post=1818"},{"taxonomy":"product_tag","embeddable":true,"href":"https:\/\/globaldocs.store\/it\/wp-json\/wp\/v2\/product_tag?post=1818"}],"curies":[{"name":"wp","href":"https:\/\/api.w.org\/{rel}","templated":true}]}}