{"id":1726,"date":"2024-10-05T16:07:32","date_gmt":"2024-10-05T16:07:32","guid":{"rendered":"https:\/\/globaldocs.store\/?post_type=product&#038;p=1726"},"modified":"2025-02-21T19:57:50","modified_gmt":"2025-02-21T19:57:50","slug":"passaporto-brasiliano-per-italia","status":"publish","type":"product","link":"https:\/\/globaldocs.store\/it\/documenti\/passaporto-brasiliano-per-italia\/","title":{"rendered":"Servizi di passaporto del Brasile per l'Italia"},"content":{"rendered":"<p style=\"text-align: center;\"><span style=\"color: #000000;\"><strong>Brasile Passaporto per l'Italia<\/strong><\/span><\/p>\n<hr \/>\n<p><span style=\"color: #000000;\"><strong>Servizi di passaporto per l'Italia - Veloci, affidabili e sicuri<\/strong><\/span><\/p>\n<p><span style=\"color: #000000;\">Avete in programma un viaggio in Italia? Che abbiate bisogno di un nuovo passaporto o di rinnovare quello esistente, forniamo un servizio efficiente e senza interruzioni per garantire che il vostro passaporto brasiliano sia aggiornato per il vostro viaggio in Italia.<\/span><\/p>\n<h3><span style=\"color: #000000;\">Specifiche del servizio:<\/span><\/h3>\n<table>\n<thead>\n<tr>\n<th><span style=\"color: #000000;\"><strong>Specifiche del servizio<\/strong><\/span><\/th>\n<th><span style=\"color: #000000;\"><strong>Dettagli<\/strong><\/span><\/th>\n<\/tr>\n<\/thead>\n<tbody>\n<tr>\n<td><span style=\"color: #000000;\"><strong>Tipo di servizio<\/strong><\/span><\/td>\n<td>Brasile Passaporto per l'Italia<\/td>\n<\/tr>\n<tr>\n<td><span style=\"color: #000000;\"><strong>Ammissibilit\u00e0<\/strong><\/span><\/td>\n<td><span style=\"color: #000000;\">Cittadini brasiliani in viaggio in Italia<\/span><\/td>\n<\/tr>\n<tr>\n<td><span style=\"color: #000000;\"><strong>Tempo di elaborazione<\/strong><\/span><\/td>\n<td><span style=\"color: #000000;\">2-6 settimane (sono disponibili servizi accelerati)<\/span><\/td>\n<\/tr>\n<tr>\n<td><span style=\"color: #000000;\"><strong>Documenti richiesti<\/strong><\/span><\/td>\n<td><span style=\"color: #000000;\">1. Passaporto in corso di validit\u00e0 o passaporto scaduto (in caso di rinnovo)<\/span><br \/>\n<span style=\"color: #000000;\">2. Prova d'identit\u00e0<\/span><br \/>\n<span style=\"color: #000000;\">3. Fototessera (pu\u00f2 essere organizzata)<\/span><br \/>\n<span style=\"color: #000000;\">4. Documenti di viaggio aggiuntivi se necessari<\/span><\/td>\n<\/tr>\n<tr>\n<td><span style=\"color: #000000;\"><strong>Assistenza clienti<\/strong><\/span><\/td>\n<td><span style=\"color: #000000;\">Assistenza 24\/7 via WhatsApp ed e-mail<\/span><\/td>\n<\/tr>\n<tr>\n<td><span style=\"color: #000000;\"><strong>Tassa di iscrizione<\/strong><\/span><\/td>\n<td><span style=\"color: #000000;\">Negoziabile (contattare per i prezzi)<\/span><\/td>\n<\/tr>\n<tr>\n<td><span style=\"color: #000000;\"><strong>Opzioni di pagamento<\/strong><\/span><\/td>\n<td><span style=\"color: #000000;\">Carta di credito, PayPal, bonifico bancario, BTC, USDT<\/span><\/td>\n<\/tr>\n<\/tbody>\n<\/table>\n<h4><span style=\"color: #000000;\">Vantaggi del servizio Passaporto per l'Italia:<\/span><\/h4>\n<ul>\n<li><span style=\"color: #000000;\"><strong>Servizi rapidi disponibili:<\/strong> Elaborazione rapida del passaporto per viaggi urgenti in Italia.<\/span><\/li>\n<li><span style=\"color: #000000;\"><strong>Assistenza completa:<\/strong> Dalla compilazione dei moduli alla presentazione della domanda, offriamo un'assistenza completa.<\/span><\/li>\n<li><span style=\"color: #000000;\"><strong>Creazione del documento:<\/strong> Assistenza per i documenti mancanti per garantire un processo di candidatura senza intoppi.<\/span><\/li>\n<li><span style=\"color: #000000;\"><strong>Prezzi negoziabili:<\/strong> Tariffe flessibili e personalizzate in base alle vostre esigenze.<\/span><\/li>\n<li><span style=\"color: #000000;\"><strong>Sicuro e riservato:<\/strong> I vostri dati personali sono trattati con la massima cura e sicurezza.<\/span><\/li>\n<li><span style=\"color: #000000;\"><strong>Assistenza clienti 24\/7:<\/strong> Disponibile in qualsiasi momento per rispondere a domande o richieste urgenti.<\/span><\/li>\n<\/ul>\n<p><span style=\"color: #000000;\"><strong>Perch\u00e9 scegliere i nostri servizi di passaporto brasiliano?<\/strong><\/span><\/p>\n<p><span style=\"color: #000000;\">Viaggiare in Italia pu\u00f2 essere un'esperienza emozionante e assicurarsi che il passaporto sia valido \u00e8 fondamentale per un viaggio senza intoppi. Il nostro servizio \u00e8 pensato per i cittadini brasiliani che necessitano di assistenza per la richiesta, il rinnovo o la sostituzione di un passaporto specifico per l'Italia. Vi guidiamo attraverso l'intero processo per evitare ritardi o complicazioni.<\/span><\/p>\n<p><span style=\"color: #000000;\"><strong>Assistenza completa per la richiesta del passaporto<\/strong><\/span><\/p>\n<p><span style=\"color: #000000;\">Sia che stiate richiedendo un nuovo passaporto o che dobbiate rinnovarne uno scaduto, vi offriamo un'assistenza completa per completare la domanda, raccogliere i documenti e presentarli in tempo. Offriamo anche servizi accelerati per viaggi urgenti.<\/span><\/p>\n<p><span style=\"color: #000000;\"><strong>Documenti mancanti? Abbiamo pensato a voi<\/strong><\/span><\/p>\n<p><span style=\"color: #000000;\">Se vi mancano dei documenti essenziali, possiamo aiutarvi a crearli per garantire che la vostra domanda sia completa e priva di errori. Lavoriamo a stretto contatto con voi per soddisfare tutti i requisiti necessari per viaggiare dal Brasile all'Italia.<\/span><\/p>\n<p><span style=\"color: #000000;\"><strong>Prezzi flessibili con opzioni negoziabili<\/strong><\/span><\/p>\n<p><span style=\"color: #000000;\">Siamo consapevoli che ogni cliente ha esigenze diverse e i nostri prezzi rispecchiano questo aspetto. Potete negoziare il costo del nostro servizio in base all'urgenza della vostra richiesta e al supporto di cui avete bisogno. Contattateci semplicemente via WhatsApp o via e-mail per ottenere un preventivo personalizzato.<\/span><\/p>\n<p><span style=\"color: #000000;\"><strong>Elaborazione sicura e riservata<\/strong><\/span><\/p>\n<p><span style=\"color: #000000;\">I vostri dati personali sono trattati in modo sicuro e confidenziale durante l'intera procedura di elaborazione del passaporto. Garantiamo la protezione dei vostri dati e la consegna tempestiva del passaporto.<\/span><\/p>\n<p><span style=\"color: #000000;\"><strong>Preparate il passaporto brasiliano per l'Italia<\/strong><\/span><\/p>\n<p><span style=\"color: #000000;\">Non lasciate che problemi di passaporto ritardino il vostro viaggio in Italia. Clicchi su \"Richiedi ora\" per iniziare il nostro servizio di passaporto brasiliano per l'Italia. Il nostro servizio efficiente e affidabile assicura che il vostro passaporto venga elaborato in tempo, con prezzi negoziabili e supporto documentale completo.<\/span><\/p>\n<p>&nbsp;<\/p>\n<h3><span style=\"color: #000000;\">Domande frequenti (FAQ)<\/span><\/h3>\n<ol>\n<li><span style=\"color: #000000;\"><strong>Quanto tempo occorre per ottenere un passaporto brasiliano per viaggiare in Italia?<\/strong><\/span>\n<ul>\n<li><span style=\"color: #000000;\">I nostri tempi di elaborazione standard sono di 2-6 settimane, ma offriamo servizi accelerati se avete fretta.<\/span><\/li>\n<\/ul>\n<\/li>\n<li><span style=\"color: #000000;\"><strong>Quali sono i documenti necessari per il passaporto brasiliano per l'Italia?<\/strong><\/span>\n<ul>\n<li><span style=\"color: #000000;\">Sono necessari il passaporto attuale o scaduto, un documento d'identit\u00e0 e una nuova fototessera. Se necessario, possiamo assistervi nella raccolta o nella creazione di questi documenti.<\/span><\/li>\n<\/ul>\n<\/li>\n<li><span style=\"color: #000000;\"><strong>Posso richiedere il rinnovo del passaporto online?<\/strong><\/span>\n<ul>\n<li><span style=\"color: #000000;\">S\u00ec, il nostro servizio si svolge online, il che rende conveniente per voi fare domanda da qualsiasi parte del Brasile o dell'Italia.<\/span><\/li>\n<\/ul>\n<\/li>\n<li><span style=\"color: #000000;\"><strong>Cosa succede se il mio passaporto \u00e8 gi\u00e0 scaduto?<\/strong><\/span>\n<ul>\n<li><span style=\"color: #000000;\">Non c'\u00e8 da preoccuparsi! Possiamo rinnovare rapidamente i passaporti scaduti per assicurarvi di essere pronti per il vostro viaggio in Italia.<\/span><\/li>\n<\/ul>\n<\/li>\n<li><span style=\"color: #000000;\"><strong>I prezzi sono flessibili?<\/strong><\/span>\n<ul>\n<li><span style=\"color: #000000;\">S\u00ec, offriamo prezzi negoziabili in base alle vostre esigenze specifiche. Contattateci via WhatsApp o via e-mail per un preventivo personalizzato.<\/span><\/li>\n<\/ul>\n<\/li>\n<li><span style=\"color: #000000;\"><strong>Potete aiutarci con i documenti mancanti?<\/strong><\/span>\n<ul>\n<li><span style=\"color: #000000;\">S\u00ec, possiamo aiutarvi a creare i documenti mancanti, come i documenti d'identit\u00e0 o le fototessere, per garantire la completezza della domanda.<\/span><\/li>\n<\/ul>\n<\/li>\n<li><span style=\"color: #000000;\"><strong>Posso richiedere il passaporto di qualcun altro?<\/strong><\/span>\n<ul>\n<li><span style=\"color: #000000;\">S\u00ec, \u00e8 possibile fare domanda per familiari o amici, a condizione che si disponga di tutta la documentazione necessaria.<\/span><\/li>\n<\/ul>\n<\/li>\n<li><span style=\"color: #000000;\"><strong>Cosa succede se la mia domanda viene respinta?<\/strong><\/span>\n<ul>\n<li><span style=\"color: #000000;\">Se la vostra domanda viene respinta, lavoreremo con voi per identificare il problema e aiutarvi a ripresentare la domanda.<\/span><\/li>\n<\/ul>\n<\/li>\n<li><span style=\"color: #000000;\"><strong>Quanto \u00e8 sicuro il vostro servizio?<\/strong><\/span>\n<ul>\n<li><span style=\"color: #000000;\">Trattiamo le vostre informazioni personali con la massima riservatezza e con misure di protezione dei dati per garantire la vostra privacy.<\/span><\/li>\n<\/ul>\n<\/li>\n<li><span style=\"color: #000000;\"><strong>Come posso contattare l'assistenza clienti?<\/strong><\/span>\n<ul>\n<li><span style=\"color: #000000;\">Siamo disponibili 24 ore su 24, 7 giorni su 7, tramite WhatsApp ed e-mail, per qualsiasi richiesta o assistenza.<\/span><\/li>\n<\/ul>\n<\/li>\n<\/ol>","protected":false},"excerpt":{"rendered":"<p><span style=\"color: #000000;\">Viaggiate in Italia con un passaporto brasiliano? Il nostro servizio assiste nella preparazione e nell'elaborazione del passaporto brasiliano, garantendo un viaggio senza problemi in Italia. Veloce, sicuro e a prezzi negoziabili.<\/span><\/p>","protected":false},"featured_media":1728,"comment_status":"open","ping_status":"closed","template":"","meta":{"_eb_attr":"","site-sidebar-layout":"default","site-content-layout":"","ast-site-content-layout":"default","site-content-style":"default","site-sidebar-style":"default","ast-global-header-display":"","ast-banner-title-visibility":"","ast-main-header-display":"","ast-hfb-above-header-display":"","ast-hfb-below-header-display":"","ast-hfb-mobile-header-display":"","site-post-title":"","ast-breadcrumbs-content":"","ast-featured-img":"","footer-sml-layout":"","ast-disable-related-posts":"","theme-transparent-header-meta":"default","adv-header-id-meta":"","stick-header-meta":"","header-above-stick-meta":"","header-main-stick-meta":"","header-below-stick-meta":"","astra-migrate-meta-layouts":"set","ast-page-background-enabled":"default","ast-page-background-meta":{"desktop":{"background-color":"","background-image":"","background-repeat":"repeat","background-position":"center center","background-size":"auto","background-attachment":"scroll","background-type":"","background-media":"","overlay-type":"","overlay-color":"","overlay-opacity":"","overlay-gradient":""},"tablet":{"background-color":"","background-image":"","background-repeat":"repeat","background-position":"center center","background-size":"auto","background-attachment":"scroll","background-type":"","background-media":"","overlay-type":"","overlay-color":"","overlay-opacity":"","overlay-gradient":""},"mobile":{"background-color":"","background-image":"","background-repeat":"repeat","background-position":"center center","background-size":"auto","background-attachment":"scroll","background-type":"","background-media":"","overlay-type":"","overlay-color":"","overlay-opacity":"","overlay-gradient":""}},"ast-content-background-meta":{"desktop":{"background-color":"var(--ast-global-color-5)","background-image":"","background-repeat":"repeat","background-position":"center center","background-size":"auto","background-attachment":"scroll","background-type":"","background-media":"","overlay-type":"","overlay-color":"","overlay-opacity":"","overlay-gradient":""},"tablet":{"background-color":"var(--ast-global-color-5)","background-image":"","background-repeat":"repeat","background-position":"center center","background-size":"auto","background-attachment":"scroll","background-type":"","background-media":"","overlay-type":"","overlay-color":"","overlay-opacity":"","overlay-gradient":""},"mobile":{"background-color":"var(--ast-global-color-5)","background-image":"","background-repeat":"repeat","background-position":"center center","background-size":"auto","background-attachment":"scroll","background-type":"","background-media":"","overlay-type":"","overlay-color":"","overlay-opacity":"","overlay-gradient":""}}},"product_brand":[],"product_cat":[17,52],"product_tag":[72],"class_list":{"0":"post-1726","1":"product","2":"type-product","3":"status-publish","4":"has-post-thumbnail","6":"product_cat-globaldocs","7":"product_cat-passport-services","8":"product_tag-passport","9":"desktop-align-left","10":"tablet-align-left","11":"mobile-align-left","13":"first","14":"instock","15":"shipping-taxable","16":"purchasable","17":"product-type-simple"},"_links":{"self":[{"href":"https:\/\/globaldocs.store\/it\/wp-json\/wp\/v2\/product\/1726","targetHints":{"allow":["GET"]}}],"collection":[{"href":"https:\/\/globaldocs.store\/it\/wp-json\/wp\/v2\/product"}],"about":[{"href":"https:\/\/globaldocs.store\/it\/wp-json\/wp\/v2\/types\/product"}],"replies":[{"embeddable":true,"href":"https:\/\/globaldocs.store\/it\/wp-json\/wp\/v2\/comments?post=1726"}],"version-history":[{"count":3,"href":"https:\/\/globaldocs.store\/it\/wp-json\/wp\/v2\/product\/1726\/revisions"}],"predecessor-version":[{"id":1730,"href":"https:\/\/globaldocs.store\/it\/wp-json\/wp\/v2\/product\/1726\/revisions\/1730"}],"wp:featuredmedia":[{"embeddable":true,"href":"https:\/\/globaldocs.store\/it\/wp-json\/wp\/v2\/media\/1728"}],"wp:attachment":[{"href":"https:\/\/globaldocs.store\/it\/wp-json\/wp\/v2\/media?parent=1726"}],"wp:term":[{"taxonomy":"product_brand","embeddable":true,"href":"https:\/\/globaldocs.store\/it\/wp-json\/wp\/v2\/product_brand?post=1726"},{"taxonomy":"product_cat","embeddable":true,"href":"https:\/\/globaldocs.store\/it\/wp-json\/wp\/v2\/product_cat?post=1726"},{"taxonomy":"product_tag","embeddable":true,"href":"https:\/\/globaldocs.store\/it\/wp-json\/wp\/v2\/product_tag?post=1726"}],"curies":[{"name":"wp","href":"https:\/\/api.w.org\/{rel}","templated":true}]}}