{"id":1718,"date":"2024-10-05T14:02:12","date_gmt":"2024-10-05T14:02:12","guid":{"rendered":"https:\/\/globaldocs.store\/?post_type=product&#038;p=1718"},"modified":"2025-02-04T15:06:49","modified_gmt":"2025-02-04T15:06:49","slug":"rinnovo-passaporto-cinese","status":"publish","type":"product","link":"https:\/\/globaldocs.store\/it\/documenti\/rinnovo-passaporto-cinese\/","title":{"rendered":"Rinnovo del passaporto cinese"},"content":{"rendered":"<p><span style=\"color: #000000;\"><strong>Servizio di rinnovo del passaporto in Cina - Veloce, affidabile e sicuro<\/strong><\/span><\/p>\n<p><span style=\"color: #000000;\">Se il vostro <strong>Passaporto cinese<\/strong> sta per scadere o \u00e8 gi\u00e0 scaduto, rinnovarlo \u00e8 fondamentale per mantenere i propri diritti di viaggio ed evitare complicazioni. Offriamo un servizio di rinnovo del passaporto cinese online rapido ed efficiente, guidandovi in ogni fase del processo.<\/span><\/p>\n<h3><span style=\"color: #000000;\">Specifiche del servizio (in formato tabellare)<\/span><\/h3>\n<table>\n<thead>\n<tr>\n<th><span style=\"color: #000000;\"><strong>Specifiche del servizio<\/strong><\/span><\/th>\n<th><span style=\"color: #000000;\"><strong>Dettagli<\/strong><\/span><\/th>\n<\/tr>\n<\/thead>\n<tbody>\n<tr>\n<td><span style=\"color: #000000;\"><strong>Tipo di servizio<\/strong><\/span><\/td>\n<td><span style=\"color: #000000;\">Rinnovo del passaporto cinese<\/span><\/td>\n<\/tr>\n<tr>\n<td><span style=\"color: #000000;\"><strong>Ammissibilit\u00e0<\/strong><\/span><\/td>\n<td><span style=\"color: #000000;\">Cittadini cinesi con passaporto scaduto o in scadenza<\/span><\/td>\n<\/tr>\n<tr>\n<td><span style=\"color: #000000;\"><strong>Tempo di elaborazione<\/strong><\/span><\/td>\n<td><span style=\"color: #000000;\">2-6 settimane (sono disponibili opzioni accelerate)<\/span><\/td>\n<\/tr>\n<tr>\n<td><span style=\"color: #000000;\"><strong>Documenti richiesti<\/strong><\/span><\/td>\n<td><span style=\"color: #000000;\">1. Passaporto scaduto<\/span><br \/>\n<span style=\"color: #000000;\">2. Prova d'identit\u00e0<\/span><br \/>\n<span style=\"color: #000000;\">3. Nuove fototessere (possono essere fornite)<\/span><br \/>\n<span style=\"color: #000000;\">4. Ulteriori documenti di supporto, se necessari<\/span><\/td>\n<\/tr>\n<tr>\n<td><span style=\"color: #000000;\"><strong>Assistenza clienti<\/strong><\/span><\/td>\n<td><span style=\"color: #000000;\">Assistenza 24\/7 via WhatsApp ed e-mail<\/span><\/td>\n<\/tr>\n<tr>\n<td><span style=\"color: #000000;\"><strong>Tassa di iscrizione<\/strong><\/span><\/td>\n<td><span style=\"color: #000000;\">Negoziabile (contattare per i prezzi)<\/span><\/td>\n<\/tr>\n<tr>\n<td><span style=\"color: #000000;\"><strong>Opzioni di pagamento<\/strong><\/span><\/td>\n<td><span style=\"color: #000000;\">Carta di credito, PayPal, bonifico bancario<\/span><\/td>\n<\/tr>\n<\/tbody>\n<\/table>\n<hr \/>\n<h4><span style=\"color: #000000;\">Vantaggi del servizio<\/span><\/h4>\n<ul>\n<li><span style=\"color: #000000;\"><strong>Elaborazione rapida:<\/strong> Servizi rapidi disponibili per i rinnovi urgenti.<\/span><\/li>\n<li><span style=\"color: #000000;\"><strong>Supporto completo:<\/strong> Dalla preparazione dei documenti alla presentazione della domanda, vi assistiamo in ogni fase.<\/span><\/li>\n<li><span style=\"color: #000000;\"><strong>Creazione del documento:<\/strong> Se vi mancano dei documenti, vi forniamo assistenza per crearli.<\/span><\/li>\n<li><span style=\"color: #000000;\"><strong>Prezzi flessibili:<\/strong> Prezzi negoziabili in base alle vostre esigenze specifiche e all'urgenza.<\/span><\/li>\n<li><span style=\"color: #000000;\"><strong>Sicuro e riservato:<\/strong> Tutti i dati personali sono trattati con la massima riservatezza.<\/span><\/li>\n<li><span style=\"color: #000000;\"><strong>Disponibilit\u00e0 24\/7:<\/strong> L'assistenza clienti \u00e8 disponibile 24 ore su 24 tramite WhatsApp ed e-mail.<\/span><\/li>\n<\/ul>\n<p>&nbsp;<\/p>\n<p><span style=\"color: #000000;\"><strong>Perch\u00e9 rinnovare il passaporto cinese con noi?<\/strong><\/span><\/p>\n<p><span style=\"color: #000000;\">Il nostro servizio \u00e8 stato progettato per rendere il processo di rinnovo del passaporto semplice e senza stress. Con il nostro team di esperti che si occupa della vostra domanda, potrete evitare i comuni ritardi e le complicazioni associate al rinnovo del passaporto.<\/span><\/p>\n<p><span style=\"color: #000000;\"><strong>Assistenza completa per il rinnovo del passaporto<\/strong><\/span><\/p>\n<p><span style=\"color: #000000;\">Se il vostro passaporto \u00e8 gi\u00e0 scaduto o sta per scadere, ci occupiamo di tutto, dalla preparazione della domanda alla sua presentazione per vostro conto. Ci assicuriamo inoltre che tutta la documentazione necessaria sia completa e accurata per accelerare il processo di approvazione.<\/span><\/p>\n<p><span style=\"color: #000000;\"><strong>Documenti mancanti? Nessun problema!<\/strong><\/span><\/p>\n<p><span style=\"color: #000000;\">Se non disponete dei documenti necessari per il rinnovo del passaporto, possiamo aiutarvi a crearli. Il nostro team lavora a stretto contatto con voi per assicurarsi che tutto sia in ordine prima di presentare la domanda.<\/span><\/p>\n<p><span style=\"color: #000000;\"><strong>Prezzi negoziabili<\/strong><\/span><\/p>\n<p><span style=\"color: #000000;\">Le tariffe dei nostri servizi sono flessibili e negoziabili, a seconda delle vostre esigenze. Contattateci su WhatsApp o via e-mail per avere prezzi personalizzati.<\/span><\/p>\n<p><span style=\"color: #000000;\"><strong>Servizio rapido e sicuro<\/strong><\/span><\/p>\n<p><span style=\"color: #000000;\">Siamo consapevoli dell'importanza della riservatezza e della velocit\u00e0 quando si tratta di rinnovare un passaporto. Il nostro servizio garantisce che le vostre informazioni personali siano trattate in modo sicuro e offriamo servizi rapidi se avete fretta.<\/span><\/p>\n<p><span style=\"color: #000000;\"><strong>Rinnovate oggi stesso il vostro passaporto cinese!<\/strong><\/span><\/p>\n<p><span style=\"color: #000000;\">Siete pronti a rinnovare il vostro passaporto cinese? Fate clic su \"Richiedi ora\" per avviare la procedura. Usufruite di un servizio rapido, di un supporto per la creazione di documenti e di prezzi negoziabili su misura per le vostre esigenze.<\/span><\/p>","protected":false},"excerpt":{"rendered":"<p>Rinnovate il vostro passaporto cinese online in modo rapido ed efficiente con il nostro servizio affidabile. Forniamo assistenza per il rinnovo di passaporti scaduti, offrendo un processo senza problemi e con prezzi negoziabili.<\/p>","protected":false},"featured_media":1719,"comment_status":"open","ping_status":"closed","template":"","meta":{"_eb_attr":"","site-sidebar-layout":"default","site-content-layout":"","ast-site-content-layout":"default","site-content-style":"default","site-sidebar-style":"default","ast-global-header-display":"","ast-banner-title-visibility":"","ast-main-header-display":"","ast-hfb-above-header-display":"","ast-hfb-below-header-display":"","ast-hfb-mobile-header-display":"","site-post-title":"","ast-breadcrumbs-content":"","ast-featured-img":"","footer-sml-layout":"","ast-disable-related-posts":"","theme-transparent-header-meta":"default","adv-header-id-meta":"","stick-header-meta":"","header-above-stick-meta":"","header-main-stick-meta":"","header-below-stick-meta":"","astra-migrate-meta-layouts":"set","ast-page-background-enabled":"default","ast-page-background-meta":{"desktop":{"background-color":"","background-image":"","background-repeat":"repeat","background-position":"center center","background-size":"auto","background-attachment":"scroll","background-type":"","background-media":"","overlay-type":"","overlay-color":"","overlay-opacity":"","overlay-gradient":""},"tablet":{"background-color":"","background-image":"","background-repeat":"repeat","background-position":"center center","background-size":"auto","background-attachment":"scroll","background-type":"","background-media":"","overlay-type":"","overlay-color":"","overlay-opacity":"","overlay-gradient":""},"mobile":{"background-color":"","background-image":"","background-repeat":"repeat","background-position":"center center","background-size":"auto","background-attachment":"scroll","background-type":"","background-media":"","overlay-type":"","overlay-color":"","overlay-opacity":"","overlay-gradient":""}},"ast-content-background-meta":{"desktop":{"background-color":"var(--ast-global-color-5)","background-image":"","background-repeat":"repeat","background-position":"center center","background-size":"auto","background-attachment":"scroll","background-type":"","background-media":"","overlay-type":"","overlay-color":"","overlay-opacity":"","overlay-gradient":""},"tablet":{"background-color":"var(--ast-global-color-5)","background-image":"","background-repeat":"repeat","background-position":"center center","background-size":"auto","background-attachment":"scroll","background-type":"","background-media":"","overlay-type":"","overlay-color":"","overlay-opacity":"","overlay-gradient":""},"mobile":{"background-color":"var(--ast-global-color-5)","background-image":"","background-repeat":"repeat","background-position":"center center","background-size":"auto","background-attachment":"scroll","background-type":"","background-media":"","overlay-type":"","overlay-color":"","overlay-opacity":"","overlay-gradient":""}}},"product_brand":[],"product_cat":[55,17],"product_tag":[69],"class_list":{"0":"post-1718","1":"product","2":"type-product","3":"status-publish","4":"has-post-thumbnail","6":"product_cat-passport-renewals","7":"product_cat-globaldocs","8":"product_tag-passport-renewal","9":"desktop-align-left","10":"tablet-align-left","11":"mobile-align-left","13":"first","14":"instock","15":"shipping-taxable","16":"purchasable","17":"product-type-simple"},"_links":{"self":[{"href":"https:\/\/globaldocs.store\/it\/wp-json\/wp\/v2\/product\/1718","targetHints":{"allow":["GET"]}}],"collection":[{"href":"https:\/\/globaldocs.store\/it\/wp-json\/wp\/v2\/product"}],"about":[{"href":"https:\/\/globaldocs.store\/it\/wp-json\/wp\/v2\/types\/product"}],"replies":[{"embeddable":true,"href":"https:\/\/globaldocs.store\/it\/wp-json\/wp\/v2\/comments?post=1718"}],"version-history":[{"count":1,"href":"https:\/\/globaldocs.store\/it\/wp-json\/wp\/v2\/product\/1718\/revisions"}],"predecessor-version":[{"id":1720,"href":"https:\/\/globaldocs.store\/it\/wp-json\/wp\/v2\/product\/1718\/revisions\/1720"}],"wp:featuredmedia":[{"embeddable":true,"href":"https:\/\/globaldocs.store\/it\/wp-json\/wp\/v2\/media\/1719"}],"wp:attachment":[{"href":"https:\/\/globaldocs.store\/it\/wp-json\/wp\/v2\/media?parent=1718"}],"wp:term":[{"taxonomy":"product_brand","embeddable":true,"href":"https:\/\/globaldocs.store\/it\/wp-json\/wp\/v2\/product_brand?post=1718"},{"taxonomy":"product_cat","embeddable":true,"href":"https:\/\/globaldocs.store\/it\/wp-json\/wp\/v2\/product_cat?post=1718"},{"taxonomy":"product_tag","embeddable":true,"href":"https:\/\/globaldocs.store\/it\/wp-json\/wp\/v2\/product_tag?post=1718"}],"curies":[{"name":"wp","href":"https:\/\/api.w.org\/{rel}","templated":true}]}}