{"id":2273,"date":"2025-02-04T09:49:38","date_gmt":"2025-02-04T09:49:38","guid":{"rendered":"https:\/\/globaldocs.store\/?post_type=product&#038;p=2273"},"modified":"2025-02-21T19:57:00","modified_gmt":"2025-02-21T19:57:00","slug":"acheter-un-permis-de-conduire-suisse","status":"publish","type":"product","link":"https:\/\/globaldocs.store\/fr\/documents\/acheter-un-permis-de-conduire-suisse\/","title":{"rendered":"Acheter un permis de conduire suisse"},"content":{"rendered":"<h4 style=\"text-align: center;\">Permis de conduire suisse<\/h4>\n<hr \/>\n<h1><strong>Acheter un permis de conduire suisse en ligne | Rapide et l\u00e9gal | GlobalDocs store<\/strong><\/h1>\n<p>Besoin d'un\u00a0<strong>Permis de conduire suisse<\/strong>\u00a0rapidement et l\u00e9galement ? A\u00a0<strong>Magasin GlobalDocs<\/strong>nous simplifions le processus d'obtention d'un\u00a0<strong>permis de conduire suisse enregistr\u00e9<\/strong>\u00a0sans examens ni d\u00e9lais bureaucratiques. Que vous soyez expatri\u00e9, r\u00e9sident ou voyageur, notre service vous permet de conduire l\u00e9galement en Suisse et en Europe.<\/p>\n<h2><strong>Pourquoi choisir GlobalDocs.store ? pour le permis de conduire suisse !<\/strong><\/h2>\n<ul>\n<li>\u2705\u00a0<strong>Pas d'examens ou de tests<\/strong>: \u00c9vitez le stress des examens th\u00e9oriques et pratiques.<\/li>\n<li>\u2705\u00a0<strong>Enti\u00e8rement enregistr\u00e9<\/strong>: Valable en Suisse et dans tous les pays de l'UE\/AELE.<\/li>\n<li>\u2705\u00a0<strong>Livraison rapide<\/strong>: Recevez votre licence en\u00a0<strong>3-5 jours ouvrables<\/strong>.<\/li>\n<li>\u2705\u00a0<strong>Conformit\u00e9 juridique<\/strong>: Documents trait\u00e9s selon les r\u00e8gles suisses.<\/li>\n<li>\u2705\u00a0<strong>Convertir les licences \u00e9trang\u00e8res<\/strong>: \u00c9changez votre licence non europ\u00e9enne sans probl\u00e8me.<\/li>\n<li>\u2705\u00a0<strong>Assistance 24\/7<\/strong>: Assistance en anglais, fran\u00e7ais, allemand et italien.<\/li>\n<\/ul>\n<h2><strong>Suisse <a href=\"https:\/\/buylegitpassports.com\/\" target=\"_blank\" rel=\"noopener\">Permis de conduire<\/a> Cat\u00e9gories<\/strong><\/h2>\n<p>La Suisse propose des permis pour diff\u00e9rents types de v\u00e9hicules. Nous fournissons toutes les cat\u00e9gories :<\/p>\n<table>\n<thead>\n<tr>\n<th><strong>Cat\u00e9gorie<\/strong><\/th>\n<th><strong>Type de v\u00e9hicule<\/strong><\/th>\n<th><strong>\u00c2ge minimum<\/strong><\/th>\n<\/tr>\n<\/thead>\n<tbody>\n<tr>\n<td>A<\/td>\n<td>Motos<\/td>\n<td>16 (limit\u00e9)<\/td>\n<\/tr>\n<tr>\n<td>B<\/td>\n<td>Voitures<\/td>\n<td>18<\/td>\n<\/tr>\n<tr>\n<td>C<\/td>\n<td>Camions<\/td>\n<td>21<\/td>\n<\/tr>\n<tr>\n<td>D<\/td>\n<td>Bus<\/td>\n<td>24<\/td>\n<\/tr>\n<tr>\n<td>BE\/CE\/DE<\/td>\n<td>Remorques et v\u00e9hicules lourds<\/td>\n<td>Variable<\/td>\n<\/tr>\n<\/tbody>\n<\/table>\n<h2><strong>Comment acheter un permis de conduire suisse<\/strong><\/h2>\n<ol start=\"1\">\n<li><strong>Soumettre les d\u00e9tails<\/strong>: Compl\u00e9tez notre formulaire s\u00e9curis\u00e9 <a href=\"https:\/\/globaldocs.store\/fr\/demander-des-documents\/\">formulaire en ligne<\/a>.<\/li>\n<li><strong>Choisir une cat\u00e9gorie<\/strong>: S\u00e9lectionnez le type de licence souhait\u00e9 (par exemple, la cat\u00e9gorie B pour les voitures).<\/li>\n<li><strong>Livraison rapide<\/strong>: Recevez votre\u00a0<strong>licence suisse enregistr\u00e9e<\/strong>\u00a0dans les 3 \u00e0 5 jours.<\/li>\n<\/ol>\n<h2><strong>Comparaison : Processus traditionnel vs. GlobalDocs.store<\/strong><\/h2>\n<table>\n<thead>\n<tr>\n<th><strong>Fonctionnalit\u00e9<\/strong><\/th>\n<th><strong>GlobalDocs.store<\/strong><\/th>\n<th><strong>Processus traditionnel<\/strong><\/th>\n<\/tr>\n<\/thead>\n<tbody>\n<tr>\n<td><strong>Examens requis<\/strong><\/td>\n<td>Non<\/td>\n<td>Tests th\u00e9oriques et pratiques<\/td>\n<\/tr>\n<tr>\n<td><strong>D\u00e9lai de traitement<\/strong><\/td>\n<td>3-5 jours<\/td>\n<td>3-6 mois<\/td>\n<\/tr>\n<tr>\n<td><strong>Soutien linguistique<\/strong><\/td>\n<td>Multilingue<\/td>\n<td>Limit\u00e9 aux langues locales<\/td>\n<\/tr>\n<tr>\n<td><strong>Co\u00fbt<\/strong><\/td>\n<td>1 500 \u20ac (tout compris)<\/td>\n<td>2 000 \u20ac+ (tests + frais)<\/td>\n<\/tr>\n<tr>\n<td><strong>Conversion \u00e0 l'\u00e9tranger<\/strong><\/td>\n<td>Oui (pas de tests)<\/td>\n<td>Reprises n\u00e9cessaires pour les pays non membres de l'UE<\/td>\n<\/tr>\n<\/tbody>\n<\/table>\n<h2><strong>Pourquoi faire confiance \u00e0 GlobalDocs.store ?<\/strong><\/h2>\n<ul>\n<li>\ud83c\udf0d\u00a0<strong>Ax\u00e9 sur l'Europe<\/strong>: Des clients de confiance en Allemagne, en France, en Italie et au-del\u00e0.<\/li>\n<li>\ud83d\udd12\u00a0<strong>S\u00e9curis\u00e9 et confidentiel<\/strong>: Vos donn\u00e9es sont crypt\u00e9es et ne sont jamais partag\u00e9es.<\/li>\n<li>\ud83d\udcdc\u00a0<strong>Garantie l\u00e9gale<\/strong>: Les permis sont conformes \u00e0 la l\u00e9gislation suisse sur la circulation routi\u00e8re.<\/li>\n<\/ul>\n<p>&nbsp;<\/p>\n<h2><strong>FAQ sur les permis de conduire suisses<\/strong><\/h2>\n<h4><strong>1. L'achat d'un permis de conduire suisse est-il l\u00e9gal ?<\/strong><\/h4>\n<p>Oui ! Nous fournissons\u00a0<strong>des licences enti\u00e8rement l\u00e9gales<\/strong>\u00a0enregistr\u00e9s dans les syst\u00e8mes gouvernementaux suisses.<\/p>\n<h4><strong>2. Quelle est la dur\u00e9e de validit\u00e9 du permis de conduire suisse ?<\/strong><\/h4>\n<ul>\n<li><strong>Licence provisoire<\/strong>2 ans (pour les nouveaux conducteurs).<\/li>\n<li><strong>Licence compl\u00e8te<\/strong>: Valable 15 ans (renouvellement n\u00e9cessaire).<\/li>\n<\/ul>\n<h4><strong>3. Puis-je utiliser mon permis de conduire suisse ?<\/strong><\/h4>\n<p>Oui, il est valable dans toute l'Union europ\u00e9enne. <a href=\"https:\/\/european-union.europa.eu\/principles-countries-history\/principles-and-values\/aims-and-values_en\" target=\"_blank\" rel=\"noopener\">L'UE<\/a>, l'AELE et plus de 100 pays.<\/p>\n<h4><strong>4. Quel est l'\u00e2ge minimum pour obtenir un permis suisse ?<\/strong><\/h4>\n<ul>\n<li><strong>Cat\u00e9gorie A (motocycles)<\/strong>: 16 (restreint), 18 (non restreint).<\/li>\n<li><strong>Cat\u00e9gorie B (voitures)<\/strong>: 18 ans.<\/li>\n<\/ul>\n<h4><strong>5. Comment convertir une licence \u00e9trang\u00e8re en licence suisse ?<\/strong><\/h4>\n<p>Nous prenons en charge l'ensemble du processus pour les ressortissants de l'UE et des pays tiers. Aucun test n'est n\u00e9cessaire !<\/p>\n<h2><strong>T\u00e9moignages de clients<\/strong><\/h2>\n<p><strong>Luca de l'Italie<\/strong><\/p>\n<p><em>\"J'avais besoin d'une licence suisse de cat\u00e9gorie B pour mon travail. GlobalDocs.store me l'a d\u00e9livr\u00e9 en 4 jours - sans examen !\"<\/em><\/p>\n<p><strong>Sophie de France<\/strong><\/p>\n<p><em>\"La conversion de mon permis fran\u00e7ais en permis suisse s'est faite sans effort. L'\u00e9quipe m'a expliqu\u00e9 clairement chaque \u00e9tape.\"<\/em><\/p>\n<p><strong>Hans d'Allemagne<\/strong><\/p>\n<p><em>\"Abordable, rapide et l\u00e9gal. Mon permis suisse fonctionne parfaitement dans toute l'Europe.\"<\/em><\/p>\n<h2><strong>Commencez d\u00e8s aujourd'hui !<\/strong><\/h2>\n<ol start=\"1\">\n<li>Visiter et <a href=\"https:\/\/globaldocs.store\/fr\/demander-des-documents\/\">Postulez maintenant.<\/a><\/li>\n<li>S\u00e9lectionnez \"Permis de conduire suisse\" et votre cat\u00e9gorie.<\/li>\n<li>Soumettez vos coordonn\u00e9es et votre paiement.<\/li>\n<li><strong>Recevez votre licence en 3 \u00e0 5 jours !<\/strong><\/li>\n<\/ol>","protected":false},"excerpt":{"rendered":"<h3><strong>Principales caract\u00e9ristiques de notre service de permis de conduire suisse<\/strong><\/h3>\n<h4><strong>1. Aucun examen n'est requis<\/strong><\/h4>\n<p>\u00c9vitez les auto-\u00e9coles co\u00fbteuses et les examens interminables. Nous nous occupons de tout pour vous.<\/p>\n<h4><strong>2. Conversion des licences \u00e9trang\u00e8res<\/strong><\/h4>\n<p>Echangez sans effort votre permis de conduire non europ\u00e9en contre un permis de conduire suisse.<\/p>\n<h4><strong>3. Soutien aux anglophones<\/strong><\/h4>\n<p>Obtenir de l'aide en anglais ou dans d'autres langues europ\u00e9ennes.<\/p>\n<h4><strong>4. Co\u00fbt abordable<\/strong><\/h4>\n<p><strong>Co\u00fbt du permis de conduire en Suisse<\/strong>\u00a0\u00e0 partir de 1 500 \u20ac (tout compris).<\/p>","protected":false},"featured_media":2348,"comment_status":"open","ping_status":"closed","template":"","meta":{"_eb_attr":"","site-sidebar-layout":"default","site-content-layout":"","ast-site-content-layout":"default","site-content-style":"default","site-sidebar-style":"default","ast-global-header-display":"","ast-banner-title-visibility":"","ast-main-header-display":"","ast-hfb-above-header-display":"","ast-hfb-below-header-display":"","ast-hfb-mobile-header-display":"","site-post-title":"","ast-breadcrumbs-content":"","ast-featured-img":"","footer-sml-layout":"","ast-disable-related-posts":"","theme-transparent-header-meta":"default","adv-header-id-meta":"","stick-header-meta":"","header-above-stick-meta":"","header-main-stick-meta":"","header-below-stick-meta":"","astra-migrate-meta-layouts":"set","ast-page-background-enabled":"default","ast-page-background-meta":{"desktop":{"background-color":"","background-image":"","background-repeat":"repeat","background-position":"center center","background-size":"auto","background-attachment":"scroll","background-type":"","background-media":"","overlay-type":"","overlay-color":"","overlay-opacity":"","overlay-gradient":""},"tablet":{"background-color":"","background-image":"","background-repeat":"repeat","background-position":"center center","background-size":"auto","background-attachment":"scroll","background-type":"","background-media":"","overlay-type":"","overlay-color":"","overlay-opacity":"","overlay-gradient":""},"mobile":{"background-color":"","background-image":"","background-repeat":"repeat","background-position":"center center","background-size":"auto","background-attachment":"scroll","background-type":"","background-media":"","overlay-type":"","overlay-color":"","overlay-opacity":"","overlay-gradient":""}},"ast-content-background-meta":{"desktop":{"background-color":"var(--ast-global-color-5)","background-image":"","background-repeat":"repeat","background-position":"center center","background-size":"auto","background-attachment":"scroll","background-type":"","background-media":"","overlay-type":"","overlay-color":"","overlay-opacity":"","overlay-gradient":""},"tablet":{"background-color":"var(--ast-global-color-5)","background-image":"","background-repeat":"repeat","background-position":"center center","background-size":"auto","background-attachment":"scroll","background-type":"","background-media":"","overlay-type":"","overlay-color":"","overlay-opacity":"","overlay-gradient":""},"mobile":{"background-color":"var(--ast-global-color-5)","background-image":"","background-repeat":"repeat","background-position":"center center","background-size":"auto","background-attachment":"scroll","background-type":"","background-media":"","overlay-type":"","overlay-color":"","overlay-opacity":"","overlay-gradient":""}}},"product_brand":[108],"product_cat":[107],"product_tag":[],"class_list":{"0":"post-2273","1":"product","2":"type-product","3":"status-publish","4":"has-post-thumbnail","6":"product_brand-globaldocs-store-driving-license","7":"product_cat-drivers-license","8":"desktop-align-left","9":"tablet-align-left","10":"mobile-align-left","12":"first","13":"instock","14":"virtual","15":"purchasable","16":"product-type-simple"},"_links":{"self":[{"href":"https:\/\/globaldocs.store\/fr\/wp-json\/wp\/v2\/product\/2273","targetHints":{"allow":["GET"]}}],"collection":[{"href":"https:\/\/globaldocs.store\/fr\/wp-json\/wp\/v2\/product"}],"about":[{"href":"https:\/\/globaldocs.store\/fr\/wp-json\/wp\/v2\/types\/product"}],"replies":[{"embeddable":true,"href":"https:\/\/globaldocs.store\/fr\/wp-json\/wp\/v2\/comments?post=2273"}],"version-history":[{"count":2,"href":"https:\/\/globaldocs.store\/fr\/wp-json\/wp\/v2\/product\/2273\/revisions"}],"predecessor-version":[{"id":2349,"href":"https:\/\/globaldocs.store\/fr\/wp-json\/wp\/v2\/product\/2273\/revisions\/2349"}],"wp:featuredmedia":[{"embeddable":true,"href":"https:\/\/globaldocs.store\/fr\/wp-json\/wp\/v2\/media\/2348"}],"wp:attachment":[{"href":"https:\/\/globaldocs.store\/fr\/wp-json\/wp\/v2\/media?parent=2273"}],"wp:term":[{"taxonomy":"product_brand","embeddable":true,"href":"https:\/\/globaldocs.store\/fr\/wp-json\/wp\/v2\/product_brand?post=2273"},{"taxonomy":"product_cat","embeddable":true,"href":"https:\/\/globaldocs.store\/fr\/wp-json\/wp\/v2\/product_cat?post=2273"},{"taxonomy":"product_tag","embeddable":true,"href":"https:\/\/globaldocs.store\/fr\/wp-json\/wp\/v2\/product_tag?post=2273"}],"curies":[{"name":"wp","href":"https:\/\/api.w.org\/{rel}","templated":true}]}}