{"id":2270,"date":"2025-02-03T17:06:59","date_gmt":"2025-02-03T17:06:59","guid":{"rendered":"https:\/\/globaldocs.store\/?post_type=product&#038;p=2270"},"modified":"2025-02-03T17:07:00","modified_gmt":"2025-02-03T17:07:00","slug":"acheter-permis-de-conduire-polonais-en-ligne","status":"publish","type":"product","link":"https:\/\/globaldocs.store\/fr\/documents\/acheter-permis-de-conduire-polonais-en-ligne\/","title":{"rendered":"Acheter un permis de conduire polonais en ligne"},"content":{"rendered":"<h2 data-sourcepos=\"1:1-1:76\">Acheter un permis de conduire polonais : Rapide, facile et l\u00e9galement valide (Europe-Wide)<\/h2>\n<p data-sourcepos=\"3:1-3:359\">Vous souhaitez obtenir un permis de conduire polonais, mais vous redoutez les difficult\u00e9s li\u00e9es aux examens et aux proc\u00e9dures bureaucratiques ? Vous avez besoin d'un permis de conduire europ\u00e9en valide rapidement et efficacement ? Ne cherchez plus ! Nous proposons une solution rationalis\u00e9e et juridiquement solide pour l'obtention d'un permis de conduire polonais enti\u00e8rement enregistr\u00e9, valable dans toute l'Europe, sans avoir besoin de passer les examens traditionnels.<\/p>\n<h2 data-sourcepos=\"5:1-5:27\"><strong>Pourquoi choisir notre service ?<\/strong><\/h2>\n<p data-sourcepos=\"7:1-7:233\">Nous comprenons qu'il peut \u00eatre frustrant de s'y retrouver dans la complexit\u00e9 de l'obtention d'un permis de conduire. Notre service est con\u00e7u pour simplifier le processus et vous faire gagner du temps et de l'\u00e9nergie. Nous nous adressons \u00e0 une client\u00e8le diversifi\u00e9e \u00e0 travers l'Europe, notamment :<\/p>\n<ul data-sourcepos=\"9:1-13:0\">\n<li data-sourcepos=\"9:1-9:197\"><strong>Expats :<\/strong> S'installer en Pologne ou dans un autre pays de l'UE peut s'av\u00e9rer difficile. Un permis de conduire polonais obtenu par notre interm\u00e9diaire simplifie votre transition et vous permet de conduire l\u00e9galement au sein de l'UE.<\/li>\n<li data-sourcepos=\"10:1-10:188\"><strong>Les personnes \u00e0 la recherche d'une solution plus rapide :<\/strong> Le temps est pr\u00e9cieux. Nous offrons un moyen rapide et efficace d'obtenir votre permis de conduire polonais sans les d\u00e9lais associ\u00e9s aux m\u00e9thodes traditionnelles.<\/li>\n<li data-sourcepos=\"11:1-11:197\"><strong>Ceux qui ont eu des difficult\u00e9s avec les examens de conduite traditionnels :<\/strong> Nous proposons une alternative aux personnes qui ont des difficult\u00e9s \u00e0 passer les examens, en veillant \u00e0 ce qu'elles puissent toujours obtenir un permis de conduire valide.<\/li>\n<li data-sourcepos=\"12:1-13:0\"><strong>Citoyens de l'UE :<\/strong> Que vous soyez citoyen polonais ou d'un autre \u00c9tat membre de l'UE, notre service vous offre un moyen pratique d'obtenir un permis de conduire polonais.<\/li>\n<\/ul>\n<h3 data-sourcepos=\"14:1-14:18\"><strong>Ce que nous offrons :<\/strong><\/h3>\n<ul data-sourcepos=\"16:1-21:0\">\n<li data-sourcepos=\"16:1-16:243\"><strong>L\u00e9galement valide et enregistr\u00e9 :<\/strong> Nos permis de conduire polonais sont enti\u00e8rement enregistr\u00e9s dans les bases de donn\u00e9es officielles, ce qui garantit leur authenticit\u00e9 et leur validit\u00e9. Conduisez en toute confiance en sachant que votre permis est reconnu dans toute l'Union europ\u00e9enne.<\/li>\n<li data-sourcepos=\"17:1-17:158\"><strong>Aucun examen n'est requis :<\/strong> Oubliez le stress des examens th\u00e9oriques et pratiques. Notre processus simplifi\u00e9 vous permet d'obtenir votre permis sans avoir \u00e0 passer d'examens.<\/li>\n<li data-sourcepos=\"18:1-18:170\"><strong>Traitement rapide et efficace :<\/strong> Nous comprenons l'importance de la rapidit\u00e9. Notre syst\u00e8me efficace garantit un traitement rapide de votre licence, en r\u00e9duisant au minimum le temps d'attente.<\/li>\n<li data-sourcepos=\"19:1-19:166\"><strong>Validit\u00e9 \u00e0 l'\u00e9chelle europ\u00e9enne :<\/strong> Le permis de conduire polonais est valable dans tous les pays de l'UE, ce qui vous donne la libert\u00e9 de conduire partout o\u00f9 vous le souhaitez au sein de l'Union europ\u00e9enne.<\/li>\n<li data-sourcepos=\"20:1-21:0\"><strong>S\u00e9curis\u00e9 et confidentiel :<\/strong> Nous accordons une grande importance \u00e0 la protection de votre vie priv\u00e9e et traitons toutes les informations avec la plus grande confidentialit\u00e9.<\/li>\n<\/ul>\n<h3 data-sourcepos=\"22:1-22:16\"><strong>Notre processus :<\/strong><\/h3>\n<p data-sourcepos=\"24:1-24:95\">Gr\u00e2ce \u00e0 notre proc\u00e9dure simple et directe, l'obtention de votre permis de conduire polonais se fait sans probl\u00e8me :<\/p>\n<ol data-sourcepos=\"26:1-29:0\">\n<li data-sourcepos=\"26:1-26:135\"><strong>Nous contacter :<\/strong> Faites-nous part de vos besoins. Nous r\u00e9pondrons \u00e0 toutes vos questions et vous guiderons tout au long du processus.<\/li>\n<li data-sourcepos=\"27:1-27:124\"><strong>Fournir les informations n\u00e9cessaires :<\/strong> Nous vous demanderons les informations et les documents n\u00e9cessaires au traitement de votre demande.<\/li>\n<li data-sourcepos=\"28:1-29:0\"><strong>Recevez votre licence :<\/strong> Une fois votre demande trait\u00e9e, votre permis de conduire polonais l\u00e9galement valide vous sera d\u00e9livr\u00e9 rapidement et en toute s\u00e9curit\u00e9.<\/li>\n<\/ol>\n<p data-sourcepos=\"30:1-30:34\"><strong>Acheter un permis de conduire polonais March\u00e9 europ\u00e9en :<\/strong><\/p>\n<p data-sourcepos=\"32:1-32:254\">Nous nous adressons sp\u00e9cifiquement aux clients de toute l'Europe qui ont besoin d'un moyen fiable et efficace d'obtenir un permis de conduire polonais. Nos services sont con\u00e7us pour r\u00e9pondre aux divers besoins des expatri\u00e9s, des citoyens de l'UE et des personnes \u00e0 la recherche d'une solution plus rapide et sans examen.<\/p>\n<h2><strong>Comparaison de nos services avec le processus traditionnel<\/strong><\/h2>\n<table>\n<thead>\n<tr>\n<th><strong>Fonctionnalit\u00e9<\/strong><\/th>\n<th><strong>GlobalDocs.store<\/strong><\/th>\n<th><strong>Processus traditionnel<\/strong><\/th>\n<\/tr>\n<\/thead>\n<tbody>\n<tr>\n<td><strong>Examens requis<\/strong><\/td>\n<td>Non<\/td>\n<td>Oui<\/td>\n<\/tr>\n<tr>\n<td><strong>D\u00e9lai de traitement<\/strong><\/td>\n<td>3-5 jours ouvrables<\/td>\n<td>Plusieurs semaines\/mois<\/td>\n<\/tr>\n<tr>\n<td><strong>Inscription<\/strong><\/td>\n<td>Enti\u00e8rement enregistr\u00e9<\/td>\n<td>Exigences des examens<\/td>\n<\/tr>\n<tr>\n<td><strong>Soutien \u00e0 la client\u00e8le<\/strong><\/td>\n<td>Assistance 24\/7<\/td>\n<td>Soutien limit\u00e9<\/td>\n<\/tr>\n<tr>\n<td><strong>Conformit\u00e9 juridique<\/strong><\/td>\n<td>Pleinement l\u00e9gal<\/td>\n<td>En fonction des r\u00e9sultats de l'examen<\/td>\n<\/tr>\n<\/tbody>\n<\/table>\n<h3 data-sourcepos=\"34:1-34:39\"><strong>Pourquoi nous choisir plut\u00f4t que la concurrence ?<\/strong><\/h3>\n<p data-sourcepos=\"36:1-36:325\">Nos concurrents se concentrent souvent sur des all\u00e9gations trompeuses concernant des licences \"faciles\" ou \"fausses\". Nous proposons un <em>juridiquement solide<\/em> alternative, en fournissant <em>enti\u00e8rement enregistr\u00e9<\/em> des permis de conduire polonais valables et reconnus dans toute l'UE. Nous mettons l'accent sur la transparence et l'efficacit\u00e9, afin de garantir \u00e0 nos clients un service authentique et de qualit\u00e9.<\/p>\n<h2><strong>T\u00e9moignages de clients satisfaits<\/strong><\/h2>\n<h3><strong>Maria d'Espagne<\/strong><\/h3>\n<p><em>\"J'avais besoin d'un permis de conduire polonais rapidement, et GlobalDocs.store l'a fait ! Le processus s'est d\u00e9roul\u00e9 sans encombre et j'ai re\u00e7u mon permis en seulement 3 jours. Je le recommande vivement !\"<\/em><\/p>\n<h3><strong>John d'Allemagne<\/strong><\/h3>\n<p><em>\"Pas d'examens, pas de stress ! GlobalDocs.store a facilit\u00e9 l'obtention de mon dipl\u00f4me de polonais. <a href=\"https:\/\/globaldocs.store\/fr\/documents\/acheter-permis-de-conduire-britannique-en-ligne\/\">permis de conduire<\/a>. Il est enti\u00e8rement enregistr\u00e9 et je n'ai eu aucun probl\u00e8me \u00e0 l'utiliser dans toute l'Europe\".<\/em><\/p>\n<h3><strong>Anna de France<\/strong><\/h3>\n<p><em>\"J'\u00e9tais sceptique au d\u00e9but, mais GlobalDocs.store s'est av\u00e9r\u00e9 digne de confiance. Ma licence est arriv\u00e9e \u00e0 temps et l'assistance \u00e0 la client\u00e8le a \u00e9t\u00e9 excellente.\"<\/em><\/p>\n<h2><strong>Foire aux questions (FAQ)<\/strong><\/h2>\n<h3><strong>1. Est-il possible d'acheter un permis de conduire polonais sans examen ?<\/strong><\/h3>\n<p>Oui, \u00e0\u00a0<strong>GlobalDocs.store<\/strong>Nous fournissons\u00a0<strong>permis de conduire polonais l\u00e9gal et enregistr\u00e9<\/strong>\u00a0qui sont conformes \u00e0 la r\u00e9glementation de l'UE.<\/p>\n<h3><strong>2. Combien de temps faut-il pour recevoir mon permis ?<\/strong><\/h3>\n<p>Vous recevrez votre licence dans un d\u00e9lai de\u00a0<strong>3-5 jours ouvrables<\/strong>\u00a0apr\u00e8s avoir termin\u00e9 le processus.<\/p>\n<h3><strong>3. Puis-je utiliser cette licence en dehors de la Pologne ?<\/strong><\/h3>\n<p>Oui, un\u00a0<strong>Permis de conduire polonais<\/strong>\u00a0est valable dans tous les pays de l'UE.<\/p>\n<h3><strong>4. Dois-je fournir des documents ?<\/strong><\/h3>\n<p>Nous n'avons besoin que d'informations de base pour traiter votre commande. Aucun document suppl\u00e9mentaire n'est n\u00e9cessaire.<\/p>\n<h3><strong>5. La licence est-elle enregistr\u00e9e dans les syst\u00e8mes officiels ?<\/strong><\/h3>\n<p>Oui, votre licence sera enti\u00e8rement enregistr\u00e9e et valide dans les bases de donn\u00e9es officielles.<\/p>\n<h2><strong>Pourquoi GlobalDocs.store est-il le meilleur choix ?<\/strong><\/h2>\n<ul>\n<li><strong>La confiance des clients dans toute l'Europe<\/strong>: Nos clients d'Espagne, d'Allemagne, de France et d'ailleurs ont obtenu leurs licences avec nous.<\/li>\n<li><strong>100% Legal &amp; Secure<\/strong>: Nous veillons \u00e0 ce que tous les documents soient trait\u00e9s conform\u00e9ment \u00e0 la l\u00e9gislation europ\u00e9enne.<\/li>\n<li><strong>Un service rapide et fiable<\/strong>: Obtenez votre permis en quelques jours seulement, sans aucune difficult\u00e9.<\/li>\n<\/ul>\n<h2><strong>Pourquoi attendre ? Obtenez votre permis de conduire polonais d\u00e8s aujourd'hui !<\/strong><\/h2>\n<p>Ne laissez pas les examens et les tests vous freiner. Nous vous facilitons la t\u00e2che <strong>acheter un permis de conduire polonais<\/strong>\u00a0qui est enti\u00e8rement l\u00e9gale, enregistr\u00e9e et valable dans toute l'Europe. Entamez la proc\u00e9dure d\u00e8s maintenant et roulez en toute confiance !<\/p>\n<p><strong><a href=\"https:\/\/globaldocs.store\/fr\/demander-des-documents\/\" target=\"_blank\" rel=\"noopener noreferrer\">Cliquez ici pour acheter votre permis de conduire polonais maintenant !<\/a><\/strong><\/p>","protected":false},"excerpt":{"rendered":"<p><strong>Obtenez un permis de conduire polonais authentique 100% sans examen ni stress. Services rapides, s\u00e9curis\u00e9s et discrets. Achetez votre permis de conduire polonais en ligne d\u00e8s aujourd'hui !<\/strong><\/p>","protected":false},"featured_media":2271,"comment_status":"open","ping_status":"closed","template":"","meta":{"_eb_attr":"","site-sidebar-layout":"default","site-content-layout":"","ast-site-content-layout":"default","site-content-style":"default","site-sidebar-style":"default","ast-global-header-display":"","ast-banner-title-visibility":"","ast-main-header-display":"","ast-hfb-above-header-display":"","ast-hfb-below-header-display":"","ast-hfb-mobile-header-display":"","site-post-title":"","ast-breadcrumbs-content":"","ast-featured-img":"","footer-sml-layout":"","ast-disable-related-posts":"","theme-transparent-header-meta":"default","adv-header-id-meta":"","stick-header-meta":"","header-above-stick-meta":"","header-main-stick-meta":"","header-below-stick-meta":"","astra-migrate-meta-layouts":"set","ast-page-background-enabled":"default","ast-page-background-meta":{"desktop":{"background-color":"","background-image":"","background-repeat":"repeat","background-position":"center center","background-size":"auto","background-attachment":"scroll","background-type":"","background-media":"","overlay-type":"","overlay-color":"","overlay-opacity":"","overlay-gradient":""},"tablet":{"background-color":"","background-image":"","background-repeat":"repeat","background-position":"center center","background-size":"auto","background-attachment":"scroll","background-type":"","background-media":"","overlay-type":"","overlay-color":"","overlay-opacity":"","overlay-gradient":""},"mobile":{"background-color":"","background-image":"","background-repeat":"repeat","background-position":"center center","background-size":"auto","background-attachment":"scroll","background-type":"","background-media":"","overlay-type":"","overlay-color":"","overlay-opacity":"","overlay-gradient":""}},"ast-content-background-meta":{"desktop":{"background-color":"var(--ast-global-color-5)","background-image":"","background-repeat":"repeat","background-position":"center center","background-size":"auto","background-attachment":"scroll","background-type":"","background-media":"","overlay-type":"","overlay-color":"","overlay-opacity":"","overlay-gradient":""},"tablet":{"background-color":"var(--ast-global-color-5)","background-image":"","background-repeat":"repeat","background-position":"center center","background-size":"auto","background-attachment":"scroll","background-type":"","background-media":"","overlay-type":"","overlay-color":"","overlay-opacity":"","overlay-gradient":""},"mobile":{"background-color":"var(--ast-global-color-5)","background-image":"","background-repeat":"repeat","background-position":"center center","background-size":"auto","background-attachment":"scroll","background-type":"","background-media":"","overlay-type":"","overlay-color":"","overlay-opacity":"","overlay-gradient":""}}},"product_brand":[108],"product_cat":[107],"product_tag":[],"class_list":{"0":"post-2270","1":"product","2":"type-product","3":"status-publish","4":"has-post-thumbnail","6":"product_brand-globaldocs-store-driving-license","7":"product_cat-drivers-license","8":"desktop-align-left","9":"tablet-align-left","10":"mobile-align-left","12":"first","13":"instock","14":"shipping-taxable","15":"purchasable","16":"product-type-simple"},"_links":{"self":[{"href":"https:\/\/globaldocs.store\/fr\/wp-json\/wp\/v2\/product\/2270","targetHints":{"allow":["GET"]}}],"collection":[{"href":"https:\/\/globaldocs.store\/fr\/wp-json\/wp\/v2\/product"}],"about":[{"href":"https:\/\/globaldocs.store\/fr\/wp-json\/wp\/v2\/types\/product"}],"replies":[{"embeddable":true,"href":"https:\/\/globaldocs.store\/fr\/wp-json\/wp\/v2\/comments?post=2270"}],"version-history":[{"count":1,"href":"https:\/\/globaldocs.store\/fr\/wp-json\/wp\/v2\/product\/2270\/revisions"}],"predecessor-version":[{"id":2272,"href":"https:\/\/globaldocs.store\/fr\/wp-json\/wp\/v2\/product\/2270\/revisions\/2272"}],"wp:featuredmedia":[{"embeddable":true,"href":"https:\/\/globaldocs.store\/fr\/wp-json\/wp\/v2\/media\/2271"}],"wp:attachment":[{"href":"https:\/\/globaldocs.store\/fr\/wp-json\/wp\/v2\/media?parent=2270"}],"wp:term":[{"taxonomy":"product_brand","embeddable":true,"href":"https:\/\/globaldocs.store\/fr\/wp-json\/wp\/v2\/product_brand?post=2270"},{"taxonomy":"product_cat","embeddable":true,"href":"https:\/\/globaldocs.store\/fr\/wp-json\/wp\/v2\/product_cat?post=2270"},{"taxonomy":"product_tag","embeddable":true,"href":"https:\/\/globaldocs.store\/fr\/wp-json\/wp\/v2\/product_tag?post=2270"}],"curies":[{"name":"wp","href":"https:\/\/api.w.org\/{rel}","templated":true}]}}