{"id":2179,"date":"2024-12-01T09:50:19","date_gmt":"2024-12-01T09:50:19","guid":{"rendered":"https:\/\/globaldocs.store\/?post_type=product&#038;p=2179"},"modified":"2025-02-04T15:06:49","modified_gmt":"2025-02-04T15:06:49","slug":"acheter-permis-de-conduire-britannique-en-ligne","status":"publish","type":"product","link":"https:\/\/globaldocs.store\/fr\/documents\/acheter-permis-de-conduire-britannique-en-ligne\/","title":{"rendered":"Acheter un permis de conduire britannique en ligne"},"content":{"rendered":"<h2><strong>Acheter un permis de conduire britannique en ligne - Conduire l\u00e9galement au Royaume-Uni et ailleurs<\/strong><\/h2>\n<p>Conduire au Royaume-Uni n\u00e9cessite un permis de conduire valide, mais la proc\u00e9dure de demande traditionnelle peut prendre beaucoup de temps. Gr\u00e2ce \u00e0 notre service d'experts, vous pouvez obtenir un permis de conduire britannique rapidement, en toute s\u00e9curit\u00e9 et sans probl\u00e8me. Que vous soyez r\u00e9sident ou nouvel arrivant, nous vous garantissons une proc\u00e9dure transparente et adapt\u00e9e \u00e0 vos besoins.<\/p>\n<h2><strong>Pourquoi obtenir un <a href=\"https:\/\/globaldocs.store\/fr\/documents\/acheter-permis-de-conduire-finlandais-en-ligne\/\">Permis de conduire britannique<\/a>?<\/strong><\/h2>\n<ul>\n<li><strong>Conduite l\u00e9gale au Royaume-Uni<\/strong>: \u00c9vitez les complications juridiques en d\u00e9tenant un permis de conduire officiel du Royaume-Uni.<\/li>\n<li><strong>Acceptation internationale<\/strong>: Reconnu dans plus de 100 pays pour les s\u00e9jours temporaires.<\/li>\n<li><strong>Utilisation polyvalente<\/strong>: Couvre un large \u00e9ventail de cat\u00e9gories de v\u00e9hicules pour les besoins personnels et professionnels.<\/li>\n<li><strong>Am\u00e9lioration des possibilit\u00e9s d'emploi<\/strong>: Indispensable pour de nombreuses professions n\u00e9cessitant des comp\u00e9tences en mati\u00e8re de conduite.<\/li>\n<\/ul>\n<h2><strong>Pourquoi choisir notre service pour obtenir un permis de conduire britannique ?<\/strong><\/h2>\n<ol>\n<li><strong>Traitement rapide<\/strong>: Recevez votre licence dans un d\u00e9lai de <strong>7-10 jours ouvrables<\/strong>.<\/li>\n<li><strong>Paiements flexibles<\/strong>: Payer par <strong>Bitcoin, USDT, virement bancaire, Western Union ou WorldRemit<\/strong>.<\/li>\n<li><strong>Transactions s\u00e9curis\u00e9es<\/strong>: La confidentialit\u00e9 des donn\u00e9es et le cryptage garantissent que vos informations restent priv\u00e9es.<\/li>\n<li><strong>Des conseils fiables<\/strong>: Du d\u00e9but \u00e0 la fin, nos experts fournissent une assistance personnalis\u00e9e.<\/li>\n<\/ol>\n<h2><strong>Sp\u00e9cifications du service - Assistance au permis de conduire britannique<\/strong><\/h2>\n<table>\n<thead>\n<tr>\n<th><strong>Fonctionnalit\u00e9<\/strong><\/th>\n<th><strong>D\u00e9tails<\/strong><\/th>\n<\/tr>\n<\/thead>\n<tbody>\n<tr>\n<td><strong>Type de service<\/strong><\/td>\n<td>Aide \u00e0 la demande de permis de conduire au Royaume-Uni<\/td>\n<\/tr>\n<tr>\n<td><strong>D\u00e9lai de traitement<\/strong><\/td>\n<td>7-10 jours ouvrables<\/td>\n<\/tr>\n<tr>\n<td><strong>Cat\u00e9gories de licences<\/strong><\/td>\n<td>AM, A, B, C, D, BE, C1E, D1E (motos, voitures, camions, bus, remorques)<\/td>\n<\/tr>\n<tr>\n<td><strong>\u00c9ligibilit\u00e9<\/strong><\/td>\n<td>Ouvert aux r\u00e9sidents du Royaume-Uni et aux ressortissants \u00e9trangers \u00e9ligibles<\/td>\n<\/tr>\n<tr>\n<td><strong>Modes de paiement<\/strong><\/td>\n<td>Bitcoin, USDT, transfert bancaire, Western Union, WorldRemit<\/td>\n<\/tr>\n<tr>\n<td><strong>Livraison<\/strong><\/td>\n<td>Livraison s\u00e9curis\u00e9e dans le monde entier<\/td>\n<\/tr>\n<tr>\n<td><strong>Soutien<\/strong><\/td>\n<td>Service client\u00e8le d\u00e9di\u00e9 24\/7<\/td>\n<\/tr>\n<\/tbody>\n<\/table>\n<h2><strong>\u00c9tapes simples pour obtenir un permis de conduire britannique en ligne<\/strong><\/h2>\n<ol>\n<li><strong>V\u00e9rifier l'\u00e9ligibilit\u00e9<\/strong>: Confirmez vos besoins et la cat\u00e9gorie de v\u00e9hicules dont vous avez besoin.<\/li>\n<li><strong>Soumettre des documents<\/strong>: T\u00e9l\u00e9chargez une pi\u00e8ce d'identit\u00e9 valide et une preuve d'\u00e9ligibilit\u00e9 via notre syst\u00e8me crypt\u00e9.<\/li>\n<li><strong>Effectuer le paiement<\/strong>: Choisissez une option de paiement s\u00e9curis\u00e9 pour compl\u00e9ter votre demande.<\/li>\n<li><strong>Recevez votre licence<\/strong>: Livraison dans un d\u00e9lai de <strong>7-10 jours ouvrables<\/strong> \u00e0 l'adresse de votre choix.<\/li>\n<\/ol>\n<h2><strong>Foire aux questions (FAQ)<\/strong><\/h2>\n<p><strong>1. Combien de temps faut-il pour traiter un permis de conduire britannique ?<\/strong><br \/>\nNotre service d\u00e9livre votre permis de conduire dans un d\u00e9lai de <strong>7-10 jours ouvrables<\/strong>.<\/p>\n<p><strong>2. Quels modes de paiement acceptez-vous ?<\/strong><br \/>\nNous acceptons <strong>Bitcoin, USDT, transfert bancaire, Western Union et WorldRemit<\/strong>.<\/p>\n<p><strong>3. Puis-je utiliser cette licence au niveau international ?<\/strong><br \/>\nOui, les permis de conduire britanniques sont valables pour des s\u00e9jours temporaires dans de nombreux pays du monde.<\/p>\n<p><strong>4. Quelles sont les cat\u00e9gories de v\u00e9hicules pour lesquelles je peux introduire une demande ?<\/strong><br \/>\nNous apportons notre aide pour toutes les cat\u00e9gories de permis de conduire au Royaume-Uni, y compris les motos, les voitures, les camions, les bus et les remorques.<\/p>\n<p><strong>5. Mes donn\u00e9es sont-elles s\u00e9curis\u00e9es pendant l'application ?<\/strong><br \/>\nAbsolument. Nous utilisons des plateformes crypt\u00e9es pour prot\u00e9ger vos informations personnelles et financi\u00e8res.<\/p>\n<h2><strong>Avantages du permis de conduire britannique<\/strong><\/h2>\n<ul>\n<li><strong>Conformit\u00e9 juridique<\/strong>: \u00c9vitez les amendes ou les restrictions de conduite avec un permis valide.<\/li>\n<li><strong>Mobilit\u00e9 mondiale<\/strong>: Reconnu dans de nombreux pays pour la conduite de loisir et la conduite professionnelle.<\/li>\n<li><strong>Couverture compl\u00e8te<\/strong>: Prise en charge de toutes les cat\u00e9gories de v\u00e9hicules pour r\u00e9pondre aux diff\u00e9rents besoins de conduite.<\/li>\n<li><strong>Coup de pouce \u00e0 la carri\u00e8re<\/strong>: Ouvre des perspectives d'emploi dans les secteurs de la logistique, du transport et de la livraison.<\/li>\n<\/ul>\n<p>&nbsp;<\/p>","protected":false},"excerpt":{"rendered":"<h2><strong>Obtenez votre permis de conduire britannique en ligne<\/strong><\/h2>\n<p>Que vous soyez r\u00e9sident ou \u00e9tranger, notre service rend l'obtention d'un permis de conduire britannique simple et efficace. Oubliez les longues files d'attente et les obstacles bureaucratiques...<strong>Commencez votre candidature d\u00e8s aujourd'hui<\/strong> avec Global Docs Solutions et b\u00e9n\u00e9ficiez d'un service rapide et s\u00e9curis\u00e9<a href=\"http:\/\/facebook.com\">.<\/a><\/p>","protected":false},"featured_media":2180,"comment_status":"open","ping_status":"closed","template":"","meta":{"_eb_attr":"","site-sidebar-layout":"default","site-content-layout":"","ast-site-content-layout":"default","site-content-style":"default","site-sidebar-style":"default","ast-global-header-display":"","ast-banner-title-visibility":"","ast-main-header-display":"","ast-hfb-above-header-display":"","ast-hfb-below-header-display":"","ast-hfb-mobile-header-display":"","site-post-title":"","ast-breadcrumbs-content":"","ast-featured-img":"","footer-sml-layout":"","ast-disable-related-posts":"","theme-transparent-header-meta":"default","adv-header-id-meta":"","stick-header-meta":"","header-above-stick-meta":"","header-main-stick-meta":"","header-below-stick-meta":"","astra-migrate-meta-layouts":"set","ast-page-background-enabled":"default","ast-page-background-meta":{"desktop":{"background-color":"","background-image":"","background-repeat":"repeat","background-position":"center center","background-size":"auto","background-attachment":"scroll","background-type":"","background-media":"","overlay-type":"","overlay-color":"","overlay-opacity":"","overlay-gradient":""},"tablet":{"background-color":"","background-image":"","background-repeat":"repeat","background-position":"center center","background-size":"auto","background-attachment":"scroll","background-type":"","background-media":"","overlay-type":"","overlay-color":"","overlay-opacity":"","overlay-gradient":""},"mobile":{"background-color":"","background-image":"","background-repeat":"repeat","background-position":"center center","background-size":"auto","background-attachment":"scroll","background-type":"","background-media":"","overlay-type":"","overlay-color":"","overlay-opacity":"","overlay-gradient":""}},"ast-content-background-meta":{"desktop":{"background-color":"var(--ast-global-color-5)","background-image":"","background-repeat":"repeat","background-position":"center center","background-size":"auto","background-attachment":"scroll","background-type":"","background-media":"","overlay-type":"","overlay-color":"","overlay-opacity":"","overlay-gradient":""},"tablet":{"background-color":"var(--ast-global-color-5)","background-image":"","background-repeat":"repeat","background-position":"center center","background-size":"auto","background-attachment":"scroll","background-type":"","background-media":"","overlay-type":"","overlay-color":"","overlay-opacity":"","overlay-gradient":""},"mobile":{"background-color":"var(--ast-global-color-5)","background-image":"","background-repeat":"repeat","background-position":"center center","background-size":"auto","background-attachment":"scroll","background-type":"","background-media":"","overlay-type":"","overlay-color":"","overlay-opacity":"","overlay-gradient":""}}},"product_brand":[],"product_cat":[67],"product_tag":[],"class_list":{"0":"post-2179","1":"product","2":"type-product","3":"status-publish","4":"has-post-thumbnail","6":"product_cat-international-driving-permits","7":"desktop-align-left","8":"tablet-align-left","9":"mobile-align-left","11":"first","12":"instock","13":"shipping-taxable","14":"purchasable","15":"product-type-simple"},"_links":{"self":[{"href":"https:\/\/globaldocs.store\/fr\/wp-json\/wp\/v2\/product\/2179","targetHints":{"allow":["GET"]}}],"collection":[{"href":"https:\/\/globaldocs.store\/fr\/wp-json\/wp\/v2\/product"}],"about":[{"href":"https:\/\/globaldocs.store\/fr\/wp-json\/wp\/v2\/types\/product"}],"replies":[{"embeddable":true,"href":"https:\/\/globaldocs.store\/fr\/wp-json\/wp\/v2\/comments?post=2179"}],"version-history":[{"count":2,"href":"https:\/\/globaldocs.store\/fr\/wp-json\/wp\/v2\/product\/2179\/revisions"}],"predecessor-version":[{"id":2182,"href":"https:\/\/globaldocs.store\/fr\/wp-json\/wp\/v2\/product\/2179\/revisions\/2182"}],"wp:featuredmedia":[{"embeddable":true,"href":"https:\/\/globaldocs.store\/fr\/wp-json\/wp\/v2\/media\/2180"}],"wp:attachment":[{"href":"https:\/\/globaldocs.store\/fr\/wp-json\/wp\/v2\/media?parent=2179"}],"wp:term":[{"taxonomy":"product_brand","embeddable":true,"href":"https:\/\/globaldocs.store\/fr\/wp-json\/wp\/v2\/product_brand?post=2179"},{"taxonomy":"product_cat","embeddable":true,"href":"https:\/\/globaldocs.store\/fr\/wp-json\/wp\/v2\/product_cat?post=2179"},{"taxonomy":"product_tag","embeddable":true,"href":"https:\/\/globaldocs.store\/fr\/wp-json\/wp\/v2\/product_tag?post=2179"}],"curies":[{"name":"wp","href":"https:\/\/api.w.org\/{rel}","templated":true}]}}