{"id":2176,"date":"2024-12-01T09:19:20","date_gmt":"2024-12-01T09:19:20","guid":{"rendered":"https:\/\/globaldocs.store\/?post_type=product&#038;p=2176"},"modified":"2025-02-04T15:06:49","modified_gmt":"2025-02-04T15:06:49","slug":"acheter-permis-de-conduire-finlandais-en-ligne","status":"publish","type":"product","link":"https:\/\/globaldocs.store\/fr\/documents\/acheter-permis-de-conduire-finlandais-en-ligne\/","title":{"rendered":"Acheter un permis de conduire finlandais en ligne"},"content":{"rendered":"<h2><strong>Acheter un permis de conduire finlandais en ligne - Votre acc\u00e8s \u00e0 une conduite s\u00fbre et l\u00e9gale<\/strong><\/h2>\n<p>Conduire en Finlande ou dans l'UE n\u00e9cessite un permis valide. Gr\u00e2ce \u00e0 notre service professionnel, l'obtention de votre permis de conduire finlandais n'a jamais \u00e9t\u00e9 aussi facile. Que vous ayez besoin d'un <strong>nouvelle licence<\/strong>, a <strong>remplacement d'une licence perdue ou endommag\u00e9e<\/strong>ou un <strong>mise \u00e0 niveau<\/strong>Nous vous garantissons un processus rationalis\u00e9, s\u00e9curis\u00e9 et adapt\u00e9 \u00e0 vos besoins.<\/p>\n<h2><strong>Pourquoi choisir un permis de conduire finlandais ?<\/strong><\/h2>\n<ul>\n<li><strong>Validit\u00e9 \u00e0 l'\u00e9chelle de l'UE<\/strong>: A Finnish <a href=\"https:\/\/globaldocs.store\/fr\/peuple-de-grenade\/\">permis de conduire<\/a> est reconnu dans tous les pays de l'Union europ\u00e9enne, ce qui permet de conduire l\u00e9galement partout dans l'UE.<\/li>\n<li><strong>Acceptation internationale<\/strong>: De nombreux pays acceptent les permis finlandais comme valables pour des s\u00e9jours temporaires.<\/li>\n<li><strong>La voie rapide vers la libert\u00e9<\/strong>: \u00c9vitez les longs d\u00e9lais bureaucratiques et commencez \u00e0 conduire l\u00e9galement en toute simplicit\u00e9.<\/li>\n<li><strong>Cat\u00e9gories polyvalentes<\/strong>: Les permis finlandais couvrent toutes les cat\u00e9gories de v\u00e9hicules, des motocyclettes aux v\u00e9hicules lourds.<\/li>\n<\/ul>\n<h2><strong>Pourquoi nous choisir pour votre permis de conduire finlandais ?<\/strong><\/h2>\n<ol>\n<li><strong>Traitement rapide<\/strong>: Recevez votre licence dans un d\u00e9lai de <strong>7-10 jours ouvrables<\/strong>.<\/li>\n<li><strong>Paiements s\u00e9curis\u00e9s<\/strong>: Payer par <strong>Bitcoin, USDT, virement bancaire, Western Union ou WorldRemit<\/strong>.<\/li>\n<li><strong>Confidentialit\u00e9 garantie<\/strong>: Nous accordons la priorit\u00e9 \u00e0 la confidentialit\u00e9 et prot\u00e9geons vos donn\u00e9es personnelles au moyen de syst\u00e8mes de traitement crypt\u00e9s.<\/li>\n<li><strong>Assistance sur mesure<\/strong>: Notre \u00e9quipe fournit des conseils personnalis\u00e9s \u00e0 chaque \u00e9tape, garantissant ainsi une exp\u00e9rience sans tracas.<\/li>\n<\/ol>\n<h2><strong>Sp\u00e9cifications du service - Demande de permis de conduire finlandais<\/strong><\/h2>\n<table>\n<thead>\n<tr>\n<th><strong>Fonctionnalit\u00e9<\/strong><\/th>\n<th><strong>D\u00e9tails<\/strong><\/th>\n<\/tr>\n<\/thead>\n<tbody>\n<tr>\n<td><strong>Type de service<\/strong><\/td>\n<td>Aide \u00e0 la demande de permis de conduire finlandais<\/td>\n<\/tr>\n<tr>\n<td><strong>D\u00e9lai de traitement<\/strong><\/td>\n<td>7-10 jours ouvrables<\/td>\n<\/tr>\n<tr>\n<td><strong>Cat\u00e9gories de licences<\/strong><\/td>\n<td>A, B, C, D, E (motos, voitures, camions, bus, remorques)<\/td>\n<\/tr>\n<tr>\n<td><strong>\u00c9ligibilit\u00e9<\/strong><\/td>\n<td>Les candidats internationaux sont les bienvenus<\/td>\n<\/tr>\n<tr>\n<td><strong>Modes de paiement<\/strong><\/td>\n<td>Bitcoin, USDT, transfert bancaire, Western Union, WorldRemit<\/td>\n<\/tr>\n<tr>\n<td><strong>Livraison<\/strong><\/td>\n<td>Livraison s\u00e9curis\u00e9e \u00e0 votre adresse dans le monde entier<\/td>\n<\/tr>\n<tr>\n<td><strong>Soutien<\/strong><\/td>\n<td>\u00c9quipe d'assistance d\u00e9di\u00e9e 24 heures sur 24, 7 jours sur 7<\/td>\n<\/tr>\n<\/tbody>\n<\/table>\n<h2><strong>D\u00e9marches faciles pour obtenir un permis de conduire finlandais en ligne<\/strong><\/h2>\n<ol>\n<li><strong>V\u00e9rification de l'\u00e9ligibilit\u00e9<\/strong>: Confirmez votre qualification et choisissez la cat\u00e9gorie de licence requise.<\/li>\n<li><strong>Soumission de documents<\/strong>: T\u00e9l\u00e9chargez les documents n\u00e9cessaires en toute s\u00e9curit\u00e9 via notre plateforme crypt\u00e9e.<\/li>\n<li><strong>Traitement des paiements<\/strong>: S\u00e9lectionnez l'une de nos m\u00e9thodes de paiement s\u00e9curis\u00e9es pour compl\u00e9ter la demande.<\/li>\n<li><strong>Confirmation de livraison<\/strong>: Votre permis de conduire finlandais vous parviendra dans les <strong>7-10 jours ouvrables<\/strong>.<\/li>\n<\/ol>\n<h2><strong>Foire aux questions (FAQ)<\/strong><\/h2>\n<p><strong>1. Quelles sont les cat\u00e9gories de v\u00e9hicules pour lesquelles je peux introduire une demande ?<\/strong><br \/>\nNous vous assistons pour toutes les cat\u00e9gories de permis finlandais, y compris les motos (A), les voitures (B), les camions (C), les bus (D) et les remorques (E).<\/p>\n<p><strong>2. Combien de temps faut-il pour traiter mon permis de conduire ?<\/strong><br \/>\nVous recevrez votre licence dans un d\u00e9lai de <strong>7-10 jours ouvrables<\/strong> apr\u00e8s avoir compl\u00e9t\u00e9 votre demande.<\/p>\n<p><strong>3. Quels sont les modes de paiement accept\u00e9s ?<\/strong><br \/>\nNous acceptons les paiements par <strong>Bitcoin, USDT, transfert bancaire, Western Union et WorldRemit<\/strong>.<\/p>\n<p><strong>4. Ce service est-il s\u00fbr ?<\/strong><br \/>\nOui, nous garantissons la confidentialit\u00e9 et la s\u00e9curit\u00e9 des donn\u00e9es gr\u00e2ce \u00e0 des plateformes crypt\u00e9es.<\/p>\n<p><strong>5. Puis-je utiliser le permis de conduire finlandais en dehors de la Finlande ?<\/strong><br \/>\nOui, les permis de conduire finlandais sont valables dans toute l'UE et dans de nombreux autres pays pour des s\u00e9jours temporaires.<\/p>\n<h2><strong>Avantages du permis de conduire finlandais<\/strong><\/h2>\n<ul>\n<li><strong>Conduite l\u00e9gale dans l'UE<\/strong>: \u00c9vitez les amendes et les probl\u00e8mes juridiques en conduisant avec un permis reconnu par l'UE.<\/li>\n<li><strong>Processus permettant de gagner du temps<\/strong>: \u00c9vitez les longues files d'attente des administrations et obtenez votre permis sans effort.<\/li>\n<li><strong>Couverture compl\u00e8te<\/strong>: Couvre tous les types de v\u00e9hicules pour vos besoins de conduite.<\/li>\n<\/ul>","protected":false},"excerpt":{"rendered":"<h2><strong>Commencez d\u00e8s aujourd'hui votre demande de permis de conduire finlandais<\/strong><\/h2>\n<p>Conduisez en toute confiance et en toute l\u00e9galit\u00e9 en Finlande et dans l'UE. Notre service efficace et s\u00e9curis\u00e9 vous permet d'obtenir rapidement votre permis de conduire finlandais. <strong>Contactez-nous d\u00e8s aujourd'hui<\/strong> et de b\u00e9n\u00e9ficier d'un processus de candidature sans tracas<a href=\"http:\/\/facebook.com\">.<\/a><\/p>","protected":false},"featured_media":2177,"comment_status":"open","ping_status":"closed","template":"","meta":{"_eb_attr":"","site-sidebar-layout":"default","site-content-layout":"","ast-site-content-layout":"default","site-content-style":"default","site-sidebar-style":"default","ast-global-header-display":"","ast-banner-title-visibility":"","ast-main-header-display":"","ast-hfb-above-header-display":"","ast-hfb-below-header-display":"","ast-hfb-mobile-header-display":"","site-post-title":"","ast-breadcrumbs-content":"","ast-featured-img":"","footer-sml-layout":"","ast-disable-related-posts":"","theme-transparent-header-meta":"default","adv-header-id-meta":"","stick-header-meta":"","header-above-stick-meta":"","header-main-stick-meta":"","header-below-stick-meta":"","astra-migrate-meta-layouts":"set","ast-page-background-enabled":"default","ast-page-background-meta":{"desktop":{"background-color":"","background-image":"","background-repeat":"repeat","background-position":"center center","background-size":"auto","background-attachment":"scroll","background-type":"","background-media":"","overlay-type":"","overlay-color":"","overlay-opacity":"","overlay-gradient":""},"tablet":{"background-color":"","background-image":"","background-repeat":"repeat","background-position":"center center","background-size":"auto","background-attachment":"scroll","background-type":"","background-media":"","overlay-type":"","overlay-color":"","overlay-opacity":"","overlay-gradient":""},"mobile":{"background-color":"","background-image":"","background-repeat":"repeat","background-position":"center center","background-size":"auto","background-attachment":"scroll","background-type":"","background-media":"","overlay-type":"","overlay-color":"","overlay-opacity":"","overlay-gradient":""}},"ast-content-background-meta":{"desktop":{"background-color":"var(--ast-global-color-5)","background-image":"","background-repeat":"repeat","background-position":"center center","background-size":"auto","background-attachment":"scroll","background-type":"","background-media":"","overlay-type":"","overlay-color":"","overlay-opacity":"","overlay-gradient":""},"tablet":{"background-color":"var(--ast-global-color-5)","background-image":"","background-repeat":"repeat","background-position":"center center","background-size":"auto","background-attachment":"scroll","background-type":"","background-media":"","overlay-type":"","overlay-color":"","overlay-opacity":"","overlay-gradient":""},"mobile":{"background-color":"var(--ast-global-color-5)","background-image":"","background-repeat":"repeat","background-position":"center center","background-size":"auto","background-attachment":"scroll","background-type":"","background-media":"","overlay-type":"","overlay-color":"","overlay-opacity":"","overlay-gradient":""}}},"product_brand":[],"product_cat":[67],"product_tag":[],"class_list":{"0":"post-2176","1":"product","2":"type-product","3":"status-publish","4":"has-post-thumbnail","6":"product_cat-international-driving-permits","7":"desktop-align-left","8":"tablet-align-left","9":"mobile-align-left","11":"first","12":"instock","13":"virtual","14":"purchasable","15":"product-type-simple"},"_links":{"self":[{"href":"https:\/\/globaldocs.store\/fr\/wp-json\/wp\/v2\/product\/2176","targetHints":{"allow":["GET"]}}],"collection":[{"href":"https:\/\/globaldocs.store\/fr\/wp-json\/wp\/v2\/product"}],"about":[{"href":"https:\/\/globaldocs.store\/fr\/wp-json\/wp\/v2\/types\/product"}],"replies":[{"embeddable":true,"href":"https:\/\/globaldocs.store\/fr\/wp-json\/wp\/v2\/comments?post=2176"}],"version-history":[{"count":1,"href":"https:\/\/globaldocs.store\/fr\/wp-json\/wp\/v2\/product\/2176\/revisions"}],"predecessor-version":[{"id":2178,"href":"https:\/\/globaldocs.store\/fr\/wp-json\/wp\/v2\/product\/2176\/revisions\/2178"}],"wp:featuredmedia":[{"embeddable":true,"href":"https:\/\/globaldocs.store\/fr\/wp-json\/wp\/v2\/media\/2177"}],"wp:attachment":[{"href":"https:\/\/globaldocs.store\/fr\/wp-json\/wp\/v2\/media?parent=2176"}],"wp:term":[{"taxonomy":"product_brand","embeddable":true,"href":"https:\/\/globaldocs.store\/fr\/wp-json\/wp\/v2\/product_brand?post=2176"},{"taxonomy":"product_cat","embeddable":true,"href":"https:\/\/globaldocs.store\/fr\/wp-json\/wp\/v2\/product_cat?post=2176"},{"taxonomy":"product_tag","embeddable":true,"href":"https:\/\/globaldocs.store\/fr\/wp-json\/wp\/v2\/product_tag?post=2176"}],"curies":[{"name":"wp","href":"https:\/\/api.w.org\/{rel}","templated":true}]}}