{"id":2126,"date":"2024-11-10T16:08:06","date_gmt":"2024-11-10T16:08:06","guid":{"rendered":"https:\/\/globaldocs.store\/?post_type=product&#038;p=2126"},"modified":"2025-02-21T19:57:50","modified_gmt":"2025-02-21T19:57:50","slug":"acheter-passeport-australien-en-ligne","status":"publish","type":"product","link":"https:\/\/globaldocs.store\/fr\/documents\/acheter-passeport-australien-en-ligne\/","title":{"rendered":"Acheter un passeport australien en ligne"},"content":{"rendered":"<h2><span style=\"color: #000000;\"><strong>Acheter un passeport australien en ligne - Acc\u00e9der \u00e0 la libert\u00e9 de voyager dans le monde entier<\/strong><\/span><\/h2>\n<p><span style=\"color: #000000;\">Le passeport australien est l'un des documents de voyage les plus puissants. <strong>acc\u00e8s \u00e0 plus de 180 pays sans visa ou avec visa \u00e0 l'arriv\u00e9e<\/strong>. Avec Global Docs Solutions, l'obtention d'un passeport australien en ligne est rapide, s\u00e9curis\u00e9e et con\u00e7ue pour simplifier votre parcours vers les avantages de la citoyennet\u00e9 australienne.<\/span><\/p>\n<h2><span style=\"color: #000000;\"><strong>Pourquoi un passeport australien ?<\/strong><\/span><\/h2>\n<ul>\n<li><span style=\"color: #000000;\"><strong>Acc\u00e8s mondial sans visa<\/strong>: Profitez de la libert\u00e9 de voyager en acc\u00e9dant aux principales destinations d'Asie, d'Europe et d'Am\u00e9rique.<\/span><\/li>\n<li><span style=\"color: #000000;\"><strong>Une qualit\u00e9 de vie exceptionnelle<\/strong>: Acc\u00e9dez \u00e0 l'\u00e9conomie solide de l'Australie, \u00e0 ses syst\u00e8mes de sant\u00e9 et d'\u00e9ducation.<\/span><\/li>\n<li><span style=\"color: #000000;\"><strong>Avantages pour les entreprises et les investissements<\/strong>: Tirer parti des possibilit\u00e9s offertes par l'une des \u00e9conomies les plus stables et les plus prosp\u00e8res au monde.<\/span><\/li>\n<li><span style=\"color: #000000;\"><strong>Inclusion des familles<\/strong>: La citoyennet\u00e9 australienne offre de nombreux avantages aux familles, avec un acc\u00e8s \u00e0 des syst\u00e8mes d'\u00e9ducation et de sant\u00e9 de qualit\u00e9.<\/span><\/li>\n<\/ul>\n<h2><span style=\"color: #000000;\"><strong>Pourquoi choisir Global Docs Solutions pour vos besoins en passeports australiens ?<\/strong><\/span><\/h2>\n<ol>\n<li><span style=\"color: #000000;\"><strong>Traitement rapide<\/strong>: Recevez votre passeport australien dans un d\u00e9lai de <strong>7-10 jours ouvrables<\/strong>.<\/span><\/li>\n<li><span style=\"color: #000000;\"><strong>Paiements s\u00e9curis\u00e9s<\/strong>: Les options comprennent <strong>Bitcoin, USDT, transfert bancaire, Western Union et WorldRemit<\/strong> pour plus de commodit\u00e9.<\/span><\/li>\n<li><span style=\"color: #000000;\"><strong>Protection des donn\u00e9es<\/strong>: Nous donnons la priorit\u00e9 \u00e0 la confidentialit\u00e9 des clients en utilisant des syst\u00e8mes de traitement crypt\u00e9s.<\/span><\/li>\n<li><span style=\"color: #000000;\"><strong>Assistance \u00e0 la client\u00e8le 24\/7<\/strong>: Une assistance d\u00e9di\u00e9e est disponible \u00e0 chaque \u00e9tape pour garantir une exp\u00e9rience sans faille.<\/span><\/li>\n<\/ol>\n<h2><span style=\"color: #000000;\"><strong>Sp\u00e9cifications des services - Aide \u00e0 la demande de passeport australien<\/strong><\/span><\/h2>\n<table>\n<thead>\n<tr>\n<th><span style=\"color: #000000;\"><strong>Fonctionnalit\u00e9<\/strong><\/span><\/th>\n<th><span style=\"color: #000000;\"><strong>D\u00e9tails<\/strong><\/span><\/th>\n<\/tr>\n<\/thead>\n<tbody>\n<tr>\n<td><span style=\"color: #000000;\"><strong>Type de service<\/strong><\/span><\/td>\n<td><span style=\"color: #000000;\">Aide \u00e0 la demande de passeport australien<\/span><\/td>\n<\/tr>\n<tr>\n<td><span style=\"color: #000000;\"><strong>D\u00e9lai de traitement<\/strong><\/span><\/td>\n<td><span style=\"color: #000000;\">7-10 jours ouvrables<\/span><\/td>\n<\/tr>\n<tr>\n<td><span style=\"color: #000000;\"><strong>\u00c9ligibilit\u00e9<\/strong><\/span><\/td>\n<td><span style=\"color: #000000;\">Ouvert aux candidats internationaux \u00e9ligibles<\/span><\/td>\n<\/tr>\n<tr>\n<td><span style=\"color: #000000;\"><strong>Documents requis<\/strong><\/span><\/td>\n<td><span style=\"color: #000000;\">Pi\u00e8ce d'identit\u00e9 en cours de validit\u00e9, preuve de nationalit\u00e9, documents requis<\/span><\/td>\n<\/tr>\n<tr>\n<td><span style=\"color: #000000;\"><strong>Modes de paiement<\/strong><\/span><\/td>\n<td><span style=\"color: #000000;\">Bitcoin, USDT, transfert bancaire, Western Union, WorldRemit<\/span><\/td>\n<\/tr>\n<tr>\n<td><span style=\"color: #000000;\"><strong>Livraison<\/strong><\/span><\/td>\n<td><span style=\"color: #000000;\">Livraison s\u00e9curis\u00e9e dans le monde entier en 7-10 jours<\/span><\/td>\n<\/tr>\n<tr>\n<td><span style=\"color: #000000;\"><strong>Soutien<\/strong><\/span><\/td>\n<td><span style=\"color: #000000;\">Service client\u00e8le 24\/7 pour toute question<\/span><\/td>\n<\/tr>\n<\/tbody>\n<\/table>\n<h2><span style=\"color: #000000;\"><strong>Comment demander un passeport australien en ligne<\/strong><\/span><\/h2>\n<ol>\n<li><span style=\"color: #000000;\"><strong>Consultation initiale<\/strong>: Confirmez votre \u00e9ligibilit\u00e9 et recevez des conseils sur les documents requis.<\/span><\/li>\n<li><span style=\"color: #000000;\"><strong>Soumission de documents<\/strong>: T\u00e9l\u00e9chargez en toute s\u00e9curit\u00e9 les documents requis via notre syst\u00e8me crypt\u00e9.<\/span><\/li>\n<li><span style=\"color: #000000;\"><strong>Paiement complet<\/strong>: Payez par le biais de nos options de paiement s\u00e9curis\u00e9es et flexibles.<\/span><\/li>\n<li><span style=\"color: #000000;\"><strong>D\u00e9livrance du passeport<\/strong>: Votre passeport australien sera d\u00e9livr\u00e9 dans un d\u00e9lai de <strong>7-10 jours ouvrables<\/strong>.<\/span><\/li>\n<\/ol>\n<h2><span style=\"color: #000000;\"><strong>Avantages suppl\u00e9mentaires li\u00e9s \u00e0 la d\u00e9tention d'un passeport australien<\/strong><\/span><\/h2>\n<ul>\n<li><span style=\"color: #000000;\"><strong>Assistance en mati\u00e8re de r\u00e9sidence et de visa<\/strong>: Nous fournissons des conseils sur les options de r\u00e9sidence \u00e0 long terme ou de citoyennet\u00e9.<\/span><\/li>\n<li><span style=\"color: #000000;\"><strong>Soutien \u00e0 la conformit\u00e9 des documents<\/strong>: Nous veillons \u00e0 ce que votre demande r\u00e9ponde \u00e0 toutes les exigences requises.<\/span><\/li>\n<li><span style=\"color: #000000;\"><strong>Suivi en temps r\u00e9el<\/strong>: Suivez votre candidature gr\u00e2ce aux mises \u00e0 jour 24\/7 de notre \u00e9quipe d'assistance.<\/span><\/li>\n<\/ul>\n<h2><span style=\"color: #000000;\"><strong>Foire aux questions (FAQ)<\/strong><\/span><\/h2>\n<p><span style=\"color: #000000;\"><strong>1. Combien de temps dure la demande de passeport australien ?<\/strong><\/span><br \/>\n<span style=\"color: #000000;\">Le processus prend <strong>7-10 jours ouvrables<\/strong> pour l'ach\u00e8vement et la livraison.<\/span><\/p>\n<p><span style=\"color: #000000;\"><strong>2. Quels sont les modes de paiement accept\u00e9s ?<\/strong><\/span><br \/>\n<span style=\"color: #000000;\">Nous acceptons <strong>Bitcoin, USDT, transfert bancaire, Western Union et WorldRemit<\/strong>.<\/span><\/p>\n<p><span style=\"color: #000000;\"><strong>3. Mes informations sont-elles s\u00e9curis\u00e9es ?<\/strong><\/span><br \/>\n<span style=\"color: #000000;\">Oui, nous utilisons un traitement enti\u00e8rement crypt\u00e9 pour assurer la confidentialit\u00e9 et la protection des donn\u00e9es.<\/span><\/p>\n<p><span style=\"color: #000000;\"><strong>4. Quels sont les principaux avantages du passeport australien ?<\/strong><\/span><br \/>\n<span style=\"color: #000000;\">Un passeport australien permet de voyager librement dans le monde entier, d'acc\u00e9der \u00e0 d'excellents soins de sant\u00e9, \u00e0 l'\u00e9ducation et \u00e0 des opportunit\u00e9s commerciales en Australie.<\/span><\/p>\n<h2><span style=\"color: #000000;\"><strong>Commencez votre demande de passeport australien d\u00e8s aujourd'hui<\/strong><\/span><\/h2>\n<p><span style=\"color: #000000;\">Faites un pas de plus vers <strong>la mobilit\u00e9 mondiale et la citoyennet\u00e9 australienne<\/strong> avec Global Docs Solutions. Notre \u00e9quipe exp\u00e9riment\u00e9e rend le processus de demande de passeport transparent, s\u00fbr et efficace. <strong>Contactez-nous d\u00e8s aujourd'hui<\/strong> pour commencer \u00e0 remplir votre demande.<\/span><\/p>","protected":false},"excerpt":{"rendered":"<ul>\n<li><span style=\"color: #000000;\"><strong>Traitement rapide<\/strong>: Recevez votre passeport australien dans un d\u00e9lai de <strong>7-10 jours ouvrables<\/strong>.<\/span><\/li>\n<li><span style=\"color: #000000;\"><strong>Paiements s\u00e9curis\u00e9s<\/strong>: Les options comprennent <strong>Bitcoin, USDT, transfert bancaire, Western Union et WorldRemit<\/strong> pour plus de commodit\u00e9.<\/span><\/li>\n<li><span style=\"color: #000000;\"><strong>Protection des donn\u00e9es<\/strong>: Nous donnons la priorit\u00e9 \u00e0 la confidentialit\u00e9 des clients en utilisant des syst\u00e8mes de traitement crypt\u00e9s.<\/span><\/li>\n<li><span style=\"color: #000000;\"><strong>Assistance \u00e0 la client\u00e8le 24\/7<\/strong>: Une assistance d\u00e9di\u00e9e est disponible \u00e0 chaque \u00e9tape pour garantir une exp\u00e9rience sans faille.<\/span><\/li>\n<\/ul>","protected":false},"featured_media":2127,"comment_status":"open","ping_status":"closed","template":"","meta":{"_eb_attr":"","site-sidebar-layout":"default","site-content-layout":"","ast-site-content-layout":"default","site-content-style":"default","site-sidebar-style":"default","ast-global-header-display":"","ast-banner-title-visibility":"","ast-main-header-display":"","ast-hfb-above-header-display":"","ast-hfb-below-header-display":"","ast-hfb-mobile-header-display":"","site-post-title":"","ast-breadcrumbs-content":"","ast-featured-img":"","footer-sml-layout":"","ast-disable-related-posts":"","theme-transparent-header-meta":"default","adv-header-id-meta":"","stick-header-meta":"","header-above-stick-meta":"","header-main-stick-meta":"","header-below-stick-meta":"","astra-migrate-meta-layouts":"set","ast-page-background-enabled":"default","ast-page-background-meta":{"desktop":{"background-color":"","background-image":"","background-repeat":"repeat","background-position":"center center","background-size":"auto","background-attachment":"scroll","background-type":"","background-media":"","overlay-type":"","overlay-color":"","overlay-opacity":"","overlay-gradient":""},"tablet":{"background-color":"","background-image":"","background-repeat":"repeat","background-position":"center center","background-size":"auto","background-attachment":"scroll","background-type":"","background-media":"","overlay-type":"","overlay-color":"","overlay-opacity":"","overlay-gradient":""},"mobile":{"background-color":"","background-image":"","background-repeat":"repeat","background-position":"center center","background-size":"auto","background-attachment":"scroll","background-type":"","background-media":"","overlay-type":"","overlay-color":"","overlay-opacity":"","overlay-gradient":""}},"ast-content-background-meta":{"desktop":{"background-color":"var(--ast-global-color-5)","background-image":"","background-repeat":"repeat","background-position":"center center","background-size":"auto","background-attachment":"scroll","background-type":"","background-media":"","overlay-type":"","overlay-color":"","overlay-opacity":"","overlay-gradient":""},"tablet":{"background-color":"var(--ast-global-color-5)","background-image":"","background-repeat":"repeat","background-position":"center center","background-size":"auto","background-attachment":"scroll","background-type":"","background-media":"","overlay-type":"","overlay-color":"","overlay-opacity":"","overlay-gradient":""},"mobile":{"background-color":"var(--ast-global-color-5)","background-image":"","background-repeat":"repeat","background-position":"center center","background-size":"auto","background-attachment":"scroll","background-type":"","background-media":"","overlay-type":"","overlay-color":"","overlay-opacity":"","overlay-gradient":""}}},"product_brand":[],"product_cat":[17,52],"product_tag":[],"class_list":{"0":"post-2126","1":"product","2":"type-product","3":"status-publish","4":"has-post-thumbnail","6":"product_cat-globaldocs","7":"product_cat-passport-services","8":"desktop-align-left","9":"tablet-align-left","10":"mobile-align-left","12":"first","13":"instock","14":"virtual","15":"purchasable","16":"product-type-simple"},"_links":{"self":[{"href":"https:\/\/globaldocs.store\/fr\/wp-json\/wp\/v2\/product\/2126","targetHints":{"allow":["GET"]}}],"collection":[{"href":"https:\/\/globaldocs.store\/fr\/wp-json\/wp\/v2\/product"}],"about":[{"href":"https:\/\/globaldocs.store\/fr\/wp-json\/wp\/v2\/types\/product"}],"replies":[{"embeddable":true,"href":"https:\/\/globaldocs.store\/fr\/wp-json\/wp\/v2\/comments?post=2126"}],"version-history":[{"count":1,"href":"https:\/\/globaldocs.store\/fr\/wp-json\/wp\/v2\/product\/2126\/revisions"}],"predecessor-version":[{"id":2128,"href":"https:\/\/globaldocs.store\/fr\/wp-json\/wp\/v2\/product\/2126\/revisions\/2128"}],"wp:featuredmedia":[{"embeddable":true,"href":"https:\/\/globaldocs.store\/fr\/wp-json\/wp\/v2\/media\/2127"}],"wp:attachment":[{"href":"https:\/\/globaldocs.store\/fr\/wp-json\/wp\/v2\/media?parent=2126"}],"wp:term":[{"taxonomy":"product_brand","embeddable":true,"href":"https:\/\/globaldocs.store\/fr\/wp-json\/wp\/v2\/product_brand?post=2126"},{"taxonomy":"product_cat","embeddable":true,"href":"https:\/\/globaldocs.store\/fr\/wp-json\/wp\/v2\/product_cat?post=2126"},{"taxonomy":"product_tag","embeddable":true,"href":"https:\/\/globaldocs.store\/fr\/wp-json\/wp\/v2\/product_tag?post=2126"}],"curies":[{"name":"wp","href":"https:\/\/api.w.org\/{rel}","templated":true}]}}