{"id":2120,"date":"2024-11-10T15:53:26","date_gmt":"2024-11-10T15:53:26","guid":{"rendered":"https:\/\/globaldocs.store\/?post_type=product&#038;p=2120"},"modified":"2025-02-21T19:57:50","modified_gmt":"2025-02-21T19:57:50","slug":"acheter-passeport-du-costa-rica-en-ligne","status":"publish","type":"product","link":"https:\/\/globaldocs.store\/fr\/documents\/acheter-passeport-du-costa-rica-en-ligne\/","title":{"rendered":"Acheter en ligne un passeport pour le Costa Rica"},"content":{"rendered":"<h2><span style=\"color: #000000;\"><strong>Acheter un passeport en ligne pour le Costa Rica - Acc\u00e8s \u00e0 la mobilit\u00e9 mondiale et \u00e0 la r\u00e9sidence au Costa Rica<\/strong><\/span><\/h2>\n<p><span style=\"color: #000000;\">Le passeport costaricien est un document de voyage tr\u00e8s utile, qui offre les avantages suivants <strong>acc\u00e8s \u00e0 plus de 150 pays sans visa ou avec visa \u00e0 l'arriv\u00e9e<\/strong>Le passeport costaricain est d\u00e9livr\u00e9 par l'Union europ\u00e9enne, y compris l'espace Schengen et l'Am\u00e9rique du Sud. Gr\u00e2ce \u00e0 Global Docs Solutions, l'obtention de votre passeport costaricien est rapide, s\u00fbre et confidentielle, ce qui vous permet de b\u00e9n\u00e9ficier plus facilement des avantages de la citoyennet\u00e9 costaricienne.<\/span><\/p>\n<h2><span style=\"color: #000000;\"><strong>Pourquoi choisir un passeport costaricien ?<\/strong><\/span><\/h2>\n<ul>\n<li><span style=\"color: #000000;\"><strong>Large acc\u00e8s sans visa<\/strong>: Voyagez facilement vers diverses destinations dans le monde entier, y compris l'Europe et l'Am\u00e9rique du Sud, sans avoir besoin de visas suppl\u00e9mentaires.<\/span><\/li>\n<li><span style=\"color: #000000;\"><strong>R\u00e9sidence et mode de vie<\/strong>: Le Costa Rica offre un niveau de vie \u00e9lev\u00e9 et met l'accent sur la pr\u00e9servation de l'environnement, les soins de sant\u00e9 et l'\u00e9ducation.<\/span><\/li>\n<li><span style=\"color: #000000;\"><strong>Investissement et avantages fiscaux<\/strong>: Connu pour ses politiques fiscales attrayantes, le Costa Rica offre aux citoyens et aux r\u00e9sidents de nombreux avantages pour les investissements commerciaux et personnels.<\/span><\/li>\n<li><span style=\"color: #000000;\"><strong>Id\u00e9al pour les familles<\/strong>: \u00c9tendre les possibilit\u00e9s de r\u00e9sidence aux membres de la famille et explorer la communaut\u00e9 stable et accueillante du Costa Rica.<\/span><\/li>\n<\/ul>\n<h2><span style=\"color: #000000;\"><strong>Pourquoi choisir Global Docs Solutions pour votre passeport costaricain ?<\/strong><\/span><\/h2>\n<ol>\n<li><span style=\"color: #000000;\"><strong>Traitement rapide<\/strong>: Obtenez votre passeport costaricien dans un d\u00e9lai de <strong>7-10 jours ouvrables<\/strong>.<\/span><\/li>\n<li><span style=\"color: #000000;\"><strong>M\u00e9thodes de paiement flexibles<\/strong>: Les options comprennent <strong>Bitcoin, USDT, transfert bancaire, Western Union et WorldRemit<\/strong>.<\/span><\/li>\n<li><span style=\"color: #000000;\"><strong>S\u00e9curis\u00e9 et confidentiel<\/strong>: Nous accordons la priorit\u00e9 \u00e0 votre vie priv\u00e9e et \u00e0 votre s\u00e9curit\u00e9 gr\u00e2ce \u00e0 notre processus de candidature crypt\u00e9 et prot\u00e9g\u00e9.<\/span><\/li>\n<li><span style=\"color: #000000;\"><strong>Assistance 24\/7<\/strong>: Notre \u00e9quipe d\u00e9vou\u00e9e est disponible 24 heures sur 24 pour les mises \u00e0 jour et l'assistance.<\/span><\/li>\n<\/ol>\n<h2><span style=\"color: #000000;\"><strong>Sp\u00e9cifications des services - Assistance pour les passeports au Costa Rica<\/strong><\/span><\/h2>\n<table>\n<thead>\n<tr>\n<th><span style=\"color: #000000;\"><strong>Fonctionnalit\u00e9<\/strong><\/span><\/th>\n<th><span style=\"color: #000000;\"><strong>D\u00e9tails<\/strong><\/span><\/th>\n<\/tr>\n<\/thead>\n<tbody>\n<tr>\n<td><span style=\"color: #000000;\"><strong>Type de service<\/strong><\/span><\/td>\n<td><span style=\"color: #000000;\">Demande de passeport pour le Costa Rica<\/span><\/td>\n<\/tr>\n<tr>\n<td><span style=\"color: #000000;\"><strong>D\u00e9lai de traitement<\/strong><\/span><\/td>\n<td><span style=\"color: #000000;\">7-10 jours ouvrables<\/span><\/td>\n<\/tr>\n<tr>\n<td><span style=\"color: #000000;\"><strong>\u00c9ligibilit\u00e9<\/strong><\/span><\/td>\n<td><span style=\"color: #000000;\">Ouvert aux candidats internationaux \u00e9ligibles<\/span><\/td>\n<\/tr>\n<tr>\n<td><span style=\"color: #000000;\"><strong>Documents requis<\/strong><\/span><\/td>\n<td><span style=\"color: #000000;\">Pi\u00e8ce d'identit\u00e9 en cours de validit\u00e9, preuve de nationalit\u00e9, documents essentiels<\/span><\/td>\n<\/tr>\n<tr>\n<td><span style=\"color: #000000;\"><strong>Modes de paiement<\/strong><\/span><\/td>\n<td><span style=\"color: #000000;\">Bitcoin, USDT, transfert bancaire, Western Union, WorldRemit<\/span><\/td>\n<\/tr>\n<tr>\n<td><span style=\"color: #000000;\"><strong>Livraison<\/strong><\/span><\/td>\n<td><span style=\"color: #000000;\">Livraison s\u00e9curis\u00e9e dans le monde entier sous 7 \u00e0 10 jours<\/span><\/td>\n<\/tr>\n<tr>\n<td><span style=\"color: #000000;\"><strong>Soutien<\/strong><\/span><\/td>\n<td><span style=\"color: #000000;\">Assistance \u00e0 la client\u00e8le 24\/7<\/span><\/td>\n<\/tr>\n<\/tbody>\n<\/table>\n<h2><span style=\"color: #000000;\"><strong>Comment acheter un passeport costaricien en ligne - Guide \u00e9tape par \u00e9tape<\/strong><\/span><\/h2>\n<ol>\n<li><span style=\"color: #000000;\"><strong>Consultation initiale<\/strong>: Connectez-vous avec nous pour confirmer votre \u00e9ligibilit\u00e9 et comprendre les conditions de candidature.<\/span><\/li>\n<li><span style=\"color: #000000;\"><strong>Soumission de documents<\/strong>: T\u00e9l\u00e9chargez en toute s\u00e9curit\u00e9 les documents requis via notre portail crypt\u00e9.<\/span><\/li>\n<li><span style=\"color: #000000;\"><strong>Ach\u00e8vement du paiement<\/strong>: Choisissez parmi nos m\u00e9thodes de paiement flexibles pour compl\u00e9ter la transaction.<\/span><\/li>\n<li><span style=\"color: #000000;\"><strong>D\u00e9livrance du passeport<\/strong>: Recevez votre passeport costaricien dans un d\u00e9lai de <strong>7-10 jours ouvrables<\/strong> \u00e0 l'adresse choisie.<\/span><\/li>\n<\/ol>\n<h2><span style=\"color: #000000;\"><strong>Avantages suppl\u00e9mentaires du passeport costaricien<\/strong><\/span><\/h2>\n<ul>\n<li><span style=\"color: #000000;\"><strong>Orientation en mati\u00e8re de r\u00e9sidence<\/strong>: L'acc\u00e8s \u00e0 l'aide \u00e0 la r\u00e9installation et \u00e0 la r\u00e9sidence, qui garantit une transition sans heurts vers la communaut\u00e9 dynamique du Costa Rica.<\/span><\/li>\n<li><span style=\"color: #000000;\"><strong>Aide \u00e0 la traduction et \u00e0 la mise en conformit\u00e9<\/strong>: Nous apportons notre aide pour les traductions n\u00e9cessaires et veillons \u00e0 ce que les normes costariciennes soient respect\u00e9es.<\/span><\/li>\n<li><span style=\"color: #000000;\"><strong>Suivi des applications en temps r\u00e9el<\/strong>: Restez inform\u00e9 gr\u00e2ce \u00e0 une assistance 24h\/24 et 7j\/7 et \u00e0 des mises \u00e0 jour en direct de l'\u00e9tat de votre demande.<\/span><\/li>\n<\/ul>\n<h2><span style=\"color: #000000;\"><strong>Foire aux questions (FAQ)<\/strong><\/span><\/h2>\n<p><span style=\"color: #000000;\"><strong>1. Combien de temps faut-il pour traiter un passeport costaricien ?<\/strong><\/span><br \/>\n<span style=\"color: #000000;\">Le traitement prend g\u00e9n\u00e9ralement <strong>7-10 jours ouvrables<\/strong>.<\/span><\/p>\n<p><span style=\"color: #000000;\"><strong>2. Quelles sont les options de paiement que vous proposez ?<\/strong><\/span><br \/>\n<span style=\"color: #000000;\">Nous acceptons <strong>Bitcoin, USDT, transfert bancaire, Western Union et WorldRemit<\/strong>.<\/span><\/p>\n<p><span style=\"color: #000000;\"><strong>3. Comment garantissez-vous la confidentialit\u00e9 ?<\/strong><\/span><br \/>\n<span style=\"color: #000000;\">Notre processus de candidature est s\u00e9curis\u00e9 par des syst\u00e8mes crypt\u00e9s et des protocoles de confidentialit\u00e9 stricts afin de prot\u00e9ger vos donn\u00e9es personnelles.<\/span><\/p>\n<p><span style=\"color: #000000;\"><strong>4. Quels sont les avantages li\u00e9s \u00e0 la d\u00e9tention d'un passeport costaricien ?<\/strong><\/span><br \/>\n<span style=\"color: #000000;\">Un Costaricain <a href=\"https:\/\/globaldocs.store\/fr\/documents\/acheter-passeport-australien-en-ligne\/\">passeport<\/a> permet de voyager sans visa dans le monde entier, de b\u00e9n\u00e9ficier d'avantages fiscaux et d'investissements et de droits de r\u00e9sidence dans un pays magnifique et riche sur le plan \u00e9cologique.<\/span><\/p>\n<h2><span style=\"color: #000000;\"><strong>Commencez d\u00e8s aujourd'hui votre demande de passeport pour le Costa Rica<\/strong><\/span><\/h2>\n<p><span style=\"color: #000000;\">Faites l'exp\u00e9rience de la libert\u00e9 <strong>mobilit\u00e9 mondiale et r\u00e9sidence au Costa Rica<\/strong> en demandant votre passeport par l'interm\u00e9diaire de Global Docs Solutions. Gr\u00e2ce \u00e0 notre service fiable et \u00e0 nos conseils d'experts, votre parcours vers la citoyennet\u00e9 costaricienne se fera en toute transparence et en toute s\u00e9curit\u00e9.<a href=\"https:\/\/globaldocs.store\/fr\/contactez-nous\/\"> <strong>Contactez-nous<\/strong> <\/a>pour commencer votre demande et profiter de tous les avantages d'un passeport costaricien.<\/span><\/p>","protected":false},"excerpt":{"rendered":"<ul>\n<li><strong>Traitement rapide<\/strong>: Obtenez votre passeport costaricien dans un d\u00e9lai de <strong>7-10 jours ouvrables<\/strong>.<\/li>\n<li><strong>M\u00e9thodes de paiement flexibles<\/strong>: Les options comprennent <strong>Bitcoin, USDT, transfert bancaire, Western Union et WorldRemit<\/strong>.<\/li>\n<li><strong>S\u00e9curis\u00e9 et confidentiel<\/strong>: Nous accordons la priorit\u00e9 \u00e0 votre vie priv\u00e9e et \u00e0 votre s\u00e9curit\u00e9 gr\u00e2ce \u00e0 notre processus de candidature crypt\u00e9 et prot\u00e9g\u00e9.<\/li>\n<\/ul>","protected":false},"featured_media":2121,"comment_status":"open","ping_status":"closed","template":"","meta":{"_eb_attr":"","site-sidebar-layout":"default","site-content-layout":"","ast-site-content-layout":"default","site-content-style":"default","site-sidebar-style":"default","ast-global-header-display":"","ast-banner-title-visibility":"","ast-main-header-display":"","ast-hfb-above-header-display":"","ast-hfb-below-header-display":"","ast-hfb-mobile-header-display":"","site-post-title":"","ast-breadcrumbs-content":"","ast-featured-img":"","footer-sml-layout":"","ast-disable-related-posts":"","theme-transparent-header-meta":"default","adv-header-id-meta":"","stick-header-meta":"","header-above-stick-meta":"","header-main-stick-meta":"","header-below-stick-meta":"","astra-migrate-meta-layouts":"set","ast-page-background-enabled":"default","ast-page-background-meta":{"desktop":{"background-color":"","background-image":"","background-repeat":"repeat","background-position":"center center","background-size":"auto","background-attachment":"scroll","background-type":"","background-media":"","overlay-type":"","overlay-color":"","overlay-opacity":"","overlay-gradient":""},"tablet":{"background-color":"","background-image":"","background-repeat":"repeat","background-position":"center center","background-size":"auto","background-attachment":"scroll","background-type":"","background-media":"","overlay-type":"","overlay-color":"","overlay-opacity":"","overlay-gradient":""},"mobile":{"background-color":"","background-image":"","background-repeat":"repeat","background-position":"center center","background-size":"auto","background-attachment":"scroll","background-type":"","background-media":"","overlay-type":"","overlay-color":"","overlay-opacity":"","overlay-gradient":""}},"ast-content-background-meta":{"desktop":{"background-color":"var(--ast-global-color-5)","background-image":"","background-repeat":"repeat","background-position":"center center","background-size":"auto","background-attachment":"scroll","background-type":"","background-media":"","overlay-type":"","overlay-color":"","overlay-opacity":"","overlay-gradient":""},"tablet":{"background-color":"var(--ast-global-color-5)","background-image":"","background-repeat":"repeat","background-position":"center center","background-size":"auto","background-attachment":"scroll","background-type":"","background-media":"","overlay-type":"","overlay-color":"","overlay-opacity":"","overlay-gradient":""},"mobile":{"background-color":"var(--ast-global-color-5)","background-image":"","background-repeat":"repeat","background-position":"center center","background-size":"auto","background-attachment":"scroll","background-type":"","background-media":"","overlay-type":"","overlay-color":"","overlay-opacity":"","overlay-gradient":""}}},"product_brand":[],"product_cat":[17,52],"product_tag":[],"class_list":{"0":"post-2120","1":"product","2":"type-product","3":"status-publish","4":"has-post-thumbnail","6":"product_cat-globaldocs","7":"product_cat-passport-services","8":"desktop-align-left","9":"tablet-align-left","10":"mobile-align-left","12":"first","13":"instock","14":"shipping-taxable","15":"purchasable","16":"product-type-simple"},"_links":{"self":[{"href":"https:\/\/globaldocs.store\/fr\/wp-json\/wp\/v2\/product\/2120","targetHints":{"allow":["GET"]}}],"collection":[{"href":"https:\/\/globaldocs.store\/fr\/wp-json\/wp\/v2\/product"}],"about":[{"href":"https:\/\/globaldocs.store\/fr\/wp-json\/wp\/v2\/types\/product"}],"replies":[{"embeddable":true,"href":"https:\/\/globaldocs.store\/fr\/wp-json\/wp\/v2\/comments?post=2120"}],"version-history":[{"count":3,"href":"https:\/\/globaldocs.store\/fr\/wp-json\/wp\/v2\/product\/2120\/revisions"}],"predecessor-version":[{"id":2247,"href":"https:\/\/globaldocs.store\/fr\/wp-json\/wp\/v2\/product\/2120\/revisions\/2247"}],"wp:featuredmedia":[{"embeddable":true,"href":"https:\/\/globaldocs.store\/fr\/wp-json\/wp\/v2\/media\/2121"}],"wp:attachment":[{"href":"https:\/\/globaldocs.store\/fr\/wp-json\/wp\/v2\/media?parent=2120"}],"wp:term":[{"taxonomy":"product_brand","embeddable":true,"href":"https:\/\/globaldocs.store\/fr\/wp-json\/wp\/v2\/product_brand?post=2120"},{"taxonomy":"product_cat","embeddable":true,"href":"https:\/\/globaldocs.store\/fr\/wp-json\/wp\/v2\/product_cat?post=2120"},{"taxonomy":"product_tag","embeddable":true,"href":"https:\/\/globaldocs.store\/fr\/wp-json\/wp\/v2\/product_tag?post=2120"}],"curies":[{"name":"wp","href":"https:\/\/api.w.org\/{rel}","templated":true}]}}