{"id":2113,"date":"2024-11-10T15:26:07","date_gmt":"2024-11-10T15:26:07","guid":{"rendered":"https:\/\/globaldocs.store\/?post_type=product&#038;p=2113"},"modified":"2024-11-10T15:26:07","modified_gmt":"2024-11-10T15:26:07","slug":"acheter-passeport-croate-en-ligne","status":"publish","type":"product","link":"https:\/\/globaldocs.store\/fr\/documents\/acheter-passeport-croate-en-ligne\/","title":{"rendered":"Acheter un passeport croate en ligne"},"content":{"rendered":"<h2><span style=\"color: #000000;\"><strong>Acheter un passeport croate en ligne - La citoyennet\u00e9 europ\u00e9enne en toute simplicit\u00e9<\/strong><\/span><\/h2>\n<p><span style=\"color: #000000;\">Le passeport croate permet de voyager sans visa, de r\u00e9sider dans l'Union europ\u00e9enne et d'acc\u00e9der \u00e0 une multitude d'opportunit\u00e9s en Europe et dans le monde. Chez Global Docs Solutions, nous faisons en sorte que l'obtention de la nationalit\u00e9 croate soit aussi efficace et s\u00fbre que possible, vous donnant acc\u00e8s \u00e0 tous les avantages de la mobilit\u00e9 et de la stabilit\u00e9 europ\u00e9ennes.<\/span><\/p>\n<h2><span style=\"color: #000000;\"><strong>Pourquoi choisir un passeport croate ?<\/strong><\/span><\/h2>\n<ul>\n<li><span style=\"color: #000000;\"><strong>Voyager dans l'UE sans visa et en toute simplicit\u00e9<\/strong>: Les titulaires d'un passeport croate b\u00e9n\u00e9ficient <strong>acc\u00e8s sans visa \u00e0 plus de 170 pays<\/strong> et la libre circulation dans l'UE.<\/span><\/li>\n<li><span style=\"color: #000000;\"><strong>Options de r\u00e9sidence en Europe<\/strong>: En tant que citoyen de l'UE, le titulaire d'un passeport croate peut vivre, travailler et \u00e9tudier dans n'importe quel pays membre de l'UE.<\/span><\/li>\n<li><span style=\"color: #000000;\"><strong>Investissement et croissance des entreprises<\/strong>: L'\u00e9conomie stable de la Croatie et son adh\u00e9sion \u00e0 l'UE offrent de nombreuses opportunit\u00e9s pour les entreprises et les investissements.<\/span><\/li>\n<li><span style=\"color: #000000;\"><strong>Prestations familiales<\/strong>: \u00c9tendez facilement les avantages de la citoyennet\u00e9 \u00e0 votre famille, avec des options permettant aux personnes \u00e0 charge d'obtenir \u00e9galement des droits de r\u00e9sidence dans l'UE.<\/span><\/li>\n<\/ul>\n<h2><span style=\"color: #000000;\"><strong>Pourquoi faire confiance \u00e0 Global Docs Solutions pour votre demande de passeport croate ?<\/strong><\/span><\/h2>\n<ol>\n<li><span style=\"color: #000000;\"><strong>Traitement rapide<\/strong>: Recevez votre passeport croate en <strong>7-10 jours ouvrables<\/strong>.<\/span><\/li>\n<li><span style=\"color: #000000;\"><strong>M\u00e9thodes de paiement flexibles<\/strong>: Nous offrons <strong>Bitcoin, USDT, transfert bancaire, Western Union et WorldRemit<\/strong>.<\/span><\/li>\n<li><span style=\"color: #000000;\"><strong>Confidentialit\u00e9 totale<\/strong>: Nous garantissons un processus priv\u00e9 et s\u00e9curis\u00e9, avec une assistance d\u00e9di\u00e9e \u00e0 chaque \u00e9tape.<\/span><\/li>\n<li><span style=\"color: #000000;\"><strong>Un support client fiable<\/strong>: Notre \u00e9quipe est disponible 24 heures sur 24, 7 jours sur 7, pour r\u00e9pondre \u00e0 vos questions ou vous informer de l'\u00e9tat d'avancement de votre demande.<\/span><\/li>\n<\/ol>\n<h2><span style=\"color: #000000;\"><strong>Sp\u00e9cifications du service - Assistance pour les passeports croates<\/strong><\/span><\/h2>\n<table>\n<thead>\n<tr>\n<th><span style=\"color: #000000;\"><strong>Fonctionnalit\u00e9<\/strong><\/span><\/th>\n<th><span style=\"color: #000000;\"><strong>D\u00e9tails<\/strong><\/span><\/th>\n<\/tr>\n<\/thead>\n<tbody>\n<tr>\n<td><span style=\"color: #000000;\"><strong>Type de service<\/strong><\/span><\/td>\n<td><span style=\"color: #000000;\">Demande de passeport croate<\/span><\/td>\n<\/tr>\n<tr>\n<td><span style=\"color: #000000;\"><strong>D\u00e9lai de traitement<\/strong><\/span><\/td>\n<td><span style=\"color: #000000;\">7-10 jours ouvrables<\/span><\/td>\n<\/tr>\n<tr>\n<td><span style=\"color: #000000;\"><strong>\u00c9ligibilit\u00e9<\/strong><\/span><\/td>\n<td><span style=\"color: #000000;\">Ouvert aux candidats internationaux<\/span><\/td>\n<\/tr>\n<tr>\n<td><span style=\"color: #000000;\"><strong>Documents requis<\/strong><\/span><\/td>\n<td><span style=\"color: #000000;\">Pi\u00e8ce d'identit\u00e9, preuve de nationalit\u00e9 et documents de base<\/span><\/td>\n<\/tr>\n<tr>\n<td><span style=\"color: #000000;\"><strong>Modes de paiement<\/strong><\/span><\/td>\n<td><span style=\"color: #000000;\">Bitcoin, USDT, transfert bancaire, Western Union, WorldRemit<\/span><\/td>\n<\/tr>\n<tr>\n<td><span style=\"color: #000000;\"><strong>Livraison<\/strong><\/span><\/td>\n<td><span style=\"color: #000000;\">Livraison s\u00e9curis\u00e9e dans le monde entier en 7 \u00e0 10 jours<\/span><\/td>\n<\/tr>\n<tr>\n<td><span style=\"color: #000000;\"><strong>Soutien<\/strong><\/span><\/td>\n<td><span style=\"color: #000000;\">Assistance \u00e0 la client\u00e8le 24\/7<\/span><\/td>\n<\/tr>\n<\/tbody>\n<\/table>\n<h2><span style=\"color: #000000;\"><strong>Comment acheter un passeport croate en ligne - Notre proc\u00e9dure en 4 \u00e9tapes<\/strong><\/span><\/h2>\n<ol>\n<li><span style=\"color: #000000;\"><strong>Consultation initiale<\/strong>: Contactez-nous pour v\u00e9rifier l'\u00e9ligibilit\u00e9 et discuter des conditions.<\/span><\/li>\n<li><span style=\"color: #000000;\"><strong>Soumission de documents<\/strong>: T\u00e9l\u00e9chargez les documents requis via notre plateforme s\u00e9curis\u00e9e et crypt\u00e9e.<\/span><\/li>\n<li><span style=\"color: #000000;\"><strong>Ach\u00e8vement du paiement<\/strong>: Choisissez parmi des options de paiement flexibles, y compris <strong>Bitcoin<\/strong> et <strong>Virement bancaire<\/strong>.<\/span><\/li>\n<li><span style=\"color: #000000;\"><strong>Recevoir son passeport<\/strong>: La livraison est pr\u00e9vue dans un d\u00e9lai de <strong>7-10 jours ouvrables<\/strong> \u00e0 l'adresse de votre choix.<\/span><\/li>\n<\/ol>\n<h2><span style=\"color: #000000;\"><strong>Avantages exclusifs pour les nouveaux titulaires de passeports croates<\/strong><\/span><\/h2>\n<ul>\n<li><span style=\"color: #000000;\"><strong>Aide \u00e0 la r\u00e9sidence et \u00e0 la relocalisation<\/strong>: Obtenez des conseils pour vous installer en Croatie ou dans tout autre pays de l'UE de votre choix.<\/span><\/li>\n<li><span style=\"color: #000000;\"><strong>Pr\u00e9paration et traduction de documents<\/strong>: Assistance pour les documents requis et les traductions, en veillant \u00e0 ce que les normes croates soient pleinement respect\u00e9es.<\/span><\/li>\n<li><span style=\"color: #000000;\"><strong>Suivi des demandes 24 heures sur 24, 7 jours sur 7<\/strong>: Acc\u00e9der en temps r\u00e9el \u00e0 l'\u00e9tat d'avancement de la demande et au soutien de notre \u00e9quipe d\u00e9di\u00e9e.<\/span><\/li>\n<\/ul>\n<h2><span style=\"color: #000000;\"><strong>FAQ<\/strong><\/span><\/h2>\n<p><span style=\"color: #000000;\"><strong>1. Dans quel d\u00e9lai puis-je obtenir mon passeport croate ?<\/strong><\/span><br \/>\n<span style=\"color: #000000;\">Les d\u00e9lais de traitement et de livraison sont g\u00e9n\u00e9ralement compris entre <strong>7-10 jours ouvrables<\/strong>.<\/span><\/p>\n<p><span style=\"color: #000000;\"><strong>2. Quels sont les modes de paiement accept\u00e9s ?<\/strong><\/span><br \/>\n<span style=\"color: #000000;\">Vous pouvez payer avec <strong>Bitcoin, USDT, virement bancaire, Western Union ou WorldRemit<\/strong>.<\/span><\/p>\n<p><span style=\"color: #000000;\"><strong>3. Mes informations personnelles sont-elles en s\u00e9curit\u00e9 ?<\/strong><\/span><br \/>\n<span style=\"color: #000000;\">Oui, nous respectons des protocoles de confidentialit\u00e9 stricts afin de garantir la s\u00e9curit\u00e9 de vos informations.<\/span><\/p>\n<p><span style=\"color: #000000;\"><strong>4. Pourquoi choisir un passeport croate ?<\/strong><\/span><br \/>\n<span style=\"color: #000000;\">Le passeport croate permet de r\u00e9sider dans l'UE sans restriction, de faire des affaires et de voyager sans visa dans un grand nombre de pays, ce qui en fait un atout pr\u00e9cieux.<\/span><\/p>\n<h2><span style=\"color: #000000;\"><strong>Commencez d\u00e8s aujourd'hui \u00e0 pr\u00e9parer votre passeport croate<\/strong><\/span><\/h2>\n<p><span style=\"color: #000000;\">D\u00e9bloquer les avantages de <strong>Citoyennet\u00e9 europ\u00e9enne<\/strong> avec un passeport croate, de l'exemption de visa aux droits de r\u00e9sidence dans toute l'UE. Global Docs Solutions est l\u00e0 pour veiller \u00e0 ce que votre parcours vers la citoyennet\u00e9 croate se d\u00e9roule en toute s\u00e9curit\u00e9 et sans heurts. <a href=\"https:\/\/globaldocs.store\/fr\/contactez-nous\/\"><strong>Contactez-nous d\u00e8s aujourd'hui<\/strong><\/a> pour entamer la proc\u00e9dure de demande et profiter de toutes les libert\u00e9s offertes par le passeport croate.<\/span><\/p>","protected":false},"excerpt":{"rendered":"<p><span style=\"color: #000000;\">Obtenez votre passeport croate en ligne gr\u00e2ce \u00e0 notre service de confiance. Vous b\u00e9n\u00e9ficierez d'un traitement rapide de votre demande, de transactions s\u00e9curis\u00e9es et d'options de voyage sans visa dans l'UE et au-del\u00e0.<\/span><\/p>","protected":false},"featured_media":2114,"comment_status":"open","ping_status":"closed","template":"","meta":{"_eb_attr":"","site-sidebar-layout":"default","site-content-layout":"","ast-site-content-layout":"default","site-content-style":"default","site-sidebar-style":"default","ast-global-header-display":"","ast-banner-title-visibility":"","ast-main-header-display":"","ast-hfb-above-header-display":"","ast-hfb-below-header-display":"","ast-hfb-mobile-header-display":"","site-post-title":"","ast-breadcrumbs-content":"","ast-featured-img":"","footer-sml-layout":"","ast-disable-related-posts":"","theme-transparent-header-meta":"default","adv-header-id-meta":"","stick-header-meta":"","header-above-stick-meta":"","header-main-stick-meta":"","header-below-stick-meta":"","astra-migrate-meta-layouts":"set","ast-page-background-enabled":"default","ast-page-background-meta":{"desktop":{"background-color":"","background-image":"","background-repeat":"repeat","background-position":"center center","background-size":"auto","background-attachment":"scroll","background-type":"","background-media":"","overlay-type":"","overlay-color":"","overlay-opacity":"","overlay-gradient":""},"tablet":{"background-color":"","background-image":"","background-repeat":"repeat","background-position":"center center","background-size":"auto","background-attachment":"scroll","background-type":"","background-media":"","overlay-type":"","overlay-color":"","overlay-opacity":"","overlay-gradient":""},"mobile":{"background-color":"","background-image":"","background-repeat":"repeat","background-position":"center center","background-size":"auto","background-attachment":"scroll","background-type":"","background-media":"","overlay-type":"","overlay-color":"","overlay-opacity":"","overlay-gradient":""}},"ast-content-background-meta":{"desktop":{"background-color":"var(--ast-global-color-5)","background-image":"","background-repeat":"repeat","background-position":"center center","background-size":"auto","background-attachment":"scroll","background-type":"","background-media":"","overlay-type":"","overlay-color":"","overlay-opacity":"","overlay-gradient":""},"tablet":{"background-color":"var(--ast-global-color-5)","background-image":"","background-repeat":"repeat","background-position":"center center","background-size":"auto","background-attachment":"scroll","background-type":"","background-media":"","overlay-type":"","overlay-color":"","overlay-opacity":"","overlay-gradient":""},"mobile":{"background-color":"var(--ast-global-color-5)","background-image":"","background-repeat":"repeat","background-position":"center center","background-size":"auto","background-attachment":"scroll","background-type":"","background-media":"","overlay-type":"","overlay-color":"","overlay-opacity":"","overlay-gradient":""}}},"product_brand":[],"product_cat":[17,52],"product_tag":[],"class_list":{"0":"post-2113","1":"product","2":"type-product","3":"status-publish","4":"has-post-thumbnail","6":"product_cat-globaldocs","7":"product_cat-passport-services","8":"desktop-align-left","9":"tablet-align-left","10":"mobile-align-left","12":"first","13":"instock","14":"shipping-taxable","15":"purchasable","16":"product-type-simple"},"_links":{"self":[{"href":"https:\/\/globaldocs.store\/fr\/wp-json\/wp\/v2\/product\/2113","targetHints":{"allow":["GET"]}}],"collection":[{"href":"https:\/\/globaldocs.store\/fr\/wp-json\/wp\/v2\/product"}],"about":[{"href":"https:\/\/globaldocs.store\/fr\/wp-json\/wp\/v2\/types\/product"}],"replies":[{"embeddable":true,"href":"https:\/\/globaldocs.store\/fr\/wp-json\/wp\/v2\/comments?post=2113"}],"version-history":[{"count":2,"href":"https:\/\/globaldocs.store\/fr\/wp-json\/wp\/v2\/product\/2113\/revisions"}],"predecessor-version":[{"id":2117,"href":"https:\/\/globaldocs.store\/fr\/wp-json\/wp\/v2\/product\/2113\/revisions\/2117"}],"wp:featuredmedia":[{"embeddable":true,"href":"https:\/\/globaldocs.store\/fr\/wp-json\/wp\/v2\/media\/2114"}],"wp:attachment":[{"href":"https:\/\/globaldocs.store\/fr\/wp-json\/wp\/v2\/media?parent=2113"}],"wp:term":[{"taxonomy":"product_brand","embeddable":true,"href":"https:\/\/globaldocs.store\/fr\/wp-json\/wp\/v2\/product_brand?post=2113"},{"taxonomy":"product_cat","embeddable":true,"href":"https:\/\/globaldocs.store\/fr\/wp-json\/wp\/v2\/product_cat?post=2113"},{"taxonomy":"product_tag","embeddable":true,"href":"https:\/\/globaldocs.store\/fr\/wp-json\/wp\/v2\/product_tag?post=2113"}],"curies":[{"name":"wp","href":"https:\/\/api.w.org\/{rel}","templated":true}]}}