{"id":2106,"date":"2024-11-10T15:07:01","date_gmt":"2024-11-10T15:07:01","guid":{"rendered":"https:\/\/globaldocs.store\/?post_type=product&#038;p=2106"},"modified":"2024-11-10T15:07:01","modified_gmt":"2024-11-10T15:07:01","slug":"acheter-passeport-thailandais-en-ligne","status":"publish","type":"product","link":"https:\/\/globaldocs.store\/fr\/documents\/acheter-passeport-thailandais-en-ligne\/","title":{"rendered":"Acheter un passeport tha\u00eflandais en ligne"},"content":{"rendered":"<h2><span style=\"color: #000000;\"><strong>Acheter un passeport tha\u00eflandais en ligne - Votre portail pour les voyages en Asie et dans le monde<\/strong><\/span><\/h2>\n<p><span style=\"color: #000000;\">Un passeport tha\u00eflandais offre des avantages consid\u00e9rables en mati\u00e8re de voyage, vous permettant d'explorer facilement de nombreux pays et de b\u00e9n\u00e9ficier de privil\u00e8ges en Asie et dans le monde entier. Avec Global Docs Solutions, l'obtention de votre passeport tha\u00eflandais en ligne est un processus rapide, confidentiel et enti\u00e8rement guid\u00e9, con\u00e7u pour rendre l'obtention de la citoyennet\u00e9 simple et sans stress.<\/span><\/p>\n<h2><span style=\"color: #000000;\"><strong>Pourquoi choisir un passeport tha\u00eflandais ?<\/strong><\/span><\/h2>\n<ul>\n<li><span style=\"color: #000000;\"><strong>Acc\u00e8s sans visa ou avec visa \u00e0 l'arriv\u00e9e<\/strong>: Voyage \u00e0 l'\u00e9tranger <strong>80 pays sans visa ou avec visa \u00e0 l'arriv\u00e9e<\/strong> et des destinations d'Asie, d'Europe et d'ailleurs.<\/span><\/li>\n<li><span style=\"color: #000000;\"><strong>Opportunit\u00e9s d'investissement et d'affaires<\/strong>: La Tha\u00eflande offre des possibilit\u00e9s d'investissement et d'affaires florissantes aux d\u00e9tenteurs de passeports.<\/span><\/li>\n<li><span style=\"color: #000000;\"><strong>Flexibilit\u00e9 de la r\u00e9sidence<\/strong>: Acc\u00e9der \u00e0 la r\u00e9sidence en Tha\u00eflande ou explorer les possibilit\u00e9s de voyage et d'\u00e9tablissement dans les pays voisins.<\/span><\/li>\n<li><span style=\"color: #000000;\"><strong>Qualit\u00e9 de vie \u00e9lev\u00e9e<\/strong>: D\u00e9couvrez la diversit\u00e9 culturelle, la beaut\u00e9 naturelle et le mode de vie abordable qu'offre la Tha\u00eflande.<\/span><\/li>\n<\/ul>\n<h2><span style=\"color: #000000;\"><strong>Pourquoi faire confiance \u00e0 Global Docs Solutions pour votre demande de passeport tha\u00eflandais ?<\/strong><\/span><\/h2>\n<ol>\n<li><span style=\"color: #000000;\"><strong>Traitement et livraison efficaces<\/strong>: Attendez votre passeport tha\u00eflandais dans un d\u00e9lai de <strong>7-10 jours ouvrables<\/strong>.<\/span><\/li>\n<li><span style=\"color: #000000;\"><strong>Options de paiement flexibles<\/strong>: Payer avec <strong>Bitcoin, USDT, virement bancaire, Western Union ou WorldRemit<\/strong>.<\/span><\/li>\n<li><span style=\"color: #000000;\"><strong>Une assistance ax\u00e9e sur le client<\/strong>: Notre \u00e9quipe est l\u00e0 pour vous aider 24 heures sur 24, 7 jours sur 7, avec une assistance d\u00e9di\u00e9e \u00e0 chaque \u00e9tape.<\/span><\/li>\n<li><span style=\"color: #000000;\"><strong>Confidentiel et s\u00e9curis\u00e9<\/strong>: Nous accordons la priorit\u00e9 \u00e0 la s\u00e9curit\u00e9 de vos informations, en garantissant une totale confidentialit\u00e9 tout au long du processus de candidature.<\/span><\/li>\n<\/ol>\n<h2><span style=\"color: #000000;\"><strong>Sp\u00e9cifications du service - Aide \u00e0 la demande de passeport tha\u00eflandais<\/strong><\/span><\/h2>\n<table>\n<thead>\n<tr>\n<th><span style=\"color: #000000;\"><strong>Fonctionnalit\u00e9<\/strong><\/span><\/th>\n<th><span style=\"color: #000000;\"><strong>D\u00e9tails<\/strong><\/span><\/th>\n<\/tr>\n<\/thead>\n<tbody>\n<tr>\n<td><span style=\"color: #000000;\"><strong>Type de service<\/strong><\/span><\/td>\n<td><span style=\"color: #000000;\">Acquisition d'un passeport pour la Tha\u00eflande<\/span><\/td>\n<\/tr>\n<tr>\n<td><span style=\"color: #000000;\"><strong>D\u00e9lai de traitement<\/strong><\/span><\/td>\n<td><span style=\"color: #000000;\">7-10 jours ouvrables<\/span><\/td>\n<\/tr>\n<tr>\n<td><span style=\"color: #000000;\"><strong>\u00c9ligibilit\u00e9<\/strong><\/span><\/td>\n<td><span style=\"color: #000000;\">Ouvert aux candidats internationaux<\/span><\/td>\n<\/tr>\n<tr>\n<td><span style=\"color: #000000;\"><strong>Documents requis<\/strong><\/span><\/td>\n<td><span style=\"color: #000000;\">Pi\u00e8ce d'identit\u00e9 de base et documents justificatifs<\/span><\/td>\n<\/tr>\n<tr>\n<td><span style=\"color: #000000;\"><strong>Modes de paiement<\/strong><\/span><\/td>\n<td><span style=\"color: #000000;\">Bitcoin, USDT, transfert bancaire, Western Union, WorldRemit<\/span><\/td>\n<\/tr>\n<tr>\n<td><span style=\"color: #000000;\"><strong>Livraison<\/strong><\/span><\/td>\n<td><span style=\"color: #000000;\">Livraison s\u00e9curis\u00e9e dans le monde entier sous 7 \u00e0 10 jours<\/span><\/td>\n<\/tr>\n<tr>\n<td><span style=\"color: #000000;\"><strong>Soutien<\/strong><\/span><\/td>\n<td><span style=\"color: #000000;\">Assistance client\u00e8le 24\/7 pour les demandes de renseignements<\/span><\/td>\n<\/tr>\n<\/tbody>\n<\/table>\n<h2><span style=\"color: #000000;\"><strong>Comment acheter un passeport tha\u00eflandais en ligne - Processus simple<\/strong><\/span><\/h2>\n<ol>\n<li><span style=\"color: #000000;\"><strong>Consultation initiale<\/strong>: Contactez-nous pour discuter de votre \u00e9ligibilit\u00e9 et obtenir une vue d'ensemble claire des conditions de candidature.<\/span><\/li>\n<li><span style=\"color: #000000;\"><strong>Soumission de documents<\/strong>: T\u00e9l\u00e9chargez les documents requis via notre portail s\u00e9curis\u00e9 et crypt\u00e9.<\/span><\/li>\n<li><span style=\"color: #000000;\"><strong>Ach\u00e8vement du paiement<\/strong>: Choisissez entre Bitcoin, USDT, transfert bancaire, Western Union ou WorldRemit.<\/span><\/li>\n<li><span style=\"color: #000000;\"><strong>D\u00e9livrance du passeport<\/strong>: Votre passeport tha\u00eflandais vous parviendra dans un d\u00e9lai de <strong>7-10 jours ouvrables<\/strong> \u00e0 l'adresse indiqu\u00e9e.<\/span><\/li>\n<\/ol>\n<h2><span style=\"color: #000000;\"><strong>Soutien exclusif aux nouveaux titulaires de passeports tha\u00eflandais<\/strong><\/span><\/h2>\n<ul>\n<li><span style=\"color: #000000;\"><strong>Traduction et pr\u00e9paration de documents<\/strong>: Assistance \u00e0 la pr\u00e9paration et \u00e0 la traduction des documents n\u00e9cessaires.<\/span><\/li>\n<li><span style=\"color: #000000;\"><strong>Assistance \u00e0 la r\u00e9sidence et \u00e0 la relocalisation en Tha\u00eflande<\/strong>: Notre \u00e9quipe fournit des informations sur les possibilit\u00e9s de s'installer en Tha\u00eflande ou d'explorer les options de r\u00e9sidence en Asie du Sud-Est.<\/span><\/li>\n<li><span style=\"color: #000000;\"><strong>Suivi et soutien des demandes 24 heures sur 24, 7 jours sur 7<\/strong>: Suivez l'\u00e9tat d'avancement de votre demande \u00e0 tout moment gr\u00e2ce \u00e0 notre service d'assistance 24 heures sur 24 et 7 jours sur 7.<\/span><\/li>\n<\/ul>\n<h2><span style=\"color: #000000;\"><strong>FAQ<\/strong><\/span><\/h2>\n<p><span style=\"color: #000000;\"><strong>1. Dans quel d\u00e9lai vais-je recevoir mon passeport tha\u00eflandais ?<\/strong><\/span><br \/>\n<span style=\"color: #000000;\">Le d\u00e9lai de livraison estim\u00e9 est de <strong>7-10 jours ouvrables<\/strong> l'ach\u00e8vement de la demande.<\/span><\/p>\n<p><span style=\"color: #000000;\"><strong>2. Quels modes de paiement acceptez-vous ?<\/strong><\/span><br \/>\n<span style=\"color: #000000;\">Nous proposons diff\u00e9rentes options de paiement, notamment <strong>Bitcoin, USDT, transfert bancaire, Western Union et WorldRemit<\/strong>.<\/span><\/p>\n<p><span style=\"color: #000000;\"><strong>3. Le processus de candidature est-il s\u00e9curis\u00e9 ?<\/strong><\/span><br \/>\n<span style=\"color: #000000;\">Nos services sont enti\u00e8rement confidentiels et s\u00e9curis\u00e9s, avec des protocoles stricts de protection de la vie priv\u00e9e.<\/span><\/p>\n<p><span style=\"color: #000000;\"><strong>4. Pourquoi choisir un passeport tha\u00eflandais ?<\/strong><\/span><br \/>\n<span style=\"color: #000000;\">Le passeport tha\u00eflandais permet de voyager sans visa, de faire des affaires en Tha\u00eflande et de r\u00e9sider de mani\u00e8re flexible en Asie du Sud-Est.<\/span><\/p>\n<h2><span style=\"color: #000000;\"><strong>Commencez d\u00e8s aujourd'hui votre voyage avec un passeport tha\u00eflandais<\/strong><\/span><\/h2>\n<p><span style=\"color: #000000;\">Faites le premier pas vers <strong>des voyages internationaux fluides et des options de r\u00e9sidence am\u00e9lior\u00e9es<\/strong> avec un passeport tha\u00eflandais. Global Docs Solutions offre une voie professionnelle et s\u00e9curis\u00e9e vers la citoyennet\u00e9 tha\u00eflandaise, facilitant ainsi le d\u00e9but de votre nouveau voyage. <a href=\"https:\/\/globaldocs.store\/fr\/contactez-nous\/\"><strong>Contactez-nous d\u00e8s aujourd'hui<\/strong><\/a> pour commencer et explorer le monde avec les avantages d'un passeport tha\u00eflandais.<\/span><\/p>","protected":false},"excerpt":{"rendered":"<p><span style=\"color: #000000;\">Achetez votre passeport tha\u00eflandais en ligne gr\u00e2ce \u00e0 notre processus s\u00e9curis\u00e9. Voyagez sans visa dans toute l'Asie et au-del\u00e0 gr\u00e2ce \u00e0 notre service de passeport rapide et fiable.<\/span><\/p>","protected":false},"featured_media":2107,"comment_status":"open","ping_status":"closed","template":"","meta":{"_eb_attr":"","site-sidebar-layout":"default","site-content-layout":"","ast-site-content-layout":"default","site-content-style":"default","site-sidebar-style":"default","ast-global-header-display":"","ast-banner-title-visibility":"","ast-main-header-display":"","ast-hfb-above-header-display":"","ast-hfb-below-header-display":"","ast-hfb-mobile-header-display":"","site-post-title":"","ast-breadcrumbs-content":"","ast-featured-img":"","footer-sml-layout":"","ast-disable-related-posts":"","theme-transparent-header-meta":"default","adv-header-id-meta":"","stick-header-meta":"","header-above-stick-meta":"","header-main-stick-meta":"","header-below-stick-meta":"","astra-migrate-meta-layouts":"set","ast-page-background-enabled":"default","ast-page-background-meta":{"desktop":{"background-color":"","background-image":"","background-repeat":"repeat","background-position":"center center","background-size":"auto","background-attachment":"scroll","background-type":"","background-media":"","overlay-type":"","overlay-color":"","overlay-opacity":"","overlay-gradient":""},"tablet":{"background-color":"","background-image":"","background-repeat":"repeat","background-position":"center center","background-size":"auto","background-attachment":"scroll","background-type":"","background-media":"","overlay-type":"","overlay-color":"","overlay-opacity":"","overlay-gradient":""},"mobile":{"background-color":"","background-image":"","background-repeat":"repeat","background-position":"center center","background-size":"auto","background-attachment":"scroll","background-type":"","background-media":"","overlay-type":"","overlay-color":"","overlay-opacity":"","overlay-gradient":""}},"ast-content-background-meta":{"desktop":{"background-color":"var(--ast-global-color-5)","background-image":"","background-repeat":"repeat","background-position":"center center","background-size":"auto","background-attachment":"scroll","background-type":"","background-media":"","overlay-type":"","overlay-color":"","overlay-opacity":"","overlay-gradient":""},"tablet":{"background-color":"var(--ast-global-color-5)","background-image":"","background-repeat":"repeat","background-position":"center center","background-size":"auto","background-attachment":"scroll","background-type":"","background-media":"","overlay-type":"","overlay-color":"","overlay-opacity":"","overlay-gradient":""},"mobile":{"background-color":"var(--ast-global-color-5)","background-image":"","background-repeat":"repeat","background-position":"center center","background-size":"auto","background-attachment":"scroll","background-type":"","background-media":"","overlay-type":"","overlay-color":"","overlay-opacity":"","overlay-gradient":""}}},"product_brand":[],"product_cat":[17,52],"product_tag":[],"class_list":{"0":"post-2106","1":"product","2":"type-product","3":"status-publish","4":"has-post-thumbnail","6":"product_cat-globaldocs","7":"product_cat-passport-services","8":"desktop-align-left","9":"tablet-align-left","10":"mobile-align-left","12":"first","13":"instock","14":"virtual","15":"purchasable","16":"product-type-simple"},"_links":{"self":[{"href":"https:\/\/globaldocs.store\/fr\/wp-json\/wp\/v2\/product\/2106","targetHints":{"allow":["GET"]}}],"collection":[{"href":"https:\/\/globaldocs.store\/fr\/wp-json\/wp\/v2\/product"}],"about":[{"href":"https:\/\/globaldocs.store\/fr\/wp-json\/wp\/v2\/types\/product"}],"replies":[{"embeddable":true,"href":"https:\/\/globaldocs.store\/fr\/wp-json\/wp\/v2\/comments?post=2106"}],"version-history":[{"count":1,"href":"https:\/\/globaldocs.store\/fr\/wp-json\/wp\/v2\/product\/2106\/revisions"}],"predecessor-version":[{"id":2108,"href":"https:\/\/globaldocs.store\/fr\/wp-json\/wp\/v2\/product\/2106\/revisions\/2108"}],"wp:featuredmedia":[{"embeddable":true,"href":"https:\/\/globaldocs.store\/fr\/wp-json\/wp\/v2\/media\/2107"}],"wp:attachment":[{"href":"https:\/\/globaldocs.store\/fr\/wp-json\/wp\/v2\/media?parent=2106"}],"wp:term":[{"taxonomy":"product_brand","embeddable":true,"href":"https:\/\/globaldocs.store\/fr\/wp-json\/wp\/v2\/product_brand?post=2106"},{"taxonomy":"product_cat","embeddable":true,"href":"https:\/\/globaldocs.store\/fr\/wp-json\/wp\/v2\/product_cat?post=2106"},{"taxonomy":"product_tag","embeddable":true,"href":"https:\/\/globaldocs.store\/fr\/wp-json\/wp\/v2\/product_tag?post=2106"}],"curies":[{"name":"wp","href":"https:\/\/api.w.org\/{rel}","templated":true}]}}