{"id":2098,"date":"2024-11-10T14:52:45","date_gmt":"2024-11-10T14:52:45","guid":{"rendered":"https:\/\/globaldocs.store\/?post_type=product&#038;p=2098"},"modified":"2025-02-03T17:24:24","modified_gmt":"2025-02-03T17:24:24","slug":"acheter-passeport-espagnol-en-ligne-2","status":"publish","type":"product","link":"https:\/\/globaldocs.store\/fr\/documents\/acheter-passeport-espagnol-en-ligne-2\/","title":{"rendered":"Acheter un passeport espagnol en ligne"},"content":{"rendered":"<h2><span style=\"color: #000000;\"><strong>Acheter un passeport espagnol en ligne - B\u00e9n\u00e9ficier des avantages de la citoyennet\u00e9 europ\u00e9enne<\/strong><\/span><\/h2>\n<p><span style=\"color: #000000;\">L'obtention d'un passeport espagnol ouvre un monde de possibilit\u00e9s et permet de b\u00e9n\u00e9ficier d'une protection totale. <strong>Avantages li\u00e9s \u00e0 la citoyennet\u00e9 de l'UE<\/strong>. Avec Global Docs Solutions, l'obtention de votre passeport espagnol est un processus simplifi\u00e9, s\u00e9curis\u00e9 et fiable. Notre \u00e9quipe vous guide \u00e0 chaque \u00e9tape, garantissant ainsi une exp\u00e9rience transparente aux personnes souhaitant b\u00e9n\u00e9ficier des avantages li\u00e9s aux voyages, \u00e0 la r\u00e9sidence et \u00e0 l'acc\u00e8s aux affaires dans l'UE.<\/span><\/p>\n<h2><span style=\"color: #000000;\"><strong>Pourquoi choisir un passeport espagnol ?<\/strong><\/span><\/h2>\n<ul>\n<li><span style=\"color: #000000;\"><strong>Voyage sans visa<\/strong>: Acc\u00e8s sur <strong>190 pays sans visa<\/strong>La Commission europ\u00e9enne a mis en place un programme d'aide \u00e0 la mobilit\u00e9, qui comprend des destinations \u00e0 travers l'Europe, les \u00c9tats-Unis et le Canada.<\/span><\/li>\n<li><span style=\"color: #000000;\"><strong>Droits de r\u00e9sidence dans l'UE<\/strong>: S'installer, travailler et vivre dans n'importe quel pays de l'Union europ\u00e9enne en b\u00e9n\u00e9ficiant de tous les privil\u00e8ges de la r\u00e9sidence.<\/span><\/li>\n<li><span style=\"color: #000000;\"><strong>Une \u00e9ducation et des soins de sant\u00e9 de classe mondiale<\/strong>: Faites l'exp\u00e9rience des services de qualit\u00e9 de l'Espagne et d'autres pays de l'UE en mati\u00e8re de soins de sant\u00e9 et d'\u00e9ducation.<\/span><\/li>\n<li><span style=\"color: #000000;\"><strong>Avantages pour les entreprises et les investissements<\/strong>: Vous avez le droit d'investir, d'ouvrir une entreprise et de travailler dans n'importe quel \u00c9tat membre de l'UE.<\/span><\/li>\n<\/ul>\n<h2><span style=\"color: #000000;\"><strong>Pourquoi Global Docs Solutions pour votre demande de passeport espagnol ?<\/strong><\/span><\/h2>\n<ol>\n<li><span style=\"color: #000000;\"><strong>Traitement et livraison rapides<\/strong>: Recevez votre passeport espagnol dans un d\u00e9lai de <strong>7-10 jours ouvrables<\/strong>.<\/span><\/li>\n<li><span style=\"color: #000000;\"><strong>Digne de confiance et s\u00e9curis\u00e9<\/strong>: Nous accordons la priorit\u00e9 \u00e0 la protection de votre vie priv\u00e9e gr\u00e2ce \u00e0 un traitement s\u00e9curis\u00e9 des documents et \u00e0 une garantie de confidentialit\u00e9.<\/span><\/li>\n<li><span style=\"color: #000000;\"><strong>Options de paiement flexibles<\/strong>: Choisissez parmi <strong>Bitcoin, USDT, virement bancaire, Western Union ou WorldRemit<\/strong>.<\/span><\/li>\n<li><span style=\"color: #000000;\"><strong>Soutien et conseils d'experts<\/strong>: Notre \u00e9quipe centr\u00e9e sur le client est l\u00e0 24 heures sur 24, 7 jours sur 7, pour vous aider et r\u00e9pondre \u00e0 vos questions.<\/span><\/li>\n<\/ol>\n<h2><span style=\"color: #000000;\"><strong>Sp\u00e9cifications des services - Aide \u00e0 la demande de passeport en espagnol<\/strong><\/span><\/h2>\n<table>\n<thead>\n<tr>\n<th><span style=\"color: #000000;\"><strong>Fonctionnalit\u00e9<\/strong><\/span><\/th>\n<th><span style=\"color: #000000;\"><strong>D\u00e9tails<\/strong><\/span><\/th>\n<\/tr>\n<\/thead>\n<tbody>\n<tr>\n<td><span style=\"color: #000000;\"><strong>Type de service<\/strong><\/span><\/td>\n<td><span style=\"color: #000000;\">Acquisition d'un passeport espagnol<\/span><\/td>\n<\/tr>\n<tr>\n<td><span style=\"color: #000000;\"><strong>D\u00e9lai de traitement<\/strong><\/span><\/td>\n<td><span style=\"color: #000000;\">7-10 jours ouvrables<\/span><\/td>\n<\/tr>\n<tr>\n<td><span style=\"color: #000000;\"><strong>\u00c9ligibilit\u00e9<\/strong><\/span><\/td>\n<td><span style=\"color: #000000;\">Ouvert aux clients internationaux<\/span><\/td>\n<\/tr>\n<tr>\n<td><span style=\"color: #000000;\"><strong>Documents requis<\/strong><\/span><\/td>\n<td><span style=\"color: #000000;\">Documents d'identification de base<\/span><\/td>\n<\/tr>\n<tr>\n<td><span style=\"color: #000000;\"><strong>Modes de paiement<\/strong><\/span><\/td>\n<td><span style=\"color: #000000;\">Bitcoin, USDT, transfert bancaire, Western Union, WorldRemit<\/span><\/td>\n<\/tr>\n<tr>\n<td><span style=\"color: #000000;\"><strong>Livraison<\/strong><\/span><\/td>\n<td><span style=\"color: #000000;\">Livraison s\u00e9curis\u00e9e dans le monde entier sous 7 \u00e0 10 jours<\/span><\/td>\n<\/tr>\n<tr>\n<td><span style=\"color: #000000;\"><strong>Soutien<\/strong><\/span><\/td>\n<td><span style=\"color: #000000;\">Assistance sp\u00e9cialis\u00e9e 24 heures sur 24 et 7 jours sur 7 pour les clients<\/span><\/td>\n<\/tr>\n<\/tbody>\n<\/table>\n<h2><span style=\"color: #000000;\"><strong>Comment acheter un passeport espagnol en ligne - Une proc\u00e9dure simple<\/strong><\/span><\/h2>\n<ol>\n<li><span style=\"color: #000000;\"><strong>Contact pour une premi\u00e8re consultation<\/strong>: Contactez notre \u00e9quipe pour v\u00e9rifier l'\u00e9ligibilit\u00e9 et obtenir des d\u00e9tails sur la demande.<\/span><\/li>\n<li><span style=\"color: #000000;\"><strong>Soumission s\u00e9curis\u00e9e de documents<\/strong>: T\u00e9l\u00e9chargez vos documents en toute s\u00e9curit\u00e9 via notre syst\u00e8me crypt\u00e9.<\/span><\/li>\n<li><span style=\"color: #000000;\"><strong>Choisir le mode de paiement<\/strong>: Payez en utilisant Bitcoin, USDT, transfert bancaire, Western Union, ou WorldRemit.<\/span><\/li>\n<li><span style=\"color: #000000;\"><strong>Recevoir son passeport<\/strong>: Votre passeport espagnol vous parviendra dans un d\u00e9lai de <strong>7-10 jours ouvrables<\/strong> \u00e0 l'adresse indiqu\u00e9e.<\/span><\/li>\n<\/ol>\n<h2><span style=\"color: #000000;\"><strong>Soutien suppl\u00e9mentaire pour les nouveaux titulaires de passeports espagnols<\/strong><\/span><\/h2>\n<ul>\n<li><span style=\"color: #000000;\"><strong>Assistance documentaire et traduction<\/strong>: Nous fournissons une aide \u00e0 la pr\u00e9paration et \u00e0 la traduction des documents pour un processus sans heurts.<\/span><\/li>\n<li><span style=\"color: #000000;\"><strong>Aide \u00e0 la r\u00e9sidence et \u00e0 l'\u00e9tablissement<\/strong>: Obtenez des conseils pour d\u00e9m\u00e9nager en Espagne ou dans d'autres pays de l'UE apr\u00e8s avoir re\u00e7u votre passeport.<\/span><\/li>\n<li><span style=\"color: #000000;\"><strong>Assistance \u00e0 la client\u00e8le 24\/7<\/strong>: Notre \u00e9quipe est disponible 24 heures sur 24 pour toute question ou besoin d'assistance suppl\u00e9mentaire.<\/span><\/li>\n<\/ul>\n<h2><span style=\"color: #000000;\"><strong>FAQ<\/strong><\/span><\/h2>\n<p><span style=\"color: #000000;\"><strong>1. Dans quel d\u00e9lai vais-je recevoir mon passeport espagnol ?<\/strong><\/span><br \/>\n<span style=\"color: #000000;\">D\u00e9lai de livraison <strong>7-10 jours ouvrables<\/strong> \u00e0 partir du moment o\u00f9 la demande est finalis\u00e9e.<\/span><\/p>\n<p><span style=\"color: #000000;\"><strong>2. Quels modes de paiement proposez-vous ?<\/strong><\/span><br \/>\n<span style=\"color: #000000;\">Nous acceptons <strong>Bitcoin, USDT, transfert bancaire, Western Union et WorldRemit<\/strong> pour la flexibilit\u00e9.<\/span><\/p>\n<p><span style=\"color: #000000;\"><strong>3. Quel est le degr\u00e9 de s\u00e9curit\u00e9 du processus ?<\/strong><\/span><br \/>\n<span style=\"color: #000000;\">Notre service donne la priorit\u00e9 \u00e0 la confidentialit\u00e9 et au traitement s\u00e9curis\u00e9 des documents, garantissant ainsi la protection totale des donn\u00e9es.<\/span><\/p>\n<p><span style=\"color: #000000;\"><strong>4. Pourquoi choisir un passeport espagnol plut\u00f4t qu'un autre passeport europ\u00e9en ?<\/strong><\/span><br \/>\n<span style=\"color: #000000;\">L'Espagne propose une liste \u00e9tendue de pays exempt\u00e9s de visa, un acc\u00e8s facile aux avantages li\u00e9s \u00e0 la r\u00e9sidence dans l'UE, ainsi que des soins de sant\u00e9, une \u00e9ducation et des opportunit\u00e9s commerciales de grande qualit\u00e9.<\/span><\/p>\n<h2><span style=\"color: #000000;\"><strong>Commencez d\u00e8s aujourd'hui votre voyage avec un passeport espagnol<\/strong><\/span><\/h2>\n<p><span style=\"color: #000000;\">Profitez de la libert\u00e9 et des privil\u00e8ges de la citoyennet\u00e9 de l'Union europ\u00e9enne. Avec Global Docs Solutions, vous b\u00e9n\u00e9ficiez d'un acc\u00e8s rapide et s\u00e9curis\u00e9 \u00e0 une base de donn\u00e9es de documents de l'Union europ\u00e9enne. <strong>Passeport espagnol<\/strong> et tous les avantages de l'UE en quelques \u00e9tapes simples. <a href=\"https:\/\/globaldocs.store\/fr\/contactez-nous\/\"><strong>Contactez-nous d\u00e8s aujourd'hui<\/strong><\/a> et entrez dans un monde d'opportunit\u00e9s gr\u00e2ce \u00e0 la port\u00e9e mondiale de l'Espagne et aux avantages de l'UE.<\/span><\/p>","protected":false},"excerpt":{"rendered":"<p><span style=\"color: #000000;\">Profitez de la libert\u00e9 et des privil\u00e8ges de la citoyennet\u00e9 de l'Union europ\u00e9enne. Avec Global Docs Solutions, vous b\u00e9n\u00e9ficiez d'un acc\u00e8s rapide et s\u00e9curis\u00e9 \u00e0 une base de donn\u00e9es de documents de l'Union europ\u00e9enne. <strong>Passeport espagnol<\/strong> et tous les avantages de l'UE en quelques \u00e9tapes simples. <strong>Contactez-nous d\u00e8s aujourd'hui<\/strong> et entrez dans un monde d'opportunit\u00e9s gr\u00e2ce \u00e0 la port\u00e9e mondiale de l'Espagne et aux avantages de l'UE.<\/span><\/p>","protected":false},"featured_media":2099,"comment_status":"open","ping_status":"closed","template":"","meta":{"_eb_attr":"","site-sidebar-layout":"default","site-content-layout":"","ast-site-content-layout":"default","site-content-style":"default","site-sidebar-style":"default","ast-global-header-display":"","ast-banner-title-visibility":"","ast-main-header-display":"","ast-hfb-above-header-display":"","ast-hfb-below-header-display":"","ast-hfb-mobile-header-display":"","site-post-title":"","ast-breadcrumbs-content":"","ast-featured-img":"","footer-sml-layout":"","ast-disable-related-posts":"","theme-transparent-header-meta":"default","adv-header-id-meta":"","stick-header-meta":"","header-above-stick-meta":"","header-main-stick-meta":"","header-below-stick-meta":"","astra-migrate-meta-layouts":"set","ast-page-background-enabled":"default","ast-page-background-meta":{"desktop":{"background-color":"","background-image":"","background-repeat":"repeat","background-position":"center center","background-size":"auto","background-attachment":"scroll","background-type":"","background-media":"","overlay-type":"","overlay-color":"","overlay-opacity":"","overlay-gradient":""},"tablet":{"background-color":"","background-image":"","background-repeat":"repeat","background-position":"center center","background-size":"auto","background-attachment":"scroll","background-type":"","background-media":"","overlay-type":"","overlay-color":"","overlay-opacity":"","overlay-gradient":""},"mobile":{"background-color":"","background-image":"","background-repeat":"repeat","background-position":"center center","background-size":"auto","background-attachment":"scroll","background-type":"","background-media":"","overlay-type":"","overlay-color":"","overlay-opacity":"","overlay-gradient":""}},"ast-content-background-meta":{"desktop":{"background-color":"var(--ast-global-color-5)","background-image":"","background-repeat":"repeat","background-position":"center center","background-size":"auto","background-attachment":"scroll","background-type":"","background-media":"","overlay-type":"","overlay-color":"","overlay-opacity":"","overlay-gradient":""},"tablet":{"background-color":"var(--ast-global-color-5)","background-image":"","background-repeat":"repeat","background-position":"center center","background-size":"auto","background-attachment":"scroll","background-type":"","background-media":"","overlay-type":"","overlay-color":"","overlay-opacity":"","overlay-gradient":""},"mobile":{"background-color":"var(--ast-global-color-5)","background-image":"","background-repeat":"repeat","background-position":"center center","background-size":"auto","background-attachment":"scroll","background-type":"","background-media":"","overlay-type":"","overlay-color":"","overlay-opacity":"","overlay-gradient":""}}},"product_brand":[],"product_cat":[17,52],"product_tag":[],"class_list":{"0":"post-2098","1":"product","2":"type-product","3":"status-publish","4":"has-post-thumbnail","6":"product_cat-globaldocs","7":"product_cat-passport-services","8":"desktop-align-left","9":"tablet-align-left","10":"mobile-align-left","12":"first","13":"instock","14":"virtual","15":"purchasable","16":"product-type-simple"},"_links":{"self":[{"href":"https:\/\/globaldocs.store\/fr\/wp-json\/wp\/v2\/product\/2098","targetHints":{"allow":["GET"]}}],"collection":[{"href":"https:\/\/globaldocs.store\/fr\/wp-json\/wp\/v2\/product"}],"about":[{"href":"https:\/\/globaldocs.store\/fr\/wp-json\/wp\/v2\/types\/product"}],"replies":[{"embeddable":true,"href":"https:\/\/globaldocs.store\/fr\/wp-json\/wp\/v2\/comments?post=2098"}],"version-history":[{"count":2,"href":"https:\/\/globaldocs.store\/fr\/wp-json\/wp\/v2\/product\/2098\/revisions"}],"predecessor-version":[{"id":2101,"href":"https:\/\/globaldocs.store\/fr\/wp-json\/wp\/v2\/product\/2098\/revisions\/2101"}],"wp:featuredmedia":[{"embeddable":true,"href":"https:\/\/globaldocs.store\/fr\/wp-json\/wp\/v2\/media\/2099"}],"wp:attachment":[{"href":"https:\/\/globaldocs.store\/fr\/wp-json\/wp\/v2\/media?parent=2098"}],"wp:term":[{"taxonomy":"product_brand","embeddable":true,"href":"https:\/\/globaldocs.store\/fr\/wp-json\/wp\/v2\/product_brand?post=2098"},{"taxonomy":"product_cat","embeddable":true,"href":"https:\/\/globaldocs.store\/fr\/wp-json\/wp\/v2\/product_cat?post=2098"},{"taxonomy":"product_tag","embeddable":true,"href":"https:\/\/globaldocs.store\/fr\/wp-json\/wp\/v2\/product_tag?post=2098"}],"curies":[{"name":"wp","href":"https:\/\/api.w.org\/{rel}","templated":true}]}}