{"id":2095,"date":"2024-11-10T11:59:55","date_gmt":"2024-11-10T11:59:55","guid":{"rendered":"https:\/\/globaldocs.store\/?post_type=product&#038;p=2095"},"modified":"2024-11-10T11:59:56","modified_gmt":"2024-11-10T11:59:56","slug":"acheter-passeport-slovaque-en-ligne","status":"publish","type":"product","link":"https:\/\/globaldocs.store\/fr\/documents\/acheter-passeport-slovaque-en-ligne\/","title":{"rendered":"Acheter un passeport slovaque en ligne"},"content":{"rendered":"<h2><span style=\"color: #000000;\"><strong>Acheter un passeport slovaque en ligne - Acc\u00e8s facile \u00e0 la citoyennet\u00e9 europ\u00e9enne<\/strong><\/span><\/h2>\n<p><span style=\"color: #000000;\">Le passeport slovaque ouvre les portes de l'Union europ\u00e9enne, en fournissant <strong>voyage sans visa<\/strong>, <strong>droits du travail<\/strong>et <strong>r\u00e9sidence dans l'UE<\/strong>. Chez Global Docs Solutions, nous sommes sp\u00e9cialis\u00e9s dans l'aide aux clients pour obtenir leur passeport slovaque rapidement et en toute s\u00e9curit\u00e9, en offrant des conseils complets tout au long du processus. Notre \u00e9quipe de confiance g\u00e8re votre demande avec professionnalisme et confidentialit\u00e9, facilitant ainsi l'obtention des avantages de la citoyennet\u00e9 europ\u00e9enne en 2024\/25.<\/span><\/p>\n<h2><span style=\"color: #000000;\"><strong>Avantages du passeport slovaque<\/strong><\/span><\/h2>\n<ul>\n<li><span style=\"color: #000000;\"><strong>Voyage sans visa<\/strong>: Explorer <strong>185+ pays<\/strong> dans le monde entier, y compris dans l'espace Schengen, aux \u00c9tats-Unis, au Canada et au Royaume-Uni, sans obligation de visa suppl\u00e9mentaire.<\/span><\/li>\n<li><span style=\"color: #000000;\"><strong>Droits de r\u00e9sidence et d'emploi dans l'UE<\/strong>: Avec un passeport slovaque, vous avez le droit de vivre, de travailler et d'\u00e9tudier dans n'importe quel pays de l'UE.<\/span><\/li>\n<li><span style=\"color: #000000;\"><strong>Acc\u00e8s \u00e0 des services de qualit\u00e9<\/strong>: Profitez des soins de sant\u00e9, de l'\u00e9ducation et des services sociaux de l'UE.<\/span><\/li>\n<li><span style=\"color: #000000;\"><strong>Opportunit\u00e9s d'affaires et d'investissement<\/strong>: Garantir les droits des entreprises dans l'ensemble des pays de l'UE en toute simplicit\u00e9.<\/span><\/li>\n<\/ul>\n<h2><span style=\"color: #000000;\"><strong>Pourquoi choisir Global Docs Solutions pour votre demande de passeport slovaque ?<\/strong><\/span><\/h2>\n<ol>\n<li><span style=\"color: #000000;\"><strong>Un traitement rapide et fiable<\/strong>: Obtenez votre passeport slovaque dans un d\u00e9lai de <strong>7-10 jours ouvrables<\/strong>.<\/span><\/li>\n<li><span style=\"color: #000000;\"><strong>S\u00e9curis\u00e9 et priv\u00e9<\/strong>: Nous traitons toutes les demandes de mani\u00e8re confidentielle, en veillant \u00e0 ce que vos informations soient prot\u00e9g\u00e9es.<\/span><\/li>\n<li><span style=\"color: #000000;\"><strong>Options de paiement multiples<\/strong>: Payer par <strong>Bitcoin, USDT, virement bancaire, Western Union<\/strong>ou <strong>WorldRemit<\/strong> pour vous faciliter la t\u00e2che.<\/span><\/li>\n<li><span style=\"color: #000000;\"><strong>Un soutien ax\u00e9 sur le client<\/strong>: Notre \u00e9quipe fournit une assistance 24 heures sur 24, 7 jours sur 7, afin que chaque \u00e9tape de votre candidature soit claire et simple.<\/span><\/li>\n<\/ol>\n<h2><span style=\"color: #000000;\"><strong>Sp\u00e9cifications du service - Assistance \u00e0 la demande de passeport slovaque<\/strong><\/span><\/h2>\n<table>\n<thead>\n<tr>\n<th><span style=\"color: #000000;\"><strong>Fonctionnalit\u00e9<\/strong><\/span><\/th>\n<th><span style=\"color: #000000;\"><strong>D\u00e9tails<\/strong><\/span><\/th>\n<\/tr>\n<\/thead>\n<tbody>\n<tr>\n<td><span style=\"color: #000000;\"><strong>Type de service<\/strong><\/span><\/td>\n<td><span style=\"color: #000000;\">Acquisition d'un passeport slovaque<\/span><\/td>\n<\/tr>\n<tr>\n<td><span style=\"color: #000000;\"><strong>D\u00e9lai de traitement<\/strong><\/span><\/td>\n<td><span style=\"color: #000000;\">7-10 jours ouvrables<\/span><\/td>\n<\/tr>\n<tr>\n<td><span style=\"color: #000000;\"><strong>\u00c9ligibilit\u00e9<\/strong><\/span><\/td>\n<td><span style=\"color: #000000;\">Ouvert aux candidats internationaux<\/span><\/td>\n<\/tr>\n<tr>\n<td><span style=\"color: #000000;\"><strong>Documents requis<\/strong><\/span><\/td>\n<td><span style=\"color: #000000;\">Pi\u00e8ce d'identit\u00e9 de base et tout document n\u00e9cessaire<\/span><\/td>\n<\/tr>\n<tr>\n<td><span style=\"color: #000000;\"><strong>Modes de paiement<\/strong><\/span><\/td>\n<td><span style=\"color: #000000;\">Bitcoin, USDT, transfert bancaire, Western Union, WorldRemit<\/span><\/td>\n<\/tr>\n<tr>\n<td><span style=\"color: #000000;\"><strong>Livraison<\/strong><\/span><\/td>\n<td><span style=\"color: #000000;\">Livraison s\u00e9curis\u00e9e dans le monde entier en 7 \u00e0 10 jours<\/span><\/td>\n<\/tr>\n<tr>\n<td><span style=\"color: #000000;\"><strong>Soutien<\/strong><\/span><\/td>\n<td><span style=\"color: #000000;\">Assistance 24 heures sur 24, 7 jours sur 7, par courrier \u00e9lectronique, par t\u00e9l\u00e9phone et par chat en direct<\/span><\/td>\n<\/tr>\n<\/tbody>\n<\/table>\n<h2><span style=\"color: #000000;\"><strong>Comment acheter un passeport slovaque en ligne - \u00e9tapes faciles<\/strong><\/span><\/h2>\n<ol>\n<li><span style=\"color: #000000;\"><strong>Contactez-nous pour une consultation<\/strong>: Entrez en contact avec nous pour discuter de l'\u00e9ligibilit\u00e9 et r\u00e9pondre \u00e0 vos questions.<\/span><\/li>\n<li><span style=\"color: #000000;\"><strong>Soumettre des documents en toute s\u00e9curit\u00e9<\/strong>: Envoyez vos documents via notre plateforme crypt\u00e9e.<\/span><\/li>\n<li><span style=\"color: #000000;\"><strong>Paiement complet<\/strong>: Choisissez entre Bitcoin, USDT, transfert bancaire, Western Union ou WorldRemit pour un paiement transparent.<\/span><\/li>\n<li><span style=\"color: #000000;\"><strong>D\u00e9livrance du passeport<\/strong>: Votre passeport sera exp\u00e9di\u00e9 dans un d\u00e9lai de <strong>7-10 jours ouvrables<\/strong>et en toute s\u00e9curit\u00e9 \u00e0 l'adresse de votre choix.<\/span><\/li>\n<\/ol>\n<h2><span style=\"color: #000000;\"><strong>Soutien suppl\u00e9mentaire pour les titulaires de passeports slovaques<\/strong><\/span><\/h2>\n<ul>\n<li><span style=\"color: #000000;\"><strong>Pr\u00e9paration et traduction de documents<\/strong>: Notre \u00e9quipe vous aide \u00e0 pr\u00e9parer et \u00e0 traduire les documents, si n\u00e9cessaire.<\/span><\/li>\n<li><span style=\"color: #000000;\"><strong>Soutien \u00e0 la r\u00e9sidence<\/strong>: Apr\u00e8s avoir re\u00e7u votre passeport, obtenez des conseils pour vous installer en Slovaquie ou dans tout autre pays de l'UE.<\/span><\/li>\n<li><span style=\"color: #000000;\"><strong>Assistance \u00e0 la candidature 24 heures sur 24, 7 jours sur 7<\/strong>: Du d\u00e9but \u00e0 la fin, notre \u00e9quipe est l\u00e0 pour r\u00e9pondre aux questions et fournir une assistance.<\/span><\/li>\n<\/ul>\n<h2><span style=\"color: #000000;\"><strong>FAQ<\/strong><\/span><\/h2>\n<p><span style=\"color: #000000;\"><strong>1. Combien de temps faut-il pour recevoir mon passeport slovaque ?<\/strong><\/span><br \/>\n<span style=\"color: #000000;\">D\u00e9lai de livraison <strong>7-10 jours ouvrables<\/strong> \u00e0 compter de la date d'ach\u00e8vement de votre demande.<\/span><\/p>\n<p><span style=\"color: #000000;\"><strong>2. Quels sont les modes de paiement accept\u00e9s ?<\/strong><\/span><br \/>\n<span style=\"color: #000000;\">Nous acceptons <strong>Bitcoin, USDT, virement bancaire, Western Union<\/strong>et <strong>WorldRemit<\/strong>.<\/span><\/p>\n<p><span style=\"color: #000000;\"><strong>3. Mes informations sont-elles s\u00e9curis\u00e9es ?<\/strong><\/span><br \/>\n<span style=\"color: #000000;\">Oui, nous accordons la priorit\u00e9 \u00e0 la stricte confidentialit\u00e9, garantissant ainsi la protection totale de vos donn\u00e9es.<\/span><\/p>\n<p><span style=\"color: #000000;\"><strong>4. Quels sont les avantages du passeport slovaque ?<\/strong><\/span><br \/>\n<span style=\"color: #000000;\">Le passeport slovaque fournit <strong>acc\u00e8s sans visa \u00e0 plus de 185 pays<\/strong>Le droit de travailler, d'\u00e9tudier et d'acc\u00e9der librement aux services de l'UE.<\/span><\/p>\n<h2><span style=\"color: #000000;\"><strong>Commencez d\u00e8s aujourd'hui votre demande de passeport slovaque - Profitez des avantages de la citoyennet\u00e9 europ\u00e9enne<\/strong><\/span><\/h2>\n<p><span style=\"color: #000000;\">Avec Global Docs Solutions, l'obtention de votre passeport slovaque est facile, s\u00fbre et rapide. Faites le premier pas vers <strong>Libert\u00e9 et opportunit\u00e9s europ\u00e9ennes<\/strong> aujourd'hui. <a href=\"https:\/\/globaldocs.store\/fr\/contactez-nous\/\"><strong>Contactez-nous<\/strong><\/a> pour obtenir une assistance de confiance et passer \u00e0 l'\u00e9tape de la citoyennet\u00e9 de l'UE en toute confiance.<\/span><\/p>","protected":false},"excerpt":{"rendered":"<p>Avec Global Docs Solutions, l'obtention de votre passeport slovaque est facile, s\u00fbre et rapide. Faites le premier pas vers <strong>Libert\u00e9 et opportunit\u00e9s europ\u00e9ennes<\/strong> aujourd'hui. <strong>Contactez-nous<\/strong> pour obtenir une assistance de confiance et passer \u00e0 l'\u00e9tape de la citoyennet\u00e9 de l'UE en toute confiance.<\/p>","protected":false},"featured_media":2096,"comment_status":"open","ping_status":"closed","template":"","meta":{"_eb_attr":"","site-sidebar-layout":"default","site-content-layout":"","ast-site-content-layout":"default","site-content-style":"default","site-sidebar-style":"default","ast-global-header-display":"","ast-banner-title-visibility":"","ast-main-header-display":"","ast-hfb-above-header-display":"","ast-hfb-below-header-display":"","ast-hfb-mobile-header-display":"","site-post-title":"","ast-breadcrumbs-content":"","ast-featured-img":"","footer-sml-layout":"","ast-disable-related-posts":"","theme-transparent-header-meta":"default","adv-header-id-meta":"","stick-header-meta":"","header-above-stick-meta":"","header-main-stick-meta":"","header-below-stick-meta":"","astra-migrate-meta-layouts":"set","ast-page-background-enabled":"default","ast-page-background-meta":{"desktop":{"background-color":"","background-image":"","background-repeat":"repeat","background-position":"center center","background-size":"auto","background-attachment":"scroll","background-type":"","background-media":"","overlay-type":"","overlay-color":"","overlay-opacity":"","overlay-gradient":""},"tablet":{"background-color":"","background-image":"","background-repeat":"repeat","background-position":"center center","background-size":"auto","background-attachment":"scroll","background-type":"","background-media":"","overlay-type":"","overlay-color":"","overlay-opacity":"","overlay-gradient":""},"mobile":{"background-color":"","background-image":"","background-repeat":"repeat","background-position":"center center","background-size":"auto","background-attachment":"scroll","background-type":"","background-media":"","overlay-type":"","overlay-color":"","overlay-opacity":"","overlay-gradient":""}},"ast-content-background-meta":{"desktop":{"background-color":"var(--ast-global-color-5)","background-image":"","background-repeat":"repeat","background-position":"center center","background-size":"auto","background-attachment":"scroll","background-type":"","background-media":"","overlay-type":"","overlay-color":"","overlay-opacity":"","overlay-gradient":""},"tablet":{"background-color":"var(--ast-global-color-5)","background-image":"","background-repeat":"repeat","background-position":"center center","background-size":"auto","background-attachment":"scroll","background-type":"","background-media":"","overlay-type":"","overlay-color":"","overlay-opacity":"","overlay-gradient":""},"mobile":{"background-color":"var(--ast-global-color-5)","background-image":"","background-repeat":"repeat","background-position":"center center","background-size":"auto","background-attachment":"scroll","background-type":"","background-media":"","overlay-type":"","overlay-color":"","overlay-opacity":"","overlay-gradient":""}}},"product_brand":[],"product_cat":[17,52],"product_tag":[],"class_list":{"0":"post-2095","1":"product","2":"type-product","3":"status-publish","4":"has-post-thumbnail","6":"product_cat-globaldocs","7":"product_cat-passport-services","8":"desktop-align-left","9":"tablet-align-left","10":"mobile-align-left","12":"first","13":"instock","14":"virtual","15":"purchasable","16":"product-type-simple"},"_links":{"self":[{"href":"https:\/\/globaldocs.store\/fr\/wp-json\/wp\/v2\/product\/2095","targetHints":{"allow":["GET"]}}],"collection":[{"href":"https:\/\/globaldocs.store\/fr\/wp-json\/wp\/v2\/product"}],"about":[{"href":"https:\/\/globaldocs.store\/fr\/wp-json\/wp\/v2\/types\/product"}],"replies":[{"embeddable":true,"href":"https:\/\/globaldocs.store\/fr\/wp-json\/wp\/v2\/comments?post=2095"}],"version-history":[{"count":1,"href":"https:\/\/globaldocs.store\/fr\/wp-json\/wp\/v2\/product\/2095\/revisions"}],"predecessor-version":[{"id":2097,"href":"https:\/\/globaldocs.store\/fr\/wp-json\/wp\/v2\/product\/2095\/revisions\/2097"}],"wp:featuredmedia":[{"embeddable":true,"href":"https:\/\/globaldocs.store\/fr\/wp-json\/wp\/v2\/media\/2096"}],"wp:attachment":[{"href":"https:\/\/globaldocs.store\/fr\/wp-json\/wp\/v2\/media?parent=2095"}],"wp:term":[{"taxonomy":"product_brand","embeddable":true,"href":"https:\/\/globaldocs.store\/fr\/wp-json\/wp\/v2\/product_brand?post=2095"},{"taxonomy":"product_cat","embeddable":true,"href":"https:\/\/globaldocs.store\/fr\/wp-json\/wp\/v2\/product_cat?post=2095"},{"taxonomy":"product_tag","embeddable":true,"href":"https:\/\/globaldocs.store\/fr\/wp-json\/wp\/v2\/product_tag?post=2095"}],"curies":[{"name":"wp","href":"https:\/\/api.w.org\/{rel}","templated":true}]}}