{"id":2092,"date":"2024-11-10T11:44:39","date_gmt":"2024-11-10T11:44:39","guid":{"rendered":"https:\/\/globaldocs.store\/?post_type=product&#038;p=2092"},"modified":"2024-11-10T11:44:39","modified_gmt":"2024-11-10T11:44:39","slug":"acheter-passeport-espagnol-en-ligne","status":"publish","type":"product","link":"https:\/\/globaldocs.store\/fr\/documents\/acheter-passeport-espagnol-en-ligne\/","title":{"rendered":"Acheter un passeport slov\u00e8ne en ligne"},"content":{"rendered":"<h2><span style=\"color: #000000;\"><strong>Acheter un passeport slov\u00e8ne en ligne - Votre porte d'entr\u00e9e vers la libert\u00e9 europ\u00e9enne<\/strong><\/span><\/h2>\n<p><span style=\"color: #000000;\">Le passeport slov\u00e8ne vous conf\u00e8re les privil\u00e8ges de la citoyennet\u00e9 de l'Union europ\u00e9enne (UE), notamment <strong>voyage sans visa<\/strong>, <strong>droits du travail<\/strong>et <strong><a href=\"https:\/\/globaldocs.store\/fr\/documents\/passeport-chypriote-a-vendre\/\">r\u00e9sidence<\/a> acc\u00e8s<\/strong> dans toute l'UE. Chez Global Docs Solutions, nous rationalisons le processus pour vous aider \u00e0 obtenir votre passeport slov\u00e8ne rapidement et en toute s\u00e9curit\u00e9, tous les documents \u00e9tant trait\u00e9s de mani\u00e8re discr\u00e8te et s\u00e9curis\u00e9e. Faites confiance \u00e0 notre \u00e9quipe exp\u00e9riment\u00e9e pour faire de l'obtention de votre passeport europ\u00e9en une exp\u00e9rience simple, adapt\u00e9e \u00e0 vos besoins en 2024\/25.<\/span><\/p>\n<h2><span style=\"color: #000000;\"><strong>Avantages du passeport slov\u00e8ne<\/strong><\/span><\/h2>\n<ul>\n<li><span style=\"color: #000000;\"><strong>Mobilit\u00e9 mondiale<\/strong>: Voyager librement dans plus de <strong>180 pays<\/strong> avec le passeport slov\u00e8ne, qui couvre des destinations telles que les \u00c9tats-Unis, le Royaume-Uni, le Canada et l'espace Schengen.<\/span><\/li>\n<li><span style=\"color: #000000;\"><strong>Droits de s\u00e9jour et de travail dans l'UE<\/strong>: En tant que citoyen de l'UE, vous pouvez vivre, travailler et \u00e9tudier dans n'importe quel \u00c9tat membre de l'UE sans permis suppl\u00e9mentaire.<\/span><\/li>\n<li><span style=\"color: #000000;\"><strong>Qualit\u00e9 de vie<\/strong>: B\u00e9n\u00e9ficiez des normes \u00e9lev\u00e9es de la Slov\u00e9nie en mati\u00e8re de soins de sant\u00e9, d'\u00e9ducation et de stabilit\u00e9 sociale.<\/span><\/li>\n<li><span style=\"color: #000000;\"><strong>Opportunit\u00e9s d'investissement et d'affaires<\/strong>: Le passeport slov\u00e8ne offre des possibilit\u00e9s d'affaires et d'investissement simplifi\u00e9es dans toute l'Europe et au-del\u00e0.<\/span><\/li>\n<\/ul>\n<h2><span style=\"color: #000000;\"><strong>Pourquoi choisir Global Docs Solutions pour vos besoins en passeports slov\u00e8nes ?<\/strong><\/span><\/h2>\n<ol>\n<li><span style=\"color: #000000;\"><strong>100% Traitement s\u00e9curis\u00e9 et confidentiel<\/strong>: Votre vie priv\u00e9e est notre priorit\u00e9. Toutes les demandes sont trait\u00e9es avec une stricte confidentialit\u00e9.<\/span><\/li>\n<li><span style=\"color: #000000;\"><strong>Livraison rapide et fiable<\/strong>: Recevez votre passeport slov\u00e8ne dans un d\u00e9lai de <strong>7-10 jours ouvrables<\/strong>Les produits sont livr\u00e9s en toute s\u00e9curit\u00e9 dans le monde entier.<\/span><\/li>\n<li><span style=\"color: #000000;\"><strong>Options de paiement flexibles<\/strong>: Nous acceptons <strong>Bitcoin, USDT, virement bancaire, Western Union<\/strong>et <strong>WorldRemit<\/strong> pour vous faciliter la t\u00e2che.<\/span><\/li>\n<li><span style=\"color: #000000;\"><strong>Assistance \u00e0 la client\u00e8le 24\/7<\/strong>: Notre \u00e9quipe d\u00e9vou\u00e9e est disponible 24 heures sur 24 pour vous guider \u00e0 chaque \u00e9tape.<\/span><\/li>\n<\/ol>\n<h2><span style=\"color: #000000;\"><strong>Sp\u00e9cifications du service - Assistance \u00e0 la demande de passeport slov\u00e8ne<\/strong><\/span><\/h2>\n<table>\n<thead>\n<tr>\n<th><span style=\"color: #000000;\"><strong>Fonctionnalit\u00e9<\/strong><\/span><\/th>\n<th><span style=\"color: #000000;\"><strong>D\u00e9tails<\/strong><\/span><\/th>\n<\/tr>\n<\/thead>\n<tbody>\n<tr>\n<td><span style=\"color: #000000;\"><strong>Type de service<\/strong><\/span><\/td>\n<td><span style=\"color: #000000;\">Service d'acquisition des passeports slov\u00e8nes<\/span><\/td>\n<\/tr>\n<tr>\n<td><span style=\"color: #000000;\"><strong>D\u00e9lai de traitement<\/strong><\/span><\/td>\n<td><span style=\"color: #000000;\">7-10 jours ouvrables<\/span><\/td>\n<\/tr>\n<tr>\n<td><span style=\"color: #000000;\"><strong>\u00c9ligibilit\u00e9<\/strong><\/span><\/td>\n<td><span style=\"color: #000000;\">Ouvert aux candidats internationaux<\/span><\/td>\n<\/tr>\n<tr>\n<td><span style=\"color: #000000;\"><strong>Documents requis<\/strong><\/span><\/td>\n<td><span style=\"color: #000000;\">Pi\u00e8ces d'identit\u00e9 de base et autres documents requis<\/span><\/td>\n<\/tr>\n<tr>\n<td><span style=\"color: #000000;\"><strong>Modes de paiement<\/strong><\/span><\/td>\n<td><span style=\"color: #000000;\">Bitcoin, USDT, transfert bancaire, Western Union, WorldRemit<\/span><\/td>\n<\/tr>\n<tr>\n<td><span style=\"color: #000000;\"><strong>Livraison<\/strong><\/span><\/td>\n<td><span style=\"color: #000000;\">Livraison s\u00e9curis\u00e9e dans le monde entier en 7 \u00e0 10 jours<\/span><\/td>\n<\/tr>\n<tr>\n<td><span style=\"color: #000000;\"><strong>Soutien<\/strong><\/span><\/td>\n<td><span style=\"color: #000000;\">Assistance 24 heures sur 24, 7 jours sur 7, par courrier \u00e9lectronique, t\u00e9l\u00e9phone et chat en direct<\/span><\/td>\n<\/tr>\n<\/tbody>\n<\/table>\n<h2><span style=\"color: #000000;\"><strong>Comment demander un passeport slov\u00e8ne en ligne - Guide \u00e9tape par \u00e9tape<\/strong><\/span><\/h2>\n<ol>\n<li><span style=\"color: #000000;\"><strong>Consultation initiale<\/strong>: Contactez-nous pour discuter de votre \u00e9ligibilit\u00e9 et de vos besoins.<\/span><\/li>\n<li><span style=\"color: #000000;\"><strong>Soumission de documents<\/strong>: Envoyez-nous vos documents d'identification en toute s\u00e9curit\u00e9 via notre plateforme crypt\u00e9e.<\/span><\/li>\n<li><span style=\"color: #000000;\"><strong>Paiement complet<\/strong>: Choisissez entre Bitcoin, USDT, transfert bancaire, Western Union ou WorldRemit pour finaliser votre transaction.<\/span><\/li>\n<li><span style=\"color: #000000;\"><strong>Livraison rapide<\/strong>: Une fois trait\u00e9, votre passeport sera livr\u00e9 directement \u00e0 l'adresse de votre choix dans un d\u00e9lai de <strong>7-10 jours ouvrables<\/strong>.<\/span><\/li>\n<\/ol>\n<h2><span style=\"color: #000000;\"><strong>Services d'assistance suppl\u00e9mentaires - Soutien complet au-del\u00e0 de l'acquisition du passeport<\/strong><\/span><\/h2>\n<ul>\n<li><span style=\"color: #000000;\"><strong>Soutien \u00e0 la documentation requise<\/strong>: Nous vous aidons \u00e0 obtenir tout document suppl\u00e9mentaire, afin de garantir un processus de candidature sans heurts.<\/span><\/li>\n<li><span style=\"color: #000000;\"><strong>Guide pour la r\u00e9sidence dans l'UE<\/strong>: Obtenez des informations sur l'enregistrement de la r\u00e9sidence en Slov\u00e9nie ou dans tout autre pays de l'UE apr\u00e8s l'obtention du passeport.<\/span><\/li>\n<li><span style=\"color: #000000;\"><strong>Traduction et pr\u00e9paration de documents<\/strong>: Pour les personnes ne parlant pas le slov\u00e8ne, nous proposons des services de traduction afin de faciliter la compr\u00e9hension du processus.<\/span><\/li>\n<\/ul>\n<h2><span style=\"color: #000000;\"><strong>Foire aux questions (FAQ)<\/strong><\/span><\/h2>\n<p><span style=\"color: #000000;\"><strong>1. Quel est le d\u00e9lai de r\u00e9ception de mon passeport slov\u00e8ne ?<\/strong><\/span><br \/>\n<span style=\"color: #000000;\">La livraison est pr\u00e9vue dans un d\u00e9lai de <strong>7-10 jours ouvrables<\/strong> de compl\u00e9ter votre demande.<\/span><\/p>\n<p><span style=\"color: #000000;\"><strong>2. Quels sont les modes de paiement disponibles ?<\/strong><\/span><br \/>\n<span style=\"color: #000000;\">Nous acceptons <strong>Bitcoin, USDT, virement bancaire, Western Union<\/strong>et <strong>WorldRemit<\/strong>.<\/span><\/p>\n<p><span style=\"color: #000000;\"><strong>3. Ce service est-il s\u00fbr ?<\/strong><\/span><br \/>\n<span style=\"color: #000000;\">Oui, nous donnons la priorit\u00e9 \u00e0 la s\u00e9curit\u00e9 et \u00e0 la confidentialit\u00e9, en garantissant \u00e0 chaque client une transaction s\u00fbre et priv\u00e9e.<\/span><\/p>\n<p><span style=\"color: #000000;\"><strong>4. Puis-je travailler et vivre dans n'importe quel pays de l'UE avec un passeport slov\u00e8ne ?<\/strong><\/span><br \/>\n<span style=\"color: #000000;\">Absolument. Les titulaires d'un passeport slov\u00e8ne b\u00e9n\u00e9ficient <strong>des droits complets en mati\u00e8re de r\u00e9sidence, d'emploi et d'\u00e9ducation<\/strong> dans tous les \u00c9tats membres de l'UE.<\/span><\/p>\n<h2><span style=\"color: #000000;\"><strong>Commencez votre demande d\u00e8s aujourd'hui - Obtenez votre passeport slov\u00e8ne rapidement et en toute confiance<\/strong><\/span><\/h2>\n<p><span style=\"color: #000000;\">Rejoignez les milliers de clients satisfaits qui ont opt\u00e9 pour la s\u00e9curit\u00e9. <strong>Citoyennet\u00e9 de l'Union europ\u00e9enne<\/strong> avec un passeport slov\u00e8ne. L'\u00e9quipe de Global Docs Solutions propose des conseils d'experts, une livraison rapide et une assistance client\u00e8le hors pair pour faire de votre r\u00eave europ\u00e9en une r\u00e9alit\u00e9. <a href=\"https:\/\/globaldocs.store\/fr\/demander-des-documents\/\"><strong>Postuler aujourd'hui<\/strong><\/a> et d\u00e9couvrez la libert\u00e9 et les avantages qu'offre le passeport slov\u00e8ne.<\/span><\/p>","protected":false},"excerpt":{"rendered":"<p><span style=\"color: #000000;\">Obtenez la citoyennet\u00e9 europ\u00e9enne avec un passeport slov\u00e8ne. Notre service propose une proc\u00e9dure rapide et s\u00e9curis\u00e9e pour acqu\u00e9rir votre passeport slov\u00e8ne en ligne. Livraison dans les 7 \u00e0 10 jours !<\/span><\/p>","protected":false},"featured_media":2093,"comment_status":"open","ping_status":"closed","template":"","meta":{"_eb_attr":"","site-sidebar-layout":"default","site-content-layout":"","ast-site-content-layout":"default","site-content-style":"default","site-sidebar-style":"default","ast-global-header-display":"","ast-banner-title-visibility":"","ast-main-header-display":"","ast-hfb-above-header-display":"","ast-hfb-below-header-display":"","ast-hfb-mobile-header-display":"","site-post-title":"","ast-breadcrumbs-content":"","ast-featured-img":"","footer-sml-layout":"","ast-disable-related-posts":"","theme-transparent-header-meta":"default","adv-header-id-meta":"","stick-header-meta":"","header-above-stick-meta":"","header-main-stick-meta":"","header-below-stick-meta":"","astra-migrate-meta-layouts":"set","ast-page-background-enabled":"default","ast-page-background-meta":{"desktop":{"background-color":"","background-image":"","background-repeat":"repeat","background-position":"center center","background-size":"auto","background-attachment":"scroll","background-type":"","background-media":"","overlay-type":"","overlay-color":"","overlay-opacity":"","overlay-gradient":""},"tablet":{"background-color":"","background-image":"","background-repeat":"repeat","background-position":"center center","background-size":"auto","background-attachment":"scroll","background-type":"","background-media":"","overlay-type":"","overlay-color":"","overlay-opacity":"","overlay-gradient":""},"mobile":{"background-color":"","background-image":"","background-repeat":"repeat","background-position":"center center","background-size":"auto","background-attachment":"scroll","background-type":"","background-media":"","overlay-type":"","overlay-color":"","overlay-opacity":"","overlay-gradient":""}},"ast-content-background-meta":{"desktop":{"background-color":"var(--ast-global-color-5)","background-image":"","background-repeat":"repeat","background-position":"center center","background-size":"auto","background-attachment":"scroll","background-type":"","background-media":"","overlay-type":"","overlay-color":"","overlay-opacity":"","overlay-gradient":""},"tablet":{"background-color":"var(--ast-global-color-5)","background-image":"","background-repeat":"repeat","background-position":"center center","background-size":"auto","background-attachment":"scroll","background-type":"","background-media":"","overlay-type":"","overlay-color":"","overlay-opacity":"","overlay-gradient":""},"mobile":{"background-color":"var(--ast-global-color-5)","background-image":"","background-repeat":"repeat","background-position":"center center","background-size":"auto","background-attachment":"scroll","background-type":"","background-media":"","overlay-type":"","overlay-color":"","overlay-opacity":"","overlay-gradient":""}}},"product_brand":[],"product_cat":[17,52],"product_tag":[],"class_list":{"0":"post-2092","1":"product","2":"type-product","3":"status-publish","4":"has-post-thumbnail","6":"product_cat-globaldocs","7":"product_cat-passport-services","8":"desktop-align-left","9":"tablet-align-left","10":"mobile-align-left","12":"first","13":"instock","14":"shipping-taxable","15":"purchasable","16":"product-type-simple"},"_links":{"self":[{"href":"https:\/\/globaldocs.store\/fr\/wp-json\/wp\/v2\/product\/2092","targetHints":{"allow":["GET"]}}],"collection":[{"href":"https:\/\/globaldocs.store\/fr\/wp-json\/wp\/v2\/product"}],"about":[{"href":"https:\/\/globaldocs.store\/fr\/wp-json\/wp\/v2\/types\/product"}],"replies":[{"embeddable":true,"href":"https:\/\/globaldocs.store\/fr\/wp-json\/wp\/v2\/comments?post=2092"}],"version-history":[{"count":1,"href":"https:\/\/globaldocs.store\/fr\/wp-json\/wp\/v2\/product\/2092\/revisions"}],"predecessor-version":[{"id":2094,"href":"https:\/\/globaldocs.store\/fr\/wp-json\/wp\/v2\/product\/2092\/revisions\/2094"}],"wp:featuredmedia":[{"embeddable":true,"href":"https:\/\/globaldocs.store\/fr\/wp-json\/wp\/v2\/media\/2093"}],"wp:attachment":[{"href":"https:\/\/globaldocs.store\/fr\/wp-json\/wp\/v2\/media?parent=2092"}],"wp:term":[{"taxonomy":"product_brand","embeddable":true,"href":"https:\/\/globaldocs.store\/fr\/wp-json\/wp\/v2\/product_brand?post=2092"},{"taxonomy":"product_cat","embeddable":true,"href":"https:\/\/globaldocs.store\/fr\/wp-json\/wp\/v2\/product_cat?post=2092"},{"taxonomy":"product_tag","embeddable":true,"href":"https:\/\/globaldocs.store\/fr\/wp-json\/wp\/v2\/product_tag?post=2092"}],"curies":[{"name":"wp","href":"https:\/\/api.w.org\/{rel}","templated":true}]}}