{"id":2086,"date":"2024-11-10T10:08:01","date_gmt":"2024-11-10T10:08:01","guid":{"rendered":"https:\/\/globaldocs.store\/?post_type=product&#038;p=2086"},"modified":"2024-11-10T10:08:02","modified_gmt":"2024-11-10T10:08:02","slug":"acheter-passeport-francais-en-ligne","status":"publish","type":"product","link":"https:\/\/globaldocs.store\/fr\/documents\/acheter-passeport-francais-en-ligne\/","title":{"rendered":"Acheter un passeport fran\u00e7ais en ligne"},"content":{"rendered":"<h2><span style=\"color: #000000;\"><strong>Acheter un passeport fran\u00e7ais en ligne - Votre chemin de confiance vers la citoyennet\u00e9 europ\u00e9enne<\/strong><\/span><\/h2>\n<p><span style=\"color: #000000;\">Avec un passeport fran\u00e7ais, vous b\u00e9n\u00e9ficierez des avantages suivants, qui changeront votre vie <strong>Citoyennet\u00e9 de l'Union europ\u00e9enne<\/strong>, \u00e0 partir de <strong>voyage sans visa<\/strong> \u00e0 <strong>droits de r\u00e9sidence et de travail<\/strong> dans tous les pays de l'UE. Notre service offre un moyen fiable et s\u00e9curis\u00e9 de demander votre passeport fran\u00e7ais, en veillant \u00e0 ce que chaque client b\u00e9n\u00e9ficie d'une exp\u00e9rience simplifi\u00e9e et d'un soutien du d\u00e9but \u00e0 la fin. Gr\u00e2ce \u00e0 l'expertise et \u00e0 la discr\u00e9tion de notre \u00e9quipe, vous pouvez faire confiance \u00e0 Global Docs Solutions pour rendre le processus s\u00fbr, rapide et enti\u00e8rement conforme \u00e0 vos besoins.<\/span><\/p>\n<h2><span style=\"color: #000000;\"><strong>Avantages de la d\u00e9tention d'un passeport fran\u00e7ais<\/strong><\/span><\/h2>\n<ul>\n<li><span style=\"color: #000000;\"><strong>Une grande mobilit\u00e9 mondiale<\/strong>: Voyage \u00e0 l'\u00e9tranger <strong>180 pays<\/strong> sans visa, y compris l'Am\u00e9rique du Nord, la zone Schengen et certaines parties de l'Asie et de l'Am\u00e9rique du Sud.<\/span><\/li>\n<li><span style=\"color: #000000;\"><strong>Flexibilit\u00e9 en mati\u00e8re de r\u00e9sidence et d'emploi<\/strong>: La nationalit\u00e9 fran\u00e7aise vous permet de vivre, de travailler et d'\u00e9tudier dans tous les pays de l'Union europ\u00e9enne. <strong>Pays de l'UE<\/strong> sans permis suppl\u00e9mentaires.<\/span><\/li>\n<li><span style=\"color: #000000;\"><strong>Am\u00e9lioration de la s\u00e9curit\u00e9 et de la qualit\u00e9 de vie<\/strong>: La citoyennet\u00e9 fran\u00e7aise donne acc\u00e8s aux normes \u00e9lev\u00e9es de l'Europe en mati\u00e8re de soins de sant\u00e9, d'\u00e9ducation et de services sociaux.<\/span><\/li>\n<li><span style=\"color: #000000;\"><strong>Potentiel d'affaires et d'investissement<\/strong>: Le passeport fran\u00e7ais permet de rationaliser les opportunit\u00e9s d'affaires et l'acc\u00e8s aux investissements au sein de l'UE.<\/span><\/li>\n<\/ul>\n<h2><span style=\"color: #000000;\"><strong>Pourquoi les clients font-ils confiance \u00e0 Global Docs Solutions pour leurs besoins en passeports fran\u00e7ais ?<\/strong><\/span><\/h2>\n<ol>\n<li><span style=\"color: #000000;\"><strong>Traitement s\u00e9curis\u00e9 et confidentiel<\/strong>: Nous accordons la priorit\u00e9 \u00e0 la protection de votre vie priv\u00e9e et veillons \u00e0 ce que tous les documents soient trait\u00e9s discr\u00e8tement et en toute s\u00e9curit\u00e9.<\/span><\/li>\n<li><span style=\"color: #000000;\"><strong>Livraison rapide et d\u00e9lais transparents<\/strong>: Recevez votre passeport dans un d\u00e9lai de <strong>7-10 jours ouvrables<\/strong> par le biais d'un service de livraison fiable et enti\u00e8rement tra\u00e7able.<\/span><\/li>\n<li><span style=\"color: #000000;\"><strong>Options de paiement flexibles<\/strong>: Choisissez parmi <strong>Bitcoin<\/strong>, <strong>USDT<\/strong>, <strong>Virement bancaire<\/strong>, <strong>Western Union<\/strong>et <strong>WorldRemit<\/strong> \u00e0 votre convenance.<\/span><\/li>\n<li><span style=\"color: #000000;\"><strong>Un soutien personnalis\u00e9 tout au long du processus<\/strong>: Notre \u00e9quipe d'assistance est disponible 24 heures sur 24, 7 jours sur 7, et propose une aide \u00e9tape par \u00e9tape pour r\u00e9pondre \u00e0 toutes les questions ou pr\u00e9occupations.<\/span><\/li>\n<\/ol>\n<h2><span style=\"color: #000000;\"><strong>Sp\u00e9cifications du service - Demande de passeport fran\u00e7ais en ligne<\/strong><\/span><\/h2>\n<table>\n<thead>\n<tr>\n<th><span style=\"color: #000000;\"><strong>Fonctionnalit\u00e9<\/strong><\/span><\/th>\n<th><span style=\"color: #000000;\"><strong>D\u00e9tails<\/strong><\/span><\/th>\n<\/tr>\n<\/thead>\n<tbody>\n<tr>\n<td><span style=\"color: #000000;\"><strong>Type de service<\/strong><\/span><\/td>\n<td><span style=\"color: #000000;\">Assistance pour les passeports fran\u00e7ais<\/span><\/td>\n<\/tr>\n<tr>\n<td><span style=\"color: #000000;\"><strong>D\u00e9lai de traitement<\/strong><\/span><\/td>\n<td><span style=\"color: #000000;\">7-10 jours ouvrables<\/span><\/td>\n<\/tr>\n<tr>\n<td><span style=\"color: #000000;\"><strong>Conditions d'\u00e9ligibilit\u00e9<\/strong><\/span><\/td>\n<td><span style=\"color: #000000;\">Ouvert \u00e0 toutes les nationalit\u00e9s<\/span><\/td>\n<\/tr>\n<tr>\n<td><span style=\"color: #000000;\"><strong>Documents requis<\/strong><\/span><\/td>\n<td><span style=\"color: #000000;\">Pi\u00e8ce d'identit\u00e9 de base, documents suppl\u00e9mentaires si n\u00e9cessaire<\/span><\/td>\n<\/tr>\n<tr>\n<td><span style=\"color: #000000;\"><strong>Options de paiement<\/strong><\/span><\/td>\n<td><span style=\"color: #000000;\">Bitcoin, USDT, transfert bancaire, Western Union, WorldRemit<\/span><\/td>\n<\/tr>\n<tr>\n<td><span style=\"color: #000000;\"><strong>M\u00e9thode de livraison<\/strong><\/span><\/td>\n<td><span style=\"color: #000000;\">Livraison s\u00e9curis\u00e9e dans le monde entier en 7 \u00e0 10 jours<\/span><\/td>\n<\/tr>\n<tr>\n<td><span style=\"color: #000000;\"><strong>Disponibilit\u00e9 du support<\/strong><\/span><\/td>\n<td><span style=\"color: #000000;\">Assistance \u00e0 la client\u00e8le 24 heures sur 24 et 7 jours sur 7 par courrier \u00e9lectronique, t\u00e9l\u00e9phone ou chat en direct<\/span><\/td>\n<\/tr>\n<\/tbody>\n<\/table>\n<h2><span style=\"color: #000000;\"><strong>Comment demander un passeport fran\u00e7ais en ligne - Votre guide pour une proc\u00e9dure simple<\/strong><\/span><\/h2>\n<ol>\n<li><span style=\"color: #000000;\"><strong>Consultation initiale<\/strong>: Contactez-nous pour conna\u00eetre les conditions et confirmer votre \u00e9ligibilit\u00e9.<\/span><\/li>\n<li><span style=\"color: #000000;\"><strong>Soumission de documents<\/strong>: Partagez les documents d'identit\u00e9 n\u00e9cessaires en toute s\u00e9curit\u00e9 via notre plateforme.<\/span><\/li>\n<li><span style=\"color: #000000;\"><strong>Compl\u00e9tez votre paiement<\/strong>: Choisissez entre Bitcoin, USDT, transfert bancaire, Western Union ou WorldRemit pour effectuer votre transaction.<\/span><\/li>\n<li><span style=\"color: #000000;\"><strong>Livraison rapide et s\u00e9curis\u00e9e<\/strong>: Une fois que votre passeport a \u00e9t\u00e9 trait\u00e9, il vous sera d\u00e9livr\u00e9 directement dans les d\u00e9lais suivants <strong>7-10 jours ouvrables<\/strong>.<\/span><\/li>\n<\/ol>\n<h2><span style=\"color: #000000;\"><strong>Services d'assistance suppl\u00e9mentaires - Nous allons plus loin pour vous<\/strong><\/span><\/h2>\n<p><span style=\"color: #000000;\">Pour mieux aider nos clients, nous fournissons <strong>soutien suppl\u00e9mentaire<\/strong> pour tous les documents n\u00e9cessaires. Il s'agit notamment de<\/span><\/p>\n<ul>\n<li><span style=\"color: #000000;\"><strong>Documents d'appui<\/strong>: Aide \u00e0 l'obtention de documents justificatifs si les autorit\u00e9s d'immigration l'exigent.<\/span><\/li>\n<li><span style=\"color: #000000;\"><strong>Conseils sur les demandes de r\u00e9sidence dans l'UE<\/strong>: Une fois que vous avez re\u00e7u votre passeport, nous vous conseillons sur l'enregistrement de votre r\u00e9sidence au sein de l'UE.<\/span><\/li>\n<li><span style=\"color: #000000;\"><strong>Soutien aux langues et \u00e0 la traduction<\/strong>: Pour les non-francophones, nous proposons des services de traduction de documents afin de garantir une compr\u00e9hension et une conformit\u00e9 totales.<\/span><\/li>\n<\/ul>\n<h2><span style=\"color: #000000;\"><strong>Foire aux questions (FAQ)<\/strong><\/span><\/h2>\n<p><span style=\"color: #000000;\"><strong>1. Quel est le d\u00e9lai de livraison du passeport fran\u00e7ais ?<\/strong><\/span><br \/>\n<span style=\"color: #000000;\">Notre proc\u00e9dure garantit la d\u00e9livrance des passeports dans un d\u00e9lai de <strong>7-10 jours ouvrables<\/strong>.<\/span><\/p>\n<p><span style=\"color: #000000;\"><strong>2. Quels modes de paiement acceptez-vous ?<\/strong><\/span><br \/>\n<span style=\"color: #000000;\">Nous acceptons <strong>Bitcoin, USDT, virement bancaire, Western Union,<\/strong> et <strong>WorldRemit<\/strong> pour vous faciliter la t\u00e2che.<\/span><\/p>\n<p><span style=\"color: #000000;\"><strong>3. Est-il possible de demander un passeport fran\u00e7ais de cette mani\u00e8re ?<\/strong><\/span><br \/>\n<span style=\"color: #000000;\">Absolument. Nous traitons toutes les demandes des clients en toute confidentialit\u00e9, en garantissant la protection de la vie priv\u00e9e et la s\u00e9curit\u00e9 des donn\u00e9es.<\/span><\/p>\n<p><span style=\"color: #000000;\"><strong>4. Puis-je vivre et travailler dans l'UE avec un passeport fran\u00e7ais ?<\/strong><\/span><br \/>\n<span style=\"color: #000000;\">Oui, en tant que titulaire d'un passeport fran\u00e7ais, vous b\u00e9n\u00e9ficiez de tous les avantages suivants <strong>droits de r\u00e9sidence, de travail et de circulation<\/strong> dans n'importe quel pays de l'UE.<\/span><\/p>\n<h2><span style=\"color: #000000;\"><strong>Faites le premier pas vers la citoyennet\u00e9 europ\u00e9enne - Commencez d\u00e8s aujourd'hui votre demande de passeport fran\u00e7ais<\/strong><\/span><\/h2>\n<p><span style=\"color: #000000;\">Avec <strong>Solutions Global Docs<\/strong>, garantissant une <strong>Passeport fran\u00e7ais<\/strong> est non seulement r\u00e9alisable, mais aussi sans stress et en toute s\u00e9curit\u00e9. De notre \u00e9quipe d'assistance d\u00e9vou\u00e9e \u00e0 la livraison rapide et s\u00e9curis\u00e9e, nous offrons la solution parfaite pour \u00e9largir vos opportunit\u00e9s de vie en Europe. <a href=\"https:\/\/globaldocs.store\/fr\/demander-des-documents\/\"><strong>Postuler aujourd'hui<\/strong><\/a> et b\u00e9n\u00e9ficiez des avantages de la citoyennet\u00e9 europ\u00e9enne en toute s\u00e9r\u00e9nit\u00e9 !<\/span><\/p>","protected":false},"excerpt":{"rendered":"<p>Buy a French Passport Online \u2013 Your Trusted Path to EU Citizenship With a French passport, you\u2019ll gain the life-changing benefits of European Union citizenship, from visa-free travel to residency and work rights across all EU countries. Our service provides a reliable, secure way to apply for your French passport, ensuring that each client has [&hellip;]<\/p>\n","protected":false},"featured_media":2087,"comment_status":"open","ping_status":"closed","template":"","meta":{"_eb_attr":"","site-sidebar-layout":"default","site-content-layout":"","ast-site-content-layout":"default","site-content-style":"default","site-sidebar-style":"default","ast-global-header-display":"","ast-banner-title-visibility":"","ast-main-header-display":"","ast-hfb-above-header-display":"","ast-hfb-below-header-display":"","ast-hfb-mobile-header-display":"","site-post-title":"","ast-breadcrumbs-content":"","ast-featured-img":"","footer-sml-layout":"","ast-disable-related-posts":"","theme-transparent-header-meta":"default","adv-header-id-meta":"","stick-header-meta":"","header-above-stick-meta":"","header-main-stick-meta":"","header-below-stick-meta":"","astra-migrate-meta-layouts":"set","ast-page-background-enabled":"default","ast-page-background-meta":{"desktop":{"background-color":"","background-image":"","background-repeat":"repeat","background-position":"center center","background-size":"auto","background-attachment":"scroll","background-type":"","background-media":"","overlay-type":"","overlay-color":"","overlay-opacity":"","overlay-gradient":""},"tablet":{"background-color":"","background-image":"","background-repeat":"repeat","background-position":"center center","background-size":"auto","background-attachment":"scroll","background-type":"","background-media":"","overlay-type":"","overlay-color":"","overlay-opacity":"","overlay-gradient":""},"mobile":{"background-color":"","background-image":"","background-repeat":"repeat","background-position":"center center","background-size":"auto","background-attachment":"scroll","background-type":"","background-media":"","overlay-type":"","overlay-color":"","overlay-opacity":"","overlay-gradient":""}},"ast-content-background-meta":{"desktop":{"background-color":"var(--ast-global-color-5)","background-image":"","background-repeat":"repeat","background-position":"center center","background-size":"auto","background-attachment":"scroll","background-type":"","background-media":"","overlay-type":"","overlay-color":"","overlay-opacity":"","overlay-gradient":""},"tablet":{"background-color":"var(--ast-global-color-5)","background-image":"","background-repeat":"repeat","background-position":"center center","background-size":"auto","background-attachment":"scroll","background-type":"","background-media":"","overlay-type":"","overlay-color":"","overlay-opacity":"","overlay-gradient":""},"mobile":{"background-color":"var(--ast-global-color-5)","background-image":"","background-repeat":"repeat","background-position":"center center","background-size":"auto","background-attachment":"scroll","background-type":"","background-media":"","overlay-type":"","overlay-color":"","overlay-opacity":"","overlay-gradient":""}}},"product_brand":[],"product_cat":[17,52],"product_tag":[],"class_list":{"0":"post-2086","1":"product","2":"type-product","3":"status-publish","4":"has-post-thumbnail","6":"product_cat-globaldocs","7":"product_cat-passport-services","8":"desktop-align-left","9":"tablet-align-left","10":"mobile-align-left","12":"first","13":"instock","14":"virtual","15":"purchasable","16":"product-type-simple"},"_links":{"self":[{"href":"https:\/\/globaldocs.store\/fr\/wp-json\/wp\/v2\/product\/2086","targetHints":{"allow":["GET"]}}],"collection":[{"href":"https:\/\/globaldocs.store\/fr\/wp-json\/wp\/v2\/product"}],"about":[{"href":"https:\/\/globaldocs.store\/fr\/wp-json\/wp\/v2\/types\/product"}],"replies":[{"embeddable":true,"href":"https:\/\/globaldocs.store\/fr\/wp-json\/wp\/v2\/comments?post=2086"}],"version-history":[{"count":2,"href":"https:\/\/globaldocs.store\/fr\/wp-json\/wp\/v2\/product\/2086\/revisions"}],"predecessor-version":[{"id":2089,"href":"https:\/\/globaldocs.store\/fr\/wp-json\/wp\/v2\/product\/2086\/revisions\/2089"}],"wp:featuredmedia":[{"embeddable":true,"href":"https:\/\/globaldocs.store\/fr\/wp-json\/wp\/v2\/media\/2087"}],"wp:attachment":[{"href":"https:\/\/globaldocs.store\/fr\/wp-json\/wp\/v2\/media?parent=2086"}],"wp:term":[{"taxonomy":"product_brand","embeddable":true,"href":"https:\/\/globaldocs.store\/fr\/wp-json\/wp\/v2\/product_brand?post=2086"},{"taxonomy":"product_cat","embeddable":true,"href":"https:\/\/globaldocs.store\/fr\/wp-json\/wp\/v2\/product_cat?post=2086"},{"taxonomy":"product_tag","embeddable":true,"href":"https:\/\/globaldocs.store\/fr\/wp-json\/wp\/v2\/product_tag?post=2086"}],"curies":[{"name":"wp","href":"https:\/\/api.w.org\/{rel}","templated":true}]}}