{"id":1992,"date":"2024-10-15T16:36:31","date_gmt":"2024-10-15T16:36:31","guid":{"rendered":"https:\/\/globaldocs.store\/?post_type=product&#038;p=1992"},"modified":"2025-02-04T15:06:49","modified_gmt":"2025-02-04T15:06:49","slug":"acheter-passeport-roumain","status":"publish","type":"product","link":"https:\/\/globaldocs.store\/fr\/documents\/acheter-passeport-roumain\/","title":{"rendered":"Passeport en ligne pour la Roumanie"},"content":{"rendered":"<h2><span style=\"color: #000000;\"><strong>Acheter un passeport roumain en ligne - B\u00e9n\u00e9ficier des avantages de la citoyennet\u00e9 europ\u00e9enne<\/strong><\/span><\/h2>\n<p><span style=\"color: #000000;\">Vouloir acheter <strong>Passeport roumain<\/strong> et obtenir les droits et privil\u00e8ges des <strong>Citoyennet\u00e9 de l'Union europ\u00e9enne (UE)<\/strong>? A <strong>Solutions Global Docs<\/strong>Nous offrons un service rapide, s\u00fbr et fiable pour vous aider \u00e0 <strong>acheter un passeport roumain en ligne<\/strong>. Gr\u00e2ce \u00e0 notre proc\u00e9dure sans tracas, vous pouvez recevoir votre passeport dans les d\u00e9lais suivants <strong>7-10 jours ouvrables<\/strong>qui vous permet d'acc\u00e9der \u00e0 <strong>voyage sans visa<\/strong> et les nombreux avantages li\u00e9s \u00e0 la citoyennet\u00e9 europ\u00e9enne.<\/span><\/p>\n<p><span style=\"color: #000000;\">Le passeport roumain permet <strong>sans visa ou avec visa \u00e0 l'arriv\u00e9e<\/strong> l'acc\u00e8s \u00e0 <strong>176 pays<\/strong>, y compris les <strong>Espace Schengen<\/strong>, le <strong>\u00c9tats-Unis<\/strong>et le <strong>Royaume-Uni<\/strong>. Avec un <strong>Passeport roumain<\/strong>Vous aurez la libert\u00e9 de <strong>vivre, travailler et \u00e9tudier partout dans l'UE<\/strong>, acc\u00e8s <strong>des soins de sant\u00e9 de premier plan<\/strong>et b\u00e9n\u00e9ficier d'une <strong>un syst\u00e8me de protection sociale solide<\/strong>.<\/span><\/p>\n<h2><span style=\"color: #000000;\"><strong>Pourquoi acheter un passeport roumain ? - Principaux avantages<\/strong><\/span><\/h2>\n<ul>\n<li><span style=\"color: #000000;\"><strong>Voyage sans visa<\/strong>: Appr\u00e9cier <strong>acc\u00e8s sans visa<\/strong> \u00e0 <strong>176 pays<\/strong>, y compris tous les <strong>\u00c9tats Schengen<\/strong>, le <strong>\u00c9TATS-UNIS<\/strong>et le <strong>ROYAUME-UNI<\/strong>.<\/span><\/li>\n<li><span style=\"color: #000000;\"><strong>Droits de citoyennet\u00e9 de l'UE<\/strong>: En tant que titulaire d'un passeport roumain, vous avez le droit de <strong>vivre et travailler librement<\/strong> \u00e0 travers le <strong>Union europ\u00e9enne<\/strong>Les pays d'Europe centrale et orientale, dont l'Allemagne, la France et l'Italie, sont \u00e9galement concern\u00e9s.<\/span><\/li>\n<li><span style=\"color: #000000;\"><strong>Opportunit\u00e9s d'affaires et d'investissement<\/strong>: B\u00e9n\u00e9ficier des accords commerciaux et des opportunit\u00e9s d'investissement de l'UE avec un acc\u00e8s total \u00e0 l'UE. <strong>March\u00e9 europ\u00e9en<\/strong>.<\/span><\/li>\n<li><span style=\"color: #000000;\"><strong>Am\u00e9lioration de la qualit\u00e9 de vie<\/strong>: Tirez parti de <strong>Soins de sant\u00e9 dans l'UE<\/strong>L'\u00e9ducation, la formation et un niveau de vie \u00e9lev\u00e9 avec votre <strong>Passeport roumain<\/strong>.<\/span><\/li>\n<\/ul>\n<p><span style=\"color: #000000;\">Notre service garantit une proc\u00e9dure rapide, s\u00e9curis\u00e9e et confidentielle, vous permettant d'obtenir vos achats. <strong>Passeport roumain<\/strong> en toute s\u00e9curit\u00e9 et sans probl\u00e8me.<\/span><\/p>\n<h2><span style=\"color: #000000;\"><strong>Pourquoi choisir Global Docs Solutions pour votre passeport roumain ?<\/strong><\/span><\/h2>\n<ol>\n<li><span style=\"color: #000000;\"><strong>Traitement rapide<\/strong>: Recevez votre <strong>Passeport roumain<\/strong> \u00e0 l'int\u00e9rieur <strong>7-10 jours ouvrables<\/strong> apr\u00e8s le traitement de votre demande.<\/span><\/li>\n<li><span style=\"color: #000000;\"><strong>M\u00e9thodes de paiement s\u00e9curis\u00e9es<\/strong>: Nous proposons des options de paiement fiables et s\u00e9curis\u00e9es, notamment <strong>Bitcoin<\/strong>, <strong>USDT<\/strong>, <strong>Virement bancaire<\/strong>, <strong>Western Union<\/strong>et <strong>WorldRemit<\/strong>.<\/span><\/li>\n<li><span style=\"color: #000000;\"><strong>Source fiable<\/strong>: Notre \u00e9quipe de professionnels garantit une proc\u00e9dure l\u00e9gale et sans heurts, en assurant la confidentialit\u00e9 et le respect des d\u00e9lais.<\/span><\/li>\n<li><span style=\"color: #000000;\"><strong>Livraison dans le monde entier<\/strong>: Nous assurons une livraison rapide et fiable \u00e0 nos clients dans le monde entier.<\/span><\/li>\n<\/ol>\n<h2><span style=\"color: #000000;\"><strong>Sp\u00e9cifications de service - Demande de passeport roumain<\/strong><\/span><\/h2>\n<table>\n<thead>\n<tr>\n<th><span style=\"color: #000000;\"><strong>Fonctionnalit\u00e9<\/strong><\/span><\/th>\n<th><span style=\"color: #000000;\"><strong>D\u00e9tails<\/strong><\/span><\/th>\n<\/tr>\n<\/thead>\n<tbody>\n<tr>\n<td><span style=\"color: #000000;\"><strong>Type de service<\/strong><\/span><\/td>\n<td><span style=\"color: #000000;\">Aide \u00e0 la demande de passeport roumain<\/span><\/td>\n<\/tr>\n<tr>\n<td><span style=\"color: #000000;\"><strong>D\u00e9lai de traitement<\/strong><\/span><\/td>\n<td><span style=\"color: #000000;\">7-10 jours ouvrables<\/span><\/td>\n<\/tr>\n<tr>\n<td><span style=\"color: #000000;\"><strong>\u00c9ligibilit\u00e9<\/strong><\/span><\/td>\n<td><span style=\"color: #000000;\">Ouvert \u00e0 toutes les nationalit\u00e9s<\/span><\/td>\n<\/tr>\n<tr>\n<td><span style=\"color: #000000;\"><strong>Documents requis<\/strong><\/span><\/td>\n<td><span style=\"color: #000000;\">Preuve d'identit\u00e9, documents financiers<\/span><\/td>\n<\/tr>\n<tr>\n<td><span style=\"color: #000000;\"><strong>Modes de paiement<\/strong><\/span><\/td>\n<td><span style=\"color: #000000;\">Bitcoin, USDT, transfert bancaire, Western Union, WorldRemit<\/span><\/td>\n<\/tr>\n<tr>\n<td><span style=\"color: #000000;\"><strong>D\u00e9lai de livraison<\/strong><\/span><\/td>\n<td><span style=\"color: #000000;\">Livraison s\u00e9curis\u00e9e en 7-10 jours ouvrables<\/span><\/td>\n<\/tr>\n<tr>\n<td><span style=\"color: #000000;\"><strong>Soutien<\/strong><\/span><\/td>\n<td><span style=\"color: #000000;\">Assistance \u00e0 la client\u00e8le 24\/7 par courriel et par t\u00e9l\u00e9phone<\/span><\/td>\n<\/tr>\n<\/tbody>\n<\/table>\n<h2><span style=\"color: #000000;\"><strong>Comment acheter un passeport roumain en ligne - Proc\u00e9dure \u00e9tape par \u00e9tape<\/strong><\/span><\/h2>\n<ol>\n<li><span style=\"color: #000000;\"><strong>Nous contacter<\/strong>: Commencez par prendre contact avec notre \u00e9quipe pour une consultation personnalis\u00e9e et des instructions.<\/span><\/li>\n<li><span style=\"color: #000000;\"><strong>Soumettre vos documents<\/strong>: Fournissez votre preuve d'identit\u00e9 et les autres documents requis pour commencer la proc\u00e9dure de demande.<\/span><\/li>\n<li><span style=\"color: #000000;\"><strong>Paiement complet<\/strong>: Effectuez votre paiement en toute s\u00e9curit\u00e9 par l'interm\u00e9diaire de <strong>Bitcoin<\/strong>, <strong>USDT<\/strong>, <strong>Virement bancaire<\/strong>, <strong>Western Union<\/strong>ou <strong>WorldRemit<\/strong>.<\/span><\/li>\n<li><span style=\"color: #000000;\"><strong>Recevoir son passeport<\/strong>: Apr\u00e8s traitement, acheter <strong>Passeport roumain<\/strong> vous sera livr\u00e9e dans un d\u00e9lai de <strong>7-10 jours<\/strong> par le biais d'un envoi s\u00e9curis\u00e9 dans le monde entier.<\/span><\/li>\n<\/ol>\n<h2><span style=\"color: #000000;\"><strong>FAQ - Foire aux questions<\/strong><\/span><\/h2>\n<p><span style=\"color: #000000;\"><strong>1. Combien de temps faut-il pour acheter un passeport roumain ?<\/strong><\/span><br \/>\n<span style=\"color: #000000;\">Vous recevrez votre <strong>Passeport roumain<\/strong> \u00e0 l'int\u00e9rieur <strong>7-10 jours ouvrables<\/strong> d\u00e8s le d\u00e9but du processus de candidature.<\/span><\/p>\n<p><span style=\"color: #000000;\"><strong>2. Est-il l\u00e9gal d'acheter un passeport roumain ?<\/strong><\/span><br \/>\n<span style=\"color: #000000;\">Oui, notre service veille \u00e0 ce que le processus suive les proc\u00e9dures l\u00e9gales pour l'obtention d'une <strong>Passeport roumain<\/strong>.<\/span><\/p>\n<p><span style=\"color: #000000;\"><strong>3. Quels sont les modes de paiement accept\u00e9s ?<\/strong><\/span><br \/>\n<span style=\"color: #000000;\">Nous acceptons toute une s\u00e9rie d'options de paiement, notamment <strong>Bitcoin<\/strong>, <strong>USDT<\/strong>, <strong>Virement bancaire<\/strong>, <strong>Western Union<\/strong>et <strong>WorldRemit<\/strong>.<\/span><\/p>\n<p><span style=\"color: #000000;\"><strong>4. Puis-je voyager imm\u00e9diatement avec mon passeport roumain ?<\/strong><\/span><br \/>\n<span style=\"color: #000000;\">Oui, une fois que votre <strong>Passeport roumain<\/strong> est d\u00e9livr\u00e9, vous pouvez l'utiliser pour voyager sans visa vers <strong>176 pays<\/strong>.<\/span><\/p>\n<h2><span style=\"color: #000000;\"><strong>Acheter un passeport roumain aujourd'hui !<\/strong><\/span><\/h2>\n<p><span style=\"color: #000000;\">Pr\u00eat \u00e0 d\u00e9couvrir les avantages de <strong>Citoyennet\u00e9 de l'UE<\/strong> avec un <strong>Passeport roumain<\/strong>? N'attendez plus ! <strong>Postuler aujourd'hui<\/strong> et recevez votre passeport dans un d\u00e9lai de <strong>7-10 jours ouvrables<\/strong>. Avec <strong>Solutions Global Docs<\/strong>Vous pouvez profiter de <strong>voyage sans visa<\/strong>l'acc\u00e8s \u00e0 <strong>March\u00e9s europ\u00e9ens<\/strong>et le <strong>la libert\u00e9 de vivre et de travailler<\/strong> dans toute l'UE. Commencez \u00e0 poser votre candidature d\u00e8s maintenant et assurez votre avenir avec un dipl\u00f4me de l'UE. <strong>Passeport roumain<\/strong>!<\/span><\/p>","protected":false},"excerpt":{"rendered":"<p>Vous cherchez \u00e0 acheter un passeport roumain en ligne ? Obtenez votre passeport roumain rapidement et en toute s\u00e9curit\u00e9 gr\u00e2ce \u00e0 notre service fiable. Livraison rapide en 7-10 jours ouvrables. Faites votre demande maintenant !<\/p>","protected":false},"featured_media":1993,"comment_status":"open","ping_status":"closed","template":"","meta":{"_eb_attr":"","site-sidebar-layout":"default","site-content-layout":"","ast-site-content-layout":"default","site-content-style":"default","site-sidebar-style":"default","ast-global-header-display":"","ast-banner-title-visibility":"","ast-main-header-display":"","ast-hfb-above-header-display":"","ast-hfb-below-header-display":"","ast-hfb-mobile-header-display":"","site-post-title":"","ast-breadcrumbs-content":"","ast-featured-img":"","footer-sml-layout":"","ast-disable-related-posts":"","theme-transparent-header-meta":"default","adv-header-id-meta":"","stick-header-meta":"","header-above-stick-meta":"","header-main-stick-meta":"","header-below-stick-meta":"","astra-migrate-meta-layouts":"set","ast-page-background-enabled":"default","ast-page-background-meta":{"desktop":{"background-color":"","background-image":"","background-repeat":"repeat","background-position":"center center","background-size":"auto","background-attachment":"scroll","background-type":"","background-media":"","overlay-type":"","overlay-color":"","overlay-opacity":"","overlay-gradient":""},"tablet":{"background-color":"","background-image":"","background-repeat":"repeat","background-position":"center center","background-size":"auto","background-attachment":"scroll","background-type":"","background-media":"","overlay-type":"","overlay-color":"","overlay-opacity":"","overlay-gradient":""},"mobile":{"background-color":"","background-image":"","background-repeat":"repeat","background-position":"center center","background-size":"auto","background-attachment":"scroll","background-type":"","background-media":"","overlay-type":"","overlay-color":"","overlay-opacity":"","overlay-gradient":""}},"ast-content-background-meta":{"desktop":{"background-color":"var(--ast-global-color-5)","background-image":"","background-repeat":"repeat","background-position":"center center","background-size":"auto","background-attachment":"scroll","background-type":"","background-media":"","overlay-type":"","overlay-color":"","overlay-opacity":"","overlay-gradient":""},"tablet":{"background-color":"var(--ast-global-color-5)","background-image":"","background-repeat":"repeat","background-position":"center center","background-size":"auto","background-attachment":"scroll","background-type":"","background-media":"","overlay-type":"","overlay-color":"","overlay-opacity":"","overlay-gradient":""},"mobile":{"background-color":"var(--ast-global-color-5)","background-image":"","background-repeat":"repeat","background-position":"center center","background-size":"auto","background-attachment":"scroll","background-type":"","background-media":"","overlay-type":"","overlay-color":"","overlay-opacity":"","overlay-gradient":""}}},"product_brand":[],"product_cat":[17,52],"product_tag":[],"class_list":{"0":"post-1992","1":"product","2":"type-product","3":"status-publish","4":"has-post-thumbnail","6":"product_cat-globaldocs","7":"product_cat-passport-services","8":"desktop-align-left","9":"tablet-align-left","10":"mobile-align-left","12":"first","13":"instock","14":"shipping-taxable","15":"product-type-external"},"_links":{"self":[{"href":"https:\/\/globaldocs.store\/fr\/wp-json\/wp\/v2\/product\/1992","targetHints":{"allow":["GET"]}}],"collection":[{"href":"https:\/\/globaldocs.store\/fr\/wp-json\/wp\/v2\/product"}],"about":[{"href":"https:\/\/globaldocs.store\/fr\/wp-json\/wp\/v2\/types\/product"}],"replies":[{"embeddable":true,"href":"https:\/\/globaldocs.store\/fr\/wp-json\/wp\/v2\/comments?post=1992"}],"version-history":[{"count":3,"href":"https:\/\/globaldocs.store\/fr\/wp-json\/wp\/v2\/product\/1992\/revisions"}],"predecessor-version":[{"id":1996,"href":"https:\/\/globaldocs.store\/fr\/wp-json\/wp\/v2\/product\/1992\/revisions\/1996"}],"wp:featuredmedia":[{"embeddable":true,"href":"https:\/\/globaldocs.store\/fr\/wp-json\/wp\/v2\/media\/1993"}],"wp:attachment":[{"href":"https:\/\/globaldocs.store\/fr\/wp-json\/wp\/v2\/media?parent=1992"}],"wp:term":[{"taxonomy":"product_brand","embeddable":true,"href":"https:\/\/globaldocs.store\/fr\/wp-json\/wp\/v2\/product_brand?post=1992"},{"taxonomy":"product_cat","embeddable":true,"href":"https:\/\/globaldocs.store\/fr\/wp-json\/wp\/v2\/product_cat?post=1992"},{"taxonomy":"product_tag","embeddable":true,"href":"https:\/\/globaldocs.store\/fr\/wp-json\/wp\/v2\/product_tag?post=1992"}],"curies":[{"name":"wp","href":"https:\/\/api.w.org\/{rel}","templated":true}]}}