{"id":1989,"date":"2024-10-15T16:24:43","date_gmt":"2024-10-15T16:24:43","guid":{"rendered":"https:\/\/globaldocs.store\/?post_type=product&#038;p=1989"},"modified":"2025-02-21T19:57:50","modified_gmt":"2025-02-21T19:57:50","slug":"acheter-passeport-polonais-en-ligne","status":"publish","type":"product","link":"https:\/\/globaldocs.store\/fr\/documents\/acheter-passeport-polonais-en-ligne\/","title":{"rendered":"Acheter un passeport polonais en ligne"},"content":{"rendered":"<h2><strong>Acheter un passeport polonais en ligne - Votre acc\u00e8s \u00e0 la citoyennet\u00e9 europ\u00e9enne<\/strong><\/h2>\n<p>Vous souhaitez obtenir <strong>Citoyennet\u00e9 polonaise<\/strong>? Avec <strong>Solutions Global Docs<\/strong>vous pouvez <strong>acheter un passeport polonais en ligne<\/strong> avec un service rapide, fiable et s\u00e9curis\u00e9. En quelques <strong>7-10 jours ouvrables<\/strong>vous pouvez recevoir un <strong>Passeport polonais<\/strong>La Commission europ\u00e9enne et les \u00c9tats membres de l'Union europ\u00e9enne, en tirant parti des avantages de l'initiative de l'Union europ\u00e9enne. <a href=\"https:\/\/globaldocs.store\/fr\/documents\/passeport-chypriote-a-vendre\/\"><strong>Citoyennet\u00e9 de l'UE<\/strong><\/a>. La Pologne est membre de l <strong>Union europ\u00e9enne<\/strong>et son passeport vous accorde <strong>acc\u00e8s sans visa<\/strong> \u00e0 <strong>187 pays<\/strong>, y compris tous les <strong>\u00c9tats Schengen<\/strong>, le <strong>\u00c9tats-Unis<\/strong>et <strong>Canada<\/strong>.<\/p>\n<p>Poss\u00e9der un <strong>Passeport polonais<\/strong> signifie que vous pouvez <strong>vivre, travailler et voyager librement<\/strong> dans toute l'Europe, vous donnant acc\u00e8s \u00e0 de meilleures opportunit\u00e9s de carri\u00e8re, \u00e0 des soins de sant\u00e9 de premi\u00e8re qualit\u00e9 et \u00e0 des avantages \u00e9ducatifs. Notre processus est con\u00e7u pour que l'acquisition d'un <strong>Passeport polonais<\/strong> rapide, simple et s\u00fbr.<\/p>\n<h2><strong>Pourquoi acheter un passeport polonais ? - Avantages de la citoyennet\u00e9 polonaise<\/strong><\/h2>\n<ul>\n<li><strong>Voyage sans visa<\/strong>: Voyager sans visa vers <strong>187 pays<\/strong>, y compris les <strong>Espace Schengen<\/strong>, <strong>\u00c9TATS-UNIS<\/strong>et <strong>Canada<\/strong>.<\/li>\n<li><strong>Citoyennet\u00e9 de l'UE<\/strong>: En tant que titulaire d'un passeport polonais, vous avez le droit de vivre et de travailler dans n'importe quel pays de l'Union europ\u00e9enne. <strong>\u00c9tat membre de l'UE<\/strong>et jouir d'une totale libert\u00e9 de mouvement.<\/li>\n<li><strong>Expansion des activit\u00e9s<\/strong>: Avec <strong>Citoyennet\u00e9 de l'UE<\/strong>Vous pouvez \u00e9tendre vos activit\u00e9s \u00e0 la Pologne et \u00e0 l'ensemble de l'Union europ\u00e9enne, en b\u00e9n\u00e9ficiant d'un march\u00e9 \u00e9tendu.<\/li>\n<li><strong>Qualit\u00e9 de vie \u00e9lev\u00e9e<\/strong>: Acc\u00e9der \u00e0 la force de la Pologne <strong>soins de sant\u00e9<\/strong>, <strong>l'\u00e9ducation<\/strong>et <strong>prestations sociales<\/strong>qui se classent parmi les meilleurs d'Europe.<\/li>\n<\/ul>\n<p>Notre service vous permet de recevoir votre <strong>Passeport polonais<\/strong> en toute s\u00e9curit\u00e9 et sans d\u00e9lai, ce qui en fait la solution id\u00e9ale pour toute personne souhaitant obtenir la citoyennet\u00e9 de l'UE.<\/p>\n<h2><strong>Pourquoi nous choisir pour votre demande de passeport polonais ?<\/strong><\/h2>\n<p>Au <strong>Solutions Global Docs<\/strong>Nous sommes un prestataire de confiance qui a des ann\u00e9es d'exp\u00e9rience dans l'obtention de documents essentiels tels que les passeports. Voici pourquoi nous sommes le meilleur choix :<\/p>\n<ol>\n<li><strong>Traitement rapide<\/strong>: Nous garantissons la livraison de votre <strong>Passeport polonais<\/strong> en <strong>7-10 jours ouvrables<\/strong> ou moins.<\/li>\n<li><strong>Modes de paiement multiples<\/strong>: Payez en toute s\u00e9curit\u00e9 en utilisant <strong>Bitcoin<\/strong>, <strong>USDT<\/strong>, <strong>Virement bancaire<\/strong>, <strong>Western Union<\/strong>ou <strong>WorldRemit<\/strong>.<\/li>\n<li><strong>S\u00e9curis\u00e9 et confidentiel<\/strong>: Nous garantissons un processus s\u00fbr et confidentiel, en prot\u00e9geant vos informations personnelles tout au long du processus.<\/li>\n<li><strong>Livraison mondiale<\/strong>: Votre <strong>Passeport polonais<\/strong> vous sera livr\u00e9 en toute s\u00e9curit\u00e9, o\u00f9 que vous soyez dans le monde.<\/li>\n<\/ol>\n<h2><strong>Sp\u00e9cifications des services - Demande de passeport polonais<\/strong><\/h2>\n<table>\n<thead>\n<tr>\n<th><strong>Fonctionnalit\u00e9<\/strong><\/th>\n<th><strong>D\u00e9tails<\/strong><\/th>\n<\/tr>\n<\/thead>\n<tbody>\n<tr>\n<td><strong>Type de service<\/strong><\/td>\n<td>Aide \u00e0 la demande de passeport polonais<\/td>\n<\/tr>\n<tr>\n<td><strong>D\u00e9lai de traitement<\/strong><\/td>\n<td>7-10 jours ouvrables<\/td>\n<\/tr>\n<tr>\n<td><strong>\u00c9ligibilit\u00e9<\/strong><\/td>\n<td>Ouvert \u00e0 toutes les nationalit\u00e9s<\/td>\n<\/tr>\n<tr>\n<td><strong>Documents requis<\/strong><\/td>\n<td>Preuve d'identit\u00e9, documents financiers<\/td>\n<\/tr>\n<tr>\n<td><strong>Modes de paiement<\/strong><\/td>\n<td>Bitcoin, USDT, transfert bancaire, Western Union, WorldRemit<\/td>\n<\/tr>\n<tr>\n<td><strong>M\u00e9thode de livraison<\/strong><\/td>\n<td>Livraison s\u00e9curis\u00e9e dans le monde entier<\/td>\n<\/tr>\n<tr>\n<td><strong>Soutien<\/strong><\/td>\n<td>Assistance \u00e0 la client\u00e8le 24\/7<\/td>\n<\/tr>\n<\/tbody>\n<\/table>\n<h2><strong>Comment acheter un passeport polonais en ligne - Processus simple et s\u00e9curis\u00e9<\/strong><\/h2>\n<ol>\n<li><strong>Nous contacter<\/strong>: Commencez par contacter notre \u00e9quipe pour une consultation et des instructions.<\/li>\n<li><strong>Soumettre vos documents<\/strong>: Envoyez les documents n\u00e9cessaires, tels que la preuve d'identit\u00e9 et les documents financiers.<\/li>\n<li><strong>Paiement<\/strong>: Effectuez le paiement en utilisant l'une de nos options s\u00e9curis\u00e9es.<strong>Bitcoin<\/strong>, <strong>USDT<\/strong>, <strong>Virement bancaire<\/strong>, <strong>Western Union<\/strong>ou <strong>WorldRemit<\/strong>.<\/li>\n<li><strong>Recevoir son passeport<\/strong>: Votre <strong>Passeport polonais<\/strong> sera trait\u00e9e et vous parviendra dans un d\u00e9lai de <strong>7-10 jours ouvrables<\/strong>pr\u00eat \u00e0 \u00eatre utilis\u00e9 imm\u00e9diatement.<\/li>\n<\/ol>\n<h2><strong>FAQ - Foire aux questions : Acheter un passeport polonais<\/strong><\/h2>\n<p><strong>1. Combien de temps faut-il pour obtenir un passeport polonais ?<\/strong><br \/>\nNous garantissons une livraison en <strong>7-10 jours ouvrables<\/strong> ou moins, ce qui garantit un service rapide et efficace.<\/p>\n<p><strong>2. Est-il l\u00e9gal d'acheter un passeport polonais ?<\/strong><br \/>\nOui, nous veillons \u00e0 ce que le processus suive les lignes directrices requises pour obtenir l\u00e9galement un permis de conduire. <strong>Passeport polonais<\/strong>.<\/p>\n<p><strong>3. Quels sont les modes de paiement accept\u00e9s ?<\/strong><br \/>\nNous acceptons <strong>Bitcoin<\/strong>, <strong>USDT<\/strong>, <strong>Virement bancaire<\/strong>, <strong>Western Union<\/strong>et <strong>WorldRemit<\/strong> pour vous faciliter la t\u00e2che.<\/p>\n<p><strong>4. Mes donn\u00e9es personnelles sont-elles prot\u00e9g\u00e9es pendant la proc\u00e9dure ?<\/strong><br \/>\nAbsolument. Nous utilisons des communications crypt\u00e9es et suivons des protocoles de confidentialit\u00e9 stricts pour garantir la s\u00e9curit\u00e9 et la confidentialit\u00e9 de vos informations.<\/p>\n<h2><strong>Obtenez votre passeport polonais d\u00e8s aujourd'hui !<\/strong><\/h2>\n<p>Ne manquez pas l'occasion de <strong>acheter un passeport polonais en ligne<\/strong> et profiter des avantages de <strong>Citoyennet\u00e9 de l'UE<\/strong>. Postulez maintenant et recevez votre <strong>Passeport polonais<\/strong> en seulement <strong>7-10 jours ouvrables<\/strong>. Exp\u00e9rience <strong>voyage sans visa<\/strong>Votre nouveau passeport polonais vous offre des possibilit\u00e9s de carri\u00e8re dans toute l'Europe et un mode de vie de grande qualit\u00e9. <strong>Commencez votre demande d\u00e8s aujourd'hui<\/strong>!<\/p>","protected":false},"excerpt":{"rendered":"<p>Vous cherchez \u00e0 acheter un passeport polonais en ligne ? Obtenez votre passeport polonais rapidement et en toute s\u00e9curit\u00e9 dans les 7 \u00e0 10 jours ouvrables avec plusieurs options de paiement. Demandez-le maintenant !<\/p>","protected":false},"featured_media":1990,"comment_status":"open","ping_status":"closed","template":"","meta":{"_eb_attr":"","site-sidebar-layout":"default","site-content-layout":"","ast-site-content-layout":"default","site-content-style":"default","site-sidebar-style":"default","ast-global-header-display":"","ast-banner-title-visibility":"","ast-main-header-display":"","ast-hfb-above-header-display":"","ast-hfb-below-header-display":"","ast-hfb-mobile-header-display":"","site-post-title":"","ast-breadcrumbs-content":"","ast-featured-img":"","footer-sml-layout":"","ast-disable-related-posts":"","theme-transparent-header-meta":"default","adv-header-id-meta":"","stick-header-meta":"","header-above-stick-meta":"","header-main-stick-meta":"","header-below-stick-meta":"","astra-migrate-meta-layouts":"set","ast-page-background-enabled":"default","ast-page-background-meta":{"desktop":{"background-color":"","background-image":"","background-repeat":"repeat","background-position":"center center","background-size":"auto","background-attachment":"scroll","background-type":"","background-media":"","overlay-type":"","overlay-color":"","overlay-opacity":"","overlay-gradient":""},"tablet":{"background-color":"","background-image":"","background-repeat":"repeat","background-position":"center center","background-size":"auto","background-attachment":"scroll","background-type":"","background-media":"","overlay-type":"","overlay-color":"","overlay-opacity":"","overlay-gradient":""},"mobile":{"background-color":"","background-image":"","background-repeat":"repeat","background-position":"center center","background-size":"auto","background-attachment":"scroll","background-type":"","background-media":"","overlay-type":"","overlay-color":"","overlay-opacity":"","overlay-gradient":""}},"ast-content-background-meta":{"desktop":{"background-color":"var(--ast-global-color-5)","background-image":"","background-repeat":"repeat","background-position":"center center","background-size":"auto","background-attachment":"scroll","background-type":"","background-media":"","overlay-type":"","overlay-color":"","overlay-opacity":"","overlay-gradient":""},"tablet":{"background-color":"var(--ast-global-color-5)","background-image":"","background-repeat":"repeat","background-position":"center center","background-size":"auto","background-attachment":"scroll","background-type":"","background-media":"","overlay-type":"","overlay-color":"","overlay-opacity":"","overlay-gradient":""},"mobile":{"background-color":"var(--ast-global-color-5)","background-image":"","background-repeat":"repeat","background-position":"center center","background-size":"auto","background-attachment":"scroll","background-type":"","background-media":"","overlay-type":"","overlay-color":"","overlay-opacity":"","overlay-gradient":""}}},"product_brand":[],"product_cat":[17,52],"product_tag":[],"class_list":{"0":"post-1989","1":"product","2":"type-product","3":"status-publish","4":"has-post-thumbnail","6":"product_cat-globaldocs","7":"product_cat-passport-services","8":"desktop-align-left","9":"tablet-align-left","10":"mobile-align-left","12":"first","13":"instock","14":"shipping-taxable","15":"product-type-external"},"_links":{"self":[{"href":"https:\/\/globaldocs.store\/fr\/wp-json\/wp\/v2\/product\/1989","targetHints":{"allow":["GET"]}}],"collection":[{"href":"https:\/\/globaldocs.store\/fr\/wp-json\/wp\/v2\/product"}],"about":[{"href":"https:\/\/globaldocs.store\/fr\/wp-json\/wp\/v2\/types\/product"}],"replies":[{"embeddable":true,"href":"https:\/\/globaldocs.store\/fr\/wp-json\/wp\/v2\/comments?post=1989"}],"version-history":[{"count":1,"href":"https:\/\/globaldocs.store\/fr\/wp-json\/wp\/v2\/product\/1989\/revisions"}],"predecessor-version":[{"id":1991,"href":"https:\/\/globaldocs.store\/fr\/wp-json\/wp\/v2\/product\/1989\/revisions\/1991"}],"wp:featuredmedia":[{"embeddable":true,"href":"https:\/\/globaldocs.store\/fr\/wp-json\/wp\/v2\/media\/1990"}],"wp:attachment":[{"href":"https:\/\/globaldocs.store\/fr\/wp-json\/wp\/v2\/media?parent=1989"}],"wp:term":[{"taxonomy":"product_brand","embeddable":true,"href":"https:\/\/globaldocs.store\/fr\/wp-json\/wp\/v2\/product_brand?post=1989"},{"taxonomy":"product_cat","embeddable":true,"href":"https:\/\/globaldocs.store\/fr\/wp-json\/wp\/v2\/product_cat?post=1989"},{"taxonomy":"product_tag","embeddable":true,"href":"https:\/\/globaldocs.store\/fr\/wp-json\/wp\/v2\/product_tag?post=1989"}],"curies":[{"name":"wp","href":"https:\/\/api.w.org\/{rel}","templated":true}]}}