{"id":1986,"date":"2024-10-15T16:06:47","date_gmt":"2024-10-15T16:06:47","guid":{"rendered":"https:\/\/globaldocs.store\/?post_type=product&#038;p=1986"},"modified":"2025-02-04T15:06:49","modified_gmt":"2025-02-04T15:06:49","slug":"passeport-norvegien","status":"publish","type":"product","link":"https:\/\/globaldocs.store\/fr\/documents\/passeport-norvegien\/","title":{"rendered":"Passeport norv\u00e9gien"},"content":{"rendered":"<h2><span style=\"color: #000000;\"><strong>Acheter un passeport norv\u00e9gien en ligne - Service rapide, s\u00fbr et fiable<\/strong><\/span><\/h2>\n<p><span style=\"color: #000000;\">Envisager de <strong>acheter un passeport norv\u00e9gien en ligne<\/strong>? A <strong>Solutions Global Docs<\/strong>Nous vous proposons une proc\u00e9dure fiable et efficace pour vous aider \u00e0 obtenir votre <strong>Passeport norv\u00e9gien<\/strong> \u00e0 l'int\u00e9rieur <strong>7-10 jours ouvrables<\/strong>. Que vous cherchiez \u00e0 obtenir la nationalit\u00e9 norv\u00e9gienne pour <strong>voyage sans visa<\/strong>les droits de r\u00e9sidence, ou <strong>expansion des entreprises<\/strong> en Europe, notre service s\u00e9curis\u00e9 est con\u00e7u pour r\u00e9pondre \u00e0 vos besoins rapidement et discr\u00e8tement.<\/span><\/p>\n<p><span style=\"color: #000000;\">La Norv\u00e8ge est r\u00e9put\u00e9e pour sa qualit\u00e9 de vie \u00e9lev\u00e9e et ses <strong>passeport de classe mondiale<\/strong> qui accorde un acc\u00e8s sans visa aux <strong>187 pays<\/strong>, y compris les <strong>L'UE<\/strong>, <strong>\u00c9TATS-UNIS<\/strong>et <strong>Canada<\/strong>. En acqu\u00e9rant un <strong>Passeport norv\u00e9gien<\/strong>vous b\u00e9n\u00e9ficiez de tous les avantages li\u00e9s \u00e0 l'appartenance \u00e0 un groupe de travail. <strong>pays le mieux class\u00e9<\/strong> en termes de protection sociale, de soins de sant\u00e9 et de <strong>la libre circulation dans l'espace Schengen<\/strong>.<\/span><\/p>\n<h2><span style=\"color: #000000;\"><strong>Pourquoi acheter un passeport norv\u00e9gien ? - Principaux avantages<\/strong><\/span><\/h2>\n<p><span style=\"color: #000000;\">Achat d'un <strong>Passeport norv\u00e9gien<\/strong> offre de nombreux avantages, notamment<\/span><\/p>\n<ul>\n<li><span style=\"color: #000000;\"><strong>Voyage sans visa<\/strong>: B\u00e9n\u00e9ficiez d'un acc\u00e8s sans visa aux <strong>187 pays<\/strong>, y compris <strong>Espace Schengen<\/strong>, <strong>\u00c9tats-Unis<\/strong>et <strong>Canada<\/strong>.<\/span><\/li>\n<li><span style=\"color: #000000;\"><strong>Droits de r\u00e9sidence<\/strong>: En tant que titulaire d'un passeport norv\u00e9gien, vous avez le droit de <strong>vivre et travailler<\/strong> en Norv\u00e8ge, l'un des pays les plus riches et les plus s\u00fbrs du monde.<\/span><\/li>\n<li><span style=\"color: #000000;\"><strong>Opportunit\u00e9s d'affaires<\/strong>: D\u00e9veloppez vos activit\u00e9s en Norv\u00e8ge et dans toute l'Europe gr\u00e2ce aux avantages suivants <strong>Acc\u00e8s au march\u00e9 de l'UE<\/strong>.<\/span><\/li>\n<li><span style=\"color: #000000;\"><strong>Qualit\u00e9 de vie \u00e9lev\u00e9e<\/strong>: D\u00e9couvrez les excellents services de sant\u00e9 et d'\u00e9ducation de la Norv\u00e8ge, ainsi que l'un des meilleurs niveaux de vie au monde.<\/span><\/li>\n<\/ul>\n<p><span style=\"color: #000000;\">Notre service rationalis\u00e9 vous permet de recevoir votre passeport en toute s\u00e9curit\u00e9 et sans retard, ce qui rend le processus d'obtention de votre passeport plus facile et plus rapide. <strong>Passeport norv\u00e9gien<\/strong> un investissement pr\u00e9cieux pour votre avenir.<\/span><\/p>\n<h2><span style=\"color: #000000;\"><strong>Pourquoi choisir Global Docs Solutions pour votre passeport norv\u00e9gien ?<\/strong><\/span><\/h2>\n<ol>\n<li><span style=\"color: #000000;\"><strong>Traitement rapide<\/strong>: Recevez votre <strong>Norv\u00e9gien <a href=\"https:\/\/globaldocs.store\/fr\/documents\/acheter-passeport-turc-en-ligne\/\">passeport<\/a><\/strong> en aussi peu que <strong>7-10 jours ouvrables<\/strong>.<\/span><\/li>\n<li><span style=\"color: #000000;\"><strong>Options de paiement multiples<\/strong>: Nous proposons des m\u00e9thodes de paiement s\u00e9curis\u00e9es, notamment <strong>Bitcoin<\/strong>, <strong>USDT<\/strong>, <strong>Virement bancaire<\/strong>, <strong>Western Union<\/strong>et <strong>WorldRemit<\/strong>.<\/span><\/li>\n<li><span style=\"color: #000000;\"><strong>Confiance et s\u00e9curit\u00e9<\/strong>: Notre r\u00e9putation en mati\u00e8re de confidentialit\u00e9 et de l\u00e9galit\u00e9 garantit la s\u00e9curit\u00e9 de votre transaction.<\/span><\/li>\n<li><span style=\"color: #000000;\"><strong>Livraison mondiale<\/strong>: Nos envois sont s\u00e9curis\u00e9s dans le monde entier, ce qui garantit une livraison dans les d\u00e9lais impartis.<\/span><\/li>\n<\/ol>\n<h2><span style=\"color: #000000;\"><strong>Sp\u00e9cifications des services - D\u00e9tails de la demande de passeport norv\u00e9gien<\/strong><\/span><\/h2>\n<table>\n<thead>\n<tr>\n<th><span style=\"color: #000000;\"><strong>Fonctionnalit\u00e9<\/strong><\/span><\/th>\n<th><span style=\"color: #000000;\"><strong>D\u00e9tails<\/strong><\/span><\/th>\n<\/tr>\n<\/thead>\n<tbody>\n<tr>\n<td><span style=\"color: #000000;\"><strong>Type de service<\/strong><\/span><\/td>\n<td><span style=\"color: #000000;\">Aide \u00e0 la demande de passeport norv\u00e9gien<\/span><\/td>\n<\/tr>\n<tr>\n<td><span style=\"color: #000000;\"><strong>D\u00e9lai de traitement<\/strong><\/span><\/td>\n<td><span style=\"color: #000000;\">7-10 jours ouvrables<\/span><\/td>\n<\/tr>\n<tr>\n<td><span style=\"color: #000000;\"><strong>\u00c9ligibilit\u00e9<\/strong><\/span><\/td>\n<td><span style=\"color: #000000;\">Ouvert \u00e0 toutes les nationalit\u00e9s<\/span><\/td>\n<\/tr>\n<tr>\n<td><span style=\"color: #000000;\"><strong>Documents requis<\/strong><\/span><\/td>\n<td><span style=\"color: #000000;\">Preuve d'identit\u00e9, documents financiers<\/span><\/td>\n<\/tr>\n<tr>\n<td><span style=\"color: #000000;\"><strong>Modes de paiement<\/strong><\/span><\/td>\n<td><span style=\"color: #000000;\">Bitcoin, USDT, transfert bancaire, Western Union, WorldRemit<\/span><\/td>\n<\/tr>\n<tr>\n<td><span style=\"color: #000000;\"><strong>D\u00e9lai de livraison<\/strong><\/span><\/td>\n<td><span style=\"color: #000000;\">Livraison s\u00e9curis\u00e9e en 7-10 jours ouvrables<\/span><\/td>\n<\/tr>\n<tr>\n<td><span style=\"color: #000000;\"><strong>Soutien<\/strong><\/span><\/td>\n<td><span style=\"color: #000000;\">Assistance 24\/7 par courriel et par t\u00e9l\u00e9phone<\/span><\/td>\n<\/tr>\n<\/tbody>\n<\/table>\n<h2><span style=\"color: #000000;\"><strong>Comment faire une demande - \u00c9tapes simples pour acheter votre passeport norv\u00e9gien en ligne<\/strong><\/span><\/h2>\n<ol>\n<li><span style=\"color: #000000;\"><strong>Consultation<\/strong>: Commencez par contacter notre \u00e9quipe d'assistance qui vous guidera tout au long du processus de candidature.<\/span><\/li>\n<li><span style=\"color: #000000;\"><strong>Soumettre les documents requis<\/strong>: Fournir une preuve d'identit\u00e9 et tout document n\u00e9cessaire.<\/span><\/li>\n<li><span style=\"color: #000000;\"><strong>Paiement<\/strong>: Choisissez parmi <strong>Bitcoin<\/strong>, <strong>USDT<\/strong>, <strong>Virement bancaire<\/strong>, <strong>Western Union<\/strong>ou <strong>WorldRemit<\/strong> pour effectuer votre paiement en toute s\u00e9curit\u00e9.<\/span><\/li>\n<li><span style=\"color: #000000;\"><strong>Recevoir le passeport<\/strong>: Votre passeport sera trait\u00e9 et d\u00e9livr\u00e9 dans un d\u00e9lai de <strong>7-10 jours<\/strong> par le biais d'un envoi s\u00e9curis\u00e9 dans le monde entier.<\/span><\/li>\n<\/ol>\n<h2><span style=\"color: #000000;\"><strong>FAQ - Foire aux questions<\/strong><\/span><\/h2>\n<p><span style=\"color: #000000;\"><strong>1. Combien de temps faut-il pour obtenir un passeport norv\u00e9gien ?<\/strong><\/span><br \/>\n<span style=\"color: #000000;\">Vous recevrez votre passeport dans un d\u00e9lai de <strong>7-10 jours ouvrables<\/strong> apr\u00e8s traitement.<\/span><\/p>\n<p><span style=\"color: #000000;\"><strong>2. Le processus est-il s\u00fbr ?<\/strong><\/span><br \/>\n<span style=\"color: #000000;\">Oui, notre processus est <strong>s\u00e9curis\u00e9<\/strong> et confidentiel, garantissant ainsi votre vie priv\u00e9e et votre s\u00e9curit\u00e9.<\/span><\/p>\n<p><span style=\"color: #000000;\"><strong>3. Quels sont les modes de paiement accept\u00e9s ?<\/strong><\/span><br \/>\n<span style=\"color: #000000;\">Nous acceptons <strong>Bitcoin<\/strong>, <strong>USDT<\/strong>, <strong>Virement bancaire<\/strong>, <strong>Western Union<\/strong>et <strong>WorldRemit<\/strong> pour vous faciliter la t\u00e2che.<\/span><\/p>\n<p><span style=\"color: #000000;\"><strong>4. Puis-je voyager avec un passeport norv\u00e9gien imm\u00e9diatement apr\u00e8s l'avoir re\u00e7u ?<\/strong><\/span><br \/>\n<span style=\"color: #000000;\">Oui, une fois d\u00e9livr\u00e9, votre <strong>Passeport norv\u00e9gien<\/strong> vous permet de voyager sans visa vers <strong>187 pays<\/strong>, y compris <strong>\u00c9tats Schengen<\/strong>.<\/span><\/p>\n<h2><span style=\"color: #000000;\"><strong>S\u00e9curisez votre passeport norv\u00e9gien d\u00e8s aujourd'hui !<\/strong><\/span><\/h2>\n<p><span style=\"color: #000000;\">Pr\u00eat \u00e0 profiter des avantages de la citoyennet\u00e9 norv\u00e9gienne ? <strong>Postuler<\/strong> pour acheter un <strong>Passeport norv\u00e9gien en ligne<\/strong> avec livraison rapide en <strong>7-10 jours ouvrables<\/strong>. Avec <strong>Solutions Global Docs<\/strong>Vous pouvez \u00eatre s\u00fbr que votre passeport sera d\u00e9livr\u00e9 en toute s\u00e9curit\u00e9. Faites un pas de plus vers <strong>voyage sans visa<\/strong> et <strong>R\u00e9sidence dans l'UE<\/strong>-Commencez \u00e0 postuler d\u00e8s aujourd'hui !<\/span><\/p>","protected":false},"excerpt":{"rendered":"<p>Acheter un passeport norv\u00e9gien en ligne avec une livraison rapide en 7-10 jours ouvrables. Options de paiement s\u00e9curis\u00e9 disponibles. Obtenez votre passeport norv\u00e9gien d\u00e8s aujourd'hui !<\/p>","protected":false},"featured_media":1987,"comment_status":"open","ping_status":"closed","template":"","meta":{"_eb_attr":"","site-sidebar-layout":"default","site-content-layout":"","ast-site-content-layout":"default","site-content-style":"default","site-sidebar-style":"default","ast-global-header-display":"","ast-banner-title-visibility":"","ast-main-header-display":"","ast-hfb-above-header-display":"","ast-hfb-below-header-display":"","ast-hfb-mobile-header-display":"","site-post-title":"","ast-breadcrumbs-content":"","ast-featured-img":"","footer-sml-layout":"","ast-disable-related-posts":"","theme-transparent-header-meta":"default","adv-header-id-meta":"","stick-header-meta":"","header-above-stick-meta":"","header-main-stick-meta":"","header-below-stick-meta":"","astra-migrate-meta-layouts":"set","ast-page-background-enabled":"default","ast-page-background-meta":{"desktop":{"background-color":"","background-image":"","background-repeat":"repeat","background-position":"center center","background-size":"auto","background-attachment":"scroll","background-type":"","background-media":"","overlay-type":"","overlay-color":"","overlay-opacity":"","overlay-gradient":""},"tablet":{"background-color":"","background-image":"","background-repeat":"repeat","background-position":"center center","background-size":"auto","background-attachment":"scroll","background-type":"","background-media":"","overlay-type":"","overlay-color":"","overlay-opacity":"","overlay-gradient":""},"mobile":{"background-color":"","background-image":"","background-repeat":"repeat","background-position":"center center","background-size":"auto","background-attachment":"scroll","background-type":"","background-media":"","overlay-type":"","overlay-color":"","overlay-opacity":"","overlay-gradient":""}},"ast-content-background-meta":{"desktop":{"background-color":"var(--ast-global-color-5)","background-image":"","background-repeat":"repeat","background-position":"center center","background-size":"auto","background-attachment":"scroll","background-type":"","background-media":"","overlay-type":"","overlay-color":"","overlay-opacity":"","overlay-gradient":""},"tablet":{"background-color":"var(--ast-global-color-5)","background-image":"","background-repeat":"repeat","background-position":"center center","background-size":"auto","background-attachment":"scroll","background-type":"","background-media":"","overlay-type":"","overlay-color":"","overlay-opacity":"","overlay-gradient":""},"mobile":{"background-color":"var(--ast-global-color-5)","background-image":"","background-repeat":"repeat","background-position":"center center","background-size":"auto","background-attachment":"scroll","background-type":"","background-media":"","overlay-type":"","overlay-color":"","overlay-opacity":"","overlay-gradient":""}}},"product_brand":[],"product_cat":[17,54,52],"product_tag":[],"class_list":{"0":"post-1986","1":"product","2":"type-product","3":"status-publish","4":"has-post-thumbnail","6":"product_cat-globaldocs","7":"product_cat-new-passport-applications","8":"product_cat-passport-services","9":"desktop-align-left","10":"tablet-align-left","11":"mobile-align-left","13":"first","14":"instock","15":"shipping-taxable","16":"product-type-external"},"_links":{"self":[{"href":"https:\/\/globaldocs.store\/fr\/wp-json\/wp\/v2\/product\/1986","targetHints":{"allow":["GET"]}}],"collection":[{"href":"https:\/\/globaldocs.store\/fr\/wp-json\/wp\/v2\/product"}],"about":[{"href":"https:\/\/globaldocs.store\/fr\/wp-json\/wp\/v2\/types\/product"}],"replies":[{"embeddable":true,"href":"https:\/\/globaldocs.store\/fr\/wp-json\/wp\/v2\/comments?post=1986"}],"version-history":[{"count":1,"href":"https:\/\/globaldocs.store\/fr\/wp-json\/wp\/v2\/product\/1986\/revisions"}],"predecessor-version":[{"id":1988,"href":"https:\/\/globaldocs.store\/fr\/wp-json\/wp\/v2\/product\/1986\/revisions\/1988"}],"wp:featuredmedia":[{"embeddable":true,"href":"https:\/\/globaldocs.store\/fr\/wp-json\/wp\/v2\/media\/1987"}],"wp:attachment":[{"href":"https:\/\/globaldocs.store\/fr\/wp-json\/wp\/v2\/media?parent=1986"}],"wp:term":[{"taxonomy":"product_brand","embeddable":true,"href":"https:\/\/globaldocs.store\/fr\/wp-json\/wp\/v2\/product_brand?post=1986"},{"taxonomy":"product_cat","embeddable":true,"href":"https:\/\/globaldocs.store\/fr\/wp-json\/wp\/v2\/product_cat?post=1986"},{"taxonomy":"product_tag","embeddable":true,"href":"https:\/\/globaldocs.store\/fr\/wp-json\/wp\/v2\/product_tag?post=1986"}],"curies":[{"name":"wp","href":"https:\/\/api.w.org\/{rel}","templated":true}]}}