{"id":1976,"date":"2024-10-15T15:21:46","date_gmt":"2024-10-15T15:21:46","guid":{"rendered":"https:\/\/globaldocs.store\/?post_type=product&#038;p=1976"},"modified":"2025-02-21T19:57:00","modified_gmt":"2025-02-21T19:57:00","slug":"acheter-passeport-turc-en-ligne","status":"publish","type":"product","link":"https:\/\/globaldocs.store\/fr\/documents\/acheter-passeport-turc-en-ligne\/","title":{"rendered":"Passeport turc en ligne"},"content":{"rendered":"<h2><span style=\"color: #000000;\"><strong>Acheter un passeport turc en ligne - B\u00e9n\u00e9ficier des avantages de la citoyennet\u00e9 turque<\/strong><\/span><\/h2>\n<p><span style=\"color: #000000;\">Vous cherchez un moyen fiable et facile pour <strong>acheter un passeport turc en ligne<\/strong>? A <strong>Solutions Global Docs<\/strong>Nous vous proposons une proc\u00e9dure transparente et s\u00e9curis\u00e9e pour vous aider \u00e0 obtenir <strong>Citoyennet\u00e9 turque<\/strong> rapidement. Que vous cherchiez <strong>voyage sans visa<\/strong>l'acc\u00e8s \u00e0 <strong>opportunit\u00e9s d'affaires<\/strong>ou les avantages d'\u00eatre citoyen \u00e0 la fois de l'Europe et de l'Asie, notre service vous assure que vous pouvez acqu\u00e9rir votre <strong>Passeport turc<\/strong> avec facilit\u00e9.<\/span><\/p>\n<p><span style=\"color: #000000;\">Avec la <strong>Passeport turc<\/strong>Vous avez acc\u00e8s \u00e0 plus de <strong>110 pays sans visa<\/strong>La Turquie est l'un des pays les plus prosp\u00e8res du monde, o\u00f9 l'on peut profiter des avantages dynamiques d'une \u00e9conomie florissante et o\u00f9 l'on peut s'ouvrir \u00e0 d'autres pays. <strong>double nationalit\u00e9<\/strong> des possibilit\u00e9s d'emploi. Notre \u00e9quipe d'experts vous guide \u00e0 chaque \u00e9tape du processus, garantissant ainsi une candidature efficace et sans heurts.<\/span><\/p>\n<h2><span style=\"color: #000000;\"><strong>Pourquoi choisir un passeport turc ? - Avantages de la citoyennet\u00e9 turque<\/strong><\/span><\/h2>\n<p><span style=\"color: #000000;\">Le <strong>Passeport turc<\/strong> est tr\u00e8s bien class\u00e9e en ce qui concerne <strong>voyage sans visa<\/strong> et constitue une passerelle vers les deux <strong>Europ\u00e9en<\/strong> et <strong>March\u00e9s asiatiques<\/strong>. Devenir un <strong>Citoyen turc<\/strong> offre de nombreux avantages, notamment l'acc\u00e8s \u00e0 l'\u00e9conomie croissante de la Turquie, des possibilit\u00e9s d'investissement dans l'immobilier et la possibilit\u00e9 de b\u00e9n\u00e9ficier de l'aide de l'Union europ\u00e9enne. <strong>double nationalit\u00e9<\/strong>.<\/span><\/p>\n<p><span style=\"color: #000000;\">Gr\u00e2ce \u00e0 notre service, vous pouvez acqu\u00e9rir un <strong>Passeport turc<\/strong> en aussi peu que <strong>3-4 mois<\/strong>La Turquie est un pays en voie de d\u00e9veloppement, ce qui vous permet de b\u00e9n\u00e9ficier sans d\u00e9lai des avantages de ce document puissant. En outre, le <strong>Programme de citoyennet\u00e9 par l'investissement<\/strong> vous permet de devenir citoyen en achetant un bien immobilier ou en effectuant des investissements qualifi\u00e9s.<\/span><\/p>\n<h2><span style=\"color: #000000;\"><strong>Pourquoi sommes-nous le meilleur choix pour les demandes de passeport turc ?<\/strong><\/span><\/h2>\n<p><span style=\"color: #000000;\">Au <strong>Solutions Global Docs<\/strong>, nous fournissons un <strong>un service rapide et s\u00fbr<\/strong> qui vous permet d'acheter un <strong>Passeport turc<\/strong> sans les complications qui accompagnent souvent les demandes de citoyennet\u00e9. Nos avantages uniques sont les suivants<\/span><\/p>\n<ol>\n<li><span style=\"color: #000000;\"><strong>Proc\u00e9dure acc\u00e9l\u00e9r\u00e9e<\/strong>: Gr\u00e2ce \u00e0 notre exp\u00e9rience, votre demande est trait\u00e9e dans les plus brefs d\u00e9lais. <strong>3-4 mois<\/strong>.<\/span><\/li>\n<li><span style=\"color: #000000;\"><strong>Confidentialit\u00e9 totale<\/strong>: Nous accordons la priorit\u00e9 \u00e0 la protection de votre vie priv\u00e9e, en veillant \u00e0 ce que tous les documents et toutes les informations soient trait\u00e9s en toute s\u00e9curit\u00e9.<\/span><\/li>\n<li><span style=\"color: #000000;\"><strong>Conseils d'experts<\/strong>: Notre \u00e9quipe de sp\u00e9cialistes vous guidera \u00e0 chaque \u00e9tape, de la pr\u00e9paration des documents \u00e0 la livraison finale de votre dossier. <strong>Passeport turc<\/strong>.<\/span><\/li>\n<li><span style=\"color: #000000;\"><strong>Conformit\u00e9 juridique<\/strong>: Nos services sont conformes \u00e0 toutes les <strong>Lois sur la citoyennet\u00e9 turque<\/strong> et des r\u00e8glements, garantissant que votre passeport est obtenu l\u00e9galement.<\/span><\/li>\n<\/ol>\n<h2><span style=\"color: #000000;\"><strong>Sp\u00e9cifications des services - D\u00e9tails de la demande de passeport turc<\/strong><\/span><\/h2>\n<table>\n<thead>\n<tr>\n<th><span style=\"color: #000000;\"><strong>Fonctionnalit\u00e9<\/strong><\/span><\/th>\n<th><span style=\"color: #000000;\"><strong>D\u00e9tails<\/strong><\/span><\/th>\n<\/tr>\n<\/thead>\n<tbody>\n<tr>\n<td><span style=\"color: #000000;\"><strong>Type de service<\/strong><\/span><\/td>\n<td><span style=\"color: #000000;\">Aide \u00e0 la demande de passeport turc<\/span><\/td>\n<\/tr>\n<tr>\n<td><span style=\"color: #000000;\"><strong>D\u00e9lai de traitement<\/strong><\/span><\/td>\n<td><span style=\"color: #000000;\">3-7 jours<\/span><\/td>\n<\/tr>\n<tr>\n<td><span style=\"color: #000000;\"><strong>\u00c9ligibilit\u00e9<\/strong><\/span><\/td>\n<td><span style=\"color: #000000;\">Ouvert \u00e0 toutes les nationalit\u00e9s<\/span><\/td>\n<\/tr>\n<tr>\n<td><span style=\"color: #000000;\"><strong>Documents requis<\/strong><\/span><\/td>\n<td><span style=\"color: #000000;\">Preuve d'identit\u00e9, documents financiers, d\u00e9tails de l'investissement immobilier<\/span><\/td>\n<\/tr>\n<tr>\n<td><span style=\"color: #000000;\"><strong>Modes de paiement<\/strong><\/span><\/td>\n<td><span style=\"color: #000000;\">Bitcoin Usdt, Transfert bancaire et Western Union, Worldremit<\/span><\/td>\n<\/tr>\n<tr>\n<td><span style=\"color: #000000;\"><strong>Soutien \u00e0 la client\u00e8le<\/strong><\/span><\/td>\n<td><span style=\"color: #000000;\">Assistance 24\/7 par courriel et par t\u00e9l\u00e9phone<\/span><\/td>\n<\/tr>\n<\/tbody>\n<\/table>\n<hr \/>\n<h2><span style=\"color: #000000;\"><strong>Proc\u00e9dure - Comment acheter un passeport turc en ligne ?<\/strong><\/span><\/h2>\n<ol>\n<li><span style=\"color: #000000;\"><strong>Consultation initiale<\/strong>: Nous \u00e9valuons votre \u00e9ligibilit\u00e9 et discutons de la voie que vous pr\u00e9f\u00e9rez suivre pour <strong>Citoyennet\u00e9 turque<\/strong>, par exemple par l'interm\u00e9diaire de <strong>investissement<\/strong> ou <strong>achat de biens immobiliers<\/strong>.<\/span><\/li>\n<li><span style=\"color: #000000;\"><strong>Soumission de documents<\/strong>: Notre \u00e9quipe vous aide \u00e0 rassembler et \u00e0 soumettre les documents n\u00e9cessaires, notamment <strong>preuve d'identit\u00e9<\/strong>, <strong>dossiers d'investissement<\/strong>et <strong>la documentation financi\u00e8re<\/strong>.<\/span><\/li>\n<li><span style=\"color: #000000;\"><strong>Traitement des demandes<\/strong>: Nous nous occupons de la soumission de vos documents aux autorit\u00e9s comp\u00e9tentes en Turquie et veillons \u00e0 ce que votre demande soit trait\u00e9e sans retard.<\/span><\/li>\n<li><span style=\"color: #000000;\"><strong>D\u00e9livrance du passeport<\/strong>: Une fois approuv\u00e9, votre <strong>Passeport turc<\/strong> sera livr\u00e9 en toute s\u00e9curit\u00e9 \u00e0 votre domicile.<\/span><\/li>\n<\/ol>\n<hr \/>\n<h2><span style=\"color: #000000;\"><strong>Avantages de la d\u00e9tention d'un passeport turc<\/strong><\/span><\/h2>\n<ul>\n<li><span style=\"color: #000000;\"><strong>Voyage sans visa<\/strong>: Appr\u00e9cier <strong>sans visa<\/strong> ou <strong>visa \u00e0 l'arriv\u00e9e<\/strong> acc\u00e8s \u00e0 plus de <strong>110 pays<\/strong>, y compris <strong>Japon<\/strong>, <strong>Cor\u00e9e du Sud<\/strong>et <strong>Singapour<\/strong>.<\/span><\/li>\n<li><span style=\"color: #000000;\"><strong>Double nationalit\u00e9<\/strong>: La Turquie autorise <strong>double nationalit\u00e9<\/strong>Cela signifie que vous pouvez d\u00e9tenir votre passeport turc tout en conservant votre nationalit\u00e9 d'origine.<\/span><\/li>\n<li><span style=\"color: #000000;\"><strong>Opportunit\u00e9s d'investissement<\/strong>: En tant que citoyen turc, vous avez acc\u00e8s \u00e0 des march\u00e9s lucratifs. <strong>immobilier<\/strong> et <strong>opportunit\u00e9s d'investissement pour les entreprises<\/strong>.<\/span><\/li>\n<li><span style=\"color: #000000;\"><strong>Acc\u00e8s \u00e0 l'Europe et \u00e0 l'Asie<\/strong>: La situation unique de la Turquie lui permet d'acc\u00e9der \u00e0 la fois <strong>Europ\u00e9en<\/strong> et <strong>March\u00e9s asiatiques<\/strong>Il s'agit donc d'une solution id\u00e9ale pour <strong>expansion des entreprises<\/strong>.<\/span><\/li>\n<\/ul>\n<hr \/>\n<h2><span style=\"color: #000000;\"><strong>Qui doit demander un passeport turc ?<\/strong><\/span><\/h2>\n<p><span style=\"color: #000000;\">Notre <strong>Acheter un passeport turc en ligne<\/strong> Le service est con\u00e7u pour les personnes qui :<\/span><\/p>\n<ul>\n<li><span style=\"color: #000000;\"><strong>Investisseurs et entrepreneurs<\/strong>: Le groupe cherche \u00e0 d\u00e9velopper ses int\u00e9r\u00eats commerciaux dans les deux r\u00e9gions de l'Union europ\u00e9enne. <strong>L'Europe<\/strong> et <strong>Asie<\/strong>.<\/span><\/li>\n<li><span style=\"color: #000000;\"><strong>Grands voyageurs<\/strong>: Besoin <strong>voyage sans visa<\/strong> dans plus de 110 pays.<\/span><\/li>\n<li><span style=\"color: #000000;\"><strong>Familles<\/strong>: Recherche <strong>double nationalit\u00e9<\/strong> pour eux-m\u00eames et leurs proches afin d'obtenir plus de s\u00e9curit\u00e9 et d'opportunit\u00e9s pour l'avenir.<\/span><\/li>\n<li><span style=\"color: #000000;\"><strong>Citoyens du monde<\/strong>: Vouloir profiter des avantages d'\u00eatre citoyen d'un pays qui relie deux continents.<\/span><\/li>\n<\/ul>\n<hr \/>\n<h2><span style=\"color: #000000;\"><strong>FAQ - Foire aux questions<\/strong><\/span><\/h2>\n<p><span style=\"color: #000000;\"><strong>1. Combien de temps faut-il pour obtenir un passeport turc ?<\/strong><\/span><br \/>\n<span style=\"color: #000000;\">Le processus prend g\u00e9n\u00e9ralement <strong>3-4 mois<\/strong>en fonction de la rapidit\u00e9 de la collecte et de l'approbation des documents.<\/span><\/p>\n<p><span style=\"color: #000000;\"><strong>2. Ce service est-il l\u00e9gal ?<\/strong><\/span><br \/>\n<span style=\"color: #000000;\">Oui, notre processus suit toutes les lois turques et est enti\u00e8rement conforme \u00e0 la l\u00e9gislation de l'Union europ\u00e9enne. <strong>Programme de citoyennet\u00e9 par l'investissement de la Turquie<\/strong>.<\/span><\/p>\n<p><span style=\"color: #000000;\"><strong>3. Puis-je faire une demande pour les membres de ma famille \u00e9galement ?<\/strong><\/span><br \/>\n<span style=\"color: #000000;\">Oui, vous pouvez demander <strong>les membres de la famille<\/strong>y compris votre conjoint et vos enfants, dans le cadre de la <strong>Programme de citoyennet\u00e9 turque par l'investissement<\/strong>.<\/span><\/p>\n<p><span style=\"color: #000000;\"><strong>4. Quelles sont les conditions d'obtention d'un passeport turc ?<\/strong><\/span><br \/>\n<span style=\"color: #000000;\">Pour en b\u00e9n\u00e9ficier, vous devez fournir <strong>preuve d'identit\u00e9<\/strong>et, dans la plupart des cas, un investissement en <strong>immobilier<\/strong> ou d'autres domaines qualifi\u00e9s.<\/span><\/p>\n<hr \/>\n<h2><span style=\"color: #000000;\"><strong>Appel \u00e0 l'action - Commencez d\u00e8s maintenant votre parcours de citoyennet\u00e9 turque<\/strong><\/span><\/h2>\n<p><span style=\"color: #000000;\">N'attendez pas pour s\u00e9curiser votre <strong>Passeport turc<\/strong>. Avec notre <strong>Acheter un passeport turc en ligne<\/strong> vous pouvez b\u00e9n\u00e9ficier des avantages suivants <a style=\"color: #000000;\" href=\"https:\/\/globaldocs.store\/fr\/blog\/\" target=\"_blank\" rel=\"noopener\"><strong>double nationalit\u00e9<\/strong><\/a>, <strong>voyage sans visa<\/strong>et l'acc\u00e8s aux <strong>opportunit\u00e9s commerciales mondiales<\/strong>. <strong>Postuler aujourd'hui<\/strong> pour commencer votre voyage vers <strong>Citoyennet\u00e9 turque<\/strong>!<\/span><\/p>","protected":false},"excerpt":{"rendered":"<p>Vous souhaitez acheter un passeport turc ? Notre \u00e9quipe d'experts vous propose une proc\u00e9dure s\u00e9curis\u00e9e et rapide pour vous aider \u00e0 acqu\u00e9rir la nationalit\u00e9 turque en ligne. Faites votre demande d\u00e8s aujourd'hui !<\/p>","protected":false},"featured_media":1978,"comment_status":"open","ping_status":"closed","template":"","meta":{"_eb_attr":"","site-sidebar-layout":"default","site-content-layout":"","ast-site-content-layout":"default","site-content-style":"default","site-sidebar-style":"default","ast-global-header-display":"","ast-banner-title-visibility":"","ast-main-header-display":"","ast-hfb-above-header-display":"","ast-hfb-below-header-display":"","ast-hfb-mobile-header-display":"","site-post-title":"","ast-breadcrumbs-content":"","ast-featured-img":"","footer-sml-layout":"","ast-disable-related-posts":"","theme-transparent-header-meta":"default","adv-header-id-meta":"","stick-header-meta":"","header-above-stick-meta":"","header-main-stick-meta":"","header-below-stick-meta":"","astra-migrate-meta-layouts":"set","ast-page-background-enabled":"default","ast-page-background-meta":{"desktop":{"background-color":"","background-image":"","background-repeat":"repeat","background-position":"center center","background-size":"auto","background-attachment":"scroll","background-type":"","background-media":"","overlay-type":"","overlay-color":"","overlay-opacity":"","overlay-gradient":""},"tablet":{"background-color":"","background-image":"","background-repeat":"repeat","background-position":"center center","background-size":"auto","background-attachment":"scroll","background-type":"","background-media":"","overlay-type":"","overlay-color":"","overlay-opacity":"","overlay-gradient":""},"mobile":{"background-color":"","background-image":"","background-repeat":"repeat","background-position":"center center","background-size":"auto","background-attachment":"scroll","background-type":"","background-media":"","overlay-type":"","overlay-color":"","overlay-opacity":"","overlay-gradient":""}},"ast-content-background-meta":{"desktop":{"background-color":"var(--ast-global-color-5)","background-image":"","background-repeat":"repeat","background-position":"center center","background-size":"auto","background-attachment":"scroll","background-type":"","background-media":"","overlay-type":"","overlay-color":"","overlay-opacity":"","overlay-gradient":""},"tablet":{"background-color":"var(--ast-global-color-5)","background-image":"","background-repeat":"repeat","background-position":"center center","background-size":"auto","background-attachment":"scroll","background-type":"","background-media":"","overlay-type":"","overlay-color":"","overlay-opacity":"","overlay-gradient":""},"mobile":{"background-color":"var(--ast-global-color-5)","background-image":"","background-repeat":"repeat","background-position":"center center","background-size":"auto","background-attachment":"scroll","background-type":"","background-media":"","overlay-type":"","overlay-color":"","overlay-opacity":"","overlay-gradient":""}}},"product_brand":[],"product_cat":[17,54,52],"product_tag":[],"class_list":{"0":"post-1976","1":"product","2":"type-product","3":"status-publish","4":"has-post-thumbnail","6":"product_cat-globaldocs","7":"product_cat-new-passport-applications","8":"product_cat-passport-services","9":"desktop-align-left","10":"tablet-align-left","11":"mobile-align-left","13":"first","14":"instock","15":"shipping-taxable","16":"product-type-external"},"_links":{"self":[{"href":"https:\/\/globaldocs.store\/fr\/wp-json\/wp\/v2\/product\/1976","targetHints":{"allow":["GET"]}}],"collection":[{"href":"https:\/\/globaldocs.store\/fr\/wp-json\/wp\/v2\/product"}],"about":[{"href":"https:\/\/globaldocs.store\/fr\/wp-json\/wp\/v2\/types\/product"}],"replies":[{"embeddable":true,"href":"https:\/\/globaldocs.store\/fr\/wp-json\/wp\/v2\/comments?post=1976"}],"version-history":[{"count":2,"href":"https:\/\/globaldocs.store\/fr\/wp-json\/wp\/v2\/product\/1976\/revisions"}],"predecessor-version":[{"id":1980,"href":"https:\/\/globaldocs.store\/fr\/wp-json\/wp\/v2\/product\/1976\/revisions\/1980"}],"wp:featuredmedia":[{"embeddable":true,"href":"https:\/\/globaldocs.store\/fr\/wp-json\/wp\/v2\/media\/1978"}],"wp:attachment":[{"href":"https:\/\/globaldocs.store\/fr\/wp-json\/wp\/v2\/media?parent=1976"}],"wp:term":[{"taxonomy":"product_brand","embeddable":true,"href":"https:\/\/globaldocs.store\/fr\/wp-json\/wp\/v2\/product_brand?post=1976"},{"taxonomy":"product_cat","embeddable":true,"href":"https:\/\/globaldocs.store\/fr\/wp-json\/wp\/v2\/product_cat?post=1976"},{"taxonomy":"product_tag","embeddable":true,"href":"https:\/\/globaldocs.store\/fr\/wp-json\/wp\/v2\/product_tag?post=1976"}],"curies":[{"name":"wp","href":"https:\/\/api.w.org\/{rel}","templated":true}]}}