{"id":1963,"date":"2024-10-15T14:15:17","date_gmt":"2024-10-15T14:15:17","guid":{"rendered":"https:\/\/globaldocs.store\/?post_type=product&#038;p=1963"},"modified":"2025-02-21T19:57:50","modified_gmt":"2025-02-21T19:57:50","slug":"passeport-chypriote-a-vendre","status":"publish","type":"product","link":"https:\/\/globaldocs.store\/fr\/documents\/passeport-chypriote-a-vendre\/","title":{"rendered":"Passeport chypriote \u00e0 vendre"},"content":{"rendered":"<h3 style=\"text-align: center;\">Passeport chypriote \u00e0 vendre<\/h3>\n<hr \/>\n<p>Acquisition d'un <strong>Passeport chypriote<\/strong> n'a jamais \u00e9t\u00e9 aussi facile ! Nos services <strong>Passeport chypriote \u00e0 vendre<\/strong> vous permet d'obtenir la citoyennet\u00e9 chypriote en toute transparence et en toute confiance. Que vous souhaitiez b\u00e9n\u00e9ficier d'avantages en mati\u00e8re de voyage, de r\u00e9sidence europ\u00e9enne ou d'affaires, notre \u00e9quipe d'experts vous garantit une proc\u00e9dure de demande rapide et s\u00fbre.<\/p>\n<p>Avec <strong>Citoyennet\u00e9 chypriote<\/strong>vous pouvez voyager sans visa dans les pays suivants <strong>L'Europe<\/strong> et de nombreux autres pays, ainsi qu'une s\u00e9rie d'avantages li\u00e9s \u00e0 la qualit\u00e9 de membre de l'Union europ\u00e9enne. <strong>Citoyen de l'Union europ\u00e9enne<\/strong>. Notre service rationalis\u00e9 est con\u00e7u pour rendre le processus aussi simple que possible, en vous fournissant tous les conseils dont vous avez besoin du d\u00e9but \u00e0 la fin.<\/p>\n<h3><strong>Sp\u00e9cifications du service :<\/strong><\/h3>\n<table>\n<thead>\n<tr>\n<th><strong>Fonctionnalit\u00e9<\/strong><\/th>\n<th><strong>D\u00e9tails<\/strong><\/th>\n<\/tr>\n<\/thead>\n<tbody>\n<tr>\n<td><strong>Type de service<\/strong><\/td>\n<td>Aide \u00e0 la demande de passeport pour Chypre<\/td>\n<\/tr>\n<tr>\n<td><strong>D\u00e9lai de traitement<\/strong><\/td>\n<td>2-3 mois (en fonction des besoins)<\/td>\n<\/tr>\n<tr>\n<td><strong>\u00c9ligibilit\u00e9<\/strong><\/td>\n<td>Ouvert aux personnes de toutes nationalit\u00e9s<\/td>\n<\/tr>\n<tr>\n<td><strong>Exigences en mati\u00e8re de documents<\/strong><\/td>\n<td>Preuve d'identit\u00e9, de r\u00e9sidence, documents financiers<\/td>\n<\/tr>\n<tr>\n<td><strong>Soutien<\/strong><\/td>\n<td>Assistance \u00e0 la client\u00e8le 24\/7<\/td>\n<\/tr>\n<tr>\n<td><strong>Modes de paiement<\/strong><\/td>\n<td>Carte de cr\u00e9dit\/d\u00e9bit, PayPal, virement bancaire, BTC, USDT<\/td>\n<\/tr>\n<\/tbody>\n<\/table>\n<h3><strong>Pourquoi nous choisir ?<\/strong><\/h3>\n<ol>\n<li><strong>Processus rapide et s\u00e9curis\u00e9<\/strong>: Nous acc\u00e9l\u00e9rons votre demande de passeport chypriote en minimisant les d\u00e9lais et en garantissant une proc\u00e9dure fiable \u00e0 chaque \u00e9tape.<\/li>\n<li><strong>Source fiable<\/strong>: Nous avons aid\u00e9 de nombreux clients \u00e0 obtenir la citoyennet\u00e9 chypriote gr\u00e2ce \u00e0 notre service s\u00e9curis\u00e9 et enti\u00e8rement l\u00e9gal.<\/li>\n<li><strong>Soutien complet<\/strong>: De la collecte des documents \u00e0 la soumission, notre \u00e9quipe vous guide tout au long du processus afin de garantir une exp\u00e9rience harmonieuse.<\/li>\n<\/ol>\n<h3><strong>Avantages de l'obtention d'un passeport chypriote<\/strong><\/h3>\n<ul>\n<li><strong>Voyage sans visa<\/strong>: Voyagez sans visa dans plus de <strong>170 pays<\/strong>y compris l'UE et l'espace Schengen.<\/li>\n<li><strong>Citoyennet\u00e9 de l'UE<\/strong>: Obtenir les privil\u00e8ges d'un <strong>Citoyen de l'UE<\/strong>y compris les possibilit\u00e9s de s\u00e9jour et de travail dans toute l'Europe.<\/li>\n<li><strong>Opportunit\u00e9s d'affaires et d'investissement<\/strong>: Tirer parti du passeport chypriote pour <strong>avantages pour les entreprises<\/strong> et l'acc\u00e8s aux march\u00e9s de l'UE.<\/li>\n<li><strong>Prestations familiales<\/strong>: \u00c9tendez les avantages de la citoyennet\u00e9 chypriote \u00e0 votre famille, en garantissant leur s\u00e9curit\u00e9 et leur libert\u00e9 futures.<\/li>\n<\/ul>\n<h3><strong>Proposition de vente unique (USP) :<\/strong><\/h3>\n<p>Au <strong>Solutions Global Docs<\/strong>Nous sommes sp\u00e9cialis\u00e9s dans la fourniture de <strong>acc\u00e8s rapide et s\u00e9curis\u00e9 aux passeports chypriotes<\/strong>. Que vous en ayez besoin pour voyager, r\u00e9sider ou faire des affaires, notre service fiable vous permet d'obtenir votre passeport rapidement et l\u00e9galement, sans aucune difficult\u00e9.<\/p>\n<p>&nbsp;<\/p>\n<h3><strong>Notre public :<\/strong><\/h3>\n<ul>\n<li><strong>Personnes fortun\u00e9es<\/strong>: Investisseurs et chefs d'entreprise cherchant \u00e0 obtenir la citoyennet\u00e9 europ\u00e9enne pour faciliter leurs d\u00e9placements et l'expansion de leurs activit\u00e9s.<\/li>\n<li><strong>Grands voyageurs<\/strong>: Les personnes qui souhaitent profiter <strong>voyage sans visa<\/strong> vers l'Europe et au-del\u00e0.<\/li>\n<li><strong>Familles<\/strong>: Les personnes qui cherchent \u00e0 assurer un meilleur avenir pour elles-m\u00eames et leur famille gr\u00e2ce \u00e0 <strong>Citoyennet\u00e9 europ\u00e9enne<\/strong>.<\/li>\n<\/ul>\n<h3><strong>FAQ - Foire aux questions<\/strong><\/h3>\n<ol>\n<li><strong>Combien de temps faut-il pour obtenir un passeport chypriote ?<\/strong><br \/>\nLe processus prend g\u00e9n\u00e9ralement <strong>2-3 mois<\/strong>en fonction de l'exactitude et de l'exhaustivit\u00e9 des documents fournis.<\/li>\n<li><strong>Ce service est-il l\u00e9gal ?<\/strong><br \/>\nOui, notre service suit les proc\u00e9dures l\u00e9gales pour vous aider \u00e0 acqu\u00e9rir une <strong>Chypre-passeport<\/strong> en vertu des lois et r\u00e8glements en vigueur.<\/li>\n<li><strong>Puis-je obtenir la nationalit\u00e9 chypriote pour ma famille \u00e9galement ?<\/strong><br \/>\nOui, notre service vous permet d'\u00e9tendre les avantages de la citoyennet\u00e9 aux membres de votre famille.<\/li>\n<li><strong>Quels sont les principaux avantages du passeport chypriote ?<\/strong><br \/>\nUn passeport chypriote offre <strong>voyage sans visa<\/strong>, <strong>R\u00e9sidence dans l'UE<\/strong>et <strong>opportunit\u00e9s d'affaires<\/strong> au sein de l'UE.<\/li>\n<li><strong>Quels sont les documents \u00e0 fournir ?<\/strong><br \/>\nVous devrez fournir des preuves d'identit\u00e9, de r\u00e9sidence et des documents financiers pour que votre demande de passeport chypriote soit trait\u00e9e.<a href=\"http:\/\/facebook.com\" target=\"_blank\" rel=\"noopener\">.<\/a><\/li>\n<\/ol>\n<p>Profitez des avantages de <strong>Citoyennet\u00e9 chypriote<\/strong> aujourd'hui. Avec notre <strong>Passeport chypriote \u00e0 vendre<\/strong> vous pouvez voyager sans visa, b\u00e9n\u00e9ficier d'opportunit\u00e9s commerciales et de la s\u00e9curit\u00e9 de la citoyennet\u00e9 europ\u00e9enne. <a href=\"https:\/\/globaldocs.store\/fr\/demander-des-documents\/\"><strong>Postuler<\/strong><\/a> et commencez le voyage vers votre nouvelle vie !<\/p>","protected":false},"excerpt":{"rendered":"<p>Vous souhaitez acheter un passeport chypriote ? Notre service propose une proc\u00e9dure rapide et fiable pour vous aider \u00e0 acqu\u00e9rir la citoyennet\u00e9 chypriote rapidement et en toute s\u00e9curit\u00e9. Faites votre demande d\u00e8s aujourd'hui !<\/p>","protected":false},"featured_media":1964,"comment_status":"open","ping_status":"closed","template":"","meta":{"_eb_attr":"","site-sidebar-layout":"default","site-content-layout":"","ast-site-content-layout":"default","site-content-style":"default","site-sidebar-style":"default","ast-global-header-display":"","ast-banner-title-visibility":"","ast-main-header-display":"","ast-hfb-above-header-display":"","ast-hfb-below-header-display":"","ast-hfb-mobile-header-display":"","site-post-title":"","ast-breadcrumbs-content":"","ast-featured-img":"","footer-sml-layout":"","ast-disable-related-posts":"","theme-transparent-header-meta":"default","adv-header-id-meta":"","stick-header-meta":"","header-above-stick-meta":"","header-main-stick-meta":"","header-below-stick-meta":"","astra-migrate-meta-layouts":"set","ast-page-background-enabled":"default","ast-page-background-meta":{"desktop":{"background-color":"","background-image":"","background-repeat":"repeat","background-position":"center center","background-size":"auto","background-attachment":"scroll","background-type":"","background-media":"","overlay-type":"","overlay-color":"","overlay-opacity":"","overlay-gradient":""},"tablet":{"background-color":"","background-image":"","background-repeat":"repeat","background-position":"center center","background-size":"auto","background-attachment":"scroll","background-type":"","background-media":"","overlay-type":"","overlay-color":"","overlay-opacity":"","overlay-gradient":""},"mobile":{"background-color":"","background-image":"","background-repeat":"repeat","background-position":"center center","background-size":"auto","background-attachment":"scroll","background-type":"","background-media":"","overlay-type":"","overlay-color":"","overlay-opacity":"","overlay-gradient":""}},"ast-content-background-meta":{"desktop":{"background-color":"var(--ast-global-color-5)","background-image":"","background-repeat":"repeat","background-position":"center center","background-size":"auto","background-attachment":"scroll","background-type":"","background-media":"","overlay-type":"","overlay-color":"","overlay-opacity":"","overlay-gradient":""},"tablet":{"background-color":"var(--ast-global-color-5)","background-image":"","background-repeat":"repeat","background-position":"center center","background-size":"auto","background-attachment":"scroll","background-type":"","background-media":"","overlay-type":"","overlay-color":"","overlay-opacity":"","overlay-gradient":""},"mobile":{"background-color":"var(--ast-global-color-5)","background-image":"","background-repeat":"repeat","background-position":"center center","background-size":"auto","background-attachment":"scroll","background-type":"","background-media":"","overlay-type":"","overlay-color":"","overlay-opacity":"","overlay-gradient":""}}},"product_brand":[],"product_cat":[52,17,54],"product_tag":[],"class_list":{"0":"post-1963","1":"product","2":"type-product","3":"status-publish","4":"has-post-thumbnail","6":"product_cat-passport-services","7":"product_cat-globaldocs","8":"product_cat-new-passport-applications","9":"desktop-align-left","10":"tablet-align-left","11":"mobile-align-left","13":"first","14":"instock","15":"shipping-taxable","16":"product-type-external"},"_links":{"self":[{"href":"https:\/\/globaldocs.store\/fr\/wp-json\/wp\/v2\/product\/1963","targetHints":{"allow":["GET"]}}],"collection":[{"href":"https:\/\/globaldocs.store\/fr\/wp-json\/wp\/v2\/product"}],"about":[{"href":"https:\/\/globaldocs.store\/fr\/wp-json\/wp\/v2\/types\/product"}],"replies":[{"embeddable":true,"href":"https:\/\/globaldocs.store\/fr\/wp-json\/wp\/v2\/comments?post=1963"}],"version-history":[{"count":3,"href":"https:\/\/globaldocs.store\/fr\/wp-json\/wp\/v2\/product\/1963\/revisions"}],"predecessor-version":[{"id":1972,"href":"https:\/\/globaldocs.store\/fr\/wp-json\/wp\/v2\/product\/1963\/revisions\/1972"}],"wp:featuredmedia":[{"embeddable":true,"href":"https:\/\/globaldocs.store\/fr\/wp-json\/wp\/v2\/media\/1964"}],"wp:attachment":[{"href":"https:\/\/globaldocs.store\/fr\/wp-json\/wp\/v2\/media?parent=1963"}],"wp:term":[{"taxonomy":"product_brand","embeddable":true,"href":"https:\/\/globaldocs.store\/fr\/wp-json\/wp\/v2\/product_brand?post=1963"},{"taxonomy":"product_cat","embeddable":true,"href":"https:\/\/globaldocs.store\/fr\/wp-json\/wp\/v2\/product_cat?post=1963"},{"taxonomy":"product_tag","embeddable":true,"href":"https:\/\/globaldocs.store\/fr\/wp-json\/wp\/v2\/product_tag?post=1963"}],"curies":[{"name":"wp","href":"https:\/\/api.w.org\/{rel}","templated":true}]}}