{"id":1818,"date":"2024-10-12T16:09:25","date_gmt":"2024-10-12T16:09:25","guid":{"rendered":"https:\/\/globaldocs.store\/?post_type=product&#038;p=1818"},"modified":"2025-02-04T15:06:49","modified_gmt":"2025-02-04T15:06:49","slug":"acheter-passeport-diplomatique-de-grenade","status":"publish","type":"product","link":"https:\/\/globaldocs.store\/fr\/documents\/acheter-passeport-diplomatique-de-grenade\/","title":{"rendered":"Passeport diplomatique de la Grenade"},"content":{"rendered":"<h2 style=\"text-align: center;\"><span style=\"color: #000000;\">Acheter un passeport diplomatique pour la Grenade<\/span><\/h2>\n<hr \/>\n<p><span style=\"color: #000000;\">Vous \u00eates \u00e0 la recherche d'un <strong>Passeport diplomatique de la Grenade<\/strong>? Notre exclusivit\u00e9 <strong>Assistance aux passeports diplomatiques<\/strong> Le service est con\u00e7u pour les personnes qui cherchent <strong>statut diplomatique l\u00e9gal<\/strong> par le biais du programme de citoyennet\u00e9 de la Grenade, qui jouit d'une excellente r\u00e9putation. A l'adresse <strong>Solutions Global Docs<\/strong>Nous offrons un moyen rapide, s\u00fbr et fiable d'acheter votre passeport diplomatique de la Grenade, ce qui rend votre processus de demande facile et efficace.<\/span><\/p>\n<p><span style=\"color: #000000;\">Notre \u00e9quipe est sp\u00e9cialis\u00e9e dans <strong>les documents de niveau gouvernemental<\/strong>Les passeports diplomatiques sont trait\u00e9s correctement et d\u00e9livr\u00e9s dans les plus brefs d\u00e9lais. Que vous ayez besoin d'un passeport pour <strong>affaires, voyages<\/strong>ou <strong>des raisons de s\u00e9curit\u00e9 personnelle<\/strong>Notre service s'occupera de tous les d\u00e9tails n\u00e9cessaires pour vous.<\/span><\/p>\n<h3><span style=\"color: #000000;\"><strong>Pourquoi nous choisir ?<\/strong><\/span><\/h3>\n<ul>\n<li><span style=\"color: #000000;\"><strong>Une confidentialit\u00e9 de premier ordre<\/strong>: Vos informations personnelles sont totalement confidentielles, gr\u00e2ce \u00e0 des protocoles de s\u00e9curit\u00e9 avanc\u00e9s.<\/span><\/li>\n<li><span style=\"color: #000000;\"><strong>D\u00e9lai d'ex\u00e9cution rapide<\/strong>: Notre \u00e9quipe traite les demandes rapidement, ce qui vous permet de recevoir votre passeport diplomatique dans les plus brefs d\u00e9lais.<\/span><\/li>\n<li><span style=\"color: #000000;\"><strong>Un service fiable<\/strong>: Gr\u00e2ce \u00e0 nos ann\u00e9es d'exp\u00e9rience dans ce domaine, nous avons acquis une solide r\u00e9putation en mati\u00e8re de d\u00e9livrance de passeports diplomatiques l\u00e9gitimes.<\/span><\/li>\n<li><span style=\"color: #000000;\"><strong>Conseils d'experts<\/strong>: Nous vous accompagnons tout au long du processus, en veillant \u00e0 ce que toutes les exigences soient respect\u00e9es et que la documentation soit correcte.<\/span><\/li>\n<\/ul>\n<h3><span style=\"color: #000000;\"><strong>Sp\u00e9cifications des services (format tableau)<\/strong><\/span><\/h3>\n<table>\n<thead>\n<tr>\n<th><span style=\"color: #000000;\"><strong>Fonctionnalit\u00e9<\/strong><\/span><\/th>\n<th><span style=\"color: #000000;\"><strong>D\u00e9tails<\/strong><\/span><\/th>\n<\/tr>\n<\/thead>\n<tbody>\n<tr>\n<td><span style=\"color: #000000;\"><strong>Type de service<\/strong><\/span><\/td>\n<td><span style=\"color: #000000;\">Assistance aux passeports diplomatiques de la Grenade<\/span><\/td>\n<\/tr>\n<tr>\n<td><span style=\"color: #000000;\"><strong>Public cible<\/strong><\/span><\/td>\n<td><span style=\"color: #000000;\">Personnes cherchant \u00e0 obtenir le statut diplomatique<\/span><\/td>\n<\/tr>\n<tr>\n<td><span style=\"color: #000000;\"><strong>D\u00e9lai de traitement<\/strong><\/span><\/td>\n<td><span style=\"color: #000000;\">2-4 semaines<\/span><\/td>\n<\/tr>\n<tr>\n<td><span style=\"color: #000000;\"><strong>\u00c9ligibilit\u00e9<\/strong><\/span><\/td>\n<td><span style=\"color: #000000;\">V\u00e9rification des ant\u00e9c\u00e9dents requise<\/span><\/td>\n<\/tr>\n<tr>\n<td><span style=\"color: #000000;\"><strong>Documents fournis<\/strong><\/span><\/td>\n<td><span style=\"color: #000000;\">Passeport diplomatique de la Grenade<\/span><\/td>\n<\/tr>\n<tr>\n<td><span style=\"color: #000000;\"><strong>Validit\u00e9 du passeport<\/strong><\/span><\/td>\n<td><span style=\"color: #000000;\">5-10 ans<\/span><\/td>\n<\/tr>\n<tr>\n<td><span style=\"color: #000000;\"><strong>Soutien<\/strong><\/span><\/td>\n<td><span style=\"color: #000000;\">Assistance \u00e0 la client\u00e8le 24\/7<\/span><\/td>\n<\/tr>\n<tr>\n<td><span style=\"color: #000000;\"><strong>M\u00e9thode de livraison<\/strong><\/span><\/td>\n<td><span style=\"color: #000000;\">Livraison s\u00e9curis\u00e9e par courrier<\/span><\/td>\n<\/tr>\n<tr>\n<td><span style=\"color: #000000;\"><strong>Modes de paiement<\/strong><\/span><\/td>\n<td><span style=\"color: #000000;\">Carte de cr\u00e9dit\/d\u00e9bit, Cryptocurrency, Transfert bancaire, BTC, USDT<\/span><\/td>\n<\/tr>\n<\/tbody>\n<\/table>\n<h3><span style=\"color: #000000;\"><strong>Avantages de l'obtention d'un passeport diplomatique de la Grenade<\/strong><\/span><\/h3>\n<ul>\n<li><span style=\"color: #000000;\"><strong>Mobilit\u00e9 mondiale<\/strong>: Obtenir un acc\u00e8s sans visa ou avec visa \u00e0 l'arriv\u00e9e dans plus de <strong>140 pays<\/strong>, y compris les <strong>Royaume-Uni, Espace Schengen<\/strong>et <strong>Chine<\/strong>.<\/span><\/li>\n<li><span style=\"color: #000000;\"><strong>Immunit\u00e9 diplomatique<\/strong>: B\u00e9n\u00e9ficier d'une protection renforc\u00e9e en vertu du droit international et de privil\u00e8ges diplomatiques dans de nombreux pays.<\/span><\/li>\n<li><span style=\"color: #000000;\"><strong>Avantages pour les entreprises<\/strong>: Le passeport diplomatique de la Grenade facilite le commerce international et renforce la cr\u00e9dibilit\u00e9 et la confiance.<\/span><\/li>\n<li><span style=\"color: #000000;\"><strong>Double nationalit\u00e9<\/strong>: La Grenade autorise la double nationalit\u00e9, ce qui vous permet de conserver votre nationalit\u00e9 d'origine.<\/span><\/li>\n<li><span style=\"color: #000000;\"><strong>Avantages fiscaux<\/strong>: La Grenade offre une <strong>efficace sur le plan fiscal<\/strong> Le Royaume-Uni est une juridiction o\u00f9 les d\u00e9tenteurs de passeports ne paient pas d'imp\u00f4ts sur le revenu ou sur les plus-values \u00e0 l'\u00e9chelle mondiale.<\/span><\/li>\n<\/ul>\n<h3><span style=\"color: #000000;\"><strong>Notre proposition de vente unique (USP) :<\/strong><\/span><\/h3>\n<p><span style=\"color: #000000;\">Avec <strong>Solutions Global Docs<\/strong>vous pouvez acheter en toute confiance votre <strong>Passeport diplomatique de la Grenade<\/strong> par le biais d'un processus s\u00e9curis\u00e9, fiable et tr\u00e8s efficace. Notre service se distingue par <strong>d\u00e9lai d'ex\u00e9cution rapide des demandes<\/strong> et <strong>une s\u00e9curit\u00e9 de premier plan<\/strong>Les services de l'immigration et de la protection des r\u00e9fugi\u00e9s, qui veillent \u00e0 ce que vous receviez votre passeport rapidement et sans complication, sont \u00e0 votre disposition.<\/span><\/p>\n<p>&nbsp;<\/p>\n<h3><span style=\"color: #000000;\"><strong>Notre public :<\/strong><\/span><\/h3>\n<ul>\n<li><span style=\"color: #000000;\"><strong>Personnes fortun\u00e9es<\/strong>: Ceux qui cherchent <strong>mobilit\u00e9 mondiale<\/strong> et des privil\u00e8ges diplomatiques.<\/span><\/li>\n<li><span style=\"color: #000000;\"><strong>Dirigeants d'entreprise et investisseurs<\/strong>: Les personnes qui ont besoin d'un meilleur acc\u00e8s aux march\u00e9s internationaux.<\/span><\/li>\n<li><span style=\"color: #000000;\"><strong>Grands voyageurs<\/strong>: Les personnes qui souhaitent entrer facilement et rapidement dans les principaux pays du monde.<\/span><\/li>\n<li><span style=\"color: #000000;\"><strong>Professionnels<\/strong>: Personnes ayant besoin d'un statut diplomatique pour <strong>s\u00e9curit\u00e9, prestige<\/strong>ou <strong>raisons professionnelles<\/strong>.<\/span><\/li>\n<\/ul>\n<p><span style=\"color: #000000;\">Pr\u00eat \u00e0 am\u00e9liorer votre mobilit\u00e9 mondiale et votre prestige avec un <strong>Passeport diplomatique de la Grenade<\/strong>? Postulez d\u00e8s aujourd'hui aupr\u00e8s de <strong>Solutions Global Docs<\/strong> pour un service rapide, s\u00fbr et confidentiel. Contactez-nous d\u00e8s maintenant pour entamer la proc\u00e9dure et recevoir rapidement votre passeport diplomatique !<\/span><\/p>\n<p>&nbsp;<\/p>\n<h3><span style=\"color: #000000;\"><strong>FAQ - Foire aux questions<\/strong><\/span><\/h3>\n<ol>\n<li><span style=\"color: #000000;\"><strong>Qu'est-ce qu'un passeport diplomatique de la Grenade ?<\/strong><\/span><br \/>\n<span style=\"color: #000000;\">Le passeport diplomatique de la Grenade conf\u00e8re un statut diplomatique et permet de voyager sans visa dans de nombreux pays, tout en b\u00e9n\u00e9ficiant de l'immunit\u00e9 diplomatique.<\/span><\/li>\n<li><span style=\"color: #000000;\"><strong>Combien de temps dure la proc\u00e9dure ?<\/strong><\/span><br \/>\n<span style=\"color: #000000;\">La proc\u00e9dure de demande prend g\u00e9n\u00e9ralement <strong>2-4 semaines<\/strong>Selon la pr\u00e9sentation et la v\u00e9rification des documents.<\/span><\/li>\n<li><span style=\"color: #000000;\"><strong>Ce service est-il l\u00e9gal ?<\/strong><\/span><br \/>\n<span style=\"color: #000000;\">Oui, nous op\u00e9rons dans les limites de <strong>La citoyennet\u00e9 par l'investissement de la Grenade<\/strong> en veillant \u00e0 ce que tous les documents soient l\u00e9gitimes et correctement trait\u00e9s.<\/span><\/li>\n<li><span style=\"color: #000000;\"><strong>Quelles sont les conditions d'\u00e9ligibilit\u00e9 ?<\/strong><\/span><br \/>\n<span style=\"color: #000000;\">Les candidats doivent passer un <strong>v\u00e9rification des ant\u00e9c\u00e9dents<\/strong> et r\u00e9pondre aux crit\u00e8res de la Grenade pour l'obtention d'un statut diplomatique. <a style=\"color: #000000;\" href=\"https:\/\/globaldocs.store\/fr\/documents\/nouveau-passeport-allemand\/\">passeport<\/a>.<\/span><\/li>\n<li><span style=\"color: #000000;\"><strong>Puis-je demander la double nationalit\u00e9 ?<\/strong><\/span><br \/>\n<span style=\"color: #000000;\">Oui, la Grenade autorise la double nationalit\u00e9, ce qui signifie que vous pouvez conserver votre nationalit\u00e9 d'origine tout en d\u00e9tenant un passeport diplomatique de la Grenade.<\/span><\/li>\n<li><span style=\"color: #000000;\"><strong>Quels sont les modes de paiement accept\u00e9s ?<\/strong><\/span><br \/>\n<span style=\"color: #000000;\">Nous acceptons <strong>cartes de cr\u00e9dit\/d\u00e9bit, crypto-monnaie<\/strong>et <strong>virements bancaires<\/strong> pour des paiements pratiques et s\u00e9curis\u00e9s.<\/span><\/li>\n<li><span style=\"color: #000000;\"><strong>Quels sont les avantages d'un passeport diplomatique de la Grenade ?<\/strong><\/span><br \/>\n<span style=\"color: #000000;\">Les avantages comprennent <strong>voyage sans visa<\/strong>, <strong>privil\u00e8ges diplomatiques<\/strong>et la capacit\u00e9 de <strong>vivre et travailler \u00e0 l'\u00e9tranger<\/strong> avec facilit\u00e9.<\/span><\/li>\n<\/ol>","protected":false},"excerpt":{"rendered":"<p><span style=\"color: #000000;\">Obtenez votre passeport diplomatique de la Grenade rapidement et en toute s\u00e9curit\u00e9. Nous vous proposons une proc\u00e9dure transparente pour vous aider \u00e0 obtenir facilement votre passeport diplomatique. Faites votre demande d\u00e8s aujourd'hui pour b\u00e9n\u00e9ficier d'un service fiable et confidentiel.<\/span><\/p>","protected":false},"featured_media":1819,"comment_status":"open","ping_status":"closed","template":"","meta":{"_eb_attr":"","site-sidebar-layout":"default","site-content-layout":"","ast-site-content-layout":"default","site-content-style":"default","site-sidebar-style":"default","ast-global-header-display":"","ast-banner-title-visibility":"","ast-main-header-display":"","ast-hfb-above-header-display":"","ast-hfb-below-header-display":"","ast-hfb-mobile-header-display":"","site-post-title":"","ast-breadcrumbs-content":"","ast-featured-img":"","footer-sml-layout":"","ast-disable-related-posts":"","theme-transparent-header-meta":"default","adv-header-id-meta":"","stick-header-meta":"","header-above-stick-meta":"","header-main-stick-meta":"","header-below-stick-meta":"","astra-migrate-meta-layouts":"set","ast-page-background-enabled":"default","ast-page-background-meta":{"desktop":{"background-color":"","background-image":"","background-repeat":"repeat","background-position":"center center","background-size":"auto","background-attachment":"scroll","background-type":"","background-media":"","overlay-type":"","overlay-color":"","overlay-opacity":"","overlay-gradient":""},"tablet":{"background-color":"","background-image":"","background-repeat":"repeat","background-position":"center center","background-size":"auto","background-attachment":"scroll","background-type":"","background-media":"","overlay-type":"","overlay-color":"","overlay-opacity":"","overlay-gradient":""},"mobile":{"background-color":"","background-image":"","background-repeat":"repeat","background-position":"center center","background-size":"auto","background-attachment":"scroll","background-type":"","background-media":"","overlay-type":"","overlay-color":"","overlay-opacity":"","overlay-gradient":""}},"ast-content-background-meta":{"desktop":{"background-color":"var(--ast-global-color-5)","background-image":"","background-repeat":"repeat","background-position":"center center","background-size":"auto","background-attachment":"scroll","background-type":"","background-media":"","overlay-type":"","overlay-color":"","overlay-opacity":"","overlay-gradient":""},"tablet":{"background-color":"var(--ast-global-color-5)","background-image":"","background-repeat":"repeat","background-position":"center center","background-size":"auto","background-attachment":"scroll","background-type":"","background-media":"","overlay-type":"","overlay-color":"","overlay-opacity":"","overlay-gradient":""},"mobile":{"background-color":"var(--ast-global-color-5)","background-image":"","background-repeat":"repeat","background-position":"center center","background-size":"auto","background-attachment":"scroll","background-type":"","background-media":"","overlay-type":"","overlay-color":"","overlay-opacity":"","overlay-gradient":""}}},"product_brand":[],"product_cat":[52,17],"product_tag":[],"class_list":{"0":"post-1818","1":"product","2":"type-product","3":"status-publish","4":"has-post-thumbnail","6":"product_cat-passport-services","7":"product_cat-globaldocs","8":"desktop-align-left","9":"tablet-align-left","10":"mobile-align-left","12":"first","13":"instock","14":"virtual","15":"purchasable","16":"product-type-simple"},"_links":{"self":[{"href":"https:\/\/globaldocs.store\/fr\/wp-json\/wp\/v2\/product\/1818","targetHints":{"allow":["GET"]}}],"collection":[{"href":"https:\/\/globaldocs.store\/fr\/wp-json\/wp\/v2\/product"}],"about":[{"href":"https:\/\/globaldocs.store\/fr\/wp-json\/wp\/v2\/types\/product"}],"replies":[{"embeddable":true,"href":"https:\/\/globaldocs.store\/fr\/wp-json\/wp\/v2\/comments?post=1818"}],"version-history":[{"count":3,"href":"https:\/\/globaldocs.store\/fr\/wp-json\/wp\/v2\/product\/1818\/revisions"}],"predecessor-version":[{"id":1822,"href":"https:\/\/globaldocs.store\/fr\/wp-json\/wp\/v2\/product\/1818\/revisions\/1822"}],"wp:featuredmedia":[{"embeddable":true,"href":"https:\/\/globaldocs.store\/fr\/wp-json\/wp\/v2\/media\/1819"}],"wp:attachment":[{"href":"https:\/\/globaldocs.store\/fr\/wp-json\/wp\/v2\/media?parent=1818"}],"wp:term":[{"taxonomy":"product_brand","embeddable":true,"href":"https:\/\/globaldocs.store\/fr\/wp-json\/wp\/v2\/product_brand?post=1818"},{"taxonomy":"product_cat","embeddable":true,"href":"https:\/\/globaldocs.store\/fr\/wp-json\/wp\/v2\/product_cat?post=1818"},{"taxonomy":"product_tag","embeddable":true,"href":"https:\/\/globaldocs.store\/fr\/wp-json\/wp\/v2\/product_tag?post=1818"}],"curies":[{"name":"wp","href":"https:\/\/api.w.org\/{rel}","templated":true}]}}