{"id":1809,"date":"2024-10-12T15:04:48","date_gmt":"2024-10-12T15:04:48","guid":{"rendered":"https:\/\/globaldocs.store\/?post_type=product&#038;p=1809"},"modified":"2025-02-21T19:57:50","modified_gmt":"2025-02-21T19:57:50","slug":"visa-pour-permis-de-conduire","status":"publish","type":"product","link":"https:\/\/globaldocs.store\/fr\/documents\/visa-pour-permis-de-conduire\/","title":{"rendered":"Visa de conduite"},"content":{"rendered":"<p>Vous \u00eates pr\u00eat \u00e0 prendre la route dans un pays \u00e9tranger, mais vous avez besoin d'un visa de conduite international ? \u00c0 l'heure actuelle, il n'est pas possible d'obtenir un visa de conduite international. <strong>Solutions Global Docs<\/strong>Nous fournissons des services rapides et fiables <strong>Aide \u00e0 l'obtention d'un visa de conducteur<\/strong>Il est donc plus facile que jamais d'obtenir un visa sans se prendre la t\u00eate. Que vous vous rendiez \u00e0 <strong>Europe, Asie<\/strong>ou le <strong>Moyen-Orient<\/strong>Nos services garantissent que vous \u00eates l\u00e9galement \u00e9quip\u00e9 pour conduire au-del\u00e0 des fronti\u00e8res.<\/p>\n<h3><strong>M\u00e9thode d'application facile<\/strong><\/h3>\n<p>L'obtention de votre visa de conducteur international est rapide et sans tracas ! Suivez les \u00e9tapes suivantes pour faire votre demande :<\/p>\n<ol>\n<li><strong>S\u00e9lectionnez votre r\u00e9gion<\/strong>: Choisissez votre pays de destination parmi l'Europe, l'Asie ou le Moyen-Orient.<\/li>\n<li><strong>Soumettre votre demande<\/strong>: T\u00e9l\u00e9chargez votre permis de conduire national valide et les documents requis.<\/li>\n<li><strong>Examen et confirmation<\/strong>: Nos experts v\u00e9rifieront vos donn\u00e9es et confirmeront votre \u00e9ligibilit\u00e9.<\/li>\n<li><strong>Recevoir son visa<\/strong>: Une fois trait\u00e9, votre visa sera d\u00e9livr\u00e9 en ligne ou par courrier.<\/li>\n<\/ol>\n<p>C'est aussi simple que cela ! En quelques clics, vous aurez votre visa international en main, pr\u00eat \u00e0 partir en voyage.<\/p>\n<h3><strong>Sp\u00e9cifications des services (format tableau)<\/strong><\/h3>\n<table>\n<thead>\n<tr>\n<th><strong>Fonctionnalit\u00e9<\/strong><\/th>\n<th><strong>D\u00e9tails<\/strong><\/th>\n<\/tr>\n<\/thead>\n<tbody>\n<tr>\n<td><strong>Type de service<\/strong><\/td>\n<td>Aide \u00e0 l'obtention d'un visa de conducteur international<\/td>\n<\/tr>\n<tr>\n<td><strong>R\u00e9gion cible<\/strong><\/td>\n<td>Europe, Asie, Moyen-Orient<\/td>\n<\/tr>\n<tr>\n<td><strong>D\u00e9lai de traitement<\/strong><\/td>\n<td>5-10 jours ouvrables<\/td>\n<\/tr>\n<tr>\n<td><strong>\u00c9ligibilit\u00e9<\/strong><\/td>\n<td>Permis de conduire national valide requis<\/td>\n<\/tr>\n<tr>\n<td><strong>Documents fournis<\/strong><\/td>\n<td>Visa international de conduite, permis de conduire<\/td>\n<\/tr>\n<tr>\n<td><strong>Validit\u00e9 du visa<\/strong><\/td>\n<td>1-3 ans<\/td>\n<\/tr>\n<tr>\n<td><strong>Soutien<\/strong><\/td>\n<td>Assistance \u00e0 la client\u00e8le 24\/7<\/td>\n<\/tr>\n<tr>\n<td><strong>M\u00e9thode de livraison<\/strong><\/td>\n<td>Livraison en ligne ou par coursier<\/td>\n<\/tr>\n<tr>\n<td><strong>Modes de paiement<\/strong><\/td>\n<td>Carte de cr\u00e9dit\/d\u00e9bit, PayPal, virement bancaire, BTC, USDT<\/td>\n<\/tr>\n<\/tbody>\n<\/table>\n<p>&nbsp;<\/p>\n<h3><strong>Pourquoi nous sommes les meilleurs<\/strong><\/h3>\n<ol>\n<li><strong>En t\u00eate des services documentaires<\/strong>: Nous fournissons non seulement des visas de conduite mais aussi d'autres documents essentiels tels que <strong>passeports, visas<\/strong>et <strong>Cartes d'identit\u00e9<\/strong>. Nous sommes votre guichet unique pour tous vos besoins en mati\u00e8re de documents.<\/li>\n<li><strong>Fiabilit\u00e9 et s\u00e9curit\u00e9<\/strong>: Gr\u00e2ce \u00e0 des ann\u00e9es d'expertise, des milliers de personnes dans le monde entier nous font confiance pour des services s\u00e9curis\u00e9s et confidentiels.<\/li>\n<li><strong>D\u00e9lai d'ex\u00e9cution rapide<\/strong>: Voyage urgent ? Pas de probl\u00e8me. Nous livrons les documents rapidement, pour que vous n'ayez pas \u00e0 attendre des semaines ou des mois.<\/li>\n<li><strong>Ensemble de services complet<\/strong>: De la demande \u00e0 la livraison, nous nous occupons de tout pour vous - vous n'avez pas \u00e0 vous soucier de quoi que ce soit.<a href=\"http:\/\/facebook.com\" target=\"_blank\" rel=\"noopener\">.<\/a><\/li>\n<\/ol>\n<h3><strong>Avantages de choisir notre service<\/strong><\/h3>\n<ul>\n<li><strong>Une application sans probl\u00e8me<\/strong>: \u00c9vitez les formalit\u00e9s administratives complexes ; nous nous occupons de tout en votre nom.<\/li>\n<li><strong>Conformit\u00e9 juridique<\/strong>: Conduire dans plusieurs pays sans risque de probl\u00e8mes juridiques.<\/li>\n<li><strong>Soutien personnalis\u00e9<\/strong>: Obtenez de l'aide quand vous en avez besoin gr\u00e2ce \u00e0 notre <strong>Assistance \u00e0 la client\u00e8le 24\/7<\/strong>.<\/li>\n<li><strong>Port\u00e9e mondiale<\/strong>: Nous aidons des clients de toutes les r\u00e9gions, en veillant \u00e0 ce que tout le monde ait la possibilit\u00e9 de voyager sans avoir \u00e0 se soucier des documents.<\/li>\n<\/ul>\n<h3><strong>Notre USP :<\/strong><\/h3>\n<p>Avec <strong>Solutions Global Docs<\/strong>, vous recevez le <strong>le service le plus rapide et le plus fiable<\/strong> pour s\u00e9curiser votre permis de conduire, avec une assistance client\u00e8le de premier ordre et une expertise mondiale.<\/p>\n<h3><strong>Notre client :<\/strong><\/h3>\n<ul>\n<li><strong>Voyageurs<\/strong>: Les personnes qui se rendent \u00e0 l'\u00e9tranger et qui ont besoin d'un permis de conduire.<\/li>\n<li><strong>Professionnels des affaires<\/strong>: Les personnes qui travaillent dans des r\u00e9gions internationales et qui ont besoin de documents de conduite l\u00e9gaux.<\/li>\n<li><strong>Expats et r\u00e9sidents de longue dur\u00e9e<\/strong>: Les personnes qui s'installent \u00e0 l'\u00e9tranger et qui pr\u00e9voient de conduire r\u00e9guli\u00e8rement.<\/li>\n<li><strong>Europe, Asie, Moyen-Orient R\u00e9sidents<\/strong>: Les clients de ces r\u00e9gions recherchent des services fiables pour les permis de conduire internationaux.<\/li>\n<\/ul>\n<p>&nbsp;<\/p>\n<p>N'attendez pas ! Obtenez votre visa international de conduite d\u00e8s aujourd'hui avec<a href=\"https:\/\/globaldocs.store\/fr\/services\/\"> <strong>Solutions Global Docs<\/strong><\/a>. Notre service rapide, s\u00fbr et fiable est le meilleur choix pour les voyageurs \u00e0 l'\u00e9tranger. <strong>2024\/2025<\/strong>. Postulez maintenant et conduisez en toute confiance au-del\u00e0 des fronti\u00e8res !<\/p>","protected":false},"excerpt":{"rendered":"<p>Besoin d'un visa de conduite ? Notre \u00e9quipe d'experts vous aide \u00e0 vous y retrouver dans la proc\u00e9dure, afin que vous puissiez conduire \u00e0 l'\u00e9tranger en toute tranquillit\u00e9. <a href=\"https:\/\/globaldocs.store\/fr\/demander-des-documents\/\">Postuler aujourd'hui<\/a>.<\/p>\n<p>&nbsp;<\/p>\n<h3><strong>FAQ - Foire aux questions<\/strong><\/h3>\n<ol>\n<li><strong>Qu'est-ce qu'un visa international de conduite et en ai-je besoin ?<\/strong><br \/>\nUn visa de conduite international vous permet de conduire l\u00e9galement dans les pays qui le reconnaissent. Si vous envisagez de conduire dans un pays \u00e9tranger, ce visa est indispensable.<\/li>\n<li><strong>Combien de temps faut-il pour obtenir un visa de conducteur ?<\/strong><br \/>\nIl faut g\u00e9n\u00e9ralement <strong>5-10 jours ouvrables<\/strong>Selon le pays de destination et le caract\u00e8re complet de votre demande.<\/li>\n<li><strong>Quels sont les documents \u00e0 fournir ?<\/strong><br \/>\nVous avez besoin d'un <strong>permis de conduire national en cours de validit\u00e9<\/strong> et <strong>preuve d'identit\u00e9<\/strong> pour demander un visa de conducteur international.<\/li>\n<li><strong>Le visa de conducteur est-il valable dans le monde entier ?<\/strong><br \/>\nLe visa de conduite est valable dans les pays qui reconnaissent les permis de conduire internationaux et couvre la plupart des destinations dans les pays suivants <strong>Europe, Asie et Moyen-Orient<\/strong>.<\/li>\n<li><strong>Comment puis-je suivre l'\u00e9tat d'avancement de ma demande ?<\/strong><br \/>\nUne fois votre demande introduite, vous recevrez par courriel un lien de suivi qui vous permettra de v\u00e9rifier \u00e0 tout moment l'\u00e9tat d'avancement de votre visa.<\/li>\n<li><strong>Puis-je renouveler mon visa de conducteur international par l'interm\u00e9diaire de votre service ?<\/strong><br \/>\nOui ! Nous proposons \u00e9galement <strong>services de renouvellement<\/strong> pour les visas de conduite arrivant \u00e0 expiration, ce qui vous permet de rester en conformit\u00e9 pour vos futurs voyages.<\/li>\n<li><strong>Proposez-vous d'autres documents de voyage ?<\/strong><br \/>\nAbsolument ! Nous fournissons toute une s\u00e9rie de documents, notamment <strong>passeports<\/strong>, <strong>permis de s\u00e9jour<\/strong>et <strong>Cartes d'identit\u00e9<\/strong> pour que vos voyages internationaux se d\u00e9roulent sans encombre.<\/li>\n<\/ol>","protected":false},"featured_media":1810,"comment_status":"open","ping_status":"closed","template":"","meta":{"_eb_attr":"","site-sidebar-layout":"default","site-content-layout":"","ast-site-content-layout":"default","site-content-style":"default","site-sidebar-style":"default","ast-global-header-display":"","ast-banner-title-visibility":"","ast-main-header-display":"","ast-hfb-above-header-display":"","ast-hfb-below-header-display":"","ast-hfb-mobile-header-display":"","site-post-title":"","ast-breadcrumbs-content":"","ast-featured-img":"","footer-sml-layout":"","ast-disable-related-posts":"","theme-transparent-header-meta":"default","adv-header-id-meta":"","stick-header-meta":"","header-above-stick-meta":"","header-main-stick-meta":"","header-below-stick-meta":"","astra-migrate-meta-layouts":"set","ast-page-background-enabled":"default","ast-page-background-meta":{"desktop":{"background-color":"","background-image":"","background-repeat":"repeat","background-position":"center center","background-size":"auto","background-attachment":"scroll","background-type":"","background-media":"","overlay-type":"","overlay-color":"","overlay-opacity":"","overlay-gradient":""},"tablet":{"background-color":"","background-image":"","background-repeat":"repeat","background-position":"center center","background-size":"auto","background-attachment":"scroll","background-type":"","background-media":"","overlay-type":"","overlay-color":"","overlay-opacity":"","overlay-gradient":""},"mobile":{"background-color":"","background-image":"","background-repeat":"repeat","background-position":"center center","background-size":"auto","background-attachment":"scroll","background-type":"","background-media":"","overlay-type":"","overlay-color":"","overlay-opacity":"","overlay-gradient":""}},"ast-content-background-meta":{"desktop":{"background-color":"var(--ast-global-color-5)","background-image":"","background-repeat":"repeat","background-position":"center center","background-size":"auto","background-attachment":"scroll","background-type":"","background-media":"","overlay-type":"","overlay-color":"","overlay-opacity":"","overlay-gradient":""},"tablet":{"background-color":"var(--ast-global-color-5)","background-image":"","background-repeat":"repeat","background-position":"center center","background-size":"auto","background-attachment":"scroll","background-type":"","background-media":"","overlay-type":"","overlay-color":"","overlay-opacity":"","overlay-gradient":""},"mobile":{"background-color":"var(--ast-global-color-5)","background-image":"","background-repeat":"repeat","background-position":"center center","background-size":"auto","background-attachment":"scroll","background-type":"","background-media":"","overlay-type":"","overlay-color":"","overlay-opacity":"","overlay-gradient":""}}},"product_brand":[],"product_cat":[67,17,51],"product_tag":[],"class_list":{"0":"post-1809","1":"product","2":"type-product","3":"status-publish","4":"has-post-thumbnail","6":"product_cat-international-driving-permits","7":"product_cat-globaldocs","8":"product_cat-visa-services","9":"desktop-align-left","10":"tablet-align-left","11":"mobile-align-left","13":"first","14":"instock","15":"shipping-taxable","16":"purchasable","17":"product-type-simple"},"_links":{"self":[{"href":"https:\/\/globaldocs.store\/fr\/wp-json\/wp\/v2\/product\/1809","targetHints":{"allow":["GET"]}}],"collection":[{"href":"https:\/\/globaldocs.store\/fr\/wp-json\/wp\/v2\/product"}],"about":[{"href":"https:\/\/globaldocs.store\/fr\/wp-json\/wp\/v2\/types\/product"}],"replies":[{"embeddable":true,"href":"https:\/\/globaldocs.store\/fr\/wp-json\/wp\/v2\/comments?post=1809"}],"version-history":[{"count":1,"href":"https:\/\/globaldocs.store\/fr\/wp-json\/wp\/v2\/product\/1809\/revisions"}],"predecessor-version":[{"id":1811,"href":"https:\/\/globaldocs.store\/fr\/wp-json\/wp\/v2\/product\/1809\/revisions\/1811"}],"wp:featuredmedia":[{"embeddable":true,"href":"https:\/\/globaldocs.store\/fr\/wp-json\/wp\/v2\/media\/1810"}],"wp:attachment":[{"href":"https:\/\/globaldocs.store\/fr\/wp-json\/wp\/v2\/media?parent=1809"}],"wp:term":[{"taxonomy":"product_brand","embeddable":true,"href":"https:\/\/globaldocs.store\/fr\/wp-json\/wp\/v2\/product_brand?post=1809"},{"taxonomy":"product_cat","embeddable":true,"href":"https:\/\/globaldocs.store\/fr\/wp-json\/wp\/v2\/product_cat?post=1809"},{"taxonomy":"product_tag","embeddable":true,"href":"https:\/\/globaldocs.store\/fr\/wp-json\/wp\/v2\/product_tag?post=1809"}],"curies":[{"name":"wp","href":"https:\/\/api.w.org\/{rel}","templated":true}]}}