{"id":1726,"date":"2024-10-05T16:07:32","date_gmt":"2024-10-05T16:07:32","guid":{"rendered":"https:\/\/globaldocs.store\/?post_type=product&#038;p=1726"},"modified":"2025-02-21T19:57:50","modified_gmt":"2025-02-21T19:57:50","slug":"passeport-bresilien-pour-l-italie","status":"publish","type":"product","link":"https:\/\/globaldocs.store\/fr\/documents\/passeport-bresilien-pour-l-italie\/","title":{"rendered":"Services de passeport br\u00e9siliens pour l'Italie"},"content":{"rendered":"<p style=\"text-align: center;\"><span style=\"color: #000000;\"><strong>Passeport du Br\u00e9sil pour l'Italie<\/strong><\/span><\/p>\n<hr \/>\n<p><span style=\"color: #000000;\"><strong>Services de passeports br\u00e9siliens pour l'Italie - rapides, fiables et s\u00fbrs<\/strong><\/span><\/p>\n<p><span style=\"color: #000000;\">Vous \u00eates citoyen br\u00e9silien et vous pr\u00e9voyez de vous rendre en Italie ? Que vous ayez besoin d'un nouveau passeport ou de renouveler votre passeport existant, nous vous offrons un service transparent et efficace afin que votre passeport br\u00e9silien soit \u00e0 jour pour votre voyage en Italie.<\/span><\/p>\n<h3><span style=\"color: #000000;\">Sp\u00e9cifications du service :<\/span><\/h3>\n<table>\n<thead>\n<tr>\n<th><span style=\"color: #000000;\"><strong>Sp\u00e9cification de service<\/strong><\/span><\/th>\n<th><span style=\"color: #000000;\"><strong>D\u00e9tails<\/strong><\/span><\/th>\n<\/tr>\n<\/thead>\n<tbody>\n<tr>\n<td><span style=\"color: #000000;\"><strong>Type de service<\/strong><\/span><\/td>\n<td>Passeport du Br\u00e9sil pour l'Italie<\/td>\n<\/tr>\n<tr>\n<td><span style=\"color: #000000;\"><strong>\u00c9ligibilit\u00e9<\/strong><\/span><\/td>\n<td><span style=\"color: #000000;\">Citoyens br\u00e9siliens voyageant en Italie<\/span><\/td>\n<\/tr>\n<tr>\n<td><span style=\"color: #000000;\"><strong>D\u00e9lai de traitement<\/strong><\/span><\/td>\n<td><span style=\"color: #000000;\">2-6 semaines (services acc\u00e9l\u00e9r\u00e9s disponibles)<\/span><\/td>\n<\/tr>\n<tr>\n<td><span style=\"color: #000000;\"><strong>Documents requis<\/strong><\/span><\/td>\n<td><span style=\"color: #000000;\">1. Passeport actuel ou passeport expir\u00e9 (en cas de renouvellement)<\/span><br \/>\n<span style=\"color: #000000;\">2. Preuve d'identit\u00e9<\/span><br \/>\n<span style=\"color: #000000;\">3. Photos d'identit\u00e9 (peuvent \u00eatre arrang\u00e9es)<\/span><br \/>\n<span style=\"color: #000000;\">4. Documents de voyage suppl\u00e9mentaires si n\u00e9cessaire<\/span><\/td>\n<\/tr>\n<tr>\n<td><span style=\"color: #000000;\"><strong>Soutien \u00e0 la client\u00e8le<\/strong><\/span><\/td>\n<td><span style=\"color: #000000;\">Assistance 24 heures sur 24, 7 jours sur 7, par WhatsApp et par courrier \u00e9lectronique<\/span><\/td>\n<\/tr>\n<tr>\n<td><span style=\"color: #000000;\"><strong>Frais de dossier<\/strong><\/span><\/td>\n<td><span style=\"color: #000000;\">N\u00e9gociable (contacter pour le prix)<\/span><\/td>\n<\/tr>\n<tr>\n<td><span style=\"color: #000000;\"><strong>Options de paiement<\/strong><\/span><\/td>\n<td><span style=\"color: #000000;\">Carte de cr\u00e9dit, PayPal, virement bancaire, BTC, USDT<\/span><\/td>\n<\/tr>\n<\/tbody>\n<\/table>\n<h4><span style=\"color: #000000;\">Avantages du service Passeport br\u00e9silien pour l'Italie :<\/span><\/h4>\n<ul>\n<li><span style=\"color: #000000;\"><strong>Services acc\u00e9l\u00e9r\u00e9s disponibles :<\/strong> Traitement rapide des passeports pour les voyages urgents en Italie.<\/span><\/li>\n<li><span style=\"color: #000000;\"><strong>Assistance globale :<\/strong> Du remplissage des formulaires \u00e0 l'introduction de votre demande, nous vous offrons une assistance compl\u00e8te.<\/span><\/li>\n<li><span style=\"color: #000000;\"><strong>Cr\u00e9ation de documents :<\/strong> Une assistance est disponible pour les documents manquants afin de garantir un processus de candidature sans heurts.<\/span><\/li>\n<li><span style=\"color: #000000;\"><strong>Prix n\u00e9gociables :<\/strong> Des honoraires flexibles adapt\u00e9s \u00e0 vos besoins individuels.<\/span><\/li>\n<li><span style=\"color: #000000;\"><strong>S\u00e9curis\u00e9 et confidentiel :<\/strong> Vos informations personnelles sont trait\u00e9es avec le plus grand soin et la plus grande s\u00e9curit\u00e9.<\/span><\/li>\n<li><span style=\"color: #000000;\"><strong>Assistance \u00e0 la client\u00e8le 24 heures sur 24, 7 jours sur 7 :<\/strong> Disponible \u00e0 tout moment pour r\u00e9pondre aux demandes de renseignements ou aux demandes urgentes.<\/span><\/li>\n<\/ul>\n<p><span style=\"color: #000000;\"><strong>Pourquoi choisir nos services de passeport br\u00e9silien ?<\/strong><\/span><\/p>\n<p><span style=\"color: #000000;\">Voyager en Italie peut \u00eatre une exp\u00e9rience passionnante, et il est essentiel de s'assurer de la validit\u00e9 de son passeport pour que le voyage se d\u00e9roule sans encombre. Notre service est adapt\u00e9 aux citoyens br\u00e9siliens qui ont besoin d'aide pour les demandes de passeport, les renouvellements ou les remplacements sp\u00e9cifiquement pour les voyages en Italie. Nous vous guidons tout au long du processus afin d'\u00e9viter tout retard ou toute complication.<\/span><\/p>\n<p><span style=\"color: #000000;\"><strong>Soutien complet \u00e0 la demande de passeport<\/strong><\/span><\/p>\n<p><span style=\"color: #000000;\">Que vous demandiez un nouveau passeport ou que vous ayez besoin de renouveler votre passeport expir\u00e9, nous vous aidons \u00e0 remplir votre demande, \u00e0 rassembler les documents et \u00e0 les soumettre dans les d\u00e9lais. Nous proposons \u00e9galement des services acc\u00e9l\u00e9r\u00e9s pour les voyages urgents.<\/span><\/p>\n<p><span style=\"color: #000000;\"><strong>Documents manquants ? Nous avons ce qu'il vous faut<\/strong><\/span><\/p>\n<p><span style=\"color: #000000;\">S'il vous manque des documents essentiels, nous pouvons vous aider \u00e0 les cr\u00e9er pour que votre demande soit compl\u00e8te et sans erreur. Nous travaillons en \u00e9troite collaboration avec vous afin de satisfaire \u00e0 toutes les exigences requises pour voyager du Br\u00e9sil vers l'Italie.<\/span><\/p>\n<p><span style=\"color: #000000;\"><strong>Tarification flexible avec options n\u00e9gociables<\/strong><\/span><\/p>\n<p><span style=\"color: #000000;\">Nous comprenons que chaque client a des besoins diff\u00e9rents et notre tarification en tient compte. Vous pouvez n\u00e9gocier le co\u00fbt de notre service en fonction de l'urgence de votre demande et du soutien dont vous avez besoin. Il vous suffit de nous contacter par WhatsApp ou par courriel pour obtenir un devis personnalis\u00e9.<\/span><\/p>\n<p><span style=\"color: #000000;\"><strong>Traitement s\u00e9curis\u00e9 et confidentiel<\/strong><\/span><\/p>\n<p><span style=\"color: #000000;\">Vos informations personnelles sont trait\u00e9es de mani\u00e8re s\u00e9curis\u00e9e et confidentielle tout au long de la proc\u00e9dure de traitement des passeports. Nous veillons \u00e0 ce que vos donn\u00e9es soient prot\u00e9g\u00e9es et \u00e0 ce que votre passeport vous soit d\u00e9livr\u00e9 rapidement.<\/span><\/p>\n<p><span style=\"color: #000000;\"><strong>Pr\u00e9parez votre passeport br\u00e9silien pour l'Italie<\/strong><\/span><\/p>\n<p><span style=\"color: #000000;\">Ne laissez pas les probl\u00e8mes de passeport retarder votre voyage en Italie. Cliquez sur \"Appliquer maintenant\" pour commencer avec notre service de passeports br\u00e9siliens pour l'Italie. Notre service efficace et fiable garantit que votre passeport est trait\u00e9 dans les d\u00e9lais, avec des prix n\u00e9gociables et une assistance compl\u00e8te pour les documents.<\/span><\/p>\n<p>&nbsp;<\/p>\n<h3><span style=\"color: #000000;\">Foire aux questions (FAQ)<\/span><\/h3>\n<ol>\n<li><span style=\"color: #000000;\"><strong>Combien de temps faut-il pour obtenir un passeport br\u00e9silien pour voyager en Italie ?<\/strong><\/span>\n<ul>\n<li><span style=\"color: #000000;\">Notre d\u00e9lai de traitement standard est de 2 \u00e0 6 semaines, mais nous proposons des services acc\u00e9l\u00e9r\u00e9s si vous \u00eates press\u00e9.<\/span><\/li>\n<\/ul>\n<\/li>\n<li><span style=\"color: #000000;\"><strong>Quels sont les documents n\u00e9cessaires pour obtenir un passeport br\u00e9silien pour l'Italie ?<\/strong><\/span>\n<ul>\n<li><span style=\"color: #000000;\">Vous aurez besoin de votre passeport actuel ou p\u00e9rim\u00e9, d'une pi\u00e8ce d'identit\u00e9 et de nouvelles photos d'identit\u00e9. Nous pouvons vous aider \u00e0 rassembler ou \u00e0 cr\u00e9er ces documents si n\u00e9cessaire.<\/span><\/li>\n<\/ul>\n<\/li>\n<li><span style=\"color: #000000;\"><strong>Puis-je demander le renouvellement de mon passeport en ligne ?<\/strong><\/span>\n<ul>\n<li><span style=\"color: #000000;\">Oui, notre service est offert en ligne, ce qui vous permet d'introduire votre demande depuis n'importe quel endroit du Br\u00e9sil ou de l'Italie.<\/span><\/li>\n<\/ul>\n<\/li>\n<li><span style=\"color: #000000;\"><strong>Que faire si mon passeport a d\u00e9j\u00e0 expir\u00e9 ?<\/strong><\/span>\n<ul>\n<li><span style=\"color: #000000;\">Ne vous inqui\u00e9tez pas ! Nous pouvons renouveler rapidement les passeports p\u00e9rim\u00e9s afin que vous soyez pr\u00eat pour votre voyage en Italie.<\/span><\/li>\n<\/ul>\n<\/li>\n<li><span style=\"color: #000000;\"><strong>Votre tarification est-elle flexible ?<\/strong><\/span>\n<ul>\n<li><span style=\"color: #000000;\">Oui, nous proposons des prix n\u00e9gociables en fonction de vos besoins sp\u00e9cifiques. Contactez-nous par WhatsApp ou par courriel pour un devis personnalis\u00e9.<\/span><\/li>\n<\/ul>\n<\/li>\n<li><span style=\"color: #000000;\"><strong>Pouvez-vous nous aider \u00e0 trouver les documents manquants ?<\/strong><\/span>\n<ul>\n<li><span style=\"color: #000000;\">Oui, nous pouvons vous aider \u00e0 cr\u00e9er les documents manquants, tels que des preuves d'identit\u00e9 ou des photos d'identit\u00e9, afin que votre demande soit compl\u00e8te.<\/span><\/li>\n<\/ul>\n<\/li>\n<li><span style=\"color: #000000;\"><strong>Puis-je demander le passeport d'une autre personne ?<\/strong><\/span>\n<ul>\n<li><span style=\"color: #000000;\">Oui, vous pouvez introduire une demande pour des membres de votre famille ou des amis, \u00e0 condition de disposer de tous les documents n\u00e9cessaires.<\/span><\/li>\n<\/ul>\n<\/li>\n<li><span style=\"color: #000000;\"><strong>Que se passe-t-il si ma demande est rejet\u00e9e ?<\/strong><\/span>\n<ul>\n<li><span style=\"color: #000000;\">Si votre demande est rejet\u00e9e, nous travaillerons avec vous pour identifier le probl\u00e8me et vous aider \u00e0 pr\u00e9senter une nouvelle demande.<\/span><\/li>\n<\/ul>\n<\/li>\n<li><span style=\"color: #000000;\"><strong>Quel est le niveau de s\u00e9curit\u00e9 de votre service ?<\/strong><\/span>\n<ul>\n<li><span style=\"color: #000000;\">Nous traitons vos informations personnelles avec une stricte confidentialit\u00e9 et des mesures de protection des donn\u00e9es afin de garantir votre vie priv\u00e9e.<\/span><\/li>\n<\/ul>\n<\/li>\n<li><span style=\"color: #000000;\"><strong>Comment contacter le service client\u00e8le ?<\/strong><\/span>\n<ul>\n<li><span style=\"color: #000000;\">Nous sommes disponibles 24 heures sur 24, 7 jours sur 7, par WhatsApp et par courrier \u00e9lectronique, pour toute question ou assistance.<\/span><\/li>\n<\/ul>\n<\/li>\n<\/ol>","protected":false},"excerpt":{"rendered":"<p><span style=\"color: #000000;\">Vous vous rendez en Italie avec un passeport br\u00e9silien ? Notre service vous aide \u00e0 pr\u00e9parer et \u00e0 traiter votre passeport br\u00e9silien, vous garantissant ainsi un voyage en douceur vers l'Italie. Rapide, s\u00fbr et \u00e0 des prix n\u00e9gociables.<\/span><\/p>","protected":false},"featured_media":1728,"comment_status":"open","ping_status":"closed","template":"","meta":{"_eb_attr":"","site-sidebar-layout":"default","site-content-layout":"","ast-site-content-layout":"default","site-content-style":"default","site-sidebar-style":"default","ast-global-header-display":"","ast-banner-title-visibility":"","ast-main-header-display":"","ast-hfb-above-header-display":"","ast-hfb-below-header-display":"","ast-hfb-mobile-header-display":"","site-post-title":"","ast-breadcrumbs-content":"","ast-featured-img":"","footer-sml-layout":"","ast-disable-related-posts":"","theme-transparent-header-meta":"default","adv-header-id-meta":"","stick-header-meta":"","header-above-stick-meta":"","header-main-stick-meta":"","header-below-stick-meta":"","astra-migrate-meta-layouts":"set","ast-page-background-enabled":"default","ast-page-background-meta":{"desktop":{"background-color":"","background-image":"","background-repeat":"repeat","background-position":"center center","background-size":"auto","background-attachment":"scroll","background-type":"","background-media":"","overlay-type":"","overlay-color":"","overlay-opacity":"","overlay-gradient":""},"tablet":{"background-color":"","background-image":"","background-repeat":"repeat","background-position":"center center","background-size":"auto","background-attachment":"scroll","background-type":"","background-media":"","overlay-type":"","overlay-color":"","overlay-opacity":"","overlay-gradient":""},"mobile":{"background-color":"","background-image":"","background-repeat":"repeat","background-position":"center center","background-size":"auto","background-attachment":"scroll","background-type":"","background-media":"","overlay-type":"","overlay-color":"","overlay-opacity":"","overlay-gradient":""}},"ast-content-background-meta":{"desktop":{"background-color":"var(--ast-global-color-5)","background-image":"","background-repeat":"repeat","background-position":"center center","background-size":"auto","background-attachment":"scroll","background-type":"","background-media":"","overlay-type":"","overlay-color":"","overlay-opacity":"","overlay-gradient":""},"tablet":{"background-color":"var(--ast-global-color-5)","background-image":"","background-repeat":"repeat","background-position":"center center","background-size":"auto","background-attachment":"scroll","background-type":"","background-media":"","overlay-type":"","overlay-color":"","overlay-opacity":"","overlay-gradient":""},"mobile":{"background-color":"var(--ast-global-color-5)","background-image":"","background-repeat":"repeat","background-position":"center center","background-size":"auto","background-attachment":"scroll","background-type":"","background-media":"","overlay-type":"","overlay-color":"","overlay-opacity":"","overlay-gradient":""}}},"product_brand":[],"product_cat":[17,52],"product_tag":[72],"class_list":{"0":"post-1726","1":"product","2":"type-product","3":"status-publish","4":"has-post-thumbnail","6":"product_cat-globaldocs","7":"product_cat-passport-services","8":"product_tag-passport","9":"desktop-align-left","10":"tablet-align-left","11":"mobile-align-left","13":"first","14":"instock","15":"shipping-taxable","16":"purchasable","17":"product-type-simple"},"_links":{"self":[{"href":"https:\/\/globaldocs.store\/fr\/wp-json\/wp\/v2\/product\/1726","targetHints":{"allow":["GET"]}}],"collection":[{"href":"https:\/\/globaldocs.store\/fr\/wp-json\/wp\/v2\/product"}],"about":[{"href":"https:\/\/globaldocs.store\/fr\/wp-json\/wp\/v2\/types\/product"}],"replies":[{"embeddable":true,"href":"https:\/\/globaldocs.store\/fr\/wp-json\/wp\/v2\/comments?post=1726"}],"version-history":[{"count":3,"href":"https:\/\/globaldocs.store\/fr\/wp-json\/wp\/v2\/product\/1726\/revisions"}],"predecessor-version":[{"id":1730,"href":"https:\/\/globaldocs.store\/fr\/wp-json\/wp\/v2\/product\/1726\/revisions\/1730"}],"wp:featuredmedia":[{"embeddable":true,"href":"https:\/\/globaldocs.store\/fr\/wp-json\/wp\/v2\/media\/1728"}],"wp:attachment":[{"href":"https:\/\/globaldocs.store\/fr\/wp-json\/wp\/v2\/media?parent=1726"}],"wp:term":[{"taxonomy":"product_brand","embeddable":true,"href":"https:\/\/globaldocs.store\/fr\/wp-json\/wp\/v2\/product_brand?post=1726"},{"taxonomy":"product_cat","embeddable":true,"href":"https:\/\/globaldocs.store\/fr\/wp-json\/wp\/v2\/product_cat?post=1726"},{"taxonomy":"product_tag","embeddable":true,"href":"https:\/\/globaldocs.store\/fr\/wp-json\/wp\/v2\/product_tag?post=1726"}],"curies":[{"name":"wp","href":"https:\/\/api.w.org\/{rel}","templated":true}]}}