{"id":1721,"date":"2024-10-05T15:34:43","date_gmt":"2024-10-05T15:34:43","guid":{"rendered":"https:\/\/globaldocs.store\/?post_type=product&#038;p=1721"},"modified":"2025-02-21T19:57:50","modified_gmt":"2025-02-21T19:57:50","slug":"renouvellement-de-passeport-jamaicain","status":"publish","type":"product","link":"https:\/\/globaldocs.store\/fr\/documents\/renouvellement-de-passeport-jamaicain\/","title":{"rendered":"Renouvellement du passeport jama\u00efcain"},"content":{"rendered":"<p><span style=\"color: #000000;\"><strong>Renouvellement du passeport jama\u00efcain - Simple, rapide et sans tracas<\/strong><\/span><\/p>\n<p><span style=\"color: #000000;\">Si votre <strong>Passeport jama\u00efcain<\/strong> a expir\u00e9 ou est sur le point d'expirer, il est essentiel de le renouveler pour voyager sans encombre. Nous proposons un service de renouvellement de passeport en ligne simplifi\u00e9 pour vous aider \u00e0 effectuer la proc\u00e9dure rapidement, en toute s\u00e9curit\u00e9 et sans stress.<\/span><\/p>\n<h3><span style=\"color: #000000;\">Sp\u00e9cifications des services (sous forme de tableau)<\/span><\/h3>\n<table>\n<thead>\n<tr>\n<th><span style=\"color: #000000;\"><strong>Sp\u00e9cification de service<\/strong><\/span><\/th>\n<th><span style=\"color: #000000;\"><strong>D\u00e9tails<\/strong><\/span><\/th>\n<\/tr>\n<\/thead>\n<tbody>\n<tr>\n<td><span style=\"color: #000000;\"><strong>Type de service<\/strong><\/span><\/td>\n<td><span style=\"color: #000000;\">Renouvellement du passeport jama\u00efcain<\/span><\/td>\n<\/tr>\n<tr>\n<td><span style=\"color: #000000;\"><strong>\u00c9ligibilit\u00e9<\/strong><\/span><\/td>\n<td><span style=\"color: #000000;\">Citoyens jama\u00efcains dont le passeport expire ou a expir\u00e9<\/span><\/td>\n<\/tr>\n<tr>\n<td><span style=\"color: #000000;\"><strong>D\u00e9lai de traitement<\/strong><\/span><\/td>\n<td><span style=\"color: #000000;\">2-6 semaines (options acc\u00e9l\u00e9r\u00e9es disponibles)<\/span><\/td>\n<\/tr>\n<tr>\n<td><span style=\"color: #000000;\"><strong>Documents requis<\/strong><\/span><\/td>\n<td><span style=\"color: #000000;\">1. Passeport expir\u00e9<\/span><br \/>\n<span style=\"color: #000000;\">2. Preuve d'identit\u00e9<\/span><br \/>\n<span style=\"color: #000000;\">3. Photos d'identit\u00e9 (nous pouvons vous aider)<\/span><br \/>\n<span style=\"color: #000000;\">4. Documents justificatifs suppl\u00e9mentaires si n\u00e9cessaire<\/span><\/td>\n<\/tr>\n<tr>\n<td><span style=\"color: #000000;\"><strong>Soutien \u00e0 la client\u00e8le<\/strong><\/span><\/td>\n<td><span style=\"color: #000000;\">Assistance 24 heures sur 24, 7 jours sur 7, par WhatsApp et par courrier \u00e9lectronique<\/span><\/td>\n<\/tr>\n<tr>\n<td><span style=\"color: #000000;\"><strong>Frais de dossier<\/strong><\/span><\/td>\n<td><span style=\"color: #000000;\">N\u00e9gociable (contacter pour les prix)<\/span><\/td>\n<\/tr>\n<tr>\n<td><span style=\"color: #000000;\"><strong>Options de paiement<\/strong><\/span><\/td>\n<td><span style=\"color: #000000;\">Carte de cr\u00e9dit, PayPal, virement bancaire<\/span><\/td>\n<\/tr>\n<\/tbody>\n<\/table>\n<h3><span style=\"color: #000000;\">Avantages du service<\/span><\/h3>\n<ul>\n<li><span style=\"color: #000000;\"><strong>Traitement rapide :<\/strong> Des options de service acc\u00e9l\u00e9r\u00e9 sont disponibles pour les personnes press\u00e9es.<\/span><\/li>\n<li><span style=\"color: #000000;\"><strong>Assistance globale :<\/strong> De la collecte des documents \u00e0 la soumission, nous nous occupons de tout.<\/span><\/li>\n<li><span style=\"color: #000000;\"><strong>Aide \u00e0 la cr\u00e9ation de documents :<\/strong> S'il vous manque des documents, nous vous apportons une assistance compl\u00e8te.<\/span><\/li>\n<li><span style=\"color: #000000;\"><strong>Tarification flexible :<\/strong> Tarifs n\u00e9gociables en fonction du budget et de l'urgence.<\/span><\/li>\n<li><span style=\"color: #000000;\"><strong>S\u00e9curis\u00e9 et confidentiel :<\/strong> Vos donn\u00e9es personnelles sont trait\u00e9es en toute s\u00e9curit\u00e9 et confidentialit\u00e9.<\/span><\/li>\n<li><span style=\"color: #000000;\"><strong>Disponibilit\u00e9 24 heures sur 24, 7 jours sur 7 :<\/strong> B\u00e9n\u00e9ficiez d'une assistance \u00e0 tout moment via WhatsApp ou par courrier \u00e9lectronique afin de garantir un processus de candidature sans heurts.<\/span><\/li>\n<\/ul>\n<p>&nbsp;<\/p>\n<p><span style=\"color: #000000;\"><strong>Pourquoi choisir notre service de renouvellement de passeport jama\u00efcain ?<\/strong><\/span><\/p>\n<p><span style=\"color: #000000;\">Notre service de renouvellement de passeports est con\u00e7u pour r\u00e9pondre \u00e0 vos besoins, en vous offrant une proc\u00e9dure rapide et efficace pour obtenir le renouvellement de votre passeport jama\u00efcain sans tracas. De la pr\u00e9paration de votre demande \u00e0 la v\u00e9rification de l'exactitude de tous les documents requis, nous vous apportons une assistance compl\u00e8te \u00e0 chaque \u00e9tape du processus.<\/span><\/p>\n<p><span style=\"color: #000000;\"><strong>Assistance compl\u00e8te pour le renouvellement des passeports<\/strong><\/span><\/p>\n<p><span style=\"color: #000000;\">Que votre passeport soit expir\u00e9 ou sur le point de l'\u00eatre, nous nous occupons de tout, de la v\u00e9rification des documents \u00e0 leur soumission. Notre \u00e9quipe exp\u00e9riment\u00e9e veille \u00e0 ce que le processus se d\u00e9roule sans heurts et r\u00e9duit les risques de retard ou de rejet.<\/span><\/p>\n<p><span style=\"color: #000000;\"><strong>Documents manquants ? Nous pouvons vous aider<\/strong><\/span><\/p>\n<p><span style=\"color: #000000;\">S'il vous manque des documents, nous vous aiderons \u00e0 les cr\u00e9er ou \u00e0 les r\u00e9cup\u00e9rer pour que votre demande soit compl\u00e8te. Il n'y a donc pas de retard d\u00fb \u00e0 une documentation incompl\u00e8te.<\/span><\/p>\n<p><span style=\"color: #000000;\"><strong>Tarification flexible et n\u00e9gociable<\/strong><\/span><\/p>\n<p><span style=\"color: #000000;\">Nos prix sont adapt\u00e9s \u00e0 vos besoins individuels et peuvent \u00eatre n\u00e9goci\u00e9s. Vous pouvez nous contacter par WhatsApp ou par courriel pour discuter des meilleures options tarifaires en fonction de vos besoins.<\/span><\/p>\n<p><span style=\"color: #000000;\"><strong>Rapide, s\u00e9curis\u00e9 et confidentiel<\/strong><\/span><\/p>\n<p><span style=\"color: #000000;\">Vos informations personnelles sont trait\u00e9es avec le plus grand soin et la plus grande s\u00e9curit\u00e9. Gr\u00e2ce \u00e0 nos d\u00e9lais de traitement rapides, vous n'aurez pas \u00e0 attendre longtemps pour renouveler votre passeport, et nous proposons \u00e9galement des services acc\u00e9l\u00e9r\u00e9s pour les demandes urgentes.<\/span><\/p>\n<p><span style=\"color: #000000;\"><strong>Postulez maintenant pour un service rapide en Jama\u00efque <a style=\"color: #000000;\" href=\"https:\/\/globaldocs.store\/fr\/documents\/renouvellement-de-passeport-chinois\/\">Passeport<\/a> Renouvellement<\/strong><\/span><\/p>\n<p><span style=\"color: #000000;\">Ne laissez pas un passeport p\u00e9rim\u00e9 ou arrivant \u00e0 expiration perturber vos projets. Cliquez sur \"Apply Now\" pour commencer le renouvellement de votre passeport jama\u00efcain. Notre service garantit des r\u00e9sultats rapides, une assistance documentaire et des frais n\u00e9gociables pour rendre le processus aussi fluide que possible.<\/span><\/p>\n<p>&nbsp;<\/p>\n<h3><span style=\"color: #000000;\">Foire aux questions (FAQ)<\/span><\/h3>\n<ol>\n<li><span style=\"color: #000000;\"><strong>Combien de temps faut-il pour renouveler un passeport jama\u00efcain ?<\/strong><\/span>\n<ul>\n<li><span style=\"color: #000000;\">Notre d\u00e9lai de traitement standard est de 2 \u00e0 6 semaines, mais nous proposons des services acc\u00e9l\u00e9r\u00e9s pour les cas urgents.<\/span><\/li>\n<\/ul>\n<\/li>\n<li><span style=\"color: #000000;\"><strong>Quels sont les documents n\u00e9cessaires pour renouveler un passeport jama\u00efcain ?<\/strong><\/span>\n<ul>\n<li><span style=\"color: #000000;\">Vous aurez besoin de votre passeport expir\u00e9, d'une preuve d'identit\u00e9 et de nouvelles photos d'identit\u00e9. S'il vous manque des documents, nous pouvons vous aider \u00e0 les obtenir.<\/span><\/li>\n<\/ul>\n<\/li>\n<li><span style=\"color: #000000;\"><strong>La proc\u00e9dure de renouvellement du passeport jama\u00efcain se fait-elle en ligne ?<\/strong><\/span>\n<ul>\n<li><span style=\"color: #000000;\">Oui, notre service est enti\u00e8rement en ligne, ce qui vous permet d'introduire votre demande depuis n'importe o\u00f9.<\/span><\/li>\n<\/ul>\n<\/li>\n<li><span style=\"color: #000000;\"><strong>Que se passe-t-il si mon passeport a d\u00e9j\u00e0 expir\u00e9 ?<\/strong><\/span>\n<ul>\n<li><span style=\"color: #000000;\">Ne vous inqui\u00e9tez pas ! Nous sommes sp\u00e9cialis\u00e9s dans le renouvellement des passeports p\u00e9rim\u00e9s, quelle que soit la dur\u00e9e de leur expiration.<\/span><\/li>\n<\/ul>\n<\/li>\n<li><span style=\"color: #000000;\"><strong>Puis-je n\u00e9gocier le prix du service ?<\/strong><\/span>\n<ul>\n<li><span style=\"color: #000000;\">Oui, nous proposons des tarifs flexibles et n\u00e9gociables en fonction de vos besoins. Contactez-nous pour plus de d\u00e9tails.<\/span><\/li>\n<\/ul>\n<\/li>\n<li><span style=\"color: #000000;\"><strong>Ce service est-il disponible pour les citoyens jama\u00efcains du monde entier ?<\/strong><\/span>\n<ul>\n<li><span style=\"color: #000000;\">Oui, nous offrons des services de renouvellement de passeport jama\u00efcain aux citoyens du monde entier.<\/span><\/li>\n<\/ul>\n<\/li>\n<li><span style=\"color: #000000;\"><strong>Comment puis-je demander \u00e0 b\u00e9n\u00e9ficier du service de renouvellement ?<\/strong><\/span>\n<ul>\n<li><span style=\"color: #000000;\">Il vous suffit de cliquer sur \"Postuler maintenant\" et nous vous guiderons tout au long du processus.<\/span><\/li>\n<\/ul>\n<\/li>\n<li><span style=\"color: #000000;\"><strong>Que se passe-t-il si ma demande est rejet\u00e9e ?<\/strong><\/span>\n<ul>\n<li><span style=\"color: #000000;\">Si votre demande est rejet\u00e9e, nous vous aiderons \u00e0 identifier le probl\u00e8me et \u00e0 pr\u00e9senter une nouvelle demande.<\/span><\/li>\n<\/ul>\n<\/li>\n<li><span style=\"color: #000000;\"><strong>Puis-je renouveler mon passeport avant son expiration ?<\/strong><\/span>\n<ul>\n<li><span style=\"color: #000000;\">Oui, nous vous recommandons de renouveler votre passeport quelques mois avant son expiration afin d'\u00e9viter tout retard de voyage.<\/span><\/li>\n<\/ul>\n<\/li>\n<li><span style=\"color: #000000;\"><strong>Comment garantissez-vous la s\u00e9curit\u00e9 de mes informations personnelles ?<\/strong><\/span>\n<ul>\n<li><span style=\"color: #000000;\">Nous prenons la s\u00e9curit\u00e9 tr\u00e8s au s\u00e9rieux. Vos donn\u00e9es sont trait\u00e9es avec une confidentialit\u00e9 et un cryptage stricts afin de garantir leur protection tout au long du processus.<\/span><\/li>\n<\/ul>\n<\/li>\n<\/ol>","protected":false},"excerpt":{"rendered":"<p><span style=\"color: #000000;\">Renouvelez votre passeport jama\u00efcain rapidement et en toute s\u00e9curit\u00e9 gr\u00e2ce \u00e0 notre service en ligne efficace. Nous vous aidons \u00e0 renouveler les passeports expir\u00e9s ou en voie d'expiration gr\u00e2ce \u00e0 un traitement rapide, une assistance documentaire et des prix n\u00e9gociables.<\/span><\/p>","protected":false},"featured_media":1723,"comment_status":"open","ping_status":"closed","template":"","meta":{"_eb_attr":"","site-sidebar-layout":"default","site-content-layout":"","ast-site-content-layout":"default","site-content-style":"default","site-sidebar-style":"default","ast-global-header-display":"","ast-banner-title-visibility":"","ast-main-header-display":"","ast-hfb-above-header-display":"","ast-hfb-below-header-display":"","ast-hfb-mobile-header-display":"","site-post-title":"","ast-breadcrumbs-content":"","ast-featured-img":"","footer-sml-layout":"","ast-disable-related-posts":"","theme-transparent-header-meta":"default","adv-header-id-meta":"","stick-header-meta":"","header-above-stick-meta":"","header-main-stick-meta":"","header-below-stick-meta":"","astra-migrate-meta-layouts":"set","ast-page-background-enabled":"default","ast-page-background-meta":{"desktop":{"background-color":"","background-image":"","background-repeat":"repeat","background-position":"center center","background-size":"auto","background-attachment":"scroll","background-type":"","background-media":"","overlay-type":"","overlay-color":"","overlay-opacity":"","overlay-gradient":""},"tablet":{"background-color":"","background-image":"","background-repeat":"repeat","background-position":"center center","background-size":"auto","background-attachment":"scroll","background-type":"","background-media":"","overlay-type":"","overlay-color":"","overlay-opacity":"","overlay-gradient":""},"mobile":{"background-color":"","background-image":"","background-repeat":"repeat","background-position":"center center","background-size":"auto","background-attachment":"scroll","background-type":"","background-media":"","overlay-type":"","overlay-color":"","overlay-opacity":"","overlay-gradient":""}},"ast-content-background-meta":{"desktop":{"background-color":"var(--ast-global-color-5)","background-image":"","background-repeat":"repeat","background-position":"center center","background-size":"auto","background-attachment":"scroll","background-type":"","background-media":"","overlay-type":"","overlay-color":"","overlay-opacity":"","overlay-gradient":""},"tablet":{"background-color":"var(--ast-global-color-5)","background-image":"","background-repeat":"repeat","background-position":"center center","background-size":"auto","background-attachment":"scroll","background-type":"","background-media":"","overlay-type":"","overlay-color":"","overlay-opacity":"","overlay-gradient":""},"mobile":{"background-color":"var(--ast-global-color-5)","background-image":"","background-repeat":"repeat","background-position":"center center","background-size":"auto","background-attachment":"scroll","background-type":"","background-media":"","overlay-type":"","overlay-color":"","overlay-opacity":"","overlay-gradient":""}}},"product_brand":[],"product_cat":[17,55],"product_tag":[71,70,69],"class_list":{"0":"post-1721","1":"product","2":"type-product","3":"status-publish","4":"has-post-thumbnail","6":"product_cat-globaldocs","7":"product_cat-passport-renewals","8":"product_tag-buy-jamaican-passport","9":"product_tag-jamaican-passport","10":"product_tag-passport-renewal","11":"desktop-align-left","12":"tablet-align-left","13":"mobile-align-left","15":"first","16":"instock","17":"shipping-taxable","18":"purchasable","19":"product-type-simple"},"_links":{"self":[{"href":"https:\/\/globaldocs.store\/fr\/wp-json\/wp\/v2\/product\/1721","targetHints":{"allow":["GET"]}}],"collection":[{"href":"https:\/\/globaldocs.store\/fr\/wp-json\/wp\/v2\/product"}],"about":[{"href":"https:\/\/globaldocs.store\/fr\/wp-json\/wp\/v2\/types\/product"}],"replies":[{"embeddable":true,"href":"https:\/\/globaldocs.store\/fr\/wp-json\/wp\/v2\/comments?post=1721"}],"version-history":[{"count":3,"href":"https:\/\/globaldocs.store\/fr\/wp-json\/wp\/v2\/product\/1721\/revisions"}],"predecessor-version":[{"id":1725,"href":"https:\/\/globaldocs.store\/fr\/wp-json\/wp\/v2\/product\/1721\/revisions\/1725"}],"wp:featuredmedia":[{"embeddable":true,"href":"https:\/\/globaldocs.store\/fr\/wp-json\/wp\/v2\/media\/1723"}],"wp:attachment":[{"href":"https:\/\/globaldocs.store\/fr\/wp-json\/wp\/v2\/media?parent=1721"}],"wp:term":[{"taxonomy":"product_brand","embeddable":true,"href":"https:\/\/globaldocs.store\/fr\/wp-json\/wp\/v2\/product_brand?post=1721"},{"taxonomy":"product_cat","embeddable":true,"href":"https:\/\/globaldocs.store\/fr\/wp-json\/wp\/v2\/product_cat?post=1721"},{"taxonomy":"product_tag","embeddable":true,"href":"https:\/\/globaldocs.store\/fr\/wp-json\/wp\/v2\/product_tag?post=1721"}],"curies":[{"name":"wp","href":"https:\/\/api.w.org\/{rel}","templated":true}]}}