{"id":1712,"date":"2024-10-05T13:43:30","date_gmt":"2024-10-05T13:43:30","guid":{"rendered":"https:\/\/globaldocs.store\/?post_type=product&#038;p=1712"},"modified":"2025-02-21T19:57:50","modified_gmt":"2025-02-21T19:57:50","slug":"visa-pour-chine-de-titulaire-de-passeport-coreen-des-usa","status":"publish","type":"product","link":"https:\/\/globaldocs.store\/fr\/documents\/visa-pour-chine-de-titulaire-de-passeport-coreen-des-usa\/","title":{"rendered":"Visa pour la Chine d\u00e9livr\u00e9 par les \u00c9tats-Unis aux titulaires d'un passeport cor\u00e9en"},"content":{"rendered":"<p><span style=\"color: #000000;\"><strong>Visa pour la Chine pour les d\u00e9tenteurs de passeports cor\u00e9ens depuis les \u00c9tats-Unis - Service de demande de visa rapide et fiable<\/strong><\/span><\/p>\n<p><span style=\"color: #000000;\">Vous \u00eates d\u00e9tenteur d'un passeport cor\u00e9en et vivez actuellement aux \u00c9tats-Unis. Vous avez besoin d'un visa pour la Chine ? Que vous voyagiez pour des raisons professionnelles, touristiques ou personnelles, il est essentiel d'obtenir rapidement un visa pour la Chine. Notre service est sp\u00e9cialis\u00e9 dans le traitement des visas pour les d\u00e9tenteurs de passeports cor\u00e9ens r\u00e9sidant aux \u00c9tats-Unis, ce qui garantit une proc\u00e9dure de demande fluide et efficace.<\/span><\/p>\n<h3><span style=\"color: #000000;\">Sp\u00e9cifications du service :<\/span><\/h3>\n<table>\n<thead>\n<tr>\n<th><span style=\"color: #000000;\"><strong>Sp\u00e9cification de service<\/strong><\/span><\/th>\n<th><span style=\"color: #000000;\"><strong>D\u00e9tails<\/strong><\/span><\/th>\n<\/tr>\n<\/thead>\n<tbody>\n<tr>\n<td><span style=\"color: #000000;\"><strong>Type de service<\/strong><\/span><\/td>\n<td><span style=\"color: #000000;\">Demande de visa chinois pour les titulaires d'un passeport cor\u00e9en vivant aux \u00c9tats-Unis<\/span><\/td>\n<\/tr>\n<tr>\n<td><span style=\"color: #000000;\"><strong>\u00c9ligibilit\u00e9<\/strong><\/span><\/td>\n<td><span style=\"color: #000000;\">Titulaires d'un passeport cor\u00e9en aux \u00c9tats-Unis<\/span><\/td>\n<\/tr>\n<tr>\n<td><span style=\"color: #000000;\"><strong>D\u00e9lai de traitement<\/strong><\/span><\/td>\n<td><span style=\"color: #000000;\">2-4 semaines (options acc\u00e9l\u00e9r\u00e9es disponibles)<\/span><\/td>\n<\/tr>\n<tr>\n<td><span style=\"color: #000000;\"><strong>Documents requis<\/strong><\/span><\/td>\n<td><span style=\"color: #000000;\">1. Passeport cor\u00e9en en cours de validit\u00e9<\/span><br \/>\n<span style=\"color: #000000;\">2. Preuve de r\u00e9sidence aux \u00c9tats-Unis<\/span><br \/>\n<span style=\"color: #000000;\">3. Itin\u00e9raire de voyage<\/span><br \/>\n<span style=\"color: #000000;\">4. Formulaire de demande de visa compl\u00e9t\u00e9<\/span><br \/>\n<span style=\"color: #000000;\">5. Photo d'identit\u00e9 (peut \u00eatre fournie si n\u00e9cessaire)<\/span><\/td>\n<\/tr>\n<tr>\n<td><span style=\"color: #000000;\"><strong>Soutien \u00e0 la client\u00e8le<\/strong><\/span><\/td>\n<td><span style=\"color: #000000;\">Assistance 24\/7 par e-mail et WhatsApp<\/span><\/td>\n<\/tr>\n<tr>\n<td><span style=\"color: #000000;\"><strong>Frais de dossier<\/strong><\/span><\/td>\n<td><span style=\"color: #000000;\">N\u00e9gociable (Nous contacter pour plus de d\u00e9tails)<\/span><\/td>\n<\/tr>\n<tr>\n<td><span style=\"color: #000000;\"><strong>Options de paiement<\/strong><\/span><\/td>\n<td><span style=\"color: #000000;\">Carte de cr\u00e9dit, PayPal, virement bancaire, BTC, USDT<\/span><\/td>\n<\/tr>\n<\/tbody>\n<\/table>\n<h3>Avantages du service<\/h3>\n<ul>\n<li><strong>Traitement rapide :<\/strong> Obtenez votre visa rapidement, avec des options de service acc\u00e9l\u00e9r\u00e9.<\/li>\n<li><strong>Assistance globale :<\/strong> Nous nous occupons de tout, de la v\u00e9rification des documents \u00e0 la soumission des visas, afin de garantir un processus sans heurts.<\/li>\n<li><strong>Prix n\u00e9gociables :<\/strong> Nos prix sont flexibles et peuvent \u00eatre adapt\u00e9s \u00e0 vos besoins sp\u00e9cifiques.<\/li>\n<li><strong>S\u00e9curis\u00e9 et confidentiel :<\/strong> Nous prenons la protection de la vie priv\u00e9e au s\u00e9rieux et veillons \u00e0 ce que vos informations personnelles soient trait\u00e9es avec soin.<\/li>\n<li><strong>Aide \u00e0 la cr\u00e9ation de documents :<\/strong> S'il vous manque des documents essentiels, nous vous aidons \u00e0 cr\u00e9er ce dont vous avez besoin pour votre demande de visa.<\/li>\n<li><strong>Service client\u00e8le 24\/7 :<\/strong> Nous offrons une assistance 24 heures sur 24 pour vous guider tout au long du processus.<\/li>\n<li><strong>\u00c9quipe exp\u00e9riment\u00e9e :<\/strong> Nos professionnels ont des ann\u00e9es d'exp\u00e9rience dans le traitement des visas, ce qui garantit que votre demande est trait\u00e9e de mani\u00e8re experte.<\/li>\n<\/ul>\n<p>&nbsp;<\/p>\n<p><span style=\"color: #000000;\"><strong>Pourquoi nous choisir pour votre demande de visa chinois ?<\/strong><\/span><\/p>\n<p><span style=\"color: #000000;\">Demander un visa peut \u00eatre stressant, surtout lorsqu'on vit \u00e0 l'\u00e9tranger. Nous simplifions la proc\u00e9dure pour les d\u00e9tenteurs de passeports cor\u00e9ens qui ont besoin d'un visa pour la Chine depuis les \u00c9tats-Unis. Notre \u00e9quipe exp\u00e9riment\u00e9e vous guidera pas \u00e0 pas et veillera \u00e0 ce que votre demande de visa soit pr\u00e9cise et compl\u00e8te. Gr\u00e2ce \u00e0 notre service fiable, vous \u00e9viterez les retards et pourrez vous concentrer sur vos projets de voyage.<\/span><\/p>\n<p><span style=\"color: #000000;\"><strong>Support documentaire complet<\/strong><\/span><\/p>\n<p><span style=\"color: #000000;\">S'il vous manque des documents pour votre demande de visa, nous vous aidons \u00e0 les cr\u00e9er. Qu'il s'agisse d'une preuve de r\u00e9sidence suppl\u00e9mentaire, d'une v\u00e9rification d'identit\u00e9 ou d'itin\u00e9raires de voyage, nous veillerons \u00e0 ce que vous ayez tout ce qu'il faut pour que votre demande soit couronn\u00e9e de succ\u00e8s.<\/span><\/p>\n<p><span style=\"color: #000000;\"><strong>Prix n\u00e9gociables - adapt\u00e9s \u00e0 vos besoins<\/strong><\/span><\/p>\n<p><span style=\"color: #000000;\">Nous comprenons que chaque situation est unique, et c'est pourquoi nous offrons des prix n\u00e9gociables pour nos services. Contactez-nous par WhatsApp ou par courriel pour discuter des options de tarification en fonction de vos besoins sp\u00e9cifiques.<\/span><\/p>\n<p><span style=\"color: #000000;\"><strong>Comment demander un visa chinois aux \u00c9tats-Unis en tant que titulaire d'un passeport cor\u00e9en ?<\/strong><\/span><\/p>\n<p><span style=\"color: #000000;\">Il est facile d'introduire une demande par l'interm\u00e9diaire de notre service ! Il vous suffit de cliquer sur \"Apply Now\", de remplir les informations n\u00e9cessaires et de nous laisser nous occuper du reste. Nous vous guiderons tout au long des \u00e9tapes de soumission des documents et de demande de visa afin de vous garantir une exp\u00e9rience sans tracas.<\/span><\/p>\n<p><span style=\"color: #000000;\"><strong>Traitement rapide, professionnel et abordable des demandes de visa<\/strong><\/span><\/p>\n<p><span style=\"color: #000000;\">Notre service est con\u00e7u pour les personnes qui ont besoin d'obtenir leur visa pour la Chine rapidement et efficacement. Nous accordons la priorit\u00e9 \u00e0 la rapidit\u00e9 et \u00e0 la pr\u00e9cision, en veillant \u00e0 ce que votre demande de visa soit trait\u00e9e sans retards inutiles. De plus, gr\u00e2ce \u00e0 nos tarifs n\u00e9gociables, vous pouvez trouver une solution adapt\u00e9e \u00e0 votre budget.<\/span><\/p>\n<p><span style=\"color: #000000;\"><strong>Cr\u00e9ation de documents et tarification n\u00e9gociable<\/strong><\/span><\/p>\n<p><span style=\"color: #000000;\">Il vous manque des documents essentiels ? Ne vous inqui\u00e9tez pas ! Nous pouvons cr\u00e9er tous les documents n\u00e9cessaires \u00e0 votre demande de visa. Qu'il s'agisse d'une preuve de r\u00e9sidence aux \u00c9tats-Unis ou d'une v\u00e9rification du passeport cor\u00e9en, nous sommes l\u00e0 pour vous aider. Les tarifs sont flexibles, alors n'h\u00e9sitez pas \u00e0 nous contacter par WhatsApp ou par e-mail pour n\u00e9gocier un tarif qui vous convienne.<\/span><\/p>\n<p><span style=\"color: #000000;\"><strong>Commencer maintenant<\/strong><\/span><\/p>\n<p><span style=\"color: #000000;\">Vous \u00eates pr\u00eat \u00e0 demander un visa chinois en tant que d\u00e9tenteur d'un passeport cor\u00e9en aux \u00c9tats-Unis ? Cliquez sur \"Apply Now\" et commencez votre processus de demande avec l'aide de nos experts.<\/span><\/p>","protected":false},"excerpt":{"rendered":"<p>&nbsp;<\/p>\n<p>Obtenez facilement et rapidement votre visa pour la Chine en tant que d\u00e9tenteur d'un passeport cor\u00e9en vivant aux \u00c9tats-Unis. Notre service simplifie le processus, en fournissant des conseils \u00e9tape par \u00e9tape et des prix n\u00e9gociables. Faites votre demande d\u00e8s maintenant et profitez d'un service rapide et fiable.<\/p>","protected":false},"featured_media":1714,"comment_status":"open","ping_status":"closed","template":"","meta":{"_eb_attr":"","site-sidebar-layout":"default","site-content-layout":"","ast-site-content-layout":"default","site-content-style":"default","site-sidebar-style":"default","ast-global-header-display":"","ast-banner-title-visibility":"","ast-main-header-display":"","ast-hfb-above-header-display":"","ast-hfb-below-header-display":"","ast-hfb-mobile-header-display":"","site-post-title":"","ast-breadcrumbs-content":"","ast-featured-img":"","footer-sml-layout":"","ast-disable-related-posts":"","theme-transparent-header-meta":"default","adv-header-id-meta":"","stick-header-meta":"","header-above-stick-meta":"","header-main-stick-meta":"","header-below-stick-meta":"","astra-migrate-meta-layouts":"set","ast-page-background-enabled":"default","ast-page-background-meta":{"desktop":{"background-color":"","background-image":"","background-repeat":"repeat","background-position":"center center","background-size":"auto","background-attachment":"scroll","background-type":"","background-media":"","overlay-type":"","overlay-color":"","overlay-opacity":"","overlay-gradient":""},"tablet":{"background-color":"","background-image":"","background-repeat":"repeat","background-position":"center center","background-size":"auto","background-attachment":"scroll","background-type":"","background-media":"","overlay-type":"","overlay-color":"","overlay-opacity":"","overlay-gradient":""},"mobile":{"background-color":"","background-image":"","background-repeat":"repeat","background-position":"center center","background-size":"auto","background-attachment":"scroll","background-type":"","background-media":"","overlay-type":"","overlay-color":"","overlay-opacity":"","overlay-gradient":""}},"ast-content-background-meta":{"desktop":{"background-color":"var(--ast-global-color-5)","background-image":"","background-repeat":"repeat","background-position":"center center","background-size":"auto","background-attachment":"scroll","background-type":"","background-media":"","overlay-type":"","overlay-color":"","overlay-opacity":"","overlay-gradient":""},"tablet":{"background-color":"var(--ast-global-color-5)","background-image":"","background-repeat":"repeat","background-position":"center center","background-size":"auto","background-attachment":"scroll","background-type":"","background-media":"","overlay-type":"","overlay-color":"","overlay-opacity":"","overlay-gradient":""},"mobile":{"background-color":"var(--ast-global-color-5)","background-image":"","background-repeat":"repeat","background-position":"center center","background-size":"auto","background-attachment":"scroll","background-type":"","background-media":"","overlay-type":"","overlay-color":"","overlay-opacity":"","overlay-gradient":""}}},"product_brand":[],"product_cat":[17,54,52],"product_tag":[],"class_list":{"0":"post-1712","1":"product","2":"type-product","3":"status-publish","4":"has-post-thumbnail","6":"product_cat-globaldocs","7":"product_cat-new-passport-applications","8":"product_cat-passport-services","9":"desktop-align-left","10":"tablet-align-left","11":"mobile-align-left","13":"first","14":"instock","15":"virtual","16":"purchasable","17":"product-type-simple"},"_links":{"self":[{"href":"https:\/\/globaldocs.store\/fr\/wp-json\/wp\/v2\/product\/1712","targetHints":{"allow":["GET"]}}],"collection":[{"href":"https:\/\/globaldocs.store\/fr\/wp-json\/wp\/v2\/product"}],"about":[{"href":"https:\/\/globaldocs.store\/fr\/wp-json\/wp\/v2\/types\/product"}],"replies":[{"embeddable":true,"href":"https:\/\/globaldocs.store\/fr\/wp-json\/wp\/v2\/comments?post=1712"}],"version-history":[{"count":2,"href":"https:\/\/globaldocs.store\/fr\/wp-json\/wp\/v2\/product\/1712\/revisions"}],"predecessor-version":[{"id":1715,"href":"https:\/\/globaldocs.store\/fr\/wp-json\/wp\/v2\/product\/1712\/revisions\/1715"}],"wp:featuredmedia":[{"embeddable":true,"href":"https:\/\/globaldocs.store\/fr\/wp-json\/wp\/v2\/media\/1714"}],"wp:attachment":[{"href":"https:\/\/globaldocs.store\/fr\/wp-json\/wp\/v2\/media?parent=1712"}],"wp:term":[{"taxonomy":"product_brand","embeddable":true,"href":"https:\/\/globaldocs.store\/fr\/wp-json\/wp\/v2\/product_brand?post=1712"},{"taxonomy":"product_cat","embeddable":true,"href":"https:\/\/globaldocs.store\/fr\/wp-json\/wp\/v2\/product_cat?post=1712"},{"taxonomy":"product_tag","embeddable":true,"href":"https:\/\/globaldocs.store\/fr\/wp-json\/wp\/v2\/product_tag?post=1712"}],"curies":[{"name":"wp","href":"https:\/\/api.w.org\/{rel}","templated":true}]}}