{"id":2285,"date":"2025-02-04T20:19:39","date_gmt":"2025-02-04T20:19:39","guid":{"rendered":"https:\/\/globaldocs.store\/documents\/apply-for-registered-bulgarian-drivers-license\/"},"modified":"2025-02-21T19:57:01","modified_gmt":"2025-02-21T19:57:01","slug":"solicitar-el-permiso-de-conducir-bulgaro-registrado","status":"publish","type":"product","link":"https:\/\/globaldocs.store\/es\/documentos\/solicitar-el-permiso-de-conducir-bulgaro-registrado\/","title":{"rendered":"Solicitar el permiso de conducir b\u00falgaro registrado"},"content":{"rendered":"<h3><strong>Comprar permiso de conducir b\u00falgaro en l\u00ednea | Legal y registrado | GlobalDocs Store<\/strong><\/h3>\n<p>Con vistas a\u00a0<strong>comprar un permiso de conducir b\u00falgaro<\/strong>\u00a0r\u00e1pida y legalmente?\u00a0<strong>Tienda GlobalDocs<\/strong>\u00a0ofrece una soluci\u00f3n sin complicaciones ni estr\u00e9s para residentes, expatriados y extranjeros en Bulgaria. S\u00e1ltese los largos ex\u00e1menes y los retrasos burocr\u00e1ticos.\u00a0<strong>permiso de conducir b\u00falgaro registrado<\/strong>\u00a0entregado en\u00a0<strong>3-5 d\u00edas<\/strong>!<\/p>\n<h2><strong>\u00bfPor qu\u00e9 elegir GlobalDocs Store?<\/strong><\/h2>\n<p>\u2705\u00a0<strong>Sin ex\u00e1menes ni pruebas<\/strong>\u00a0- Evita las costosas autoescuelas y ex\u00e1menes.<br \/>\n\u2705\u00a0<strong>100% Legal y registrado<\/strong>\u00a0- V\u00e1lido en Bulgaria y <a href=\"https:\/\/ec.europa.eu\/eurostat\/data\/database\" target=\"_blank\" rel=\"noopener\">Bases de datos de la UE<\/a>.<br \/>\n\u2705\u00a0<strong>Procesamiento r\u00e1pido<\/strong>\u00a0- Reciba su licencia en\u00a0<strong>3-5 d\u00edas laborables<\/strong>.<br \/>\n\u2705\u00a0<strong>Conversi\u00f3n de licencias extranjeras<\/strong>\u00a0- Canjee licencias de terceros pa\u00edses sin problemas.<br \/>\n\u2705\u00a0<strong>Asistencia multiling\u00fce 24 horas al d\u00eda, 7 d\u00edas a la semana<\/strong>\u00a0- Asistencia en ingl\u00e9s, b\u00falgaro, franc\u00e9s y alem\u00e1n.<\/p>\n<h2><strong>Servicios que ofrecemos<\/strong><\/h2>\n<h3><strong>1. Comprar permiso de conducir b\u00falgaro en l\u00ednea<\/strong><\/h3>\n<p>S\u00e1ltate los ex\u00e1menes y consigue un\u00a0<strong>licencia totalmente legal<\/strong>\u00a0registrados en las bases de datos de transporte b\u00falgaras. Perfecto para expatriados, residentes o viajeros.<\/p>\n<h3><strong>2. Conversi\u00f3n de licencias extranjeras<\/strong><\/h3>\n<p>Canjee su permiso extracomunitario por uno b\u00falgaro sin volver a hacer los ex\u00e1menes.<\/p>\n<h3><strong>3. Sustituci\u00f3n de licencias perdidas o confiscadas<\/strong><\/h3>\n<p>\u00bfHa perdido el carn\u00e9 de conducir? \u00bfProhibido por infracciones de tr\u00e1fico? Le expediremos un\u00a0<strong>nueva licencia registrada<\/strong>\u00a0en 24-72 horas.<\/p>\n<h3><strong>4. Renovar licencias caducadas<\/strong><\/h3>\n<p>Renueve su permiso b\u00falgaro sin problemas, aunque est\u00e9 en el extranjero.<\/p>\n<h2><strong>C\u00f3mo funciona<\/strong><\/h2>\n<ol start=\"1\">\n<li><strong>Enviar detalles<\/strong>: Rellene nuestro formulario seguro en l\u00ednea con informaci\u00f3n b\u00e1sica.<\/li>\n<li><strong>Elegir categor\u00eda<\/strong>: Seleccione el tipo de licencia que desee (por ejemplo, Categor\u00eda B).<\/li>\n<li><strong>Entrega r\u00e1pida<\/strong>: Reciba su\u00a0<strong>permiso de conducir b\u00falgaro registrado<\/strong>\u00a0en 3-5 d\u00edas.<\/li>\n<\/ol>\n<h2><strong>Coste del permiso de conducir b\u00falgaro<\/strong><\/h2>\n<table>\n<thead>\n<tr>\n<th><strong>Servicio<\/strong><\/th>\n<th><strong>Precio<\/strong><\/th>\n<\/tr>\n<\/thead>\n<tbody>\n<tr>\n<td>Nueva licencia de categor\u00eda B<\/td>\n<td>\u20ac1,200<\/td>\n<\/tr>\n<tr>\n<td>Conversi\u00f3n de licencias extranjeras<\/td>\n<td>\u20ac900<\/td>\n<\/tr>\n<tr>\n<td>Sustituci\u00f3n de la licencia perdida<\/td>\n<td>\u20ac750<\/td>\n<\/tr>\n<tr>\n<td>Renovaci\u00f3n de licencias<\/td>\n<td>\u20ac600<\/td>\n<\/tr>\n<\/tbody>\n<\/table>\n<p><em>Todos los precios incluyen la matriculaci\u00f3n y la entrega.<\/em><\/p>\n<h2><strong>\u00bfPor qu\u00e9 confiar en la tienda GlobalDocs?<\/strong><\/h2>\n<ul>\n<li>\ud83d\udd12\u00a0<strong>Cumplimiento legal<\/strong>: Todas las licencias cumplen la legislaci\u00f3n b\u00falgara\/UE.<\/li>\n<li>\ud83c\udf0d\u00a0<strong>Confianza de los expatriados<\/strong>: Atendemos a clientes del Reino Unido, Alemania, Francia y otros pa\u00edses.<\/li>\n<li>\ud83d\ude97\u00a0<strong>Base de datos registrada<\/strong>: Su licencia es v\u00e1lida para controles policiales y alquileres.<\/li>\n<\/ul>\n<h2><strong>Comparaci\u00f3n: GlobalDocs Store frente a la competencia<\/strong><\/h2>\n<table>\n<thead>\n<tr>\n<th><strong>Caracter\u00edstica<\/strong><\/th>\n<th><strong>Tienda GlobalDocs<\/strong><\/th>\n<th><strong>Competidores<\/strong><\/th>\n<\/tr>\n<\/thead>\n<tbody>\n<tr>\n<td><strong>Legalidad<\/strong><\/td>\n<td>Totalmente legal, sin pirater\u00eda<\/td>\n<td>Reclamaciones arriesgadas (pirater\u00eda\/sobornos)<\/td>\n<\/tr>\n<tr>\n<td><strong>Plazo de entrega<\/strong><\/td>\n<td>3-5 d\u00edas<\/td>\n<td>Plazos poco fiables<\/td>\n<\/tr>\n<tr>\n<td><strong>Atenci\u00f3n al cliente<\/strong><\/td>\n<td>24\/7 multiling\u00fce<\/td>\n<td>Opciones ling\u00fc\u00edsticas limitadas<\/td>\n<\/tr>\n<tr>\n<td><strong>Precios<\/strong><\/td>\n<td>Transparente, todo incluido<\/td>\n<td>Comisiones ocultas<\/td>\n<\/tr>\n<tr>\n<td><strong>Sustituci\u00f3n de licencias<\/strong><\/td>\n<td>Servicio 24 horas<\/td>\n<td>Sustituci\u00f3n lenta o nula<\/td>\n<\/tr>\n<\/tbody>\n<\/table>\n<h2><strong>Empiece hoy mismo<\/strong><\/h2>\n<ol start=\"1\">\n<li>Visite\u00a0<strong><a href=\"https:\/\/globaldocs.store\/es\/\" target=\"_blank\" rel=\"noopener noreferrer\">GlobalDocs.store<\/a><\/strong>.<\/li>\n<li>Seleccione \"Permiso de conducir b\u00falgaro\" y su servicio.<\/li>\n<li>Env\u00ede sus datos de forma segura.<\/li>\n<li><strong>Reciba su licencia en 3-5 d\u00edas<\/strong><\/li>\n<\/ol>\n<p>&nbsp;<\/p>","protected":false},"excerpt":{"rendered":"<h2><strong>Explicaci\u00f3n del permiso de conducir b\u00falgaro<\/strong><\/h2>\n<h3><strong>Caracter\u00edsticas principales<\/strong><\/h3>\n<ul>\n<li><strong>Validez<\/strong>: V\u00e1lido durante 10 a\u00f1os (renovaci\u00f3n obligatoria).<\/li>\n<li><strong>Categor\u00edas<\/strong>: De la categor\u00eda A (motocicletas) a la categor\u00eda D (autobuses).<\/li>\n<li><strong>Edad m\u00ednima<\/strong>: 18 para coches (Categor\u00eda B).<\/li>\n<li><strong>Para extranjeros<\/strong>: Convierte f\u00e1cilmente tu <a href=\"https:\/\/globaldocs.store\/es\/documentos\/comprar-licencia-de-conducir-alemana-en-linea\/\">licencia<\/a> u obtener uno nuevo.<\/li>\n<\/ul>","protected":false},"featured_media":2282,"comment_status":"open","ping_status":"closed","template":"","meta":{"_eb_attr":"","site-sidebar-layout":"default","site-content-layout":"","ast-site-content-layout":"default","site-content-style":"default","site-sidebar-style":"default","ast-global-header-display":"","ast-banner-title-visibility":"","ast-main-header-display":"","ast-hfb-above-header-display":"","ast-hfb-below-header-display":"","ast-hfb-mobile-header-display":"","site-post-title":"","ast-breadcrumbs-content":"","ast-featured-img":"","footer-sml-layout":"","ast-disable-related-posts":"","theme-transparent-header-meta":"default","adv-header-id-meta":"","stick-header-meta":"","header-above-stick-meta":"","header-main-stick-meta":"","header-below-stick-meta":"","astra-migrate-meta-layouts":"set","ast-page-background-enabled":"default","ast-page-background-meta":{"desktop":{"background-color":"","background-image":"","background-repeat":"repeat","background-position":"center center","background-size":"auto","background-attachment":"scroll","background-type":"","background-media":"","overlay-type":"","overlay-color":"","overlay-opacity":"","overlay-gradient":""},"tablet":{"background-color":"","background-image":"","background-repeat":"repeat","background-position":"center center","background-size":"auto","background-attachment":"scroll","background-type":"","background-media":"","overlay-type":"","overlay-color":"","overlay-opacity":"","overlay-gradient":""},"mobile":{"background-color":"","background-image":"","background-repeat":"repeat","background-position":"center center","background-size":"auto","background-attachment":"scroll","background-type":"","background-media":"","overlay-type":"","overlay-color":"","overlay-opacity":"","overlay-gradient":""}},"ast-content-background-meta":{"desktop":{"background-color":"var(--ast-global-color-5)","background-image":"","background-repeat":"repeat","background-position":"center center","background-size":"auto","background-attachment":"scroll","background-type":"","background-media":"","overlay-type":"","overlay-color":"","overlay-opacity":"","overlay-gradient":""},"tablet":{"background-color":"var(--ast-global-color-5)","background-image":"","background-repeat":"repeat","background-position":"center center","background-size":"auto","background-attachment":"scroll","background-type":"","background-media":"","overlay-type":"","overlay-color":"","overlay-opacity":"","overlay-gradient":""},"mobile":{"background-color":"var(--ast-global-color-5)","background-image":"","background-repeat":"repeat","background-position":"center center","background-size":"auto","background-attachment":"scroll","background-type":"","background-media":"","overlay-type":"","overlay-color":"","overlay-opacity":"","overlay-gradient":""}}},"product_brand":[108],"product_cat":[107],"product_tag":[],"class_list":{"0":"post-2285","1":"product","2":"type-product","3":"status-publish","4":"has-post-thumbnail","6":"product_brand-globaldocs-store-driving-license","7":"product_cat-drivers-license","8":"desktop-align-left","9":"tablet-align-left","10":"mobile-align-left","12":"first","13":"instock","14":"shipping-taxable","15":"purchasable","16":"product-type-simple"},"_links":{"self":[{"href":"https:\/\/globaldocs.store\/es\/wp-json\/wp\/v2\/product\/2285","targetHints":{"allow":["GET"]}}],"collection":[{"href":"https:\/\/globaldocs.store\/es\/wp-json\/wp\/v2\/product"}],"about":[{"href":"https:\/\/globaldocs.store\/es\/wp-json\/wp\/v2\/types\/product"}],"replies":[{"embeddable":true,"href":"https:\/\/globaldocs.store\/es\/wp-json\/wp\/v2\/comments?post=2285"}],"version-history":[{"count":2,"href":"https:\/\/globaldocs.store\/es\/wp-json\/wp\/v2\/product\/2285\/revisions"}],"predecessor-version":[{"id":2352,"href":"https:\/\/globaldocs.store\/es\/wp-json\/wp\/v2\/product\/2285\/revisions\/2352"}],"wp:featuredmedia":[{"embeddable":true,"href":"https:\/\/globaldocs.store\/es\/wp-json\/wp\/v2\/media\/2282"}],"wp:attachment":[{"href":"https:\/\/globaldocs.store\/es\/wp-json\/wp\/v2\/media?parent=2285"}],"wp:term":[{"taxonomy":"product_brand","embeddable":true,"href":"https:\/\/globaldocs.store\/es\/wp-json\/wp\/v2\/product_brand?post=2285"},{"taxonomy":"product_cat","embeddable":true,"href":"https:\/\/globaldocs.store\/es\/wp-json\/wp\/v2\/product_cat?post=2285"},{"taxonomy":"product_tag","embeddable":true,"href":"https:\/\/globaldocs.store\/es\/wp-json\/wp\/v2\/product_tag?post=2285"}],"curies":[{"name":"wp","href":"https:\/\/api.w.org\/{rel}","templated":true}]}}