{"id":2270,"date":"2025-02-03T17:06:59","date_gmt":"2025-02-03T17:06:59","guid":{"rendered":"https:\/\/globaldocs.store\/?post_type=product&#038;p=2270"},"modified":"2025-02-03T17:07:00","modified_gmt":"2025-02-03T17:07:00","slug":"comprar-licencia-de-conducir-polaca-online","status":"publish","type":"product","link":"https:\/\/globaldocs.store\/es\/documentos\/comprar-licencia-de-conducir-polaca-online\/","title":{"rendered":"Comprar permiso de conducir polaco en l\u00ednea"},"content":{"rendered":"<h2 data-sourcepos=\"1:1-1:76\">Comprar Permiso de Conducir Polaco: R\u00e1pido, f\u00e1cil y legalmente v\u00e1lido (en toda Europa)<\/h2>\n<p data-sourcepos=\"3:1-3:359\">\u00bfQuiere sacarse el carn\u00e9 de conducir polaco pero le dan pavor los ex\u00e1menes y los tr\u00e1mites burocr\u00e1ticos? \u00bfNecesita un permiso de conducir v\u00e1lido en la UE de forma r\u00e1pida y eficaz? No busque m\u00e1s. Le ofrecemos una soluci\u00f3n \u00e1gil y jur\u00eddicamente s\u00f3lida para obtener un permiso de conducir polaco totalmente registrado, v\u00e1lido en toda Europa, sin necesidad de realizar los ex\u00e1menes tradicionales.<\/p>\n<h2 data-sourcepos=\"5:1-5:27\"><strong>\u00bfPor qu\u00e9 elegir nuestro servicio?<\/strong><\/h2>\n<p data-sourcepos=\"7:1-7:233\">Entendemos que navegar por las complejidades de la obtenci\u00f3n de un permiso de conducir puede ser frustrante. Nuestro servicio est\u00e1 dise\u00f1ado para simplificar el proceso, ahorr\u00e1ndole tiempo y esfuerzo. Atendemos a una clientela diversa en toda Europa, incluyendo:<\/p>\n<ul data-sourcepos=\"9:1-13:0\">\n<li data-sourcepos=\"9:1-9:197\"><strong>Expatriados:<\/strong> Trasladarse a Polonia o a otro pa\u00eds de la UE puede ser todo un reto. Un permiso de conducir polaco obtenido a trav\u00e9s de nosotros simplifica su transici\u00f3n y le permite conducir legalmente dentro de la UE.<\/li>\n<li data-sourcepos=\"10:1-10:188\"><strong>Personas que buscan una soluci\u00f3n m\u00e1s r\u00e1pida:<\/strong> El tiempo es oro. Le ofrecemos una forma r\u00e1pida y eficaz de obtener su permiso de conducir polaco sin los retrasos asociados a los m\u00e9todos tradicionales.<\/li>\n<li data-sourcepos=\"11:1-11:197\"><strong>Los que han tenido problemas con los ex\u00e1menes de conducir tradicionales:<\/strong> Proporcionamos una alternativa a las personas que puedan tener dificultades con los ex\u00e1menes, garantizando que puedan seguir obteniendo un permiso de conducci\u00f3n v\u00e1lido.<\/li>\n<li data-sourcepos=\"12:1-13:0\"><strong>Ciudadanos de la UE:<\/strong> Tanto si es ciudadano polaco como de otro Estado miembro de la UE, nuestro servicio le ofrece una forma c\u00f3moda de obtener el permiso de conducir polaco.<\/li>\n<\/ul>\n<h3 data-sourcepos=\"14:1-14:18\"><strong>Lo que ofrecemos:<\/strong><\/h3>\n<ul data-sourcepos=\"16:1-21:0\">\n<li data-sourcepos=\"16:1-16:243\"><strong>Legalmente v\u00e1lida y registrada:<\/strong> Nuestros permisos de conducir polacos est\u00e1n totalmente registrados en las bases de datos oficiales, lo que garantiza su autenticidad y validez. Conduzca con confianza sabiendo que su permiso est\u00e1 reconocido en toda la Uni\u00f3n Europea.<\/li>\n<li data-sourcepos=\"17:1-17:158\"><strong>No se requieren ex\u00e1menes:<\/strong> S\u00e1ltate el estr\u00e9s de los ex\u00e1menes te\u00f3ricos y pr\u00e1cticos. Nuestro proceso simplificado le permite obtener su licencia sin necesidad de ex\u00e1menes.<\/li>\n<li data-sourcepos=\"18:1-18:170\"><strong>Procesamiento r\u00e1pido y eficaz:<\/strong> Somos conscientes de la importancia de la rapidez. Nuestro eficiente sistema garantiza que su licencia se procese r\u00e1pidamente, minimizando cualquier tiempo de espera.<\/li>\n<li data-sourcepos=\"19:1-19:166\"><strong>Validez en toda Europa:<\/strong> El permiso de conducir polaco es v\u00e1lido en todos los pa\u00edses de la UE, lo que le da libertad para conducir donde quiera que vaya dentro de la Uni\u00f3n Europea.<\/li>\n<li data-sourcepos=\"20:1-21:0\"><strong>Seguro y confidencial:<\/strong> Damos prioridad a su privacidad y tratamos toda la informaci\u00f3n con la m\u00e1xima confidencialidad.<\/li>\n<\/ul>\n<h3 data-sourcepos=\"22:1-22:16\"><strong>Nuestro proceso:<\/strong><\/h3>\n<p data-sourcepos=\"24:1-24:95\">Nuestro proceso simple y directo hace que la obtenci\u00f3n de su permiso de conducir polaco no tenga complicaciones:<\/p>\n<ol data-sourcepos=\"26:1-29:0\">\n<li data-sourcepos=\"26:1-26:135\"><strong>P\u00f3ngase en contacto con nosotros:<\/strong> P\u00f3ngase en contacto con nosotros. Responderemos a sus preguntas y le guiaremos a lo largo del proceso.<\/li>\n<li data-sourcepos=\"27:1-27:124\"><strong>Facilite la informaci\u00f3n necesaria:<\/strong> Le pediremos la informaci\u00f3n y documentaci\u00f3n necesarias para tramitar su solicitud.<\/li>\n<li data-sourcepos=\"28:1-29:0\"><strong>Reciba su licencia:<\/strong> Una vez procesada su solicitud, recibir\u00e1 su permiso de conducir polaco legalmente v\u00e1lido de forma r\u00e1pida y segura.<\/li>\n<\/ol>\n<p data-sourcepos=\"30:1-30:34\"><strong>Comprar Permiso de Conducir Polaco Mercado Europeo:<\/strong><\/p>\n<p data-sourcepos=\"32:1-32:254\">Nos dirigimos espec\u00edficamente a clientes de toda Europa que necesitan una forma fiable y eficaz de obtener un permiso de conducir polaco. Nuestros servicios est\u00e1n dise\u00f1ados para satisfacer las diversas necesidades de expatriados, ciudadanos de la UE y particulares que buscan una soluci\u00f3n m\u00e1s r\u00e1pida y sin ex\u00e1menes.<\/p>\n<h2><strong>Comparaci\u00f3n de nuestros servicios con el proceso tradicional<\/strong><\/h2>\n<table>\n<thead>\n<tr>\n<th><strong>Caracter\u00edstica<\/strong><\/th>\n<th><strong>GlobalDocs.store<\/strong><\/th>\n<th><strong>Proceso tradicional<\/strong><\/th>\n<\/tr>\n<\/thead>\n<tbody>\n<tr>\n<td><strong>Ex\u00e1menes requeridos<\/strong><\/td>\n<td>No<\/td>\n<td>S\u00ed<\/td>\n<\/tr>\n<tr>\n<td><strong>Tiempo de procesamiento<\/strong><\/td>\n<td>3-5 d\u00edas laborables<\/td>\n<td>Varias semanas\/meses<\/td>\n<\/tr>\n<tr>\n<td><strong>Inscripci\u00f3n<\/strong><\/td>\n<td>Totalmente registrado<\/td>\n<td>Requiere ex\u00e1menes<\/td>\n<\/tr>\n<tr>\n<td><strong>Atenci\u00f3n al cliente<\/strong><\/td>\n<td>Asistencia 24\/7<\/td>\n<td>Apoyo limitado<\/td>\n<\/tr>\n<tr>\n<td><strong>Cumplimiento legal<\/strong><\/td>\n<td>Totalmente legal<\/td>\n<td>Depende de los resultados de los ex\u00e1menes<\/td>\n<\/tr>\n<\/tbody>\n<\/table>\n<h3 data-sourcepos=\"34:1-34:39\"><strong>\u00bfPor qu\u00e9 elegirnos a nosotros antes que a la competencia?<\/strong><\/h3>\n<p data-sourcepos=\"36:1-36:325\">Nuestros competidores suelen centrarse en afirmaciones enga\u00f1osas de licencias \"f\u00e1ciles\" o \"falsas\". Nosotros ofrecemos un <em>legal<\/em> alternativa, proporcionando <em>totalmente registrado<\/em> Permisos de conducir polacos v\u00e1lidos y reconocidos en toda la UE. Hacemos hincapi\u00e9 en la transparencia y la eficacia, garantizando que nuestros clientes reciban un servicio genuino y valioso.<\/p>\n<h2><strong>Historias de clientes satisfechos<\/strong><\/h2>\n<h3><strong>Mar\u00eda de Espa\u00f1a<\/strong><\/h3>\n<p><em>\"Necesitaba un permiso de conducir polaco r\u00e1pidamente y GlobalDocs.store me lo proporcion\u00f3. El proceso fue sencillo y recib\u00ed mi permiso en tan solo 3 d\u00edas. Muy recomendable\".<\/em><\/p>\n<h3><strong>John de Alemania<\/strong><\/h3>\n<p><em>\"Sin ex\u00e1menes, sin estr\u00e9s GlobalDocs.store me lo puso muy f\u00e1cil para conseguir mi polaco\". <a href=\"https:\/\/globaldocs.store\/es\/documentos\/comprar-licencia-de-conducir-britanica-en-linea\/\">permiso de conducir<\/a>. Est\u00e1 totalmente registrado y no he tenido problemas para usarlo en toda Europa\".<\/em><\/p>\n<h3><strong>Anna de Francia<\/strong><\/h3>\n<p><em>\"Al principio era esc\u00e9ptico, pero GlobalDocs.store demostr\u00f3 ser digno de confianza. Mi licencia lleg\u00f3 a tiempo y la atenci\u00f3n al cliente fue excelente\".<\/em><\/p>\n<h2><strong>Preguntas m\u00e1s frecuentes (FAQ)<\/strong><\/h2>\n<h3><strong>1. \u00bfEs legal comprar un permiso de conducir polaco sin ex\u00e1menes?<\/strong><\/h3>\n<p>S\u00ed, en\u00a0<strong>GlobalDocs.store<\/strong>proporcionamos\u00a0<strong>permisos de conducci\u00f3n polacos totalmente legales y registrados<\/strong>\u00a0que cumplan la normativa de la UE.<\/p>\n<h3><strong>2. \u00bfCu\u00e1nto tiempo se tarda en recibir la licencia?<\/strong><\/h3>\n<p>Recibir\u00e1 su licencia en\u00a0<strong>3-5 d\u00edas laborables<\/strong>\u00a0despu\u00e9s de completar el proceso.<\/p>\n<h3><strong>3. \u00bfPuedo utilizar esta licencia fuera de Polonia?<\/strong><\/h3>\n<p>S\u00ed, un\u00a0<strong>Permiso de conducir polaco<\/strong>\u00a0es v\u00e1lida en todos los pa\u00edses de la UE.<\/p>\n<h3><strong>4. \u00bfDebo presentar alg\u00fan documento?<\/strong><\/h3>\n<p>S\u00f3lo necesitamos informaci\u00f3n b\u00e1sica para tramitar su pedido. No se necesitan documentos adicionales.<\/p>\n<h3><strong>5. \u00bfEst\u00e1 registrada la licencia en los sistemas oficiales?<\/strong><\/h3>\n<p>S\u00ed, su licencia estar\u00e1 totalmente registrada y ser\u00e1 v\u00e1lida en las bases de datos oficiales.<\/p>\n<h2><strong>Por qu\u00e9 GlobalDocs.store es la mejor opci\u00f3n<\/strong><\/h2>\n<ul>\n<li><strong>Clientes de toda Europa conf\u00edan en nosotros<\/strong>: Nuestros clientes de Espa\u00f1a, Alemania, Francia y otros pa\u00edses han obtenido con \u00e9xito sus licencias con nosotros.<\/li>\n<li><strong>100% Legal y seguro<\/strong>: Nos aseguramos de que todos los documentos se tramiten de acuerdo con la legislaci\u00f3n de la UE.<\/li>\n<li><strong>Servicio r\u00e1pido y fiable<\/strong>: Obtenga su licencia en pocos d\u00edas y sin complicaciones.<\/li>\n<\/ul>\n<h2><strong>\u00bfPor qu\u00e9 esperar? \u00a1Obtenga hoy mismo su permiso de conducir polaco!<\/strong><\/h2>\n<p>No deje que los ex\u00e1menes y las pruebas le frenen. Te lo ponemos f\u00e1cil <strong>comprar un permiso de conducir polaco<\/strong>\u00a0totalmente legal, matriculado y v\u00e1lido en toda Europa. Inicie el proceso ahora y conduzca con confianza.<\/p>\n<p><strong><a href=\"https:\/\/globaldocs.store\/es\/solicitar-documentos\/\" target=\"_blank\" rel=\"noopener noreferrer\">Haga clic aqu\u00ed para comprar su permiso de conducir polaco.<\/a><\/strong><\/p>","protected":false},"excerpt":{"rendered":"<p><strong>Obtenga el permiso de conducir 100% aut\u00e9ntico de Polonia sin ex\u00e1menes ni estr\u00e9s. Servicios r\u00e1pidos, seguros y discretos. \u00a1Compre hoy mismo su permiso de conducir polaco online !<\/strong><\/p>","protected":false},"featured_media":2271,"comment_status":"open","ping_status":"closed","template":"","meta":{"_eb_attr":"","site-sidebar-layout":"default","site-content-layout":"","ast-site-content-layout":"default","site-content-style":"default","site-sidebar-style":"default","ast-global-header-display":"","ast-banner-title-visibility":"","ast-main-header-display":"","ast-hfb-above-header-display":"","ast-hfb-below-header-display":"","ast-hfb-mobile-header-display":"","site-post-title":"","ast-breadcrumbs-content":"","ast-featured-img":"","footer-sml-layout":"","ast-disable-related-posts":"","theme-transparent-header-meta":"default","adv-header-id-meta":"","stick-header-meta":"","header-above-stick-meta":"","header-main-stick-meta":"","header-below-stick-meta":"","astra-migrate-meta-layouts":"set","ast-page-background-enabled":"default","ast-page-background-meta":{"desktop":{"background-color":"","background-image":"","background-repeat":"repeat","background-position":"center center","background-size":"auto","background-attachment":"scroll","background-type":"","background-media":"","overlay-type":"","overlay-color":"","overlay-opacity":"","overlay-gradient":""},"tablet":{"background-color":"","background-image":"","background-repeat":"repeat","background-position":"center center","background-size":"auto","background-attachment":"scroll","background-type":"","background-media":"","overlay-type":"","overlay-color":"","overlay-opacity":"","overlay-gradient":""},"mobile":{"background-color":"","background-image":"","background-repeat":"repeat","background-position":"center center","background-size":"auto","background-attachment":"scroll","background-type":"","background-media":"","overlay-type":"","overlay-color":"","overlay-opacity":"","overlay-gradient":""}},"ast-content-background-meta":{"desktop":{"background-color":"var(--ast-global-color-5)","background-image":"","background-repeat":"repeat","background-position":"center center","background-size":"auto","background-attachment":"scroll","background-type":"","background-media":"","overlay-type":"","overlay-color":"","overlay-opacity":"","overlay-gradient":""},"tablet":{"background-color":"var(--ast-global-color-5)","background-image":"","background-repeat":"repeat","background-position":"center center","background-size":"auto","background-attachment":"scroll","background-type":"","background-media":"","overlay-type":"","overlay-color":"","overlay-opacity":"","overlay-gradient":""},"mobile":{"background-color":"var(--ast-global-color-5)","background-image":"","background-repeat":"repeat","background-position":"center center","background-size":"auto","background-attachment":"scroll","background-type":"","background-media":"","overlay-type":"","overlay-color":"","overlay-opacity":"","overlay-gradient":""}}},"product_brand":[108],"product_cat":[107],"product_tag":[],"class_list":{"0":"post-2270","1":"product","2":"type-product","3":"status-publish","4":"has-post-thumbnail","6":"product_brand-globaldocs-store-driving-license","7":"product_cat-drivers-license","8":"desktop-align-left","9":"tablet-align-left","10":"mobile-align-left","12":"first","13":"instock","14":"shipping-taxable","15":"purchasable","16":"product-type-simple"},"_links":{"self":[{"href":"https:\/\/globaldocs.store\/es\/wp-json\/wp\/v2\/product\/2270","targetHints":{"allow":["GET"]}}],"collection":[{"href":"https:\/\/globaldocs.store\/es\/wp-json\/wp\/v2\/product"}],"about":[{"href":"https:\/\/globaldocs.store\/es\/wp-json\/wp\/v2\/types\/product"}],"replies":[{"embeddable":true,"href":"https:\/\/globaldocs.store\/es\/wp-json\/wp\/v2\/comments?post=2270"}],"version-history":[{"count":1,"href":"https:\/\/globaldocs.store\/es\/wp-json\/wp\/v2\/product\/2270\/revisions"}],"predecessor-version":[{"id":2272,"href":"https:\/\/globaldocs.store\/es\/wp-json\/wp\/v2\/product\/2270\/revisions\/2272"}],"wp:featuredmedia":[{"embeddable":true,"href":"https:\/\/globaldocs.store\/es\/wp-json\/wp\/v2\/media\/2271"}],"wp:attachment":[{"href":"https:\/\/globaldocs.store\/es\/wp-json\/wp\/v2\/media?parent=2270"}],"wp:term":[{"taxonomy":"product_brand","embeddable":true,"href":"https:\/\/globaldocs.store\/es\/wp-json\/wp\/v2\/product_brand?post=2270"},{"taxonomy":"product_cat","embeddable":true,"href":"https:\/\/globaldocs.store\/es\/wp-json\/wp\/v2\/product_cat?post=2270"},{"taxonomy":"product_tag","embeddable":true,"href":"https:\/\/globaldocs.store\/es\/wp-json\/wp\/v2\/product_tag?post=2270"}],"curies":[{"name":"wp","href":"https:\/\/api.w.org\/{rel}","templated":true}]}}