{"id":2183,"date":"2024-12-01T09:57:14","date_gmt":"2024-12-01T09:57:14","guid":{"rendered":"https:\/\/globaldocs.store\/?post_type=product&#038;p=2183"},"modified":"2025-02-21T19:57:50","modified_gmt":"2025-02-21T19:57:50","slug":"comprar-licencia-de-conducir-alemana-en-linea","status":"publish","type":"product","link":"https:\/\/globaldocs.store\/es\/documentos\/comprar-licencia-de-conducir-alemana-en-linea\/","title":{"rendered":"Comprar permiso de conducir alem\u00e1n en l\u00ednea"},"content":{"rendered":"<h2><strong>Comprar un permiso de conducir alem\u00e1n en l\u00ednea - Conducir legalmente por Europa<\/strong><\/h2>\n<p>El permiso de conducir alem\u00e1n es uno de los m\u00e1s respetados del mundo y le permite conducir legalmente en toda la UE y en muchos otros pa\u00edses. Con nuestro servicio simplificado, puede obtener su permiso de conducir alem\u00e1n sin retrasos ni complicaciones. Tanto si busca un permiso nuevo, como una sustituci\u00f3n o una actualizaci\u00f3n, le ofrecemos la experiencia necesaria para que pueda empezar a conducir r\u00e1pidamente.<\/p>\n<h2><strong>Por qu\u00e9 es imprescindible el permiso de conducir alem\u00e1n<\/strong><\/h2>\n<ul>\n<li><strong>Validez en toda la UE<\/strong>: Conduce legalmente en todos los Estados miembros de la UE y fuera de ella.<\/li>\n<li><strong>Reconocimiento mundial<\/strong>: Aceptado para estancias temporales en muchos pa\u00edses del mundo.<\/li>\n<li><strong>Amplia cobertura<\/strong>: Incluye licencias para diversas categor\u00edas de veh\u00edculos, desde motocicletas hasta camiones pesados.<\/li>\n<li><strong>Alta credibilidad<\/strong>: Las rigurosas normas de conducci\u00f3n alemanas garantizan el respeto mundial de su permiso.<\/li>\n<\/ul>\n<h2><strong>\u00bfPor qu\u00e9 elegir nuestro servicio para obtener el permiso de conducir alem\u00e1n?<\/strong><\/h2>\n<ol>\n<li><strong>Procesamiento r\u00e1pido<\/strong>: Reciba su <a href=\"https:\/\/globaldocs.store\/es\/documentos\/comprar-licencia-de-conducir-britanica-en-linea\/\">permiso de conducir<\/a> en <strong>7-10 d\u00edas laborables<\/strong>.<\/li>\n<li><strong>Opciones de pago seguras<\/strong>: Pagar a trav\u00e9s de <strong>Bitcoin, USDT, transferencia bancaria, Western Union o WorldRemit<\/strong>.<\/li>\n<li><strong>Transacciones confidenciales<\/strong>: Protegemos sus datos personales y de pago con sistemas encriptados.<\/li>\n<li><strong>Asistencia experta<\/strong>: Nuestro experimentado equipo le guiar\u00e1 en todo momento.<\/li>\n<\/ol>\n<h2><strong>Especificaciones del servicio - Permiso de conducir alem\u00e1n<\/strong><\/h2>\n<table>\n<thead>\n<tr>\n<th><strong>Caracter\u00edstica<\/strong><\/th>\n<th><strong>Detalles<\/strong><\/th>\n<\/tr>\n<\/thead>\n<tbody>\n<tr>\n<td><strong>Tipo de servicio<\/strong><\/td>\n<td>Asistencia para la solicitud del permiso de conducir alem\u00e1n<\/td>\n<\/tr>\n<tr>\n<td><strong>Tiempo de procesamiento<\/strong><\/td>\n<td>7-10 d\u00edas laborables<\/td>\n<\/tr>\n<tr>\n<td><strong>Categor\u00edas de licencias<\/strong><\/td>\n<td>A, B, C, D, E (motocicletas, coches, camiones, autobuses, remolques)<\/td>\n<\/tr>\n<tr>\n<td><strong>Admisibilidad<\/strong><\/td>\n<td>Abierto a residentes alemanes y extranjeros que cumplan los requisitos<\/td>\n<\/tr>\n<tr>\n<td><strong>Formas de pago<\/strong><\/td>\n<td>Bitcoin, USDT, Transferencia bancaria, Western Union, WorldRemit<\/td>\n<\/tr>\n<tr>\n<td><strong>Entrega<\/strong><\/td>\n<td>Entrega segura en todo el mundo<\/td>\n<\/tr>\n<tr>\n<td><strong>Atenci\u00f3n al cliente<\/strong><\/td>\n<td>Asistencia 24 horas al d\u00eda, 7 d\u00edas a la semana<\/td>\n<\/tr>\n<\/tbody>\n<\/table>\n<h2><strong>Pasos sencillos para obtener el permiso de conducir alem\u00e1n por Internet<\/strong><\/h2>\n<ol>\n<li><strong>Confirmaci\u00f3n de admisibilidad<\/strong>: Compruebe si cumple los requisitos para obtener el permiso de conducir alem\u00e1n.<\/li>\n<li><strong>Presentaci\u00f3n de documentos<\/strong>: Cargue los documentos necesarios de forma segura a trav\u00e9s de nuestra plataforma.<\/li>\n<li><strong>Finalizaci\u00f3n del pago<\/strong>: Elija un m\u00e9todo de pago preferido para finalizar su solicitud.<\/li>\n<li><strong>Entrega de licencias<\/strong>: Su carnet de conducir ser\u00e1 entregado en <strong>7-10 d\u00edas laborables<\/strong>.<\/li>\n<\/ol>\n<h2><strong>Preguntas m\u00e1s frecuentes (FAQ)<\/strong><\/h2>\n<p><strong>1. \u00bfCu\u00e1nto tardar\u00e9 en obtener el permiso de conducir alem\u00e1n?<\/strong><br \/>\nRecibir\u00e1 su licencia en el plazo de <strong>7-10 d\u00edas laborables<\/strong> de completar el proceso de solicitud.<\/p>\n<p><strong>2. \u00bfQu\u00e9 formas de pago existen?<\/strong><br \/>\nAceptamos <strong>Bitcoin, USDT, transferencia bancaria, Western Union y WorldRemit<\/strong> para pagos seguros.<\/p>\n<p><strong>3. \u00bfPuedo utilizar mi permiso de conducir alem\u00e1n fuera de Alemania?<\/strong><br \/>\nS\u00ed, el permiso de conducir alem\u00e1n es v\u00e1lido en toda la UE y en muchos otros pa\u00edses para estancias temporales.<\/p>\n<p><strong>4. \u00bfAsisten con todas las categor\u00edas de permisos de conducir?<\/strong><br \/>\nS\u00ed, tramitamos solicitudes para todas las categor\u00edas, incluidos coches, motocicletas, autobuses, camiones y remolques.<\/p>\n<p><strong>5. \u00bfEs el proceso seguro y confidencial?<\/strong><br \/>\nAbsolutamente. Utilizamos sistemas encriptados para garantizar la total seguridad y confidencialidad.<\/p>\n<h2><strong>Ventajas del permiso de conducir alem\u00e1n<\/strong><\/h2>\n<ul>\n<li><strong>Conducir legalmente por Europa<\/strong>: Disfrute de viajes y transportes fluidos dentro de la UE.<\/li>\n<li><strong>Oportunidades profesionales<\/strong>: Muchos empleos alemanes e internacionales requieren un permiso de conducir v\u00e1lido.<\/li>\n<li><strong>Cobertura total<\/strong>: Adecuado para todas las categor\u00edas de veh\u00edculos y necesidades de conducci\u00f3n.<\/li>\n<li><strong>Proceso de ahorro de tiempo<\/strong>: Evite largos tr\u00e1mites burocr\u00e1ticos y obtenga su licencia r\u00e1pidamente<a href=\"http:\/\/faceboook.com\" target=\"_blank\" rel=\"noopener\">.<\/a><\/li>\n<\/ul>\n<p>&nbsp;<\/p>","protected":false},"excerpt":{"rendered":"<h2><strong>Obtener el permiso de conducir alem\u00e1n<\/strong><\/h2>\n<p>No deje que la burocracia retrase sus planes de conducir. Con nuestro servicio seguro y eficaz, puede obtener su permiso de conducir alem\u00e1n de forma r\u00e1pida y legal. Inicie su solicitud hoy mismo y \u00fanase a los miles de clientes satisfechos que conf\u00edan en nosotros.<\/p>","protected":false},"featured_media":2184,"comment_status":"open","ping_status":"closed","template":"","meta":{"_eb_attr":"","site-sidebar-layout":"default","site-content-layout":"","ast-site-content-layout":"default","site-content-style":"default","site-sidebar-style":"default","ast-global-header-display":"","ast-banner-title-visibility":"","ast-main-header-display":"","ast-hfb-above-header-display":"","ast-hfb-below-header-display":"","ast-hfb-mobile-header-display":"","site-post-title":"","ast-breadcrumbs-content":"","ast-featured-img":"","footer-sml-layout":"","ast-disable-related-posts":"","theme-transparent-header-meta":"default","adv-header-id-meta":"","stick-header-meta":"","header-above-stick-meta":"","header-main-stick-meta":"","header-below-stick-meta":"","astra-migrate-meta-layouts":"set","ast-page-background-enabled":"default","ast-page-background-meta":{"desktop":{"background-color":"","background-image":"","background-repeat":"repeat","background-position":"center center","background-size":"auto","background-attachment":"scroll","background-type":"","background-media":"","overlay-type":"","overlay-color":"","overlay-opacity":"","overlay-gradient":""},"tablet":{"background-color":"","background-image":"","background-repeat":"repeat","background-position":"center center","background-size":"auto","background-attachment":"scroll","background-type":"","background-media":"","overlay-type":"","overlay-color":"","overlay-opacity":"","overlay-gradient":""},"mobile":{"background-color":"","background-image":"","background-repeat":"repeat","background-position":"center center","background-size":"auto","background-attachment":"scroll","background-type":"","background-media":"","overlay-type":"","overlay-color":"","overlay-opacity":"","overlay-gradient":""}},"ast-content-background-meta":{"desktop":{"background-color":"var(--ast-global-color-5)","background-image":"","background-repeat":"repeat","background-position":"center center","background-size":"auto","background-attachment":"scroll","background-type":"","background-media":"","overlay-type":"","overlay-color":"","overlay-opacity":"","overlay-gradient":""},"tablet":{"background-color":"var(--ast-global-color-5)","background-image":"","background-repeat":"repeat","background-position":"center center","background-size":"auto","background-attachment":"scroll","background-type":"","background-media":"","overlay-type":"","overlay-color":"","overlay-opacity":"","overlay-gradient":""},"mobile":{"background-color":"var(--ast-global-color-5)","background-image":"","background-repeat":"repeat","background-position":"center center","background-size":"auto","background-attachment":"scroll","background-type":"","background-media":"","overlay-type":"","overlay-color":"","overlay-opacity":"","overlay-gradient":""}}},"product_brand":[],"product_cat":[67],"product_tag":[],"class_list":{"0":"post-2183","1":"product","2":"type-product","3":"status-publish","4":"has-post-thumbnail","6":"product_cat-international-driving-permits","7":"desktop-align-left","8":"tablet-align-left","9":"mobile-align-left","11":"first","12":"instock","13":"shipping-taxable","14":"purchasable","15":"product-type-simple"},"_links":{"self":[{"href":"https:\/\/globaldocs.store\/es\/wp-json\/wp\/v2\/product\/2183","targetHints":{"allow":["GET"]}}],"collection":[{"href":"https:\/\/globaldocs.store\/es\/wp-json\/wp\/v2\/product"}],"about":[{"href":"https:\/\/globaldocs.store\/es\/wp-json\/wp\/v2\/types\/product"}],"replies":[{"embeddable":true,"href":"https:\/\/globaldocs.store\/es\/wp-json\/wp\/v2\/comments?post=2183"}],"version-history":[{"count":1,"href":"https:\/\/globaldocs.store\/es\/wp-json\/wp\/v2\/product\/2183\/revisions"}],"predecessor-version":[{"id":2185,"href":"https:\/\/globaldocs.store\/es\/wp-json\/wp\/v2\/product\/2183\/revisions\/2185"}],"wp:featuredmedia":[{"embeddable":true,"href":"https:\/\/globaldocs.store\/es\/wp-json\/wp\/v2\/media\/2184"}],"wp:attachment":[{"href":"https:\/\/globaldocs.store\/es\/wp-json\/wp\/v2\/media?parent=2183"}],"wp:term":[{"taxonomy":"product_brand","embeddable":true,"href":"https:\/\/globaldocs.store\/es\/wp-json\/wp\/v2\/product_brand?post=2183"},{"taxonomy":"product_cat","embeddable":true,"href":"https:\/\/globaldocs.store\/es\/wp-json\/wp\/v2\/product_cat?post=2183"},{"taxonomy":"product_tag","embeddable":true,"href":"https:\/\/globaldocs.store\/es\/wp-json\/wp\/v2\/product_tag?post=2183"}],"curies":[{"name":"wp","href":"https:\/\/api.w.org\/{rel}","templated":true}]}}