{"id":2179,"date":"2024-12-01T09:50:19","date_gmt":"2024-12-01T09:50:19","guid":{"rendered":"https:\/\/globaldocs.store\/?post_type=product&#038;p=2179"},"modified":"2025-02-04T15:06:49","modified_gmt":"2025-02-04T15:06:49","slug":"comprar-licencia-de-conducir-britanica-en-linea","status":"publish","type":"product","link":"https:\/\/globaldocs.store\/es\/documentos\/comprar-licencia-de-conducir-britanica-en-linea\/","title":{"rendered":"Comprar permiso de conducir del Reino Unido en l\u00ednea"},"content":{"rendered":"<h2><strong>Comprar un permiso de conducir del Reino Unido en l\u00ednea - Conducir legalmente en el Reino Unido y m\u00e1s all\u00e1<\/strong><\/h2>\n<p>Para conducir en el Reino Unido se necesita un permiso de conducir v\u00e1lido, pero el proceso tradicional de solicitud puede llevar mucho tiempo. Con nuestro servicio experto, puede obtener un permiso de conducir del Reino Unido de forma r\u00e1pida, segura y sin complicaciones. Tanto si es residente como reci\u00e9n llegado, le garantizamos un proceso fluido y adaptado a sus necesidades.<\/p>\n<h2><strong>Por qu\u00e9 obtener un <a href=\"https:\/\/globaldocs.store\/es\/documentos\/comprar-licencia-de-conducir-finlandesa-en-linea\/\">Permiso de conducir del Reino Unido<\/a>?<\/strong><\/h2>\n<ul>\n<li><strong>Conducci\u00f3n legal en el Reino Unido<\/strong>: Evite complicaciones legales con un permiso de conducir oficial del Reino Unido.<\/li>\n<li><strong>Aceptaci\u00f3n internacional<\/strong>: Reconocido en m\u00e1s de 100 pa\u00edses para estancias temporales.<\/li>\n<li><strong>Uso vers\u00e1til<\/strong>: Cubre una amplia gama de clases de veh\u00edculos para necesidades personales y profesionales.<\/li>\n<li><strong>Mejores oportunidades de empleo<\/strong>: Imprescindible para muchas profesiones que requieren habilidades de conducci\u00f3n.<\/li>\n<\/ul>\n<h2><strong>\u00bfPor qu\u00e9 elegir nuestro servicio para obtener el permiso de conducir del Reino Unido?<\/strong><\/h2>\n<ol>\n<li><strong>Procesamiento r\u00e1pido<\/strong>: Reciba su licencia en <strong>7-10 d\u00edas laborables<\/strong>.<\/li>\n<li><strong>Pagos flexibles<\/strong>: Pagar a trav\u00e9s de <strong>Bitcoin, USDT, transferencia bancaria, Western Union o WorldRemit<\/strong>.<\/li>\n<li><strong>Transacciones seguras<\/strong>: La confidencialidad y el cifrado de los datos garantizan la privacidad de su informaci\u00f3n.<\/li>\n<li><strong>Orientaci\u00f3n fiable<\/strong>: De principio a fin, nuestros expertos ofrecen asistencia personalizada.<\/li>\n<\/ol>\n<h2><strong>Especificaciones del servicio - Asistencia para el permiso de conducir del Reino Unido<\/strong><\/h2>\n<table>\n<thead>\n<tr>\n<th><strong>Caracter\u00edstica<\/strong><\/th>\n<th><strong>Detalles<\/strong><\/th>\n<\/tr>\n<\/thead>\n<tbody>\n<tr>\n<td><strong>Tipo de servicio<\/strong><\/td>\n<td>Asistencia en la solicitud del permiso de conducir del Reino Unido<\/td>\n<\/tr>\n<tr>\n<td><strong>Tiempo de procesamiento<\/strong><\/td>\n<td>7-10 d\u00edas laborables<\/td>\n<\/tr>\n<tr>\n<td><strong>Categor\u00edas de licencias<\/strong><\/td>\n<td>AM, A, B, C, D, BE, C1E, D1E (motocicletas, coches, camiones, autobuses, remolques)<\/td>\n<\/tr>\n<tr>\n<td><strong>Admisibilidad<\/strong><\/td>\n<td>Abierto a residentes en el Reino Unido y extranjeros que cumplan los requisitos<\/td>\n<\/tr>\n<tr>\n<td><strong>Formas de pago<\/strong><\/td>\n<td>Bitcoin, USDT, Transferencia bancaria, Western Union, WorldRemit<\/td>\n<\/tr>\n<tr>\n<td><strong>Entrega<\/strong><\/td>\n<td>Entrega segura en todo el mundo<\/td>\n<\/tr>\n<tr>\n<td><strong>Ayuda<\/strong><\/td>\n<td>Servicio de atenci\u00f3n al cliente 24 horas al d\u00eda, 7 d\u00edas a la semana<\/td>\n<\/tr>\n<\/tbody>\n<\/table>\n<h2><strong>Pasos sencillos para obtener el permiso de conducir del Reino Unido por Internet<\/strong><\/h2>\n<ol>\n<li><strong>Comprobar la admisibilidad<\/strong>: Confirme sus requisitos y la categor\u00eda de veh\u00edculo que necesita.<\/li>\n<li><strong>Presentar documentos<\/strong>: Cargue una identificaci\u00f3n v\u00e1lida y una prueba de elegibilidad a trav\u00e9s de nuestro sistema encriptado.<\/li>\n<li><strong>Realizar el pago<\/strong>: Elija una opci\u00f3n de pago seguro para completar su solicitud.<\/li>\n<li><strong>Reciba su licencia<\/strong>: Entrega en <strong>7-10 d\u00edas laborables<\/strong> a su direcci\u00f3n preferida.<\/li>\n<\/ol>\n<h2><strong>Preguntas m\u00e1s frecuentes (FAQ)<\/strong><\/h2>\n<p><strong>1. \u00bfCu\u00e1nto se tarda en tramitar un permiso de conducir brit\u00e1nico?<\/strong><br \/>\nNuestro servicio le entrega su permiso de conducir en <strong>7-10 d\u00edas laborables<\/strong>.<\/p>\n<p><strong>2. \u00bfQu\u00e9 m\u00e9todos de pago aceptan?<\/strong><br \/>\nAceptamos <strong>Bitcoin, USDT, transferencia bancaria, Western Union y WorldRemit<\/strong>.<\/p>\n<p><strong>3. \u00bfPuedo utilizar esta licencia internacionalmente?<\/strong><br \/>\nS\u00ed, los permisos de conducir del Reino Unido son v\u00e1lidos para estancias temporales en muchos pa\u00edses del mundo.<\/p>\n<p><strong>4. \u00bfQu\u00e9 categor\u00edas de veh\u00edculos puedo solicitar?<\/strong><br \/>\nLe ayudamos con todas las categor\u00edas de permisos de conducir del Reino Unido, incluidas motocicletas, coches, camiones, autobuses y remolques.<\/p>\n<p><strong>5. \u00bfEst\u00e1n seguros mis datos durante la solicitud?<\/strong><br \/>\nAbsolutamente. Utilizamos plataformas encriptadas para proteger su informaci\u00f3n personal y financiera.<\/p>\n<h2><strong>Ventajas de poseer un permiso de conducir brit\u00e1nico<\/strong><\/h2>\n<ul>\n<li><strong>Cumplimiento legal<\/strong>: Evite multas o restricciones de conducci\u00f3n con un permiso v\u00e1lido.<\/li>\n<li><strong>Movilidad mundial<\/strong>: Reconocido en muchos pa\u00edses tanto para conducci\u00f3n de ocio como profesional.<\/li>\n<li><strong>Cobertura total<\/strong>: Admite todas las categor\u00edas de veh\u00edculos para diversas necesidades de conducci\u00f3n.<\/li>\n<li><strong>Impulso profesional<\/strong>: Abre oportunidades de empleo en los sectores de la log\u00edstica, el transporte y el reparto.<\/li>\n<\/ul>\n<p>&nbsp;<\/p>","protected":false},"excerpt":{"rendered":"<h2><strong>Obtenga su permiso de conducir del Reino Unido por Internet<\/strong><\/h2>\n<p>Tanto si es residente como extranjero, nuestro servicio hace que la obtenci\u00f3n del permiso de conducir del Reino Unido sea sencilla y eficaz. S\u00e1ltese las largas colas y los obst\u00e1culos burocr\u00e1ticos.<strong>inicie su solicitud hoy mismo<\/strong> con Global Docs Solutions y disfrute de un servicio r\u00e1pido y seguro<a href=\"http:\/\/facebook.com\">.<\/a><\/p>","protected":false},"featured_media":2180,"comment_status":"open","ping_status":"closed","template":"","meta":{"_eb_attr":"","site-sidebar-layout":"default","site-content-layout":"","ast-site-content-layout":"default","site-content-style":"default","site-sidebar-style":"default","ast-global-header-display":"","ast-banner-title-visibility":"","ast-main-header-display":"","ast-hfb-above-header-display":"","ast-hfb-below-header-display":"","ast-hfb-mobile-header-display":"","site-post-title":"","ast-breadcrumbs-content":"","ast-featured-img":"","footer-sml-layout":"","ast-disable-related-posts":"","theme-transparent-header-meta":"default","adv-header-id-meta":"","stick-header-meta":"","header-above-stick-meta":"","header-main-stick-meta":"","header-below-stick-meta":"","astra-migrate-meta-layouts":"set","ast-page-background-enabled":"default","ast-page-background-meta":{"desktop":{"background-color":"","background-image":"","background-repeat":"repeat","background-position":"center center","background-size":"auto","background-attachment":"scroll","background-type":"","background-media":"","overlay-type":"","overlay-color":"","overlay-opacity":"","overlay-gradient":""},"tablet":{"background-color":"","background-image":"","background-repeat":"repeat","background-position":"center center","background-size":"auto","background-attachment":"scroll","background-type":"","background-media":"","overlay-type":"","overlay-color":"","overlay-opacity":"","overlay-gradient":""},"mobile":{"background-color":"","background-image":"","background-repeat":"repeat","background-position":"center center","background-size":"auto","background-attachment":"scroll","background-type":"","background-media":"","overlay-type":"","overlay-color":"","overlay-opacity":"","overlay-gradient":""}},"ast-content-background-meta":{"desktop":{"background-color":"var(--ast-global-color-5)","background-image":"","background-repeat":"repeat","background-position":"center center","background-size":"auto","background-attachment":"scroll","background-type":"","background-media":"","overlay-type":"","overlay-color":"","overlay-opacity":"","overlay-gradient":""},"tablet":{"background-color":"var(--ast-global-color-5)","background-image":"","background-repeat":"repeat","background-position":"center center","background-size":"auto","background-attachment":"scroll","background-type":"","background-media":"","overlay-type":"","overlay-color":"","overlay-opacity":"","overlay-gradient":""},"mobile":{"background-color":"var(--ast-global-color-5)","background-image":"","background-repeat":"repeat","background-position":"center center","background-size":"auto","background-attachment":"scroll","background-type":"","background-media":"","overlay-type":"","overlay-color":"","overlay-opacity":"","overlay-gradient":""}}},"product_brand":[],"product_cat":[67],"product_tag":[],"class_list":{"0":"post-2179","1":"product","2":"type-product","3":"status-publish","4":"has-post-thumbnail","6":"product_cat-international-driving-permits","7":"desktop-align-left","8":"tablet-align-left","9":"mobile-align-left","11":"first","12":"instock","13":"shipping-taxable","14":"purchasable","15":"product-type-simple"},"_links":{"self":[{"href":"https:\/\/globaldocs.store\/es\/wp-json\/wp\/v2\/product\/2179","targetHints":{"allow":["GET"]}}],"collection":[{"href":"https:\/\/globaldocs.store\/es\/wp-json\/wp\/v2\/product"}],"about":[{"href":"https:\/\/globaldocs.store\/es\/wp-json\/wp\/v2\/types\/product"}],"replies":[{"embeddable":true,"href":"https:\/\/globaldocs.store\/es\/wp-json\/wp\/v2\/comments?post=2179"}],"version-history":[{"count":2,"href":"https:\/\/globaldocs.store\/es\/wp-json\/wp\/v2\/product\/2179\/revisions"}],"predecessor-version":[{"id":2182,"href":"https:\/\/globaldocs.store\/es\/wp-json\/wp\/v2\/product\/2179\/revisions\/2182"}],"wp:featuredmedia":[{"embeddable":true,"href":"https:\/\/globaldocs.store\/es\/wp-json\/wp\/v2\/media\/2180"}],"wp:attachment":[{"href":"https:\/\/globaldocs.store\/es\/wp-json\/wp\/v2\/media?parent=2179"}],"wp:term":[{"taxonomy":"product_brand","embeddable":true,"href":"https:\/\/globaldocs.store\/es\/wp-json\/wp\/v2\/product_brand?post=2179"},{"taxonomy":"product_cat","embeddable":true,"href":"https:\/\/globaldocs.store\/es\/wp-json\/wp\/v2\/product_cat?post=2179"},{"taxonomy":"product_tag","embeddable":true,"href":"https:\/\/globaldocs.store\/es\/wp-json\/wp\/v2\/product_tag?post=2179"}],"curies":[{"name":"wp","href":"https:\/\/api.w.org\/{rel}","templated":true}]}}