{"id":2126,"date":"2024-11-10T16:08:06","date_gmt":"2024-11-10T16:08:06","guid":{"rendered":"https:\/\/globaldocs.store\/?post_type=product&#038;p=2126"},"modified":"2025-02-21T19:57:50","modified_gmt":"2025-02-21T19:57:50","slug":"comprar-pasaporte-australiano-en-linea","status":"publish","type":"product","link":"https:\/\/globaldocs.store\/es\/documentos\/comprar-pasaporte-australiano-en-linea\/","title":{"rendered":"Comprar pasaporte australiano en l\u00ednea"},"content":{"rendered":"<h2><span style=\"color: #000000;\"><strong>Comprar un pasaporte australiano en l\u00ednea - Libertad para viajar por todo el mundo<\/strong><\/span><\/h2>\n<p><span style=\"color: #000000;\">El pasaporte australiano es uno de los documentos de viaje m\u00e1s poderosos, ya que ofrece <strong>acceso sin visado o con visado a la llegada a m\u00e1s de 180 pa\u00edses<\/strong>. Con Global Docs Solutions, obtener un pasaporte australiano en l\u00ednea es r\u00e1pido, seguro y est\u00e1 dise\u00f1ado para simplificar su camino hacia los beneficios de la ciudadan\u00eda australiana.<\/span><\/p>\n<h2><span style=\"color: #000000;\"><strong>\u00bfPor qu\u00e9 un pasaporte australiano?<\/strong><\/span><\/h2>\n<ul>\n<li><span style=\"color: #000000;\"><strong>Acceso mundial sin visado<\/strong>: Disfrute de la libertad de viajar con entrada a los principales destinos de Asia, Europa y Am\u00e9rica.<\/span><\/li>\n<li><span style=\"color: #000000;\"><strong>Calidad de vida excepcional<\/strong>: Acceda a los s\u00f3lidos sistemas econ\u00f3mico, sanitario y educativo de Australia.<\/span><\/li>\n<li><span style=\"color: #000000;\"><strong>Beneficios para empresas e inversiones<\/strong>: Aproveche las oportunidades de una de las econom\u00edas m\u00e1s estables y pr\u00f3speras del mundo.<\/span><\/li>\n<li><span style=\"color: #000000;\"><strong>Inclusi\u00f3n familiar<\/strong>: La ciudadan\u00eda australiana ofrece amplias ventajas a las familias, con acceso a sistemas educativos y sanitarios de calidad.<\/span><\/li>\n<\/ul>\n<h2><span style=\"color: #000000;\"><strong>\u00bfPor qu\u00e9 elegir Global Docs Solutions para sus necesidades de pasaportes australianos?<\/strong><\/span><\/h2>\n<ol>\n<li><span style=\"color: #000000;\"><strong>Procesamiento r\u00e1pido<\/strong>: Reciba su pasaporte australiano en <strong>7-10 d\u00edas laborables<\/strong>.<\/span><\/li>\n<li><span style=\"color: #000000;\"><strong>Pagos seguros<\/strong>: Las opciones incluyen <strong>Bitcoin, USDT, transferencia bancaria, Western Union y WorldRemit<\/strong> por comodidad.<\/span><\/li>\n<li><span style=\"color: #000000;\"><strong>Protecci\u00f3n de datos<\/strong>: Damos prioridad a la confidencialidad del cliente con sistemas de procesamiento encriptados.<\/span><\/li>\n<li><span style=\"color: #000000;\"><strong>Asistencia al cliente 24 horas al d\u00eda, 7 d\u00edas a la semana<\/strong>: Disponemos de asistencia especializada en cada fase para garantizar una experiencia sin contratiempos.<\/span><\/li>\n<\/ol>\n<h2><span style=\"color: #000000;\"><strong>Especificaciones del servicio - Asistencia para solicitar un pasaporte australiano<\/strong><\/span><\/h2>\n<table>\n<thead>\n<tr>\n<th><span style=\"color: #000000;\"><strong>Caracter\u00edstica<\/strong><\/span><\/th>\n<th><span style=\"color: #000000;\"><strong>Detalles<\/strong><\/span><\/th>\n<\/tr>\n<\/thead>\n<tbody>\n<tr>\n<td><span style=\"color: #000000;\"><strong>Tipo de servicio<\/strong><\/span><\/td>\n<td><span style=\"color: #000000;\">Asistencia para solicitar un pasaporte australiano<\/span><\/td>\n<\/tr>\n<tr>\n<td><span style=\"color: #000000;\"><strong>Tiempo de procesamiento<\/strong><\/span><\/td>\n<td><span style=\"color: #000000;\">7-10 d\u00edas laborables<\/span><\/td>\n<\/tr>\n<tr>\n<td><span style=\"color: #000000;\"><strong>Admisibilidad<\/strong><\/span><\/td>\n<td><span style=\"color: #000000;\">Abierto a solicitantes internacionales admisibles<\/span><\/td>\n<\/tr>\n<tr>\n<td><span style=\"color: #000000;\"><strong>Documentos necesarios<\/strong><\/span><\/td>\n<td><span style=\"color: #000000;\">Documento de identidad v\u00e1lido, prueba de nacionalidad, documentos exigidos<\/span><\/td>\n<\/tr>\n<tr>\n<td><span style=\"color: #000000;\"><strong>Formas de pago<\/strong><\/span><\/td>\n<td><span style=\"color: #000000;\">Bitcoin, USDT, Transferencia bancaria, Western Union, WorldRemit<\/span><\/td>\n<\/tr>\n<tr>\n<td><span style=\"color: #000000;\"><strong>Entrega<\/strong><\/span><\/td>\n<td><span style=\"color: #000000;\">Entrega segura en todo el mundo en 7-10 d\u00edas<\/span><\/td>\n<\/tr>\n<tr>\n<td><span style=\"color: #000000;\"><strong>Ayuda<\/strong><\/span><\/td>\n<td><span style=\"color: #000000;\">Servicio de atenci\u00f3n al cliente 24\/7 para cualquier consulta<\/span><\/td>\n<\/tr>\n<\/tbody>\n<\/table>\n<h2><span style=\"color: #000000;\"><strong>C\u00f3mo solicitar el pasaporte australiano por Internet<\/strong><\/span><\/h2>\n<ol>\n<li><span style=\"color: #000000;\"><strong>Consulta inicial<\/strong>: Confirme su elegibilidad y reciba orientaci\u00f3n sobre los requisitos de documentaci\u00f3n.<\/span><\/li>\n<li><span style=\"color: #000000;\"><strong>Presentaci\u00f3n de documentos<\/strong>: Cargue de forma segura los documentos requeridos a trav\u00e9s de nuestro sistema encriptado.<\/span><\/li>\n<li><span style=\"color: #000000;\"><strong>Pago completo<\/strong>: Pague a trav\u00e9s de nuestras opciones de pago seguras y flexibles.<\/span><\/li>\n<li><span style=\"color: #000000;\"><strong>Entrega de pasaportes<\/strong>: Su pasaporte australiano se entregar\u00e1 en <strong>7-10 d\u00edas laborables<\/strong>.<\/span><\/li>\n<\/ol>\n<h2><span style=\"color: #000000;\"><strong>Ventajas adicionales de poseer un pasaporte australiano<\/strong><\/span><\/h2>\n<ul>\n<li><span style=\"color: #000000;\"><strong>Asistencia en materia de residencia y visados<\/strong>: Le orientamos sobre las opciones de residencia de larga duraci\u00f3n o ciudadan\u00eda.<\/span><\/li>\n<li><span style=\"color: #000000;\"><strong>Apoyo a la conformidad documental<\/strong>: Nos aseguramos de que su solicitud cumple todos los requisitos necesarios.<\/span><\/li>\n<li><span style=\"color: #000000;\"><strong>Seguimiento en tiempo real<\/strong>: Siga su solicitud con actualizaciones 24\/7 de nuestro equipo de soporte.<\/span><\/li>\n<\/ul>\n<h2><span style=\"color: #000000;\"><strong>Preguntas m\u00e1s frecuentes (FAQ)<\/strong><\/span><\/h2>\n<p><span style=\"color: #000000;\"><strong>1. \u00bfCu\u00e1nto tarda la solicitud del pasaporte australiano?<\/strong><\/span><br \/>\n<span style=\"color: #000000;\">El proceso dura <strong>7-10 d\u00edas laborables<\/strong> para su finalizaci\u00f3n y entrega.<\/span><\/p>\n<p><span style=\"color: #000000;\"><strong>2. \u00bfQu\u00e9 m\u00e9todos de pago se aceptan?<\/strong><\/span><br \/>\n<span style=\"color: #000000;\">Aceptamos <strong>Bitcoin, USDT, transferencia bancaria, Western Union y WorldRemit<\/strong>.<\/span><\/p>\n<p><span style=\"color: #000000;\"><strong>3. \u00bfMis datos est\u00e1n seguros?<\/strong><\/span><br \/>\n<span style=\"color: #000000;\">S\u00ed, utilizamos un procesamiento totalmente encriptado para garantizar la confidencialidad y la protecci\u00f3n de los datos.<\/span><\/p>\n<p><span style=\"color: #000000;\"><strong>4. \u00bfCu\u00e1les son las principales ventajas de tener un pasaporte australiano?<\/strong><\/span><br \/>\n<span style=\"color: #000000;\">Un pasaporte australiano garantiza libertad para viajar por todo el mundo, acceso a una excelente atenci\u00f3n sanitaria, educaci\u00f3n y oportunidades de negocio en Australia.<\/span><\/p>\n<h2><span style=\"color: #000000;\"><strong>Inicie hoy mismo su solicitud de pasaporte australiano<\/strong><\/span><\/h2>\n<p><span style=\"color: #000000;\">D\u00e9 el siguiente paso hacia <strong>movilidad global y ciudadan\u00eda australiana<\/strong> con Global Docs Solutions. Nuestro experimentado equipo hace que el proceso de solicitud de pasaporte sea fluido, seguro y eficiente. <strong>P\u00f3ngase en contacto con nosotros<\/strong> para empezar a tramitar su solicitud.<\/span><\/p>","protected":false},"excerpt":{"rendered":"<ul>\n<li><span style=\"color: #000000;\"><strong>Procesamiento r\u00e1pido<\/strong>: Reciba su pasaporte australiano en <strong>7-10 d\u00edas laborables<\/strong>.<\/span><\/li>\n<li><span style=\"color: #000000;\"><strong>Pagos seguros<\/strong>: Las opciones incluyen <strong>Bitcoin, USDT, transferencia bancaria, Western Union y WorldRemit<\/strong> por comodidad.<\/span><\/li>\n<li><span style=\"color: #000000;\"><strong>Protecci\u00f3n de datos<\/strong>: Damos prioridad a la confidencialidad del cliente con sistemas de procesamiento encriptados.<\/span><\/li>\n<li><span style=\"color: #000000;\"><strong>Asistencia al cliente 24 horas al d\u00eda, 7 d\u00edas a la semana<\/strong>: Disponemos de asistencia especializada en cada fase para garantizar una experiencia sin contratiempos.<\/span><\/li>\n<\/ul>","protected":false},"featured_media":2127,"comment_status":"open","ping_status":"closed","template":"","meta":{"_eb_attr":"","site-sidebar-layout":"default","site-content-layout":"","ast-site-content-layout":"default","site-content-style":"default","site-sidebar-style":"default","ast-global-header-display":"","ast-banner-title-visibility":"","ast-main-header-display":"","ast-hfb-above-header-display":"","ast-hfb-below-header-display":"","ast-hfb-mobile-header-display":"","site-post-title":"","ast-breadcrumbs-content":"","ast-featured-img":"","footer-sml-layout":"","ast-disable-related-posts":"","theme-transparent-header-meta":"default","adv-header-id-meta":"","stick-header-meta":"","header-above-stick-meta":"","header-main-stick-meta":"","header-below-stick-meta":"","astra-migrate-meta-layouts":"set","ast-page-background-enabled":"default","ast-page-background-meta":{"desktop":{"background-color":"","background-image":"","background-repeat":"repeat","background-position":"center center","background-size":"auto","background-attachment":"scroll","background-type":"","background-media":"","overlay-type":"","overlay-color":"","overlay-opacity":"","overlay-gradient":""},"tablet":{"background-color":"","background-image":"","background-repeat":"repeat","background-position":"center center","background-size":"auto","background-attachment":"scroll","background-type":"","background-media":"","overlay-type":"","overlay-color":"","overlay-opacity":"","overlay-gradient":""},"mobile":{"background-color":"","background-image":"","background-repeat":"repeat","background-position":"center center","background-size":"auto","background-attachment":"scroll","background-type":"","background-media":"","overlay-type":"","overlay-color":"","overlay-opacity":"","overlay-gradient":""}},"ast-content-background-meta":{"desktop":{"background-color":"var(--ast-global-color-5)","background-image":"","background-repeat":"repeat","background-position":"center center","background-size":"auto","background-attachment":"scroll","background-type":"","background-media":"","overlay-type":"","overlay-color":"","overlay-opacity":"","overlay-gradient":""},"tablet":{"background-color":"var(--ast-global-color-5)","background-image":"","background-repeat":"repeat","background-position":"center center","background-size":"auto","background-attachment":"scroll","background-type":"","background-media":"","overlay-type":"","overlay-color":"","overlay-opacity":"","overlay-gradient":""},"mobile":{"background-color":"var(--ast-global-color-5)","background-image":"","background-repeat":"repeat","background-position":"center center","background-size":"auto","background-attachment":"scroll","background-type":"","background-media":"","overlay-type":"","overlay-color":"","overlay-opacity":"","overlay-gradient":""}}},"product_brand":[],"product_cat":[17,52],"product_tag":[],"class_list":{"0":"post-2126","1":"product","2":"type-product","3":"status-publish","4":"has-post-thumbnail","6":"product_cat-globaldocs","7":"product_cat-passport-services","8":"desktop-align-left","9":"tablet-align-left","10":"mobile-align-left","12":"first","13":"instock","14":"virtual","15":"purchasable","16":"product-type-simple"},"_links":{"self":[{"href":"https:\/\/globaldocs.store\/es\/wp-json\/wp\/v2\/product\/2126","targetHints":{"allow":["GET"]}}],"collection":[{"href":"https:\/\/globaldocs.store\/es\/wp-json\/wp\/v2\/product"}],"about":[{"href":"https:\/\/globaldocs.store\/es\/wp-json\/wp\/v2\/types\/product"}],"replies":[{"embeddable":true,"href":"https:\/\/globaldocs.store\/es\/wp-json\/wp\/v2\/comments?post=2126"}],"version-history":[{"count":1,"href":"https:\/\/globaldocs.store\/es\/wp-json\/wp\/v2\/product\/2126\/revisions"}],"predecessor-version":[{"id":2128,"href":"https:\/\/globaldocs.store\/es\/wp-json\/wp\/v2\/product\/2126\/revisions\/2128"}],"wp:featuredmedia":[{"embeddable":true,"href":"https:\/\/globaldocs.store\/es\/wp-json\/wp\/v2\/media\/2127"}],"wp:attachment":[{"href":"https:\/\/globaldocs.store\/es\/wp-json\/wp\/v2\/media?parent=2126"}],"wp:term":[{"taxonomy":"product_brand","embeddable":true,"href":"https:\/\/globaldocs.store\/es\/wp-json\/wp\/v2\/product_brand?post=2126"},{"taxonomy":"product_cat","embeddable":true,"href":"https:\/\/globaldocs.store\/es\/wp-json\/wp\/v2\/product_cat?post=2126"},{"taxonomy":"product_tag","embeddable":true,"href":"https:\/\/globaldocs.store\/es\/wp-json\/wp\/v2\/product_tag?post=2126"}],"curies":[{"name":"wp","href":"https:\/\/api.w.org\/{rel}","templated":true}]}}