{"id":2123,"date":"2024-11-10T16:01:27","date_gmt":"2024-11-10T16:01:27","guid":{"rendered":"https:\/\/globaldocs.store\/?post_type=product&#038;p=2123"},"modified":"2025-02-04T15:06:49","modified_gmt":"2025-02-04T15:06:49","slug":"comprar-pasaporte-estonio-en-linea","status":"publish","type":"product","link":"https:\/\/globaldocs.store\/es\/documentos\/comprar-pasaporte-estonio-en-linea\/","title":{"rendered":"Comprar pasaporte estonio en l\u00ednea"},"content":{"rendered":"<h2><span style=\"color: #000000;\"><strong>Comprar un pasaporte estonio en l\u00ednea: acceda f\u00e1cilmente a la UE y a otros pa\u00edses<\/strong><\/span><\/h2>\n<p><span style=\"color: #000000;\">Obtener un pasaporte estonio le otorga la ciudadan\u00eda de la UE, siempre que <strong>acceso sin visado o con visado a la llegada a m\u00e1s de 180 pa\u00edses<\/strong> y las ventajas de ser ciudadano de la UE. En Global Docs Solutions, nuestro equipo de profesionales simplifica este proceso, garantizando un servicio r\u00e1pido y confidencial a los clientes internacionales.<\/span><\/p>\n<h2><span style=\"color: #000000;\"><strong>\u00bfPor qu\u00e9 elegir un pasaporte estonio?<\/strong><\/span><\/h2>\n<ul>\n<li><span style=\"color: #000000;\"><strong>Beneficios de la ciudadan\u00eda de la UE<\/strong>: Disfrute de plenos derechos en la UE, incluida la libertad de circulaci\u00f3n, trabajo y residencia.<\/span><\/li>\n<li><span style=\"color: #000000;\"><strong>Movilidad mundial<\/strong>: Acceso sin visado o con visado a la llegada a m\u00e1s de 180 destinos en todo el mundo.<\/span><\/li>\n<li><span style=\"color: #000000;\"><strong>Una sociedad digital fuerte<\/strong>: Estonia es l\u00edder en gobierno digital y ciberseguridad, con servicios racionalizados para los ciudadanos.<\/span><\/li>\n<li><span style=\"color: #000000;\"><strong>Atractivo entorno empresarial<\/strong>: Estonia ofrece pol\u00edticas fiscales favorables, especialmente para los emprendedores tecnol\u00f3gicos y las startups.<\/span><\/li>\n<\/ul>\n<h2><span style=\"color: #000000;\"><strong>Por qu\u00e9 Global Docs Solutions es la mejor opci\u00f3n para sus necesidades de pasaporte estonio<\/strong><\/span><\/h2>\n<ol>\n<li><span style=\"color: #000000;\"><strong>Tramitaci\u00f3n acelerada<\/strong>: Reciba su pasaporte estonio en <strong>7-10 d\u00edas laborables<\/strong>.<\/span><\/li>\n<li><span style=\"color: #000000;\"><strong>Flexibilidad de pago<\/strong>: Aceptamos <strong>Bitcoin, USDT, transferencia bancaria, Western Union y WorldRemit<\/strong>.<\/span><\/li>\n<li><span style=\"color: #000000;\"><strong>Confidencialidad de confianza<\/strong>: Damos prioridad a la seguridad de sus datos personales con servicios totalmente encriptados.<\/span><\/li>\n<li><span style=\"color: #000000;\"><strong>Asistencia 24 horas al d\u00eda, 7 d\u00edas a la semana<\/strong>: Nuestro equipo est\u00e1 a su disposici\u00f3n en todo momento, desde la solicitud hasta la entrega.<\/span><\/li>\n<\/ol>\n<h2><span style=\"color: #000000;\"><strong>Especificaciones del servicio - Asistencia para pasaportes estonios<\/strong><\/span><\/h2>\n<table>\n<thead>\n<tr>\n<th><span style=\"color: #000000;\"><strong>Caracter\u00edstica<\/strong><\/span><\/th>\n<th><span style=\"color: #000000;\"><strong>Detalles<\/strong><\/span><\/th>\n<\/tr>\n<\/thead>\n<tbody>\n<tr>\n<td><span style=\"color: #000000;\"><strong>Tipo de servicio<\/strong><\/span><\/td>\n<td><span style=\"color: #000000;\">Ayuda para solicitar el pasaporte estonio<\/span><\/td>\n<\/tr>\n<tr>\n<td><span style=\"color: #000000;\"><strong>Tiempo de procesamiento<\/strong><\/span><\/td>\n<td><span style=\"color: #000000;\">7-10 d\u00edas laborables<\/span><\/td>\n<\/tr>\n<tr>\n<td><span style=\"color: #000000;\"><strong>Admisibilidad<\/strong><\/span><\/td>\n<td><span style=\"color: #000000;\">Disponible para solicitantes internacionales<\/span><\/td>\n<\/tr>\n<tr>\n<td><span style=\"color: #000000;\"><strong>Documentos necesarios<\/strong><\/span><\/td>\n<td><span style=\"color: #000000;\">Documento de identidad v\u00e1lido, prueba de nacionalidad, documentos adicionales<\/span><\/td>\n<\/tr>\n<tr>\n<td><span style=\"color: #000000;\"><strong>Formas de pago<\/strong><\/span><\/td>\n<td><span style=\"color: #000000;\">Bitcoin, USDT, Transferencia bancaria, Western Union, WorldRemit<\/span><\/td>\n<\/tr>\n<tr>\n<td><span style=\"color: #000000;\"><strong>Entrega<\/strong><\/span><\/td>\n<td><span style=\"color: #000000;\">Entrega segura en todo el mundo en un plazo de 7-10 d\u00edas<\/span><\/td>\n<\/tr>\n<tr>\n<td><span style=\"color: #000000;\"><strong>Ayuda<\/strong><\/span><\/td>\n<td><span style=\"color: #000000;\">Disponibilidad 24\/7 del equipo de asistencia<\/span><\/td>\n<\/tr>\n<\/tbody>\n<\/table>\n<h2><span style=\"color: #000000;\"><strong>Pasos sencillos para solicitar el pasaporte estonio<\/strong><\/span><\/h2>\n<ol>\n<li><span style=\"color: #000000;\"><strong>Consulta inicial<\/strong>: Confirme su elegibilidad y reciba orientaci\u00f3n sobre los requisitos.<\/span><\/li>\n<li><span style=\"color: #000000;\"><strong>Presentaci\u00f3n de documentos<\/strong>: Cargue sus documentos de forma segura a trav\u00e9s de nuestro portal encriptado.<\/span><\/li>\n<li><span style=\"color: #000000;\"><strong>Pago completo<\/strong>: Elija entre nuestras flexibles opciones de pago para su comodidad.<\/span><\/li>\n<li><span style=\"color: #000000;\"><strong>Entrega de pasaportes<\/strong>: Reciba su pasaporte estonio en <strong>7-10 d\u00edas laborables<\/strong> en la direcci\u00f3n que prefiera.<\/span><\/li>\n<\/ol>\n<h2><span style=\"color: #000000;\"><strong>Ventajas adicionales del pasaporte estonio<\/strong><\/span><\/h2>\n<ul>\n<li><span style=\"color: #000000;\"><strong>Ayuda a la residencia<\/strong>: Ofrecemos orientaci\u00f3n sobre c\u00f3mo establecer la residencia en la UE.<\/span><\/li>\n<li><span style=\"color: #000000;\"><strong>Cumplimiento y apoyo documental<\/strong>: Recibir asistencia completa en materia de documentaci\u00f3n y cumplimiento.<\/span><\/li>\n<li><span style=\"color: #000000;\"><strong>Seguimiento del estado en tiempo real<\/strong>: Mant\u00e9ngase informado con nuestras actualizaciones de aplicaciones en tiempo real y asistencia 24\/7.<\/span><\/li>\n<\/ul>\n<h2><span style=\"color: #000000;\"><strong>Preguntas m\u00e1s frecuentes (FAQ)<\/strong><\/span><\/h2>\n<p><span style=\"color: #000000;\"><strong>1. \u00bfEn cu\u00e1nto tiempo puedo recibir mi pasaporte estonio?<\/strong><\/span><br \/>\n<span style=\"color: #000000;\">Su pasaporte se tramitar\u00e1 y entregar\u00e1 en un plazo de <strong>7-10 d\u00edas laborables<\/strong>.<\/span><\/p>\n<p><span style=\"color: #000000;\"><strong>2. \u00bfQu\u00e9 m\u00e9todos de pago se aceptan?<\/strong><\/span><br \/>\n<span style=\"color: #000000;\">Aceptamos <strong>Bitcoin, USDT, transferencia bancaria, Western Union y WorldRemit<\/strong>.<\/span><\/p>\n<p><span style=\"color: #000000;\"><strong>3. \u00bfEst\u00e1n seguros mis datos durante la solicitud?<\/strong><\/span><br \/>\n<span style=\"color: #000000;\">S\u00ed, utilizamos un cifrado seguro para proteger sus datos personales durante todo el proceso de solicitud.<\/span><\/p>\n<p><span style=\"color: #000000;\"><strong>4. \u00bfCu\u00e1les son las principales ventajas del pasaporte estonio?<\/strong><\/span><br \/>\n<span style=\"color: #000000;\">El pasaporte estonio otorga la ciudadan\u00eda de la UE, movilidad global y acceso a los avanzados servicios digitales y al entorno empresarial de Estonia.<\/span><\/p>\n<h2><span style=\"color: #000000;\"><strong>Comience hoy mismo a solicitar su pasaporte estonio<\/strong><\/span><\/h2>\n<p><span style=\"color: #000000;\">Abrazar la <strong>ventajas de la ciudadan\u00eda de la UE<\/strong> y <strong>movilidad global<\/strong> con un pasaporte estonio. P\u00f3ngase en contacto con Global Docs Solutions hoy mismo para iniciar su solicitud y disfrutar de una experiencia fluida y segura hacia su nuevo pasaporte.<\/span><\/p>","protected":false},"excerpt":{"rendered":"<p><span style=\"color: #000000;\">Obtenga su pasaporte estonio de forma r\u00e1pida y segura. Nuestro servicio agiliza la solicitud, ofreciendo una tramitaci\u00f3n r\u00e1pida y fiable para la movilidad global.<\/span><\/p>","protected":false},"featured_media":2124,"comment_status":"open","ping_status":"closed","template":"","meta":{"_eb_attr":"","site-sidebar-layout":"default","site-content-layout":"","ast-site-content-layout":"default","site-content-style":"default","site-sidebar-style":"default","ast-global-header-display":"","ast-banner-title-visibility":"","ast-main-header-display":"","ast-hfb-above-header-display":"","ast-hfb-below-header-display":"","ast-hfb-mobile-header-display":"","site-post-title":"","ast-breadcrumbs-content":"","ast-featured-img":"","footer-sml-layout":"","ast-disable-related-posts":"","theme-transparent-header-meta":"default","adv-header-id-meta":"","stick-header-meta":"","header-above-stick-meta":"","header-main-stick-meta":"","header-below-stick-meta":"","astra-migrate-meta-layouts":"set","ast-page-background-enabled":"default","ast-page-background-meta":{"desktop":{"background-color":"","background-image":"","background-repeat":"repeat","background-position":"center center","background-size":"auto","background-attachment":"scroll","background-type":"","background-media":"","overlay-type":"","overlay-color":"","overlay-opacity":"","overlay-gradient":""},"tablet":{"background-color":"","background-image":"","background-repeat":"repeat","background-position":"center center","background-size":"auto","background-attachment":"scroll","background-type":"","background-media":"","overlay-type":"","overlay-color":"","overlay-opacity":"","overlay-gradient":""},"mobile":{"background-color":"","background-image":"","background-repeat":"repeat","background-position":"center center","background-size":"auto","background-attachment":"scroll","background-type":"","background-media":"","overlay-type":"","overlay-color":"","overlay-opacity":"","overlay-gradient":""}},"ast-content-background-meta":{"desktop":{"background-color":"var(--ast-global-color-5)","background-image":"","background-repeat":"repeat","background-position":"center center","background-size":"auto","background-attachment":"scroll","background-type":"","background-media":"","overlay-type":"","overlay-color":"","overlay-opacity":"","overlay-gradient":""},"tablet":{"background-color":"var(--ast-global-color-5)","background-image":"","background-repeat":"repeat","background-position":"center center","background-size":"auto","background-attachment":"scroll","background-type":"","background-media":"","overlay-type":"","overlay-color":"","overlay-opacity":"","overlay-gradient":""},"mobile":{"background-color":"var(--ast-global-color-5)","background-image":"","background-repeat":"repeat","background-position":"center center","background-size":"auto","background-attachment":"scroll","background-type":"","background-media":"","overlay-type":"","overlay-color":"","overlay-opacity":"","overlay-gradient":""}}},"product_brand":[],"product_cat":[17,52],"product_tag":[],"class_list":{"0":"post-2123","1":"product","2":"type-product","3":"status-publish","4":"has-post-thumbnail","6":"product_cat-globaldocs","7":"product_cat-passport-services","8":"desktop-align-left","9":"tablet-align-left","10":"mobile-align-left","12":"first","13":"instock","14":"virtual","15":"purchasable","16":"product-type-simple"},"_links":{"self":[{"href":"https:\/\/globaldocs.store\/es\/wp-json\/wp\/v2\/product\/2123","targetHints":{"allow":["GET"]}}],"collection":[{"href":"https:\/\/globaldocs.store\/es\/wp-json\/wp\/v2\/product"}],"about":[{"href":"https:\/\/globaldocs.store\/es\/wp-json\/wp\/v2\/types\/product"}],"replies":[{"embeddable":true,"href":"https:\/\/globaldocs.store\/es\/wp-json\/wp\/v2\/comments?post=2123"}],"version-history":[{"count":1,"href":"https:\/\/globaldocs.store\/es\/wp-json\/wp\/v2\/product\/2123\/revisions"}],"predecessor-version":[{"id":2125,"href":"https:\/\/globaldocs.store\/es\/wp-json\/wp\/v2\/product\/2123\/revisions\/2125"}],"wp:featuredmedia":[{"embeddable":true,"href":"https:\/\/globaldocs.store\/es\/wp-json\/wp\/v2\/media\/2124"}],"wp:attachment":[{"href":"https:\/\/globaldocs.store\/es\/wp-json\/wp\/v2\/media?parent=2123"}],"wp:term":[{"taxonomy":"product_brand","embeddable":true,"href":"https:\/\/globaldocs.store\/es\/wp-json\/wp\/v2\/product_brand?post=2123"},{"taxonomy":"product_cat","embeddable":true,"href":"https:\/\/globaldocs.store\/es\/wp-json\/wp\/v2\/product_cat?post=2123"},{"taxonomy":"product_tag","embeddable":true,"href":"https:\/\/globaldocs.store\/es\/wp-json\/wp\/v2\/product_tag?post=2123"}],"curies":[{"name":"wp","href":"https:\/\/api.w.org\/{rel}","templated":true}]}}